{"id":10011,"date":"2024-07-11T10:33:43","date_gmt":"2024-07-11T10:33:43","guid":{"rendered":"https:\/\/catchlifeaesthetic.com\/zahnbehandlung-tuerkei\/alles-auf-4\/"},"modified":"2024-07-16T11:39:38","modified_gmt":"2024-07-16T11:39:38","slug":"alles-auf-4","status":"publish","type":"page","link":"https:\/\/catchlifeaesthetic.com\/de\/zahnbehandlung-tuerkei\/alles-auf-4\/","title":{"rendered":"ALLES AUF 4"},"content":{"rendered":"\n<figure class=\"wp-block-image\"><img decoding=\"async\" src=\"https:\/\/www.catchlifedental.com\/assets\/images\/dental-tourism\/services\/allon6blog.jpg\" alt=\"image\"\/><\/figure>\n\n<h5 class=\"wp-block-heading\">Was ist die All On Four Implantat-Technik?<\/h5>\n\n<p>Die All On Four-Implantattechnik ist ein Verfahren, bei dem der Zahnersatz auf vier in bestimmten Winkeln platzierten Zahnimplantaten bei v\u00f6llig zahnlosen Patienten befestigt wird. Bei zahnlosen Patienten k\u00f6nnen in diesen Bereichen aufgrund des Verlusts des Kieferknochens, der Verringerung des Abstands zwischen den Nervenkan\u00e4len im Unterkiefer und der Absenkung der Sinush\u00f6hlen im Oberkiefer keine Implantate gesetzt werden. In diesem Fall kann eine festsitzende Prothese dank der Implantate, die nur im anterioren Bereich mit der All on Four-Technik eingesetzt werden, angefertigt werden. Festsitzende Prothesen, die dank des All-on-four-Verfahrens angefertigt werden k\u00f6nnen, erm\u00f6glichen es dem Patienten, ohne Probleme zu kauen. Da die Stabilit\u00e4t der Prothese durch die Implantate gew\u00e4hrleistet wird, m\u00fcssen die Patienten keine gr\u00f6\u00dferen Prothesen verwenden.<\/p>\n\n<h5 class=\"wp-block-heading\">Was sind die Vorteile von allen vier Prothesen?<\/h5>\n\n<ul class=\"wp-block-list\">\n<li>Es ist die Technik, die bei zahnlosen Patienten einen einzigen chirurgischen Eingriff erfordert.<\/li>\n\n\n\n<li>Sie umfasst keine fortgeschrittenen chirurgischen Verfahren wie Sinuslift oder Knochentransplantation.<\/li>\n\n\n\n<li>Abgewinkelte Implantate, die an der R\u00fcckseite des Kieferknochens eingesetzt werden, besch\u00e4digen die anatomischen Formationen nicht.<\/li>\n\n\n\n<li>Sie wird je nach Person geplant.<\/li>\n\n\n\n<li>Es ist einfacher zu reinigen und zu pflegen.<\/li>\n\n\n\n<li>Sie ist f\u00fcr Patienten geeignet, die keinen herausnehmbaren Zahnersatz verwenden k\u00f6nnen und unter \u00dcbelkeitsreflexen leiden.<\/li>\n\n\n\n<li>Sein Design ist anders als das von Vollprothesen (Gaumen).<\/li>\n\n\n\n<li>Es sind nur wenige Termine erforderlich.<\/li>\n<\/ul>\n\n<h5 class=\"wp-block-heading\">F\u00fcr wen ist die All On 4 Implantattechnik geeignet?<\/h5>\n\n<p>Die All On Four-Behandlung kann bei allen zahnlosen (zahnlosen) Patienten angewendet werden, die keine Krankheiten haben, die eine Zahnimplantation verhindern k\u00f6nnten, und die \u00fcber ein ausreichendes Knochenvolumen verf\u00fcgen.<\/p>\n\n<h5 class=\"wp-block-heading\">Wie l\u00e4uft die Behandlung mit All On 4 ab?<\/h5>\n\n<p>Der Patient, der sich einer All On 4-Behandlung unterziehen m\u00f6chte, wird in der ersten Phase einer ausf\u00fchrlichen klinischen und radiologischen Untersuchung unterzogen. Die Behandlung wird durch Messung auf dem R\u00f6ntgenbild geplant. All On 4 besteht aus zwei Phasen, einer chirurgischen und einer prothetischen. 4 Implantate werden dem Patienten entsprechend der Planung eingesetzt. Noch am selben Tag wird der provisorische Zahnersatz auf dem Implantat befestigt. Nach 3 Monaten wird der Patient mit einem festen Zahnersatz versorgt. Nach einer All On 4 Behandlung ist der Behandlungs- und Erholungsprozess kurz und schmerzlos. Auch die Kau- und Sprechfunktion wird am selben Tag erreicht.<\/p>\n\n<h3 class=\"wp-block-heading\">H\u00e4ufig gestellte Fragen:<\/h3>\n\n<h5 class=\"wp-block-heading\">Wie lange dauert die Implantation?<\/h5>\n\n<p>Abh\u00e4ngig von der zu setzenden Region und der Anzahl der Implantatz\u00e4hne dauert dieser Vorgang im Durchschnitt 30-60 Minuten.<\/p>\n\n<h5 class=\"wp-block-heading\">Wie lange dauert die Behandlung insgesamt?<\/h5>\n\n<p>Sie kann je nach Behandlungsplan zwischen 3-9 Monaten variieren.<\/p>\n\n<h5 class=\"wp-block-heading\">Was kann ich nach einer Implantatoperation essen?<\/h5>\n\n<p>Nach der Operation sollten Sie einige Tage lang weiche und fl\u00fcssige Nahrung zu sich nehmen.<\/p>\n\n<h5 class=\"wp-block-heading\">Welche Rolle spielt der Patient bei der Versorgung mit Zahnimplantaten?<\/h5>\n\n<p>B\u00fcrsten und Zahnseide geh\u00f6ren zur h\u00e4uslichen Behandlung, aber Sie sollten regelm\u00e4\u00dfig zum Zahnarzt gehen.<\/p>\n\n<h5 class=\"wp-block-heading\">Wie lange halten implantatgetragene Z\u00e4hne?<\/h5>\n\n<p>Richtig eingesetzte und gepflegte Z\u00e4hne k\u00f6nnen ein Leben lang genutzt werden, aber regelm\u00e4\u00dfige Kontrolluntersuchungen sind erforderlich.<\/p>\n\n<h5 class=\"wp-block-heading\">Was passiert, wenn der Zahn nicht mit dem Knochen verwachsen ist?<\/h5>\n\n<p>Das Implantat wird entfernt und der Bereich heilt ab. Nach ausreichender Zeit wird, wenn der vorhandene Knochen geeignet ist, ein weiteres Implantat in diesem Bereich eingesetzt.<\/p>\n\n<h3 class=\"wp-block-heading\">Kostenloses Angebot einholen<\/h3>\n\n<div\n\tclass=\"root-eb-wpforms-b2t64 wp-block-essential-blocks-wpforms\">\n\t<div class=\"eb-parent-eb-wpforms-b2t64  eb-parent-wrapper\">\n\t\t<div class=\"eb-wpforms-b2t64 eb-wpforms-wrapper\">\n\t\t\t<div class=\"wpforms-container wpforms-container-full contact-wpforms\" id=\"wpforms-939\"><form id=\"wpforms-form-939\" class=\"wpforms-validate wpforms-form wpforms-ajax-form\" data-formid=\"939\" method=\"post\" enctype=\"multipart\/form-data\" action=\"\/de\/wp-json\/wp\/v2\/pages\/10011\" data-token=\"c6e6456e68444829aa9544b2ffd12415\"><noscript class=\"wpforms-error-noscript\">Bitte aktiviere JavaScript in deinem Browser, um dieses Formular fertigzustellen.<\/noscript><div class=\"wpforms-field-container\"><div id=\"wpforms-939-field_0-container\" class=\"wpforms-field wpforms-field-name\" data-field-id=\"0\"><label class=\"wpforms-field-label\" for=\"wpforms-939-field_0\">Full Name <span class=\"wpforms-required-label\">*<\/span><\/label><input type=\"text\" id=\"wpforms-939-field_0\" class=\"wpforms-field-large wpforms-field-required\" name=\"wpforms[fields][0]\" required><\/div><div id=\"wpforms-939-field_1-container\" class=\"wpforms-field wpforms-field-email\" data-field-id=\"1\"><label class=\"wpforms-field-label\" for=\"wpforms-939-field_1\">Email <span class=\"wpforms-required-label\">*<\/span><\/label><input type=\"email\" id=\"wpforms-939-field_1\" class=\"wpforms-field-large wpforms-field-required\" name=\"wpforms[fields][1]\" required><\/div><div id=\"wpforms-939-field_9-container\" class=\"wpforms-field wpforms-field-phone\" data-field-id=\"9\"><label class=\"wpforms-field-label\" for=\"wpforms-939-field_9\">Phone <span class=\"wpforms-required-label\">*<\/span><\/label><input type=\"tel\" id=\"wpforms-939-field_9\" class=\"wpforms-field-medium wpforms-field-required wpforms-smart-phone-field\" data-rule-smart-phone-field=\"true\" name=\"wpforms[fields][9]\" required><\/div><div id=\"wpforms-939-field_5-container\" class=\"wpforms-field wpforms-field-select wpforms-field-select-style-classic\" data-field-id=\"5\"><label class=\"wpforms-field-label\" for=\"wpforms-939-field_5\">I&#039;m Interested In <span class=\"wpforms-required-label\">*<\/span><\/label><select id=\"wpforms-939-field_5\" class=\"wpforms-field-large wpforms-field-required\" name=\"wpforms[fields][5]\" required=\"required\"><option value=\"\" class=\"placeholder\" disabled  selected='selected'>&#8211; Please select &#8211;<\/option><option value=\"Tummy Tuck\" >Tummy Tuck<\/option><option value=\"Breast Augmenttion\" >Breast Augmenttion<\/option><option value=\"Liposuction\" >Liposuction<\/option><option value=\"Face Aesthetic\" >Face Aesthetic<\/option><option value=\"Brazilian But Lift\" >Brazilian But Lift<\/option><option value=\"Rhinolasty\" >Rhinolasty<\/option><option value=\"Gastric Sleeve\" >Gastric Sleeve<\/option><option value=\"Gastric Balloon\" >Gastric Balloon<\/option><option value=\"Dental Treatment\" >Dental Treatment<\/option><option value=\"Eye Treatment\" >Eye Treatment<\/option><option value=\"Genital Aesthetic\" >Genital Aesthetic<\/option><option value=\"Other Proccedures\" >Other Proccedures<\/option><\/select><\/div><div id=\"wpforms-939-field_6-container\" class=\"wpforms-field wpforms-field-select wpforms-field-select-style-classic\" data-field-id=\"6\"><label class=\"wpforms-field-label\" for=\"wpforms-939-field_6\">Preferred Time to Contact <span class=\"wpforms-required-label\">*<\/span><\/label><select id=\"wpforms-939-field_6\" class=\"wpforms-field-large wpforms-field-required\" name=\"wpforms[fields][6]\" required=\"required\"><option value=\"\" class=\"placeholder\" disabled  selected='selected'>&#8211; Please select &#8211;<\/option><option value=\"Any Time\" >Any Time<\/option><option value=\"9 - 12 AM\" >9 &#8211; 12 AM<\/option><option value=\"12 - 3 PM\" >12 &#8211; 3 PM<\/option><option value=\"3 - 6 PM\" >3 &#8211; 6 PM<\/option><option value=\"6 - 9 PM\" >6 &#8211; 9 PM<\/option><\/select><\/div><div id=\"wpforms-939-field_10-container\" class=\"wpforms-field wpforms-field-select wpforms-field-select-style-classic\" data-field-id=\"10\"><label class=\"wpforms-field-label\" for=\"wpforms-939-field_10\">Preferred Method to Contact <span class=\"wpforms-required-label\">*<\/span><\/label><select id=\"wpforms-939-field_10\" class=\"wpforms-field-large wpforms-field-required\" name=\"wpforms[fields][10]\" required=\"required\"><option value=\"\" class=\"placeholder\" disabled  selected='selected'>&#8211; Please select &#8211;<\/option><option value=\"WhatsApp Message\" >WhatsApp Message<\/option><option value=\"WhatsApp Call\" >WhatsApp Call<\/option><option value=\"Phone Call\" >Phone Call<\/option><option value=\"Email\" >Email<\/option><\/select><\/div><div id=\"wpforms-939-field_8-container\" class=\"wpforms-field wpforms-field-checkbox newsletter-checkbox\" data-field-id=\"8\"><label class=\"wpforms-field-label wpforms-label-hide\" for=\"wpforms-939-field_8\">Checkboxes<\/label><ul id=\"wpforms-939-field_8\"><li class=\"choice-1 depth-1\"><input type=\"checkbox\" id=\"wpforms-939-field_8_1\" name=\"wpforms[fields][8][]\" value=\"Newsletter Signup\"  ><label class=\"wpforms-field-label-inline\" for=\"wpforms-939-field_8_1\">Newsletter Signup<\/label><\/li><\/ul><\/div><div id=\"wpforms-939-field_11-container\" class=\"wpforms-field wpforms-field-hidden\" data-field-id=\"11\"><input type=\"hidden\" id=\"wpforms-939-field_11\" name=\"wpforms[fields][11]\"><\/div><\/div><div class=\"wpforms-submit-container\"><input type=\"hidden\" name=\"wpforms[id]\" value=\"939\"><input type=\"hidden\" name=\"wpforms[author]\" value=\"1\"><button type=\"submit\" name=\"wpforms[submit]\" id=\"wpforms-submit-939\" class=\"wpforms-submit contact-wpforms-button\" aria-live=\"assertive\" value=\"wpforms-submit\">Send Form<\/button><img loading=\"lazy\" decoding=\"async\" src=\"https:\/\/catchlifeaesthetic.com\/wp-content\/plugins\/wpforms\/assets\/images\/submit-spin.svg\" class=\"wpforms-submit-spinner\" style=\"display: none;\" width=\"26\" height=\"26\" alt=\"Wird geladen\"><\/div><\/form><\/div>  <!-- .wpforms-container -->\t\t<\/div>\n\t<\/div>\n<\/div>\n","protected":false},"excerpt":{"rendered":"<p>Was ist die All On Four Implantat-Technik? Die All On Four-Implantattechnik ist ein Verfahren, bei dem der Zahnersatz auf vier in bestimmten Winkeln platzierten Zahnimplantaten bei v\u00f6llig zahnlosen Patienten befestigt wird. Bei zahnlosen Patienten k\u00f6nnen in diesen Bereichen aufgrund des Verlusts des Kieferknochens, der Verringerung des Abstands zwischen den Nervenkan\u00e4len im Unterkiefer und der Absenkung [&hellip;]<\/p>\n","protected":false},"author":1,"featured_media":0,"parent":10008,"menu_order":0,"comment_status":"closed","ping_status":"closed","template":"","meta":{"_eb_attr":"","_uag_custom_page_level_css":"","_monsterinsights_skip_tracking":false,"_monsterinsights_sitenote_active":false,"_monsterinsights_sitenote_note":"","_monsterinsights_sitenote_category":0,"site-sidebar-layout":"default","site-content-layout":"","ast-site-content-layout":"default","site-content-style":"default","site-sidebar-style":"default","ast-global-header-display":"","ast-banner-title-visibility":"","ast-main-header-display":"","ast-hfb-above-header-display":"","ast-hfb-below-header-display":"","ast-hfb-mobile-header-display":"","site-post-title":"","ast-breadcrumbs-content":"","ast-featured-img":"","footer-sml-layout":"","theme-transparent-header-meta":"","adv-header-id-meta":"","stick-header-meta":"","header-above-stick-meta":"","header-main-stick-meta":"","header-below-stick-meta":"","astra-migrate-meta-layouts":"default","ast-page-background-enabled":"default","ast-page-background-meta":{"desktop":{"background-color":"var(--ast-global-color-4)","background-image":"","background-repeat":"repeat","background-position":"center center","background-size":"auto","background-attachment":"scroll","background-type":"","background-media":"","overlay-type":"","overlay-color":"","overlay-opacity":"","overlay-gradient":""},"tablet":{"background-color":"","background-image":"","background-repeat":"repeat","background-position":"center center","background-size":"auto","background-attachment":"scroll","background-type":"","background-media":"","overlay-type":"","overlay-color":"","overlay-opacity":"","overlay-gradient":""},"mobile":{"background-color":"","background-image":"","background-repeat":"repeat","background-position":"center center","background-size":"auto","background-attachment":"scroll","background-type":"","background-media":"","overlay-type":"","overlay-color":"","overlay-opacity":"","overlay-gradient":""}},"ast-content-background-meta":{"desktop":{"background-color":"var(--ast-global-color-5)","background-image":"","background-repeat":"repeat","background-position":"center center","background-size":"auto","background-attachment":"scroll","background-type":"","background-media":"","overlay-type":"","overlay-color":"","overlay-opacity":"","overlay-gradient":""},"tablet":{"background-color":"var(--ast-global-color-5)","background-image":"","background-repeat":"repeat","background-position":"center center","background-size":"auto","background-attachment":"scroll","background-type":"","background-media":"","overlay-type":"","overlay-color":"","overlay-opacity":"","overlay-gradient":""},"mobile":{"background-color":"var(--ast-global-color-5)","background-image":"","background-repeat":"repeat","background-position":"center center","background-size":"auto","background-attachment":"scroll","background-type":"","background-media":"","overlay-type":"","overlay-color":"","overlay-opacity":"","overlay-gradient":""}},"footnotes":""},"class_list":["post-10011","page","type-page","status-publish","hentry"],"uagb_featured_image_src":{"full":false,"thumbnail":false,"medium":false,"medium_large":false,"large":false,"1536x1536":false,"2048x2048":false,"woocommerce_thumbnail":false,"woocommerce_single":false,"woocommerce_gallery_thumbnail":false},"uagb_author_info":{"display_name":"Catchlife Aesthetic","author_link":"https:\/\/catchlifeaesthetic.com\/de\/author\/admincatchlife-com-tr\/"},"uagb_comment_info":0,"uagb_excerpt":"Was ist die All On Four Implantat-Technik? Die All On Four-Implantattechnik ist ein Verfahren, bei dem der Zahnersatz auf vier in bestimmten Winkeln platzierten Zahnimplantaten bei v\u00f6llig zahnlosen Patienten befestigt wird. Bei zahnlosen Patienten k\u00f6nnen in diesen Bereichen aufgrund des Verlusts des Kieferknochens, der Verringerung des Abstands zwischen den Nervenkan\u00e4len im Unterkiefer und der Absenkung&hellip;","_links":{"self":[{"href":"https:\/\/catchlifeaesthetic.com\/de\/wp-json\/wp\/v2\/pages\/10011","targetHints":{"allow":["GET"]}}],"collection":[{"href":"https:\/\/catchlifeaesthetic.com\/de\/wp-json\/wp\/v2\/pages"}],"about":[{"href":"https:\/\/catchlifeaesthetic.com\/de\/wp-json\/wp\/v2\/types\/page"}],"author":[{"embeddable":true,"href":"https:\/\/catchlifeaesthetic.com\/de\/wp-json\/wp\/v2\/users\/1"}],"replies":[{"embeddable":true,"href":"https:\/\/catchlifeaesthetic.com\/de\/wp-json\/wp\/v2\/comments?post=10011"}],"version-history":[{"count":1,"href":"https:\/\/catchlifeaesthetic.com\/de\/wp-json\/wp\/v2\/pages\/10011\/revisions"}],"predecessor-version":[{"id":10020,"href":"https:\/\/catchlifeaesthetic.com\/de\/wp-json\/wp\/v2\/pages\/10011\/revisions\/10020"}],"up":[{"embeddable":true,"href":"https:\/\/catchlifeaesthetic.com\/de\/wp-json\/wp\/v2\/pages\/10008"}],"wp:attachment":[{"href":"https:\/\/catchlifeaesthetic.com\/de\/wp-json\/wp\/v2\/media?parent=10011"}],"curies":[{"name":"wp","href":"https:\/\/api.w.org\/{rel}","templated":true}]}}