{"id":10033,"date":"2024-07-11T10:35:59","date_gmt":"2024-07-11T10:35:59","guid":{"rendered":"https:\/\/catchlifeaesthetic.com\/zahnbehandlung-tuerkei\/alle-auf-6\/"},"modified":"2024-07-16T11:50:05","modified_gmt":"2024-07-16T11:50:05","slug":"alle-auf-6","status":"publish","type":"page","link":"https:\/\/catchlifeaesthetic.com\/de\/zahnbehandlung-tuerkei\/alle-auf-6\/","title":{"rendered":"ALLE AUF 6"},"content":{"rendered":"\n<figure class=\"wp-block-image\"><img decoding=\"async\" src=\"https:\/\/www.catchlifedental.com\/assets\/images\/dental-tourism\/services\/dentalcrownblog.jpg\" alt=\"image\"\/><\/figure>\n\n<h5 class=\"wp-block-heading\">Was ist die All on 6 Implantat-Technik?<\/h5>\n\n<p>Bei der All-on-Six-Behandlung wird eine permanente Prothese auf 6 Implantaten hergestellt, die als Pfeiler f\u00fcr die Z\u00e4hne dienen. Sechs Implantate werden in den Unter- oder Oberkieferknochen eingesetzt und darauf werden Z\u00e4hne gefertigt.<\/p>\n\n<h5 class=\"wp-block-heading\">Wie l\u00e4uft das Verfahren von All On 6 ab?<\/h5>\n\n<p>Die vorderen Implantate werden in einem Winkel von 90 Grad und die hinteren in einem Winkel von 45 Grad eingesetzt. Die provisorischen Z\u00e4hne werden noch am selben Tag auf die Implantate gesetzt. Es dauert durchschnittlich 3 Monate, bis sich der Knochen und das Implantat integriert haben. Anschlie\u00dfend wird die Behandlung mit der Anfertigung permanenter Z\u00e4hne abgeschlossen.<\/p>\n\n<h5 class=\"wp-block-heading\">F\u00fcr wen ist All on 6 geeignet?<\/h5>\n\n<p>Patienten, die keine Behinderung f\u00fcr eine Zahnimplantatoperation haben. Aus diesem Grund kann diese Technik bei Patienten angewendet werden, die keine systemische Erkrankung haben und \u00fcber ein ausreichendes Knochenniveau verf\u00fcgen.<\/p>\n\n<h5 class=\"wp-block-heading\">Was sind die Vorteile des All on 6-Verfahrens?<\/h5>\n\n<ul class=\"wp-block-list\">\n<li>Sie erm\u00f6glicht es Menschen, die einen kompletten Zahnmangel haben, schnell gesunde Z\u00e4hne zu bekommen.<\/li>\n\n\n\n<li>Sie versorgt Patienten, die herausnehmbare Prothesen ben\u00f6tigen, mit festsitzenden Prothesen.<\/li>\n\n\n\n<li>Das \u00e4sthetische Erscheinungsbild ist zufriedenstellend.<\/li>\n\n\n\n<li>Das Sprechen und die Ess- und Trinkfunktionen werden schnell erlernt.<\/li>\n<\/ul>\n\n<h5 class=\"wp-block-heading\">Was sind die Nachteile des All on 6-Verfahrens?<\/h5>\n\n<p>Der Mundpflege sollte mehr Bedeutung beigemessen werden.<\/p>\n\n<h3 class=\"wp-block-heading\">H\u00e4ufig gestellte Fragen:<\/h3>\n\n<h5 class=\"wp-block-heading\">Wie lange dauert die Implantation?<\/h5>\n\n<p>Achten Sie unbedingt auf die Hygieneregeln bei der all on 4 Technik, die ein Leben lang verwendet werden kann.<\/p>\n\n<h5 class=\"wp-block-heading\">Wann ist ein Sinuslift oder eine Knochentransplantation erforderlich?<\/h5>\n\n<p>Im Oberkiefer gibt es anatomische Hohlr\u00e4ume. Diese R\u00e4ume werden als Nebenh\u00f6hlen bezeichnet. Bei einigen Patienten k\u00f6nnen sich diese R\u00e4ume in die Extraktionsr\u00e4ume ausdehnen. Da die Implantate durch diese Ausdehnung in die Kavit\u00e4t fallen werden, ist eine ausreichende Knochenmenge f\u00fcr die Implantation erforderlich. Daher muss die Sinusmembran angehoben und Knochen hinzugef\u00fcgt werden.<\/p>\n\n<h5 class=\"wp-block-heading\">Gibt es Schmerzen nach dem Eingriff?<\/h5>\n\n<p>Es ist m\u00f6glich, dass Sie nach dem Eingriff leichte Schmerzen und Schwellungen versp\u00fcren. In diesem Fall k\u00f6nnen Schmerzmittel eingesetzt werden.<\/p>\n\n<h5 class=\"wp-block-heading\">Wie sollte die Ern\u00e4hrung nach dem Eingriff aussehen?<\/h5>\n\n<p>Nach der Operation sollten Sie einige Tage lang weiche und fl\u00fcssige Nahrung zu sich nehmen.<\/p>\n\n<h5 class=\"wp-block-heading\">Wie lange dauert die Behandlung insgesamt?<\/h5>\n\n<p>Sie kann je nach Behandlungsplan zwischen 3-9 Monaten variieren.<\/p>\n\n<h5 class=\"wp-block-heading\">Was passiert, wenn der Zahn nicht mit dem Knochen verwachsen ist?<\/h5>\n\n<p>Das Implantat wird entfernt und der Bereich heilt ab. Nach ausreichender Zeit wird, wenn der vorhandene Knochen geeignet ist, ein weiteres Implantat in diesem Bereich eingesetzt.<\/p>\n\n<h3 class=\"wp-block-heading\">Kostenloses Angebot einholen<\/h3>\n\n<div\n\tclass=\"root-eb-wpforms-b2t64 wp-block-essential-blocks-wpforms\">\n\t<div class=\"eb-parent-eb-wpforms-b2t64  eb-parent-wrapper\">\n\t\t<div class=\"eb-wpforms-b2t64 eb-wpforms-wrapper\">\n\t\t\t<div class=\"wpforms-container wpforms-container-full contact-wpforms\" id=\"wpforms-939\"><form id=\"wpforms-form-939\" class=\"wpforms-validate wpforms-form wpforms-ajax-form\" data-formid=\"939\" method=\"post\" enctype=\"multipart\/form-data\" action=\"\/de\/wp-json\/wp\/v2\/pages\/10033\" data-token=\"c6e6456e68444829aa9544b2ffd12415\"><noscript class=\"wpforms-error-noscript\">Bitte aktiviere JavaScript in deinem Browser, um dieses Formular fertigzustellen.<\/noscript><div class=\"wpforms-field-container\"><div id=\"wpforms-939-field_0-container\" class=\"wpforms-field wpforms-field-name\" data-field-id=\"0\"><label class=\"wpforms-field-label\" for=\"wpforms-939-field_0\">Full Name <span class=\"wpforms-required-label\">*<\/span><\/label><input type=\"text\" id=\"wpforms-939-field_0\" class=\"wpforms-field-large wpforms-field-required\" name=\"wpforms[fields][0]\" required><\/div><div id=\"wpforms-939-field_1-container\" class=\"wpforms-field wpforms-field-email\" data-field-id=\"1\"><label class=\"wpforms-field-label\" for=\"wpforms-939-field_1\">Email <span class=\"wpforms-required-label\">*<\/span><\/label><input type=\"email\" id=\"wpforms-939-field_1\" class=\"wpforms-field-large wpforms-field-required\" name=\"wpforms[fields][1]\" required><\/div><div id=\"wpforms-939-field_9-container\" class=\"wpforms-field wpforms-field-phone\" data-field-id=\"9\"><label class=\"wpforms-field-label\" for=\"wpforms-939-field_9\">Phone <span class=\"wpforms-required-label\">*<\/span><\/label><input type=\"tel\" id=\"wpforms-939-field_9\" class=\"wpforms-field-medium wpforms-field-required wpforms-smart-phone-field\" data-rule-smart-phone-field=\"true\" name=\"wpforms[fields][9]\" required><\/div><div id=\"wpforms-939-field_5-container\" class=\"wpforms-field wpforms-field-select wpforms-field-select-style-classic\" data-field-id=\"5\"><label class=\"wpforms-field-label\" for=\"wpforms-939-field_5\">I&#039;m Interested In <span class=\"wpforms-required-label\">*<\/span><\/label><select id=\"wpforms-939-field_5\" class=\"wpforms-field-large wpforms-field-required\" name=\"wpforms[fields][5]\" required=\"required\"><option value=\"\" class=\"placeholder\" disabled  selected='selected'>&#8211; Please select &#8211;<\/option><option value=\"Tummy Tuck\" >Tummy Tuck<\/option><option value=\"Breast Augmenttion\" >Breast Augmenttion<\/option><option value=\"Liposuction\" >Liposuction<\/option><option value=\"Face Aesthetic\" >Face Aesthetic<\/option><option value=\"Brazilian But Lift\" >Brazilian But Lift<\/option><option value=\"Rhinolasty\" >Rhinolasty<\/option><option value=\"Gastric Sleeve\" >Gastric Sleeve<\/option><option value=\"Gastric Balloon\" >Gastric Balloon<\/option><option value=\"Dental Treatment\" >Dental Treatment<\/option><option value=\"Eye Treatment\" >Eye Treatment<\/option><option value=\"Genital Aesthetic\" >Genital Aesthetic<\/option><option value=\"Other Proccedures\" >Other Proccedures<\/option><\/select><\/div><div id=\"wpforms-939-field_6-container\" class=\"wpforms-field wpforms-field-select wpforms-field-select-style-classic\" data-field-id=\"6\"><label class=\"wpforms-field-label\" for=\"wpforms-939-field_6\">Preferred Time to Contact <span class=\"wpforms-required-label\">*<\/span><\/label><select id=\"wpforms-939-field_6\" class=\"wpforms-field-large wpforms-field-required\" name=\"wpforms[fields][6]\" required=\"required\"><option value=\"\" class=\"placeholder\" disabled  selected='selected'>&#8211; Please select &#8211;<\/option><option value=\"Any Time\" >Any Time<\/option><option value=\"9 - 12 AM\" >9 &#8211; 12 AM<\/option><option value=\"12 - 3 PM\" >12 &#8211; 3 PM<\/option><option value=\"3 - 6 PM\" >3 &#8211; 6 PM<\/option><option value=\"6 - 9 PM\" >6 &#8211; 9 PM<\/option><\/select><\/div><div id=\"wpforms-939-field_10-container\" class=\"wpforms-field wpforms-field-select wpforms-field-select-style-classic\" data-field-id=\"10\"><label class=\"wpforms-field-label\" for=\"wpforms-939-field_10\">Preferred Method to Contact <span class=\"wpforms-required-label\">*<\/span><\/label><select id=\"wpforms-939-field_10\" class=\"wpforms-field-large wpforms-field-required\" name=\"wpforms[fields][10]\" required=\"required\"><option value=\"\" class=\"placeholder\" disabled  selected='selected'>&#8211; Please select &#8211;<\/option><option value=\"WhatsApp Message\" >WhatsApp Message<\/option><option value=\"WhatsApp Call\" >WhatsApp Call<\/option><option value=\"Phone Call\" >Phone Call<\/option><option value=\"Email\" >Email<\/option><\/select><\/div><div id=\"wpforms-939-field_8-container\" class=\"wpforms-field wpforms-field-checkbox newsletter-checkbox\" data-field-id=\"8\"><label class=\"wpforms-field-label wpforms-label-hide\" for=\"wpforms-939-field_8\">Checkboxes<\/label><ul id=\"wpforms-939-field_8\"><li class=\"choice-1 depth-1\"><input type=\"checkbox\" id=\"wpforms-939-field_8_1\" name=\"wpforms[fields][8][]\" value=\"Newsletter Signup\"  ><label class=\"wpforms-field-label-inline\" for=\"wpforms-939-field_8_1\">Newsletter Signup<\/label><\/li><\/ul><\/div><div id=\"wpforms-939-field_11-container\" class=\"wpforms-field wpforms-field-hidden\" data-field-id=\"11\"><input type=\"hidden\" id=\"wpforms-939-field_11\" name=\"wpforms[fields][11]\"><\/div><\/div><div class=\"wpforms-submit-container\"><input type=\"hidden\" name=\"wpforms[id]\" value=\"939\"><input type=\"hidden\" name=\"wpforms[author]\" value=\"1\"><button type=\"submit\" name=\"wpforms[submit]\" id=\"wpforms-submit-939\" class=\"wpforms-submit contact-wpforms-button\" aria-live=\"assertive\" value=\"wpforms-submit\">Send Form<\/button><img loading=\"lazy\" decoding=\"async\" src=\"https:\/\/catchlifeaesthetic.com\/wp-content\/plugins\/wpforms\/assets\/images\/submit-spin.svg\" class=\"wpforms-submit-spinner\" style=\"display: none;\" width=\"26\" height=\"26\" alt=\"Wird geladen\"><\/div><\/form><\/div>  <!-- .wpforms-container -->\t\t<\/div>\n\t<\/div>\n<\/div>\n","protected":false},"excerpt":{"rendered":"<p>Was ist die All on 6 Implantat-Technik? Bei der All-on-Six-Behandlung wird eine permanente Prothese auf 6 Implantaten hergestellt, die als Pfeiler f\u00fcr die Z\u00e4hne dienen. Sechs Implantate werden in den Unter- oder Oberkieferknochen eingesetzt und darauf werden Z\u00e4hne gefertigt. Wie l\u00e4uft das Verfahren von All On 6 ab? Die vorderen Implantate werden in einem Winkel [&hellip;]<\/p>\n","protected":false},"author":1,"featured_media":0,"parent":10008,"menu_order":0,"comment_status":"closed","ping_status":"closed","template":"","meta":{"_eb_attr":"","_uag_custom_page_level_css":"","_monsterinsights_skip_tracking":false,"_monsterinsights_sitenote_active":false,"_monsterinsights_sitenote_note":"","_monsterinsights_sitenote_category":0,"site-sidebar-layout":"default","site-content-layout":"","ast-site-content-layout":"default","site-content-style":"default","site-sidebar-style":"default","ast-global-header-display":"","ast-banner-title-visibility":"","ast-main-header-display":"","ast-hfb-above-header-display":"","ast-hfb-below-header-display":"","ast-hfb-mobile-header-display":"","site-post-title":"","ast-breadcrumbs-content":"","ast-featured-img":"","footer-sml-layout":"","theme-transparent-header-meta":"","adv-header-id-meta":"","stick-header-meta":"","header-above-stick-meta":"","header-main-stick-meta":"","header-below-stick-meta":"","astra-migrate-meta-layouts":"default","ast-page-background-enabled":"default","ast-page-background-meta":{"desktop":{"background-color":"var(--ast-global-color-4)","background-image":"","background-repeat":"repeat","background-position":"center center","background-size":"auto","background-attachment":"scroll","background-type":"","background-media":"","overlay-type":"","overlay-color":"","overlay-opacity":"","overlay-gradient":""},"tablet":{"background-color":"","background-image":"","background-repeat":"repeat","background-position":"center center","background-size":"auto","background-attachment":"scroll","background-type":"","background-media":"","overlay-type":"","overlay-color":"","overlay-opacity":"","overlay-gradient":""},"mobile":{"background-color":"","background-image":"","background-repeat":"repeat","background-position":"center center","background-size":"auto","background-attachment":"scroll","background-type":"","background-media":"","overlay-type":"","overlay-color":"","overlay-opacity":"","overlay-gradient":""}},"ast-content-background-meta":{"desktop":{"background-color":"var(--ast-global-color-5)","background-image":"","background-repeat":"repeat","background-position":"center center","background-size":"auto","background-attachment":"scroll","background-type":"","background-media":"","overlay-type":"","overlay-color":"","overlay-opacity":"","overlay-gradient":""},"tablet":{"background-color":"var(--ast-global-color-5)","background-image":"","background-repeat":"repeat","background-position":"center center","background-size":"auto","background-attachment":"scroll","background-type":"","background-media":"","overlay-type":"","overlay-color":"","overlay-opacity":"","overlay-gradient":""},"mobile":{"background-color":"var(--ast-global-color-5)","background-image":"","background-repeat":"repeat","background-position":"center center","background-size":"auto","background-attachment":"scroll","background-type":"","background-media":"","overlay-type":"","overlay-color":"","overlay-opacity":"","overlay-gradient":""}},"footnotes":""},"class_list":["post-10033","page","type-page","status-publish","hentry"],"uagb_featured_image_src":{"full":false,"thumbnail":false,"medium":false,"medium_large":false,"large":false,"1536x1536":false,"2048x2048":false,"woocommerce_thumbnail":false,"woocommerce_single":false,"woocommerce_gallery_thumbnail":false},"uagb_author_info":{"display_name":"Catchlife Aesthetic","author_link":"https:\/\/catchlifeaesthetic.com\/de\/author\/admincatchlife-com-tr\/"},"uagb_comment_info":0,"uagb_excerpt":"Was ist die All on 6 Implantat-Technik? Bei der All-on-Six-Behandlung wird eine permanente Prothese auf 6 Implantaten hergestellt, die als Pfeiler f\u00fcr die Z\u00e4hne dienen. Sechs Implantate werden in den Unter- oder Oberkieferknochen eingesetzt und darauf werden Z\u00e4hne gefertigt. Wie l\u00e4uft das Verfahren von All On 6 ab? Die vorderen Implantate werden in einem Winkel&hellip;","_links":{"self":[{"href":"https:\/\/catchlifeaesthetic.com\/de\/wp-json\/wp\/v2\/pages\/10033","targetHints":{"allow":["GET"]}}],"collection":[{"href":"https:\/\/catchlifeaesthetic.com\/de\/wp-json\/wp\/v2\/pages"}],"about":[{"href":"https:\/\/catchlifeaesthetic.com\/de\/wp-json\/wp\/v2\/types\/page"}],"author":[{"embeddable":true,"href":"https:\/\/catchlifeaesthetic.com\/de\/wp-json\/wp\/v2\/users\/1"}],"replies":[{"embeddable":true,"href":"https:\/\/catchlifeaesthetic.com\/de\/wp-json\/wp\/v2\/comments?post=10033"}],"version-history":[{"count":1,"href":"https:\/\/catchlifeaesthetic.com\/de\/wp-json\/wp\/v2\/pages\/10033\/revisions"}],"predecessor-version":[{"id":10037,"href":"https:\/\/catchlifeaesthetic.com\/de\/wp-json\/wp\/v2\/pages\/10033\/revisions\/10037"}],"up":[{"embeddable":true,"href":"https:\/\/catchlifeaesthetic.com\/de\/wp-json\/wp\/v2\/pages\/10008"}],"wp:attachment":[{"href":"https:\/\/catchlifeaesthetic.com\/de\/wp-json\/wp\/v2\/media?parent=10033"}],"curies":[{"name":"wp","href":"https:\/\/api.w.org\/{rel}","templated":true}]}}