{"id":10036,"date":"2024-07-11T10:46:05","date_gmt":"2024-07-11T10:46:05","guid":{"rendered":"https:\/\/catchlifeaesthetic.com\/zahnbehandlung-tuerkei\/e-max-laminat-furniere\/"},"modified":"2024-07-16T11:50:06","modified_gmt":"2024-07-16T11:50:06","slug":"e-max-laminat-furniere","status":"publish","type":"page","link":"https:\/\/catchlifeaesthetic.com\/de\/zahnbehandlung-tuerkei\/e-max-laminat-furniere\/","title":{"rendered":"E-Max Laminat-Furniere"},"content":{"rendered":"\n<figure class=\"wp-block-image\"><img decoding=\"async\" src=\"https:\/\/www.catchlifedental.com\/assets\/images\/dental-tourism\/services\/lamineveenersblog.jpg\" alt=\"image\"\/><\/figure>\n\n<h5 class=\"wp-block-heading\">Was ist die Behandlung von Laminatfurnieren?<\/h5>\n\n<p>Bei dieser Behandlungsmethode, die in der Regel f\u00fcr die Frontz\u00e4hne angewendet wird, werden sehr d\u00fcnne Blattporzellane auf Ihre Frontz\u00e4hne geklebt, um deren Aussehen zu verbessern.<\/p>\n\n<h5 class=\"wp-block-heading\">Wie l\u00e4uft die Behandlung von Laminatfurnieren ab?<\/h5>\n\n<p>Vor der Anbringung der Laminat-Veneers wird der Patient einer ausf\u00fchrlichen zahn\u00e4rztlichen Untersuchung unterzogen. Der Zahnarzt bestimmt die Bed\u00fcrfnisse des Patienten und plant die Behandlung. Zun\u00e4chst wird die Vorderseite der Z\u00e4hne geformt. Dann wird die Vorderseite der Z\u00e4hne f\u00fcr die Anbringung von Veneers vorbereitet. Durch die Bet\u00e4ubung des Zahnfleisches wird das Schmerzempfinden des Patienten w\u00e4hrend der Anwendung reduziert. Mit einem Fr\u00e4swerkzeug wird ein kleiner Teil im vorderen Teil des Zahns pr\u00e4pariert. Es ist sehr wichtig, dass dieses Teil mit der Laminatbeschichtung kompatibel ist. F\u00fcr die Anfertigung der Z\u00e4hne werden Ma\u00dfe aus dem Mund genommen. Laminatfurniere werden in durchschnittlich 5-6 Tagen hergestellt. Falls erforderlich, kann der Patient mit einem provisorischen Laminat oder einer provisorischen F\u00fcllung versorgt werden. Der Eingriff ist abgeschlossen, nachdem die Laminatz\u00e4hne fest auf den Z\u00e4hnen des Patienten verklebt sind. Das Verfahren ist in der Regel in 2 oder 3 Sitzungen abgeschlossen, wenn keine Behandlung oder \u00e4sthetische Intervention am Zahnfleisch der Patienten erforderlich ist, die Laminat-Z\u00e4hne anwenden lassen. Nach Ablauf dieses Zeitraums k\u00f6nnen die Patienten ihre Laminat-Z\u00e4hne ohne Probleme benutzen.<\/p>\n\n<h5 class=\"wp-block-heading\">Wer ist f\u00fcr diese Behandlung geeignet?<\/h5>\n\n<ul class=\"wp-block-list\">\n<li>\u00dcber 18 Jahre alt, ohne Bruxismus und psychische St\u00f6rungen<\/li>\n\n\n\n<li>Menschen, die aufgrund von Farbverlust nicht die gew\u00fcnschte Wei\u00dfe erreichen k\u00f6nnen<\/li>\n\n\n\n<li>Personen mit leichter Zahnfehlstellung<\/li>\n\n\n\n<li>Menschen mit Zahnl\u00fccken<\/li>\n\n\n\n<li>Diejenigen, die sich ein \u00e4sthetisches und ideales L\u00e4cheln w\u00fcnschen<\/li>\n\n\n\n<li>Bei der Verl\u00e4ngerung von Z\u00e4hnen, die aufgrund von genetischen Faktoren oder anderen Gr\u00fcnden zu kurz sind<\/li>\n\n\n\n<li>Bei der Behandlung von abgenutzten Z\u00e4hnen<\/li>\n\n\n\n<li>Bei der Behandlung von abgebrochenen oder gesprungenen Z\u00e4hnen<\/li>\n<\/ul>\n\n<h5 class=\"wp-block-heading\">Wer ist f\u00fcr diese Behandlung nicht geeignet?<\/h5>\n\n<ul class=\"wp-block-list\">\n<li>Menschen mit Unterkiefer weiter vorne als Oberkiefer<\/li>\n\n\n\n<li>Bei Menschen mit aggressivem Z\u00e4hneknirschen im Schlaf oder im t\u00e4glichen Leben<\/li>\n\n\n\n<li>Menschen mit \u00fcberm\u00e4\u00dfig verzerrten Z\u00e4hnen<\/li>\n\n\n\n<li>Menschen, die Karies oder durch St\u00f6\u00dfe verursachte Frakturen haben, die nicht gen\u00fcgend Platz f\u00fcr die Anbringung von Laminat-Veneers bieten<\/li>\n\n\n\n<li>F\u00fcr Patienten mit Fluorose, die wei\u00dfe Linien, graue Flecken, Gr\u00fcbchen oder schwarze Flecken auf den Z\u00e4hnen verursacht<\/li>\n\n\n\n<li>Bei Krankheiten, die eine schwache Verbindung in der Schmelzstruktur verursachen<\/li>\n<\/ul>\n\n<h5 class=\"wp-block-heading\">Was sind die Vorteile der Behandlung mit Laminatfurnier?<\/h5>\n\n<ul class=\"wp-block-list\">\n<li>Die Z\u00e4hne werden leicht abgeschliffen und in kurzer Zeit werden sichtbare Ergebnisse erzielt.<\/li>\n\n\n\n<li>Es ist ein sehr angenehmer Prozess f\u00fcr die Patienten.<\/li>\n\n\n\n<li>Es hat eine Zahnfarbe, die durch seine Lichtdurchl\u00e4ssigkeit der nat\u00fcrlichen Zahnfarbe sehr \u00e4hnlich ist.<\/li>\n\n\n\n<li>Zwischen den Z\u00e4hnen und dem Zahnfleisch kann ein guter Sitz erreicht werden.<\/li>\n\n\n\n<li>Es wird durch Faktoren wie Zigaretten, Tee oder Kaffee nicht beeintr\u00e4chtigt und ver\u00e4ndert seine Farbe nicht.<\/li>\n<\/ul>\n\n<h5 class=\"wp-block-heading\">Was sind die Nachteile einer Behandlung mit Laminatfurnier?<\/h5>\n\n<ul class=\"wp-block-list\">\n<li>Von der Vermessung \u00fcber die Vorbereitung der Z\u00e4hne bis hin zum Verkleben der vorbereiteten Porzellanlaminate mit Bonding sind all diese Schritte Prozesse, die viel Fingerspitzengef\u00fchl und Erfahrung erfordern.<\/li>\n\n\n\n<li>Sie ist kostspieliger als andere Behandlungsmethoden.<\/li>\n\n\n\n<li>Obwohl dies sehr selten vorkommt, k\u00f6nnen sich Porzellanlaminate vom Zahn l\u00f6sen und herausfallen. Diese k\u00f6nnen in der Regel durch einen Fehler des Arztes verursacht werden und die Verklebung ist nicht gut durchgef\u00fchrt worden. In solchen F\u00e4llen werden die Porzellanlaminate erneut geklebt.<\/li>\n<\/ul>\n\n<h3 class=\"wp-block-heading\">H\u00e4ufig gestellte Fragen:<\/h3>\n\n<h5 class=\"wp-block-heading\">Ist es ein schmerzhafter Prozess?<\/h5>\n\n<p>Es kann zu leichten Empfindlichkeiten kommen, was wir auch erwarten, aber keine starken Schmerzen. Empfindlichkeit ist auch vor\u00fcbergehend.<\/p>\n\n<h5 class=\"wp-block-heading\">Sind Laminatfurniere zerbrechlich?<\/h5>\n\n<p>Solange sie fest angebracht sind, werden sie nicht brechen. Harte Lebensmittel sollten jedoch vermieden werden und Gewohnheiten wie das \u00d6ffnen von Deckeln mit den Z\u00e4hnen sollten nicht sein. Wenn diese Gewohnheiten bestehen, kann sich die Verbindung zwischen Zahn und Furnier mit der Zeit verschlechtern.<\/p>\n\n<h5 class=\"wp-block-heading\">Ver\u00e4ndern Laminatfurniere ihre Farbe?<\/h5>\n\n<p>Sie werden durch die F\u00e4rbung von Tee, Kaffee und Lebensmitteln nicht beeintr\u00e4chtigt und behalten ihre Farben f\u00fcr eine lange Zeit.<\/p>\n\n<h5 class=\"wp-block-heading\">Wie lange ist die Lebensdauer von Laminatfurnieren?<\/h5>\n\n<p>Sie k\u00f6nnen sie ein Leben lang verwenden, solange Sie nicht aggressiv zubei\u00dfen.<\/p>\n\n<h5 class=\"wp-block-heading\">K\u00f6nnen Laminat-Veneers an Backenz\u00e4hnen angebracht werden?<\/h5>\n\n<p>Es kann nur an den Frontz\u00e4hnen angewendet werden. Da die Seitenz\u00e4hne am Kauen beteiligt sind und einer gr\u00f6\u00dferen Kraft ausgesetzt sind, eignen sie sich nicht f\u00fcr Laminat-Veneers.<\/p>\n\n<h3 class=\"wp-block-heading\">Kostenloses Angebot einholen<\/h3>\n\n<div\n\tclass=\"root-eb-wpforms-b2t64 wp-block-essential-blocks-wpforms\">\n\t<div class=\"eb-parent-eb-wpforms-b2t64  eb-parent-wrapper\">\n\t\t<div class=\"eb-wpforms-b2t64 eb-wpforms-wrapper\">\n\t\t\t<div class=\"wpforms-container wpforms-container-full contact-wpforms\" id=\"wpforms-939\"><form id=\"wpforms-form-939\" class=\"wpforms-validate wpforms-form wpforms-ajax-form\" data-formid=\"939\" method=\"post\" enctype=\"multipart\/form-data\" action=\"\/de\/wp-json\/wp\/v2\/pages\/10036\" data-token=\"35dd3b75201ebc86f9b935ee8b9d84e9\"><noscript class=\"wpforms-error-noscript\">Bitte aktiviere JavaScript in deinem Browser, um dieses Formular fertigzustellen.<\/noscript><div class=\"wpforms-field-container\"><div id=\"wpforms-939-field_0-container\" class=\"wpforms-field wpforms-field-name\" data-field-id=\"0\"><label class=\"wpforms-field-label\" for=\"wpforms-939-field_0\">Full Name <span class=\"wpforms-required-label\">*<\/span><\/label><input type=\"text\" id=\"wpforms-939-field_0\" class=\"wpforms-field-large wpforms-field-required\" name=\"wpforms[fields][0]\" required><\/div><div id=\"wpforms-939-field_1-container\" class=\"wpforms-field wpforms-field-email\" data-field-id=\"1\"><label class=\"wpforms-field-label\" for=\"wpforms-939-field_1\">Email <span class=\"wpforms-required-label\">*<\/span><\/label><input type=\"email\" id=\"wpforms-939-field_1\" class=\"wpforms-field-large wpforms-field-required\" name=\"wpforms[fields][1]\" required><\/div><div id=\"wpforms-939-field_9-container\" class=\"wpforms-field wpforms-field-phone\" data-field-id=\"9\"><label class=\"wpforms-field-label\" for=\"wpforms-939-field_9\">Phone <span class=\"wpforms-required-label\">*<\/span><\/label><input type=\"tel\" id=\"wpforms-939-field_9\" class=\"wpforms-field-medium wpforms-field-required wpforms-smart-phone-field\" data-rule-smart-phone-field=\"true\" name=\"wpforms[fields][9]\" required><\/div><div id=\"wpforms-939-field_5-container\" class=\"wpforms-field wpforms-field-select wpforms-field-select-style-classic\" data-field-id=\"5\"><label class=\"wpforms-field-label\" for=\"wpforms-939-field_5\">I&#039;m Interested In <span class=\"wpforms-required-label\">*<\/span><\/label><select id=\"wpforms-939-field_5\" class=\"wpforms-field-large wpforms-field-required\" name=\"wpforms[fields][5]\" required=\"required\"><option value=\"\" class=\"placeholder\" disabled  selected='selected'>&#8211; Please select &#8211;<\/option><option value=\"Tummy Tuck\" >Tummy Tuck<\/option><option value=\"Breast Augmenttion\" >Breast Augmenttion<\/option><option value=\"Liposuction\" >Liposuction<\/option><option value=\"Face Aesthetic\" >Face Aesthetic<\/option><option value=\"Brazilian But Lift\" >Brazilian But Lift<\/option><option value=\"Rhinolasty\" >Rhinolasty<\/option><option value=\"Gastric Sleeve\" >Gastric Sleeve<\/option><option value=\"Gastric Balloon\" >Gastric Balloon<\/option><option value=\"Dental Treatment\" >Dental Treatment<\/option><option value=\"Eye Treatment\" >Eye Treatment<\/option><option value=\"Genital Aesthetic\" >Genital Aesthetic<\/option><option value=\"Other Proccedures\" >Other Proccedures<\/option><\/select><\/div><div id=\"wpforms-939-field_6-container\" class=\"wpforms-field wpforms-field-select wpforms-field-select-style-classic\" data-field-id=\"6\"><label class=\"wpforms-field-label\" for=\"wpforms-939-field_6\">Preferred Time to Contact <span class=\"wpforms-required-label\">*<\/span><\/label><select id=\"wpforms-939-field_6\" class=\"wpforms-field-large wpforms-field-required\" name=\"wpforms[fields][6]\" required=\"required\"><option value=\"\" class=\"placeholder\" disabled  selected='selected'>&#8211; Please select &#8211;<\/option><option value=\"Any Time\" >Any Time<\/option><option value=\"9 - 12 AM\" >9 &#8211; 12 AM<\/option><option value=\"12 - 3 PM\" >12 &#8211; 3 PM<\/option><option value=\"3 - 6 PM\" >3 &#8211; 6 PM<\/option><option value=\"6 - 9 PM\" >6 &#8211; 9 PM<\/option><\/select><\/div><div id=\"wpforms-939-field_10-container\" class=\"wpforms-field wpforms-field-select wpforms-field-select-style-classic\" data-field-id=\"10\"><label class=\"wpforms-field-label\" for=\"wpforms-939-field_10\">Preferred Method to Contact <span class=\"wpforms-required-label\">*<\/span><\/label><select id=\"wpforms-939-field_10\" class=\"wpforms-field-large wpforms-field-required\" name=\"wpforms[fields][10]\" required=\"required\"><option value=\"\" class=\"placeholder\" disabled  selected='selected'>&#8211; Please select &#8211;<\/option><option value=\"WhatsApp Message\" >WhatsApp Message<\/option><option value=\"WhatsApp Call\" >WhatsApp Call<\/option><option value=\"Phone Call\" >Phone Call<\/option><option value=\"Email\" >Email<\/option><\/select><\/div><div id=\"wpforms-939-field_8-container\" class=\"wpforms-field wpforms-field-checkbox newsletter-checkbox\" data-field-id=\"8\"><label class=\"wpforms-field-label wpforms-label-hide\" for=\"wpforms-939-field_8\">Checkboxes<\/label><ul id=\"wpforms-939-field_8\"><li class=\"choice-1 depth-1\"><input type=\"checkbox\" id=\"wpforms-939-field_8_1\" name=\"wpforms[fields][8][]\" value=\"Newsletter Signup\"  ><label class=\"wpforms-field-label-inline\" for=\"wpforms-939-field_8_1\">Newsletter Signup<\/label><\/li><\/ul><\/div><div id=\"wpforms-939-field_11-container\" class=\"wpforms-field wpforms-field-hidden\" data-field-id=\"11\"><input type=\"hidden\" id=\"wpforms-939-field_11\" name=\"wpforms[fields][11]\"><\/div><\/div><div class=\"wpforms-submit-container\"><input type=\"hidden\" name=\"wpforms[id]\" value=\"939\"><input type=\"hidden\" name=\"wpforms[author]\" value=\"1\"><button type=\"submit\" name=\"wpforms[submit]\" id=\"wpforms-submit-939\" class=\"wpforms-submit contact-wpforms-button\" aria-live=\"assertive\" value=\"wpforms-submit\">Send Form<\/button><img loading=\"lazy\" decoding=\"async\" src=\"https:\/\/catchlifeaesthetic.com\/wp-content\/plugins\/wpforms\/assets\/images\/submit-spin.svg\" class=\"wpforms-submit-spinner\" style=\"display: none;\" width=\"26\" height=\"26\" alt=\"Wird geladen\"><\/div><\/form><\/div>  <!-- .wpforms-container -->\t\t<\/div>\n\t<\/div>\n<\/div>\n","protected":false},"excerpt":{"rendered":"<p>Was ist die Behandlung von Laminatfurnieren? Bei dieser Behandlungsmethode, die in der Regel f\u00fcr die Frontz\u00e4hne angewendet wird, werden sehr d\u00fcnne Blattporzellane auf Ihre Frontz\u00e4hne geklebt, um deren Aussehen zu verbessern. Wie l\u00e4uft die Behandlung von Laminatfurnieren ab? Vor der Anbringung der Laminat-Veneers wird der Patient einer ausf\u00fchrlichen zahn\u00e4rztlichen Untersuchung unterzogen. Der Zahnarzt bestimmt die [&hellip;]<\/p>\n","protected":false},"author":1,"featured_media":0,"parent":10008,"menu_order":0,"comment_status":"closed","ping_status":"closed","template":"","meta":{"_eb_attr":"","_uag_custom_page_level_css":"","_monsterinsights_skip_tracking":false,"_monsterinsights_sitenote_active":false,"_monsterinsights_sitenote_note":"","_monsterinsights_sitenote_category":0,"site-sidebar-layout":"default","site-content-layout":"","ast-site-content-layout":"default","site-content-style":"default","site-sidebar-style":"default","ast-global-header-display":"","ast-banner-title-visibility":"","ast-main-header-display":"","ast-hfb-above-header-display":"","ast-hfb-below-header-display":"","ast-hfb-mobile-header-display":"","site-post-title":"","ast-breadcrumbs-content":"","ast-featured-img":"","footer-sml-layout":"","theme-transparent-header-meta":"","adv-header-id-meta":"","stick-header-meta":"","header-above-stick-meta":"","header-main-stick-meta":"","header-below-stick-meta":"","astra-migrate-meta-layouts":"default","ast-page-background-enabled":"default","ast-page-background-meta":{"desktop":{"background-color":"var(--ast-global-color-4)","background-image":"","background-repeat":"repeat","background-position":"center center","background-size":"auto","background-attachment":"scroll","background-type":"","background-media":"","overlay-type":"","overlay-color":"","overlay-opacity":"","overlay-gradient":""},"tablet":{"background-color":"","background-image":"","background-repeat":"repeat","background-position":"center center","background-size":"auto","background-attachment":"scroll","background-type":"","background-media":"","overlay-type":"","overlay-color":"","overlay-opacity":"","overlay-gradient":""},"mobile":{"background-color":"","background-image":"","background-repeat":"repeat","background-position":"center center","background-size":"auto","background-attachment":"scroll","background-type":"","background-media":"","overlay-type":"","overlay-color":"","overlay-opacity":"","overlay-gradient":""}},"ast-content-background-meta":{"desktop":{"background-color":"var(--ast-global-color-5)","background-image":"","background-repeat":"repeat","background-position":"center center","background-size":"auto","background-attachment":"scroll","background-type":"","background-media":"","overlay-type":"","overlay-color":"","overlay-opacity":"","overlay-gradient":""},"tablet":{"background-color":"var(--ast-global-color-5)","background-image":"","background-repeat":"repeat","background-position":"center center","background-size":"auto","background-attachment":"scroll","background-type":"","background-media":"","overlay-type":"","overlay-color":"","overlay-opacity":"","overlay-gradient":""},"mobile":{"background-color":"var(--ast-global-color-5)","background-image":"","background-repeat":"repeat","background-position":"center center","background-size":"auto","background-attachment":"scroll","background-type":"","background-media":"","overlay-type":"","overlay-color":"","overlay-opacity":"","overlay-gradient":""}},"footnotes":""},"class_list":["post-10036","page","type-page","status-publish","hentry"],"uagb_featured_image_src":{"full":false,"thumbnail":false,"medium":false,"medium_large":false,"large":false,"1536x1536":false,"2048x2048":false,"woocommerce_thumbnail":false,"woocommerce_single":false,"woocommerce_gallery_thumbnail":false},"uagb_author_info":{"display_name":"Catchlife Aesthetic","author_link":"https:\/\/catchlifeaesthetic.com\/de\/author\/admincatchlife-com-tr\/"},"uagb_comment_info":0,"uagb_excerpt":"Was ist die Behandlung von Laminatfurnieren? Bei dieser Behandlungsmethode, die in der Regel f\u00fcr die Frontz\u00e4hne angewendet wird, werden sehr d\u00fcnne Blattporzellane auf Ihre Frontz\u00e4hne geklebt, um deren Aussehen zu verbessern. Wie l\u00e4uft die Behandlung von Laminatfurnieren ab? Vor der Anbringung der Laminat-Veneers wird der Patient einer ausf\u00fchrlichen zahn\u00e4rztlichen Untersuchung unterzogen. Der Zahnarzt bestimmt die&hellip;","_links":{"self":[{"href":"https:\/\/catchlifeaesthetic.com\/de\/wp-json\/wp\/v2\/pages\/10036","targetHints":{"allow":["GET"]}}],"collection":[{"href":"https:\/\/catchlifeaesthetic.com\/de\/wp-json\/wp\/v2\/pages"}],"about":[{"href":"https:\/\/catchlifeaesthetic.com\/de\/wp-json\/wp\/v2\/types\/page"}],"author":[{"embeddable":true,"href":"https:\/\/catchlifeaesthetic.com\/de\/wp-json\/wp\/v2\/users\/1"}],"replies":[{"embeddable":true,"href":"https:\/\/catchlifeaesthetic.com\/de\/wp-json\/wp\/v2\/comments?post=10036"}],"version-history":[{"count":1,"href":"https:\/\/catchlifeaesthetic.com\/de\/wp-json\/wp\/v2\/pages\/10036\/revisions"}],"predecessor-version":[{"id":10041,"href":"https:\/\/catchlifeaesthetic.com\/de\/wp-json\/wp\/v2\/pages\/10036\/revisions\/10041"}],"up":[{"embeddable":true,"href":"https:\/\/catchlifeaesthetic.com\/de\/wp-json\/wp\/v2\/pages\/10008"}],"wp:attachment":[{"href":"https:\/\/catchlifeaesthetic.com\/de\/wp-json\/wp\/v2\/media?parent=10036"}],"curies":[{"name":"wp","href":"https:\/\/api.w.org\/{rel}","templated":true}]}}