{"id":10045,"date":"2024-07-11T10:31:50","date_gmt":"2024-07-11T10:31:50","guid":{"rendered":"https:\/\/catchlifeaesthetic.com\/zahnbehandlung-tuerkei\/zirkoniumkrone\/"},"modified":"2024-07-16T11:50:07","modified_gmt":"2024-07-16T11:50:07","slug":"zirkoniumkrone","status":"publish","type":"page","link":"https:\/\/catchlifeaesthetic.com\/de\/zahnbehandlung-tuerkei\/zirkoniumkrone\/","title":{"rendered":"Zirkoniumkrone"},"content":{"rendered":"\n<figure class=\"wp-block-image\"><img decoding=\"async\" src=\"https:\/\/www.catchlifedental.com\/assets\/images\/dental-tourism\/services\/lamineveenersblog.jpg\" alt=\"image\"\/><\/figure>\n\n<h3 class=\"wp-block-heading\">ZAHNKRONEN AUS ZIRKONIUM<\/h3>\n\n<h5 class=\"wp-block-heading\">Was ist eine Zirkoniumkrone?<\/h5>\n\n<p>Die Zirkoniumkrone ist eine erfolgreiche Behandlungsmethode in Bezug auf Haltbarkeit und Gewebevertr\u00e4glichkeit, die die effektivsten Ergebnisse in der Zahn\u00e4sthetik liefert. Mit Zirkoniumkronen wird Zahnverlust vermieden, ein gesundes L\u00e4cheln gewonnen und ein Ergebnis erzielt, das so nat\u00fcrlich ist wie die eigenen Z\u00e4hne. Bei einer Zirkoniumkrone wird anstelle von Metall ein wei\u00dfes Infrastrukturmaterial als Unterbau verwendet.<\/p>\n\n<h5 class=\"wp-block-heading\">Umfang der Anwendung:<br\/>Es werden Zirkoniumkronen verwendet:<\/h5>\n\n<ul class=\"wp-block-list\">\n<li>Bei fortgeschrittener F\u00e4rbung der Z\u00e4hne,<\/li>\n\n\n\n<li>Bei der Behandlung von erblich bedingten Strukturverf\u00e4rbungen,<\/li>\n\n\n\n<li>In F\u00e4llen, in denen eine kieferorthop\u00e4dische Behandlung nicht bevorzugt wird, bei diskreten Z\u00e4hnen wie &#8222;Diastema&#8220; oder bei der Behandlung kleinerer schiefer Z\u00e4hne,<\/li>\n\n\n\n<li>Bei Z\u00e4hnen mit gro\u00dfen F\u00fcllungen,<\/li>\n\n\n\n<li>F\u00fcr die \u00c4sthetik des L\u00e4chelns.<\/li>\n<\/ul>\n\n<h5 class=\"wp-block-heading\">Was sind die Vorteile von Zirkoniumkronen?<\/h5>\n\n<ul class=\"wp-block-list\">\n<li>Mit der Zirkoniumkrone erhalten Sie ein Aussehen, das Ihren nat\u00fcrlichen Z\u00e4hnen am n\u00e4chsten kommt.<\/li>\n\n\n\n<li>Es ist die ideale Behandlungsoption f\u00fcr Menschen, die allergisch auf Metall reagieren.<\/li>\n\n\n\n<li>Da bei der Zirkoniumkrone kein \u00fcberm\u00e4\u00dfiges Schneiden der Z\u00e4hne erfolgt, tritt keine Empfindlichkeit gegen\u00fcber kalten und hei\u00dfen Speisen auf.<\/li>\n\n\n\n<li>Die Zirkoniumverblendung ist im Vergleich zu metallgest\u00fctzten Verblendungen besser mit der Gingiva vertr\u00e4glich.<\/li>\n\n\n\n<li>Die graue Verf\u00e4rbung, die durch das Metall am Zahnfleischrand verursacht wird, ist bei der Zirkoniumkrone nicht vorhanden, sie ist \u00e4sthetischer.<\/li>\n\n\n\n<li>Da es mit der Gingiva kompatibel ist, ist die Wahrscheinlichkeit k\u00fcnftiger Probleme mit Zahnfleischr\u00fcckgang gering.<\/li>\n\n\n\n<li>Die Bildung von Verf\u00e4rbungen durch den Genuss von Getr\u00e4nken wie Tee und Kaffee ist bei der Zirkonkrone sehr gering und wird meist gar nicht wahrgenommen.<\/li>\n<\/ul>\n\n<h5 class=\"wp-block-heading\">Was sind die Vorteile von Z\u00e4hnen auf Zirkoniumbasis im Vergleich zu Porzellanz\u00e4hnen auf Metallbasis?<\/h5>\n\n<ul class=\"wp-block-list\">\n<li>Da es sich um einen Isolator handelt, kommt es nicht zu einer Hei\u00df-Kalt-Empfindlichkeit.<\/li>\n\n\n\n<li>Es ist ein sehr \u00e4sthetisches Material, da seine Lichtdurchl\u00e4ssigkeit der nat\u00fcrlichen Zahnstruktur sehr \u00e4hnlich ist. Daher wird Zirkonium vor allem im Frontzahnbereich bevorzugt.<\/li>\n\n\n\n<li>Metallgest\u00fctzte Porzellan-Kronen-Br\u00fccken (Kronen) werden mechanisch auf den Zahn geklebt. Zirkonium ist mechanisch und chemisch mit dem Zahn verbunden. Daher ist ihre Retention viel h\u00f6her als bei metallgest\u00fctzten Br\u00fccken.<\/li>\n\n\n\n<li>Da die Unterkonstruktion kein Metall enth\u00e4lt, gibt es keine dunkle Linie auf dem Niveau zwischen Krone und Gingiva. Es sorgt f\u00fcr ein \u00e4sthetischeres Aussehen.<\/li>\n\n\n\n<li>Da die Porzellanoberfl\u00e4chen extrem glatt sind, werden Flecken und Zahnsteinbildung, die durch Rauchen und \u00e4hnliche Ursachen verursacht werden, minimiert.<\/li>\n\n\n\n<li>Es ver\u00e4ndert seine Farbe nicht durch \u00e4u\u00dfere Einfl\u00fcsse wie Kaffee, Tee oder Zigaretten.<\/li>\n\n\n\n<li>Bei Porzellan mit Zirkonium-Infrastruktur besteht kein Allergierisiko gegen bestimmte Metalle (Nickel usw.), die in der Infrastruktur verwendet werden.<\/li>\n\n\n\n<li>Da es perfekt mit unserem K\u00f6rper kompatibel ist, kann es problemlos bei Patienten mit Zahnfleischerkrankungen oder einem hohen Risiko f\u00fcr Zahnfleischerkrankungen eingesetzt werden. Seine Vertr\u00e4glichkeit mit dem Zahnfleisch ist sehr gut. Wenn Sie auf Ihre Mundhygiene achten, verursacht es keine Zahnfleischprobleme.<\/li>\n<\/ul>\n\n<h5 class=\"wp-block-heading\">Gibt es Nachteile von Zirkoniumkronen?<\/h5>\n\n<p>Sie wird nicht empfohlen, da die Wahrscheinlichkeit einer Fraktur steigt, wenn im Seitenzahnbereich lange Zahnl\u00fccken vorhanden sind.<\/p>\n\n<h5 class=\"wp-block-heading\">Wie werden Zirkoniumdioxidkronen eingesetzt?<\/h5>\n\n<p>Da vor dem Eingriff eine \u00f6rtliche Bet\u00e4ubung vorgenommen wird, sp\u00fcrt der Patient keine Schmerzen. Die Z\u00e4hne werden beschliffen und ihre Ma\u00dfe werden genommen. Kronen werden speziell im Labor hergestellt. Bevor die Z\u00e4hne befestigt werden, finden Probesitzungen statt. Wenn der Patient mit dem Ergebnis zufrieden ist, werden die Z\u00e4hne mit speziellen Klebern fixiert.<\/p>\n\n<h3 class=\"wp-block-heading\">H\u00e4ufig gestellte Fragen:<\/h3>\n\n<h5 class=\"wp-block-heading\">Gibt es Schmerzen w\u00e4hrend des Eingriffs?<\/h5>\n\n<p>Da der Eingriff unter lokaler An\u00e4sthesie durchgef\u00fchrt wird, versp\u00fcrt der Patient keine Schmerzen. Bei einigen Patienten kann ein leichtes Kribbeln auftreten.<\/p>\n\n<h5 class=\"wp-block-heading\">Kann Zirkonium bei Patienten mit Metallallergien verwendet werden?<\/h5>\n\n<p>Da die Zirkoniumkrone kein Metall enth\u00e4lt, k\u00f6nnen auch Patienten mit Metallallergien problemlos behandelt werden.<\/p>\n\n<h5 class=\"wp-block-heading\">Wie lange k\u00f6nnen Zirkoniumkronen verwendet werden?<\/h5>\n\n<p>Wenn regelm\u00e4\u00dfige Kontrolluntersuchungen und Zahnpflege durchgef\u00fchrt werden, kann der Patient es viele Jahre lang benutzen.<\/p>\n\n<h5 class=\"wp-block-heading\">Wie lange dauert die Behandlung an?<\/h5>\n\n<p>Diese Anwendung ist bei Patienten mit gesundem Zahnfleisch in 1 Woche abgeschlossen. Sie kann mit einigen Proben fortgesetzt werden, bis die Zufriedenheit des Arztes und des Patienten erreicht ist.<\/p>\n\n<h3 class=\"wp-block-heading\">Kostenloses Angebot einholen<\/h3>\n\n<div\n\tclass=\"root-eb-wpforms-b2t64 wp-block-essential-blocks-wpforms\">\n\t<div class=\"eb-parent-eb-wpforms-b2t64  eb-parent-wrapper\">\n\t\t<div class=\"eb-wpforms-b2t64 eb-wpforms-wrapper\">\n\t\t\t<div class=\"wpforms-container wpforms-container-full contact-wpforms\" id=\"wpforms-939\"><form id=\"wpforms-form-939\" class=\"wpforms-validate wpforms-form wpforms-ajax-form\" data-formid=\"939\" method=\"post\" enctype=\"multipart\/form-data\" action=\"\/de\/wp-json\/wp\/v2\/pages\/10045\" data-token=\"64dffc3577e61313f342c0800e7c34c1\"><noscript class=\"wpforms-error-noscript\">Bitte aktiviere JavaScript in deinem Browser, um dieses Formular fertigzustellen.<\/noscript><div class=\"wpforms-field-container\"><div id=\"wpforms-939-field_0-container\" class=\"wpforms-field wpforms-field-name\" data-field-id=\"0\"><label class=\"wpforms-field-label\" for=\"wpforms-939-field_0\">Full Name <span class=\"wpforms-required-label\">*<\/span><\/label><input type=\"text\" id=\"wpforms-939-field_0\" class=\"wpforms-field-large wpforms-field-required\" name=\"wpforms[fields][0]\" required><\/div><div id=\"wpforms-939-field_1-container\" class=\"wpforms-field wpforms-field-email\" data-field-id=\"1\"><label class=\"wpforms-field-label\" for=\"wpforms-939-field_1\">Email <span class=\"wpforms-required-label\">*<\/span><\/label><input type=\"email\" id=\"wpforms-939-field_1\" class=\"wpforms-field-large wpforms-field-required\" name=\"wpforms[fields][1]\" required><\/div><div id=\"wpforms-939-field_9-container\" class=\"wpforms-field wpforms-field-phone\" data-field-id=\"9\"><label class=\"wpforms-field-label\" for=\"wpforms-939-field_9\">Phone <span class=\"wpforms-required-label\">*<\/span><\/label><input type=\"tel\" id=\"wpforms-939-field_9\" class=\"wpforms-field-medium wpforms-field-required wpforms-smart-phone-field\" data-rule-smart-phone-field=\"true\" name=\"wpforms[fields][9]\" required><\/div><div id=\"wpforms-939-field_5-container\" class=\"wpforms-field wpforms-field-select wpforms-field-select-style-classic\" data-field-id=\"5\"><label class=\"wpforms-field-label\" for=\"wpforms-939-field_5\">I&#039;m Interested In <span class=\"wpforms-required-label\">*<\/span><\/label><select id=\"wpforms-939-field_5\" class=\"wpforms-field-large wpforms-field-required\" name=\"wpforms[fields][5]\" required=\"required\"><option value=\"\" class=\"placeholder\" disabled  selected='selected'>&#8211; Please select &#8211;<\/option><option value=\"Tummy Tuck\" >Tummy Tuck<\/option><option value=\"Breast Augmenttion\" >Breast Augmenttion<\/option><option value=\"Liposuction\" >Liposuction<\/option><option value=\"Face Aesthetic\" >Face Aesthetic<\/option><option value=\"Brazilian But Lift\" >Brazilian But Lift<\/option><option value=\"Rhinolasty\" >Rhinolasty<\/option><option value=\"Gastric Sleeve\" >Gastric Sleeve<\/option><option value=\"Gastric Balloon\" >Gastric Balloon<\/option><option value=\"Dental Treatment\" >Dental Treatment<\/option><option value=\"Eye Treatment\" >Eye Treatment<\/option><option value=\"Genital Aesthetic\" >Genital Aesthetic<\/option><option value=\"Other Proccedures\" >Other Proccedures<\/option><\/select><\/div><div id=\"wpforms-939-field_6-container\" class=\"wpforms-field wpforms-field-select wpforms-field-select-style-classic\" data-field-id=\"6\"><label class=\"wpforms-field-label\" for=\"wpforms-939-field_6\">Preferred Time to Contact <span class=\"wpforms-required-label\">*<\/span><\/label><select id=\"wpforms-939-field_6\" class=\"wpforms-field-large wpforms-field-required\" name=\"wpforms[fields][6]\" required=\"required\"><option value=\"\" class=\"placeholder\" disabled  selected='selected'>&#8211; Please select &#8211;<\/option><option value=\"Any Time\" >Any Time<\/option><option value=\"9 - 12 AM\" >9 &#8211; 12 AM<\/option><option value=\"12 - 3 PM\" >12 &#8211; 3 PM<\/option><option value=\"3 - 6 PM\" >3 &#8211; 6 PM<\/option><option value=\"6 - 9 PM\" >6 &#8211; 9 PM<\/option><\/select><\/div><div id=\"wpforms-939-field_10-container\" class=\"wpforms-field wpforms-field-select wpforms-field-select-style-classic\" data-field-id=\"10\"><label class=\"wpforms-field-label\" for=\"wpforms-939-field_10\">Preferred Method to Contact <span class=\"wpforms-required-label\">*<\/span><\/label><select id=\"wpforms-939-field_10\" class=\"wpforms-field-large wpforms-field-required\" name=\"wpforms[fields][10]\" required=\"required\"><option value=\"\" class=\"placeholder\" disabled  selected='selected'>&#8211; Please select &#8211;<\/option><option value=\"WhatsApp Message\" >WhatsApp Message<\/option><option value=\"WhatsApp Call\" >WhatsApp Call<\/option><option value=\"Phone Call\" >Phone Call<\/option><option value=\"Email\" >Email<\/option><\/select><\/div><div id=\"wpforms-939-field_8-container\" class=\"wpforms-field wpforms-field-checkbox newsletter-checkbox\" data-field-id=\"8\"><label class=\"wpforms-field-label wpforms-label-hide\" for=\"wpforms-939-field_8\">Checkboxes<\/label><ul id=\"wpforms-939-field_8\"><li class=\"choice-1 depth-1\"><input type=\"checkbox\" id=\"wpforms-939-field_8_1\" name=\"wpforms[fields][8][]\" value=\"Newsletter Signup\"  ><label class=\"wpforms-field-label-inline\" for=\"wpforms-939-field_8_1\">Newsletter Signup<\/label><\/li><\/ul><\/div><div id=\"wpforms-939-field_11-container\" class=\"wpforms-field wpforms-field-hidden\" data-field-id=\"11\"><input type=\"hidden\" id=\"wpforms-939-field_11\" name=\"wpforms[fields][11]\"><\/div><\/div><div class=\"wpforms-submit-container\"><input type=\"hidden\" name=\"wpforms[id]\" value=\"939\"><input type=\"hidden\" name=\"wpforms[author]\" value=\"1\"><button type=\"submit\" name=\"wpforms[submit]\" id=\"wpforms-submit-939\" class=\"wpforms-submit contact-wpforms-button\" aria-live=\"assertive\" value=\"wpforms-submit\">Send Form<\/button><img loading=\"lazy\" decoding=\"async\" src=\"https:\/\/catchlifeaesthetic.com\/wp-content\/plugins\/wpforms\/assets\/images\/submit-spin.svg\" class=\"wpforms-submit-spinner\" style=\"display: none;\" width=\"26\" height=\"26\" alt=\"Wird geladen\"><\/div><\/form><\/div>  <!-- .wpforms-container -->\t\t<\/div>\n\t<\/div>\n<\/div>\n","protected":false},"excerpt":{"rendered":"<p>ZAHNKRONEN AUS ZIRKONIUM Was ist eine Zirkoniumkrone? Die Zirkoniumkrone ist eine erfolgreiche Behandlungsmethode in Bezug auf Haltbarkeit und Gewebevertr\u00e4glichkeit, die die effektivsten Ergebnisse in der Zahn\u00e4sthetik liefert. Mit Zirkoniumkronen wird Zahnverlust vermieden, ein gesundes L\u00e4cheln gewonnen und ein Ergebnis erzielt, das so nat\u00fcrlich ist wie die eigenen Z\u00e4hne. Bei einer Zirkoniumkrone wird anstelle von Metall [&hellip;]<\/p>\n","protected":false},"author":1,"featured_media":0,"parent":10008,"menu_order":0,"comment_status":"closed","ping_status":"closed","template":"","meta":{"_eb_attr":"","_uag_custom_page_level_css":"","_monsterinsights_skip_tracking":false,"_monsterinsights_sitenote_active":false,"_monsterinsights_sitenote_note":"","_monsterinsights_sitenote_category":0,"site-sidebar-layout":"default","site-content-layout":"","ast-site-content-layout":"default","site-content-style":"default","site-sidebar-style":"default","ast-global-header-display":"","ast-banner-title-visibility":"","ast-main-header-display":"","ast-hfb-above-header-display":"","ast-hfb-below-header-display":"","ast-hfb-mobile-header-display":"","site-post-title":"","ast-breadcrumbs-content":"","ast-featured-img":"","footer-sml-layout":"","theme-transparent-header-meta":"","adv-header-id-meta":"","stick-header-meta":"","header-above-stick-meta":"","header-main-stick-meta":"","header-below-stick-meta":"","astra-migrate-meta-layouts":"default","ast-page-background-enabled":"default","ast-page-background-meta":{"desktop":{"background-color":"var(--ast-global-color-4)","background-image":"","background-repeat":"repeat","background-position":"center center","background-size":"auto","background-attachment":"scroll","background-type":"","background-media":"","overlay-type":"","overlay-color":"","overlay-opacity":"","overlay-gradient":""},"tablet":{"background-color":"","background-image":"","background-repeat":"repeat","background-position":"center center","background-size":"auto","background-attachment":"scroll","background-type":"","background-media":"","overlay-type":"","overlay-color":"","overlay-opacity":"","overlay-gradient":""},"mobile":{"background-color":"","background-image":"","background-repeat":"repeat","background-position":"center center","background-size":"auto","background-attachment":"scroll","background-type":"","background-media":"","overlay-type":"","overlay-color":"","overlay-opacity":"","overlay-gradient":""}},"ast-content-background-meta":{"desktop":{"background-color":"var(--ast-global-color-5)","background-image":"","background-repeat":"repeat","background-position":"center center","background-size":"auto","background-attachment":"scroll","background-type":"","background-media":"","overlay-type":"","overlay-color":"","overlay-opacity":"","overlay-gradient":""},"tablet":{"background-color":"var(--ast-global-color-5)","background-image":"","background-repeat":"repeat","background-position":"center center","background-size":"auto","background-attachment":"scroll","background-type":"","background-media":"","overlay-type":"","overlay-color":"","overlay-opacity":"","overlay-gradient":""},"mobile":{"background-color":"var(--ast-global-color-5)","background-image":"","background-repeat":"repeat","background-position":"center center","background-size":"auto","background-attachment":"scroll","background-type":"","background-media":"","overlay-type":"","overlay-color":"","overlay-opacity":"","overlay-gradient":""}},"footnotes":""},"class_list":["post-10045","page","type-page","status-publish","hentry"],"uagb_featured_image_src":{"full":false,"thumbnail":false,"medium":false,"medium_large":false,"large":false,"1536x1536":false,"2048x2048":false,"woocommerce_thumbnail":false,"woocommerce_single":false,"woocommerce_gallery_thumbnail":false},"uagb_author_info":{"display_name":"Catchlife Aesthetic","author_link":"https:\/\/catchlifeaesthetic.com\/de\/author\/admincatchlife-com-tr\/"},"uagb_comment_info":0,"uagb_excerpt":"ZAHNKRONEN AUS ZIRKONIUM Was ist eine Zirkoniumkrone? Die Zirkoniumkrone ist eine erfolgreiche Behandlungsmethode in Bezug auf Haltbarkeit und Gewebevertr\u00e4glichkeit, die die effektivsten Ergebnisse in der Zahn\u00e4sthetik liefert. Mit Zirkoniumkronen wird Zahnverlust vermieden, ein gesundes L\u00e4cheln gewonnen und ein Ergebnis erzielt, das so nat\u00fcrlich ist wie die eigenen Z\u00e4hne. Bei einer Zirkoniumkrone wird anstelle von Metall&hellip;","_links":{"self":[{"href":"https:\/\/catchlifeaesthetic.com\/de\/wp-json\/wp\/v2\/pages\/10045","targetHints":{"allow":["GET"]}}],"collection":[{"href":"https:\/\/catchlifeaesthetic.com\/de\/wp-json\/wp\/v2\/pages"}],"about":[{"href":"https:\/\/catchlifeaesthetic.com\/de\/wp-json\/wp\/v2\/types\/page"}],"author":[{"embeddable":true,"href":"https:\/\/catchlifeaesthetic.com\/de\/wp-json\/wp\/v2\/users\/1"}],"replies":[{"embeddable":true,"href":"https:\/\/catchlifeaesthetic.com\/de\/wp-json\/wp\/v2\/comments?post=10045"}],"version-history":[{"count":1,"href":"https:\/\/catchlifeaesthetic.com\/de\/wp-json\/wp\/v2\/pages\/10045\/revisions"}],"predecessor-version":[{"id":10052,"href":"https:\/\/catchlifeaesthetic.com\/de\/wp-json\/wp\/v2\/pages\/10045\/revisions\/10052"}],"up":[{"embeddable":true,"href":"https:\/\/catchlifeaesthetic.com\/de\/wp-json\/wp\/v2\/pages\/10008"}],"wp:attachment":[{"href":"https:\/\/catchlifeaesthetic.com\/de\/wp-json\/wp\/v2\/media?parent=10045"}],"curies":[{"name":"wp","href":"https:\/\/api.w.org\/{rel}","templated":true}]}}