{"id":10082,"date":"2024-07-11T10:59:32","date_gmt":"2024-07-11T10:59:32","guid":{"rendered":"https:\/\/catchlifeaesthetic.com\/zahnbehandlung-tuerkei\/komposit-bindungen\/"},"modified":"2024-07-16T11:50:28","modified_gmt":"2024-07-16T11:50:28","slug":"komposit-bindungen","status":"publish","type":"page","link":"https:\/\/catchlifeaesthetic.com\/de\/zahnbehandlung-tuerkei\/komposit-bindungen\/","title":{"rendered":"Komposit-Bindungen"},"content":{"rendered":"\n<figure class=\"wp-block-image\"><img decoding=\"async\" src=\"https:\/\/www.catchlifedental.com\/assets\/images\/dental-tourism\/services\/zc.jpg\" alt=\"image\"\/><\/figure>\n\n<h5 class=\"wp-block-heading\">Was ist die Komposit-Bonding-Behandlung?<\/h5>\n\n<p>Bonding ist eine Form der Restauration, die als Alternative zu Porzellanveneers bei Z\u00e4hnen mit verdunkelter Farbe, Rissen oder kleinen Frakturen, leicht schiefen oder gespaltenen Z\u00e4hnen durchgef\u00fchrt wird. Der Zahnarzt verleiht dem problematischen Zahn oder den problematischen Z\u00e4hnen mit Hilfe von Komposit (\u00e4sthetischem) F\u00fcllmaterial das gew\u00fcnschte \u00e4sthetische Aussehen.<\/p>\n\n<h5 class=\"wp-block-heading\">Wie l\u00e4uft eine Komposit-Behandlung ab?<\/h5>\n\n<p>Bei einer Bonding-F\u00fcllung wird zun\u00e4chst die Farbe ausgew\u00e4hlt und die Zahnoberfl\u00e4che nur wenig abgeschliffen. Damit die F\u00fcllung am Zahn haftet, wird die Zahnoberfl\u00e4che mit einem Material bedeckt, das mit dem Zahn kompatibel ist. Das vorbereitete Komposit wird auf den Zahn aufgetragen und die Formgebung erfolgt. Dann wird das Material mit Laserlicht geh\u00e4rtet. Schlie\u00dflich wird die Politur durchgef\u00fchrt und der Patient kann in seinen Alltag zur\u00fcckkehren.<\/p>\n\n<h5 class=\"wp-block-heading\">In welchen F\u00e4llen ist die Klebeanwendung vorzuziehen?<\/h5>\n\n<ul class=\"wp-block-list\">\n<li>Beim Schlie\u00dfen der L\u00fccken (Diastema) zwischen den Z\u00e4hnen<\/li>\n\n\n\n<li>Ver\u00e4nderung der Zahnform (z. B. Verl\u00e4ngerung der Z\u00e4hne)<\/li>\n\n\n\n<li>Bei der Ver\u00e4nderung der Farbe der Z\u00e4hne<\/li>\n<\/ul>\n\n<h5 class=\"wp-block-heading\">Wer ist f\u00fcr eine Komposit-Bonding-Behandlung geeignet?<\/h5>\n\n<p>Sie kann bei Patienten mit gesundem Zahnfleisch, Zahnfrakturen, Verf\u00e4rbungen oder leichten Engst\u00e4nden eingesetzt werden.<\/p>\n\n<h5 class=\"wp-block-heading\">Was sind die Vorteile der Behandlung mit Laminatfurnier?<\/h5>\n\n<ul class=\"wp-block-list\">\n<li>Es ist eine \u00e4sthetische Anwendung.<\/li>\n\n\n\n<li>Die Anwendungszeit ist kurz. Sie ist in der Regel in einem einzigen Termin abgeschlossen.<\/li>\n\n\n\n<li>Es ist billiger als Porzellanveneers.<\/li>\n\n\n\n<li>Es ist einfacher zu reparieren oder zu erneuern.<\/li>\n\n\n\n<li>Keine An\u00e4sthesie erforderlich.<\/li>\n<\/ul>\n\n<h5 class=\"wp-block-heading\">Was sind die Nachteile einer Behandlung mit Laminatfurnier?<\/h5>\n\n<ul class=\"wp-block-list\">\n<li>Da Komposit-F\u00fcllungsmaterial nicht so stabil ist wie Zahnschmelz oder Porzellan, kann es leicht brechen oder sich l\u00f6sen, insbesondere wenn es stark belastet ist.<\/li>\n\n\n\n<li>Je nach Mundpflege und Essgewohnheiten des Patienten kann es im Laufe der Zeit zu einer Verschlechterung oder Verf\u00e4rbung der Struktur des F\u00fcllmaterials kommen.<\/li>\n\n\n\n<li>Kann alle 3-5 Jahre eine Reparatur oder einen Austausch erfordern.<\/li>\n\n\n\n<li>Bei dieser Anwendung tritt der geringste Zahnverlust auf.<\/li>\n\n\n\n<li>Er hat die Form eines nat\u00fcrlichen Zahns und ist unauff\u00e4llig.<\/li>\n<\/ul>\n\n<h3 class=\"wp-block-heading\">H\u00e4ufig gestellte Fragen:<\/h3>\n\n<h5 class=\"wp-block-heading\">Wie lange dauert die Anwendung des Kompositklebers?<\/h5>\n\n<p>Pro Zahn dauert es etwa 15 Minuten. Dieser Zeitraum kann jedoch je nach Zustand des Zahns verl\u00e4ngert werden.<\/p>\n\n<h5 class=\"wp-block-heading\">Wie lange ist die Lebensdauer der Komposit-Bonding-Behandlung?<\/h5>\n\n<p>Wenn Sie mit den vorderen Z\u00e4hnen nicht aggressiv zubei\u00dfen, h\u00e4lt er l\u00e4nger. Es ist jedoch zu beachten, dass es nicht so langlebig ist wie Porzellanz\u00e4hne.<\/p>\n\n<h5 class=\"wp-block-heading\">Sieht die Klebeapplikation nat\u00fcrlich aus?<\/h5>\n\n<p>Es sieht nat\u00fcrlich aus, weil Materialien verwendet werden, die der Farbe und der Struktur der nat\u00fcrlichen Z\u00e4hne entsprechen.<\/p>\n\n<h5 class=\"wp-block-heading\">Wird sich die Farbe von Kompositz\u00e4hnen ver\u00e4ndern?<\/h5>\n\n<p>Da es sich bei dem verwendeten Material um Komposit handelt, kann es auf lange Sicht zu Verf\u00e4rbungen kommen. Denn Komposit ist ein f\u00e4rbbares Material. Dies ist jedoch von Person zu Person unterschiedlich. Bei \u00fcberm\u00e4\u00dfigem Konsum von f\u00e4rbenden Substanzen wie Tee und Kaffee ist die F\u00e4rbung st\u00e4rker. Sie h\u00e4ngt auch von der Politur der Oberfl\u00e4che der Kompositf\u00fcllung ab. Je glatter und polierter die Oberfl\u00e4che ist, desto schwieriger ist die Verf\u00e4rbung.<\/p>\n\n<h3 class=\"wp-block-heading\">Kostenloses Angebot einholen<\/h3>\n\n<div\n\tclass=\"root-eb-wpforms-b2t64 wp-block-essential-blocks-wpforms\">\n\t<div class=\"eb-parent-eb-wpforms-b2t64  eb-parent-wrapper\">\n\t\t<div class=\"eb-wpforms-b2t64 eb-wpforms-wrapper\">\n\t\t\t<div class=\"wpforms-container wpforms-container-full contact-wpforms\" id=\"wpforms-939\"><form id=\"wpforms-form-939\" class=\"wpforms-validate wpforms-form wpforms-ajax-form\" data-formid=\"939\" method=\"post\" enctype=\"multipart\/form-data\" action=\"\/de\/wp-json\/wp\/v2\/pages\/10082\" data-token=\"8cca23efca5350de237e30bcd3620ef0\"><noscript class=\"wpforms-error-noscript\">Bitte aktiviere JavaScript in deinem Browser, um dieses Formular fertigzustellen.<\/noscript><div class=\"wpforms-field-container\"><div id=\"wpforms-939-field_0-container\" class=\"wpforms-field wpforms-field-name\" data-field-id=\"0\"><label class=\"wpforms-field-label\" for=\"wpforms-939-field_0\">Full Name <span class=\"wpforms-required-label\">*<\/span><\/label><input type=\"text\" id=\"wpforms-939-field_0\" class=\"wpforms-field-large wpforms-field-required\" name=\"wpforms[fields][0]\" required><\/div><div id=\"wpforms-939-field_1-container\" class=\"wpforms-field wpforms-field-email\" data-field-id=\"1\"><label class=\"wpforms-field-label\" for=\"wpforms-939-field_1\">Email <span class=\"wpforms-required-label\">*<\/span><\/label><input type=\"email\" id=\"wpforms-939-field_1\" class=\"wpforms-field-large wpforms-field-required\" name=\"wpforms[fields][1]\" required><\/div><div id=\"wpforms-939-field_9-container\" class=\"wpforms-field wpforms-field-phone\" data-field-id=\"9\"><label class=\"wpforms-field-label\" for=\"wpforms-939-field_9\">Phone <span class=\"wpforms-required-label\">*<\/span><\/label><input type=\"tel\" id=\"wpforms-939-field_9\" class=\"wpforms-field-medium wpforms-field-required wpforms-smart-phone-field\" data-rule-smart-phone-field=\"true\" name=\"wpforms[fields][9]\" required><\/div><div id=\"wpforms-939-field_5-container\" class=\"wpforms-field wpforms-field-select wpforms-field-select-style-classic\" data-field-id=\"5\"><label class=\"wpforms-field-label\" for=\"wpforms-939-field_5\">I&#039;m Interested In <span class=\"wpforms-required-label\">*<\/span><\/label><select id=\"wpforms-939-field_5\" class=\"wpforms-field-large wpforms-field-required\" name=\"wpforms[fields][5]\" required=\"required\"><option value=\"\" class=\"placeholder\" disabled  selected='selected'>&#8211; Please select &#8211;<\/option><option value=\"Tummy Tuck\" >Tummy Tuck<\/option><option value=\"Breast Augmenttion\" >Breast Augmenttion<\/option><option value=\"Liposuction\" >Liposuction<\/option><option value=\"Face Aesthetic\" >Face Aesthetic<\/option><option value=\"Brazilian But Lift\" >Brazilian But Lift<\/option><option value=\"Rhinolasty\" >Rhinolasty<\/option><option value=\"Gastric Sleeve\" >Gastric Sleeve<\/option><option value=\"Gastric Balloon\" >Gastric Balloon<\/option><option value=\"Dental Treatment\" >Dental Treatment<\/option><option value=\"Eye Treatment\" >Eye Treatment<\/option><option value=\"Genital Aesthetic\" >Genital Aesthetic<\/option><option value=\"Other Proccedures\" >Other Proccedures<\/option><\/select><\/div><div id=\"wpforms-939-field_6-container\" class=\"wpforms-field wpforms-field-select wpforms-field-select-style-classic\" data-field-id=\"6\"><label class=\"wpforms-field-label\" for=\"wpforms-939-field_6\">Preferred Time to Contact <span class=\"wpforms-required-label\">*<\/span><\/label><select id=\"wpforms-939-field_6\" class=\"wpforms-field-large wpforms-field-required\" name=\"wpforms[fields][6]\" required=\"required\"><option value=\"\" class=\"placeholder\" disabled  selected='selected'>&#8211; Please select &#8211;<\/option><option value=\"Any Time\" >Any Time<\/option><option value=\"9 - 12 AM\" >9 &#8211; 12 AM<\/option><option value=\"12 - 3 PM\" >12 &#8211; 3 PM<\/option><option value=\"3 - 6 PM\" >3 &#8211; 6 PM<\/option><option value=\"6 - 9 PM\" >6 &#8211; 9 PM<\/option><\/select><\/div><div id=\"wpforms-939-field_10-container\" class=\"wpforms-field wpforms-field-select wpforms-field-select-style-classic\" data-field-id=\"10\"><label class=\"wpforms-field-label\" for=\"wpforms-939-field_10\">Preferred Method to Contact <span class=\"wpforms-required-label\">*<\/span><\/label><select id=\"wpforms-939-field_10\" class=\"wpforms-field-large wpforms-field-required\" name=\"wpforms[fields][10]\" required=\"required\"><option value=\"\" class=\"placeholder\" disabled  selected='selected'>&#8211; Please select &#8211;<\/option><option value=\"WhatsApp Message\" >WhatsApp Message<\/option><option value=\"WhatsApp Call\" >WhatsApp Call<\/option><option value=\"Phone Call\" >Phone Call<\/option><option value=\"Email\" >Email<\/option><\/select><\/div><div id=\"wpforms-939-field_8-container\" class=\"wpforms-field wpforms-field-checkbox newsletter-checkbox\" data-field-id=\"8\"><label class=\"wpforms-field-label wpforms-label-hide\" for=\"wpforms-939-field_8\">Checkboxes<\/label><ul id=\"wpforms-939-field_8\"><li class=\"choice-1 depth-1\"><input type=\"checkbox\" id=\"wpforms-939-field_8_1\" name=\"wpforms[fields][8][]\" value=\"Newsletter Signup\"  ><label class=\"wpforms-field-label-inline\" for=\"wpforms-939-field_8_1\">Newsletter Signup<\/label><\/li><\/ul><\/div><div id=\"wpforms-939-field_11-container\" class=\"wpforms-field wpforms-field-hidden\" data-field-id=\"11\"><input type=\"hidden\" id=\"wpforms-939-field_11\" name=\"wpforms[fields][11]\"><\/div><\/div><div class=\"wpforms-submit-container\"><input type=\"hidden\" name=\"wpforms[id]\" value=\"939\"><input type=\"hidden\" name=\"wpforms[author]\" value=\"1\"><button type=\"submit\" name=\"wpforms[submit]\" id=\"wpforms-submit-939\" class=\"wpforms-submit contact-wpforms-button\" aria-live=\"assertive\" value=\"wpforms-submit\">Send Form<\/button><img loading=\"lazy\" decoding=\"async\" src=\"https:\/\/catchlifeaesthetic.com\/wp-content\/plugins\/wpforms\/assets\/images\/submit-spin.svg\" class=\"wpforms-submit-spinner\" style=\"display: none;\" width=\"26\" height=\"26\" alt=\"Wird geladen\"><\/div><\/form><\/div>  <!-- .wpforms-container -->\t\t<\/div>\n\t<\/div>\n<\/div>\n","protected":false},"excerpt":{"rendered":"<p>Was ist die Komposit-Bonding-Behandlung? Bonding ist eine Form der Restauration, die als Alternative zu Porzellanveneers bei Z\u00e4hnen mit verdunkelter Farbe, Rissen oder kleinen Frakturen, leicht schiefen oder gespaltenen Z\u00e4hnen durchgef\u00fchrt wird. Der Zahnarzt verleiht dem problematischen Zahn oder den problematischen Z\u00e4hnen mit Hilfe von Komposit (\u00e4sthetischem) F\u00fcllmaterial das gew\u00fcnschte \u00e4sthetische Aussehen. Wie l\u00e4uft eine Komposit-Behandlung [&hellip;]<\/p>\n","protected":false},"author":1,"featured_media":0,"parent":10008,"menu_order":0,"comment_status":"closed","ping_status":"closed","template":"","meta":{"_eb_attr":"","_uag_custom_page_level_css":"","_monsterinsights_skip_tracking":false,"_monsterinsights_sitenote_active":false,"_monsterinsights_sitenote_note":"","_monsterinsights_sitenote_category":0,"site-sidebar-layout":"default","site-content-layout":"","ast-site-content-layout":"default","site-content-style":"default","site-sidebar-style":"default","ast-global-header-display":"","ast-banner-title-visibility":"","ast-main-header-display":"","ast-hfb-above-header-display":"","ast-hfb-below-header-display":"","ast-hfb-mobile-header-display":"","site-post-title":"","ast-breadcrumbs-content":"","ast-featured-img":"","footer-sml-layout":"","theme-transparent-header-meta":"","adv-header-id-meta":"","stick-header-meta":"","header-above-stick-meta":"","header-main-stick-meta":"","header-below-stick-meta":"","astra-migrate-meta-layouts":"default","ast-page-background-enabled":"default","ast-page-background-meta":{"desktop":{"background-color":"var(--ast-global-color-4)","background-image":"","background-repeat":"repeat","background-position":"center center","background-size":"auto","background-attachment":"scroll","background-type":"","background-media":"","overlay-type":"","overlay-color":"","overlay-opacity":"","overlay-gradient":""},"tablet":{"background-color":"","background-image":"","background-repeat":"repeat","background-position":"center center","background-size":"auto","background-attachment":"scroll","background-type":"","background-media":"","overlay-type":"","overlay-color":"","overlay-opacity":"","overlay-gradient":""},"mobile":{"background-color":"","background-image":"","background-repeat":"repeat","background-position":"center center","background-size":"auto","background-attachment":"scroll","background-type":"","background-media":"","overlay-type":"","overlay-color":"","overlay-opacity":"","overlay-gradient":""}},"ast-content-background-meta":{"desktop":{"background-color":"var(--ast-global-color-5)","background-image":"","background-repeat":"repeat","background-position":"center center","background-size":"auto","background-attachment":"scroll","background-type":"","background-media":"","overlay-type":"","overlay-color":"","overlay-opacity":"","overlay-gradient":""},"tablet":{"background-color":"var(--ast-global-color-5)","background-image":"","background-repeat":"repeat","background-position":"center center","background-size":"auto","background-attachment":"scroll","background-type":"","background-media":"","overlay-type":"","overlay-color":"","overlay-opacity":"","overlay-gradient":""},"mobile":{"background-color":"var(--ast-global-color-5)","background-image":"","background-repeat":"repeat","background-position":"center center","background-size":"auto","background-attachment":"scroll","background-type":"","background-media":"","overlay-type":"","overlay-color":"","overlay-opacity":"","overlay-gradient":""}},"footnotes":""},"class_list":["post-10082","page","type-page","status-publish","hentry"],"uagb_featured_image_src":{"full":false,"thumbnail":false,"medium":false,"medium_large":false,"large":false,"1536x1536":false,"2048x2048":false,"woocommerce_thumbnail":false,"woocommerce_single":false,"woocommerce_gallery_thumbnail":false},"uagb_author_info":{"display_name":"Catchlife Aesthetic","author_link":"https:\/\/catchlifeaesthetic.com\/de\/author\/admincatchlife-com-tr\/"},"uagb_comment_info":0,"uagb_excerpt":"Was ist die Komposit-Bonding-Behandlung? Bonding ist eine Form der Restauration, die als Alternative zu Porzellanveneers bei Z\u00e4hnen mit verdunkelter Farbe, Rissen oder kleinen Frakturen, leicht schiefen oder gespaltenen Z\u00e4hnen durchgef\u00fchrt wird. Der Zahnarzt verleiht dem problematischen Zahn oder den problematischen Z\u00e4hnen mit Hilfe von Komposit (\u00e4sthetischem) F\u00fcllmaterial das gew\u00fcnschte \u00e4sthetische Aussehen. Wie l\u00e4uft eine Komposit-Behandlung&hellip;","_links":{"self":[{"href":"https:\/\/catchlifeaesthetic.com\/de\/wp-json\/wp\/v2\/pages\/10082","targetHints":{"allow":["GET"]}}],"collection":[{"href":"https:\/\/catchlifeaesthetic.com\/de\/wp-json\/wp\/v2\/pages"}],"about":[{"href":"https:\/\/catchlifeaesthetic.com\/de\/wp-json\/wp\/v2\/types\/page"}],"author":[{"embeddable":true,"href":"https:\/\/catchlifeaesthetic.com\/de\/wp-json\/wp\/v2\/users\/1"}],"replies":[{"embeddable":true,"href":"https:\/\/catchlifeaesthetic.com\/de\/wp-json\/wp\/v2\/comments?post=10082"}],"version-history":[{"count":1,"href":"https:\/\/catchlifeaesthetic.com\/de\/wp-json\/wp\/v2\/pages\/10082\/revisions"}],"predecessor-version":[{"id":10097,"href":"https:\/\/catchlifeaesthetic.com\/de\/wp-json\/wp\/v2\/pages\/10082\/revisions\/10097"}],"up":[{"embeddable":true,"href":"https:\/\/catchlifeaesthetic.com\/de\/wp-json\/wp\/v2\/pages\/10008"}],"wp:attachment":[{"href":"https:\/\/catchlifeaesthetic.com\/de\/wp-json\/wp\/v2\/media?parent=10082"}],"curies":[{"name":"wp","href":"https:\/\/api.w.org\/{rel}","templated":true}]}}