{"id":10105,"date":"2024-07-11T11:03:05","date_gmt":"2024-07-11T11:03:05","guid":{"rendered":"https:\/\/catchlifeaesthetic.com\/zahnbehandlung-tuerkei\/laecheln-makeover\/"},"modified":"2024-07-16T11:50:28","modified_gmt":"2024-07-16T11:50:28","slug":"laecheln-makeover","status":"publish","type":"page","link":"https:\/\/catchlifeaesthetic.com\/de\/zahnbehandlung-tuerkei\/laecheln-makeover\/","title":{"rendered":"L\u00e4cheln Makeover"},"content":{"rendered":"\n<figure class=\"wp-block-image\"><img decoding=\"async\" src=\"https:\/\/www.catchlifedental.com\/assets\/images\/dental-tourism\/services\/lamineveenersblog.jpg\" alt=\"image\"\/><\/figure>\n\n<p><strong>Was ist ein L\u00e4cheln-Makeover?<\/strong><\/p>\n\n<p>Ein L\u00e4chel-Makeover ist ein umfassendes Verfahren der kosmetischen Zahnmedizin, das darauf abzielt, das Aussehen Ihres L\u00e4chelns zu verbessern. Sie kombiniert verschiedene Behandlungen wie Zahnaufhellung, Veneers, Kronen, Br\u00fccken und Kieferorthop\u00e4die, um Probleme wie Verf\u00e4rbungen, Zahnfehlstellungen, L\u00fccken und fehlende Z\u00e4hne zu behandeln. Ziel ist es, ein sch\u00f6nes, harmonisches L\u00e4cheln zu schaffen, das Ihre gesamte Gesichts\u00e4sthetik verbessert und Ihr Selbstvertrauen st\u00e4rkt.<\/p>\n\n<p><strong>Wie wird das Smile Makeover Verfahren durchgef\u00fchrt?<\/strong><\/p>\n\n<p>Bevor Sie mit dem L\u00e4cheln beginnen, wird der Patient einer ausf\u00fchrlichen zahn\u00e4rztlichen Untersuchung unterzogen. Der Zahnarzt bestimmt die Bed\u00fcrfnisse des Patienten und plant die Behandlung. Der Eingriff kann die Formung der Vorderfl\u00e4chen der Z\u00e4hne und die Vorbereitung f\u00fcr Behandlungen wie Veneers oder Kronen beinhalten. Das Zahnfleisch wird bet\u00e4ubt, um eventuelle Schmerzen w\u00e4hrend des Eingriffs zu reduzieren. Es werden Messungen vorgenommen und individuelle Behandlungen vorbereitet. Der gesamte Prozess dauert in der Regel nur wenige Sitzungen, und am Ende erhalten die Patienten ein neues, \u00e4sthetisch ansprechendes L\u00e4cheln.<\/p>\n\n<p><strong>Wer ist f\u00fcr diese Behandlung geeignet?<\/strong><\/p>\n\n<p>&#8211; Personen \u00fcber 18 Jahre alt<\/p>\n\n<p>&#8211; Diejenigen, die aufgrund von Verf\u00e4rbungen nicht die gew\u00fcnschte Wei\u00dfe erreichen k\u00f6nnen<\/p>\n\n<p>&#8211; Personen mit leichter Zahnfehlstellung<\/p>\n\n<p>&#8211; Menschen mit Zahnl\u00fccken<\/p>\n\n<p>&#8211; Diejenigen, die ein \u00e4sthetisches und ideales L\u00e4cheln suchen<\/p>\n\n<p>&#8211; Personen mit kurzen Z\u00e4hnen aufgrund von genetischen Faktoren oder anderen Gr\u00fcnden<\/p>\n\n<p>&#8211; F\u00fcr die Behandlung von abgenutzten, abgebrochenen oder rissigen Z\u00e4hnen<\/p>\n\n<p><strong>Wer ist f\u00fcr diese Behandlung nicht geeignet?<\/strong><\/p>\n\n<p>&#8211; Personen mit einem Unterbiss<\/p>\n\n<p>&#8211; Menschen mit aggressiven Z\u00e4hneknirschgewohnheiten<\/p>\n\n<p>&#8211; Menschen mit \u00fcberm\u00e4\u00dfigen Zahnfehlstellungen<\/p>\n\n<p>&#8211; Personen mit unzureichendem Platz f\u00fcr Veneers aufgrund von Karies oder Frakturen<\/p>\n\n<p>&#8211; Patienten mit Fluorose, die wei\u00dfe Linien, graue Flecken, Gr\u00fcbchen oder schwarze Flecken auf den Z\u00e4hnen verursacht<\/p>\n\n<p>&#8211; Menschen mit Krankheiten, die den Zahnschmelz schw\u00e4chen<\/p>\n\n<p><strong>Vorteile von Smile Makeover:<\/strong><\/p>\n\n<p>&#8211; Die Z\u00e4hne werden nur minimal abgeschliffen und sichtbare Ergebnisse werden in kurzer Zeit erzielt.<\/p>\n\n<p>&#8211; Es ist ein sehr angenehmer Prozess f\u00fcr die Patienten.<\/p>\n\n<p>&#8211; Die Farbe der Z\u00e4hne kommt der nat\u00fcrlichen Farbe sehr nahe und weist eine ausgezeichnete Lichtdurchl\u00e4ssigkeit auf.<\/p>\n\n<p>&#8211; Ein guter Sitz zwischen Z\u00e4hnen und Zahnfleisch wird erreicht.<\/p>\n\n<p>&#8211; Es wird durch Faktoren wie Rauchen, Tee oder Kaffee nicht beeintr\u00e4chtigt und ver\u00e4ndert seine Farbe nicht.<\/p>\n\n<p><strong>Nachteile von Smile Makeover:<\/strong><\/p>\n\n<p>&#8211; Der Prozess erfordert viel Pr\u00e4zision und Erfahrung, von der Messung bis zum Verkleben der Veneers.<\/p>\n\n<p>&#8211; Sie ist teurer als andere Behandlungsmethoden.<\/p>\n\n<p>&#8211; Obwohl selten, k\u00f6nnen sich Porzellanveneers vom Zahn l\u00f6sen. Dies kann in der Regel durch erneutes Verkleben korrigiert werden.<\/p>\n\n<p><strong>H\u00e4ufig gestellte Fragen:<\/strong><\/p>\n\n<p><strong>Ist es ein schmerzhafter Prozess?<\/strong><\/p>\n\n<p>Es kann zu einer leichten Empfindlichkeit kommen, aber es sind keine starken Schmerzen zu erwarten. Jede Empfindlichkeit ist vor\u00fcbergehend.<\/p>\n\n<p><strong>Sind Laminatfurniere zerbrechlich?<\/strong><\/p>\n\n<p>Solange sie fest angebracht sind, werden sie nicht brechen. Harte Nahrungsmittel sollten jedoch vermieden werden, und Gewohnheiten wie das \u00d6ffnen von Deckeln mit den Z\u00e4hnen sollten vermieden werden. Solche Gewohnheiten k\u00f6nnen die Bindung zwischen Zahn und Furnier mit der Zeit verschlechtern.<\/p>\n\n<p><strong>Ver\u00e4ndern Laminatfurniere ihre Farbe?<\/strong><\/p>\n\n<p>Sie werden durch die F\u00e4rbung von Tee, Kaffee und Lebensmitteln nicht beeintr\u00e4chtigt und behalten ihre Farbe f\u00fcr eine lange Zeit.<\/p>\n\n<p><strong>Wie hoch ist die Lebensdauer von Laminatfurnieren?<\/strong><\/p>\n\n<p>Sie k\u00f6nnen ein Leben lang halten, solange sie nicht mit \u00fcberm\u00e4\u00dfiger Gewalt eingesetzt werden.<\/p>\n\n<p><strong>K\u00f6nnen Laminat-Veneers an Backenz\u00e4hnen angebracht werden?<\/strong><\/p>\n\n<p>Sie k\u00f6nnen nur an den Vorderz\u00e4hnen angewendet werden. Die Backenz\u00e4hne, die am Kauen beteiligt sind, sind einer gr\u00f6\u00dferen Belastung ausgesetzt und eignen sich nicht f\u00fcr Laminat-Veneers.<\/p>\n\n<h3 class=\"wp-block-heading\">Kostenloses Angebot einholen<\/h3>\n\n<div\n\tclass=\"root-eb-wpforms-b2t64 wp-block-essential-blocks-wpforms\">\n\t<div class=\"eb-parent-eb-wpforms-b2t64  eb-parent-wrapper\">\n\t\t<div class=\"eb-wpforms-b2t64 eb-wpforms-wrapper\">\n\t\t\t<div class=\"wpforms-container wpforms-container-full contact-wpforms\" id=\"wpforms-939\"><form id=\"wpforms-form-939\" class=\"wpforms-validate wpforms-form wpforms-ajax-form\" data-formid=\"939\" method=\"post\" enctype=\"multipart\/form-data\" action=\"\/de\/wp-json\/wp\/v2\/pages\/10105\" data-token=\"c6e6456e68444829aa9544b2ffd12415\"><noscript class=\"wpforms-error-noscript\">Bitte aktiviere JavaScript in deinem Browser, um dieses Formular fertigzustellen.<\/noscript><div class=\"wpforms-field-container\"><div id=\"wpforms-939-field_0-container\" class=\"wpforms-field wpforms-field-name\" data-field-id=\"0\"><label class=\"wpforms-field-label\" for=\"wpforms-939-field_0\">Full Name <span class=\"wpforms-required-label\">*<\/span><\/label><input type=\"text\" id=\"wpforms-939-field_0\" class=\"wpforms-field-large wpforms-field-required\" name=\"wpforms[fields][0]\" required><\/div><div id=\"wpforms-939-field_1-container\" class=\"wpforms-field wpforms-field-email\" data-field-id=\"1\"><label class=\"wpforms-field-label\" for=\"wpforms-939-field_1\">Email <span class=\"wpforms-required-label\">*<\/span><\/label><input type=\"email\" id=\"wpforms-939-field_1\" class=\"wpforms-field-large wpforms-field-required\" name=\"wpforms[fields][1]\" required><\/div><div id=\"wpforms-939-field_9-container\" class=\"wpforms-field wpforms-field-phone\" data-field-id=\"9\"><label class=\"wpforms-field-label\" for=\"wpforms-939-field_9\">Phone <span class=\"wpforms-required-label\">*<\/span><\/label><input type=\"tel\" id=\"wpforms-939-field_9\" class=\"wpforms-field-medium wpforms-field-required wpforms-smart-phone-field\" data-rule-smart-phone-field=\"true\" name=\"wpforms[fields][9]\" required><\/div><div id=\"wpforms-939-field_5-container\" class=\"wpforms-field wpforms-field-select wpforms-field-select-style-classic\" data-field-id=\"5\"><label class=\"wpforms-field-label\" for=\"wpforms-939-field_5\">I&#039;m Interested In <span class=\"wpforms-required-label\">*<\/span><\/label><select id=\"wpforms-939-field_5\" class=\"wpforms-field-large wpforms-field-required\" name=\"wpforms[fields][5]\" required=\"required\"><option value=\"\" class=\"placeholder\" disabled  selected='selected'>&#8211; Please select &#8211;<\/option><option value=\"Tummy Tuck\" >Tummy Tuck<\/option><option value=\"Breast Augmenttion\" >Breast Augmenttion<\/option><option value=\"Liposuction\" >Liposuction<\/option><option value=\"Face Aesthetic\" >Face Aesthetic<\/option><option value=\"Brazilian But Lift\" >Brazilian But Lift<\/option><option value=\"Rhinolasty\" >Rhinolasty<\/option><option value=\"Gastric Sleeve\" >Gastric Sleeve<\/option><option value=\"Gastric Balloon\" >Gastric Balloon<\/option><option value=\"Dental Treatment\" >Dental Treatment<\/option><option value=\"Eye Treatment\" >Eye Treatment<\/option><option value=\"Genital Aesthetic\" >Genital Aesthetic<\/option><option value=\"Other Proccedures\" >Other Proccedures<\/option><\/select><\/div><div id=\"wpforms-939-field_6-container\" class=\"wpforms-field wpforms-field-select wpforms-field-select-style-classic\" data-field-id=\"6\"><label class=\"wpforms-field-label\" for=\"wpforms-939-field_6\">Preferred Time to Contact <span class=\"wpforms-required-label\">*<\/span><\/label><select id=\"wpforms-939-field_6\" class=\"wpforms-field-large wpforms-field-required\" name=\"wpforms[fields][6]\" required=\"required\"><option value=\"\" class=\"placeholder\" disabled  selected='selected'>&#8211; Please select &#8211;<\/option><option value=\"Any Time\" >Any Time<\/option><option value=\"9 - 12 AM\" >9 &#8211; 12 AM<\/option><option value=\"12 - 3 PM\" >12 &#8211; 3 PM<\/option><option value=\"3 - 6 PM\" >3 &#8211; 6 PM<\/option><option value=\"6 - 9 PM\" >6 &#8211; 9 PM<\/option><\/select><\/div><div id=\"wpforms-939-field_10-container\" class=\"wpforms-field wpforms-field-select wpforms-field-select-style-classic\" data-field-id=\"10\"><label class=\"wpforms-field-label\" for=\"wpforms-939-field_10\">Preferred Method to Contact <span class=\"wpforms-required-label\">*<\/span><\/label><select id=\"wpforms-939-field_10\" class=\"wpforms-field-large wpforms-field-required\" name=\"wpforms[fields][10]\" required=\"required\"><option value=\"\" class=\"placeholder\" disabled  selected='selected'>&#8211; Please select &#8211;<\/option><option value=\"WhatsApp Message\" >WhatsApp Message<\/option><option value=\"WhatsApp Call\" >WhatsApp Call<\/option><option value=\"Phone Call\" >Phone Call<\/option><option value=\"Email\" >Email<\/option><\/select><\/div><div id=\"wpforms-939-field_8-container\" class=\"wpforms-field wpforms-field-checkbox newsletter-checkbox\" data-field-id=\"8\"><label class=\"wpforms-field-label wpforms-label-hide\" for=\"wpforms-939-field_8\">Checkboxes<\/label><ul id=\"wpforms-939-field_8\"><li class=\"choice-1 depth-1\"><input type=\"checkbox\" id=\"wpforms-939-field_8_1\" name=\"wpforms[fields][8][]\" value=\"Newsletter Signup\"  ><label class=\"wpforms-field-label-inline\" for=\"wpforms-939-field_8_1\">Newsletter Signup<\/label><\/li><\/ul><\/div><div id=\"wpforms-939-field_11-container\" class=\"wpforms-field wpforms-field-hidden\" data-field-id=\"11\"><input type=\"hidden\" id=\"wpforms-939-field_11\" name=\"wpforms[fields][11]\"><\/div><\/div><div class=\"wpforms-submit-container\"><input type=\"hidden\" name=\"wpforms[id]\" value=\"939\"><input type=\"hidden\" name=\"wpforms[author]\" value=\"1\"><button type=\"submit\" name=\"wpforms[submit]\" id=\"wpforms-submit-939\" class=\"wpforms-submit contact-wpforms-button\" aria-live=\"assertive\" value=\"wpforms-submit\">Send Form<\/button><img loading=\"lazy\" decoding=\"async\" src=\"https:\/\/catchlifeaesthetic.com\/wp-content\/plugins\/wpforms\/assets\/images\/submit-spin.svg\" class=\"wpforms-submit-spinner\" style=\"display: none;\" width=\"26\" height=\"26\" alt=\"Wird geladen\"><\/div><\/form><\/div>  <!-- .wpforms-container -->\t\t<\/div>\n\t<\/div>\n<\/div>\n","protected":false},"excerpt":{"rendered":"<p>Was ist ein L\u00e4cheln-Makeover? Ein L\u00e4chel-Makeover ist ein umfassendes Verfahren der kosmetischen Zahnmedizin, das darauf abzielt, das Aussehen Ihres L\u00e4chelns zu verbessern. Sie kombiniert verschiedene Behandlungen wie Zahnaufhellung, Veneers, Kronen, Br\u00fccken und Kieferorthop\u00e4die, um Probleme wie Verf\u00e4rbungen, Zahnfehlstellungen, L\u00fccken und fehlende Z\u00e4hne zu behandeln. Ziel ist es, ein sch\u00f6nes, harmonisches L\u00e4cheln zu schaffen, das Ihre [&hellip;]<\/p>\n","protected":false},"author":1,"featured_media":0,"parent":10008,"menu_order":0,"comment_status":"closed","ping_status":"closed","template":"","meta":{"_eb_attr":"","_uag_custom_page_level_css":"","_monsterinsights_skip_tracking":false,"_monsterinsights_sitenote_active":false,"_monsterinsights_sitenote_note":"","_monsterinsights_sitenote_category":0,"site-sidebar-layout":"default","site-content-layout":"","ast-site-content-layout":"default","site-content-style":"default","site-sidebar-style":"default","ast-global-header-display":"","ast-banner-title-visibility":"","ast-main-header-display":"","ast-hfb-above-header-display":"","ast-hfb-below-header-display":"","ast-hfb-mobile-header-display":"","site-post-title":"","ast-breadcrumbs-content":"","ast-featured-img":"","footer-sml-layout":"","theme-transparent-header-meta":"","adv-header-id-meta":"","stick-header-meta":"","header-above-stick-meta":"","header-main-stick-meta":"","header-below-stick-meta":"","astra-migrate-meta-layouts":"default","ast-page-background-enabled":"default","ast-page-background-meta":{"desktop":{"background-color":"var(--ast-global-color-4)","background-image":"","background-repeat":"repeat","background-position":"center center","background-size":"auto","background-attachment":"scroll","background-type":"","background-media":"","overlay-type":"","overlay-color":"","overlay-opacity":"","overlay-gradient":""},"tablet":{"background-color":"","background-image":"","background-repeat":"repeat","background-position":"center center","background-size":"auto","background-attachment":"scroll","background-type":"","background-media":"","overlay-type":"","overlay-color":"","overlay-opacity":"","overlay-gradient":""},"mobile":{"background-color":"","background-image":"","background-repeat":"repeat","background-position":"center center","background-size":"auto","background-attachment":"scroll","background-type":"","background-media":"","overlay-type":"","overlay-color":"","overlay-opacity":"","overlay-gradient":""}},"ast-content-background-meta":{"desktop":{"background-color":"var(--ast-global-color-5)","background-image":"","background-repeat":"repeat","background-position":"center center","background-size":"auto","background-attachment":"scroll","background-type":"","background-media":"","overlay-type":"","overlay-color":"","overlay-opacity":"","overlay-gradient":""},"tablet":{"background-color":"var(--ast-global-color-5)","background-image":"","background-repeat":"repeat","background-position":"center center","background-size":"auto","background-attachment":"scroll","background-type":"","background-media":"","overlay-type":"","overlay-color":"","overlay-opacity":"","overlay-gradient":""},"mobile":{"background-color":"var(--ast-global-color-5)","background-image":"","background-repeat":"repeat","background-position":"center center","background-size":"auto","background-attachment":"scroll","background-type":"","background-media":"","overlay-type":"","overlay-color":"","overlay-opacity":"","overlay-gradient":""}},"footnotes":""},"class_list":["post-10105","page","type-page","status-publish","hentry"],"uagb_featured_image_src":{"full":false,"thumbnail":false,"medium":false,"medium_large":false,"large":false,"1536x1536":false,"2048x2048":false,"woocommerce_thumbnail":false,"woocommerce_single":false,"woocommerce_gallery_thumbnail":false},"uagb_author_info":{"display_name":"Catchlife Aesthetic","author_link":"https:\/\/catchlifeaesthetic.com\/de\/author\/admincatchlife-com-tr\/"},"uagb_comment_info":0,"uagb_excerpt":"Was ist ein L\u00e4cheln-Makeover? Ein L\u00e4chel-Makeover ist ein umfassendes Verfahren der kosmetischen Zahnmedizin, das darauf abzielt, das Aussehen Ihres L\u00e4chelns zu verbessern. Sie kombiniert verschiedene Behandlungen wie Zahnaufhellung, Veneers, Kronen, Br\u00fccken und Kieferorthop\u00e4die, um Probleme wie Verf\u00e4rbungen, Zahnfehlstellungen, L\u00fccken und fehlende Z\u00e4hne zu behandeln. Ziel ist es, ein sch\u00f6nes, harmonisches L\u00e4cheln zu schaffen, das Ihre&hellip;","_links":{"self":[{"href":"https:\/\/catchlifeaesthetic.com\/de\/wp-json\/wp\/v2\/pages\/10105","targetHints":{"allow":["GET"]}}],"collection":[{"href":"https:\/\/catchlifeaesthetic.com\/de\/wp-json\/wp\/v2\/pages"}],"about":[{"href":"https:\/\/catchlifeaesthetic.com\/de\/wp-json\/wp\/v2\/types\/page"}],"author":[{"embeddable":true,"href":"https:\/\/catchlifeaesthetic.com\/de\/wp-json\/wp\/v2\/users\/1"}],"replies":[{"embeddable":true,"href":"https:\/\/catchlifeaesthetic.com\/de\/wp-json\/wp\/v2\/comments?post=10105"}],"version-history":[{"count":1,"href":"https:\/\/catchlifeaesthetic.com\/de\/wp-json\/wp\/v2\/pages\/10105\/revisions"}],"predecessor-version":[{"id":10126,"href":"https:\/\/catchlifeaesthetic.com\/de\/wp-json\/wp\/v2\/pages\/10105\/revisions\/10126"}],"up":[{"embeddable":true,"href":"https:\/\/catchlifeaesthetic.com\/de\/wp-json\/wp\/v2\/pages\/10008"}],"wp:attachment":[{"href":"https:\/\/catchlifeaesthetic.com\/de\/wp-json\/wp\/v2\/media?parent=10105"}],"curies":[{"name":"wp","href":"https:\/\/api.w.org\/{rel}","templated":true}]}}