{"id":11615,"date":"2024-10-07T10:42:23","date_gmt":"2024-10-07T10:42:23","guid":{"rendered":"https:\/\/catchlifeaesthetic.com\/?page_id=11615"},"modified":"2024-10-15T12:50:26","modified_gmt":"2024-10-15T12:50:26","slug":"von-angesicht-zu-angesicht-kosmetische-chirurgie-gewichtsabnahme-und-zahngespraeche","status":"publish","type":"page","link":"https:\/\/catchlifeaesthetic.com\/de\/von-angesicht-zu-angesicht-kosmetische-chirurgie-gewichtsabnahme-und-zahngespraeche\/","title":{"rendered":"Von Angesicht zu Angesicht: Kosmetische Chirurgie, Gewichtsabnahme und Zahngespr\u00e4che"},"content":{"rendered":"\t\t<div data-elementor-type=\"wp-page\" data-elementor-id=\"11615\" class=\"elementor elementor-11615\" data-elementor-post-type=\"page\">\n\t\t\t\t\t\t<section class=\"elementor-section elementor-top-section elementor-element elementor-element-4d39835 elementor-section-boxed elementor-section-height-default elementor-section-height-default\" data-id=\"4d39835\" data-element_type=\"section\">\n\t\t\t\t\t\t<div class=\"elementor-container elementor-column-gap-default\">\n\t\t\t\t\t<div class=\"elementor-column elementor-col-100 elementor-top-column elementor-element elementor-element-809f422\" data-id=\"809f422\" data-element_type=\"column\">\n\t\t\t<div class=\"elementor-widget-wrap elementor-element-populated\">\n\t\t\t\t\t\t<div class=\"elementor-element elementor-element-da9618f elementor-widget elementor-widget-image\" data-id=\"da9618f\" data-element_type=\"widget\" data-widget_type=\"image.default\">\n\t\t\t\t<div class=\"elementor-widget-container\">\n\t\t\t\t\t\t\t\t\t\t\t\t\t\t\t<img loading=\"lazy\" decoding=\"async\" width=\"1024\" height=\"512\" src=\"https:\/\/catchlifeaesthetic.com\/wp-content\/uploads\/2024\/10\/Adsiz-tasarim-97-1024x512.png\" class=\"attachment-large size-large wp-image-11618\" alt=\"\" srcset=\"https:\/\/catchlifeaesthetic.com\/wp-content\/uploads\/2024\/10\/Adsiz-tasarim-97-1024x512.png 1024w, https:\/\/catchlifeaesthetic.com\/wp-content\/uploads\/2024\/10\/Adsiz-tasarim-97-300x150.png 300w, https:\/\/catchlifeaesthetic.com\/wp-content\/uploads\/2024\/10\/Adsiz-tasarim-97-768x384.png 768w, https:\/\/catchlifeaesthetic.com\/wp-content\/uploads\/2024\/10\/Adsiz-tasarim-97-1536x768.png 1536w, https:\/\/catchlifeaesthetic.com\/wp-content\/uploads\/2024\/10\/Adsiz-tasarim-97-2048x1024.png 2048w, https:\/\/catchlifeaesthetic.com\/wp-content\/uploads\/2024\/10\/Adsiz-tasarim-97-600x300.png 600w\" sizes=\"auto, (max-width: 1024px) 100vw, 1024px\" \/>\t\t\t\t\t\t\t\t\t\t\t\t\t\t\t<\/div>\n\t\t\t\t<\/div>\n\t\t\t\t<div class=\"elementor-element elementor-element-0a01a63 elementor-widget elementor-widget-heading\" data-id=\"0a01a63\" data-element_type=\"widget\" data-widget_type=\"heading.default\">\n\t\t\t\t<div class=\"elementor-widget-container\">\n\t\t\t\t\t<h2 class=\"elementor-heading-title elementor-size-default\">Kostenlose Teilnahme<\/h2>\t\t\t\t<\/div>\n\t\t\t\t<\/div>\n\t\t\t\t<div class=\"elementor-element elementor-element-1bd8139 elementor-widget elementor-widget-wpforms\" data-id=\"1bd8139\" data-element_type=\"widget\" data-widget_type=\"wpforms.default\">\n\t\t\t\t<div class=\"elementor-widget-container\">\n\t\t\t\t\t<div class=\"wpforms-container wpforms-container-full\" id=\"wpforms-11632\"><form id=\"wpforms-form-11632\" class=\"wpforms-validate wpforms-form wpforms-ajax-form\" data-formid=\"11632\" method=\"post\" enctype=\"multipart\/form-data\" action=\"\/de\/wp-json\/wp\/v2\/pages\/11615\" data-token=\"517c3a24b9fb12f7bcdb7e0cfd50ed11\"><noscript class=\"wpforms-error-noscript\">Bitte aktiviere JavaScript in deinem Browser, um dieses Formular fertigzustellen.<\/noscript><div class=\"wpforms-field-container\"><div id=\"wpforms-11632-field_0-container\" class=\"wpforms-field wpforms-field-name\" data-field-id=\"0\"><label class=\"wpforms-field-label\" for=\"wpforms-11632-field_0\">Name <span class=\"wpforms-required-label\">*<\/span><\/label><input type=\"text\" id=\"wpforms-11632-field_0\" class=\"wpforms-field-medium wpforms-field-required\" name=\"wpforms[fields][0]\" required><\/div><div id=\"wpforms-11632-field_1-container\" class=\"wpforms-field wpforms-field-email\" data-field-id=\"1\"><label class=\"wpforms-field-label\" for=\"wpforms-11632-field_1\">E-Mail <span class=\"wpforms-required-label\">*<\/span><\/label><input type=\"email\" id=\"wpforms-11632-field_1\" class=\"wpforms-field-medium wpforms-field-required\" name=\"wpforms[fields][1]\" required><\/div><div id=\"wpforms-11632-field_6-container\" class=\"wpforms-field wpforms-field-phone\" data-field-id=\"6\"><label class=\"wpforms-field-label\" for=\"wpforms-11632-field_6\">Telefonnummer <span class=\"wpforms-required-label\">*<\/span><\/label><input type=\"tel\" id=\"wpforms-11632-field_6\" class=\"wpforms-field-medium wpforms-field-required wpforms-smart-phone-field\" data-rule-smart-phone-field=\"true\" name=\"wpforms[fields][6]\" required><\/div><div id=\"wpforms-11632-field_4-container\" class=\"wpforms-field wpforms-field-select wpforms-field-select-style-classic\" data-field-id=\"4\"><label class=\"wpforms-field-label\" for=\"wpforms-11632-field_4\">Welche Verfahren Interessieren<\/label><select id=\"wpforms-11632-field_4\" class=\"wpforms-field-medium\" name=\"wpforms[fields][4]\"><option value=\"Plastische Chirurgie\" >Plastische Chirurgie<\/option><option value=\"Adipositaschirurgie\" >Adipositaschirurgie<\/option><option value=\"Haartransplantation\" >Haartransplantation<\/option><option value=\"Zahnbehandlung\" >Zahnbehandlung<\/option><option value=\"Andere\" >Andere<\/option><\/select><\/div><div id=\"wpforms-11632-field_10-container\" class=\"wpforms-field wpforms-field-textarea\" data-field-id=\"10\"><label class=\"wpforms-field-label\" for=\"wpforms-11632-field_10\">Anmerkung:<\/label><textarea id=\"wpforms-11632-field_10\" class=\"wpforms-field-medium\" name=\"wpforms[fields][10]\" ><\/textarea><\/div><\/div><div class=\"wpforms-submit-container\"><input type=\"hidden\" name=\"wpforms[id]\" value=\"11632\"><input type=\"hidden\" name=\"wpforms[author]\" value=\"1\"><button type=\"submit\" name=\"wpforms[submit]\" id=\"wpforms-submit-11632\" class=\"wpforms-submit\" data-alt-text=\"Sending...\" data-submit-text=\"Einreichen\" aria-live=\"assertive\" value=\"wpforms-submit\">Einreichen<\/button><img loading=\"lazy\" decoding=\"async\" src=\"https:\/\/catchlifeaesthetic.com\/wp-content\/plugins\/wpforms\/assets\/images\/submit-spin.svg\" class=\"wpforms-submit-spinner\" style=\"display: none;\" width=\"26\" height=\"26\" alt=\"Wird geladen\"><\/div><\/form><\/div>  <!-- .wpforms-container -->\t\t\t\t<\/div>\n\t\t\t\t<\/div>\n\t\t\t\t\t<\/div>\n\t\t<\/div>\n\t\t\t\t\t<\/div>\n\t\t<\/section>\n\t\t\t\t<section class=\"elementor-section elementor-top-section elementor-element elementor-element-44c7c4d elementor-section-boxed elementor-section-height-default elementor-section-height-default\" data-id=\"44c7c4d\" data-element_type=\"section\">\n\t\t\t\t\t\t<div class=\"elementor-container elementor-column-gap-default\">\n\t\t\t\t\t<div class=\"elementor-column elementor-col-100 elementor-top-column elementor-element elementor-element-7719e1e\" data-id=\"7719e1e\" data-element_type=\"column\">\n\t\t\t<div class=\"elementor-widget-wrap elementor-element-populated\">\n\t\t\t\t\t\t<div class=\"elementor-element elementor-element-bf11fa9 elementor-widget elementor-widget-heading\" data-id=\"bf11fa9\" data-element_type=\"widget\" data-widget_type=\"heading.default\">\n\t\t\t\t<div class=\"elementor-widget-container\">\n\t\t\t\t\t<h2 class=\"elementor-heading-title elementor-size-default\">Kostenlose \u00c4sthetik-Beratung in M\u00fcnchen \u2013 Pers\u00f6nliche Konsultationen mit unseren Experten!<\/h2>\t\t\t\t<\/div>\n\t\t\t\t<\/div>\n\t\t\t\t<div class=\"elementor-element elementor-element-a619aa2 elementor-widget elementor-widget-text-editor\" data-id=\"a619aa2\" data-element_type=\"widget\" data-widget_type=\"text-editor.default\">\n\t\t\t\t<div class=\"elementor-widget-container\">\n\t\t\t\t\t\t\t\t\t<p>Sind Sie Ihrem \u00e4sthetischen Traum n\u00e4her, als Sie denken! CatchLife Aesthetic, einer der f\u00fchrenden Anbieter f\u00fcr \u00c4sthetik und Gesundheitstourismus in der T\u00fcrkei, kommt nach M\u00fcnchen. F\u00fcr alle, die sich f\u00fcr eine \u00e4sthetische Operation interessieren, aber vor der Entscheidung eine pers\u00f6nliche Beratung mit einem Spezialisten w\u00fcnschen, bieten wir die perfekte Gelegenheit.<\/p><p>W\u00e4hrend dieser exklusiven Veranstaltung haben Sie die M\u00f6glichkeit, unsere erfahrenen \u00c4rzte pers\u00f6nlich zu treffen. Stellen Sie alle Fragen zu Nasenkorrekturen, Facelifts, Brustoperationen, Haartransplantationen und vielen weiteren \u00e4sthetischen Eingriffen und erhalten Sie detaillierte Informationen \u00fcber den gesamten Prozess.<\/p><p><strong>Was erwartet Sie bei der Veranstaltung?<\/strong><br \/>Individuelle Beratung: In einem pers\u00f6nlichen Gespr\u00e4ch mit unseren Experten gehen wir auf Ihre W\u00fcnsche und \u00e4sthetischen Ziele ein.<br \/>Informationen zu den Verfahren: Erfahren Sie, welche \u00e4sthetischen Eingriffe f\u00fcr Sie am besten geeignet sind. Sie erhalten ausf\u00fchrliche Informationen zu Operationsabl\u00e4ufen, Erholungszeiten und den m\u00f6glichen Ergebnissen.<br \/>Behandlungen in der T\u00fcrkei: Entdecken Sie die Vorteile, \u00e4sthetische Eingriffe in der T\u00fcrkei durchf\u00fchren zu lassen. Wir informieren Sie \u00fcber unsere umfassenden Behandlungs-, Unterkunfts- und Reisepakete.<br \/>Schnelle Terminvereinbarung: Wenn Sie sich nach der Beratung f\u00fcr einen Eingriff entscheiden, k\u00f6nnen Sie direkt einen Termin vereinbaren und von exklusiven Angeboten profitieren.<br \/><strong>Warum sollten Sie teilnehmen?<\/strong><br \/>Sie k\u00f6nnen mit den \u00c4rzten pers\u00f6nlich sprechen und eine fundierte Entscheidung f\u00fcr Ihre \u00e4sthetische Behandlung treffen.<br \/>Profitieren Sie von der Behandlung in international akkreditierten Krankenh\u00e4usern und hochmodernen Kliniken in der T\u00fcrkei mit unseren erfahrenen Fach\u00e4rzten.<br \/>Die Beratung ist kostenlos und wird individuell auf Sie zugeschnitten.<br \/>Die Pl\u00e4tze sind begrenzt \u2013 sichern Sie sich Ihren Platz jetzt und machen Sie den ersten Schritt zu Ihrem \u00e4sthetischen Traum!<\/p><p><strong>Datum: 09\/11\/2024, 10\/11\/2024<\/strong><br \/><strong>Ort: Standortsof\u0131tel m\u00fcnchen bayerpost<\/strong><br \/><strong>Bayerstra\u00dfe 12, 80335 M\u00fcnchen<\/strong><br \/><strong>Zeit: 10:00 &#8211; 18:00<\/strong><\/p><p>Wir freuen uns auf Ihre Teilnahme! F\u00fcr weitere Informationen und Terminvereinbarungen kontaktieren Sie uns gerne.<\/p>\t\t\t\t\t\t\t\t<\/div>\n\t\t\t\t<\/div>\n\t\t\t\t\t<\/div>\n\t\t<\/div>\n\t\t\t\t\t<\/div>\n\t\t<\/section>\n\t\t\t\t<\/div>\n\t\t","protected":false},"excerpt":{"rendered":"<p>Kostenlose Teilnahme Kostenlose \u00c4sthetik-Beratung in M\u00fcnchen \u2013 Pers\u00f6nliche Konsultationen mit unseren Experten! Sind Sie Ihrem \u00e4sthetischen Traum n\u00e4her, als Sie denken! CatchLife Aesthetic, einer der f\u00fchrenden Anbieter f\u00fcr \u00c4sthetik und Gesundheitstourismus in der T\u00fcrkei, kommt nach M\u00fcnchen. F\u00fcr alle, die sich f\u00fcr eine \u00e4sthetische Operation interessieren, aber vor der Entscheidung eine pers\u00f6nliche Beratung mit einem [&hellip;]<\/p>\n","protected":false},"author":1,"featured_media":0,"parent":0,"menu_order":0,"comment_status":"closed","ping_status":"closed","template":"","meta":{"_eb_attr":"","_uag_custom_page_level_css":"","_monsterinsights_skip_tracking":false,"_monsterinsights_sitenote_active":false,"_monsterinsights_sitenote_note":"","_monsterinsights_sitenote_category":0,"site-sidebar-layout":"no-sidebar","site-content-layout":"page-builder","ast-site-content-layout":"full-width-container","site-content-style":"default","site-sidebar-style":"default","ast-global-header-display":"","ast-banner-title-visibility":"","ast-main-header-display":"","ast-hfb-above-header-display":"","ast-hfb-below-header-display":"","ast-hfb-mobile-header-display":"","site-post-title":"disabled","ast-breadcrumbs-content":"","ast-featured-img":"disabled","footer-sml-layout":"","theme-transparent-header-meta":"","adv-header-id-meta":"","stick-header-meta":"","header-above-stick-meta":"","header-main-stick-meta":"","header-below-stick-meta":"","astra-migrate-meta-layouts":"set","ast-page-background-enabled":"default","ast-page-background-meta":{"desktop":{"background-color":"var(--ast-global-color-4)","background-image":"","background-repeat":"repeat","background-position":"center center","background-size":"auto","background-attachment":"scroll","background-type":"","background-media":"","overlay-type":"","overlay-color":"","overlay-opacity":"","overlay-gradient":""},"tablet":{"background-color":"","background-image":"","background-repeat":"repeat","background-position":"center center","background-size":"auto","background-attachment":"scroll","background-type":"","background-media":"","overlay-type":"","overlay-color":"","overlay-opacity":"","overlay-gradient":""},"mobile":{"background-color":"","background-image":"","background-repeat":"repeat","background-position":"center center","background-size":"auto","background-attachment":"scroll","background-type":"","background-media":"","overlay-type":"","overlay-color":"","overlay-opacity":"","overlay-gradient":""}},"ast-content-background-meta":{"desktop":{"background-color":"var(--ast-global-color-5)","background-image":"","background-repeat":"repeat","background-position":"center center","background-size":"auto","background-attachment":"scroll","background-type":"","background-media":"","overlay-type":"","overlay-color":"","overlay-opacity":"","overlay-gradient":""},"tablet":{"background-color":"var(--ast-global-color-5)","background-image":"","background-repeat":"repeat","background-position":"center center","background-size":"auto","background-attachment":"scroll","background-type":"","background-media":"","overlay-type":"","overlay-color":"","overlay-opacity":"","overlay-gradient":""},"mobile":{"background-color":"var(--ast-global-color-5)","background-image":"","background-repeat":"repeat","background-position":"center center","background-size":"auto","background-attachment":"scroll","background-type":"","background-media":"","overlay-type":"","overlay-color":"","overlay-opacity":"","overlay-gradient":""}},"footnotes":""},"class_list":["post-11615","page","type-page","status-publish","hentry"],"uagb_featured_image_src":{"full":false,"thumbnail":false,"medium":false,"medium_large":false,"large":false,"1536x1536":false,"2048x2048":false,"woocommerce_thumbnail":false,"woocommerce_single":false,"woocommerce_gallery_thumbnail":false},"uagb_author_info":{"display_name":"Catchlife Aesthetic","author_link":"https:\/\/catchlifeaesthetic.com\/de\/author\/admincatchlife-com-tr\/"},"uagb_comment_info":0,"uagb_excerpt":"Kostenlose Teilnahme Kostenlose \u00c4sthetik-Beratung in M\u00fcnchen \u2013 Pers\u00f6nliche Konsultationen mit unseren Experten! Sind Sie Ihrem \u00e4sthetischen Traum n\u00e4her, als Sie denken! CatchLife Aesthetic, einer der f\u00fchrenden Anbieter f\u00fcr \u00c4sthetik und Gesundheitstourismus in der T\u00fcrkei, kommt nach M\u00fcnchen. F\u00fcr alle, die sich f\u00fcr eine \u00e4sthetische Operation interessieren, aber vor der Entscheidung eine pers\u00f6nliche Beratung mit einem&hellip;","_links":{"self":[{"href":"https:\/\/catchlifeaesthetic.com\/de\/wp-json\/wp\/v2\/pages\/11615","targetHints":{"allow":["GET"]}}],"collection":[{"href":"https:\/\/catchlifeaesthetic.com\/de\/wp-json\/wp\/v2\/pages"}],"about":[{"href":"https:\/\/catchlifeaesthetic.com\/de\/wp-json\/wp\/v2\/types\/page"}],"author":[{"embeddable":true,"href":"https:\/\/catchlifeaesthetic.com\/de\/wp-json\/wp\/v2\/users\/1"}],"replies":[{"embeddable":true,"href":"https:\/\/catchlifeaesthetic.com\/de\/wp-json\/wp\/v2\/comments?post=11615"}],"version-history":[{"count":13,"href":"https:\/\/catchlifeaesthetic.com\/de\/wp-json\/wp\/v2\/pages\/11615\/revisions"}],"predecessor-version":[{"id":11641,"href":"https:\/\/catchlifeaesthetic.com\/de\/wp-json\/wp\/v2\/pages\/11615\/revisions\/11641"}],"wp:attachment":[{"href":"https:\/\/catchlifeaesthetic.com\/de\/wp-json\/wp\/v2\/media?parent=11615"}],"curies":[{"name":"wp","href":"https:\/\/api.w.org\/{rel}","templated":true}]}}