{"id":4108,"date":"2023-02-17T12:24:52","date_gmt":"2023-02-17T12:24:52","guid":{"rendered":"https:\/\/catchlifeaesthetic.com\/datenschutzbestimmungen\/"},"modified":"2023-04-26T12:57:07","modified_gmt":"2023-04-26T12:57:07","slug":"datenschutzbestimmungen","status":"publish","type":"page","link":"https:\/\/catchlifeaesthetic.com\/de\/datenschutzbestimmungen\/","title":{"rendered":"Datenschutzbestimmungen"},"content":{"rendered":"\t\t<div data-elementor-type=\"wp-page\" data-elementor-id=\"4108\" class=\"elementor elementor-4108 elementor-3\" data-elementor-post-type=\"page\">\n\t\t\t\t\t\t<section class=\"elementor-section elementor-top-section elementor-element elementor-element-7d8f1253 elementor-section-boxed elementor-section-height-default elementor-section-height-default\" data-id=\"7d8f1253\" data-element_type=\"section\">\n\t\t\t\t\t\t<div class=\"elementor-container elementor-column-gap-default\">\n\t\t\t\t\t<div class=\"elementor-column elementor-col-100 elementor-top-column elementor-element elementor-element-55c62092\" data-id=\"55c62092\" data-element_type=\"column\">\n\t\t\t<div class=\"elementor-widget-wrap elementor-element-populated\">\n\t\t\t\t\t\t<div class=\"elementor-element elementor-element-44e1d22b elementor-widget elementor-widget-text-editor\" data-id=\"44e1d22b\" data-element_type=\"widget\" data-widget_type=\"text-editor.default\">\n\t\t\t\t<div class=\"elementor-widget-container\">\n\t\t\t\t\t\t\t\t\t\n<p>DATENSCHUTZPOLITIK<\/p>\n<p><blockquote class=\"wp-embedded-content\" data-secret=\"QvOaDYb771\"><a href=\"https:\/\/catchlifeaesthetic.com\/de\/\">Catchlife Aesthetic Center T\u00fcrkei<\/a><\/blockquote><iframe loading=\"lazy\" class=\"wp-embedded-content\" sandbox=\"allow-scripts\" security=\"restricted\" style=\"position: absolute; visibility: hidden;\" title=\"&#8222;Catchlife Aesthetic Center T\u00fcrkei&#8220; &#8212; CatchLife Aesthetic Centre in Turkey\" src=\"https:\/\/catchlifeaesthetic.com\/de\/embed\/#?secret=igYZ6HsL5X#?secret=QvOaDYb771\" data-secret=\"QvOaDYb771\" width=\"500\" height=\"282\" frameborder=\"0\" marginwidth=\"0\" marginheight=\"0\" scrolling=\"no\"><\/iframe><\/p>\n\n<figure class=\"wp-block-image is-resized\"><\/figure>\n\n<p> <\/p>\n\n<h5>1. EINLEITUNG<\/h5>\n\n<p>CatchLife Aesthetic (Adresse der Website: <a href=\"https:\/\/catchlifeaesthetic.com\/de\/\">https:\/\/catchlifeaesthetic.com)<\/a> wei\u00df Ihr Gesch\u00e4ft und Ihr Vertrauen zu sch\u00e4tzen. Wir sind ein auf Zypern ans\u00e4ssiges Unternehmen, das Produkte entwickelt, um Ihre Website-Erfahrung zu verbessern. Bitte lesen Sie diese Datenschutzrichtlinie und stimmen Sie beiden Dokumenten zu, um unsere Dienste nutzen zu k\u00f6nnen.<\/p>\n\n<h5>2. GESAMMELTE DATEN<\/h5>\n\n<h6>SPEICHERORT DER DATEN<\/h6>\n\n<p>Wir sind ein auf Zypern ans\u00e4ssiges Unternehmen und betreiben in Deutschland gehostete Webserver. Unser Hosting-Provider Hetzner Online GmbH hat sich dem EU\/US Privacy Shield&#8220; unterworfen, um sicherzustellen, dass Ihre Daten sicher und GDPR-konform gespeichert sind.  <\/p>\n\n<h6>REGISTRIERUNGSDATEN<\/h6>\n\n<p>Wenn Sie sich auf unserer Website registrieren, speichern wir den von Ihnen gew\u00e4hlten Benutzernamen und Ihre E-Mail-Adresse sowie alle weiteren pers\u00f6nlichen Informationen, die Sie in Ihrem Benutzerprofil angeben. Sie k\u00f6nnen Ihre pers\u00f6nlichen Daten jederzeit einsehen, bearbeiten oder l\u00f6schen (mit Ausnahme der \u00c4nderung Ihres Benutzernamens). Auch Website-Administratoren k\u00f6nnen diese Informationen einsehen und bearbeiten.<\/p>\n\n<h6>KAUFDATEN<\/h6>\n\n<p>Um Produktsupport zu erhalten, m\u00fcssen Sie einen oder mehrere Envato\/AncoraThemes-Kaufcodes auf unserer Website haben. Diese Kaufcodes werden zusammen mit dem Ablaufdatum der Unterst\u00fctzung und Ihren Benutzerdaten gespeichert. Dies ist erforderlich, damit wir Ihnen Downloads, Produktsupport und andere Kundendienste anbieten k\u00f6nnen.<\/p>\n\n<h6>UNTERST\u00dcTZUNGSDATEN<\/h6>\n\n<p>Wenn Sie sich auf unserer Website registriert haben und \u00fcber ein g\u00fcltiges Support-Konto verf\u00fcgen, k\u00f6nnen Sie Support-Tickets zur Unterst\u00fctzung einreichen. Support-Formular-Eingaben werden an unser Ticksy-Ticket-System eines Drittanbieters gesendet. Nur die Daten, die Sie ausdr\u00fccklich angegeben haben, werden gesendet, und Sie werden jedes Mal um Ihre Zustimmung gebeten, wenn Sie eine neue Supportanfrage erstellen m\u00f6chten.  <\/p>\n\n<h6>KOMMENTARE<\/h6>\n\n<p>Wenn Sie Kommentare auf der Website hinterlassen, sammeln wir die Daten, die im Kommentarformular angezeigt werden, sowie die IP-Adresse und den User-Agent-String des Browsers, um die Spam-Erkennung zu erleichtern.<\/p>\n\n<h6>KONTAKTFORMULAR<\/h6>\n\n<p>Informationen, die \u00fcber das Kontaktformular auf unserer Website \u00fcbermittelt werden, werden an unsere Firmen-E-Mail gesendet, die von Zoho gehostet wird.<\/p>\n\n<p>Diese Angaben werden nur f\u00fcr Kundendienstzwecke aufbewahrt und niemals f\u00fcr Marketingzwecke verwendet oder an Dritte weitergegeben.<\/p>\n\n<h6>GOOGLE-ANALYSEN<\/h6>\n\n<p>Wir verwenden Google Analytics auf unserer Website f\u00fcr anonyme Berichte \u00fcber die Nutzung der Website. Es werden also keine personalisierten Daten gespeichert.  <\/p>\n\n<h6>F\u00c4LLE F\u00dcR DIE VERWENDUNG DER PERSONENBEZOGENEN DATEN<\/h6>\n\n<p><strong>Wir verwenden Ihre personenbezogenen Daten in den folgenden F\u00e4llen:<\/strong><\/p>\n\n<ul>\n<li>Verifizierung\/Identifizierung des Nutzers w\u00e4hrend der Nutzung der Website;<\/li>\n\n<li>Bereitstellung von technischer Hilfe;<\/li>\n\n<li>Senden von Updates an unsere Nutzer mit wichtigen Informationen, um \u00fcber Neuigkeiten\/\u00c4nderungen zu informieren;<\/li>\n\n<li>\u00dcberpr\u00fcfung der Kontobewegungen, um betr\u00fcgerische Transaktionen zu verhindern und die Sicherheit zu gew\u00e4hrleisten<\/li>\n\n<li>\u00fcber die pers\u00f6nlichen Daten unserer Kunden;<\/li>\n\n<li>Passen Sie die Website an, um Ihr Erlebnis pers\u00f6nlicher und ansprechender zu gestalten;<\/li>\n\n<li>Gew\u00e4hrleistung eines reibungslosen Ablaufs der Gesamtleistung und der Verwaltungsfunktionen.<\/li>\n<\/ul>\n\n<h5>3. EINGEBETTETER INHALT<\/h5>\n\n<p>Die Seiten auf dieser Website k\u00f6nnen eingebettete Inhalte enthalten, wie z. B. YouTube-Videos. Eingebettete Inhalte von anderen Websites verhalten sich genau so, als w\u00fcrden Sie die andere Website besuchen.<\/p>\n\n<p>Diese Websites k\u00f6nnen Daten \u00fcber Sie sammeln, Cookies verwenden, zus\u00e4tzliche Trackingfunktionen von Dritten einbetten und Ihre Interaktion mit diesen eingebetteten Inhalten \u00fcberwachen, einschlie\u00dflich der Verfolgung Ihrer Interaktion mit den eingebetteten Inhalten, wenn Sie ein Konto haben und auf dieser Website angemeldet sind. Nachstehend finden Sie eine Liste der von uns genutzten Dienste:<\/p>\n\n<h6>FACEBOOK<\/h6>\n\n<p>Das Facebook-Seiten-Plugin wird verwendet, um unsere Facebook-Timeline auf unserer Website anzuzeigen. Facebook hat seine eigenen Cookie- und Datenschutzrichtlinien, auf die wir keinen Einfluss haben. Es werden keine Cookies von Facebook installiert und Ihre IP-Adresse wird erst dann an einen Facebook-Server gesendet, wenn Sie dem zustimmen.  <\/p>\n\n<h6>TWITTER<\/h6>\n\n<p>Wir verwenden die Twitter-API, um unsere Tweets-Timeline auf unserer Website anzuzeigen. Twitter hat seine eigenen Cookie- und Datenschutzrichtlinien, auf die wir keinen Einfluss haben. Ihre IP-Adresse wird erst dann an einen Twitter-Server gesendet, wenn Sie dem zustimmen.  <\/p>\n\n<h6>YOUTUBE<\/h6>\n\n<p>Wir verwenden auf unserer Website eingebettete YouTube-Videos. YouTube hat seine eigenen Cookie- und Datenschutzrichtlinien, auf die wir keinen Einfluss haben. Es werden keine Cookies von YouTube installiert und Ihre IP-Adresse wird erst dann an einen YouTube-Server gesendet, wenn Sie dem zustimmen.  <\/p>\n\n<h5>4. COOKIES<\/h5>\n\n<p>Diese Website verwendet Cookies &#8211; kleine Textdateien, die auf Ihrem Computer gespeichert werden, um die Website f\u00fcr den Benutzer angenehmer zu gestalten. Im Allgemeinen werden Cookies verwendet, um Benutzereinstellungen zu speichern, Informationen f\u00fcr Dinge wie Einkaufswagen zu speichern und anonymisierte Tracking-Daten f\u00fcr Drittanwendungen wie Google Analytics bereitzustellen. Cookies dienen im Allgemeinen dazu, Ihr Surferlebnis zu verbessern. Sie k\u00f6nnen es jedoch vorziehen, Cookies auf dieser Website und auf anderen Websites zu deaktivieren. Am effektivsten ist es, wenn Sie Cookies in Ihrem Browser deaktivieren. Wir empfehlen Ihnen, den Hilfebereich Ihres Browsers zu konsultieren.<\/p>\n\n<h6>NOTWENDIGE COOKIES (ALLE BESUCHER DER WEBSITE)<\/h6>\n\n<ul>\n<li><strong>cfduid:<\/strong> Wird f\u00fcr unser CDN CloudFlare verwendet, um einzelne Clients hinter einer gemeinsamen IP-Adresse zu identifizieren und Sicherheitseinstellungen auf Client-Basis anzuwenden.  <\/li>\n\n<li><strong>PHPSESSID:<\/strong> Zur Identifizierung Ihrer einmaligen Sitzung auf der Website.<\/li>\n<\/ul>\n\n<h6>NOTWENDIGE COOKIES (ZUS\u00c4TZLICH F\u00dcR EINGELOGGTE KUNDEN)<\/h6>\n\n<ul>\n<li><strong>wp-auth:<\/strong> Wird von WordPress zur Authentifizierung von angemeldeten Besuchern, zur Passwortauthentifizierung und zur Benutzerverifizierung verwendet.<\/li>\n\n<li><strong>wordpress_logged_in_{hash}:<\/strong> Wird von WordPress verwendet, um eingeloggte Besucher zu authentifizieren, Kennwortauthentifizierung und Benutzer\u00fcberpr\u00fcfung.<\/li>\n\n<li><strong>wordpress_test_cookie<\/strong> Wird von WordPress verwendet, um sicherzustellen, dass die Cookies korrekt funktionieren.<\/li>\n\n<li><strong>wp-settings-[UID]:<\/strong> WordPress setzt ein paar wp-settings-[UID] Cookies. Die Nummer am Ende ist Ihre individuelle Benutzer-ID aus der Tabelle der Benutzerdatenbank. Damit k\u00f6nnen Sie Ihre Ansicht der Verwaltungsoberfl\u00e4che und m\u00f6glicherweise auch die Hauptschnittstelle der Website anpassen.<\/li>\n\n<li><strong>wp-settings-[UID]<\/strong>:WordPress setzt auch einige wp-settings-{time}-[UID] Cookies. Die Nummer am Ende ist Ihre individuelle Benutzer-ID aus der Tabelle der Benutzerdatenbank. Damit k\u00f6nnen Sie Ihre Ansicht der Verwaltungsoberfl\u00e4che und m\u00f6glicherweise auch die Hauptschnittstelle der Website anpassen.<\/li>\n<\/ul>\n\n<h5>5. WER ZUGANG ZU IHREN DATEN HAT<\/h5>\n\n<p>Wenn Sie kein registrierter Kunde f\u00fcr unsere Website sind, k\u00f6nnen wir keine pers\u00f6nlichen Daten \u00fcber Sie speichern oder einsehen. Wenn Sie ein Kunde mit einem registrierten Konto sind, k\u00f6nnen Ihre pers\u00f6nlichen Daten von folgenden Personen eingesehen werden:<\/p>\n\n<ul>\n<li>Unsere Systemadministratoren.<\/li>\n\n<li>Unsere Supportmitarbeiter m\u00fcssen (um Unterst\u00fctzung leisten zu k\u00f6nnen) Informationen \u00fcber die Kundenkonten und den Zugang erhalten.<\/li>\n<\/ul>\n\n<h5>6. ZUGANG VON DRITTEN ZU IHREN DATEN<\/h5>\n\n<p>Wir geben Ihre Daten nicht in einer Weise an Dritte weiter, die Ihre pers\u00f6nlichen Informationen wie E-Mail, Name usw. preisgibt. Die einzigen Ausnahmen von dieser Regel sind Partner, mit denen wir in begrenztem Umfang Daten austauschen m\u00fcssen, um die Dienstleistungen zu erbringen, die Sie von uns erwarten.  <\/p>\n\n<h5>7. WIE LANGE WIR IHRE DATEN AUFBEWAHREN<\/h5>\n\n<p>Wenn Sie ein Support-Ticket oder einen Kommentar einreichen, werden die Metadaten so lange gespeichert, bis Sie uns auffordern, sie zu entfernen (falls dies geschieht). Wir verwenden diese Daten, damit wir Sie erkennen und Ihre Kommentare automatisch freigeben k\u00f6nnen, anstatt sie zur Moderation zur\u00fcckzuhalten. Wenn Sie sich auf unserer Website registrieren, speichern wir auch die von Ihnen angegebenen pers\u00f6nlichen Daten in Ihrem Benutzerprofil. Sie k\u00f6nnen Ihre pers\u00f6nlichen Daten jederzeit einsehen, bearbeiten oder l\u00f6schen (mit Ausnahme der \u00c4nderung Ihres Benutzernamens). Auch Website-Administratoren k\u00f6nnen diese Informationen einsehen und bearbeiten.<\/p>\n\n<h5>8. SICHERHEITSMASSNAHMEN<\/h5>\n\n<p>Wir verwenden auf unserer gesamten Website das SSL\/HTTPS-Protokoll. Dadurch wird die Kommunikation unserer Nutzer mit den Servern verschl\u00fcsselt, so dass pers\u00f6nlich identifizierbare Informationen nicht unbefugt von Dritten abgefangen werden k\u00f6nnen. Im Falle einer Datenschutzverletzung ergreifen die Systemadministratoren unverz\u00fcglich alle erforderlichen Ma\u00dfnahmen, um die Systemintegrit\u00e4t zu gew\u00e4hrleisten, setzen sich mit den betroffenen Nutzern in Verbindung und versuchen gegebenenfalls, die Passw\u00f6rter zur\u00fcckzusetzen.<\/p>\n\n<h5>9. IHRE DATENRECHTE<\/h5>\n\n<h5>ALLGEMEINE RECHTE<\/h5>\n\n<p>Wenn Sie ein registriertes Konto auf dieser Website haben oder Kommentare hinterlassen haben, k\u00f6nnen Sie eine exportierte Datei der von uns gespeicherten personenbezogenen Daten anfordern, einschlie\u00dflich aller zus\u00e4tzlichen Daten, die Sie uns zur Verf\u00fcgung gestellt haben.<\/p>\n\n<p>Sie k\u00f6nnen auch verlangen, dass wir alle von uns gespeicherten personenbezogenen Daten l\u00f6schen. Davon ausgenommen sind Daten, die wir aus verwaltungstechnischen, rechtlichen oder sicherheitsrelevanten Gr\u00fcnden aufbewahren m\u00fcssen. Kurz gesagt, wir k\u00f6nnen keine Daten l\u00f6schen, die f\u00fcr Sie als aktiven Kunden unerl\u00e4sslich sind (d. h. grundlegende Kontoinformationen wie eine E-Mail-Adresse).<br>Wenn Sie w\u00fcnschen, dass alle Ihre Daten gel\u00f6scht werden, k\u00f6nnen wir Ihnen keinen Support oder andere produktbezogene Dienstleistungen mehr anbieten.<\/p>\n\n<h5>GDPR RECHTE<\/h5>\n\n<p>Ihre Privatsph\u00e4re ist f\u00fcr uns von entscheidender Bedeutung. Im Hinblick auf die GDPR wollen wir den GDPR-Standard unterst\u00fctzen. AncoraThemes erlaubt den Einwohnern der Europ\u00e4ischen Union die Nutzung seines Dienstes. Daher ist es die Absicht von AncoraThemes, die Europ\u00e4ische Datenschutzgrundverordnung einzuhalten.  <\/p>\n\n<h5>10. WEBSITES VON DRITTEN<\/h5>\n\n<p>ThemeREX kann auf dieser Website Links zu Websites von Dritten anbieten. Diese Webseiten Dritter werden von AncoraThemes nicht auf die Einhaltung von Datenschutz und Sicherheit \u00fcberpr\u00fcft und Sie entbinden uns von jeglicher Haftung f\u00fcr das Verhalten dieser Webseiten Dritter. Alle Links zur gemeinsamen Nutzung sozialer Medien, die entweder als Textlinks oder als Symbole f\u00fcr soziale Medien angezeigt werden, stellen keine Verbindung zu den zugeh\u00f6rigen Dritten her, es sei denn, Sie klicken sie ausdr\u00fccklich an. Bitte beachten Sie, dass diese Datenschutzrichtlinie und alle anderen geltenden Richtlinien sowie alle \u00c4nderungen keine Rechte begr\u00fcnden, die von Dritten durchgesetzt werden k\u00f6nnen, oder die Offenlegung von pers\u00f6nlichen Daten von Mitgliedern des Dienstes oder der Website erfordern. AncoraThemes tr\u00e4gt keine Verantwortung f\u00fcr die Informationen, die von Werbetreibenden oder Webseiten von Dritten gesammelt oder verwendet werden. Bitte lesen Sie die Datenschutzrichtlinien und Nutzungsbedingungen f\u00fcr jede Website, die Sie \u00fcber Links von Dritten besuchen.<\/p>\n\n<h5>11. FREIGABE IHRER DATEN F\u00dcR RECHTLICHE ZWECKE<\/h5>\n\n<p>Gelegentlich kann es f\u00fcr AncoraThemes aus rechtlichen Gr\u00fcnden notwendig oder w\u00fcnschenswert sein, Ihre Daten als Antwort auf eine Anfrage einer Regierungsbeh\u00f6rde oder eines privaten Prozessf\u00fchrers zu ver\u00f6ffentlichen. Sie erkl\u00e4ren sich damit einverstanden, dass wir Ihre Daten an Dritte weitergeben d\u00fcrfen, wenn wir in gutem Glauben davon ausgehen, dass dies f\u00fcr die Zwecke eines Zivilprozesses, einer strafrechtlichen Untersuchung oder einer anderen rechtlichen Angelegenheit w\u00fcnschenswert ist. Falls wir eine Vorladung erhalten, die Ihre Privatsph\u00e4re betrifft, k\u00f6nnen wir Sie benachrichtigen, um Ihnen die M\u00f6glichkeit zu geben, einen Antrag auf Aufhebung der Vorladung zu stellen, oder wir k\u00f6nnen selbst versuchen, die Vorladung aufzuheben, sind aber zu beidem nicht verpflichtet. Wir k\u00f6nnen Sie auch proaktiv melden und Ihre Daten an Dritte weitergeben, wenn wir der Meinung sind, dass dies aus rechtlichen Gr\u00fcnden ratsam ist, z. B. wenn wir glauben, dass Sie betr\u00fcgerische Aktivit\u00e4ten begangen haben. Sie entbinden uns von jeglichen Sch\u00e4den, die sich aus der Weitergabe Ihrer Daten an Strafverfolgungsbeh\u00f6rden oder private Prozessparteien ergeben oder damit zusammenh\u00e4ngen. Eine Weitergabe personenbezogener Daten zu rechtlichen Zwecken erfolgt nur in \u00dcbereinstimmung mit den Gesetzen des Landes, in dem Sie sich befinden.<\/p>\n\t\t\t\t\t\t\t\t<\/div>\n\t\t\t\t<\/div>\n\t\t\t\t\t<\/div>\n\t\t<\/div>\n\t\t\t\t\t<\/div>\n\t\t<\/section>\n\t\t\t\t<\/div>\n\t\t","protected":false},"excerpt":{"rendered":"<p>DATENSCHUTZPOLITIK Catchlife Aesthetic Center T\u00fcrkei 1. EINLEITUNG CatchLife Aesthetic (Adresse der Website: https:\/\/catchlifeaesthetic.com) wei\u00df Ihr Gesch\u00e4ft und Ihr Vertrauen zu sch\u00e4tzen. Wir sind ein auf Zypern ans\u00e4ssiges Unternehmen, das Produkte entwickelt, um Ihre Website-Erfahrung zu verbessern. Bitte lesen Sie diese Datenschutzrichtlinie und stimmen Sie beiden Dokumenten zu, um unsere Dienste nutzen zu k\u00f6nnen. 2. GESAMMELTE [&hellip;]<\/p>\n","protected":false},"author":1,"featured_media":0,"parent":0,"menu_order":0,"comment_status":"closed","ping_status":"open","template":"","meta":{"_eb_attr":"","_uag_custom_page_level_css":"","_monsterinsights_skip_tracking":false,"_monsterinsights_sitenote_active":false,"_monsterinsights_sitenote_note":"","_monsterinsights_sitenote_category":0,"site-sidebar-layout":"default","site-content-layout":"","ast-site-content-layout":"default","site-content-style":"default","site-sidebar-style":"default","ast-global-header-display":"","ast-banner-title-visibility":"","ast-main-header-display":"","ast-hfb-above-header-display":"","ast-hfb-below-header-display":"","ast-hfb-mobile-header-display":"","site-post-title":"","ast-breadcrumbs-content":"","ast-featured-img":"","footer-sml-layout":"","theme-transparent-header-meta":"","adv-header-id-meta":"","stick-header-meta":"","header-above-stick-meta":"","header-main-stick-meta":"","header-below-stick-meta":"","astra-migrate-meta-layouts":"default","ast-page-background-enabled":"default","ast-page-background-meta":{"desktop":{"background-color":"var(--ast-global-color-4)","background-image":"","background-repeat":"repeat","background-position":"center center","background-size":"auto","background-attachment":"scroll","background-type":"","background-media":"","overlay-type":"","overlay-color":"","overlay-opacity":"","overlay-gradient":""},"tablet":{"background-color":"","background-image":"","background-repeat":"repeat","background-position":"center center","background-size":"auto","background-attachment":"scroll","background-type":"","background-media":"","overlay-type":"","overlay-color":"","overlay-opacity":"","overlay-gradient":""},"mobile":{"background-color":"","background-image":"","background-repeat":"repeat","background-position":"center center","background-size":"auto","background-attachment":"scroll","background-type":"","background-media":"","overlay-type":"","overlay-color":"","overlay-opacity":"","overlay-gradient":""}},"ast-content-background-meta":{"desktop":{"background-color":"var(--ast-global-color-5)","background-image":"","background-repeat":"repeat","background-position":"center center","background-size":"auto","background-attachment":"scroll","background-type":"","background-media":"","overlay-type":"","overlay-color":"","overlay-opacity":"","overlay-gradient":""},"tablet":{"background-color":"var(--ast-global-color-5)","background-image":"","background-repeat":"repeat","background-position":"center center","background-size":"auto","background-attachment":"scroll","background-type":"","background-media":"","overlay-type":"","overlay-color":"","overlay-opacity":"","overlay-gradient":""},"mobile":{"background-color":"var(--ast-global-color-5)","background-image":"","background-repeat":"repeat","background-position":"center center","background-size":"auto","background-attachment":"scroll","background-type":"","background-media":"","overlay-type":"","overlay-color":"","overlay-opacity":"","overlay-gradient":""}},"footnotes":""},"class_list":["post-4108","page","type-page","status-publish","hentry"],"uagb_featured_image_src":{"full":false,"thumbnail":false,"medium":false,"medium_large":false,"large":false,"1536x1536":false,"2048x2048":false,"woocommerce_thumbnail":false,"woocommerce_single":false,"woocommerce_gallery_thumbnail":false},"uagb_author_info":{"display_name":"Catchlife Aesthetic","author_link":"https:\/\/catchlifeaesthetic.com\/de\/author\/admincatchlife-com-tr\/"},"uagb_comment_info":0,"uagb_excerpt":"DATENSCHUTZPOLITIK Catchlife Aesthetic Center T\u00fcrkei 1. EINLEITUNG CatchLife Aesthetic (Adresse der Website: https:\/\/catchlifeaesthetic.com) wei\u00df Ihr Gesch\u00e4ft und Ihr Vertrauen zu sch\u00e4tzen. Wir sind ein auf Zypern ans\u00e4ssiges Unternehmen, das Produkte entwickelt, um Ihre Website-Erfahrung zu verbessern. Bitte lesen Sie diese Datenschutzrichtlinie und stimmen Sie beiden Dokumenten zu, um unsere Dienste nutzen zu k\u00f6nnen. 2. GESAMMELTE&hellip;","_links":{"self":[{"href":"https:\/\/catchlifeaesthetic.com\/de\/wp-json\/wp\/v2\/pages\/4108","targetHints":{"allow":["GET"]}}],"collection":[{"href":"https:\/\/catchlifeaesthetic.com\/de\/wp-json\/wp\/v2\/pages"}],"about":[{"href":"https:\/\/catchlifeaesthetic.com\/de\/wp-json\/wp\/v2\/types\/page"}],"author":[{"embeddable":true,"href":"https:\/\/catchlifeaesthetic.com\/de\/wp-json\/wp\/v2\/users\/1"}],"replies":[{"embeddable":true,"href":"https:\/\/catchlifeaesthetic.com\/de\/wp-json\/wp\/v2\/comments?post=4108"}],"version-history":[{"count":0,"href":"https:\/\/catchlifeaesthetic.com\/de\/wp-json\/wp\/v2\/pages\/4108\/revisions"}],"wp:attachment":[{"href":"https:\/\/catchlifeaesthetic.com\/de\/wp-json\/wp\/v2\/media?parent=4108"}],"curies":[{"name":"wp","href":"https:\/\/api.w.org\/{rel}","templated":true}]}}