{"id":9676,"date":"2024-05-31T12:12:58","date_gmt":"2024-05-31T12:12:58","guid":{"rendered":"https:\/\/catchlifeaesthetic.com\/magenhuelse\/"},"modified":"2024-07-16T11:37:58","modified_gmt":"2024-07-16T11:37:58","slug":"magenhuelse","status":"publish","type":"page","link":"https:\/\/catchlifeaesthetic.com\/de\/gewichtsverlust-chirurgie-tuerkei\/magenhuelse\/","title":{"rendered":"Magenh\u00fclse"},"content":{"rendered":"\n<p>Die Sleeve-Gastrektomie ist ein chirurgischer Eingriff zur Gewichtsabnahme, bei dem der Magen durch die chirurgische Entfernung eines gro\u00dfen Teils des Magens entlang der gro\u00dfen Kr\u00fcmmung auf etwa 15% seiner urspr\u00fcnglichen Gr\u00f6\u00dfe reduziert wird. Das Ergebnis ist eine h\u00fclsen- oder r\u00f6hrenf\u00f6rmige Struktur. Durch den Eingriff wird der Magen dauerhaft verkleinert, obwohl es sp\u00e4ter im Leben zu einer gewissen Erweiterung des Magens kommen kann. Der Eingriff wird im Allgemeinen laparoskopisch durchgef\u00fchrt und ist irreversibel.<\/p>\n\n<figure class=\"wp-block-image size-large\"><img loading=\"lazy\" decoding=\"async\" width=\"1024\" height=\"576\" src=\"https:\/\/catchlifeaesthetic.com\/wp-content\/uploads\/2024\/05\/sleeve-gastrectomy-0-1024x576.jpg\" alt=\"\" class=\"wp-image-7345\" srcset=\"https:\/\/catchlifeaesthetic.com\/wp-content\/uploads\/2024\/05\/sleeve-gastrectomy-0-1024x576.jpg 1024w, https:\/\/catchlifeaesthetic.com\/wp-content\/uploads\/2024\/05\/sleeve-gastrectomy-0-600x338.jpg 600w, https:\/\/catchlifeaesthetic.com\/wp-content\/uploads\/2024\/05\/sleeve-gastrectomy-0-300x169.jpg 300w, https:\/\/catchlifeaesthetic.com\/wp-content\/uploads\/2024\/05\/sleeve-gastrectomy-0-768x432.jpg 768w, https:\/\/catchlifeaesthetic.com\/wp-content\/uploads\/2024\/05\/sleeve-gastrectomy-0.jpg 1200w\" sizes=\"auto, (max-width: 1024px) 100vw, 1024px\" \/><\/figure>\n\n<p>Eine im Jahr 2021 in der Zeitschrift The Lancet ver\u00f6ffentlichte Metaanalyse von 174.772 Teilnehmern ergab, dass bariatrische Operationen bei fettleibigen Erwachsenen mit bzw. ohne Typ-2-Diabetes zu einer Senkung der Gesamtmortalit\u00e4t um 59 % bzw. 30 % f\u00fchrten.[1] Diese Meta-Analyse ergab auch, dass die durchschnittliche Lebenserwartung bei fettleibigen Erwachsenen mit Diabetes, die sich einer bariatrischen Operation unterzogen, 9,3 Jahre h\u00f6her war als bei einer Routinebehandlung (ohne Operation), w\u00e4hrend die Lebenserwartung bei fettleibigen Erwachsenen ohne Diabetes um 5,1 Jahre h\u00f6her war.<\/p>\n\n<p>Eine im Jahr 2021 in der Zeitschrift The Lancet ver\u00f6ffentlichte Metaanalyse von 174.772 Teilnehmern ergab, dass bariatrische Operationen bei fettleibigen Erwachsenen mit bzw. ohne Typ-2-Diabetes zu einer Senkung der Gesamtmortalit\u00e4t um 59 % bzw. 30 % f\u00fchrten.[1] Diese Meta-Analyse ergab auch, dass die durchschnittliche Lebenserwartung bei fettleibigen Erwachsenen mit Diabetes, die sich einer bariatrischen Operation unterzogen, 9,3 Jahre h\u00f6her war als bei einer Routinebehandlung (ohne Operation), w\u00e4hrend die Lebenserwartung bei fettleibigen Erwachsenen ohne Diabetes um 5,1 Jahre h\u00f6her war.<\/p>\n\n<h2 class=\"wp-block-heading\">Geschichten von Patienten<\/h2>\n\n<figure class=\"wp-block-embed is-type-rich is-provider-embed-handler wp-block-embed-embed-handler wp-embed-aspect-16-9 wp-has-aspect-ratio\"><div class=\"wp-block-embed__wrapper\">\n<iframe loading=\"lazy\" title=\"Watch A Gastric Sleeve Story At CatchLife\" width=\"500\" height=\"281\" src=\"https:\/\/www.youtube.com\/embed\/po03Qwj_1N0?feature=oembed\" frameborder=\"0\" allow=\"accelerometer; autoplay; clipboard-write; encrypted-media; gyroscope; picture-in-picture; web-share\" referrerpolicy=\"strict-origin-when-cross-origin\" allowfullscreen><\/iframe>\n<\/div><\/figure>\n\n<p><\/p>\n\n<figure class=\"wp-block-embed is-type-rich is-provider-embed-handler wp-block-embed-embed-handler wp-embed-aspect-16-9 wp-has-aspect-ratio\"><div class=\"wp-block-embed__wrapper\">\n<iframe loading=\"lazy\" title=\"CatchLife Aesthetic - Patients Stories - Gastric Sleeve in Antalya, Turkey\" width=\"500\" height=\"281\" src=\"https:\/\/www.youtube.com\/embed\/7QiUva7Bf0g?feature=oembed\" frameborder=\"0\" allow=\"accelerometer; autoplay; clipboard-write; encrypted-media; gyroscope; picture-in-picture; web-share\" referrerpolicy=\"strict-origin-when-cross-origin\" allowfullscreen><\/iframe>\n<\/div><\/figure>\n\n<p><\/p>\n\n<div class=\"wp-block-group is-nowrap is-layout-flex wp-container-core-group-is-layout-6c531013 wp-block-group-is-layout-flex\">\n<figure class=\"wp-block-image alignleft is-resized\"><img decoding=\"async\" src=\"http:\/\/catchlifeobesity.com\/wp-content\/themes\/catchlifeobesity\/assets\/images\/gallery\/thumb\/gastric-sleeve-surgery-turkey-before-after-image-1-thumb.webp\" alt=\"Magenmanschette vor nach Bild\" style=\"width:453px;height:auto\" title=\"Magenh&#xFC;lse 2\"\/><\/figure>\n\n\n\n<figure class=\"wp-block-image alignright is-resized\"><img decoding=\"async\" src=\"http:\/\/catchlifeobesity.com\/wp-content\/themes\/catchlifeobesity\/assets\/images\/gallery\/thumb\/gastric-sleeve-surgery-turkey-before-after-image-3-thumb.webp\" alt=\"Magenmanschette vor nach Bild\" style=\"width:456px;height:auto\" title=\"Magenh&#xFC;lse 3\"\/><\/figure>\n<\/div>\n\n<h2 class=\"wp-block-heading\">Kostenloses Angebot einholen<\/h2>\n\n<div\n\tclass=\"root-eb-wpforms-3bqj6 wp-block-essential-blocks-wpforms\">\n\t<div class=\"eb-parent-eb-wpforms-3bqj6  eb-parent-wrapper\">\n\t\t<div class=\"eb-wpforms-3bqj6 eb-wpforms-wrapper\">\n\t\t\t<div class=\"wpforms-container wpforms-container-full contact-wpforms\" id=\"wpforms-939\"><form id=\"wpforms-form-939\" class=\"wpforms-validate wpforms-form wpforms-ajax-form\" data-formid=\"939\" method=\"post\" enctype=\"multipart\/form-data\" action=\"\/de\/wp-json\/wp\/v2\/pages\/9676\" data-token=\"b924d164a91eb36325407eb24ec4017e\"><noscript class=\"wpforms-error-noscript\">Bitte aktiviere JavaScript in deinem Browser, um dieses Formular fertigzustellen.<\/noscript><div class=\"wpforms-field-container\"><div id=\"wpforms-939-field_0-container\" class=\"wpforms-field wpforms-field-name\" data-field-id=\"0\"><label class=\"wpforms-field-label\" for=\"wpforms-939-field_0\">Full Name <span class=\"wpforms-required-label\">*<\/span><\/label><input type=\"text\" id=\"wpforms-939-field_0\" class=\"wpforms-field-large wpforms-field-required\" name=\"wpforms[fields][0]\" required><\/div><div id=\"wpforms-939-field_1-container\" class=\"wpforms-field wpforms-field-email\" data-field-id=\"1\"><label class=\"wpforms-field-label\" for=\"wpforms-939-field_1\">Email <span class=\"wpforms-required-label\">*<\/span><\/label><input type=\"email\" id=\"wpforms-939-field_1\" class=\"wpforms-field-large wpforms-field-required\" name=\"wpforms[fields][1]\" required><\/div><div id=\"wpforms-939-field_9-container\" class=\"wpforms-field wpforms-field-phone\" data-field-id=\"9\"><label class=\"wpforms-field-label\" for=\"wpforms-939-field_9\">Phone <span class=\"wpforms-required-label\">*<\/span><\/label><input type=\"tel\" id=\"wpforms-939-field_9\" class=\"wpforms-field-medium wpforms-field-required wpforms-smart-phone-field\" data-rule-smart-phone-field=\"true\" name=\"wpforms[fields][9]\" required><\/div><div id=\"wpforms-939-field_5-container\" class=\"wpforms-field wpforms-field-select wpforms-field-select-style-classic\" data-field-id=\"5\"><label class=\"wpforms-field-label\" for=\"wpforms-939-field_5\">I&#039;m Interested In <span class=\"wpforms-required-label\">*<\/span><\/label><select id=\"wpforms-939-field_5\" class=\"wpforms-field-large wpforms-field-required\" name=\"wpforms[fields][5]\" required=\"required\"><option value=\"\" class=\"placeholder\" disabled  selected='selected'>&#8211; Please select &#8211;<\/option><option value=\"Tummy Tuck\" >Tummy Tuck<\/option><option value=\"Breast Augmenttion\" >Breast Augmenttion<\/option><option value=\"Liposuction\" >Liposuction<\/option><option value=\"Face Aesthetic\" >Face Aesthetic<\/option><option value=\"Brazilian But Lift\" >Brazilian But Lift<\/option><option value=\"Rhinolasty\" >Rhinolasty<\/option><option value=\"Gastric Sleeve\" >Gastric Sleeve<\/option><option value=\"Gastric Balloon\" >Gastric Balloon<\/option><option value=\"Dental Treatment\" >Dental Treatment<\/option><option value=\"Eye Treatment\" >Eye Treatment<\/option><option value=\"Genital Aesthetic\" >Genital Aesthetic<\/option><option value=\"Other Proccedures\" >Other Proccedures<\/option><\/select><\/div><div id=\"wpforms-939-field_6-container\" class=\"wpforms-field wpforms-field-select wpforms-field-select-style-classic\" data-field-id=\"6\"><label class=\"wpforms-field-label\" for=\"wpforms-939-field_6\">Preferred Time to Contact <span class=\"wpforms-required-label\">*<\/span><\/label><select id=\"wpforms-939-field_6\" class=\"wpforms-field-large wpforms-field-required\" name=\"wpforms[fields][6]\" required=\"required\"><option value=\"\" class=\"placeholder\" disabled  selected='selected'>&#8211; Please select &#8211;<\/option><option value=\"Any Time\" >Any Time<\/option><option value=\"9 - 12 AM\" >9 &#8211; 12 AM<\/option><option value=\"12 - 3 PM\" >12 &#8211; 3 PM<\/option><option value=\"3 - 6 PM\" >3 &#8211; 6 PM<\/option><option value=\"6 - 9 PM\" >6 &#8211; 9 PM<\/option><\/select><\/div><div id=\"wpforms-939-field_10-container\" class=\"wpforms-field wpforms-field-select wpforms-field-select-style-classic\" data-field-id=\"10\"><label class=\"wpforms-field-label\" for=\"wpforms-939-field_10\">Preferred Method to Contact <span class=\"wpforms-required-label\">*<\/span><\/label><select id=\"wpforms-939-field_10\" class=\"wpforms-field-large wpforms-field-required\" name=\"wpforms[fields][10]\" required=\"required\"><option value=\"\" class=\"placeholder\" disabled  selected='selected'>&#8211; Please select &#8211;<\/option><option value=\"WhatsApp Message\" >WhatsApp Message<\/option><option value=\"WhatsApp Call\" >WhatsApp Call<\/option><option value=\"Phone Call\" >Phone Call<\/option><option value=\"Email\" >Email<\/option><\/select><\/div><div id=\"wpforms-939-field_8-container\" class=\"wpforms-field wpforms-field-checkbox newsletter-checkbox\" data-field-id=\"8\"><label class=\"wpforms-field-label wpforms-label-hide\" for=\"wpforms-939-field_8\">Checkboxes<\/label><ul id=\"wpforms-939-field_8\"><li class=\"choice-1 depth-1\"><input type=\"checkbox\" id=\"wpforms-939-field_8_1\" name=\"wpforms[fields][8][]\" value=\"Newsletter Signup\"  ><label class=\"wpforms-field-label-inline\" for=\"wpforms-939-field_8_1\">Newsletter Signup<\/label><\/li><\/ul><\/div><div id=\"wpforms-939-field_11-container\" class=\"wpforms-field wpforms-field-hidden\" data-field-id=\"11\"><input type=\"hidden\" id=\"wpforms-939-field_11\" name=\"wpforms[fields][11]\"><\/div><\/div><div class=\"wpforms-submit-container\"><input type=\"hidden\" name=\"wpforms[id]\" value=\"939\"><input type=\"hidden\" name=\"wpforms[author]\" value=\"1\"><button type=\"submit\" name=\"wpforms[submit]\" id=\"wpforms-submit-939\" class=\"wpforms-submit contact-wpforms-button\" aria-live=\"assertive\" value=\"wpforms-submit\">Send Form<\/button><img loading=\"lazy\" decoding=\"async\" src=\"https:\/\/catchlifeaesthetic.com\/wp-content\/plugins\/wpforms\/assets\/images\/submit-spin.svg\" class=\"wpforms-submit-spinner\" style=\"display: none;\" width=\"26\" height=\"26\" alt=\"Wird geladen\"><\/div><\/form><\/div>  <!-- .wpforms-container -->\t\t<\/div>\n\t<\/div>\n<\/div>\n","protected":false},"excerpt":{"rendered":"<p>Die Sleeve-Gastrektomie ist ein chirurgischer Eingriff zur Gewichtsabnahme, bei dem der Magen durch die chirurgische Entfernung eines gro\u00dfen Teils des Magens entlang der gro\u00dfen Kr\u00fcmmung auf etwa 15% seiner urspr\u00fcnglichen Gr\u00f6\u00dfe reduziert wird. Das Ergebnis ist eine h\u00fclsen- oder r\u00f6hrenf\u00f6rmige Struktur. Durch den Eingriff wird der Magen dauerhaft verkleinert, obwohl es sp\u00e4ter im Leben zu [&hellip;]<\/p>\n","protected":false},"author":1,"featured_media":7347,"parent":9677,"menu_order":0,"comment_status":"closed","ping_status":"closed","template":"","meta":{"_eb_attr":"","_uag_custom_page_level_css":"","_monsterinsights_skip_tracking":false,"_monsterinsights_sitenote_active":false,"_monsterinsights_sitenote_note":"","_monsterinsights_sitenote_category":0,"site-sidebar-layout":"default","site-content-layout":"","ast-site-content-layout":"default","site-content-style":"default","site-sidebar-style":"default","ast-global-header-display":"","ast-banner-title-visibility":"","ast-main-header-display":"","ast-hfb-above-header-display":"","ast-hfb-below-header-display":"","ast-hfb-mobile-header-display":"","site-post-title":"","ast-breadcrumbs-content":"","ast-featured-img":"","footer-sml-layout":"","theme-transparent-header-meta":"","adv-header-id-meta":"","stick-header-meta":"","header-above-stick-meta":"","header-main-stick-meta":"","header-below-stick-meta":"","astra-migrate-meta-layouts":"default","ast-page-background-enabled":"default","ast-page-background-meta":{"desktop":{"background-color":"var(--ast-global-color-4)","background-image":"","background-repeat":"repeat","background-position":"center center","background-size":"auto","background-attachment":"scroll","background-type":"","background-media":"","overlay-type":"","overlay-color":"","overlay-opacity":"","overlay-gradient":""},"tablet":{"background-color":"","background-image":"","background-repeat":"repeat","background-position":"center center","background-size":"auto","background-attachment":"scroll","background-type":"","background-media":"","overlay-type":"","overlay-color":"","overlay-opacity":"","overlay-gradient":""},"mobile":{"background-color":"","background-image":"","background-repeat":"repeat","background-position":"center center","background-size":"auto","background-attachment":"scroll","background-type":"","background-media":"","overlay-type":"","overlay-color":"","overlay-opacity":"","overlay-gradient":""}},"ast-content-background-meta":{"desktop":{"background-color":"var(--ast-global-color-5)","background-image":"","background-repeat":"repeat","background-position":"center center","background-size":"auto","background-attachment":"scroll","background-type":"","background-media":"","overlay-type":"","overlay-color":"","overlay-opacity":"","overlay-gradient":""},"tablet":{"background-color":"var(--ast-global-color-5)","background-image":"","background-repeat":"repeat","background-position":"center center","background-size":"auto","background-attachment":"scroll","background-type":"","background-media":"","overlay-type":"","overlay-color":"","overlay-opacity":"","overlay-gradient":""},"mobile":{"background-color":"var(--ast-global-color-5)","background-image":"","background-repeat":"repeat","background-position":"center center","background-size":"auto","background-attachment":"scroll","background-type":"","background-media":"","overlay-type":"","overlay-color":"","overlay-opacity":"","overlay-gradient":""}},"footnotes":""},"class_list":["post-9676","page","type-page","status-publish","has-post-thumbnail","hentry"],"uagb_featured_image_src":{"full":["https:\/\/catchlifeaesthetic.com\/wp-content\/uploads\/2024\/05\/sleeve-gastrectomy-0.jpg",1200,675,false],"thumbnail":["https:\/\/catchlifeaesthetic.com\/wp-content\/uploads\/2024\/05\/sleeve-gastrectomy-0-150x150.jpg",150,150,true],"medium":["https:\/\/catchlifeaesthetic.com\/wp-content\/uploads\/2024\/05\/sleeve-gastrectomy-0-300x169.jpg",300,169,true],"medium_large":["https:\/\/catchlifeaesthetic.com\/wp-content\/uploads\/2024\/05\/sleeve-gastrectomy-0-768x432.jpg",768,432,true],"large":["https:\/\/catchlifeaesthetic.com\/wp-content\/uploads\/2024\/05\/sleeve-gastrectomy-0-1024x576.jpg",1024,576,true],"1536x1536":["https:\/\/catchlifeaesthetic.com\/wp-content\/uploads\/2024\/05\/sleeve-gastrectomy-0.jpg",1200,675,false],"2048x2048":["https:\/\/catchlifeaesthetic.com\/wp-content\/uploads\/2024\/05\/sleeve-gastrectomy-0.jpg",1200,675,false],"woocommerce_thumbnail":["https:\/\/catchlifeaesthetic.com\/wp-content\/uploads\/2024\/05\/sleeve-gastrectomy-0-300x300.jpg",300,300,true],"woocommerce_single":["https:\/\/catchlifeaesthetic.com\/wp-content\/uploads\/2024\/05\/sleeve-gastrectomy-0-600x338.jpg",600,338,true],"woocommerce_gallery_thumbnail":["https:\/\/catchlifeaesthetic.com\/wp-content\/uploads\/2024\/05\/sleeve-gastrectomy-0-100x100.jpg",100,100,true]},"uagb_author_info":{"display_name":"Catchlife Aesthetic","author_link":"https:\/\/catchlifeaesthetic.com\/de\/author\/admincatchlife-com-tr\/"},"uagb_comment_info":0,"uagb_excerpt":"Die Sleeve-Gastrektomie ist ein chirurgischer Eingriff zur Gewichtsabnahme, bei dem der Magen durch die chirurgische Entfernung eines gro\u00dfen Teils des Magens entlang der gro\u00dfen Kr\u00fcmmung auf etwa 15% seiner urspr\u00fcnglichen Gr\u00f6\u00dfe reduziert wird. Das Ergebnis ist eine h\u00fclsen- oder r\u00f6hrenf\u00f6rmige Struktur. Durch den Eingriff wird der Magen dauerhaft verkleinert, obwohl es sp\u00e4ter im Leben zu&hellip;","_links":{"self":[{"href":"https:\/\/catchlifeaesthetic.com\/de\/wp-json\/wp\/v2\/pages\/9676","targetHints":{"allow":["GET"]}}],"collection":[{"href":"https:\/\/catchlifeaesthetic.com\/de\/wp-json\/wp\/v2\/pages"}],"about":[{"href":"https:\/\/catchlifeaesthetic.com\/de\/wp-json\/wp\/v2\/types\/page"}],"author":[{"embeddable":true,"href":"https:\/\/catchlifeaesthetic.com\/de\/wp-json\/wp\/v2\/users\/1"}],"replies":[{"embeddable":true,"href":"https:\/\/catchlifeaesthetic.com\/de\/wp-json\/wp\/v2\/comments?post=9676"}],"version-history":[{"count":1,"href":"https:\/\/catchlifeaesthetic.com\/de\/wp-json\/wp\/v2\/pages\/9676\/revisions"}],"predecessor-version":[{"id":9681,"href":"https:\/\/catchlifeaesthetic.com\/de\/wp-json\/wp\/v2\/pages\/9676\/revisions\/9681"}],"up":[{"embeddable":true,"href":"https:\/\/catchlifeaesthetic.com\/de\/wp-json\/wp\/v2\/pages\/9677"}],"wp:featuredmedia":[{"embeddable":true,"href":"https:\/\/catchlifeaesthetic.com\/de\/wp-json\/wp\/v2\/media\/7347"}],"wp:attachment":[{"href":"https:\/\/catchlifeaesthetic.com\/de\/wp-json\/wp\/v2\/media?parent=9676"}],"curies":[{"name":"wp","href":"https:\/\/api.w.org\/{rel}","templated":true}]}}