{"id":9733,"date":"2024-07-10T07:54:40","date_gmt":"2024-07-10T07:54:40","guid":{"rendered":"https:\/\/catchlifeaesthetic.com\/gewichtsverlust-chirurgie-tuerkei\/magenballon\/"},"modified":"2024-07-16T11:38:16","modified_gmt":"2024-07-16T11:38:16","slug":"magenballon","status":"publish","type":"page","link":"https:\/\/catchlifeaesthetic.com\/de\/gewichtsverlust-chirurgie-tuerkei\/magenballon\/","title":{"rendered":"Magenballon"},"content":{"rendered":"\n<p>Die Platzierung eines Magenballons ist ein Verfahren zur Gewichtsabnahme, bei dem ein mit Kochsalzl\u00f6sung gef\u00fcllter Silikonballon in den Magen des Patienten eingef\u00fchrt wird. Dies hilft beim Abnehmen, indem es die Menge des Essens einschr\u00e4nkt und daf\u00fcr sorgt, dass man sich schneller satt f\u00fchlt.<\/p>\n\n<h2 class=\"wp-block-heading\">F\u00fcr wen ist es gedacht?<\/h2>\n\n<ul class=\"wp-block-list\">\n<li>Der Body Mass Index (BMI) liegt zwischen 25 und 40<\/li>\n\n\n\n<li>Sie sind bereit, ihren Lebensstil zu \u00e4ndern, sich regelm\u00e4\u00dfig \u00e4rztlich untersuchen zu lassen und an einer Verhaltenstherapie teilzunehmen.<\/li>\n\n\n\n<li>Keine vorherige Magen- oder Speiser\u00f6hrenoperation gehabt haben<\/li>\n<\/ul>\n\n<p>Das Verfahren mit dem Magenballon wird ambulant in der Endoskopieabteilung durchgef\u00fchrt. Sie werden f\u00fcr den Eingriff bet\u00e4ubt.<\/p>\n\n<p>W\u00e4hrend des Eingriffs f\u00fchrt der Arzt einen d\u00fcnnen Schlauch (Katheter), der mit dem Magenballon beladen ist, durch die Kehle des Patienten in dessen Magen ein. Als N\u00e4chstes schiebt der Arzt ein Endoskop, einen flexiblen Schlauch mit einer Kamera, durch den Rachen in den Magen. Mit der Kamera kann der Arzt den Ballon sehen, w\u00e4hrend er ihn mit Kochsalzl\u00f6sung f\u00fcllt.<\/p>\n\n<p>Der Eingriff dauert etwa eine halbe Stunde. Der Patient kann in der Regel ein bis zwei Stunden nach Abschluss des Eingriffs nach Hause gehen.<\/p>\n\n<figure class=\"wp-block-image alignleft\"><img decoding=\"async\" src=\"http:\/\/catchlifeobesity.com\/wp-content\/uploads\/2023\/05\/Georgie-67kb.jpeg\" alt=\"Georgie 67kb\" class=\"wp-image-1068\" title=\"Gastric Balloon Pakete in der T&#xFC;rkei 1\"\/><\/figure>\n\n<figure class=\"wp-block-image alignleft\"><img decoding=\"async\" src=\"http:\/\/catchlifeobesity.com\/wp-content\/uploads\/2023\/05\/Jacques.jpeg\" alt=\"Jacques\" class=\"wp-image-1070\" title=\"Magenballon Pakete in der T&#xFC;rkei 2\"\/><\/figure>\n\n<figure class=\"wp-block-image alignleft\"><img decoding=\"async\" src=\"http:\/\/catchlifeobesity.com\/wp-content\/uploads\/2023\/05\/Emma-1.jpeg\" alt=\"Emma 1\" class=\"wp-image-1072\" title=\"Magenballon Pakete in der T&#xFC;rkei 3\"\/><\/figure>\n\n<h2 class=\"wp-block-heading\">Verschluckbarer Magenballon: Eine nicht-chirurgische L\u00f6sung zur Gewichtsabnahme<\/h2>\n\n<p>Fettleibigkeit ist weltweit ein ernstes Gesundheitsproblem. Es erh\u00f6ht das Risiko, verschiedene chronische Krankheiten zu entwickeln, darunter Diabetes, Bluthochdruck und Herzkrankheiten. Leider f\u00e4llt es vielen Menschen schwer, mit den altbew\u00e4hrten Methoden wie Di\u00e4t und Sport ihre Pfunde zu verlieren. Der schluckbare Magenballon, ein nicht-chirurgisches Hilfsmittel zur Gewichtsreduktion, das es Patienten erm\u00f6glicht, Gewicht zu verlieren und es zu halten, erf\u00fcllt diesen Bedarf.<\/p>\n\n<h2 class=\"wp-block-heading\">Was ist ein verschluckbarer Magenballon?<\/h2>\n\n<p>Eine nicht-chirurgische Alternative zur Gewichtsreduktion, die als &#8222;schluckbarer Magenballon&#8220; bezeichnet wird, ist das Schlucken eines entleerten Ballons, der mit Kochsalzl\u00f6sung gef\u00fcllt wurde, um Platz im Magen zu schaffen. Dank des Ballons f\u00fchlen Sie sich satter, was zu einer dramatischen Gewichtsabnahme f\u00fchren kann. Der Eingriff kann ambulant durchgef\u00fchrt werden und hinterl\u00e4sst keine Schnittnarben.<\/p>\n\n<h2 class=\"wp-block-heading\">Wer ist ein guter Kandidat f\u00fcr einen verschluckbaren Magenballon?<\/h2>\n\n<p>Wenn Sie einen Body-Mass-Index (BMI) von 25 bis 40 haben und Di\u00e4t und Sport ohne Erfolg ausprobiert haben, sollten Sie einen schluckbaren Magenballon in Betracht ziehen. Au\u00dferdem ist es eine Option f\u00fcr Menschen, die aufgrund von Krankheiten oder anderen Umst\u00e4nden nicht f\u00fcr andere Behandlungen zur Gewichtsreduktion in Frage kommen.<\/p>\n\n<h2 class=\"wp-block-heading\">Wie lange bleibt der verschluckbare Magenballon an seinem Platz?<\/h2>\n\n<p>Es ist vorgesehen, dass der verschluckbare Magenballon vier Monate lang im Magen verbleibt. Danach wird die Luft entleert und auf die gleiche Weise wieder herausgenommen, wie sie hineingelegt wurde. Um w\u00e4hrend der sechs Monate optimale Ergebnisse zu erzielen, wird den Patienten empfohlen, ein Gewichtsreduktionsprogramm unter \u00e4rztlicher Aufsicht einzuhalten.<\/p>\n\n<h2 class=\"wp-block-heading\">Was sind die Vorteile eines verschluckbaren Magenballons?<\/h2>\n\n<p>Der schluckbare Magenballon kann auch ohne Operation zu einer erheblichen Gewichtsreduktion f\u00fchren. W\u00e4hrend der sechsmonatigen Platzierung des Ballons k\u00f6nnen die Patienten davon ausgehen, dass sie im Durchschnitt 25-30% ihres zus\u00e4tzlichen K\u00f6rpergewichts verlieren. Au\u00dferdem ermutigt der Ballon die Patienten, sich gesund zu ern\u00e4hren, was zu einem dauerhaften Erfolg bei der Gewichtsreduktion f\u00fchren kann. Es sind keine Schnitte oder Narben erforderlich, da das Verfahren minimalinvasiv ist.<\/p>\n\n<h2 class=\"wp-block-heading\">Was sind die Risiken eines schluckbaren Magenballons?<\/h2>\n\n<p>Ein schluckbarer Magenballon birgt Gefahren, wie jeder medizinische Eingriff. Bauchbeschwerden, Erbrechen und \u00dcbelkeit sind die h\u00e4ufigsten unerw\u00fcnschten Wirkungen. In seltenen F\u00e4llen kann der Ballon platzen oder sich entleeren, was zu Verstopfungen im Verdauungstrakt f\u00fchren kann. Wenn dies geschieht, muss der Ballon sofort herausgenommen werden.<\/p>\n\n<h2 class=\"wp-block-heading\">Was sollte ich nach dem Eingriff erwarten?<\/h2>\n\n<p>Die Patienten m\u00fcssen nach der Behandlung ein medizinisch \u00fcberwachtes Programm zur Gewichtsreduzierung einhalten, das eine kalorienarme Di\u00e4t und regelm\u00e4\u00dfige Bewegung beinhaltet. Das Ziel dieses Programms ist es, den Patienten die gr\u00f6\u00dfte Chance auf eine erfolgreiche Gewichtsreduktion zu bieten. In den ersten Tagen nach der Operation kann es zu Unwohlsein, \u00dcbelkeit oder Erbrechen kommen; diese Symptome sollten jedoch schnell vergehen. Es ist wichtig, dass Sie sich an alle Anweisungen halten, die Ihnen Ihr Arzt f\u00fcr die Zeit nach dem Eingriff gibt.<\/p>\n\n<h2 class=\"wp-block-heading\">Kann ich mit einem verschluckbaren Magenballon normal essen?<\/h2>\n\n<p>Der Magenballon hilft zwar, das S\u00e4ttigungsgef\u00fchl der Patienten zu beschleunigen, aber der gr\u00f6\u00dfte Nutzen f\u00fcr die Gewichtsreduktion ergibt sich aus der Einhaltung eines ausgewogenen Ern\u00e4hrungsplans. Die Patienten werden angewiesen, t\u00e4glich weniger Kalorien zu sich zu nehmen und sich von fett- und zuckerreichen Mahlzeiten fernzuhalten. Au\u00dferdem ist es wichtig, viel Wasser zu trinken und sich von kohlens\u00e4urehaltigen Getr\u00e4nken fernzuhalten, da diese w\u00e4hrend des Tragens des Ballons unangenehm sein k\u00f6nnen. Um Schmerzen zu vermeiden und zu gew\u00e4hrleisten, dass der Ballon in seiner Position bleibt, sollten die Patienten ihre Nahrung auch vollst\u00e4ndig kauen und langsam verzehren.<\/p>\n\n<h2 class=\"wp-block-heading\">Kann der verschluckbare Magenballon vorzeitig entfernt werden?<\/h2>\n\n<p>Manchmal haben die Patienten starke Schmerzen oder andere Probleme, die eine Entfernung des Ballons vor Ablauf der sechs Monate erforderlich machen. Eine zu fr\u00fche Entfernung des Ballons kann jedoch zu einer geringeren Gewichtsreduktion f\u00fchren. Bevor Sie sich dazu entschlie\u00dfen, den Ballon vorzeitig entfernen zu lassen, sollten Sie mit Ihrem Arzt \u00fcber Ihre Sorgen und Schmerzen sprechen.<\/p>\n\n<h2 class=\"wp-block-heading\">Wird der verschluckbare Magenballon von der Versicherung \u00fcbernommen?<\/h2>\n\n<p>Der schluckbare Magenballon kann je nach Versicherungsplan und medizinischem Hintergrund des Patienten von der Versicherung \u00fcbernommen werden oder nicht. Einige wenige Versicherungen k\u00f6nnen die Kosten ganz oder teilweise \u00fcbernehmen, aber die meisten decken den Eingriff nicht ab. Um herauszufinden, welche M\u00f6glichkeiten der Kosten\u00fcbernahme es gibt, k\u00f6nnen sich Patienten an ihre Versicherungsgesellschaft wenden.<\/p>\n\n<h2 class=\"wp-block-heading\">Wie wird es angewendet?<\/h2>\n\n<figure class=\"wp-block-embed is-type-rich is-provider-embed-handler wp-block-embed-embed-handler wp-embed-aspect-16-9 wp-has-aspect-ratio\"><div class=\"wp-block-embed__wrapper\">\n<iframe loading=\"lazy\" title=\"The Swallowable Gastric Balloon Procedure\" width=\"500\" height=\"281\" src=\"https:\/\/www.youtube.com\/embed\/JlpjwwcLwRc?feature=oembed\" frameborder=\"0\" allow=\"accelerometer; autoplay; clipboard-write; encrypted-media; gyroscope; picture-in-picture; web-share\" referrerpolicy=\"strict-origin-when-cross-origin\" allowfullscreen><\/iframe>\n<\/div><\/figure>\n\n<h2 class=\"wp-block-heading\">Wie funktioniert das?<\/h2>\n\n<p>Ein Magenballon kann dazu f\u00fchren, dass sich der Patient schneller satt f\u00fchlt, als er es normalerweise tun w\u00fcrde, was oft bedeutet, dass er weniger isst. Ein Grund daf\u00fcr ist, dass der Magenballon die Entleerungszeit des Magens verlangsamt. Ein weiterer Grund ist, dass der Ballon den Spiegel von Hormonen zu ver\u00e4ndern scheint, die den Appetit kontrollieren.<\/p>\n\n<p>Wie viel Sie abnehmen, h\u00e4ngt davon ab, wie sehr Sie Ihre Lebensgewohnheiten, einschlie\u00dflich Ern\u00e4hrung und Bewegung, \u00e4ndern k\u00f6nnen. Ausgehend von einer Zusammenfassung der derzeit verf\u00fcgbaren Behandlungen ist ein Verlust von etwa 7% bis 15% des K\u00f6rpergewichts in den ersten sechs Monaten nach der Implantation typisch. Der Gesamtverlust an \u00dcbergewicht liegt zwischen 30% und 47%.<\/p>\n\n<p>Eine dauerhafte gesunde Umstellung Ihrer Ern\u00e4hrung, zusammen mit regelm\u00e4\u00dfiger k\u00f6rperlicher Aktivit\u00e4t und Sport, ist notwendig, um eine erneute Gewichtszunahme zu vermeiden.<\/p>\n\n<h2 class=\"wp-block-heading\">Letzter Gedanke<\/h2>\n\n<p>F\u00fcr Menschen, die mit Fettleibigkeit zu k\u00e4mpfen haben, ist der schluckbare Magenballon eine nicht-chirurgische L\u00f6sung zur Gewichtskontrolle, die zu einem bemerkenswerten Gewichtsverlust f\u00fchren kann. Die Patienten k\u00f6nnen davon ausgehen, dass sie w\u00e4hrend der sechsmonatigen Platzierung des Ballons zwischen 25 und 30 Prozent ihres zus\u00e4tzlichen K\u00f6rpergewichts verlieren, da die Behandlung minimalinvasiv ist. Jede medizinische Behandlung birgt jedoch auch Gefahren. Daher sollten Sie mit Ihrem Arzt \u00fcber die spezifischen Risiken und Vorteile sprechen.<\/p>\n\n<h2 class=\"wp-block-heading\">H\u00e4ufig gestellte Fragen zum Magenballon<\/h2>\n\n<h3 class=\"wp-block-heading\">Wie lange bleibt der verschluckbare Magenballon an seinem Platz?<\/h3>\n\n<p>Es ist vorgesehen, dass der verschluckbare Magenballon sechs Monate lang im Magen verbleibt.<\/p>\n\n<h3 class=\"wp-block-heading\">Kann ich mit einem verschluckbaren Magenballon normal essen?<\/h3>\n\n<p>Der Magenballon hilft zwar, das S\u00e4ttigungsgef\u00fchl der Patienten zu beschleunigen, aber der gr\u00f6\u00dfte Nutzen f\u00fcr die Gewichtsreduktion ergibt sich aus der Einhaltung eines ausgewogenen Ern\u00e4hrungsplans.<\/p>\n\n<h3 class=\"wp-block-heading\">Was sind die Risiken eines verschluckbaren Magenballons?<\/h3>\n\n<p>Abdominales Unwohlsein, Erbrechen und \u00dcbelkeit sind die h\u00e4ufigsten unerw\u00fcnschten Wirkungen. In seltenen F\u00e4llen kann der Ballon platzen oder sich entleeren, was zu Verstopfungen im Verdauungstrakt f\u00fchren kann.<\/p>\n\n<h3 class=\"wp-block-heading\">Wird der verschluckbare Magenballon von der Versicherung \u00fcbernommen?<\/h3>\n\n<p>Der schluckbare Magenballon kann je nach Versicherungsplan und medizinischem Hintergrund des Patienten von der Versicherung \u00fcbernommen werden oder nicht. Um herauszufinden, welche M\u00f6glichkeiten der Kosten\u00fcbernahme es gibt, k\u00f6nnen sich Patienten an ihre Versicherungsgesellschaft wenden.<\/p>\n\n<h3 class=\"wp-block-heading\">Kann der verschluckbare Magenballon vorzeitig entfernt werden?<\/h3>\n\n<p>Manchmal haben die Patienten starke Schmerzen oder andere Probleme, die eine Entfernung des Ballons vor Ablauf der sechs Monate erforderlich machen. Eine zu fr\u00fche Entfernung des Ballons kann jedoch zu einer geringeren Gewichtsreduktion f\u00fchren. Bevor Sie sich dazu entschlie\u00dfen, den Ballon vorzeitig entfernen zu lassen, sollten Sie mit Ihrem Arzt \u00fcber Ihre Sorgen und Schmerzen sprechen.<\/p>\n\n<h2 class=\"wp-block-heading\">Kostenloses Angebot einholen<\/h2>\n\n<div\n\tclass=\"root-eb-wpforms-2kepm wp-block-essential-blocks-wpforms\">\n\t<div class=\"eb-parent-eb-wpforms-2kepm  eb-parent-wrapper\">\n\t\t<div class=\"eb-wpforms-2kepm eb-wpforms-wrapper\">\n\t\t\t<div class=\"wpforms-container wpforms-container-full contact-wpforms\" id=\"wpforms-939\"><form id=\"wpforms-form-939\" class=\"wpforms-validate wpforms-form wpforms-ajax-form\" data-formid=\"939\" method=\"post\" enctype=\"multipart\/form-data\" action=\"\/de\/wp-json\/wp\/v2\/pages\/9733\" data-token=\"1ded982a3f772315fce0a7fabf9805cd\"><noscript class=\"wpforms-error-noscript\">Bitte aktiviere JavaScript in deinem Browser, um dieses Formular fertigzustellen.<\/noscript><div class=\"wpforms-field-container\"><div id=\"wpforms-939-field_0-container\" class=\"wpforms-field wpforms-field-name\" data-field-id=\"0\"><label class=\"wpforms-field-label\" for=\"wpforms-939-field_0\">Full Name <span class=\"wpforms-required-label\">*<\/span><\/label><input type=\"text\" id=\"wpforms-939-field_0\" class=\"wpforms-field-large wpforms-field-required\" name=\"wpforms[fields][0]\" required><\/div><div id=\"wpforms-939-field_1-container\" class=\"wpforms-field wpforms-field-email\" data-field-id=\"1\"><label class=\"wpforms-field-label\" for=\"wpforms-939-field_1\">Email <span class=\"wpforms-required-label\">*<\/span><\/label><input type=\"email\" id=\"wpforms-939-field_1\" class=\"wpforms-field-large wpforms-field-required\" name=\"wpforms[fields][1]\" required><\/div><div id=\"wpforms-939-field_9-container\" class=\"wpforms-field wpforms-field-phone\" data-field-id=\"9\"><label class=\"wpforms-field-label\" for=\"wpforms-939-field_9\">Phone <span class=\"wpforms-required-label\">*<\/span><\/label><input type=\"tel\" id=\"wpforms-939-field_9\" class=\"wpforms-field-medium wpforms-field-required wpforms-smart-phone-field\" data-rule-smart-phone-field=\"true\" name=\"wpforms[fields][9]\" required><\/div><div id=\"wpforms-939-field_5-container\" class=\"wpforms-field wpforms-field-select wpforms-field-select-style-classic\" data-field-id=\"5\"><label class=\"wpforms-field-label\" for=\"wpforms-939-field_5\">I&#039;m Interested In <span class=\"wpforms-required-label\">*<\/span><\/label><select id=\"wpforms-939-field_5\" class=\"wpforms-field-large wpforms-field-required\" name=\"wpforms[fields][5]\" required=\"required\"><option value=\"\" class=\"placeholder\" disabled  selected='selected'>&#8211; Please select &#8211;<\/option><option value=\"Tummy Tuck\" >Tummy Tuck<\/option><option value=\"Breast Augmenttion\" >Breast Augmenttion<\/option><option value=\"Liposuction\" >Liposuction<\/option><option value=\"Face Aesthetic\" >Face Aesthetic<\/option><option value=\"Brazilian But Lift\" >Brazilian But Lift<\/option><option value=\"Rhinolasty\" >Rhinolasty<\/option><option value=\"Gastric Sleeve\" >Gastric Sleeve<\/option><option value=\"Gastric Balloon\" >Gastric Balloon<\/option><option value=\"Dental Treatment\" >Dental Treatment<\/option><option value=\"Eye Treatment\" >Eye Treatment<\/option><option value=\"Genital Aesthetic\" >Genital Aesthetic<\/option><option value=\"Other Proccedures\" >Other Proccedures<\/option><\/select><\/div><div id=\"wpforms-939-field_6-container\" class=\"wpforms-field wpforms-field-select wpforms-field-select-style-classic\" data-field-id=\"6\"><label class=\"wpforms-field-label\" for=\"wpforms-939-field_6\">Preferred Time to Contact <span class=\"wpforms-required-label\">*<\/span><\/label><select id=\"wpforms-939-field_6\" class=\"wpforms-field-large wpforms-field-required\" name=\"wpforms[fields][6]\" required=\"required\"><option value=\"\" class=\"placeholder\" disabled  selected='selected'>&#8211; Please select &#8211;<\/option><option value=\"Any Time\" >Any Time<\/option><option value=\"9 - 12 AM\" >9 &#8211; 12 AM<\/option><option value=\"12 - 3 PM\" >12 &#8211; 3 PM<\/option><option value=\"3 - 6 PM\" >3 &#8211; 6 PM<\/option><option value=\"6 - 9 PM\" >6 &#8211; 9 PM<\/option><\/select><\/div><div id=\"wpforms-939-field_10-container\" class=\"wpforms-field wpforms-field-select wpforms-field-select-style-classic\" data-field-id=\"10\"><label class=\"wpforms-field-label\" for=\"wpforms-939-field_10\">Preferred Method to Contact <span class=\"wpforms-required-label\">*<\/span><\/label><select id=\"wpforms-939-field_10\" class=\"wpforms-field-large wpforms-field-required\" name=\"wpforms[fields][10]\" required=\"required\"><option value=\"\" class=\"placeholder\" disabled  selected='selected'>&#8211; Please select &#8211;<\/option><option value=\"WhatsApp Message\" >WhatsApp Message<\/option><option value=\"WhatsApp Call\" >WhatsApp Call<\/option><option value=\"Phone Call\" >Phone Call<\/option><option value=\"Email\" >Email<\/option><\/select><\/div><div id=\"wpforms-939-field_8-container\" class=\"wpforms-field wpforms-field-checkbox newsletter-checkbox\" data-field-id=\"8\"><label class=\"wpforms-field-label wpforms-label-hide\" for=\"wpforms-939-field_8\">Checkboxes<\/label><ul id=\"wpforms-939-field_8\"><li class=\"choice-1 depth-1\"><input type=\"checkbox\" id=\"wpforms-939-field_8_1\" name=\"wpforms[fields][8][]\" value=\"Newsletter Signup\"  ><label class=\"wpforms-field-label-inline\" for=\"wpforms-939-field_8_1\">Newsletter Signup<\/label><\/li><\/ul><\/div><div id=\"wpforms-939-field_11-container\" class=\"wpforms-field wpforms-field-hidden\" data-field-id=\"11\"><input type=\"hidden\" id=\"wpforms-939-field_11\" name=\"wpforms[fields][11]\"><\/div><\/div><div class=\"wpforms-submit-container\"><input type=\"hidden\" name=\"wpforms[id]\" value=\"939\"><input type=\"hidden\" name=\"wpforms[author]\" value=\"1\"><button type=\"submit\" name=\"wpforms[submit]\" id=\"wpforms-submit-939\" class=\"wpforms-submit contact-wpforms-button\" aria-live=\"assertive\" value=\"wpforms-submit\">Send Form<\/button><img loading=\"lazy\" decoding=\"async\" src=\"https:\/\/catchlifeaesthetic.com\/wp-content\/plugins\/wpforms\/assets\/images\/submit-spin.svg\" class=\"wpforms-submit-spinner\" style=\"display: none;\" width=\"26\" height=\"26\" alt=\"Wird geladen\"><\/div><\/form><\/div>  <!-- .wpforms-container -->\t\t<\/div>\n\t<\/div>\n<\/div>\n\n<div class=\"wp-block-columns is-layout-flex wp-container-core-columns-is-layout-28f84493 wp-block-columns-is-layout-flex\">\n<div class=\"wp-block-column is-vertically-aligned-center is-layout-flow wp-block-column-is-layout-flow\" style=\"flex-basis:100%\"><\/div>\n<\/div>\n","protected":false},"excerpt":{"rendered":"<p>Die Platzierung eines Magenballons ist ein Verfahren zur Gewichtsabnahme, bei dem ein mit Kochsalzl\u00f6sung gef\u00fcllter Silikonballon in den Magen des Patienten eingef\u00fchrt wird. Dies hilft beim Abnehmen, indem es die Menge des Essens einschr\u00e4nkt und daf\u00fcr sorgt, dass man sich schneller satt f\u00fchlt. F\u00fcr wen ist es gedacht? Das Verfahren mit dem Magenballon wird ambulant [&hellip;]<\/p>\n","protected":false},"author":1,"featured_media":7347,"parent":9677,"menu_order":0,"comment_status":"closed","ping_status":"closed","template":"","meta":{"_eb_attr":"","_uag_custom_page_level_css":"","_monsterinsights_skip_tracking":false,"_monsterinsights_sitenote_active":false,"_monsterinsights_sitenote_note":"","_monsterinsights_sitenote_category":0,"site-sidebar-layout":"default","site-content-layout":"","ast-site-content-layout":"default","site-content-style":"default","site-sidebar-style":"default","ast-global-header-display":"","ast-banner-title-visibility":"","ast-main-header-display":"","ast-hfb-above-header-display":"","ast-hfb-below-header-display":"","ast-hfb-mobile-header-display":"","site-post-title":"","ast-breadcrumbs-content":"","ast-featured-img":"","footer-sml-layout":"","theme-transparent-header-meta":"","adv-header-id-meta":"","stick-header-meta":"","header-above-stick-meta":"","header-main-stick-meta":"","header-below-stick-meta":"","astra-migrate-meta-layouts":"default","ast-page-background-enabled":"default","ast-page-background-meta":{"desktop":{"background-color":"var(--ast-global-color-4)","background-image":"","background-repeat":"repeat","background-position":"center center","background-size":"auto","background-attachment":"scroll","background-type":"","background-media":"","overlay-type":"","overlay-color":"","overlay-opacity":"","overlay-gradient":""},"tablet":{"background-color":"","background-image":"","background-repeat":"repeat","background-position":"center center","background-size":"auto","background-attachment":"scroll","background-type":"","background-media":"","overlay-type":"","overlay-color":"","overlay-opacity":"","overlay-gradient":""},"mobile":{"background-color":"","background-image":"","background-repeat":"repeat","background-position":"center center","background-size":"auto","background-attachment":"scroll","background-type":"","background-media":"","overlay-type":"","overlay-color":"","overlay-opacity":"","overlay-gradient":""}},"ast-content-background-meta":{"desktop":{"background-color":"var(--ast-global-color-5)","background-image":"","background-repeat":"repeat","background-position":"center center","background-size":"auto","background-attachment":"scroll","background-type":"","background-media":"","overlay-type":"","overlay-color":"","overlay-opacity":"","overlay-gradient":""},"tablet":{"background-color":"var(--ast-global-color-5)","background-image":"","background-repeat":"repeat","background-position":"center center","background-size":"auto","background-attachment":"scroll","background-type":"","background-media":"","overlay-type":"","overlay-color":"","overlay-opacity":"","overlay-gradient":""},"mobile":{"background-color":"var(--ast-global-color-5)","background-image":"","background-repeat":"repeat","background-position":"center center","background-size":"auto","background-attachment":"scroll","background-type":"","background-media":"","overlay-type":"","overlay-color":"","overlay-opacity":"","overlay-gradient":""}},"footnotes":""},"class_list":["post-9733","page","type-page","status-publish","has-post-thumbnail","hentry"],"uagb_featured_image_src":{"full":["https:\/\/catchlifeaesthetic.com\/wp-content\/uploads\/2024\/05\/sleeve-gastrectomy-0.jpg",1200,675,false],"thumbnail":["https:\/\/catchlifeaesthetic.com\/wp-content\/uploads\/2024\/05\/sleeve-gastrectomy-0-150x150.jpg",150,150,true],"medium":["https:\/\/catchlifeaesthetic.com\/wp-content\/uploads\/2024\/05\/sleeve-gastrectomy-0-300x169.jpg",300,169,true],"medium_large":["https:\/\/catchlifeaesthetic.com\/wp-content\/uploads\/2024\/05\/sleeve-gastrectomy-0-768x432.jpg",768,432,true],"large":["https:\/\/catchlifeaesthetic.com\/wp-content\/uploads\/2024\/05\/sleeve-gastrectomy-0-1024x576.jpg",1024,576,true],"1536x1536":["https:\/\/catchlifeaesthetic.com\/wp-content\/uploads\/2024\/05\/sleeve-gastrectomy-0.jpg",1200,675,false],"2048x2048":["https:\/\/catchlifeaesthetic.com\/wp-content\/uploads\/2024\/05\/sleeve-gastrectomy-0.jpg",1200,675,false],"woocommerce_thumbnail":["https:\/\/catchlifeaesthetic.com\/wp-content\/uploads\/2024\/05\/sleeve-gastrectomy-0-300x300.jpg",300,300,true],"woocommerce_single":["https:\/\/catchlifeaesthetic.com\/wp-content\/uploads\/2024\/05\/sleeve-gastrectomy-0-600x338.jpg",600,338,true],"woocommerce_gallery_thumbnail":["https:\/\/catchlifeaesthetic.com\/wp-content\/uploads\/2024\/05\/sleeve-gastrectomy-0-100x100.jpg",100,100,true]},"uagb_author_info":{"display_name":"Catchlife Aesthetic","author_link":"https:\/\/catchlifeaesthetic.com\/de\/author\/admincatchlife-com-tr\/"},"uagb_comment_info":0,"uagb_excerpt":"Die Platzierung eines Magenballons ist ein Verfahren zur Gewichtsabnahme, bei dem ein mit Kochsalzl\u00f6sung gef\u00fcllter Silikonballon in den Magen des Patienten eingef\u00fchrt wird. Dies hilft beim Abnehmen, indem es die Menge des Essens einschr\u00e4nkt und daf\u00fcr sorgt, dass man sich schneller satt f\u00fchlt. F\u00fcr wen ist es gedacht? Das Verfahren mit dem Magenballon wird ambulant&hellip;","_links":{"self":[{"href":"https:\/\/catchlifeaesthetic.com\/de\/wp-json\/wp\/v2\/pages\/9733","targetHints":{"allow":["GET"]}}],"collection":[{"href":"https:\/\/catchlifeaesthetic.com\/de\/wp-json\/wp\/v2\/pages"}],"about":[{"href":"https:\/\/catchlifeaesthetic.com\/de\/wp-json\/wp\/v2\/types\/page"}],"author":[{"embeddable":true,"href":"https:\/\/catchlifeaesthetic.com\/de\/wp-json\/wp\/v2\/users\/1"}],"replies":[{"embeddable":true,"href":"https:\/\/catchlifeaesthetic.com\/de\/wp-json\/wp\/v2\/comments?post=9733"}],"version-history":[{"count":1,"href":"https:\/\/catchlifeaesthetic.com\/de\/wp-json\/wp\/v2\/pages\/9733\/revisions"}],"predecessor-version":[{"id":9776,"href":"https:\/\/catchlifeaesthetic.com\/de\/wp-json\/wp\/v2\/pages\/9733\/revisions\/9776"}],"up":[{"embeddable":true,"href":"https:\/\/catchlifeaesthetic.com\/de\/wp-json\/wp\/v2\/pages\/9677"}],"wp:featuredmedia":[{"embeddable":true,"href":"https:\/\/catchlifeaesthetic.com\/de\/wp-json\/wp\/v2\/media\/7347"}],"wp:attachment":[{"href":"https:\/\/catchlifeaesthetic.com\/de\/wp-json\/wp\/v2\/media?parent=9733"}],"curies":[{"name":"wp","href":"https:\/\/api.w.org\/{rel}","templated":true}]}}