{"id":9816,"date":"2024-07-10T07:51:47","date_gmt":"2024-07-10T07:51:47","guid":{"rendered":"https:\/\/catchlifeaesthetic.com\/gewichtsverlust-chirurgie-tuerkei\/magenbypass\/"},"modified":"2024-07-16T11:38:16","modified_gmt":"2024-07-16T11:38:16","slug":"magenbypass","status":"publish","type":"page","link":"https:\/\/catchlifeaesthetic.com\/de\/gewichtsverlust-chirurgie-tuerkei\/magenbypass\/","title":{"rendered":"Magenbypass"},"content":{"rendered":"\n<p>Der Magenbypass ist ein chirurgischer Eingriff, der Menschen mit Fettleibigkeit helfen kann, Gewicht zu verlieren und ihre Gesundheit zu verbessern. Es verkleinert den Magen und ver\u00e4ndert die Art und Weise, wie der Magen und der D\u00fcnndarm die Nahrung aufnehmen, so dass Sie leichter abnehmen k\u00f6nnen. Dieses Verfahren wird auch als Roux-en-Y-Magenbypass bezeichnet.<\/p>\n\n<h2 class=\"wp-block-heading\">Wann sollte ich eine Magenbypass-Operation in Betracht ziehen?<\/h2>\n\n<p>Wenn Sie sehr fettleibig sind und andere Gesundheitsprobleme haben und sich bem\u00fcht haben, durch Di\u00e4ten und mehr Bewegung abzunehmen, k\u00f6nnte Ihr Arzt eine Magenbypass-Operation vorschlagen, um Ihnen bei der Gewichtsabnahme zu helfen.<\/p>\n\n<p>Die Magenbypass-Operation ist eine sehr effektive Art der Operation zur Gewichtsabnahme, aber sie ist nicht f\u00fcr jeden geeignet. Besprechen Sie mit Ihrem Arzt, welche Methode f\u00fcr Sie am besten geeignet ist, und sprechen Sie dar\u00fcber, was Sie erwarten k\u00f6nnen. Sie k\u00f6nnten fragen:<\/p>\n\n<ul class=\"wp-block-list\">\n<li>Wie hoch ist der durchschnittliche Gewichtsverlust nach einem Jahr?<\/li>\n\n\n\n<li>Wie hoch ist der durchschnittliche Gewichtsverlust nach 5 Jahren?<\/li>\n\n\n\n<li>Welche Rolle spiele ich nach der Operation?<\/li>\n<\/ul>\n\n<p>Eine Gewichtsabnahme nach einer Magenbypass-Operation kann helfen, Probleme mit Typ-2-Diabetes, Asthmaanf\u00e4llen und Blutdruck zu verringern und die Herzgesundheit zu verbessern.<\/p>\n\n<figure class=\"wp-block-embed is-type-rich is-provider-embed-handler wp-block-embed-embed-handler wp-embed-aspect-16-9 wp-has-aspect-ratio\"><div class=\"wp-block-embed__wrapper\">\n<iframe loading=\"lazy\" title=\"Gastric Bypass Procedure Demonstration\" width=\"500\" height=\"281\" src=\"https:\/\/www.youtube.com\/embed\/NGfgShJkHM8?feature=oembed\" frameborder=\"0\" allow=\"accelerometer; autoplay; clipboard-write; encrypted-media; gyroscope; picture-in-picture; web-share\" referrerpolicy=\"strict-origin-when-cross-origin\" allowfullscreen><\/iframe>\n<\/div><\/figure>\n\n<p>Fettleibigkeit ist eines der sozialen Gesundheitsprobleme der letzten Jahre. Die Menschen werden durch die stagnierende Systematik des Stadtlebens von Tag zu Tag dicker, und als Folge davon k\u00f6nnen andere ernsthafte Gesundheitsprobleme entstehen.<\/p>\n\n<p>Fettleibigkeit: Sie ist der Hauptgrund f\u00fcr viele Gesundheitsprobleme, insbesondere f\u00fcr Erkrankungen des Hormonsystems. Universelle Bewertungen; Komplikationen, die durch alle Anwendungen zur Behandlung von Fettleibigkeit verursacht werden k\u00f6nnen, zeigen, dass Fettleibigkeit nicht gef\u00e4hrlicher ist als sie selbst.<\/p>\n\n<p>Daher ist \u00dcbergewicht, d.h. Fettleibigkeit, eine Krankheit und ihre Behandlung obligatorisch. Denn dieses Problem, das sich in allen L\u00e4ndern der Welt als Gesundheitsproblem darstellt, ist zu einem ernsten Problem geworden.<\/p>\n\n<h2 class=\"wp-block-heading\">Was ist ein Roux-En-Y-Gastric-Bypass (RYGB)?<\/h2>\n\n<figure class=\"wp-block-image\"><img decoding=\"async\" src=\"http:\/\/catchlifeobesity.com\/wp-content\/uploads\/2022\/10\/roux-en-y-gastric-bypass-graphic.webp\" alt=\"roux en y gastric bypass Grafik\" class=\"wp-image-361\" title=\"Gastrische Bypass Pakete in der T&#xFC;rkei 1\"\/><\/figure>\n\n<p>RY Magenbypass; Er wird als eine Art chirurgischer Eingriff in Form einer neuen Verbindung zwischen dem Magen und dem D\u00fcnndarm sowie einer Verkleinerung des Magens definiert. Bei diesen Operationen handelt es sich in der Regel um Anwendungen der bariatrischen Chirurgie, die zur dauerhaften Behandlung von Fettleibigkeit geeignet sind. Diese Anwendungen, die meist laparoskopisch durchgef\u00fchrt werden, werden von spezialisierten Chirurgen vor Ort in einer voll ausgestatteten Operationssaalumgebung vorgenommen.<\/p>\n\n<p>Er ist in zwei Hauptabschnitte unterteilt, von denen einer recht klein ist und spezielle chirurgische Materialien verwendet (Laparoskopie). Das System ist so aufgebaut, dass der kleine Magenabschnitt bis zu einem Bereich von ca. 50-70 cm L\u00e4nge vom ersten Teil des D\u00fcnndarms gebildet wird und die beiden D\u00e4rme wieder zusammengef\u00fchrt werden, so dass Ihre Galle und Bauchspeicheldr\u00fcsensekrete in den 100-150 cm langen Bereich gelangen, der sich nach dieser Ebene fortsetzt.<\/p>\n\n<p>Mit dieser Operation soll das Volumen der aufgenommenen Nahrung durch den kleinen Magenbeutel (30-50 cc), der durch die Operation neu geschaffen wurde, reduziert werden. Folglich sorgt das sp\u00e4te Zusammentreffen der kleinen Nahrungsmenge, die mit den Fl\u00fcssigkeiten der Bauchspeicheldr\u00fcse und der Galle gegessen wird, f\u00fcr eine Gewichtskontrolle, indem es die Aufnahme der gesamten darin enthaltenen Kalorien verhindert.<\/p>\n\n<p>Im Gegensatz zur Sleeve-Gastrektomie wird beim RY-Gastric-Bypass sowohl die Nahrungsaufnahme reduziert als auch die Aufnahme aller Kalorien aus der aufgenommenen Nahrung verhindert. Nat\u00fcrlich wird die Entscheidung, welche dieser Anwendungen durchgef\u00fchrt wird, nicht nach den m\u00f6glichen allgemeinen Komplikationen getroffen, sondern nach der Analyse, die der Arzt durchf\u00fchren muss.<\/p>\n\n<p>Mit dem postoperativen Di\u00e4tprogramm, der Regulierung der k\u00f6rperlichen Aktivit\u00e4t und Sport erreicht die Person ihr Idealgewicht und die langfristige Gewichtskontrolle ist gew\u00e4hrleistet, solange sie die Regeln befolgt.<\/p>\n\n<h2 class=\"wp-block-heading\">Was ist ein Mini-Gastric-Bypass?<\/h2>\n\n<figure class=\"wp-block-image\"><img decoding=\"async\" src=\"http:\/\/catchlifeobesity.com\/wp-content\/uploads\/2022\/10\/mini-gastric-bypass-graphic.webp\" alt=\"Mini-Magenbypass Grafik\" class=\"wp-image-359\" title=\"Gastrische Bypass Pakete in der T&#xFC;rkei 2\"\/><\/figure>\n\n<p>Der Mini-Gastric-Bypass ist eine Operation, die mit einer laparoskopischen Technik durchgef\u00fchrt wird und sowohl die Verkleinerung des Magenvolumens als auch die Abtrennung eines Teils des D\u00fcnndarms von der Absorptionsfunktion erm\u00f6glicht. Dies zeigt, dass die Mini-Gastric-Bypass-Operation eine Methode ist, die einfacher durchgef\u00fchrt werden kann. Der Mini-Gastric-Bypass ist eine der schnellsten und einfachsten Methoden der bariatrischen Chirurgie, und der postoperative Erholungsprozess ist sehr angenehm und kurz.<\/p>\n\n<p>Bei der laparoskopischen Methode (geschlossen) wird die Mini-Gastric-Bypass-Operation durch 4 L\u00f6cher von 0,5 cm und 1 cm in der Bauchdecke durchgef\u00fchrt. Bei dieser Operation wird mit Hilfe von Klammern eine kleine Magentasche von 15 cm L\u00e4nge und 2 cm Breite im Magen angelegt und diese winzige Magentasche wird zwischen 180-200 cm des D\u00fcnndarms angeschlossen.<\/p>\n\n<p>Dank dieser Operation wird das Volumen des Magens auf 50 cc reduziert, da eine Minitasche\/ein Beutel aus 1000 cc geschaffen wird. Auf diese Weise versp\u00fcren die Patienten schon bei einer Nahrungsaufnahme von 50 ml ein &#8222;fr\u00fches S\u00e4ttigungsgef\u00fchl&#8220;. Die Nahrung wird dann daran gehindert, in die ersten 150-180 cm des D\u00fcnndarms zu gelangen, wo die Nahrungsaufnahme am h\u00f6chsten ist, und die Passage der Nahrung zwischen 180-200 cm des Darms ist gew\u00e4hrleistet. Mit anderen Worten, nach der Mini-Gastric-Bypass-Operation wird die Aufnahme von Zucker und zuckerhaltigen Nahrungsmitteln, die oral aus dem Darm aufgenommen werden, verhindert oder kann durch die Reduzierung des Diabetes eliminiert werden.<\/p>\n\n<h2 class=\"wp-block-heading\">Warum empfehlen \u00c4rzte den Mini-Gastric-Bypass?<\/h2>\n\n<ul class=\"wp-block-list\">\n<li>Der Absorptionsvorgang im D\u00fcnndarm ist bei dieser Operation geringer.<\/li>\n\n\n\n<li>Da es keine sch\u00e4dlichen Eingriffe in den Magen des Einzelnen gibt, ist es m\u00f6glich, zum urspr\u00fcnglichen Magen zur\u00fcckzukehren.<\/li>\n\n\n\n<li>Es ist eine dauerhafte L\u00f6sung f\u00fcr Menschen mit Typ-2-Diabetes und \u00e4hnlichen Gesundheitsproblemen.<\/li>\n\n\n\n<li>Es ist einfacher zu implementieren als die RYGB-Operation.<\/li>\n\n\n\n<li>Nachdem der Abnehmprozess abgeschlossen ist, ist die Wahrscheinlichkeit, dass Sie wieder zunehmen, geringer.<\/li>\n\n\n\n<li>Nach der Operation ist keine Fl\u00fcssignahrung erforderlich.<\/li>\n<\/ul>\n\n<h2 class=\"wp-block-heading\">Magenbypass-Operation in der T\u00fcrkei<\/h2>\n\n<p>Sie k\u00f6nnen sich in unserer Klinik in der T\u00fcrkei einer Magenbypass-Operation unterziehen. Sie m\u00fcssen nur einen Termin vereinbaren. Unterkunft, Transport, Essen und Trinken sowie der gesamte Behandlungsprozess werden von den besten Orten des Landes aus f\u00fcr Sie organisiert. Sie k\u00f6nnen unser B\u00fcro sofort anrufen, um die Einzelheiten zu besprechen und einen Termin zu vereinbaren. Unsere Kontaktinformationen finden Sie auf unserer Website.<\/p>\n\n<h2 class=\"wp-block-heading\">Kostenloses Angebot einholen<\/h2>\n\n<div\n\tclass=\"root-eb-wpforms-q0uap wp-block-essential-blocks-wpforms\">\n\t<div class=\"eb-parent-eb-wpforms-q0uap  eb-parent-wrapper\">\n\t\t<div class=\"eb-wpforms-q0uap eb-wpforms-wrapper\">\n\t\t\t<div class=\"wpforms-container wpforms-container-full contact-wpforms\" id=\"wpforms-939\"><form id=\"wpforms-form-939\" class=\"wpforms-validate wpforms-form wpforms-ajax-form\" data-formid=\"939\" method=\"post\" enctype=\"multipart\/form-data\" action=\"\/de\/wp-json\/wp\/v2\/pages\/9816\" data-token=\"00591bf8eeb8cc1470e1018d153fd272\"><noscript class=\"wpforms-error-noscript\">Bitte aktiviere JavaScript in deinem Browser, um dieses Formular fertigzustellen.<\/noscript><div class=\"wpforms-field-container\"><div id=\"wpforms-939-field_0-container\" class=\"wpforms-field wpforms-field-name\" data-field-id=\"0\"><label class=\"wpforms-field-label\" for=\"wpforms-939-field_0\">Full Name <span class=\"wpforms-required-label\">*<\/span><\/label><input type=\"text\" id=\"wpforms-939-field_0\" class=\"wpforms-field-large wpforms-field-required\" name=\"wpforms[fields][0]\" required><\/div><div id=\"wpforms-939-field_1-container\" class=\"wpforms-field wpforms-field-email\" data-field-id=\"1\"><label class=\"wpforms-field-label\" for=\"wpforms-939-field_1\">Email <span class=\"wpforms-required-label\">*<\/span><\/label><input type=\"email\" id=\"wpforms-939-field_1\" class=\"wpforms-field-large wpforms-field-required\" name=\"wpforms[fields][1]\" required><\/div><div id=\"wpforms-939-field_9-container\" class=\"wpforms-field wpforms-field-phone\" data-field-id=\"9\"><label class=\"wpforms-field-label\" for=\"wpforms-939-field_9\">Phone <span class=\"wpforms-required-label\">*<\/span><\/label><input type=\"tel\" id=\"wpforms-939-field_9\" class=\"wpforms-field-medium wpforms-field-required wpforms-smart-phone-field\" data-rule-smart-phone-field=\"true\" name=\"wpforms[fields][9]\" required><\/div><div id=\"wpforms-939-field_5-container\" class=\"wpforms-field wpforms-field-select wpforms-field-select-style-classic\" data-field-id=\"5\"><label class=\"wpforms-field-label\" for=\"wpforms-939-field_5\">I&#039;m Interested In <span class=\"wpforms-required-label\">*<\/span><\/label><select id=\"wpforms-939-field_5\" class=\"wpforms-field-large wpforms-field-required\" name=\"wpforms[fields][5]\" required=\"required\"><option value=\"\" class=\"placeholder\" disabled  selected='selected'>&#8211; Please select &#8211;<\/option><option value=\"Tummy Tuck\" >Tummy Tuck<\/option><option value=\"Breast Augmenttion\" >Breast Augmenttion<\/option><option value=\"Liposuction\" >Liposuction<\/option><option value=\"Face Aesthetic\" >Face Aesthetic<\/option><option value=\"Brazilian But Lift\" >Brazilian But Lift<\/option><option value=\"Rhinolasty\" >Rhinolasty<\/option><option value=\"Gastric Sleeve\" >Gastric Sleeve<\/option><option value=\"Gastric Balloon\" >Gastric Balloon<\/option><option value=\"Dental Treatment\" >Dental Treatment<\/option><option value=\"Eye Treatment\" >Eye Treatment<\/option><option value=\"Genital Aesthetic\" >Genital Aesthetic<\/option><option value=\"Other Proccedures\" >Other Proccedures<\/option><\/select><\/div><div id=\"wpforms-939-field_6-container\" class=\"wpforms-field wpforms-field-select wpforms-field-select-style-classic\" data-field-id=\"6\"><label class=\"wpforms-field-label\" for=\"wpforms-939-field_6\">Preferred Time to Contact <span class=\"wpforms-required-label\">*<\/span><\/label><select id=\"wpforms-939-field_6\" class=\"wpforms-field-large wpforms-field-required\" name=\"wpforms[fields][6]\" required=\"required\"><option value=\"\" class=\"placeholder\" disabled  selected='selected'>&#8211; Please select &#8211;<\/option><option value=\"Any Time\" >Any Time<\/option><option value=\"9 - 12 AM\" >9 &#8211; 12 AM<\/option><option value=\"12 - 3 PM\" >12 &#8211; 3 PM<\/option><option value=\"3 - 6 PM\" >3 &#8211; 6 PM<\/option><option value=\"6 - 9 PM\" >6 &#8211; 9 PM<\/option><\/select><\/div><div id=\"wpforms-939-field_10-container\" class=\"wpforms-field wpforms-field-select wpforms-field-select-style-classic\" data-field-id=\"10\"><label class=\"wpforms-field-label\" for=\"wpforms-939-field_10\">Preferred Method to Contact <span class=\"wpforms-required-label\">*<\/span><\/label><select id=\"wpforms-939-field_10\" class=\"wpforms-field-large wpforms-field-required\" name=\"wpforms[fields][10]\" required=\"required\"><option value=\"\" class=\"placeholder\" disabled  selected='selected'>&#8211; Please select &#8211;<\/option><option value=\"WhatsApp Message\" >WhatsApp Message<\/option><option value=\"WhatsApp Call\" >WhatsApp Call<\/option><option value=\"Phone Call\" >Phone Call<\/option><option value=\"Email\" >Email<\/option><\/select><\/div><div id=\"wpforms-939-field_8-container\" class=\"wpforms-field wpforms-field-checkbox newsletter-checkbox\" data-field-id=\"8\"><label class=\"wpforms-field-label wpforms-label-hide\" for=\"wpforms-939-field_8\">Checkboxes<\/label><ul id=\"wpforms-939-field_8\"><li class=\"choice-1 depth-1\"><input type=\"checkbox\" id=\"wpforms-939-field_8_1\" name=\"wpforms[fields][8][]\" value=\"Newsletter Signup\"  ><label class=\"wpforms-field-label-inline\" for=\"wpforms-939-field_8_1\">Newsletter Signup<\/label><\/li><\/ul><\/div><div id=\"wpforms-939-field_11-container\" class=\"wpforms-field wpforms-field-hidden\" data-field-id=\"11\"><input type=\"hidden\" id=\"wpforms-939-field_11\" name=\"wpforms[fields][11]\"><\/div><\/div><div class=\"wpforms-submit-container\"><input type=\"hidden\" name=\"wpforms[id]\" value=\"939\"><input type=\"hidden\" name=\"wpforms[author]\" value=\"1\"><button type=\"submit\" name=\"wpforms[submit]\" id=\"wpforms-submit-939\" class=\"wpforms-submit contact-wpforms-button\" aria-live=\"assertive\" value=\"wpforms-submit\">Send Form<\/button><img loading=\"lazy\" decoding=\"async\" src=\"https:\/\/catchlifeaesthetic.com\/wp-content\/plugins\/wpforms\/assets\/images\/submit-spin.svg\" class=\"wpforms-submit-spinner\" style=\"display: none;\" width=\"26\" height=\"26\" alt=\"Wird geladen\"><\/div><\/form><\/div>  <!-- .wpforms-container -->\t\t<\/div>\n\t<\/div>\n<\/div>\n","protected":false},"excerpt":{"rendered":"<p>Der Magenbypass ist ein chirurgischer Eingriff, der Menschen mit Fettleibigkeit helfen kann, Gewicht zu verlieren und ihre Gesundheit zu verbessern. Es verkleinert den Magen und ver\u00e4ndert die Art und Weise, wie der Magen und der D\u00fcnndarm die Nahrung aufnehmen, so dass Sie leichter abnehmen k\u00f6nnen. Dieses Verfahren wird auch als Roux-en-Y-Magenbypass bezeichnet. Wann sollte ich [&hellip;]<\/p>\n","protected":false},"author":1,"featured_media":7347,"parent":9677,"menu_order":0,"comment_status":"closed","ping_status":"closed","template":"","meta":{"_eb_attr":"","_uag_custom_page_level_css":"","_monsterinsights_skip_tracking":false,"_monsterinsights_sitenote_active":false,"_monsterinsights_sitenote_note":"","_monsterinsights_sitenote_category":0,"site-sidebar-layout":"default","site-content-layout":"","ast-site-content-layout":"default","site-content-style":"default","site-sidebar-style":"default","ast-global-header-display":"","ast-banner-title-visibility":"","ast-main-header-display":"","ast-hfb-above-header-display":"","ast-hfb-below-header-display":"","ast-hfb-mobile-header-display":"","site-post-title":"","ast-breadcrumbs-content":"","ast-featured-img":"","footer-sml-layout":"","theme-transparent-header-meta":"","adv-header-id-meta":"","stick-header-meta":"","header-above-stick-meta":"","header-main-stick-meta":"","header-below-stick-meta":"","astra-migrate-meta-layouts":"default","ast-page-background-enabled":"default","ast-page-background-meta":{"desktop":{"background-color":"var(--ast-global-color-4)","background-image":"","background-repeat":"repeat","background-position":"center center","background-size":"auto","background-attachment":"scroll","background-type":"","background-media":"","overlay-type":"","overlay-color":"","overlay-opacity":"","overlay-gradient":""},"tablet":{"background-color":"","background-image":"","background-repeat":"repeat","background-position":"center center","background-size":"auto","background-attachment":"scroll","background-type":"","background-media":"","overlay-type":"","overlay-color":"","overlay-opacity":"","overlay-gradient":""},"mobile":{"background-color":"","background-image":"","background-repeat":"repeat","background-position":"center center","background-size":"auto","background-attachment":"scroll","background-type":"","background-media":"","overlay-type":"","overlay-color":"","overlay-opacity":"","overlay-gradient":""}},"ast-content-background-meta":{"desktop":{"background-color":"var(--ast-global-color-5)","background-image":"","background-repeat":"repeat","background-position":"center center","background-size":"auto","background-attachment":"scroll","background-type":"","background-media":"","overlay-type":"","overlay-color":"","overlay-opacity":"","overlay-gradient":""},"tablet":{"background-color":"var(--ast-global-color-5)","background-image":"","background-repeat":"repeat","background-position":"center center","background-size":"auto","background-attachment":"scroll","background-type":"","background-media":"","overlay-type":"","overlay-color":"","overlay-opacity":"","overlay-gradient":""},"mobile":{"background-color":"var(--ast-global-color-5)","background-image":"","background-repeat":"repeat","background-position":"center center","background-size":"auto","background-attachment":"scroll","background-type":"","background-media":"","overlay-type":"","overlay-color":"","overlay-opacity":"","overlay-gradient":""}},"footnotes":""},"class_list":["post-9816","page","type-page","status-publish","has-post-thumbnail","hentry"],"uagb_featured_image_src":{"full":["https:\/\/catchlifeaesthetic.com\/wp-content\/uploads\/2024\/05\/sleeve-gastrectomy-0.jpg",1200,675,false],"thumbnail":["https:\/\/catchlifeaesthetic.com\/wp-content\/uploads\/2024\/05\/sleeve-gastrectomy-0-150x150.jpg",150,150,true],"medium":["https:\/\/catchlifeaesthetic.com\/wp-content\/uploads\/2024\/05\/sleeve-gastrectomy-0-300x169.jpg",300,169,true],"medium_large":["https:\/\/catchlifeaesthetic.com\/wp-content\/uploads\/2024\/05\/sleeve-gastrectomy-0-768x432.jpg",768,432,true],"large":["https:\/\/catchlifeaesthetic.com\/wp-content\/uploads\/2024\/05\/sleeve-gastrectomy-0-1024x576.jpg",1024,576,true],"1536x1536":["https:\/\/catchlifeaesthetic.com\/wp-content\/uploads\/2024\/05\/sleeve-gastrectomy-0.jpg",1200,675,false],"2048x2048":["https:\/\/catchlifeaesthetic.com\/wp-content\/uploads\/2024\/05\/sleeve-gastrectomy-0.jpg",1200,675,false],"woocommerce_thumbnail":["https:\/\/catchlifeaesthetic.com\/wp-content\/uploads\/2024\/05\/sleeve-gastrectomy-0-300x300.jpg",300,300,true],"woocommerce_single":["https:\/\/catchlifeaesthetic.com\/wp-content\/uploads\/2024\/05\/sleeve-gastrectomy-0-600x338.jpg",600,338,true],"woocommerce_gallery_thumbnail":["https:\/\/catchlifeaesthetic.com\/wp-content\/uploads\/2024\/05\/sleeve-gastrectomy-0-100x100.jpg",100,100,true]},"uagb_author_info":{"display_name":"Catchlife Aesthetic","author_link":"https:\/\/catchlifeaesthetic.com\/de\/author\/admincatchlife-com-tr\/"},"uagb_comment_info":0,"uagb_excerpt":"Der Magenbypass ist ein chirurgischer Eingriff, der Menschen mit Fettleibigkeit helfen kann, Gewicht zu verlieren und ihre Gesundheit zu verbessern. Es verkleinert den Magen und ver\u00e4ndert die Art und Weise, wie der Magen und der D\u00fcnndarm die Nahrung aufnehmen, so dass Sie leichter abnehmen k\u00f6nnen. Dieses Verfahren wird auch als Roux-en-Y-Magenbypass bezeichnet. Wann sollte ich&hellip;","_links":{"self":[{"href":"https:\/\/catchlifeaesthetic.com\/de\/wp-json\/wp\/v2\/pages\/9816","targetHints":{"allow":["GET"]}}],"collection":[{"href":"https:\/\/catchlifeaesthetic.com\/de\/wp-json\/wp\/v2\/pages"}],"about":[{"href":"https:\/\/catchlifeaesthetic.com\/de\/wp-json\/wp\/v2\/types\/page"}],"author":[{"embeddable":true,"href":"https:\/\/catchlifeaesthetic.com\/de\/wp-json\/wp\/v2\/users\/1"}],"replies":[{"embeddable":true,"href":"https:\/\/catchlifeaesthetic.com\/de\/wp-json\/wp\/v2\/comments?post=9816"}],"version-history":[{"count":1,"href":"https:\/\/catchlifeaesthetic.com\/de\/wp-json\/wp\/v2\/pages\/9816\/revisions"}],"predecessor-version":[{"id":9836,"href":"https:\/\/catchlifeaesthetic.com\/de\/wp-json\/wp\/v2\/pages\/9816\/revisions\/9836"}],"up":[{"embeddable":true,"href":"https:\/\/catchlifeaesthetic.com\/de\/wp-json\/wp\/v2\/pages\/9677"}],"wp:featuredmedia":[{"embeddable":true,"href":"https:\/\/catchlifeaesthetic.com\/de\/wp-json\/wp\/v2\/media\/7347"}],"wp:attachment":[{"href":"https:\/\/catchlifeaesthetic.com\/de\/wp-json\/wp\/v2\/media?parent=9816"}],"curies":[{"name":"wp","href":"https:\/\/api.w.org\/{rel}","templated":true}]}}