{"id":9938,"date":"2024-07-11T10:06:36","date_gmt":"2024-07-11T10:06:36","guid":{"rendered":"https:\/\/catchlifeaesthetic.com\/augenbehandlung-tuerkei\/katarakt-chirurgie-eine-klarere-sicht-auf-das-leben\/"},"modified":"2024-07-16T11:39:38","modified_gmt":"2024-07-16T11:39:38","slug":"katarakt-chirurgie-eine-klarere-sicht-auf-das-leben","status":"publish","type":"page","link":"https:\/\/catchlifeaesthetic.com\/de\/augenbehandlung-tuerkei\/katarakt-chirurgie-eine-klarere-sicht-auf-das-leben\/","title":{"rendered":"Katarakt-Chirurgie: Eine klarere Sicht auf das Leben"},"content":{"rendered":"\n<figure class=\"wp-block-image size-large\"><img loading=\"lazy\" decoding=\"async\" width=\"1024\" height=\"771\" src=\"https:\/\/catchlifeaesthetic.com\/wp-content\/uploads\/2024\/07\/cataract-1-1024x771.jpg\" alt=\"\" class=\"wp-image-9100\" srcset=\"https:\/\/catchlifeaesthetic.com\/wp-content\/uploads\/2024\/07\/cataract-1-1024x771.jpg 1024w, https:\/\/catchlifeaesthetic.com\/wp-content\/uploads\/2024\/07\/cataract-1-scaled-600x452.jpg 600w, https:\/\/catchlifeaesthetic.com\/wp-content\/uploads\/2024\/07\/cataract-1-300x226.jpg 300w, https:\/\/catchlifeaesthetic.com\/wp-content\/uploads\/2024\/07\/cataract-1-768x579.jpg 768w, https:\/\/catchlifeaesthetic.com\/wp-content\/uploads\/2024\/07\/cataract-1-1536x1157.jpg 1536w, https:\/\/catchlifeaesthetic.com\/wp-content\/uploads\/2024\/07\/cataract-1-2048x1543.jpg 2048w\" sizes=\"auto, (max-width: 1024px) 100vw, 1024px\" \/><\/figure>\n\n<p>Ein Katarakt ist eine h\u00e4ufige Augenerkrankung, bei der sich die nat\u00fcrliche Linse des Auges eintr\u00fcbt, was zu einer allm\u00e4hlichen Abnahme der Sehkraft f\u00fchrt. Sie kann eine Folge des Alterns, der Genetik, von Verletzungen oder anderen medizinischen Bedingungen sein. Der Graue Star kann mit einer Operation behandelt werden, bei der die getr\u00fcbte Linse entfernt und durch eine k\u00fcnstliche Linse, die Intraokularlinse (IOL), ersetzt wird.<\/p>\n\n<h3 class=\"wp-block-heading\">Vorteile der Kataraktchirurgie<\/h3>\n\n<p>Die Operation des Grauen Stars kann einen tiefgreifenden Einfluss auf Ihr Sehverm\u00f6gen und Ihre Lebensqualit\u00e4t haben, unter anderem:<\/p>\n\n<p>&#8211; Verbesserte Klarheit und Sehsch\u00e4rfe<\/p>\n\n<p>&#8211; Verbesserte Farbwahrnehmung und Kontrastempfindlichkeit<\/p>\n\n<p>&#8211; Reduzierte Blendung und Lichth\u00f6fe<\/p>\n\n<p>&#8211; Erh\u00f6hte Unabh\u00e4ngigkeit und Sicherheit<\/p>\n\n<p>&#8211; Verbessertes allgemeines Wohlbefinden und Lebensqualit\u00e4t<\/p>\n\n<h3 class=\"wp-block-heading\">Nachteile der Kataraktchirurgie<\/h3>\n\n<p>Obwohl die Kataraktoperation ein sicheres und effektives Verfahren ist, gibt es einige potenzielle Risiken und Komplikationen, darunter:<\/p>\n\n<p>&#8211; Infektion oder Blutung<\/p>\n\n<p>&#8211; Schwellungen oder Entz\u00fcndungen<\/p>\n\n<p>&#8211; Netzhautabl\u00f6sung oder andere Sehst\u00f6rungen<\/p>\n\n<p>&#8211; Dislokation oder Fehlfunktion der Kunstlinse<\/p>\n\n<p>&#8211; Glaukom oder andere Augenkrankheiten<\/p>\n\n<h3 class=\"wp-block-heading\">Was ist der Unterschied zwischen einer Kataraktoperation und RLE?<\/h3>\n\n<p>Die Kataraktoperation und der refraktive Linsenaustausch (RLE) sind \u00e4hnliche Verfahren, bei denen die nat\u00fcrliche Linse des Auges entfernt und durch eine IOL ersetzt wird. Der Hauptunterschied zwischen den beiden Operationen besteht darin, dass bei der Kataraktoperation die durch den Grauen Star verursachte Linsentr\u00fcbung entfernt wird, w\u00e4hrend die RLE zur Korrektur von Brechungsfehlern wie Kurzsichtigkeit, Weitsichtigkeit oder Alterssichtigkeit durchgef\u00fchrt wird. Au\u00dferdem wird die Kataraktoperation von der Versicherung \u00fcbernommen, w\u00e4hrend die RLE in der Regel als Wahleingriff gilt und nicht von der Versicherung \u00fcbernommen wird.<\/p>\n\n<h3 class=\"wp-block-heading\">Welche Linsen stehen bei einer Kataraktoperation zur Auswahl?<\/h3>\n\n<p>Bei CatchLife Eye bieten wir eine Reihe von Linsen f\u00fcr die Kataraktoperation an, darunter monofokale, EDOF- und trifokale Linsen. Monofokale Linsen bieten klare Sicht in einer Entfernung, typischerweise f\u00fcr die Fernsicht. EDOF-Gl\u00e4ser bieten eine klare Sicht, in der Regel f\u00fcr die Ferne und die mittlere Sicht. Trifokale Brillengl\u00e4ser bieten eine klare Sicht im Fern-, Zwischen- und Nahbereich, k\u00f6nnen aber mehr Nebenwirkungen wie Lichth\u00f6fe und Blendung haben.<\/p>\n\n<h3 class=\"wp-block-heading\">Wer ist ein guter Kandidat f\u00fcr eine Kataraktoperation?<\/h3>\n\n<p>Wenn Sie unter Symptomen wie tr\u00fcbem, verschwommenem oder doppeltem Sehen, Schwierigkeiten beim Sehen in der Nacht oder erh\u00f6hter Lichtempfindlichkeit leiden, sind Sie m\u00f6glicherweise ein guter Kandidat f\u00fcr eine Kataraktoperation. Es ist wichtig, dass Sie Ihre Optionen mit Dr. Selim G\u00fcldiken besprechen und die m\u00f6glichen Risiken und Vorteile abw\u00e4gen, bevor Sie eine Entscheidung treffen.<\/p>\n\n<h3 class=\"wp-block-heading\">Was ist w\u00e4hrend des Eingriffs zu erwarten?<\/h3>\n\n<p>Bei der Kataraktoperation wird ein kleiner Schnitt im Auge gemacht und die getr\u00fcbte nat\u00fcrliche Linse mit einem speziellen Ultraschallger\u00e4t entfernt. Die k\u00fcnstliche IOL wird dann durch denselben Einschnitt in das Auge eingesetzt. Der Eingriff wird in der Regel unter lokaler An\u00e4sthesie durchgef\u00fchrt und dauert weniger als eine Stunde.<\/p>\n\n<h3 class=\"wp-block-heading\">Was ist w\u00e4hrend der Genesung zu erwarten?<\/h3>\n\n<p>Nach der Kataraktoperation erhalten Sie spezielle Anweisungen f\u00fcr Ihre Genesung. Die meisten Patienten haben nur minimale Beschwerden und k\u00f6nnen ihre normalen Aktivit\u00e4ten innerhalb weniger Tage wieder aufnehmen. Es ist wichtig, dass Sie nicht reiben oder Druck auf das Auge aus\u00fcben und dass Sie die verordneten Augentropfen verwenden, um Infektionen zu vermeiden und die Heilung zu f\u00f6rdern.<\/p>\n\n<h3 class=\"wp-block-heading\">Ist eine Kataraktoperation das Richtige f\u00fcr Sie?<\/h3>\n\n<p>Nur eine umfassende Augenuntersuchung und eine Beratung durch einen erfahrenen Augenchirurgen kann kl\u00e4ren, ob eine Kataraktoperation f\u00fcr Sie die beste Option ist. Wenn Sie Symptome eines Grauen Stars haben, kontaktieren Sie uns noch heute und vereinbaren Sie einen Beratungstermin mit Dr. Selim G\u00fcldiken.<\/p>\n\n<h3 class=\"wp-block-heading\">F.A.Q.<\/h3>\n\n<p><strong>Was ist die Ursache f\u00fcr Grauen Star?<\/strong><\/p>\n\n<p>Der Graue Star wird in der Regel durch altersbedingte Ver\u00e4nderungen der Augenlinse verursacht.<\/p>\n\n<p><strong>Wie wird eine Kataraktoperation durchgef\u00fchrt?<\/strong><\/p>\n\n<p>Die Kataraktoperation wird in der Regel ambulant und unter \u00f6rtlicher Bet\u00e4ubung durchgef\u00fchrt. Der Chirurg macht einen kleinen Schnitt im Auge, entfernt die tr\u00fcbe Linse und ersetzt sie dann durch ein Kunstlinsenimplantat.<\/p>\n\n<p><strong>Wie lange dauert eine Kataraktoperation?<\/strong><\/p>\n\n<p>Eine Kataraktoperation dauert in der Regel weniger als 30 Minuten.<\/p>\n\n<p><strong>Ist eine Kataraktoperation schmerzhaft?<\/strong><\/p>\n\n<p>Die Operation des Grauen Stars ist in der Regel schmerzlos, da sie unter \u00f6rtlicher Bet\u00e4ubung durchgef\u00fchrt wird.<\/p>\n\n<p><strong>Wie lang ist die Erholungszeit nach einer Kataraktoperation?<\/strong><\/p>\n\n<p>Die meisten Patienten sind in der Lage, ihre normalen Aktivit\u00e4ten innerhalb weniger Tage nach der Kataraktoperation wieder aufzunehmen, obwohl es einige Wochen dauern kann, bis das Auge vollst\u00e4ndig geheilt ist.<\/p>\n\n<p><strong>Was sind die Risiken einer Kataraktoperation?  <\/strong>Wie bei jedem chirurgischen Eingriff gibt es auch bei der Kataraktoperation einige Risiken, darunter Infektionen, Blutungen und Probleme mit dem Kunstlinsenimplantat.<\/p>\n\n<p><strong>Kann der Graue Star nach einer Operation wiederkommen?<\/strong><\/p>\n\n<p>Nein, wenn die getr\u00fcbte Linse einmal entfernt wurde, kann sie keinen neuen Grauen Star entwickeln.<\/p>\n\n<p><strong>Brauche ich nach einer Kataraktoperation noch eine Brille?<\/strong><\/p>\n\n<p>Die meisten Patienten ben\u00f6tigen nach einer Kataraktoperation weiterhin eine Brille, auch wenn die Sehst\u00e4rke reduziert werden kann. Mit dem refraktiven Linsenaustausch (RLE) k\u00f6nnen Patienten jedoch eine klarere Sicht erreichen, ohne eine Brille oder Kontaktlinsen tragen zu m\u00fcssen. RLE ersetzt die nat\u00fcrliche Linse durch ein hochwertiges Linsenimplantat, das eine Vielzahl von Brechungsfehlern korrigieren kann und den Patienten eine klarere und sch\u00e4rfere Sicht erm\u00f6glicht. Ihr Augenarzt kann Ihnen bei der Entscheidung helfen, welches Verfahren f\u00fcr Sie das richtige ist, je nach Ihren individuellen Bed\u00fcrfnissen und Zielen.<\/p>\n\n<p><strong>Welche Arten von Linsen gibt es f\u00fcr die Kataraktchirurgie?<\/strong><\/p>\n\n<p>Es gibt verschiedene Arten von Linsen f\u00fcr die Kataraktchirurgie, darunter monofokale Linsen, multifokale Linsen und torische Linsen.<\/p>\n\n<p><strong>Kann ich die Art der Linse f\u00fcr die Kataraktoperation selbst w\u00e4hlen?<\/strong><\/p>\n\n<p>Ja, Sie k\u00f6nnen mit Ihrem Chirurgen besprechen, welche Art von Linse f\u00fcr Ihre individuellen Bed\u00fcrfnisse und Vorlieben am besten geeignet ist.<\/p>\n\n<p><strong>Wie lange halten die Auswirkungen einer Kataraktoperation an?<\/strong><\/p>\n\n<p>Die Auswirkungen einer Kataraktoperation k\u00f6nnen f\u00fcr den Rest Ihres Lebens andauern.<\/p>\n\n<p><strong>Woher wei\u00df ich, ob ich eine Kataraktoperation brauche?<\/strong><\/p>\n\n<p>Wenn Sie unter Sehst\u00f6rungen oder anderen Symptomen des Grauen Stars leiden, sollten Sie einen Augenarzt aufsuchen, um sich untersuchen zu lassen.<\/p>\n\n<p><strong>Kann eine Kataraktoperation an beiden Augen gleichzeitig durchgef\u00fchrt werden?<\/strong><\/p>\n\n<p>Ja, eine Kataraktoperation kann an beiden Augen gleichzeitig durchgef\u00fchrt werden, aber bei CatchLife Eye ziehen wir es vor, einen Tag zwischen den beiden Augen zu warten, um optimale Sicherheit und Ergebnisse zu gew\u00e4hrleisten. So kann unser erfahrener Chirurg, Dr. Selim G\u00fcldiken, Ihre Fortschritte sorgf\u00e4ltig \u00fcberwachen und sicherstellen, dass jedes Auge richtig heilt, bevor er zum n\u00e4chsten \u00fcbergeht. Dieser Ansatz hilft, das Risiko von Komplikationen zu minimieren und die Chancen auf ein erfolgreiches Ergebnis zu maximieren.<\/p>\n\n<h3 class=\"wp-block-heading\">Kostenloses Angebot einholen<\/h3>\n\n<p><\/p>\n\n<div\n\tclass=\"root-eb-wpforms-k43f8 wp-block-essential-blocks-wpforms\">\n\t<div class=\"eb-parent-eb-wpforms-k43f8  eb-parent-wrapper\">\n\t\t<div class=\"eb-wpforms-k43f8 eb-wpforms-wrapper\">\n\t\t\t<div class=\"wpforms-container wpforms-container-full contact-wpforms\" id=\"wpforms-939\"><form id=\"wpforms-form-939\" class=\"wpforms-validate wpforms-form wpforms-ajax-form\" data-formid=\"939\" method=\"post\" enctype=\"multipart\/form-data\" action=\"\/de\/wp-json\/wp\/v2\/pages\/9938\" data-token=\"c6e6456e68444829aa9544b2ffd12415\"><noscript class=\"wpforms-error-noscript\">Bitte aktiviere JavaScript in deinem Browser, um dieses Formular fertigzustellen.<\/noscript><div class=\"wpforms-field-container\"><div id=\"wpforms-939-field_0-container\" class=\"wpforms-field wpforms-field-name\" data-field-id=\"0\"><label class=\"wpforms-field-label\" for=\"wpforms-939-field_0\">Full Name <span class=\"wpforms-required-label\">*<\/span><\/label><input type=\"text\" id=\"wpforms-939-field_0\" class=\"wpforms-field-large wpforms-field-required\" name=\"wpforms[fields][0]\" required><\/div><div id=\"wpforms-939-field_1-container\" class=\"wpforms-field wpforms-field-email\" data-field-id=\"1\"><label class=\"wpforms-field-label\" for=\"wpforms-939-field_1\">Email <span class=\"wpforms-required-label\">*<\/span><\/label><input type=\"email\" id=\"wpforms-939-field_1\" class=\"wpforms-field-large wpforms-field-required\" name=\"wpforms[fields][1]\" required><\/div><div id=\"wpforms-939-field_9-container\" class=\"wpforms-field wpforms-field-phone\" data-field-id=\"9\"><label class=\"wpforms-field-label\" for=\"wpforms-939-field_9\">Phone <span class=\"wpforms-required-label\">*<\/span><\/label><input type=\"tel\" id=\"wpforms-939-field_9\" class=\"wpforms-field-medium wpforms-field-required wpforms-smart-phone-field\" data-rule-smart-phone-field=\"true\" name=\"wpforms[fields][9]\" required><\/div><div id=\"wpforms-939-field_5-container\" class=\"wpforms-field wpforms-field-select wpforms-field-select-style-classic\" data-field-id=\"5\"><label class=\"wpforms-field-label\" for=\"wpforms-939-field_5\">I&#039;m Interested In <span class=\"wpforms-required-label\">*<\/span><\/label><select id=\"wpforms-939-field_5\" class=\"wpforms-field-large wpforms-field-required\" name=\"wpforms[fields][5]\" required=\"required\"><option value=\"\" class=\"placeholder\" disabled  selected='selected'>&#8211; Please select &#8211;<\/option><option value=\"Tummy Tuck\" >Tummy Tuck<\/option><option value=\"Breast Augmenttion\" >Breast Augmenttion<\/option><option value=\"Liposuction\" >Liposuction<\/option><option value=\"Face Aesthetic\" >Face Aesthetic<\/option><option value=\"Brazilian But Lift\" >Brazilian But Lift<\/option><option value=\"Rhinolasty\" >Rhinolasty<\/option><option value=\"Gastric Sleeve\" >Gastric Sleeve<\/option><option value=\"Gastric Balloon\" >Gastric Balloon<\/option><option value=\"Dental Treatment\" >Dental Treatment<\/option><option value=\"Eye Treatment\" >Eye Treatment<\/option><option value=\"Genital Aesthetic\" >Genital Aesthetic<\/option><option value=\"Other Proccedures\" >Other Proccedures<\/option><\/select><\/div><div id=\"wpforms-939-field_6-container\" class=\"wpforms-field wpforms-field-select wpforms-field-select-style-classic\" data-field-id=\"6\"><label class=\"wpforms-field-label\" for=\"wpforms-939-field_6\">Preferred Time to Contact <span class=\"wpforms-required-label\">*<\/span><\/label><select id=\"wpforms-939-field_6\" class=\"wpforms-field-large wpforms-field-required\" name=\"wpforms[fields][6]\" required=\"required\"><option value=\"\" class=\"placeholder\" disabled  selected='selected'>&#8211; Please select &#8211;<\/option><option value=\"Any Time\" >Any Time<\/option><option value=\"9 - 12 AM\" >9 &#8211; 12 AM<\/option><option value=\"12 - 3 PM\" >12 &#8211; 3 PM<\/option><option value=\"3 - 6 PM\" >3 &#8211; 6 PM<\/option><option value=\"6 - 9 PM\" >6 &#8211; 9 PM<\/option><\/select><\/div><div id=\"wpforms-939-field_10-container\" class=\"wpforms-field wpforms-field-select wpforms-field-select-style-classic\" data-field-id=\"10\"><label class=\"wpforms-field-label\" for=\"wpforms-939-field_10\">Preferred Method to Contact <span class=\"wpforms-required-label\">*<\/span><\/label><select id=\"wpforms-939-field_10\" class=\"wpforms-field-large wpforms-field-required\" name=\"wpforms[fields][10]\" required=\"required\"><option value=\"\" class=\"placeholder\" disabled  selected='selected'>&#8211; Please select &#8211;<\/option><option value=\"WhatsApp Message\" >WhatsApp Message<\/option><option value=\"WhatsApp Call\" >WhatsApp Call<\/option><option value=\"Phone Call\" >Phone Call<\/option><option value=\"Email\" >Email<\/option><\/select><\/div><div id=\"wpforms-939-field_8-container\" class=\"wpforms-field wpforms-field-checkbox newsletter-checkbox\" data-field-id=\"8\"><label class=\"wpforms-field-label wpforms-label-hide\" for=\"wpforms-939-field_8\">Checkboxes<\/label><ul id=\"wpforms-939-field_8\"><li class=\"choice-1 depth-1\"><input type=\"checkbox\" id=\"wpforms-939-field_8_1\" name=\"wpforms[fields][8][]\" value=\"Newsletter Signup\"  ><label class=\"wpforms-field-label-inline\" for=\"wpforms-939-field_8_1\">Newsletter Signup<\/label><\/li><\/ul><\/div><div id=\"wpforms-939-field_11-container\" class=\"wpforms-field wpforms-field-hidden\" data-field-id=\"11\"><input type=\"hidden\" id=\"wpforms-939-field_11\" name=\"wpforms[fields][11]\"><\/div><\/div><div class=\"wpforms-submit-container\"><input type=\"hidden\" name=\"wpforms[id]\" value=\"939\"><input type=\"hidden\" name=\"wpforms[author]\" value=\"1\"><button type=\"submit\" name=\"wpforms[submit]\" id=\"wpforms-submit-939\" class=\"wpforms-submit contact-wpforms-button\" aria-live=\"assertive\" value=\"wpforms-submit\">Send Form<\/button><img loading=\"lazy\" decoding=\"async\" src=\"https:\/\/catchlifeaesthetic.com\/wp-content\/plugins\/wpforms\/assets\/images\/submit-spin.svg\" class=\"wpforms-submit-spinner\" style=\"display: none;\" width=\"26\" height=\"26\" alt=\"Wird geladen\"><\/div><\/form><\/div>  <!-- .wpforms-container -->\t\t<\/div>\n\t<\/div>\n<\/div>\n","protected":false},"excerpt":{"rendered":"<p>Ein Katarakt ist eine h\u00e4ufige Augenerkrankung, bei der sich die nat\u00fcrliche Linse des Auges eintr\u00fcbt, was zu einer allm\u00e4hlichen Abnahme der Sehkraft f\u00fchrt. Sie kann eine Folge des Alterns, der Genetik, von Verletzungen oder anderen medizinischen Bedingungen sein. Der Graue Star kann mit einer Operation behandelt werden, bei der die getr\u00fcbte Linse entfernt und durch [&hellip;]<\/p>\n","protected":false},"author":1,"featured_media":0,"parent":9830,"menu_order":0,"comment_status":"closed","ping_status":"closed","template":"","meta":{"_eb_attr":"","_uag_custom_page_level_css":"","_monsterinsights_skip_tracking":false,"_monsterinsights_sitenote_active":false,"_monsterinsights_sitenote_note":"","_monsterinsights_sitenote_category":0,"site-sidebar-layout":"default","site-content-layout":"","ast-site-content-layout":"default","site-content-style":"default","site-sidebar-style":"default","ast-global-header-display":"","ast-banner-title-visibility":"","ast-main-header-display":"","ast-hfb-above-header-display":"","ast-hfb-below-header-display":"","ast-hfb-mobile-header-display":"","site-post-title":"","ast-breadcrumbs-content":"","ast-featured-img":"","footer-sml-layout":"","theme-transparent-header-meta":"","adv-header-id-meta":"","stick-header-meta":"","header-above-stick-meta":"","header-main-stick-meta":"","header-below-stick-meta":"","astra-migrate-meta-layouts":"default","ast-page-background-enabled":"default","ast-page-background-meta":{"desktop":{"background-color":"var(--ast-global-color-4)","background-image":"","background-repeat":"repeat","background-position":"center center","background-size":"auto","background-attachment":"scroll","background-type":"","background-media":"","overlay-type":"","overlay-color":"","overlay-opacity":"","overlay-gradient":""},"tablet":{"background-color":"","background-image":"","background-repeat":"repeat","background-position":"center center","background-size":"auto","background-attachment":"scroll","background-type":"","background-media":"","overlay-type":"","overlay-color":"","overlay-opacity":"","overlay-gradient":""},"mobile":{"background-color":"","background-image":"","background-repeat":"repeat","background-position":"center center","background-size":"auto","background-attachment":"scroll","background-type":"","background-media":"","overlay-type":"","overlay-color":"","overlay-opacity":"","overlay-gradient":""}},"ast-content-background-meta":{"desktop":{"background-color":"var(--ast-global-color-5)","background-image":"","background-repeat":"repeat","background-position":"center center","background-size":"auto","background-attachment":"scroll","background-type":"","background-media":"","overlay-type":"","overlay-color":"","overlay-opacity":"","overlay-gradient":""},"tablet":{"background-color":"var(--ast-global-color-5)","background-image":"","background-repeat":"repeat","background-position":"center center","background-size":"auto","background-attachment":"scroll","background-type":"","background-media":"","overlay-type":"","overlay-color":"","overlay-opacity":"","overlay-gradient":""},"mobile":{"background-color":"var(--ast-global-color-5)","background-image":"","background-repeat":"repeat","background-position":"center center","background-size":"auto","background-attachment":"scroll","background-type":"","background-media":"","overlay-type":"","overlay-color":"","overlay-opacity":"","overlay-gradient":""}},"footnotes":""},"class_list":["post-9938","page","type-page","status-publish","hentry"],"uagb_featured_image_src":{"full":false,"thumbnail":false,"medium":false,"medium_large":false,"large":false,"1536x1536":false,"2048x2048":false,"woocommerce_thumbnail":false,"woocommerce_single":false,"woocommerce_gallery_thumbnail":false},"uagb_author_info":{"display_name":"Catchlife Aesthetic","author_link":"https:\/\/catchlifeaesthetic.com\/de\/author\/admincatchlife-com-tr\/"},"uagb_comment_info":0,"uagb_excerpt":"Ein Katarakt ist eine h\u00e4ufige Augenerkrankung, bei der sich die nat\u00fcrliche Linse des Auges eintr\u00fcbt, was zu einer allm\u00e4hlichen Abnahme der Sehkraft f\u00fchrt. Sie kann eine Folge des Alterns, der Genetik, von Verletzungen oder anderen medizinischen Bedingungen sein. Der Graue Star kann mit einer Operation behandelt werden, bei der die getr\u00fcbte Linse entfernt und durch&hellip;","_links":{"self":[{"href":"https:\/\/catchlifeaesthetic.com\/de\/wp-json\/wp\/v2\/pages\/9938","targetHints":{"allow":["GET"]}}],"collection":[{"href":"https:\/\/catchlifeaesthetic.com\/de\/wp-json\/wp\/v2\/pages"}],"about":[{"href":"https:\/\/catchlifeaesthetic.com\/de\/wp-json\/wp\/v2\/types\/page"}],"author":[{"embeddable":true,"href":"https:\/\/catchlifeaesthetic.com\/de\/wp-json\/wp\/v2\/users\/1"}],"replies":[{"embeddable":true,"href":"https:\/\/catchlifeaesthetic.com\/de\/wp-json\/wp\/v2\/comments?post=9938"}],"version-history":[{"count":1,"href":"https:\/\/catchlifeaesthetic.com\/de\/wp-json\/wp\/v2\/pages\/9938\/revisions"}],"predecessor-version":[{"id":9949,"href":"https:\/\/catchlifeaesthetic.com\/de\/wp-json\/wp\/v2\/pages\/9938\/revisions\/9949"}],"up":[{"embeddable":true,"href":"https:\/\/catchlifeaesthetic.com\/de\/wp-json\/wp\/v2\/pages\/9830"}],"wp:attachment":[{"href":"https:\/\/catchlifeaesthetic.com\/de\/wp-json\/wp\/v2\/media?parent=9938"}],"curies":[{"name":"wp","href":"https:\/\/api.w.org\/{rel}","templated":true}]}}