{"id":9944,"date":"2024-07-11T10:29:41","date_gmt":"2024-07-11T10:29:41","guid":{"rendered":"https:\/\/catchlifeaesthetic.com\/augenbehandlung-tuerkei\/chirurgie-der-oberen-augenlider-wiederherstellung-ihres-sehvermoegens-und-ihres-selbstbewusstseins\/"},"modified":"2024-07-16T11:39:37","modified_gmt":"2024-07-16T11:39:37","slug":"chirurgie-der-oberen-augenlider-wiederherstellung-ihres-sehvermoegens-und-ihres-selbstbewusstseins","status":"publish","type":"page","link":"https:\/\/catchlifeaesthetic.com\/de\/augenbehandlung-tuerkei\/chirurgie-der-oberen-augenlider-wiederherstellung-ihres-sehvermoegens-und-ihres-selbstbewusstseins\/","title":{"rendered":"Chirurgie der oberen Augenlider: Wiederherstellung Ihres Sehverm\u00f6gens und Ihres Selbstbewusstseins"},"content":{"rendered":"\n<figure class=\"wp-block-image size-large\"><img loading=\"lazy\" decoding=\"async\" width=\"1024\" height=\"683\" src=\"https:\/\/catchlifeaesthetic.com\/wp-content\/uploads\/2024\/07\/uppereyelid-1024x683.jpg\" alt=\"\" class=\"wp-image-9114\" srcset=\"https:\/\/catchlifeaesthetic.com\/wp-content\/uploads\/2024\/07\/uppereyelid-1024x683.jpg 1024w, https:\/\/catchlifeaesthetic.com\/wp-content\/uploads\/2024\/07\/uppereyelid-scaled-600x400.jpg 600w, https:\/\/catchlifeaesthetic.com\/wp-content\/uploads\/2024\/07\/uppereyelid-300x200.jpg 300w, https:\/\/catchlifeaesthetic.com\/wp-content\/uploads\/2024\/07\/uppereyelid-768x512.jpg 768w, https:\/\/catchlifeaesthetic.com\/wp-content\/uploads\/2024\/07\/uppereyelid-1536x1024.jpg 1536w, https:\/\/catchlifeaesthetic.com\/wp-content\/uploads\/2024\/07\/uppereyelid-2048x1365.jpg 2048w\" sizes=\"auto, (max-width: 1024px) 100vw, 1024px\" \/><\/figure>\n\n<p>Wenn erschlaffte oder h\u00e4ngende Oberlider Ihre Sicht beeintr\u00e4chtigen oder Sie m\u00fcde und \u00e4lter aussehen lassen, als Sie sich f\u00fchlen, k\u00f6nnte eine Oberlidoperation die L\u00f6sung sein, nach der Sie gesucht haben. Bei CatchLife Eye bieten wir eine sichere und effektive Augenlidoperation an, die Ihre Sehkraft und Ihr Selbstvertrauen wiederherstellen kann.<\/p>\n\n<h3 class=\"wp-block-heading\">Was ist eine Oberlidchirurgie?<\/h3>\n\n<p>Die Oberlidchirurgie, auch Blepharoplastik genannt, ist ein kosmetisch-chirurgischer Eingriff, bei dem \u00fcbersch\u00fcssige Haut und Fett am Oberlid entfernt werden, um dessen Aussehen und Funktion zu verbessern. Dieser Eingriff kann Sehprobleme korrigieren, die durch erschlaffte oder h\u00e4ngende Augenlider verursacht werden, und das \u00e4sthetische Erscheinungsbild der Augen verbessern.<\/p>\n\n<h3 class=\"wp-block-heading\">Vorteile der Oberlidchirurgie<\/h3>\n\n<p>&#8211; Verbesserte Sicht durch Entfernung \u00fcbersch\u00fcssiger Haut, die die Sicht beeintr\u00e4chtigen kann<\/p>\n\n<p>&#8211; Verbessertes Aussehen der Augen und des Gesichts<\/p>\n\n<p>&#8211; Gesteigertes Selbstvertrauen<\/p>\n\n<p>&#8211; Kurze Erholungszeit<\/p>\n\n<h3 class=\"wp-block-heading\">Nachteile der Oberlidchirurgie:<\/h3>\n\n<p>&#8211; M\u00f6gliche Komplikationen wie Infektionen, Blutungen oder Narbenbildung<\/p>\n\n<p>&#8211; Vor\u00fcbergehende Schwellungen und Bluterg\u00fcsse<\/p>\n\n<p>&#8211; Vor\u00fcbergehende Trockenheit und Reizung der Augen<\/p>\n\n<h3 class=\"wp-block-heading\">Wer ist ein guter Kandidat f\u00fcr eine Oberlidoperation?<\/h3>\n\n<p>Ein guter Kandidat f\u00fcr eine Oberlidoperation ist jemand, der bei guter Gesundheit ist und Probleme mit der Sehkraft oder Unzufriedenheit mit dem Aussehen seiner Oberlider hat. W\u00e4hrend Ihrer Konsultation mit unserem erfahrenen Augenarzt Dr. Selim G\u00fcldiken wird er Ihre Augen und Ihre Krankengeschichte untersuchen, um festzustellen, ob Sie ein guter Kandidat f\u00fcr eine Oberlidoperation sind.<\/p>\n\n<h3 class=\"wp-block-heading\">Was Sie w\u00e4hrend des Eingriffs erwartet<\/h3>\n\n<p>Die Oberlidchirurgie wird ambulant unter \u00f6rtlicher Bet\u00e4ubung durchgef\u00fchrt. Dr. Selim G\u00fcldiken wird einen kleinen Schnitt entlang der nat\u00fcrlichen Falte Ihres Oberlids machen und die \u00fcbersch\u00fcssige Haut und das Fett entfernen. Der Einschnitt wird dann mit winzigen Stichen verschlossen. Der Eingriff dauert in der Regel etwa eine Stunde.<\/p>\n\n<h3 class=\"wp-block-heading\">Was ist w\u00e4hrend der Genesung zu erwarten?<\/h3>\n\n<p>Nach dem Eingriff kann es zu leichtem Unbehagen, Schwellungen und Bluterg\u00fcssen um die Augen herum kommen. Sie erhalten Anweisungen, wie Sie Ihre Augen pflegen und mit eventuellen Beschwerden umgehen k\u00f6nnen. Die meisten Patienten sind in der Lage, innerhalb einer Woche zur Arbeit und anderen normalen Aktivit\u00e4ten zur\u00fcckzukehren.<\/p>\n\n<h3 class=\"wp-block-heading\">Ist die Oberlidchirurgie das Richtige f\u00fcr Sie?<\/h3>\n\n<p>Wenn erschlaffte oder h\u00e4ngende Oberlider Ihr Sehverm\u00f6gen beeintr\u00e4chtigen oder Sie sich unsicher f\u00fchlen, kann eine Oberlidoperation die richtige Option f\u00fcr Sie sein. Es ist jedoch wichtig, dass Sie Ihre Optionen mit Dr. Selim G\u00fcldiken besprechen und die m\u00f6glichen Risiken und Vorteile abw\u00e4gen, bevor Sie eine Entscheidung treffen. W\u00e4hrend Ihrer Konsultation wird er Ihre Augen und Ihre Krankengeschichte untersuchen, um festzustellen, ob eine Oberlidoperation die beste Option f\u00fcr Ihre individuellen Bed\u00fcrfnisse und Ziele ist.<\/p>\n\n<h3 class=\"wp-block-heading\">F.A.Q.<\/h3>\n\n<p><strong>Wie lange dauert die Genesung bei einer Oberlidoperation?<\/strong><\/p>\n\n<p>Die Genesungszeit nach einer Oberlidoperation ist von Patient zu Patient unterschiedlich, aber in der Regel dauert es etwa 1-2 Wochen, bis die Wunde vollst\u00e4ndig verheilt ist. W\u00e4hrend dieser Zeit kann es zu Schwellungen und Bluterg\u00fcssen um die Augen kommen.<\/p>\n\n<p><strong>Wird sich mein Sehverm\u00f6gen nach einer Oberlidoperation verbessern?<\/strong><\/p>\n\n<p>Eine Oberlidoperation kann manchmal die Sicht verbessern, wenn die erschlaffte Haut Ihr Sichtfeld behindert hat.<\/p>\n\n<p><strong>Gibt es Risiken oder Komplikationen im Zusammenhang mit einer Oberlidoperation?<\/strong><\/p>\n\n<p>Wie jeder chirurgische Eingriff birgt auch die Oberlidchirurgie einige Risiken, wie zum Beispiel Infektionen, Blutungen und unerw\u00fcnschte Reaktionen auf die An\u00e4sthesie. Es ist wichtig, dass Sie diese Risiken vor dem Eingriff mit Ihrem Chirurgen besprechen.<\/p>\n\n<p><strong>Wie lange halten die Ergebnisse einer Oberlidoperation an?<\/strong><\/p>\n\n<p>Die Ergebnisse der Oberlidchirurgie sind in der Regel von Dauer, k\u00f6nnen aber durch verschiedene Faktoren wie Alter, Genetik und Lebensstil beeinflusst werden.<\/p>\n\n<p><strong>Werde ich nach einer Oberlidoperation sichtbare Narben haben?<\/strong><\/p>\n\n<p>Die Schnitte, die bei der Oberlidchirurgie gesetzt werden, sind in der Regel gut in den nat\u00fcrlichen Falten des Augenlids versteckt und sollten nach vollst\u00e4ndiger Heilung nicht mehr zu sehen sein.<\/p>\n\n<p><strong>Wann kann ich nach einer Oberlidoperation meine normalen Aktivit\u00e4ten wieder aufnehmen?<\/strong><\/p>\n\n<p>Die Patienten k\u00f6nnen in der Regel innerhalb weniger Tage bis zu einer Woche nach dem Eingriff ihre normalen Aktivit\u00e4ten wie Autofahren und leichte k\u00f6rperliche Bet\u00e4tigung wieder aufnehmen. Es ist jedoch wichtig, dass Sie anstrengende Aktivit\u00e4ten und schweres Heben f\u00fcr einige Wochen vermeiden.<\/p>\n\n<p><strong>Ist eine Oberlidoperation schmerzhaft?<\/strong><\/p>\n\n<p>Oberlidoperationen werden in der Regel unter \u00f6rtlicher Bet\u00e4ubung durchgef\u00fchrt, so dass die Patienten w\u00e4hrend des Eingriffs keine Schmerzen versp\u00fcren sollten. W\u00e4hrend der Genesungsphase kann es jedoch zu Unwohlsein und leichten Schmerzen kommen.<\/p>\n\n<p><strong>Kann die Oberlidchirurgie h\u00e4ngende oder schlaffe Augenbrauen korrigieren?<\/strong><\/p>\n\n<p>Die Oberlidchirurgie zielt darauf ab, \u00fcbersch\u00fcssige Haut an den Oberlidern zu entfernen, und kann nicht gegen h\u00e4ngende oder schlaffe Augenbrauen eingesetzt werden. Ein Brauenlifting kann in diesem Fall sinnvoller sein.<\/p>\n\n<p><strong>Wie bereite ich mich auf eine Oberlidoperation vor?<\/strong><\/p>\n\n<p>Der Chirurg wird Ihnen genaue Anweisungen geben, wie Sie sich auf die Operation vorbereiten sollen. Dazu kann geh\u00f6ren, dass Sie bestimmte Medikamente meiden, mit dem Rauchen aufh\u00f6ren und jemanden finden, der Sie nach dem Eingriff nach Hause f\u00e4hrt.<\/p>\n\n<p><strong>Kann ich nach einer Oberlidoperation Kontaktlinsen tragen?<\/strong><\/p>\n\n<p>In der Regel wird empfohlen, in der ersten Woche nach der Operation keine Kontaktlinsen zu tragen, damit die Augen richtig heilen k\u00f6nnen.<\/p>\n\n<p><strong>Wie lange dauert eine Oberlidoperation?<\/strong><\/p>\n\n<p>Die Dauer des Eingriffs kann je nach Ausma\u00df der Operation variieren, dauert aber in der Regel 1-2 Stunden.<\/p>\n\n<p><strong>Wie lange h\u00e4lt die Schwellung nach einer Oberlidoperation an?<\/strong><\/p>\n\n<p>Schwellungen um die Augen k\u00f6nnen nach einer Oberlidoperation mehrere Wochen lang anhalten, sollten aber mit der Zeit abklingen.<\/p>\n\n<h3 class=\"wp-block-heading\">Kostenloses Angebot einholen<\/h3>\n\n<p><\/p>\n\n<div\n\tclass=\"root-eb-wpforms-k43f8 wp-block-essential-blocks-wpforms\">\n\t<div class=\"eb-parent-eb-wpforms-k43f8  eb-parent-wrapper\">\n\t\t<div class=\"eb-wpforms-k43f8 eb-wpforms-wrapper\">\n\t\t\t<div class=\"wpforms-container wpforms-container-full contact-wpforms\" id=\"wpforms-939\"><form id=\"wpforms-form-939\" class=\"wpforms-validate wpforms-form wpforms-ajax-form\" data-formid=\"939\" method=\"post\" enctype=\"multipart\/form-data\" action=\"\/de\/wp-json\/wp\/v2\/pages\/9944\" data-token=\"1ded982a3f772315fce0a7fabf9805cd\"><noscript class=\"wpforms-error-noscript\">Bitte aktiviere JavaScript in deinem Browser, um dieses Formular fertigzustellen.<\/noscript><div class=\"wpforms-field-container\"><div id=\"wpforms-939-field_0-container\" class=\"wpforms-field wpforms-field-name\" data-field-id=\"0\"><label class=\"wpforms-field-label\" for=\"wpforms-939-field_0\">Full Name <span class=\"wpforms-required-label\">*<\/span><\/label><input type=\"text\" id=\"wpforms-939-field_0\" class=\"wpforms-field-large wpforms-field-required\" name=\"wpforms[fields][0]\" required><\/div><div id=\"wpforms-939-field_1-container\" class=\"wpforms-field wpforms-field-email\" data-field-id=\"1\"><label class=\"wpforms-field-label\" for=\"wpforms-939-field_1\">Email <span class=\"wpforms-required-label\">*<\/span><\/label><input type=\"email\" id=\"wpforms-939-field_1\" class=\"wpforms-field-large wpforms-field-required\" name=\"wpforms[fields][1]\" required><\/div><div id=\"wpforms-939-field_9-container\" class=\"wpforms-field wpforms-field-phone\" data-field-id=\"9\"><label class=\"wpforms-field-label\" for=\"wpforms-939-field_9\">Phone <span class=\"wpforms-required-label\">*<\/span><\/label><input type=\"tel\" id=\"wpforms-939-field_9\" class=\"wpforms-field-medium wpforms-field-required wpforms-smart-phone-field\" data-rule-smart-phone-field=\"true\" name=\"wpforms[fields][9]\" required><\/div><div id=\"wpforms-939-field_5-container\" class=\"wpforms-field wpforms-field-select wpforms-field-select-style-classic\" data-field-id=\"5\"><label class=\"wpforms-field-label\" for=\"wpforms-939-field_5\">I&#039;m Interested In <span class=\"wpforms-required-label\">*<\/span><\/label><select id=\"wpforms-939-field_5\" class=\"wpforms-field-large wpforms-field-required\" name=\"wpforms[fields][5]\" required=\"required\"><option value=\"\" class=\"placeholder\" disabled  selected='selected'>&#8211; Please select &#8211;<\/option><option value=\"Tummy Tuck\" >Tummy Tuck<\/option><option value=\"Breast Augmenttion\" >Breast Augmenttion<\/option><option value=\"Liposuction\" >Liposuction<\/option><option value=\"Face Aesthetic\" >Face Aesthetic<\/option><option value=\"Brazilian But Lift\" >Brazilian But Lift<\/option><option value=\"Rhinolasty\" >Rhinolasty<\/option><option value=\"Gastric Sleeve\" >Gastric Sleeve<\/option><option value=\"Gastric Balloon\" >Gastric Balloon<\/option><option value=\"Dental Treatment\" >Dental Treatment<\/option><option value=\"Eye Treatment\" >Eye Treatment<\/option><option value=\"Genital Aesthetic\" >Genital Aesthetic<\/option><option value=\"Other Proccedures\" >Other Proccedures<\/option><\/select><\/div><div id=\"wpforms-939-field_6-container\" class=\"wpforms-field wpforms-field-select wpforms-field-select-style-classic\" data-field-id=\"6\"><label class=\"wpforms-field-label\" for=\"wpforms-939-field_6\">Preferred Time to Contact <span class=\"wpforms-required-label\">*<\/span><\/label><select id=\"wpforms-939-field_6\" class=\"wpforms-field-large wpforms-field-required\" name=\"wpforms[fields][6]\" required=\"required\"><option value=\"\" class=\"placeholder\" disabled  selected='selected'>&#8211; Please select &#8211;<\/option><option value=\"Any Time\" >Any Time<\/option><option value=\"9 - 12 AM\" >9 &#8211; 12 AM<\/option><option value=\"12 - 3 PM\" >12 &#8211; 3 PM<\/option><option value=\"3 - 6 PM\" >3 &#8211; 6 PM<\/option><option value=\"6 - 9 PM\" >6 &#8211; 9 PM<\/option><\/select><\/div><div id=\"wpforms-939-field_10-container\" class=\"wpforms-field wpforms-field-select wpforms-field-select-style-classic\" data-field-id=\"10\"><label class=\"wpforms-field-label\" for=\"wpforms-939-field_10\">Preferred Method to Contact <span class=\"wpforms-required-label\">*<\/span><\/label><select id=\"wpforms-939-field_10\" class=\"wpforms-field-large wpforms-field-required\" name=\"wpforms[fields][10]\" required=\"required\"><option value=\"\" class=\"placeholder\" disabled  selected='selected'>&#8211; Please select &#8211;<\/option><option value=\"WhatsApp Message\" >WhatsApp Message<\/option><option value=\"WhatsApp Call\" >WhatsApp Call<\/option><option value=\"Phone Call\" >Phone Call<\/option><option value=\"Email\" >Email<\/option><\/select><\/div><div id=\"wpforms-939-field_8-container\" class=\"wpforms-field wpforms-field-checkbox newsletter-checkbox\" data-field-id=\"8\"><label class=\"wpforms-field-label wpforms-label-hide\" for=\"wpforms-939-field_8\">Checkboxes<\/label><ul id=\"wpforms-939-field_8\"><li class=\"choice-1 depth-1\"><input type=\"checkbox\" id=\"wpforms-939-field_8_1\" name=\"wpforms[fields][8][]\" value=\"Newsletter Signup\"  ><label class=\"wpforms-field-label-inline\" for=\"wpforms-939-field_8_1\">Newsletter Signup<\/label><\/li><\/ul><\/div><div id=\"wpforms-939-field_11-container\" class=\"wpforms-field wpforms-field-hidden\" data-field-id=\"11\"><input type=\"hidden\" id=\"wpforms-939-field_11\" name=\"wpforms[fields][11]\"><\/div><\/div><div class=\"wpforms-submit-container\"><input type=\"hidden\" name=\"wpforms[id]\" value=\"939\"><input type=\"hidden\" name=\"wpforms[author]\" value=\"1\"><button type=\"submit\" name=\"wpforms[submit]\" id=\"wpforms-submit-939\" class=\"wpforms-submit contact-wpforms-button\" aria-live=\"assertive\" value=\"wpforms-submit\">Send Form<\/button><img loading=\"lazy\" decoding=\"async\" src=\"https:\/\/catchlifeaesthetic.com\/wp-content\/plugins\/wpforms\/assets\/images\/submit-spin.svg\" class=\"wpforms-submit-spinner\" style=\"display: none;\" width=\"26\" height=\"26\" alt=\"Wird geladen\"><\/div><\/form><\/div>  <!-- .wpforms-container -->\t\t<\/div>\n\t<\/div>\n<\/div>\n","protected":false},"excerpt":{"rendered":"<p>Wenn erschlaffte oder h\u00e4ngende Oberlider Ihre Sicht beeintr\u00e4chtigen oder Sie m\u00fcde und \u00e4lter aussehen lassen, als Sie sich f\u00fchlen, k\u00f6nnte eine Oberlidoperation die L\u00f6sung sein, nach der Sie gesucht haben. Bei CatchLife Eye bieten wir eine sichere und effektive Augenlidoperation an, die Ihre Sehkraft und Ihr Selbstvertrauen wiederherstellen kann. Was ist eine Oberlidchirurgie? Die Oberlidchirurgie, [&hellip;]<\/p>\n","protected":false},"author":1,"featured_media":0,"parent":9830,"menu_order":0,"comment_status":"closed","ping_status":"closed","template":"","meta":{"_eb_attr":"","_uag_custom_page_level_css":"","_monsterinsights_skip_tracking":false,"_monsterinsights_sitenote_active":false,"_monsterinsights_sitenote_note":"","_monsterinsights_sitenote_category":0,"site-sidebar-layout":"default","site-content-layout":"","ast-site-content-layout":"default","site-content-style":"default","site-sidebar-style":"default","ast-global-header-display":"","ast-banner-title-visibility":"","ast-main-header-display":"","ast-hfb-above-header-display":"","ast-hfb-below-header-display":"","ast-hfb-mobile-header-display":"","site-post-title":"","ast-breadcrumbs-content":"","ast-featured-img":"","footer-sml-layout":"","theme-transparent-header-meta":"","adv-header-id-meta":"","stick-header-meta":"","header-above-stick-meta":"","header-main-stick-meta":"","header-below-stick-meta":"","astra-migrate-meta-layouts":"default","ast-page-background-enabled":"default","ast-page-background-meta":{"desktop":{"background-color":"var(--ast-global-color-4)","background-image":"","background-repeat":"repeat","background-position":"center center","background-size":"auto","background-attachment":"scroll","background-type":"","background-media":"","overlay-type":"","overlay-color":"","overlay-opacity":"","overlay-gradient":""},"tablet":{"background-color":"","background-image":"","background-repeat":"repeat","background-position":"center center","background-size":"auto","background-attachment":"scroll","background-type":"","background-media":"","overlay-type":"","overlay-color":"","overlay-opacity":"","overlay-gradient":""},"mobile":{"background-color":"","background-image":"","background-repeat":"repeat","background-position":"center center","background-size":"auto","background-attachment":"scroll","background-type":"","background-media":"","overlay-type":"","overlay-color":"","overlay-opacity":"","overlay-gradient":""}},"ast-content-background-meta":{"desktop":{"background-color":"var(--ast-global-color-5)","background-image":"","background-repeat":"repeat","background-position":"center center","background-size":"auto","background-attachment":"scroll","background-type":"","background-media":"","overlay-type":"","overlay-color":"","overlay-opacity":"","overlay-gradient":""},"tablet":{"background-color":"var(--ast-global-color-5)","background-image":"","background-repeat":"repeat","background-position":"center center","background-size":"auto","background-attachment":"scroll","background-type":"","background-media":"","overlay-type":"","overlay-color":"","overlay-opacity":"","overlay-gradient":""},"mobile":{"background-color":"var(--ast-global-color-5)","background-image":"","background-repeat":"repeat","background-position":"center center","background-size":"auto","background-attachment":"scroll","background-type":"","background-media":"","overlay-type":"","overlay-color":"","overlay-opacity":"","overlay-gradient":""}},"footnotes":""},"class_list":["post-9944","page","type-page","status-publish","hentry"],"uagb_featured_image_src":{"full":false,"thumbnail":false,"medium":false,"medium_large":false,"large":false,"1536x1536":false,"2048x2048":false,"woocommerce_thumbnail":false,"woocommerce_single":false,"woocommerce_gallery_thumbnail":false},"uagb_author_info":{"display_name":"Catchlife Aesthetic","author_link":"https:\/\/catchlifeaesthetic.com\/de\/author\/admincatchlife-com-tr\/"},"uagb_comment_info":0,"uagb_excerpt":"Wenn erschlaffte oder h\u00e4ngende Oberlider Ihre Sicht beeintr\u00e4chtigen oder Sie m\u00fcde und \u00e4lter aussehen lassen, als Sie sich f\u00fchlen, k\u00f6nnte eine Oberlidoperation die L\u00f6sung sein, nach der Sie gesucht haben. Bei CatchLife Eye bieten wir eine sichere und effektive Augenlidoperation an, die Ihre Sehkraft und Ihr Selbstvertrauen wiederherstellen kann. Was ist eine Oberlidchirurgie? Die Oberlidchirurgie,&hellip;","_links":{"self":[{"href":"https:\/\/catchlifeaesthetic.com\/de\/wp-json\/wp\/v2\/pages\/9944","targetHints":{"allow":["GET"]}}],"collection":[{"href":"https:\/\/catchlifeaesthetic.com\/de\/wp-json\/wp\/v2\/pages"}],"about":[{"href":"https:\/\/catchlifeaesthetic.com\/de\/wp-json\/wp\/v2\/types\/page"}],"author":[{"embeddable":true,"href":"https:\/\/catchlifeaesthetic.com\/de\/wp-json\/wp\/v2\/users\/1"}],"replies":[{"embeddable":true,"href":"https:\/\/catchlifeaesthetic.com\/de\/wp-json\/wp\/v2\/comments?post=9944"}],"version-history":[{"count":1,"href":"https:\/\/catchlifeaesthetic.com\/de\/wp-json\/wp\/v2\/pages\/9944\/revisions"}],"predecessor-version":[{"id":9952,"href":"https:\/\/catchlifeaesthetic.com\/de\/wp-json\/wp\/v2\/pages\/9944\/revisions\/9952"}],"up":[{"embeddable":true,"href":"https:\/\/catchlifeaesthetic.com\/de\/wp-json\/wp\/v2\/pages\/9830"}],"wp:attachment":[{"href":"https:\/\/catchlifeaesthetic.com\/de\/wp-json\/wp\/v2\/media?parent=9944"}],"curies":[{"name":"wp","href":"https:\/\/api.w.org\/{rel}","templated":true}]}}