{"id":9945,"date":"2024-07-11T10:26:37","date_gmt":"2024-07-11T10:26:37","guid":{"rendered":"https:\/\/catchlifeaesthetic.com\/augenbehandlung-tuerkei\/schieloperationen-die-wiederherstellung-des-gleichgewichts-ihrer-augen\/"},"modified":"2024-07-16T11:39:39","modified_gmt":"2024-07-16T11:39:39","slug":"schieloperationen-die-wiederherstellung-des-gleichgewichts-ihrer-augen","status":"publish","type":"page","link":"https:\/\/catchlifeaesthetic.com\/de\/augenbehandlung-tuerkei\/schieloperationen-die-wiederherstellung-des-gleichgewichts-ihrer-augen\/","title":{"rendered":"Schieloperationen: Die Wiederherstellung des Gleichgewichts Ihrer Augen"},"content":{"rendered":"\n<figure class=\"wp-block-image size-large\"><img loading=\"lazy\" decoding=\"async\" width=\"1024\" height=\"415\" src=\"https:\/\/catchlifeaesthetic.com\/wp-content\/uploads\/2024\/07\/strabismus-1024x415.png\" alt=\"\" class=\"wp-image-9108\" srcset=\"https:\/\/catchlifeaesthetic.com\/wp-content\/uploads\/2024\/07\/strabismus-1024x415.png 1024w, https:\/\/catchlifeaesthetic.com\/wp-content\/uploads\/2024\/07\/strabismus-600x243.png 600w, https:\/\/catchlifeaesthetic.com\/wp-content\/uploads\/2024\/07\/strabismus-300x122.png 300w, https:\/\/catchlifeaesthetic.com\/wp-content\/uploads\/2024\/07\/strabismus-768x311.png 768w, https:\/\/catchlifeaesthetic.com\/wp-content\/uploads\/2024\/07\/strabismus.png 1032w\" sizes=\"auto, (max-width: 1024px) 100vw, 1024px\" \/><\/figure>\n\n<p>Schielen ist eine Erkrankung, die die Ausrichtung der Augen beeintr\u00e4chtigt und zu Doppeltsehen, schlechter Tiefenwahrnehmung und \u00dcberanstrengung der Augen f\u00fchren kann. Bei CatchLife mit unserem erfahrenen Augenarzt Dr. Selim G\u00fcldiken ist die Schieloperation eine sichere und wirksame Behandlungsoption, die die richtige Ausrichtung Ihrer Augen wiederherstellen und Ihre Lebensqualit\u00e4t verbessern kann.<\/p>\n\n<h3 class=\"wp-block-heading\">Was ist eine Schieloperation?<\/h3>\n\n<p>Die Schieloperation ist ein Eingriff, bei dem die Position der Augenmuskeln korrigiert wird, um eine Fehlstellung der Augen zu beheben. Das Ziel der Operation ist es, die Ausrichtung der Augen zu verbessern, Doppelbilder zu reduzieren und die Tiefenwahrnehmung zu verbessern. Der Eingriff dauert in der Regel 1-2 Stunden und wird ambulant unter Vollnarkose durchgef\u00fchrt.<\/p>\n\n<h3 class=\"wp-block-heading\">Vorteile der Strabismus-Chirurgie<\/h3>\n\n<p>Eine Schieloperation kann mehrere Vorteile bieten, unter anderem:<\/p>\n\n<p>&#8211; Verbesserte Ausrichtung und Erscheinung der Augen<\/p>\n\n<p>&#8211; Verbesserte Tiefenwahrnehmung<\/p>\n\n<p>&#8211; Verbessertes Zusammenspiel der Augen und Koordination<\/p>\n\n<p>&#8211; Verringerung oder Beseitigung von Doppeltsehen<\/p>\n\n<p>&#8211; Verbesserte Lebensqualit\u00e4t<\/p>\n\n<h3 class=\"wp-block-heading\">Nachteile der Strabismus-Chirurgie<\/h3>\n\n<p>Wie alle Operationen birgt auch die Strabismus-Chirurgie einige Risiken, darunter:<\/p>\n\n<p>&#8211; Infektion<\/p>\n\n<p>&#8211; Blutungen<\/p>\n\n<p>&#8211; Reaktion auf die An\u00e4sthesie<\/p>\n\n<p>&#8211; \u00dcberkorrektur oder Unterkorrektur der Augenausrichtung<\/p>\n\n<p>&#8211; Doppeltsehen<\/p>\n\n<p>&#8211; Vermindertes Sehverm\u00f6gen<\/p>\n\n<p>&#8211; Narbenbildung<\/p>\n\n<h3 class=\"wp-block-heading\">Wer ist ein guter Kandidat f\u00fcr einen refraktiven Linsenaustausch (RLE)?<\/h3>\n\n<p>RLE kann eine gute Option f\u00fcr Personen sein, die \u00fcber 40 Jahre alt sind und Presbyopie oder andere Refraktionsfehler haben. Dar\u00fcber hinaus sollten Sie sich in einem guten Gesundheitszustand befinden und keine medizinischen Probleme haben, die den Heilungsprozess beeintr\u00e4chtigen k\u00f6nnten. W\u00e4hrend Ihrer Konsultation mit unserem Chirurgen, Dr. Selim G\u00fcldiken, wird er Ihre Augen und Ihre Krankengeschichte untersuchen, um festzustellen, ob RLE die beste Option f\u00fcr Sie ist.<\/p>\n\n<h3 class=\"wp-block-heading\">Wer ist ein guter Kandidat f\u00fcr eine Strabismus-Operation?<\/h3>\n\n<p>Eine Schieloperation kann eine gute Option f\u00fcr Patienten sein, die:<\/p>\n\n<p>&#8211; eine anhaltende Fehlstellung der Augen trotz nicht-chirurgischer Behandlungen wie Brillen, Augen\u00fcbungen oder Prismenlinsen<\/p>\n\n<p>&#8211; Sie sehen doppelt oder haben andere visuelle Symptome, die mit einer Fehlstellung der Augen zusammenh\u00e4ngen<\/p>\n\n<p>&#8211; Sie haben eine stabile Sehst\u00e4rke<\/p>\n\n<p>&#8211; \u00dcberkorrektur oder Unterkorrektur der Augenausrichtung<\/p>\n\n<p>&#8211; in guter allgemeiner Gesundheit sind<\/p>\n\n<p>&#8211; W\u00e4hrend Ihrer Konsultation werden unsere Augen\u00e4rzte Ihre Augenstellung beurteilen und feststellen, ob eine Schieloperation eine geeignete Option f\u00fcr Ihre individuellen Bed\u00fcrfnisse und Ziele ist.<\/p>\n\n<h3 class=\"wp-block-heading\">Was Sie w\u00e4hrend des Eingriffs erwartet<\/h3>\n\n<p>Schieloperationen werden in der Regel ambulant unter Vollnarkose durchgef\u00fchrt. W\u00e4hrend des Eingriffs macht der Augenarzt einen kleinen Schnitt im Gewebe um das Auge, um Zugang zu den Augenmuskeln zu erhalten. Die Muskeln werden dann angepasst, um die Fehlstellung der Augen zu korrigieren. Nach dem Eingriff werden Sie f\u00fcr eine kurze Zeit \u00fcberwacht, bevor Sie nach Hause entlassen werden.<\/p>\n\n<h3 class=\"wp-block-heading\">Was Sie w\u00e4hrend der Genesung erwarten k\u00f6nnen<\/h3>\n\n<p>Die Genesungszeit ist von Patient zu Patient unterschiedlich, aber im Allgemeinen k\u00f6nnen die Patienten innerhalb weniger Tage bis zu einer Woche nach dem Eingriff zu ihren normalen Aktivit\u00e4ten zur\u00fcckkehren. Die Augen k\u00f6nnen rot und geschwollen sein, und ein gewisses Unbehagen oder Schmerzen sind normal. Es k\u00f6nnen Augentropfen und Medikamente verschrieben werden, um Schmerzen zu lindern und Infektionen vorzubeugen. Unser Team gibt Ihnen detaillierte Anweisungen, wie Sie Ihre Augen w\u00e4hrend der Erholungsphase pflegen k\u00f6nnen.<\/p>\n\n<p>Schieloperationen werden in der Regel ambulant unter Vollnarkose durchgef\u00fchrt. W\u00e4hrend des Eingriffs macht der Augenarzt einen kleinen Schnitt im Gewebe um das Auge, um Zugang zu den Augenmuskeln zu erhalten. Die Muskeln werden dann angepasst, um die Fehlstellung der Augen zu korrigieren. Nach dem Eingriff werden Sie f\u00fcr eine kurze Zeit \u00fcberwacht, bevor Sie nach Hause entlassen werden.<\/p>\n\n<h3 class=\"wp-block-heading\">Ist eine Schieloperation das Richtige f\u00fcr Sie?<\/h3>\n\n<p>Wenn Sie unter Augenfehlstellungen oder damit zusammenh\u00e4ngenden visuellen Symptomen leiden, k\u00f6nnte eine Schieloperation die richtige Option f\u00fcr Sie sein. Es ist jedoch wichtig, dass Sie Ihre Optionen mit unseren erfahrenen Augen\u00e4rzten besprechen und die m\u00f6glichen Risiken und Vorteile abw\u00e4gen, bevor Sie eine Entscheidung treffen. Wir bem\u00fchen uns um eine pers\u00f6nliche Betreuung und werden gemeinsam mit Ihnen den besten Behandlungsplan f\u00fcr Ihre individuellen Bed\u00fcrfnisse und Ziele festlegen.<\/p>\n\n<h3 class=\"wp-block-heading\">F.A.Q.<\/h3>\n\n<p><strong>Wie hoch ist die Erfolgsquote bei Schieloperationen?<\/strong><\/p>\n\n<p>Schieloperationen haben eine hohe Erfolgsquote. Bei den meisten Patienten verbessern sich die Ausrichtung und die Sehfunktion. Es ist jedoch wichtig, sich vor Augen zu halten, dass jeder Patient seine eigenen Erfahrungen macht und dass es Risiken und m\u00f6gliche Komplikationen geben kann.<\/p>\n\n<p><strong>Wie lange dauert eine Strabismus-Operation?<\/strong><\/p>\n\n<p>Eine Schieloperation dauert in der Regel etwa 1-2 Stunden.<\/p>\n\n<p><strong>Ist eine Strabismus-Operation schmerzhaft?<\/strong><\/p>\n\n<p>Schieloperationen werden in der Regel unter Vollnarkose durchgef\u00fchrt, so dass Sie w\u00e4hrend des Eingriffs keine Schmerzen versp\u00fcren sollten. Allerdings kann es in den Tagen und Wochen nach dem Eingriff zu Unwohlsein, R\u00f6tungen und Schwellungen kommen.<\/p>\n\n<p><strong>Muss ich nach einer Strabismus-Operation eine Augenklappe tragen?<\/strong><\/p>\n\n<p>In den meisten F\u00e4llen werden Sie nach einer Schieloperation keine Augenklappe tragen m\u00fcssen. Ihr Chirurg kann Ihnen jedoch empfehlen, vor\u00fcbergehend eine Prismenbrille zu tragen, um Ihre Augen auszurichten.<\/p>\n\n<p><strong>Kann eine Schieloperation auch bei Erwachsenen durchgef\u00fchrt werden?<\/strong><\/p>\n\n<p>Ja, Strabismus-Chirurgie kann bei Erwachsenen durchgef\u00fchrt werden. Die Erfolgsquote kann jedoch niedriger sein als bei Kindern und die Erholungszeit kann aufgrund der geringeren Elastizit\u00e4t der Augenmuskeln l\u00e4nger sein.<\/p>\n\n<p><strong>Wie lange h\u00e4lt die Wirkung einer Strabismus-Operation an?<\/strong><\/p>\n\n<p>Die Wirkung einer Schieloperation kann viele Jahre lang anhalten, aber es ist m\u00f6glich, dass die Augen im Laufe der Zeit wieder schief stehen. Regelm\u00e4\u00dfige Augenuntersuchungen k\u00f6nnen helfen, Ihre Augenstellung zu \u00fcberwachen und Ver\u00e4nderungen zu erkennen.<\/p>\n\n<p><strong>Wie lange muss ich nach einer Strabismus-Operation von der Arbeit freigestellt werden?<\/strong><\/p>\n\n<p>Die typische Erholungszeit nach einer Strabismus-Operation betr\u00e4gt etwa eine Woche, und es kann sein, dass Sie sich w\u00e4hrend dieser Zeit von der Arbeit freistellen lassen m\u00fcssen. Dies kann jedoch variieren, je nachdem, welche Aufgaben Sie haben und wie schnell Sie heilen. Am besten besprechen Sie Ihre individuellen Bed\u00fcrfnisse mit Ihrem Chirurgen, um den angemessenen Umfang der Auszeit zu bestimmen.<\/p>\n\n<h3 class=\"wp-block-heading\">Kostenloses Angebot einholen<\/h3>\n\n<p><\/p>\n\n<div\n\tclass=\"root-eb-wpforms-k43f8 wp-block-essential-blocks-wpforms\">\n\t<div class=\"eb-parent-eb-wpforms-k43f8  eb-parent-wrapper\">\n\t\t<div class=\"eb-wpforms-k43f8 eb-wpforms-wrapper\">\n\t\t\t<div class=\"wpforms-container wpforms-container-full contact-wpforms\" id=\"wpforms-939\"><form id=\"wpforms-form-939\" class=\"wpforms-validate wpforms-form wpforms-ajax-form\" data-formid=\"939\" method=\"post\" enctype=\"multipart\/form-data\" action=\"\/de\/wp-json\/wp\/v2\/pages\/9945\" data-token=\"1ded982a3f772315fce0a7fabf9805cd\"><noscript class=\"wpforms-error-noscript\">Bitte aktiviere JavaScript in deinem Browser, um dieses Formular fertigzustellen.<\/noscript><div class=\"wpforms-field-container\"><div id=\"wpforms-939-field_0-container\" class=\"wpforms-field wpforms-field-name\" data-field-id=\"0\"><label class=\"wpforms-field-label\" for=\"wpforms-939-field_0\">Full Name <span class=\"wpforms-required-label\">*<\/span><\/label><input type=\"text\" id=\"wpforms-939-field_0\" class=\"wpforms-field-large wpforms-field-required\" name=\"wpforms[fields][0]\" required><\/div><div id=\"wpforms-939-field_1-container\" class=\"wpforms-field wpforms-field-email\" data-field-id=\"1\"><label class=\"wpforms-field-label\" for=\"wpforms-939-field_1\">Email <span class=\"wpforms-required-label\">*<\/span><\/label><input type=\"email\" id=\"wpforms-939-field_1\" class=\"wpforms-field-large wpforms-field-required\" name=\"wpforms[fields][1]\" required><\/div><div id=\"wpforms-939-field_9-container\" class=\"wpforms-field wpforms-field-phone\" data-field-id=\"9\"><label class=\"wpforms-field-label\" for=\"wpforms-939-field_9\">Phone <span class=\"wpforms-required-label\">*<\/span><\/label><input type=\"tel\" id=\"wpforms-939-field_9\" class=\"wpforms-field-medium wpforms-field-required wpforms-smart-phone-field\" data-rule-smart-phone-field=\"true\" name=\"wpforms[fields][9]\" required><\/div><div id=\"wpforms-939-field_5-container\" class=\"wpforms-field wpforms-field-select wpforms-field-select-style-classic\" data-field-id=\"5\"><label class=\"wpforms-field-label\" for=\"wpforms-939-field_5\">I&#039;m Interested In <span class=\"wpforms-required-label\">*<\/span><\/label><select id=\"wpforms-939-field_5\" class=\"wpforms-field-large wpforms-field-required\" name=\"wpforms[fields][5]\" required=\"required\"><option value=\"\" class=\"placeholder\" disabled  selected='selected'>&#8211; Please select &#8211;<\/option><option value=\"Tummy Tuck\" >Tummy Tuck<\/option><option value=\"Breast Augmenttion\" >Breast Augmenttion<\/option><option value=\"Liposuction\" >Liposuction<\/option><option value=\"Face Aesthetic\" >Face Aesthetic<\/option><option value=\"Brazilian But Lift\" >Brazilian But Lift<\/option><option value=\"Rhinolasty\" >Rhinolasty<\/option><option value=\"Gastric Sleeve\" >Gastric Sleeve<\/option><option value=\"Gastric Balloon\" >Gastric Balloon<\/option><option value=\"Dental Treatment\" >Dental Treatment<\/option><option value=\"Eye Treatment\" >Eye Treatment<\/option><option value=\"Genital Aesthetic\" >Genital Aesthetic<\/option><option value=\"Other Proccedures\" >Other Proccedures<\/option><\/select><\/div><div id=\"wpforms-939-field_6-container\" class=\"wpforms-field wpforms-field-select wpforms-field-select-style-classic\" data-field-id=\"6\"><label class=\"wpforms-field-label\" for=\"wpforms-939-field_6\">Preferred Time to Contact <span class=\"wpforms-required-label\">*<\/span><\/label><select id=\"wpforms-939-field_6\" class=\"wpforms-field-large wpforms-field-required\" name=\"wpforms[fields][6]\" required=\"required\"><option value=\"\" class=\"placeholder\" disabled  selected='selected'>&#8211; Please select &#8211;<\/option><option value=\"Any Time\" >Any Time<\/option><option value=\"9 - 12 AM\" >9 &#8211; 12 AM<\/option><option value=\"12 - 3 PM\" >12 &#8211; 3 PM<\/option><option value=\"3 - 6 PM\" >3 &#8211; 6 PM<\/option><option value=\"6 - 9 PM\" >6 &#8211; 9 PM<\/option><\/select><\/div><div id=\"wpforms-939-field_10-container\" class=\"wpforms-field wpforms-field-select wpforms-field-select-style-classic\" data-field-id=\"10\"><label class=\"wpforms-field-label\" for=\"wpforms-939-field_10\">Preferred Method to Contact <span class=\"wpforms-required-label\">*<\/span><\/label><select id=\"wpforms-939-field_10\" class=\"wpforms-field-large wpforms-field-required\" name=\"wpforms[fields][10]\" required=\"required\"><option value=\"\" class=\"placeholder\" disabled  selected='selected'>&#8211; Please select &#8211;<\/option><option value=\"WhatsApp Message\" >WhatsApp Message<\/option><option value=\"WhatsApp Call\" >WhatsApp Call<\/option><option value=\"Phone Call\" >Phone Call<\/option><option value=\"Email\" >Email<\/option><\/select><\/div><div id=\"wpforms-939-field_8-container\" class=\"wpforms-field wpforms-field-checkbox newsletter-checkbox\" data-field-id=\"8\"><label class=\"wpforms-field-label wpforms-label-hide\" for=\"wpforms-939-field_8\">Checkboxes<\/label><ul id=\"wpforms-939-field_8\"><li class=\"choice-1 depth-1\"><input type=\"checkbox\" id=\"wpforms-939-field_8_1\" name=\"wpforms[fields][8][]\" value=\"Newsletter Signup\"  ><label class=\"wpforms-field-label-inline\" for=\"wpforms-939-field_8_1\">Newsletter Signup<\/label><\/li><\/ul><\/div><div id=\"wpforms-939-field_11-container\" class=\"wpforms-field wpforms-field-hidden\" data-field-id=\"11\"><input type=\"hidden\" id=\"wpforms-939-field_11\" name=\"wpforms[fields][11]\"><\/div><\/div><div class=\"wpforms-submit-container\"><input type=\"hidden\" name=\"wpforms[id]\" value=\"939\"><input type=\"hidden\" name=\"wpforms[author]\" value=\"1\"><button type=\"submit\" name=\"wpforms[submit]\" id=\"wpforms-submit-939\" class=\"wpforms-submit contact-wpforms-button\" aria-live=\"assertive\" value=\"wpforms-submit\">Send Form<\/button><img loading=\"lazy\" decoding=\"async\" src=\"https:\/\/catchlifeaesthetic.com\/wp-content\/plugins\/wpforms\/assets\/images\/submit-spin.svg\" class=\"wpforms-submit-spinner\" style=\"display: none;\" width=\"26\" height=\"26\" alt=\"Wird geladen\"><\/div><\/form><\/div>  <!-- .wpforms-container -->\t\t<\/div>\n\t<\/div>\n<\/div>\n","protected":false},"excerpt":{"rendered":"<p>Schielen ist eine Erkrankung, die die Ausrichtung der Augen beeintr\u00e4chtigt und zu Doppeltsehen, schlechter Tiefenwahrnehmung und \u00dcberanstrengung der Augen f\u00fchren kann. Bei CatchLife mit unserem erfahrenen Augenarzt Dr. Selim G\u00fcldiken ist die Schieloperation eine sichere und wirksame Behandlungsoption, die die richtige Ausrichtung Ihrer Augen wiederherstellen und Ihre Lebensqualit\u00e4t verbessern kann. Was ist eine Schieloperation? Die [&hellip;]<\/p>\n","protected":false},"author":1,"featured_media":0,"parent":9830,"menu_order":0,"comment_status":"closed","ping_status":"closed","template":"","meta":{"_eb_attr":"","_uag_custom_page_level_css":"","_monsterinsights_skip_tracking":false,"_monsterinsights_sitenote_active":false,"_monsterinsights_sitenote_note":"","_monsterinsights_sitenote_category":0,"site-sidebar-layout":"default","site-content-layout":"","ast-site-content-layout":"default","site-content-style":"default","site-sidebar-style":"default","ast-global-header-display":"","ast-banner-title-visibility":"","ast-main-header-display":"","ast-hfb-above-header-display":"","ast-hfb-below-header-display":"","ast-hfb-mobile-header-display":"","site-post-title":"","ast-breadcrumbs-content":"","ast-featured-img":"","footer-sml-layout":"","theme-transparent-header-meta":"","adv-header-id-meta":"","stick-header-meta":"","header-above-stick-meta":"","header-main-stick-meta":"","header-below-stick-meta":"","astra-migrate-meta-layouts":"default","ast-page-background-enabled":"default","ast-page-background-meta":{"desktop":{"background-color":"var(--ast-global-color-4)","background-image":"","background-repeat":"repeat","background-position":"center center","background-size":"auto","background-attachment":"scroll","background-type":"","background-media":"","overlay-type":"","overlay-color":"","overlay-opacity":"","overlay-gradient":""},"tablet":{"background-color":"","background-image":"","background-repeat":"repeat","background-position":"center center","background-size":"auto","background-attachment":"scroll","background-type":"","background-media":"","overlay-type":"","overlay-color":"","overlay-opacity":"","overlay-gradient":""},"mobile":{"background-color":"","background-image":"","background-repeat":"repeat","background-position":"center center","background-size":"auto","background-attachment":"scroll","background-type":"","background-media":"","overlay-type":"","overlay-color":"","overlay-opacity":"","overlay-gradient":""}},"ast-content-background-meta":{"desktop":{"background-color":"var(--ast-global-color-5)","background-image":"","background-repeat":"repeat","background-position":"center center","background-size":"auto","background-attachment":"scroll","background-type":"","background-media":"","overlay-type":"","overlay-color":"","overlay-opacity":"","overlay-gradient":""},"tablet":{"background-color":"var(--ast-global-color-5)","background-image":"","background-repeat":"repeat","background-position":"center center","background-size":"auto","background-attachment":"scroll","background-type":"","background-media":"","overlay-type":"","overlay-color":"","overlay-opacity":"","overlay-gradient":""},"mobile":{"background-color":"var(--ast-global-color-5)","background-image":"","background-repeat":"repeat","background-position":"center center","background-size":"auto","background-attachment":"scroll","background-type":"","background-media":"","overlay-type":"","overlay-color":"","overlay-opacity":"","overlay-gradient":""}},"footnotes":""},"class_list":["post-9945","page","type-page","status-publish","hentry"],"uagb_featured_image_src":{"full":false,"thumbnail":false,"medium":false,"medium_large":false,"large":false,"1536x1536":false,"2048x2048":false,"woocommerce_thumbnail":false,"woocommerce_single":false,"woocommerce_gallery_thumbnail":false},"uagb_author_info":{"display_name":"Catchlife Aesthetic","author_link":"https:\/\/catchlifeaesthetic.com\/de\/author\/admincatchlife-com-tr\/"},"uagb_comment_info":0,"uagb_excerpt":"Schielen ist eine Erkrankung, die die Ausrichtung der Augen beeintr\u00e4chtigt und zu Doppeltsehen, schlechter Tiefenwahrnehmung und \u00dcberanstrengung der Augen f\u00fchren kann. Bei CatchLife mit unserem erfahrenen Augenarzt Dr. Selim G\u00fcldiken ist die Schieloperation eine sichere und wirksame Behandlungsoption, die die richtige Ausrichtung Ihrer Augen wiederherstellen und Ihre Lebensqualit\u00e4t verbessern kann. Was ist eine Schieloperation? Die&hellip;","_links":{"self":[{"href":"https:\/\/catchlifeaesthetic.com\/de\/wp-json\/wp\/v2\/pages\/9945","targetHints":{"allow":["GET"]}}],"collection":[{"href":"https:\/\/catchlifeaesthetic.com\/de\/wp-json\/wp\/v2\/pages"}],"about":[{"href":"https:\/\/catchlifeaesthetic.com\/de\/wp-json\/wp\/v2\/types\/page"}],"author":[{"embeddable":true,"href":"https:\/\/catchlifeaesthetic.com\/de\/wp-json\/wp\/v2\/users\/1"}],"replies":[{"embeddable":true,"href":"https:\/\/catchlifeaesthetic.com\/de\/wp-json\/wp\/v2\/comments?post=9945"}],"version-history":[{"count":1,"href":"https:\/\/catchlifeaesthetic.com\/de\/wp-json\/wp\/v2\/pages\/9945\/revisions"}],"predecessor-version":[{"id":9955,"href":"https:\/\/catchlifeaesthetic.com\/de\/wp-json\/wp\/v2\/pages\/9945\/revisions\/9955"}],"up":[{"embeddable":true,"href":"https:\/\/catchlifeaesthetic.com\/de\/wp-json\/wp\/v2\/pages\/9830"}],"wp:attachment":[{"href":"https:\/\/catchlifeaesthetic.com\/de\/wp-json\/wp\/v2\/media?parent=9945"}],"curies":[{"name":"wp","href":"https:\/\/api.w.org\/{rel}","templated":true}]}}