{"id":10035,"date":"2024-07-11T10:59:32","date_gmt":"2024-07-11T10:59:32","guid":{"rendered":"https:\/\/catchlifeaesthetic.com\/tratamiento-dental-turquia\/uniones-compuestas\/"},"modified":"2024-07-16T11:50:04","modified_gmt":"2024-07-16T11:50:04","slug":"uniones-compuestas","status":"publish","type":"page","link":"https:\/\/catchlifeaesthetic.com\/es\/tratamiento-dental-turquia\/uniones-compuestas\/","title":{"rendered":"Uniones compuestas"},"content":{"rendered":"\n<figure class=\"wp-block-image\"><img decoding=\"async\" src=\"https:\/\/www.catchlifedental.com\/assets\/images\/dental-tourism\/services\/zc.jpg\" alt=\"image\"\/><\/figure>\n\n<h5 class=\"wp-block-heading\">\u00bfQu\u00e9 es el tratamiento de adhesi\u00f3n con composites?<\/h5>\n\n<p>La adhesi\u00f3n es una forma de restauraci\u00f3n que se realiza como alternativa a las carillas de porcelana en dientes con color oscurecido, grietas o peque\u00f1as fracturas, dientes ligeramente torcidos o partidos. El dentista da el aspecto est\u00e9tico deseado al diente o dientes problem\u00e1ticos con la ayuda de material de obturaci\u00f3n de composite (est\u00e9tico).<\/p>\n\n<h5 class=\"wp-block-heading\">\u00bfC\u00f3mo es el procedimiento del tratamiento con adhesivos de composite?<\/h5>\n\n<p>Cuando se hace un empaste adhesivo, en primer lugar se elige el color y se raspa muy poco la superficie del diente. Para que el empaste se adhiera al diente, se cubre la superficie dental con un material compatible con el diente. El composite preparado se aplica al diente y se le da forma. A continuaci\u00f3n, el material se endurece con luz l\u00e1ser. Por \u00faltimo, se realiza el pulido y el paciente puede reincorporarse a la vida cotidiana.<\/p>\n\n<h5 class=\"wp-block-heading\">\u00bfEn qu\u00e9 casos es preferible la aplicaci\u00f3n de adhesivo?<\/h5>\n\n<ul class=\"wp-block-list\">\n<li>Al cerrar los espacios (diastemas) entre los dientes<\/li>\n\n\n\n<li>Cambiar la forma de los dientes (como alargarlos)<\/li>\n\n\n\n<li>Al cambiar el color de los dientes<\/li>\n<\/ul>\n\n<h5 class=\"wp-block-heading\">\u00bfQui\u00e9n es apto para el tratamiento de adhesi\u00f3n con composites?<\/h5>\n\n<p>Puede utilizarse en pacientes con enc\u00edas sanas con fractura dental, decoloraci\u00f3n o api\u00f1amiento menor.<\/p>\n\n<h5 class=\"wp-block-heading\">\u00bfCu\u00e1les son las ventajas del tratamiento con chapa laminada?<\/h5>\n\n<ul class=\"wp-block-list\">\n<li>Es una aplicaci\u00f3n est\u00e9tica.<\/li>\n\n\n\n<li>El tiempo de aplicaci\u00f3n es corto. Suele terminarse en una sola cita.<\/li>\n\n\n\n<li>Es m\u00e1s barato que las carillas de porcelana.<\/li>\n\n\n\n<li>Es m\u00e1s f\u00e1cil de reparar o renovar.<\/li>\n\n\n\n<li>No requiere anestesia.<\/li>\n<\/ul>\n\n<h5 class=\"wp-block-heading\">\u00bfCu\u00e1les son los inconvenientes del tratamiento con chapa laminada?<\/h5>\n\n<ul class=\"wp-block-list\">\n<li>Como el material de empaste de composite no es tan resistente como el esmalte dental o la porcelana, puede romperse o desprenderse f\u00e1cilmente, sobre todo si est\u00e1 muy cargado.<\/li>\n\n\n\n<li>Seg\u00fan el cuidado bucal y los h\u00e1bitos alimentarios de la persona, con el tiempo puede producirse un deterioro o decoloraci\u00f3n de la estructura del material de obturaci\u00f3n.<\/li>\n\n\n\n<li>Puede requerir reparaci\u00f3n o sustituci\u00f3n cada 3-5 a\u00f1os.<\/li>\n\n\n\n<li>En esta aplicaci\u00f3n se produce la menor p\u00e9rdida de dientes.<\/li>\n\n\n\n<li>Tiene la forma de un diente natural y es imperceptible.<\/li>\n<\/ul>\n\n<h3 class=\"wp-block-heading\">Preguntas m\u00e1s frecuentes:<\/h3>\n\n<h5 class=\"wp-block-heading\">\u00bfCu\u00e1nto dura la aplicaci\u00f3n del adhesivo de composite?<\/h5>\n\n<p>Para cada diente, se tarda aproximadamente 15 minutos. Sin embargo, este periodo puede ampliarse en funci\u00f3n del estado del diente.<\/p>\n\n<h5 class=\"wp-block-heading\">\u00bfCu\u00e1l es la vida \u00fatil del tratamiento de adhesi\u00f3n con composites?<\/h5>\n\n<p>Si no muerdes agresivamente con los dientes delanteros, durar\u00e1 m\u00e1s. Sin embargo, hay que tener en cuenta que no es tan duradero como los dientes de porcelana.<\/p>\n\n<h5 class=\"wp-block-heading\">\u00bfLa aplicaci\u00f3n del adhesivo parece natural?<\/h5>\n\n<p>Tiene un aspecto natural porque se utilizan materiales adecuados al color y la estructura de los dientes naturales.<\/p>\n\n<h5 class=\"wp-block-heading\">\u00bfHabr\u00e1 cambios de color en los dientes de composite?<\/h5>\n\n<p>Dado que el material aplicado es composite, puede producirse decoloraci\u00f3n a largo plazo. Porque el composite es un material coloreable. Pero esto variar\u00e1 de una persona a otra. La coloraci\u00f3n ser\u00e1 mayor en quienes abusan de colorantes como el t\u00e9 y el caf\u00e9. Tambi\u00e9n depende del pulido de la superficie de relleno de composite. Cuanto m\u00e1s lisa y pulida sea la superficie, m\u00e1s dif\u00edcil ser\u00e1 la decoloraci\u00f3n.<\/p>\n\n<h3 class=\"wp-block-heading\">Obtener un presupuesto gratuito<\/h3>\n\n<div\n\tclass=\"root-eb-wpforms-b2t64 wp-block-essential-blocks-wpforms\">\n\t<div class=\"eb-parent-eb-wpforms-b2t64  eb-parent-wrapper\">\n\t\t<div class=\"eb-wpforms-b2t64 eb-wpforms-wrapper\">\n\t\t\t<div class=\"wpforms-container wpforms-container-full contact-wpforms\" id=\"wpforms-939\"><form id=\"wpforms-form-939\" class=\"wpforms-validate wpforms-form wpforms-ajax-form\" data-formid=\"939\" method=\"post\" enctype=\"multipart\/form-data\" action=\"\/es\/wp-json\/wp\/v2\/pages\/10035\" data-token=\"1ded982a3f772315fce0a7fabf9805cd\"><noscript class=\"wpforms-error-noscript\">Por favor, activa JavaScript en tu navegador para completar este formulario.<\/noscript><div class=\"wpforms-field-container\"><div id=\"wpforms-939-field_0-container\" class=\"wpforms-field wpforms-field-name\" data-field-id=\"0\"><label class=\"wpforms-field-label\" for=\"wpforms-939-field_0\">Full Name <span class=\"wpforms-required-label\">*<\/span><\/label><input type=\"text\" id=\"wpforms-939-field_0\" class=\"wpforms-field-large wpforms-field-required\" name=\"wpforms[fields][0]\" required><\/div><div id=\"wpforms-939-field_1-container\" class=\"wpforms-field wpforms-field-email\" data-field-id=\"1\"><label class=\"wpforms-field-label\" for=\"wpforms-939-field_1\">Email <span class=\"wpforms-required-label\">*<\/span><\/label><input type=\"email\" id=\"wpforms-939-field_1\" class=\"wpforms-field-large wpforms-field-required\" name=\"wpforms[fields][1]\" required><\/div><div id=\"wpforms-939-field_9-container\" class=\"wpforms-field wpforms-field-phone\" data-field-id=\"9\"><label class=\"wpforms-field-label\" for=\"wpforms-939-field_9\">Phone <span class=\"wpforms-required-label\">*<\/span><\/label><input type=\"tel\" id=\"wpforms-939-field_9\" class=\"wpforms-field-medium wpforms-field-required wpforms-smart-phone-field\" data-rule-smart-phone-field=\"true\" name=\"wpforms[fields][9]\" required><\/div><div id=\"wpforms-939-field_5-container\" class=\"wpforms-field wpforms-field-select wpforms-field-select-style-classic\" data-field-id=\"5\"><label class=\"wpforms-field-label\" for=\"wpforms-939-field_5\">I&#039;m Interested In <span class=\"wpforms-required-label\">*<\/span><\/label><select id=\"wpforms-939-field_5\" class=\"wpforms-field-large wpforms-field-required\" name=\"wpforms[fields][5]\" required=\"required\"><option value=\"\" class=\"placeholder\" disabled  selected='selected'>&#8211; Please select &#8211;<\/option><option value=\"Tummy Tuck\" >Tummy Tuck<\/option><option value=\"Breast Augmenttion\" >Breast Augmenttion<\/option><option value=\"Liposuction\" >Liposuction<\/option><option value=\"Face Aesthetic\" >Face Aesthetic<\/option><option value=\"Brazilian But Lift\" >Brazilian But Lift<\/option><option value=\"Rhinolasty\" >Rhinolasty<\/option><option value=\"Gastric Sleeve\" >Gastric Sleeve<\/option><option value=\"Gastric Balloon\" >Gastric Balloon<\/option><option value=\"Dental Treatment\" >Dental Treatment<\/option><option value=\"Eye Treatment\" >Eye Treatment<\/option><option value=\"Genital Aesthetic\" >Genital Aesthetic<\/option><option value=\"Other Proccedures\" >Other Proccedures<\/option><\/select><\/div><div id=\"wpforms-939-field_6-container\" class=\"wpforms-field wpforms-field-select wpforms-field-select-style-classic\" data-field-id=\"6\"><label class=\"wpforms-field-label\" for=\"wpforms-939-field_6\">Preferred Time to Contact <span class=\"wpforms-required-label\">*<\/span><\/label><select id=\"wpforms-939-field_6\" class=\"wpforms-field-large wpforms-field-required\" name=\"wpforms[fields][6]\" required=\"required\"><option value=\"\" class=\"placeholder\" disabled  selected='selected'>&#8211; Please select &#8211;<\/option><option value=\"Any Time\" >Any Time<\/option><option value=\"9 - 12 AM\" >9 &#8211; 12 AM<\/option><option value=\"12 - 3 PM\" >12 &#8211; 3 PM<\/option><option value=\"3 - 6 PM\" >3 &#8211; 6 PM<\/option><option value=\"6 - 9 PM\" >6 &#8211; 9 PM<\/option><\/select><\/div><div id=\"wpforms-939-field_10-container\" class=\"wpforms-field wpforms-field-select wpforms-field-select-style-classic\" data-field-id=\"10\"><label class=\"wpforms-field-label\" for=\"wpforms-939-field_10\">Preferred Method to Contact <span class=\"wpforms-required-label\">*<\/span><\/label><select id=\"wpforms-939-field_10\" class=\"wpforms-field-large wpforms-field-required\" name=\"wpforms[fields][10]\" required=\"required\"><option value=\"\" class=\"placeholder\" disabled  selected='selected'>&#8211; Please select &#8211;<\/option><option value=\"WhatsApp Message\" >WhatsApp Message<\/option><option value=\"WhatsApp Call\" >WhatsApp Call<\/option><option value=\"Phone Call\" >Phone Call<\/option><option value=\"Email\" >Email<\/option><\/select><\/div><div id=\"wpforms-939-field_8-container\" class=\"wpforms-field wpforms-field-checkbox newsletter-checkbox\" data-field-id=\"8\"><label class=\"wpforms-field-label wpforms-label-hide\" for=\"wpforms-939-field_8\">Checkboxes<\/label><ul id=\"wpforms-939-field_8\"><li class=\"choice-1 depth-1\"><input type=\"checkbox\" id=\"wpforms-939-field_8_1\" name=\"wpforms[fields][8][]\" value=\"Newsletter Signup\"  ><label class=\"wpforms-field-label-inline\" for=\"wpforms-939-field_8_1\">Newsletter Signup<\/label><\/li><\/ul><\/div><div id=\"wpforms-939-field_11-container\" class=\"wpforms-field wpforms-field-hidden\" data-field-id=\"11\"><input type=\"hidden\" id=\"wpforms-939-field_11\" name=\"wpforms[fields][11]\"><\/div><\/div><div class=\"wpforms-submit-container\"><input type=\"hidden\" name=\"wpforms[id]\" value=\"939\"><input type=\"hidden\" name=\"wpforms[author]\" value=\"1\"><button type=\"submit\" name=\"wpforms[submit]\" id=\"wpforms-submit-939\" class=\"wpforms-submit contact-wpforms-button\" aria-live=\"assertive\" value=\"wpforms-submit\">Send Form<\/button><img loading=\"lazy\" decoding=\"async\" src=\"https:\/\/catchlifeaesthetic.com\/wp-content\/plugins\/wpforms\/assets\/images\/submit-spin.svg\" class=\"wpforms-submit-spinner\" style=\"display: none;\" width=\"26\" height=\"26\" alt=\"Cargando\"><\/div><\/form><\/div>  <!-- .wpforms-container -->\t\t<\/div>\n\t<\/div>\n<\/div>\n","protected":false},"excerpt":{"rendered":"<p>\u00bfQu\u00e9 es el tratamiento de adhesi\u00f3n con composites? La adhesi\u00f3n es una forma de restauraci\u00f3n que se realiza como alternativa a las carillas de porcelana en dientes con color oscurecido, grietas o peque\u00f1as fracturas, dientes ligeramente torcidos o partidos. El dentista da el aspecto est\u00e9tico deseado al diente o dientes problem\u00e1ticos con la ayuda de [&hellip;]<\/p>\n","protected":false},"author":1,"featured_media":0,"parent":9734,"menu_order":0,"comment_status":"closed","ping_status":"closed","template":"","meta":{"_eb_attr":"","_uag_custom_page_level_css":"","_monsterinsights_skip_tracking":false,"_monsterinsights_sitenote_active":false,"_monsterinsights_sitenote_note":"","_monsterinsights_sitenote_category":0,"site-sidebar-layout":"default","site-content-layout":"","ast-site-content-layout":"default","site-content-style":"default","site-sidebar-style":"default","ast-global-header-display":"","ast-banner-title-visibility":"","ast-main-header-display":"","ast-hfb-above-header-display":"","ast-hfb-below-header-display":"","ast-hfb-mobile-header-display":"","site-post-title":"","ast-breadcrumbs-content":"","ast-featured-img":"","footer-sml-layout":"","theme-transparent-header-meta":"","adv-header-id-meta":"","stick-header-meta":"","header-above-stick-meta":"","header-main-stick-meta":"","header-below-stick-meta":"","astra-migrate-meta-layouts":"default","ast-page-background-enabled":"default","ast-page-background-meta":{"desktop":{"background-color":"var(--ast-global-color-4)","background-image":"","background-repeat":"repeat","background-position":"center center","background-size":"auto","background-attachment":"scroll","background-type":"","background-media":"","overlay-type":"","overlay-color":"","overlay-opacity":"","overlay-gradient":""},"tablet":{"background-color":"","background-image":"","background-repeat":"repeat","background-position":"center center","background-size":"auto","background-attachment":"scroll","background-type":"","background-media":"","overlay-type":"","overlay-color":"","overlay-opacity":"","overlay-gradient":""},"mobile":{"background-color":"","background-image":"","background-repeat":"repeat","background-position":"center center","background-size":"auto","background-attachment":"scroll","background-type":"","background-media":"","overlay-type":"","overlay-color":"","overlay-opacity":"","overlay-gradient":""}},"ast-content-background-meta":{"desktop":{"background-color":"var(--ast-global-color-5)","background-image":"","background-repeat":"repeat","background-position":"center center","background-size":"auto","background-attachment":"scroll","background-type":"","background-media":"","overlay-type":"","overlay-color":"","overlay-opacity":"","overlay-gradient":""},"tablet":{"background-color":"var(--ast-global-color-5)","background-image":"","background-repeat":"repeat","background-position":"center center","background-size":"auto","background-attachment":"scroll","background-type":"","background-media":"","overlay-type":"","overlay-color":"","overlay-opacity":"","overlay-gradient":""},"mobile":{"background-color":"var(--ast-global-color-5)","background-image":"","background-repeat":"repeat","background-position":"center center","background-size":"auto","background-attachment":"scroll","background-type":"","background-media":"","overlay-type":"","overlay-color":"","overlay-opacity":"","overlay-gradient":""}},"footnotes":""},"class_list":["post-10035","page","type-page","status-publish","hentry"],"uagb_featured_image_src":{"full":false,"thumbnail":false,"medium":false,"medium_large":false,"large":false,"1536x1536":false,"2048x2048":false,"woocommerce_thumbnail":false,"woocommerce_single":false,"woocommerce_gallery_thumbnail":false},"uagb_author_info":{"display_name":"Catchlife Aesthetic","author_link":"https:\/\/catchlifeaesthetic.com\/es\/author\/admincatchlife-com-tr\/"},"uagb_comment_info":0,"uagb_excerpt":"\u00bfQu\u00e9 es el tratamiento de adhesi\u00f3n con composites? La adhesi\u00f3n es una forma de restauraci\u00f3n que se realiza como alternativa a las carillas de porcelana en dientes con color oscurecido, grietas o peque\u00f1as fracturas, dientes ligeramente torcidos o partidos. El dentista da el aspecto est\u00e9tico deseado al diente o dientes problem\u00e1ticos con la ayuda de&hellip;","_links":{"self":[{"href":"https:\/\/catchlifeaesthetic.com\/es\/wp-json\/wp\/v2\/pages\/10035","targetHints":{"allow":["GET"]}}],"collection":[{"href":"https:\/\/catchlifeaesthetic.com\/es\/wp-json\/wp\/v2\/pages"}],"about":[{"href":"https:\/\/catchlifeaesthetic.com\/es\/wp-json\/wp\/v2\/types\/page"}],"author":[{"embeddable":true,"href":"https:\/\/catchlifeaesthetic.com\/es\/wp-json\/wp\/v2\/users\/1"}],"replies":[{"embeddable":true,"href":"https:\/\/catchlifeaesthetic.com\/es\/wp-json\/wp\/v2\/comments?post=10035"}],"version-history":[{"count":1,"href":"https:\/\/catchlifeaesthetic.com\/es\/wp-json\/wp\/v2\/pages\/10035\/revisions"}],"predecessor-version":[{"id":10039,"href":"https:\/\/catchlifeaesthetic.com\/es\/wp-json\/wp\/v2\/pages\/10035\/revisions\/10039"}],"up":[{"embeddable":true,"href":"https:\/\/catchlifeaesthetic.com\/es\/wp-json\/wp\/v2\/pages\/9734"}],"wp:attachment":[{"href":"https:\/\/catchlifeaesthetic.com\/es\/wp-json\/wp\/v2\/media?parent=10035"}],"curies":[{"name":"wp","href":"https:\/\/api.w.org\/{rel}","templated":true}]}}