{"id":10042,"date":"2024-07-11T10:35:59","date_gmt":"2024-07-11T10:35:59","guid":{"rendered":"https:\/\/catchlifeaesthetic.com\/tratamiento-dental-turquia\/todo-en-6\/"},"modified":"2024-07-16T11:50:05","modified_gmt":"2024-07-16T11:50:05","slug":"todo-en-6","status":"publish","type":"page","link":"https:\/\/catchlifeaesthetic.com\/es\/tratamiento-dental-turquia\/todo-en-6\/","title":{"rendered":"TODO EN 6"},"content":{"rendered":"\n<figure class=\"wp-block-image\"><img decoding=\"async\" src=\"https:\/\/www.catchlifedental.com\/assets\/images\/dental-tourism\/services\/dentalcrownblog.jpg\" alt=\"image\"\/><\/figure>\n\n<h5 class=\"wp-block-heading\">\u00bfQu\u00e9 es la t\u00e9cnica de implantes All on 6?<\/h5>\n\n<p>En el tratamiento all on six, se crea una pr\u00f3tesis permanente utilizando 6 implantes que act\u00faan como pilares para los dientes. Se colocan seis implantes en el maxilar inferior o superior y se fabrican dientes sobre ellos.<\/p>\n\n<h5 class=\"wp-block-heading\">\u00bfCu\u00e1l es el procedimiento de Todos a las 6?<\/h5>\n\n<p>Los implantes de delante se colocan en un \u00e1ngulo de 90 grados y los de detr\u00e1s en un \u00e1ngulo de 45 grados. Los dientes provisionales se colocan sobre los implantes el mismo d\u00eda. Se espera una media de 3 meses para que el hueso y el implante se integren. Despu\u00e9s, el tratamiento se completa con la fabricaci\u00f3n de dientes permanentes.<\/p>\n\n<h5 class=\"wp-block-heading\">\u00bfPara qui\u00e9n es adecuado Todo a las 6?<\/h5>\n\n<p>Pacientes que no tienen ninguna discapacidad para someterse a una cirug\u00eda de implantes dentales. Por ello, esta t\u00e9cnica puede aplicarse en pacientes que no padecen una enfermedad sist\u00e9mica y tienen un nivel \u00f3seo suficiente.<\/p>\n\n<h5 class=\"wp-block-heading\">\u00bfCu\u00e1les son las ventajas del procedimiento Todos contra 6?<\/h5>\n\n<ul class=\"wp-block-list\">\n<li>Permite que las personas que tienen una carencia dentaria completa consigan dientes sanos r\u00e1pidamente.<\/li>\n\n\n\n<li>Proporciona pr\u00f3tesis fijas a pacientes que necesitan pr\u00f3tesis removibles.<\/li>\n\n\n\n<li>El aspecto est\u00e9tico es satisfactorio.<\/li>\n\n\n\n<li>Las funciones de hablar, comer y beber se adquieren r\u00e1pidamente.<\/li>\n<\/ul>\n\n<h5 class=\"wp-block-heading\">\u00bfCu\u00e1les son los inconvenientes del procedimiento Todos contra 6?<\/h5>\n\n<p>Hay que dar m\u00e1s importancia al cuidado bucal.<\/p>\n\n<h3 class=\"wp-block-heading\">Preguntas m\u00e1s frecuentes:<\/h3>\n\n<h5 class=\"wp-block-heading\">\u00bfCu\u00e1nto dura el proceso de colocaci\u00f3n de implantes?<\/h5>\n\n<p>Es esencial prestar atenci\u00f3n a las normas de higiene en la t\u00e9cnica all on 4, que tiene un uso de por vida.<\/p>\n\n<h5 class=\"wp-block-heading\">\u00bfCu\u00e1ndo es necesaria una elevaci\u00f3n de seno o un injerto \u00f3seo?<\/h5>\n\n<p>Hay cavidades anat\u00f3micas en el maxilar superior. Estos espacios se llaman senos paranasales. En algunos pacientes, estos espacios pueden expandirse hacia los espacios de extracci\u00f3n. Como los implantes caer\u00e1n en la cavidad como consecuencia de esta expansi\u00f3n, se necesita una cantidad de hueso suficiente para la colocaci\u00f3n de los implantes. Por lo tanto, hay que levantar la membrana sinusal y a\u00f1adir hueso.<\/p>\n\n<h5 class=\"wp-block-heading\">\u00bfHay dolor despu\u00e9s de la intervenci\u00f3n?<\/h5>\n\n<p>Es posible experimentar un leve dolor e hinchaz\u00f3n tras la intervenci\u00f3n. En este caso, pueden utilizarse analg\u00e9sicos.<\/p>\n\n<h5 class=\"wp-block-heading\">\u00bfC\u00f3mo debe ser la alimentaci\u00f3n despu\u00e9s de la intervenci\u00f3n?<\/h5>\n\n<p>Debes consumir alimentos blandos y l\u00edquidos durante unos d\u00edas despu\u00e9s de la intervenci\u00f3n.<\/p>\n\n<h5 class=\"wp-block-heading\">\u00bfCu\u00e1nto dura el tratamiento en total?<\/h5>\n\n<p>Puede variar entre 3 y 9 meses en funci\u00f3n del plan de tratamiento.<\/p>\n\n<h5 class=\"wp-block-heading\">\u00bfQu\u00e9 ocurre si el diente no se integra en el hueso?<\/h5>\n\n<p>Se retira el implante y se deja cicatrizar esa zona. Transcurrido el tiempo suficiente, si el hueso existente es adecuado, se coloca otro implante en esa zona.<\/p>\n\n<h3 class=\"wp-block-heading\">Obtener un presupuesto gratuito<\/h3>\n\n<div\n\tclass=\"root-eb-wpforms-b2t64 wp-block-essential-blocks-wpforms\">\n\t<div class=\"eb-parent-eb-wpforms-b2t64  eb-parent-wrapper\">\n\t\t<div class=\"eb-wpforms-b2t64 eb-wpforms-wrapper\">\n\t\t\t<div class=\"wpforms-container wpforms-container-full contact-wpforms\" id=\"wpforms-939\"><form id=\"wpforms-form-939\" class=\"wpforms-validate wpforms-form wpforms-ajax-form\" data-formid=\"939\" method=\"post\" enctype=\"multipart\/form-data\" action=\"\/es\/wp-json\/wp\/v2\/pages\/10042\" data-token=\"1ded982a3f772315fce0a7fabf9805cd\"><noscript class=\"wpforms-error-noscript\">Por favor, activa JavaScript en tu navegador para completar este formulario.<\/noscript><div class=\"wpforms-field-container\"><div id=\"wpforms-939-field_0-container\" class=\"wpforms-field wpforms-field-name\" data-field-id=\"0\"><label class=\"wpforms-field-label\" for=\"wpforms-939-field_0\">Full Name <span class=\"wpforms-required-label\">*<\/span><\/label><input type=\"text\" id=\"wpforms-939-field_0\" class=\"wpforms-field-large wpforms-field-required\" name=\"wpforms[fields][0]\" required><\/div><div id=\"wpforms-939-field_1-container\" class=\"wpforms-field wpforms-field-email\" data-field-id=\"1\"><label class=\"wpforms-field-label\" for=\"wpforms-939-field_1\">Email <span class=\"wpforms-required-label\">*<\/span><\/label><input type=\"email\" id=\"wpforms-939-field_1\" class=\"wpforms-field-large wpforms-field-required\" name=\"wpforms[fields][1]\" required><\/div><div id=\"wpforms-939-field_9-container\" class=\"wpforms-field wpforms-field-phone\" data-field-id=\"9\"><label class=\"wpforms-field-label\" for=\"wpforms-939-field_9\">Phone <span class=\"wpforms-required-label\">*<\/span><\/label><input type=\"tel\" id=\"wpforms-939-field_9\" class=\"wpforms-field-medium wpforms-field-required wpforms-smart-phone-field\" data-rule-smart-phone-field=\"true\" name=\"wpforms[fields][9]\" required><\/div><div id=\"wpforms-939-field_5-container\" class=\"wpforms-field wpforms-field-select wpforms-field-select-style-classic\" data-field-id=\"5\"><label class=\"wpforms-field-label\" for=\"wpforms-939-field_5\">I&#039;m Interested In <span class=\"wpforms-required-label\">*<\/span><\/label><select id=\"wpforms-939-field_5\" class=\"wpforms-field-large wpforms-field-required\" name=\"wpforms[fields][5]\" required=\"required\"><option value=\"\" class=\"placeholder\" disabled  selected='selected'>&#8211; Please select &#8211;<\/option><option value=\"Tummy Tuck\" >Tummy Tuck<\/option><option value=\"Breast Augmenttion\" >Breast Augmenttion<\/option><option value=\"Liposuction\" >Liposuction<\/option><option value=\"Face Aesthetic\" >Face Aesthetic<\/option><option value=\"Brazilian But Lift\" >Brazilian But Lift<\/option><option value=\"Rhinolasty\" >Rhinolasty<\/option><option value=\"Gastric Sleeve\" >Gastric Sleeve<\/option><option value=\"Gastric Balloon\" >Gastric Balloon<\/option><option value=\"Dental Treatment\" >Dental Treatment<\/option><option value=\"Eye Treatment\" >Eye Treatment<\/option><option value=\"Genital Aesthetic\" >Genital Aesthetic<\/option><option value=\"Other Proccedures\" >Other Proccedures<\/option><\/select><\/div><div id=\"wpforms-939-field_6-container\" class=\"wpforms-field wpforms-field-select wpforms-field-select-style-classic\" data-field-id=\"6\"><label class=\"wpforms-field-label\" for=\"wpforms-939-field_6\">Preferred Time to Contact <span class=\"wpforms-required-label\">*<\/span><\/label><select id=\"wpforms-939-field_6\" class=\"wpforms-field-large wpforms-field-required\" name=\"wpforms[fields][6]\" required=\"required\"><option value=\"\" class=\"placeholder\" disabled  selected='selected'>&#8211; Please select &#8211;<\/option><option value=\"Any Time\" >Any Time<\/option><option value=\"9 - 12 AM\" >9 &#8211; 12 AM<\/option><option value=\"12 - 3 PM\" >12 &#8211; 3 PM<\/option><option value=\"3 - 6 PM\" >3 &#8211; 6 PM<\/option><option value=\"6 - 9 PM\" >6 &#8211; 9 PM<\/option><\/select><\/div><div id=\"wpforms-939-field_10-container\" class=\"wpforms-field wpforms-field-select wpforms-field-select-style-classic\" data-field-id=\"10\"><label class=\"wpforms-field-label\" for=\"wpforms-939-field_10\">Preferred Method to Contact <span class=\"wpforms-required-label\">*<\/span><\/label><select id=\"wpforms-939-field_10\" class=\"wpforms-field-large wpforms-field-required\" name=\"wpforms[fields][10]\" required=\"required\"><option value=\"\" class=\"placeholder\" disabled  selected='selected'>&#8211; Please select &#8211;<\/option><option value=\"WhatsApp Message\" >WhatsApp Message<\/option><option value=\"WhatsApp Call\" >WhatsApp Call<\/option><option value=\"Phone Call\" >Phone Call<\/option><option value=\"Email\" >Email<\/option><\/select><\/div><div id=\"wpforms-939-field_8-container\" class=\"wpforms-field wpforms-field-checkbox newsletter-checkbox\" data-field-id=\"8\"><label class=\"wpforms-field-label wpforms-label-hide\" for=\"wpforms-939-field_8\">Checkboxes<\/label><ul id=\"wpforms-939-field_8\"><li class=\"choice-1 depth-1\"><input type=\"checkbox\" id=\"wpforms-939-field_8_1\" name=\"wpforms[fields][8][]\" value=\"Newsletter Signup\"  ><label class=\"wpforms-field-label-inline\" for=\"wpforms-939-field_8_1\">Newsletter Signup<\/label><\/li><\/ul><\/div><div id=\"wpforms-939-field_11-container\" class=\"wpforms-field wpforms-field-hidden\" data-field-id=\"11\"><input type=\"hidden\" id=\"wpforms-939-field_11\" name=\"wpforms[fields][11]\"><\/div><\/div><div class=\"wpforms-submit-container\"><input type=\"hidden\" name=\"wpforms[id]\" value=\"939\"><input type=\"hidden\" name=\"wpforms[author]\" value=\"1\"><button type=\"submit\" name=\"wpforms[submit]\" id=\"wpforms-submit-939\" class=\"wpforms-submit contact-wpforms-button\" aria-live=\"assertive\" value=\"wpforms-submit\">Send Form<\/button><img loading=\"lazy\" decoding=\"async\" src=\"https:\/\/catchlifeaesthetic.com\/wp-content\/plugins\/wpforms\/assets\/images\/submit-spin.svg\" class=\"wpforms-submit-spinner\" style=\"display: none;\" width=\"26\" height=\"26\" alt=\"Cargando\"><\/div><\/form><\/div>  <!-- .wpforms-container -->\t\t<\/div>\n\t<\/div>\n<\/div>\n","protected":false},"excerpt":{"rendered":"<p>\u00bfQu\u00e9 es la t\u00e9cnica de implantes All on 6? En el tratamiento all on six, se crea una pr\u00f3tesis permanente utilizando 6 implantes que act\u00faan como pilares para los dientes. Se colocan seis implantes en el maxilar inferior o superior y se fabrican dientes sobre ellos. \u00bfCu\u00e1l es el procedimiento de Todos a las 6? [&hellip;]<\/p>\n","protected":false},"author":1,"featured_media":0,"parent":9734,"menu_order":0,"comment_status":"closed","ping_status":"closed","template":"","meta":{"_eb_attr":"","_uag_custom_page_level_css":"","_monsterinsights_skip_tracking":false,"_monsterinsights_sitenote_active":false,"_monsterinsights_sitenote_note":"","_monsterinsights_sitenote_category":0,"site-sidebar-layout":"default","site-content-layout":"","ast-site-content-layout":"default","site-content-style":"default","site-sidebar-style":"default","ast-global-header-display":"","ast-banner-title-visibility":"","ast-main-header-display":"","ast-hfb-above-header-display":"","ast-hfb-below-header-display":"","ast-hfb-mobile-header-display":"","site-post-title":"","ast-breadcrumbs-content":"","ast-featured-img":"","footer-sml-layout":"","theme-transparent-header-meta":"","adv-header-id-meta":"","stick-header-meta":"","header-above-stick-meta":"","header-main-stick-meta":"","header-below-stick-meta":"","astra-migrate-meta-layouts":"default","ast-page-background-enabled":"default","ast-page-background-meta":{"desktop":{"background-color":"var(--ast-global-color-4)","background-image":"","background-repeat":"repeat","background-position":"center center","background-size":"auto","background-attachment":"scroll","background-type":"","background-media":"","overlay-type":"","overlay-color":"","overlay-opacity":"","overlay-gradient":""},"tablet":{"background-color":"","background-image":"","background-repeat":"repeat","background-position":"center center","background-size":"auto","background-attachment":"scroll","background-type":"","background-media":"","overlay-type":"","overlay-color":"","overlay-opacity":"","overlay-gradient":""},"mobile":{"background-color":"","background-image":"","background-repeat":"repeat","background-position":"center center","background-size":"auto","background-attachment":"scroll","background-type":"","background-media":"","overlay-type":"","overlay-color":"","overlay-opacity":"","overlay-gradient":""}},"ast-content-background-meta":{"desktop":{"background-color":"var(--ast-global-color-5)","background-image":"","background-repeat":"repeat","background-position":"center center","background-size":"auto","background-attachment":"scroll","background-type":"","background-media":"","overlay-type":"","overlay-color":"","overlay-opacity":"","overlay-gradient":""},"tablet":{"background-color":"var(--ast-global-color-5)","background-image":"","background-repeat":"repeat","background-position":"center center","background-size":"auto","background-attachment":"scroll","background-type":"","background-media":"","overlay-type":"","overlay-color":"","overlay-opacity":"","overlay-gradient":""},"mobile":{"background-color":"var(--ast-global-color-5)","background-image":"","background-repeat":"repeat","background-position":"center center","background-size":"auto","background-attachment":"scroll","background-type":"","background-media":"","overlay-type":"","overlay-color":"","overlay-opacity":"","overlay-gradient":""}},"footnotes":""},"class_list":["post-10042","page","type-page","status-publish","hentry"],"uagb_featured_image_src":{"full":false,"thumbnail":false,"medium":false,"medium_large":false,"large":false,"1536x1536":false,"2048x2048":false,"woocommerce_thumbnail":false,"woocommerce_single":false,"woocommerce_gallery_thumbnail":false},"uagb_author_info":{"display_name":"Catchlife Aesthetic","author_link":"https:\/\/catchlifeaesthetic.com\/es\/author\/admincatchlife-com-tr\/"},"uagb_comment_info":0,"uagb_excerpt":"\u00bfQu\u00e9 es la t\u00e9cnica de implantes All on 6? En el tratamiento all on six, se crea una pr\u00f3tesis permanente utilizando 6 implantes que act\u00faan como pilares para los dientes. Se colocan seis implantes en el maxilar inferior o superior y se fabrican dientes sobre ellos. \u00bfCu\u00e1l es el procedimiento de Todos a las 6?&hellip;","_links":{"self":[{"href":"https:\/\/catchlifeaesthetic.com\/es\/wp-json\/wp\/v2\/pages\/10042","targetHints":{"allow":["GET"]}}],"collection":[{"href":"https:\/\/catchlifeaesthetic.com\/es\/wp-json\/wp\/v2\/pages"}],"about":[{"href":"https:\/\/catchlifeaesthetic.com\/es\/wp-json\/wp\/v2\/types\/page"}],"author":[{"embeddable":true,"href":"https:\/\/catchlifeaesthetic.com\/es\/wp-json\/wp\/v2\/users\/1"}],"replies":[{"embeddable":true,"href":"https:\/\/catchlifeaesthetic.com\/es\/wp-json\/wp\/v2\/comments?post=10042"}],"version-history":[{"count":1,"href":"https:\/\/catchlifeaesthetic.com\/es\/wp-json\/wp\/v2\/pages\/10042\/revisions"}],"predecessor-version":[{"id":10047,"href":"https:\/\/catchlifeaesthetic.com\/es\/wp-json\/wp\/v2\/pages\/10042\/revisions\/10047"}],"up":[{"embeddable":true,"href":"https:\/\/catchlifeaesthetic.com\/es\/wp-json\/wp\/v2\/pages\/9734"}],"wp:attachment":[{"href":"https:\/\/catchlifeaesthetic.com\/es\/wp-json\/wp\/v2\/media?parent=10042"}],"curies":[{"name":"wp","href":"https:\/\/api.w.org\/{rel}","templated":true}]}}