{"id":10043,"date":"2024-07-11T10:33:43","date_gmt":"2024-07-11T10:33:43","guid":{"rendered":"https:\/\/catchlifeaesthetic.com\/tratamiento-dental-turquia\/todo-en-4\/"},"modified":"2024-07-16T11:50:06","modified_gmt":"2024-07-16T11:50:06","slug":"todo-en-4","status":"publish","type":"page","link":"https:\/\/catchlifeaesthetic.com\/es\/tratamiento-dental-turquia\/todo-en-4\/","title":{"rendered":"TODO EN 4"},"content":{"rendered":"\n<figure class=\"wp-block-image\"><img decoding=\"async\" src=\"https:\/\/www.catchlifedental.com\/assets\/images\/dental-tourism\/services\/allon6blog.jpg\" alt=\"image\"\/><\/figure>\n\n<h5 class=\"wp-block-heading\">\u00bfQu\u00e9 es la t\u00e9cnica All On Four Implant?<\/h5>\n\n<p>La t\u00e9cnica de implantes All On Four es un procedimiento que fija la pr\u00f3tesis dental sobre cuatro implantes dentales colocados en determinados \u00e1ngulos en pacientes completamente ed\u00e9ntulos. En los pacientes ed\u00e9ntulos, los implantes no pueden colocarse en estas zonas como consecuencia de la p\u00e9rdida de hueso maxilar, la disminuci\u00f3n de la distancia entre el canal nervioso del maxilar inferior y el hundimiento de las cavidades sinusales del maxilar superior. En este caso, se pueden realizar pr\u00f3tesis fijas gracias a los implantes colocados s\u00f3lo en la regi\u00f3n anterior con la t\u00e9cnica all on four. Las pr\u00f3tesis fijas, que pueden fabricarse gracias al procedimiento All-on-four, permiten al paciente masticar sin problemas. Como la estabilidad de la pr\u00f3tesis la proporcionan los implantes, los pacientes no tienen que utilizar pr\u00f3tesis m\u00e1s grandes.<\/p>\n\n<h5 class=\"wp-block-heading\">\u00bfQu\u00e9 ventajas tienen las pr\u00f3tesis all on four?<\/h5>\n\n<ul class=\"wp-block-list\">\n<li>Es la t\u00e9cnica que requiere una \u00fanica intervenci\u00f3n quir\u00fargica, en pacientes ed\u00e9ntulos.<\/li>\n\n\n\n<li>No incluye ning\u00fan procedimiento quir\u00fargico avanzado, como la elevaci\u00f3n de seno o el injerto \u00f3seo.<\/li>\n\n\n\n<li>Los implantes angulados colocados en la parte posterior del maxilar no da\u00f1an las formaciones anat\u00f3micas.<\/li>\n\n\n\n<li>Se planifica en funci\u00f3n de la persona.<\/li>\n\n\n\n<li>Es m\u00e1s f\u00e1cil de limpiar y mantener.<\/li>\n\n\n\n<li>Es adecuado para pacientes que no pueden utilizar pr\u00f3tesis removibles y tienen reflejo nauseoso.<\/li>\n\n\n\n<li>Su dise\u00f1o es diferente al de las pr\u00f3tesis dentales completas (paladar).<\/li>\n\n\n\n<li>Se requieren pocas citas.<\/li>\n<\/ul>\n\n<h5 class=\"wp-block-heading\">\u00bfQui\u00e9n es apto para la t\u00e9cnica de implantes All On 4?<\/h5>\n\n<p>El tratamiento All On Four puede aplicarse a todos los pacientes ed\u00e9ntulos (sin dientes) que no tengan ninguna enfermedad que pueda impedir la cirug\u00eda de implantes dentales y tengan un volumen \u00f3seo suficiente.<\/p>\n\n<h5 class=\"wp-block-heading\">\u00bfCu\u00e1l es el procedimiento del tratamiento All On 4?<\/h5>\n\n<p>El paciente que desea someterse al tratamiento All On 4 se somete a un examen cl\u00ednico y radiol\u00f3gico detallado en la primera fase. El tratamiento se planifica midiendo en la radiograf\u00eda. All On 4 consta de dos fases, quir\u00fargica y prot\u00e9sica. Se colocan 4 implantes en la paciente de acuerdo con la planificaci\u00f3n. El mismo d\u00eda se fija la pr\u00f3tesis dental provisional sobre el implante. Al cabo de 3 meses, al paciente se le coloca una pr\u00f3tesis dental permanente. Tras el tratamiento All On 4, el proceso de tratamiento y recuperaci\u00f3n es breve e indoloro. Las funciones de masticar y hablar tambi\u00e9n se consiguen el mismo d\u00eda.<\/p>\n\n<h3 class=\"wp-block-heading\">Preguntas m\u00e1s frecuentes:<\/h3>\n\n<h5 class=\"wp-block-heading\">\u00bfCu\u00e1nto dura el proceso de colocaci\u00f3n de implantes?<\/h5>\n\n<p>Dependiendo de la regi\u00f3n que se vaya a colocar y del n\u00famero de dientes implantados, es un proceso que dura entre 30 y 60 minutos de media.<\/p>\n\n<h5 class=\"wp-block-heading\">\u00bfCu\u00e1nto dura el tratamiento en total?<\/h5>\n\n<p>Puede variar entre 3 y 9 meses en funci\u00f3n del plan de tratamiento.<\/p>\n\n<h5 class=\"wp-block-heading\">\u00bfQu\u00e9 puedo comer despu\u00e9s de una operaci\u00f3n de implantes?<\/h5>\n\n<p>Debes consumir alimentos blandos y l\u00edquidos durante unos d\u00edas despu\u00e9s de la intervenci\u00f3n.<\/p>\n\n<h5 class=\"wp-block-heading\">\u00bfCu\u00e1l es el papel del paciente en el cuidado de los implantes dentales?<\/h5>\n\n<p>El cepillado y el uso del hilo dental incluyen tratamientos caseros, pero debes visitar al dentista con regularidad.<\/p>\n\n<h5 class=\"wp-block-heading\">\u00bfCu\u00e1nto duran los dientes implantosoportados?<\/h5>\n\n<p>Unos dientes bien usados y mantenidos pueden durar toda la vida, pero es necesario realizar revisiones peri\u00f3dicas.<\/p>\n\n<h5 class=\"wp-block-heading\">\u00bfQu\u00e9 ocurre si el diente no se integra en el hueso?<\/h5>\n\n<p>Se retira el implante y se deja cicatrizar esa zona. Transcurrido el tiempo suficiente, si el hueso existente es adecuado, se coloca otro implante en esa zona.<\/p>\n\n<h3 class=\"wp-block-heading\">Obtener un presupuesto gratuito<\/h3>\n\n<div\n\tclass=\"root-eb-wpforms-b2t64 wp-block-essential-blocks-wpforms\">\n\t<div class=\"eb-parent-eb-wpforms-b2t64  eb-parent-wrapper\">\n\t\t<div class=\"eb-wpforms-b2t64 eb-wpforms-wrapper\">\n\t\t\t<div class=\"wpforms-container wpforms-container-full contact-wpforms\" id=\"wpforms-939\"><form id=\"wpforms-form-939\" class=\"wpforms-validate wpforms-form wpforms-ajax-form\" data-formid=\"939\" method=\"post\" enctype=\"multipart\/form-data\" action=\"\/es\/wp-json\/wp\/v2\/pages\/10043\" data-token=\"1ded982a3f772315fce0a7fabf9805cd\"><noscript class=\"wpforms-error-noscript\">Por favor, activa JavaScript en tu navegador para completar este formulario.<\/noscript><div class=\"wpforms-field-container\"><div id=\"wpforms-939-field_0-container\" class=\"wpforms-field wpforms-field-name\" data-field-id=\"0\"><label class=\"wpforms-field-label\" for=\"wpforms-939-field_0\">Full Name <span class=\"wpforms-required-label\">*<\/span><\/label><input type=\"text\" id=\"wpforms-939-field_0\" class=\"wpforms-field-large wpforms-field-required\" name=\"wpforms[fields][0]\" required><\/div><div id=\"wpforms-939-field_1-container\" class=\"wpforms-field wpforms-field-email\" data-field-id=\"1\"><label class=\"wpforms-field-label\" for=\"wpforms-939-field_1\">Email <span class=\"wpforms-required-label\">*<\/span><\/label><input type=\"email\" id=\"wpforms-939-field_1\" class=\"wpforms-field-large wpforms-field-required\" name=\"wpforms[fields][1]\" required><\/div><div id=\"wpforms-939-field_9-container\" class=\"wpforms-field wpforms-field-phone\" data-field-id=\"9\"><label class=\"wpforms-field-label\" for=\"wpforms-939-field_9\">Phone <span class=\"wpforms-required-label\">*<\/span><\/label><input type=\"tel\" id=\"wpforms-939-field_9\" class=\"wpforms-field-medium wpforms-field-required wpforms-smart-phone-field\" data-rule-smart-phone-field=\"true\" name=\"wpforms[fields][9]\" required><\/div><div id=\"wpforms-939-field_5-container\" class=\"wpforms-field wpforms-field-select wpforms-field-select-style-classic\" data-field-id=\"5\"><label class=\"wpforms-field-label\" for=\"wpforms-939-field_5\">I&#039;m Interested In <span class=\"wpforms-required-label\">*<\/span><\/label><select id=\"wpforms-939-field_5\" class=\"wpforms-field-large wpforms-field-required\" name=\"wpforms[fields][5]\" required=\"required\"><option value=\"\" class=\"placeholder\" disabled  selected='selected'>&#8211; Please select &#8211;<\/option><option value=\"Tummy Tuck\" >Tummy Tuck<\/option><option value=\"Breast Augmenttion\" >Breast Augmenttion<\/option><option value=\"Liposuction\" >Liposuction<\/option><option value=\"Face Aesthetic\" >Face Aesthetic<\/option><option value=\"Brazilian But Lift\" >Brazilian But Lift<\/option><option value=\"Rhinolasty\" >Rhinolasty<\/option><option value=\"Gastric Sleeve\" >Gastric Sleeve<\/option><option value=\"Gastric Balloon\" >Gastric Balloon<\/option><option value=\"Dental Treatment\" >Dental Treatment<\/option><option value=\"Eye Treatment\" >Eye Treatment<\/option><option value=\"Genital Aesthetic\" >Genital Aesthetic<\/option><option value=\"Other Proccedures\" >Other Proccedures<\/option><\/select><\/div><div id=\"wpforms-939-field_6-container\" class=\"wpforms-field wpforms-field-select wpforms-field-select-style-classic\" data-field-id=\"6\"><label class=\"wpforms-field-label\" for=\"wpforms-939-field_6\">Preferred Time to Contact <span class=\"wpforms-required-label\">*<\/span><\/label><select id=\"wpforms-939-field_6\" class=\"wpforms-field-large wpforms-field-required\" name=\"wpforms[fields][6]\" required=\"required\"><option value=\"\" class=\"placeholder\" disabled  selected='selected'>&#8211; Please select &#8211;<\/option><option value=\"Any Time\" >Any Time<\/option><option value=\"9 - 12 AM\" >9 &#8211; 12 AM<\/option><option value=\"12 - 3 PM\" >12 &#8211; 3 PM<\/option><option value=\"3 - 6 PM\" >3 &#8211; 6 PM<\/option><option value=\"6 - 9 PM\" >6 &#8211; 9 PM<\/option><\/select><\/div><div id=\"wpforms-939-field_10-container\" class=\"wpforms-field wpforms-field-select wpforms-field-select-style-classic\" data-field-id=\"10\"><label class=\"wpforms-field-label\" for=\"wpforms-939-field_10\">Preferred Method to Contact <span class=\"wpforms-required-label\">*<\/span><\/label><select id=\"wpforms-939-field_10\" class=\"wpforms-field-large wpforms-field-required\" name=\"wpforms[fields][10]\" required=\"required\"><option value=\"\" class=\"placeholder\" disabled  selected='selected'>&#8211; Please select &#8211;<\/option><option value=\"WhatsApp Message\" >WhatsApp Message<\/option><option value=\"WhatsApp Call\" >WhatsApp Call<\/option><option value=\"Phone Call\" >Phone Call<\/option><option value=\"Email\" >Email<\/option><\/select><\/div><div id=\"wpforms-939-field_8-container\" class=\"wpforms-field wpforms-field-checkbox newsletter-checkbox\" data-field-id=\"8\"><label class=\"wpforms-field-label wpforms-label-hide\" for=\"wpforms-939-field_8\">Checkboxes<\/label><ul id=\"wpforms-939-field_8\"><li class=\"choice-1 depth-1\"><input type=\"checkbox\" id=\"wpforms-939-field_8_1\" name=\"wpforms[fields][8][]\" value=\"Newsletter Signup\"  ><label class=\"wpforms-field-label-inline\" for=\"wpforms-939-field_8_1\">Newsletter Signup<\/label><\/li><\/ul><\/div><div id=\"wpforms-939-field_11-container\" class=\"wpforms-field wpforms-field-hidden\" data-field-id=\"11\"><input type=\"hidden\" id=\"wpforms-939-field_11\" name=\"wpforms[fields][11]\"><\/div><\/div><div class=\"wpforms-submit-container\"><input type=\"hidden\" name=\"wpforms[id]\" value=\"939\"><input type=\"hidden\" name=\"wpforms[author]\" value=\"1\"><button type=\"submit\" name=\"wpforms[submit]\" id=\"wpforms-submit-939\" class=\"wpforms-submit contact-wpforms-button\" aria-live=\"assertive\" value=\"wpforms-submit\">Send Form<\/button><img loading=\"lazy\" decoding=\"async\" src=\"https:\/\/catchlifeaesthetic.com\/wp-content\/plugins\/wpforms\/assets\/images\/submit-spin.svg\" class=\"wpforms-submit-spinner\" style=\"display: none;\" width=\"26\" height=\"26\" alt=\"Cargando\"><\/div><\/form><\/div>  <!-- .wpforms-container -->\t\t<\/div>\n\t<\/div>\n<\/div>\n","protected":false},"excerpt":{"rendered":"<p>\u00bfQu\u00e9 es la t\u00e9cnica All On Four Implant? La t\u00e9cnica de implantes All On Four es un procedimiento que fija la pr\u00f3tesis dental sobre cuatro implantes dentales colocados en determinados \u00e1ngulos en pacientes completamente ed\u00e9ntulos. En los pacientes ed\u00e9ntulos, los implantes no pueden colocarse en estas zonas como consecuencia de la p\u00e9rdida de hueso maxilar, [&hellip;]<\/p>\n","protected":false},"author":1,"featured_media":0,"parent":9734,"menu_order":0,"comment_status":"closed","ping_status":"closed","template":"","meta":{"_eb_attr":"","_uag_custom_page_level_css":"","_monsterinsights_skip_tracking":false,"_monsterinsights_sitenote_active":false,"_monsterinsights_sitenote_note":"","_monsterinsights_sitenote_category":0,"site-sidebar-layout":"default","site-content-layout":"","ast-site-content-layout":"default","site-content-style":"default","site-sidebar-style":"default","ast-global-header-display":"","ast-banner-title-visibility":"","ast-main-header-display":"","ast-hfb-above-header-display":"","ast-hfb-below-header-display":"","ast-hfb-mobile-header-display":"","site-post-title":"","ast-breadcrumbs-content":"","ast-featured-img":"","footer-sml-layout":"","theme-transparent-header-meta":"","adv-header-id-meta":"","stick-header-meta":"","header-above-stick-meta":"","header-main-stick-meta":"","header-below-stick-meta":"","astra-migrate-meta-layouts":"default","ast-page-background-enabled":"default","ast-page-background-meta":{"desktop":{"background-color":"var(--ast-global-color-4)","background-image":"","background-repeat":"repeat","background-position":"center center","background-size":"auto","background-attachment":"scroll","background-type":"","background-media":"","overlay-type":"","overlay-color":"","overlay-opacity":"","overlay-gradient":""},"tablet":{"background-color":"","background-image":"","background-repeat":"repeat","background-position":"center center","background-size":"auto","background-attachment":"scroll","background-type":"","background-media":"","overlay-type":"","overlay-color":"","overlay-opacity":"","overlay-gradient":""},"mobile":{"background-color":"","background-image":"","background-repeat":"repeat","background-position":"center center","background-size":"auto","background-attachment":"scroll","background-type":"","background-media":"","overlay-type":"","overlay-color":"","overlay-opacity":"","overlay-gradient":""}},"ast-content-background-meta":{"desktop":{"background-color":"var(--ast-global-color-5)","background-image":"","background-repeat":"repeat","background-position":"center center","background-size":"auto","background-attachment":"scroll","background-type":"","background-media":"","overlay-type":"","overlay-color":"","overlay-opacity":"","overlay-gradient":""},"tablet":{"background-color":"var(--ast-global-color-5)","background-image":"","background-repeat":"repeat","background-position":"center center","background-size":"auto","background-attachment":"scroll","background-type":"","background-media":"","overlay-type":"","overlay-color":"","overlay-opacity":"","overlay-gradient":""},"mobile":{"background-color":"var(--ast-global-color-5)","background-image":"","background-repeat":"repeat","background-position":"center center","background-size":"auto","background-attachment":"scroll","background-type":"","background-media":"","overlay-type":"","overlay-color":"","overlay-opacity":"","overlay-gradient":""}},"footnotes":""},"class_list":["post-10043","page","type-page","status-publish","hentry"],"uagb_featured_image_src":{"full":false,"thumbnail":false,"medium":false,"medium_large":false,"large":false,"1536x1536":false,"2048x2048":false,"woocommerce_thumbnail":false,"woocommerce_single":false,"woocommerce_gallery_thumbnail":false},"uagb_author_info":{"display_name":"Catchlife Aesthetic","author_link":"https:\/\/catchlifeaesthetic.com\/es\/author\/admincatchlife-com-tr\/"},"uagb_comment_info":0,"uagb_excerpt":"\u00bfQu\u00e9 es la t\u00e9cnica All On Four Implant? La t\u00e9cnica de implantes All On Four es un procedimiento que fija la pr\u00f3tesis dental sobre cuatro implantes dentales colocados en determinados \u00e1ngulos en pacientes completamente ed\u00e9ntulos. En los pacientes ed\u00e9ntulos, los implantes no pueden colocarse en estas zonas como consecuencia de la p\u00e9rdida de hueso maxilar,&hellip;","_links":{"self":[{"href":"https:\/\/catchlifeaesthetic.com\/es\/wp-json\/wp\/v2\/pages\/10043","targetHints":{"allow":["GET"]}}],"collection":[{"href":"https:\/\/catchlifeaesthetic.com\/es\/wp-json\/wp\/v2\/pages"}],"about":[{"href":"https:\/\/catchlifeaesthetic.com\/es\/wp-json\/wp\/v2\/types\/page"}],"author":[{"embeddable":true,"href":"https:\/\/catchlifeaesthetic.com\/es\/wp-json\/wp\/v2\/users\/1"}],"replies":[{"embeddable":true,"href":"https:\/\/catchlifeaesthetic.com\/es\/wp-json\/wp\/v2\/comments?post=10043"}],"version-history":[{"count":1,"href":"https:\/\/catchlifeaesthetic.com\/es\/wp-json\/wp\/v2\/pages\/10043\/revisions"}],"predecessor-version":[{"id":10048,"href":"https:\/\/catchlifeaesthetic.com\/es\/wp-json\/wp\/v2\/pages\/10043\/revisions\/10048"}],"up":[{"embeddable":true,"href":"https:\/\/catchlifeaesthetic.com\/es\/wp-json\/wp\/v2\/pages\/9734"}],"wp:attachment":[{"href":"https:\/\/catchlifeaesthetic.com\/es\/wp-json\/wp\/v2\/media?parent=10043"}],"curies":[{"name":"wp","href":"https:\/\/api.w.org\/{rel}","templated":true}]}}