{"id":10046,"date":"2024-07-11T10:46:05","date_gmt":"2024-07-11T10:46:05","guid":{"rendered":"https:\/\/catchlifeaesthetic.com\/tratamiento-dental-turquia\/chapas-de-laminado-e-max\/"},"modified":"2024-07-16T11:50:07","modified_gmt":"2024-07-16T11:50:07","slug":"chapas-de-laminado-e-max","status":"publish","type":"page","link":"https:\/\/catchlifeaesthetic.com\/es\/tratamiento-dental-turquia\/chapas-de-laminado-e-max\/","title":{"rendered":"Chapas de laminado E-Max"},"content":{"rendered":"\n<figure class=\"wp-block-image\"><img decoding=\"async\" src=\"https:\/\/www.catchlifedental.com\/assets\/images\/dental-tourism\/services\/lamineveenersblog.jpg\" alt=\"image\"\/><\/figure>\n\n<h5 class=\"wp-block-heading\">\u00bfQu\u00e9 es el tratamiento con chapa laminada?<\/h5>\n\n<p>Con este m\u00e9todo de tratamiento, que se aplica generalmente a los dientes delanteros, se adhieren a tus dientes delanteros porcelanas de hoja muy fina para mejorar su aspecto.<\/p>\n\n<h5 class=\"wp-block-heading\">\u00bfC\u00f3mo es el procedimiento del tratamiento con chapa laminada?<\/h5>\n\n<p>Antes de la aplicaci\u00f3n de la carilla laminada, el paciente se somete a un examen dental detallado. El dentista determina las necesidades del paciente y planifica el tratamiento. En primer lugar, se da forma a la parte anterior de los dientes. A continuaci\u00f3n, se prepara la parte anterior de los dientes para la aplicaci\u00f3n de las carillas. Al anestesiar las enc\u00edas, se reduce la sensaci\u00f3n de dolor del paciente durante la aplicaci\u00f3n. Se prepara una peque\u00f1a porci\u00f3n en la parte anterior del diente utilizando una fresa. Es muy importante que esta pieza sea compatible con el revestimiento laminar. Se toman medidas de la boca para hacer los dientes. Las carillas de laminado se preparan en una media de 5-6 d\u00edas. Si es necesario, se puede aplicar al paciente un laminado provisional o un relleno provisional. El procedimiento finaliza cuando los dientes laminados est\u00e1n firmemente adheridos a los dientes del paciente. El procedimiento suele completarse en 2 \u00f3 3 sesiones si no hay necesidad de un tratamiento o intervenci\u00f3n est\u00e9tica en las enc\u00edas de los pacientes a los que se aplica el laminado dental. Al final de este periodo, los pacientes pueden empezar a utilizar sus dientes laminados sin problemas.<\/p>\n\n<h5 class=\"wp-block-heading\">\u00bfQui\u00e9n es apto para este tratamiento?<\/h5>\n\n<ul class=\"wp-block-list\">\n<li>Mayores de 18 a\u00f1os, sin bruxismo ni trastornos mentales<\/li>\n\n\n\n<li>Personas que no pueden alcanzar la blancura deseada debido a la p\u00e9rdida de color<\/li>\n\n\n\n<li>Personas con leves torceduras dentales<\/li>\n\n\n\n<li>Los que tienen espacios entre los dientes<\/li>\n\n\n\n<li>Quienes desean tener una sonrisa est\u00e9tica e ideal<\/li>\n\n\n\n<li>En el alargamiento de los dientes que son cortos debido a factores gen\u00e9ticos u otras razones<\/li>\n\n\n\n<li>En el tratamiento de dientes desgastados<\/li>\n\n\n\n<li>En el tratamiento de dientes rotos o agrietados<\/li>\n<\/ul>\n\n<h5 class=\"wp-block-heading\">\u00bfQui\u00e9n no es apto para este tratamiento?<\/h5>\n\n<ul class=\"wp-block-list\">\n<li>Personas con la mand\u00edbula inferior m\u00e1s adelantada que la superior<\/li>\n\n\n\n<li>En personas que aprietan los dientes de forma agresiva durante el sue\u00f1o o en la vida diaria<\/li>\n\n\n\n<li>Personas con dientes excesivamente deformados<\/li>\n\n\n\n<li>Personas que tienen caries o fracturas causadas por un impacto, que provocan un espacio insuficiente para la aplicaci\u00f3n de carillas laminadas<\/li>\n\n\n\n<li>Para pacientes con fluorosis que causa l\u00edneas blancas, manchas grises, hoyos o manchas negras en los dientes<\/li>\n\n\n\n<li>En enfermedades que causan una conexi\u00f3n d\u00e9bil en la estructura del esmalte<\/li>\n<\/ul>\n\n<h5 class=\"wp-block-heading\">\u00bfCu\u00e1les son las ventajas del tratamiento con chapa laminada?<\/h5>\n\n<ul class=\"wp-block-list\">\n<li>Los dientes se desgastan ligeramente y se obtienen resultados visibles en poco tiempo.<\/li>\n\n\n\n<li>Es un proceso muy c\u00f3modo para los pacientes.<\/li>\n\n\n\n<li>Gracias a su caracter\u00edstica de transmisi\u00f3n de la luz, tiene un color muy parecido al del diente natural.<\/li>\n\n\n\n<li>Se puede conseguir un buen ajuste entre los dientes y las enc\u00edas.<\/li>\n\n\n\n<li>No se ve afectado por factores como el tabaco, el t\u00e9, el caf\u00e9 y no cambia de color.<\/li>\n<\/ul>\n\n<h5 class=\"wp-block-heading\">\u00bfCu\u00e1les son los inconvenientes del tratamiento con chapa laminada?<\/h5>\n\n<ul class=\"wp-block-list\">\n<li>Desde la fase de medici\u00f3n hasta la preparaci\u00f3n de los dientes, pasando por la adhesi\u00f3n de las l\u00e1minas de porcelana preparadas con adhesivo, todas estas fases son procesos que requieren mucha sensibilidad y experiencia.<\/li>\n\n\n\n<li>Es m\u00e1s costoso que otros m\u00e9todos de tratamiento.<\/li>\n\n\n\n<li>Aunque es muy raro, las l\u00e1minas de porcelana pueden separarse del diente y caerse. Suelen deberse a un error del m\u00e9dico y a que la uni\u00f3n no est\u00e1 bien hecha. En estos casos, las l\u00e1minas de porcelana se adhieren de nuevo.<\/li>\n<\/ul>\n\n<h3 class=\"wp-block-heading\">Preguntas m\u00e1s frecuentes:<\/h3>\n\n<h5 class=\"wp-block-heading\">\u00bfEs un proceso doloroso?<\/h5>\n\n<p>Puede haber una leve sensibilidad, que es algo que esperamos, pero no dolor intenso. La sensibilidad tambi\u00e9n es temporal.<\/p>\n\n<h5 class=\"wp-block-heading\">\u00bfLas chapas de laminado son quebradizas?<\/h5>\n\n<p>Mientras est\u00e9n bien sujetas, no se romper\u00e1n. Sin embargo, deben evitarse los alimentos duros y h\u00e1bitos como abrir las tapas con los dientes. Si existen estos h\u00e1bitos, la conexi\u00f3n diente-venado puede deteriorarse con el tiempo.<\/p>\n\n<h5 class=\"wp-block-heading\">\u00bfLas chapas de laminado cambian de color?<\/h5>\n\n<p>No les afecta la coloraci\u00f3n del t\u00e9, el caf\u00e9 y la comida, y conservan sus colores durante mucho tiempo.<\/p>\n\n<h5 class=\"wp-block-heading\">\u00bfCu\u00e1l es la vida \u00fatil de las chapas laminadas?<\/h5>\n\n<p>Puedes utilizarlos de por vida siempre que no lo muerdas agresivamente.<\/p>\n\n<h5 class=\"wp-block-heading\">\u00bfSe pueden aplicar carillas laminadas en los dientes posteriores?<\/h5>\n\n<p>S\u00f3lo puede aplicarse a los dientes anteriores. Como los dientes posteriores intervienen en la masticaci\u00f3n y est\u00e1n expuestos a m\u00e1s fuerza, no son adecuados para las carillas laminadas.<\/p>\n\n<h3 class=\"wp-block-heading\">Obtener un presupuesto gratuito<\/h3>\n\n<div\n\tclass=\"root-eb-wpforms-b2t64 wp-block-essential-blocks-wpforms\">\n\t<div class=\"eb-parent-eb-wpforms-b2t64  eb-parent-wrapper\">\n\t\t<div class=\"eb-wpforms-b2t64 eb-wpforms-wrapper\">\n\t\t\t<div class=\"wpforms-container wpforms-container-full contact-wpforms\" id=\"wpforms-939\"><form id=\"wpforms-form-939\" class=\"wpforms-validate wpforms-form wpforms-ajax-form\" data-formid=\"939\" method=\"post\" enctype=\"multipart\/form-data\" action=\"\/es\/wp-json\/wp\/v2\/pages\/10046\" data-token=\"1ded982a3f772315fce0a7fabf9805cd\"><noscript class=\"wpforms-error-noscript\">Por favor, activa JavaScript en tu navegador para completar este formulario.<\/noscript><div class=\"wpforms-field-container\"><div id=\"wpforms-939-field_0-container\" class=\"wpforms-field wpforms-field-name\" data-field-id=\"0\"><label class=\"wpforms-field-label\" for=\"wpforms-939-field_0\">Full Name <span class=\"wpforms-required-label\">*<\/span><\/label><input type=\"text\" id=\"wpforms-939-field_0\" class=\"wpforms-field-large wpforms-field-required\" name=\"wpforms[fields][0]\" required><\/div><div id=\"wpforms-939-field_1-container\" class=\"wpforms-field wpforms-field-email\" data-field-id=\"1\"><label class=\"wpforms-field-label\" for=\"wpforms-939-field_1\">Email <span class=\"wpforms-required-label\">*<\/span><\/label><input type=\"email\" id=\"wpforms-939-field_1\" class=\"wpforms-field-large wpforms-field-required\" name=\"wpforms[fields][1]\" required><\/div><div id=\"wpforms-939-field_9-container\" class=\"wpforms-field wpforms-field-phone\" data-field-id=\"9\"><label class=\"wpforms-field-label\" for=\"wpforms-939-field_9\">Phone <span class=\"wpforms-required-label\">*<\/span><\/label><input type=\"tel\" id=\"wpforms-939-field_9\" class=\"wpforms-field-medium wpforms-field-required wpforms-smart-phone-field\" data-rule-smart-phone-field=\"true\" name=\"wpforms[fields][9]\" required><\/div><div id=\"wpforms-939-field_5-container\" class=\"wpforms-field wpforms-field-select wpforms-field-select-style-classic\" data-field-id=\"5\"><label class=\"wpforms-field-label\" for=\"wpforms-939-field_5\">I&#039;m Interested In <span class=\"wpforms-required-label\">*<\/span><\/label><select id=\"wpforms-939-field_5\" class=\"wpforms-field-large wpforms-field-required\" name=\"wpforms[fields][5]\" required=\"required\"><option value=\"\" class=\"placeholder\" disabled  selected='selected'>&#8211; Please select &#8211;<\/option><option value=\"Tummy Tuck\" >Tummy Tuck<\/option><option value=\"Breast Augmenttion\" >Breast Augmenttion<\/option><option value=\"Liposuction\" >Liposuction<\/option><option value=\"Face Aesthetic\" >Face Aesthetic<\/option><option value=\"Brazilian But Lift\" >Brazilian But Lift<\/option><option value=\"Rhinolasty\" >Rhinolasty<\/option><option value=\"Gastric Sleeve\" >Gastric Sleeve<\/option><option value=\"Gastric Balloon\" >Gastric Balloon<\/option><option value=\"Dental Treatment\" >Dental Treatment<\/option><option value=\"Eye Treatment\" >Eye Treatment<\/option><option value=\"Genital Aesthetic\" >Genital Aesthetic<\/option><option value=\"Other Proccedures\" >Other Proccedures<\/option><\/select><\/div><div id=\"wpforms-939-field_6-container\" class=\"wpforms-field wpforms-field-select wpforms-field-select-style-classic\" data-field-id=\"6\"><label class=\"wpforms-field-label\" for=\"wpforms-939-field_6\">Preferred Time to Contact <span class=\"wpforms-required-label\">*<\/span><\/label><select id=\"wpforms-939-field_6\" class=\"wpforms-field-large wpforms-field-required\" name=\"wpforms[fields][6]\" required=\"required\"><option value=\"\" class=\"placeholder\" disabled  selected='selected'>&#8211; Please select &#8211;<\/option><option value=\"Any Time\" >Any Time<\/option><option value=\"9 - 12 AM\" >9 &#8211; 12 AM<\/option><option value=\"12 - 3 PM\" >12 &#8211; 3 PM<\/option><option value=\"3 - 6 PM\" >3 &#8211; 6 PM<\/option><option value=\"6 - 9 PM\" >6 &#8211; 9 PM<\/option><\/select><\/div><div id=\"wpforms-939-field_10-container\" class=\"wpforms-field wpforms-field-select wpforms-field-select-style-classic\" data-field-id=\"10\"><label class=\"wpforms-field-label\" for=\"wpforms-939-field_10\">Preferred Method to Contact <span class=\"wpforms-required-label\">*<\/span><\/label><select id=\"wpforms-939-field_10\" class=\"wpforms-field-large wpforms-field-required\" name=\"wpforms[fields][10]\" required=\"required\"><option value=\"\" class=\"placeholder\" disabled  selected='selected'>&#8211; Please select &#8211;<\/option><option value=\"WhatsApp Message\" >WhatsApp Message<\/option><option value=\"WhatsApp Call\" >WhatsApp Call<\/option><option value=\"Phone Call\" >Phone Call<\/option><option value=\"Email\" >Email<\/option><\/select><\/div><div id=\"wpforms-939-field_8-container\" class=\"wpforms-field wpforms-field-checkbox newsletter-checkbox\" data-field-id=\"8\"><label class=\"wpforms-field-label wpforms-label-hide\" for=\"wpforms-939-field_8\">Checkboxes<\/label><ul id=\"wpforms-939-field_8\"><li class=\"choice-1 depth-1\"><input type=\"checkbox\" id=\"wpforms-939-field_8_1\" name=\"wpforms[fields][8][]\" value=\"Newsletter Signup\"  ><label class=\"wpforms-field-label-inline\" for=\"wpforms-939-field_8_1\">Newsletter Signup<\/label><\/li><\/ul><\/div><div id=\"wpforms-939-field_11-container\" class=\"wpforms-field wpforms-field-hidden\" data-field-id=\"11\"><input type=\"hidden\" id=\"wpforms-939-field_11\" name=\"wpforms[fields][11]\"><\/div><\/div><div class=\"wpforms-submit-container\"><input type=\"hidden\" name=\"wpforms[id]\" value=\"939\"><input type=\"hidden\" name=\"wpforms[author]\" value=\"1\"><button type=\"submit\" name=\"wpforms[submit]\" id=\"wpforms-submit-939\" class=\"wpforms-submit contact-wpforms-button\" aria-live=\"assertive\" value=\"wpforms-submit\">Send Form<\/button><img loading=\"lazy\" decoding=\"async\" src=\"https:\/\/catchlifeaesthetic.com\/wp-content\/plugins\/wpforms\/assets\/images\/submit-spin.svg\" class=\"wpforms-submit-spinner\" style=\"display: none;\" width=\"26\" height=\"26\" alt=\"Cargando\"><\/div><\/form><\/div>  <!-- .wpforms-container -->\t\t<\/div>\n\t<\/div>\n<\/div>\n","protected":false},"excerpt":{"rendered":"<p>\u00bfQu\u00e9 es el tratamiento con chapa laminada? Con este m\u00e9todo de tratamiento, que se aplica generalmente a los dientes delanteros, se adhieren a tus dientes delanteros porcelanas de hoja muy fina para mejorar su aspecto. \u00bfC\u00f3mo es el procedimiento del tratamiento con chapa laminada? Antes de la aplicaci\u00f3n de la carilla laminada, el paciente se [&hellip;]<\/p>\n","protected":false},"author":1,"featured_media":0,"parent":9734,"menu_order":0,"comment_status":"closed","ping_status":"closed","template":"","meta":{"_eb_attr":"","_uag_custom_page_level_css":"","_monsterinsights_skip_tracking":false,"_monsterinsights_sitenote_active":false,"_monsterinsights_sitenote_note":"","_monsterinsights_sitenote_category":0,"site-sidebar-layout":"default","site-content-layout":"","ast-site-content-layout":"default","site-content-style":"default","site-sidebar-style":"default","ast-global-header-display":"","ast-banner-title-visibility":"","ast-main-header-display":"","ast-hfb-above-header-display":"","ast-hfb-below-header-display":"","ast-hfb-mobile-header-display":"","site-post-title":"","ast-breadcrumbs-content":"","ast-featured-img":"","footer-sml-layout":"","theme-transparent-header-meta":"","adv-header-id-meta":"","stick-header-meta":"","header-above-stick-meta":"","header-main-stick-meta":"","header-below-stick-meta":"","astra-migrate-meta-layouts":"default","ast-page-background-enabled":"default","ast-page-background-meta":{"desktop":{"background-color":"var(--ast-global-color-4)","background-image":"","background-repeat":"repeat","background-position":"center center","background-size":"auto","background-attachment":"scroll","background-type":"","background-media":"","overlay-type":"","overlay-color":"","overlay-opacity":"","overlay-gradient":""},"tablet":{"background-color":"","background-image":"","background-repeat":"repeat","background-position":"center center","background-size":"auto","background-attachment":"scroll","background-type":"","background-media":"","overlay-type":"","overlay-color":"","overlay-opacity":"","overlay-gradient":""},"mobile":{"background-color":"","background-image":"","background-repeat":"repeat","background-position":"center center","background-size":"auto","background-attachment":"scroll","background-type":"","background-media":"","overlay-type":"","overlay-color":"","overlay-opacity":"","overlay-gradient":""}},"ast-content-background-meta":{"desktop":{"background-color":"var(--ast-global-color-5)","background-image":"","background-repeat":"repeat","background-position":"center center","background-size":"auto","background-attachment":"scroll","background-type":"","background-media":"","overlay-type":"","overlay-color":"","overlay-opacity":"","overlay-gradient":""},"tablet":{"background-color":"var(--ast-global-color-5)","background-image":"","background-repeat":"repeat","background-position":"center center","background-size":"auto","background-attachment":"scroll","background-type":"","background-media":"","overlay-type":"","overlay-color":"","overlay-opacity":"","overlay-gradient":""},"mobile":{"background-color":"var(--ast-global-color-5)","background-image":"","background-repeat":"repeat","background-position":"center center","background-size":"auto","background-attachment":"scroll","background-type":"","background-media":"","overlay-type":"","overlay-color":"","overlay-opacity":"","overlay-gradient":""}},"footnotes":""},"class_list":["post-10046","page","type-page","status-publish","hentry"],"uagb_featured_image_src":{"full":false,"thumbnail":false,"medium":false,"medium_large":false,"large":false,"1536x1536":false,"2048x2048":false,"woocommerce_thumbnail":false,"woocommerce_single":false,"woocommerce_gallery_thumbnail":false},"uagb_author_info":{"display_name":"Catchlife Aesthetic","author_link":"https:\/\/catchlifeaesthetic.com\/es\/author\/admincatchlife-com-tr\/"},"uagb_comment_info":0,"uagb_excerpt":"\u00bfQu\u00e9 es el tratamiento con chapa laminada? Con este m\u00e9todo de tratamiento, que se aplica generalmente a los dientes delanteros, se adhieren a tus dientes delanteros porcelanas de hoja muy fina para mejorar su aspecto. \u00bfC\u00f3mo es el procedimiento del tratamiento con chapa laminada? Antes de la aplicaci\u00f3n de la carilla laminada, el paciente se&hellip;","_links":{"self":[{"href":"https:\/\/catchlifeaesthetic.com\/es\/wp-json\/wp\/v2\/pages\/10046","targetHints":{"allow":["GET"]}}],"collection":[{"href":"https:\/\/catchlifeaesthetic.com\/es\/wp-json\/wp\/v2\/pages"}],"about":[{"href":"https:\/\/catchlifeaesthetic.com\/es\/wp-json\/wp\/v2\/types\/page"}],"author":[{"embeddable":true,"href":"https:\/\/catchlifeaesthetic.com\/es\/wp-json\/wp\/v2\/users\/1"}],"replies":[{"embeddable":true,"href":"https:\/\/catchlifeaesthetic.com\/es\/wp-json\/wp\/v2\/comments?post=10046"}],"version-history":[{"count":1,"href":"https:\/\/catchlifeaesthetic.com\/es\/wp-json\/wp\/v2\/pages\/10046\/revisions"}],"predecessor-version":[{"id":10051,"href":"https:\/\/catchlifeaesthetic.com\/es\/wp-json\/wp\/v2\/pages\/10046\/revisions\/10051"}],"up":[{"embeddable":true,"href":"https:\/\/catchlifeaesthetic.com\/es\/wp-json\/wp\/v2\/pages\/9734"}],"wp:attachment":[{"href":"https:\/\/catchlifeaesthetic.com\/es\/wp-json\/wp\/v2\/media?parent=10046"}],"curies":[{"name":"wp","href":"https:\/\/api.w.org\/{rel}","templated":true}]}}