{"id":10057,"date":"2024-07-11T10:31:50","date_gmt":"2024-07-11T10:31:50","guid":{"rendered":"https:\/\/catchlifeaesthetic.com\/tratamiento-dental-turquia\/corona-de-circonio\/"},"modified":"2024-07-16T11:50:07","modified_gmt":"2024-07-16T11:50:07","slug":"corona-de-circonio","status":"publish","type":"page","link":"https:\/\/catchlifeaesthetic.com\/es\/tratamiento-dental-turquia\/corona-de-circonio\/","title":{"rendered":"Corona de circonio"},"content":{"rendered":"\n<figure class=\"wp-block-image\"><img decoding=\"async\" src=\"https:\/\/www.catchlifedental.com\/assets\/images\/dental-tourism\/services\/lamineveenersblog.jpg\" alt=\"image\"\/><\/figure>\n\n<h3 class=\"wp-block-heading\">CORONAS DENTALES DE CIRCONIO<\/h3>\n\n<h5 class=\"wp-block-heading\">\u00bfQu\u00e9 es una corona de circonio?<\/h5>\n\n<p>La corona de circonio es un m\u00e9todo de tratamiento exitoso en t\u00e9rminos de durabilidad y compatibilidad tisular, que ofrece los resultados m\u00e1s eficaces en est\u00e9tica dental. Con las coronas de circonio se elimina la p\u00e9rdida de dientes, se gana una sonrisa sana y se obtiene un resultado tan natural como los propios dientes. En la corona de circonio, se utiliza material de infraestructura de color blanco en lugar de metal como subestructura.<\/p>\n\n<h5 class=\"wp-block-heading\">\u00c1mbito de aplicaci\u00f3n:<br\/>Se utilizan coronas de circonio:<\/h5>\n\n<ul class=\"wp-block-list\">\n<li>En la coloraci\u00f3n avanzada de los dientes,<\/li>\n\n\n\n<li>En el tratamiento de la decoloraci\u00f3n estructural hereditaria,<\/li>\n\n\n\n<li>En casos en los que no se prefiere el tratamiento ortod\u00f3ncico, en dientes discretos como los \u00abdiastemas\u00bb o en el tratamiento de dientes torcidos menores,<\/li>\n\n\n\n<li>En dientes con empastes grandes,<\/li>\n\n\n\n<li>Para crear la est\u00e9tica de la sonrisa.<\/li>\n<\/ul>\n\n<h5 class=\"wp-block-heading\">\u00bfCu\u00e1les son las ventajas de las coronas de circonio?<\/h5>\n\n<ul class=\"wp-block-list\">\n<li>Con la corona de circonio, tendr\u00e1s el aspecto m\u00e1s parecido al de tus dientes naturales.<\/li>\n\n\n\n<li>Es la opci\u00f3n de tratamiento m\u00e1s id\u00f3nea para los al\u00e9rgicos al metal.<\/li>\n\n\n\n<li>Como en la corona de circonio no hay un corte excesivo del diente, no se produce sensibilidad dental frente a los alimentos fr\u00edos y calientes.<\/li>\n\n\n\n<li>La carilla de circonio es m\u00e1s compatible con la enc\u00eda que las carillas con soporte met\u00e1lico.<\/li>\n\n\n\n<li>La decoloraci\u00f3n gris causada por el metal en el borde gingival est\u00e1 ausente en la corona de circonio, es m\u00e1s agradable est\u00e9ticamente.<\/li>\n\n\n\n<li>Al ser compatible con la enc\u00eda, la probabilidad de futuros problemas de recesi\u00f3n gingival es baja.<\/li>\n\n\n\n<li>La formaci\u00f3n de decoloraci\u00f3n con el consumo de bebidas como el t\u00e9 y el caf\u00e9 es muy baja en la corona de circonio, y la mayor\u00eda de las veces no se experimenta en absoluto.<\/li>\n<\/ul>\n\n<h5 class=\"wp-block-heading\">\u00bfCu\u00e1les son las ventajas de los dientes de zirconio frente a los dientes de porcelana con base met\u00e1lica?<\/h5>\n\n<ul class=\"wp-block-list\">\n<li>Al ser un aislante, no se desarrolla la sensibilidad fr\u00edo-calor.<\/li>\n\n\n\n<li>Es un material muy est\u00e9tico, ya que su transmitancia luminosa es muy similar a la estructura del diente natural. Por ello, se prefiere el circonio, sobre todo en los dientes anteriores.<\/li>\n\n\n\n<li>Las coronas-puente (coronas) de porcelana con soporte met\u00e1lico se adhieren mec\u00e1nicamente al diente. El circonio se fija al diente mec\u00e1nica y qu\u00edmicamente. Por tanto, su retenci\u00f3n es mucho mayor que la de los puentes con soporte met\u00e1lico.<\/li>\n\n\n\n<li>Al no haber metal en su subestructura, no hay l\u00ednea oscura a nivel corona-gingival. Proporciona un aspecto m\u00e1s est\u00e9tico.<\/li>\n\n\n\n<li>Como las superficies de porcelana ser\u00e1n extremadamente lisas, se minimizan las manchas y las formaciones de sarro causadas por el tabaco y motivos similares.<\/li>\n\n\n\n<li>No cambia de color con factores externos como el caf\u00e9, el t\u00e9 o el cigarrillo.<\/li>\n\n\n\n<li>No hay riesgo de alergia contra algunos metales (n\u00edquel, etc.) utilizados en la infraestructura, en las porcelanas con infraestructura de circonio.<\/li>\n\n\n\n<li>Como es perfectamente compatible con nuestro organismo, puede utilizarse f\u00e1cilmente en pacientes con enfermedades de las enc\u00edas o con alto riesgo de desarrollarlas. Su compatibilidad con la enc\u00eda es muy buena, si se da importancia a la higiene bucal, no causa problemas gingivales.<\/li>\n<\/ul>\n\n<h5 class=\"wp-block-heading\">\u00bfHay desventajas de las coronas de circonio?<\/h5>\n\n<p>No se recomienda porque la probabilidad de fractura aumentar\u00e1 cuando haya espacios desdentados largos en las regiones posteriores.<\/p>\n\n<h5 class=\"wp-block-heading\">\u00bfC\u00f3mo se aplican las coronas de \u00f3xido de circonio?<\/h5>\n\n<p>Como se aplica anestesia local antes del procedimiento, el paciente no siente dolor. Se reducen los dientes y se toman sus medidas. Las coronas se fabrican especialmente en el laboratorio. Antes de arreglar los dientes, se celebran sesiones de ensayo. Si el paciente est\u00e1 satisfecho con el resultado, los dientes se fijan con adhesivos especiales.<\/p>\n\n<h3 class=\"wp-block-heading\">Preguntas m\u00e1s frecuentes:<\/h3>\n\n<h5 class=\"wp-block-heading\">\u00bfSe siente dolor durante la intervenci\u00f3n?<\/h5>\n\n<p>Como la intervenci\u00f3n se realiza con anestesia local, el paciente no siente dolor. Algunos pacientes pueden experimentar un ligero hormigueo.<\/p>\n\n<h5 class=\"wp-block-heading\">\u00bfPuede utilizarse circonio en pacientes con alergia a los metales?<\/h5>\n\n<p>Como no hay metal en la corona de circonio, los pacientes que tienen alergias al metal tambi\u00e9n pueden tratarse f\u00e1cilmente<\/p>\n\n<h5 class=\"wp-block-heading\">\u00bfDurante cu\u00e1nto tiempo se pueden utilizar las coronas de circonio?<\/h5>\n\n<p>Si se realizan revisiones peri\u00f3dicas y se cuidan los dientes, el paciente puede utilizarlo durante muchos a\u00f1os.<\/p>\n\n<h5 class=\"wp-block-heading\">\u00bfCu\u00e1nto dura el tratamiento?<\/h5>\n\n<p>Esta aplicaci\u00f3n se completa en 1 semana en pacientes con enc\u00edas sanas. Se puede continuar con algunos ensayos hasta que el m\u00e9dico y el paciente est\u00e9n satisfechos.<\/p>\n\n<h3 class=\"wp-block-heading\">Obtener un presupuesto gratuito<\/h3>\n\n<div\n\tclass=\"root-eb-wpforms-b2t64 wp-block-essential-blocks-wpforms\">\n\t<div class=\"eb-parent-eb-wpforms-b2t64  eb-parent-wrapper\">\n\t\t<div class=\"eb-wpforms-b2t64 eb-wpforms-wrapper\">\n\t\t\t<div class=\"wpforms-container wpforms-container-full contact-wpforms\" id=\"wpforms-939\"><form id=\"wpforms-form-939\" class=\"wpforms-validate wpforms-form wpforms-ajax-form\" data-formid=\"939\" method=\"post\" enctype=\"multipart\/form-data\" action=\"\/es\/wp-json\/wp\/v2\/pages\/10057\" data-token=\"35dd3b75201ebc86f9b935ee8b9d84e9\"><noscript class=\"wpforms-error-noscript\">Por favor, activa JavaScript en tu navegador para completar este formulario.<\/noscript><div class=\"wpforms-field-container\"><div id=\"wpforms-939-field_0-container\" class=\"wpforms-field wpforms-field-name\" data-field-id=\"0\"><label class=\"wpforms-field-label\" for=\"wpforms-939-field_0\">Full Name <span class=\"wpforms-required-label\">*<\/span><\/label><input type=\"text\" id=\"wpforms-939-field_0\" class=\"wpforms-field-large wpforms-field-required\" name=\"wpforms[fields][0]\" required><\/div><div id=\"wpforms-939-field_1-container\" class=\"wpforms-field wpforms-field-email\" data-field-id=\"1\"><label class=\"wpforms-field-label\" for=\"wpforms-939-field_1\">Email <span class=\"wpforms-required-label\">*<\/span><\/label><input type=\"email\" id=\"wpforms-939-field_1\" class=\"wpforms-field-large wpforms-field-required\" name=\"wpforms[fields][1]\" required><\/div><div id=\"wpforms-939-field_9-container\" class=\"wpforms-field wpforms-field-phone\" data-field-id=\"9\"><label class=\"wpforms-field-label\" for=\"wpforms-939-field_9\">Phone <span class=\"wpforms-required-label\">*<\/span><\/label><input type=\"tel\" id=\"wpforms-939-field_9\" class=\"wpforms-field-medium wpforms-field-required wpforms-smart-phone-field\" data-rule-smart-phone-field=\"true\" name=\"wpforms[fields][9]\" required><\/div><div id=\"wpforms-939-field_5-container\" class=\"wpforms-field wpforms-field-select wpforms-field-select-style-classic\" data-field-id=\"5\"><label class=\"wpforms-field-label\" for=\"wpforms-939-field_5\">I&#039;m Interested In <span class=\"wpforms-required-label\">*<\/span><\/label><select id=\"wpforms-939-field_5\" class=\"wpforms-field-large wpforms-field-required\" name=\"wpforms[fields][5]\" required=\"required\"><option value=\"\" class=\"placeholder\" disabled  selected='selected'>&#8211; Please select &#8211;<\/option><option value=\"Tummy Tuck\" >Tummy Tuck<\/option><option value=\"Breast Augmenttion\" >Breast Augmenttion<\/option><option value=\"Liposuction\" >Liposuction<\/option><option value=\"Face Aesthetic\" >Face Aesthetic<\/option><option value=\"Brazilian But Lift\" >Brazilian But Lift<\/option><option value=\"Rhinolasty\" >Rhinolasty<\/option><option value=\"Gastric Sleeve\" >Gastric Sleeve<\/option><option value=\"Gastric Balloon\" >Gastric Balloon<\/option><option value=\"Dental Treatment\" >Dental Treatment<\/option><option value=\"Eye Treatment\" >Eye Treatment<\/option><option value=\"Genital Aesthetic\" >Genital Aesthetic<\/option><option value=\"Other Proccedures\" >Other Proccedures<\/option><\/select><\/div><div id=\"wpforms-939-field_6-container\" class=\"wpforms-field wpforms-field-select wpforms-field-select-style-classic\" data-field-id=\"6\"><label class=\"wpforms-field-label\" for=\"wpforms-939-field_6\">Preferred Time to Contact <span class=\"wpforms-required-label\">*<\/span><\/label><select id=\"wpforms-939-field_6\" class=\"wpforms-field-large wpforms-field-required\" name=\"wpforms[fields][6]\" required=\"required\"><option value=\"\" class=\"placeholder\" disabled  selected='selected'>&#8211; Please select &#8211;<\/option><option value=\"Any Time\" >Any Time<\/option><option value=\"9 - 12 AM\" >9 &#8211; 12 AM<\/option><option value=\"12 - 3 PM\" >12 &#8211; 3 PM<\/option><option value=\"3 - 6 PM\" >3 &#8211; 6 PM<\/option><option value=\"6 - 9 PM\" >6 &#8211; 9 PM<\/option><\/select><\/div><div id=\"wpforms-939-field_10-container\" class=\"wpforms-field wpforms-field-select wpforms-field-select-style-classic\" data-field-id=\"10\"><label class=\"wpforms-field-label\" for=\"wpforms-939-field_10\">Preferred Method to Contact <span class=\"wpforms-required-label\">*<\/span><\/label><select id=\"wpforms-939-field_10\" class=\"wpforms-field-large wpforms-field-required\" name=\"wpforms[fields][10]\" required=\"required\"><option value=\"\" class=\"placeholder\" disabled  selected='selected'>&#8211; Please select &#8211;<\/option><option value=\"WhatsApp Message\" >WhatsApp Message<\/option><option value=\"WhatsApp Call\" >WhatsApp Call<\/option><option value=\"Phone Call\" >Phone Call<\/option><option value=\"Email\" >Email<\/option><\/select><\/div><div id=\"wpforms-939-field_8-container\" class=\"wpforms-field wpforms-field-checkbox newsletter-checkbox\" data-field-id=\"8\"><label class=\"wpforms-field-label wpforms-label-hide\" for=\"wpforms-939-field_8\">Checkboxes<\/label><ul id=\"wpforms-939-field_8\"><li class=\"choice-1 depth-1\"><input type=\"checkbox\" id=\"wpforms-939-field_8_1\" name=\"wpforms[fields][8][]\" value=\"Newsletter Signup\"  ><label class=\"wpforms-field-label-inline\" for=\"wpforms-939-field_8_1\">Newsletter Signup<\/label><\/li><\/ul><\/div><div id=\"wpforms-939-field_11-container\" class=\"wpforms-field wpforms-field-hidden\" data-field-id=\"11\"><input type=\"hidden\" id=\"wpforms-939-field_11\" name=\"wpforms[fields][11]\"><\/div><\/div><div class=\"wpforms-submit-container\"><input type=\"hidden\" name=\"wpforms[id]\" value=\"939\"><input type=\"hidden\" name=\"wpforms[author]\" value=\"1\"><button type=\"submit\" name=\"wpforms[submit]\" id=\"wpforms-submit-939\" class=\"wpforms-submit contact-wpforms-button\" aria-live=\"assertive\" value=\"wpforms-submit\">Send Form<\/button><img loading=\"lazy\" decoding=\"async\" src=\"https:\/\/catchlifeaesthetic.com\/wp-content\/plugins\/wpforms\/assets\/images\/submit-spin.svg\" class=\"wpforms-submit-spinner\" style=\"display: none;\" width=\"26\" height=\"26\" alt=\"Cargando\"><\/div><\/form><\/div>  <!-- .wpforms-container -->\t\t<\/div>\n\t<\/div>\n<\/div>\n","protected":false},"excerpt":{"rendered":"<p>CORONAS DENTALES DE CIRCONIO \u00bfQu\u00e9 es una corona de circonio? La corona de circonio es un m\u00e9todo de tratamiento exitoso en t\u00e9rminos de durabilidad y compatibilidad tisular, que ofrece los resultados m\u00e1s eficaces en est\u00e9tica dental. Con las coronas de circonio se elimina la p\u00e9rdida de dientes, se gana una sonrisa sana y se obtiene [&hellip;]<\/p>\n","protected":false},"author":1,"featured_media":0,"parent":9734,"menu_order":0,"comment_status":"closed","ping_status":"closed","template":"","meta":{"_eb_attr":"","_uag_custom_page_level_css":"","_monsterinsights_skip_tracking":false,"_monsterinsights_sitenote_active":false,"_monsterinsights_sitenote_note":"","_monsterinsights_sitenote_category":0,"site-sidebar-layout":"default","site-content-layout":"","ast-site-content-layout":"default","site-content-style":"default","site-sidebar-style":"default","ast-global-header-display":"","ast-banner-title-visibility":"","ast-main-header-display":"","ast-hfb-above-header-display":"","ast-hfb-below-header-display":"","ast-hfb-mobile-header-display":"","site-post-title":"","ast-breadcrumbs-content":"","ast-featured-img":"","footer-sml-layout":"","theme-transparent-header-meta":"","adv-header-id-meta":"","stick-header-meta":"","header-above-stick-meta":"","header-main-stick-meta":"","header-below-stick-meta":"","astra-migrate-meta-layouts":"default","ast-page-background-enabled":"default","ast-page-background-meta":{"desktop":{"background-color":"var(--ast-global-color-4)","background-image":"","background-repeat":"repeat","background-position":"center center","background-size":"auto","background-attachment":"scroll","background-type":"","background-media":"","overlay-type":"","overlay-color":"","overlay-opacity":"","overlay-gradient":""},"tablet":{"background-color":"","background-image":"","background-repeat":"repeat","background-position":"center center","background-size":"auto","background-attachment":"scroll","background-type":"","background-media":"","overlay-type":"","overlay-color":"","overlay-opacity":"","overlay-gradient":""},"mobile":{"background-color":"","background-image":"","background-repeat":"repeat","background-position":"center center","background-size":"auto","background-attachment":"scroll","background-type":"","background-media":"","overlay-type":"","overlay-color":"","overlay-opacity":"","overlay-gradient":""}},"ast-content-background-meta":{"desktop":{"background-color":"var(--ast-global-color-5)","background-image":"","background-repeat":"repeat","background-position":"center center","background-size":"auto","background-attachment":"scroll","background-type":"","background-media":"","overlay-type":"","overlay-color":"","overlay-opacity":"","overlay-gradient":""},"tablet":{"background-color":"var(--ast-global-color-5)","background-image":"","background-repeat":"repeat","background-position":"center center","background-size":"auto","background-attachment":"scroll","background-type":"","background-media":"","overlay-type":"","overlay-color":"","overlay-opacity":"","overlay-gradient":""},"mobile":{"background-color":"var(--ast-global-color-5)","background-image":"","background-repeat":"repeat","background-position":"center center","background-size":"auto","background-attachment":"scroll","background-type":"","background-media":"","overlay-type":"","overlay-color":"","overlay-opacity":"","overlay-gradient":""}},"footnotes":""},"class_list":["post-10057","page","type-page","status-publish","hentry"],"uagb_featured_image_src":{"full":false,"thumbnail":false,"medium":false,"medium_large":false,"large":false,"1536x1536":false,"2048x2048":false,"woocommerce_thumbnail":false,"woocommerce_single":false,"woocommerce_gallery_thumbnail":false},"uagb_author_info":{"display_name":"Catchlife Aesthetic","author_link":"https:\/\/catchlifeaesthetic.com\/es\/author\/admincatchlife-com-tr\/"},"uagb_comment_info":0,"uagb_excerpt":"CORONAS DENTALES DE CIRCONIO \u00bfQu\u00e9 es una corona de circonio? La corona de circonio es un m\u00e9todo de tratamiento exitoso en t\u00e9rminos de durabilidad y compatibilidad tisular, que ofrece los resultados m\u00e1s eficaces en est\u00e9tica dental. Con las coronas de circonio se elimina la p\u00e9rdida de dientes, se gana una sonrisa sana y se obtiene&hellip;","_links":{"self":[{"href":"https:\/\/catchlifeaesthetic.com\/es\/wp-json\/wp\/v2\/pages\/10057","targetHints":{"allow":["GET"]}}],"collection":[{"href":"https:\/\/catchlifeaesthetic.com\/es\/wp-json\/wp\/v2\/pages"}],"about":[{"href":"https:\/\/catchlifeaesthetic.com\/es\/wp-json\/wp\/v2\/types\/page"}],"author":[{"embeddable":true,"href":"https:\/\/catchlifeaesthetic.com\/es\/wp-json\/wp\/v2\/users\/1"}],"replies":[{"embeddable":true,"href":"https:\/\/catchlifeaesthetic.com\/es\/wp-json\/wp\/v2\/comments?post=10057"}],"version-history":[{"count":1,"href":"https:\/\/catchlifeaesthetic.com\/es\/wp-json\/wp\/v2\/pages\/10057\/revisions"}],"predecessor-version":[{"id":10062,"href":"https:\/\/catchlifeaesthetic.com\/es\/wp-json\/wp\/v2\/pages\/10057\/revisions\/10062"}],"up":[{"embeddable":true,"href":"https:\/\/catchlifeaesthetic.com\/es\/wp-json\/wp\/v2\/pages\/9734"}],"wp:attachment":[{"href":"https:\/\/catchlifeaesthetic.com\/es\/wp-json\/wp\/v2\/media?parent=10057"}],"curies":[{"name":"wp","href":"https:\/\/api.w.org\/{rel}","templated":true}]}}