{"id":10136,"date":"2024-07-11T11:03:05","date_gmt":"2024-07-11T11:03:05","guid":{"rendered":"https:\/\/catchlifeaesthetic.com\/tratamiento-dental-turquia\/cambio-de-sonrisa\/"},"modified":"2024-07-16T11:50:28","modified_gmt":"2024-07-16T11:50:28","slug":"cambio-de-sonrisa","status":"publish","type":"page","link":"https:\/\/catchlifeaesthetic.com\/es\/tratamiento-dental-turquia\/cambio-de-sonrisa\/","title":{"rendered":"Cambio de sonrisa"},"content":{"rendered":"\n<figure class=\"wp-block-image\"><img decoding=\"async\" src=\"https:\/\/www.catchlifedental.com\/assets\/images\/dental-tourism\/services\/lamineveenersblog.jpg\" alt=\"image\"\/><\/figure>\n\n<p><strong>\u00bfQu\u00e9 es un cambio de imagen de la sonrisa?<\/strong><\/p>\n\n<p>Un cambio de imagen de la sonrisa es un procedimiento odontol\u00f3gico cosm\u00e9tico integral dise\u00f1ado para mejorar el aspecto de tu sonrisa. Combina varios tratamientos, como blanqueamiento dental, carillas, coronas, puentes y ortodoncia, para tratar problemas como la decoloraci\u00f3n, la desalineaci\u00f3n, los huecos y la falta de dientes. El objetivo es crear una sonrisa bella y armoniosa que mejore tu est\u00e9tica facial general y aumente tu confianza.<\/p>\n\n<p><strong>\u00bfC\u00f3mo se realiza el procedimiento de transformaci\u00f3n de la sonrisa?<\/strong><\/p>\n\n<p>Antes de iniciar un cambio de imagen de la sonrisa, el paciente se somete a un examen dental detallado. El dentista determina las necesidades del paciente y planifica el tratamiento. El procedimiento puede consistir en dar forma a las superficies frontales de los dientes y prepararlas para tratamientos como carillas o coronas. Se adormecen las enc\u00edas para reducir el dolor durante el procedimiento. Se toman medidas y se preparan tratamientos personalizados. El proceso completo suele durar unas pocas sesiones y, al final, los pacientes consiguen una sonrisa nueva y est\u00e9ticamente agradable.<\/p>\n\n<p><strong>\u00bfQui\u00e9n es adecuado para este tratamiento?<\/strong><\/p>\n\n<p>&#8211; Personas mayores de 18 a\u00f1os<\/p>\n\n<p>&#8211; Los que no pueden conseguir la blancura deseada debido a la decoloraci\u00f3n<\/p>\n\n<p>&#8211; Personas con desalineaci\u00f3n dental leve<\/p>\n\n<p>&#8211; Personas con espacios entre los dientes<\/p>\n\n<p>&#8211; Quienes buscan una sonrisa est\u00e9tica e ideal<\/p>\n\n<p>&#8211; Personas con dientes cortos debido a factores gen\u00e9ticos u otras razones<\/p>\n\n<p>&#8211; Para el tratamiento de dientes desgastados, rotos o agrietados<\/p>\n\n<p><strong>\u00bfQui\u00e9n no es adecuado para este tratamiento?<\/strong><\/p>\n\n<p>&#8211; Personas con prognatismo<\/p>\n\n<p>&#8211; Personas con h\u00e1bitos agresivos de rechinar los dientes<\/p>\n\n<p>&#8211; Los que tienen los dientes excesivamente desalineados<\/p>\n\n<p>&#8211; Personas con espacio insuficiente para carillas debido a caries o fracturas<\/p>\n\n<p>&#8211; Pacientes con fluorosis que causa l\u00edneas blancas, manchas grises, hoyos o manchas negras en los dientes<\/p>\n\n<p>&#8211; Los que padecen enfermedades que debilitan el esmalte<\/p>\n\n<p><strong>Ventajas del Smile Makeover:<\/strong><\/p>\n\n<p>&#8211; Los dientes se desgastan m\u00ednimamente y se consiguen resultados visibles en poco tiempo.<\/p>\n\n<p>&#8211; Es un proceso muy c\u00f3modo para los pacientes.<\/p>\n\n<p>&#8211; El color de los dientes es muy parecido al natural, con una excelente transmisi\u00f3n de la luz.<\/p>\n\n<p>&#8211; Se consigue un buen ajuste entre dientes y enc\u00edas.<\/p>\n\n<p>&#8211; No le afectan factores como el tabaco, el t\u00e9 o el caf\u00e9, y no cambia de color.<\/p>\n\n<p><strong>Inconvenientes del Smile Makeover:<\/strong><\/p>\n\n<p>&#8211; El proceso requiere mucha precisi\u00f3n y experiencia, desde la medici\u00f3n hasta la adhesi\u00f3n de las carillas.<\/p>\n\n<p>&#8211; Es m\u00e1s caro que otros m\u00e9todos de tratamiento.<\/p>\n\n<p>&#8211; Aunque es raro, las carillas de porcelana pueden despegarse del diente. Por lo general, esto puede corregirse volviendo a pegar.<\/p>\n\n<p><strong>Preguntas m\u00e1s frecuentes:<\/strong><\/p>\n\n<p><strong>\u00bfEs un proceso doloroso?<\/strong><\/p>\n\n<p>Puede haber una ligera sensibilidad, pero no se espera que haya dolor intenso. Cualquier sensibilidad es temporal.<\/p>\n\n<p><strong>\u00bfLas chapas de laminado son quebradizas?<\/strong><\/p>\n\n<p>Mientras est\u00e9n bien sujetas, no se romper\u00e1n. Sin embargo, deben evitarse los alimentos duros y h\u00e1bitos como abrir las tapas con los dientes. Tales h\u00e1bitos pueden deteriorar con el tiempo el v\u00ednculo diente-venado.<\/p>\n\n<p><strong>\u00bfLas chapas de laminado cambian de color?<\/strong><\/p>\n\n<p>No les afecta la coloraci\u00f3n del t\u00e9, el caf\u00e9 y los alimentos, y conservan su color durante mucho tiempo.<\/p>\n\n<p><strong>\u00bfCu\u00e1l es la vida \u00fatil de las chapas laminadas?<\/strong><\/p>\n\n<p>Pueden durar toda la vida, siempre que no se les someta a una fuerza excesiva.<\/p>\n\n<p><strong>\u00bfSe pueden aplicar carillas laminadas en los dientes posteriores?<\/strong><\/p>\n\n<p>S\u00f3lo pueden aplicarse a los dientes frontales. Los dientes posteriores, que intervienen en la masticaci\u00f3n, est\u00e1n expuestos a m\u00e1s fuerza y no son adecuados para las carillas laminadas.<\/p>\n\n<h3 class=\"wp-block-heading\">Obtener un presupuesto gratuito<\/h3>\n\n<div\n\tclass=\"root-eb-wpforms-b2t64 wp-block-essential-blocks-wpforms\">\n\t<div class=\"eb-parent-eb-wpforms-b2t64  eb-parent-wrapper\">\n\t\t<div class=\"eb-wpforms-b2t64 eb-wpforms-wrapper\">\n\t\t\t<div class=\"wpforms-container wpforms-container-full contact-wpforms\" id=\"wpforms-939\"><form id=\"wpforms-form-939\" class=\"wpforms-validate wpforms-form wpforms-ajax-form\" data-formid=\"939\" method=\"post\" enctype=\"multipart\/form-data\" action=\"\/es\/wp-json\/wp\/v2\/pages\/10136\" data-token=\"1ded982a3f772315fce0a7fabf9805cd\"><noscript class=\"wpforms-error-noscript\">Por favor, activa JavaScript en tu navegador para completar este formulario.<\/noscript><div class=\"wpforms-field-container\"><div id=\"wpforms-939-field_0-container\" class=\"wpforms-field wpforms-field-name\" data-field-id=\"0\"><label class=\"wpforms-field-label\" for=\"wpforms-939-field_0\">Full Name <span class=\"wpforms-required-label\">*<\/span><\/label><input type=\"text\" id=\"wpforms-939-field_0\" class=\"wpforms-field-large wpforms-field-required\" name=\"wpforms[fields][0]\" required><\/div><div id=\"wpforms-939-field_1-container\" class=\"wpforms-field wpforms-field-email\" data-field-id=\"1\"><label class=\"wpforms-field-label\" for=\"wpforms-939-field_1\">Email <span class=\"wpforms-required-label\">*<\/span><\/label><input type=\"email\" id=\"wpforms-939-field_1\" class=\"wpforms-field-large wpforms-field-required\" name=\"wpforms[fields][1]\" required><\/div><div id=\"wpforms-939-field_9-container\" class=\"wpforms-field wpforms-field-phone\" data-field-id=\"9\"><label class=\"wpforms-field-label\" for=\"wpforms-939-field_9\">Phone <span class=\"wpforms-required-label\">*<\/span><\/label><input type=\"tel\" id=\"wpforms-939-field_9\" class=\"wpforms-field-medium wpforms-field-required wpforms-smart-phone-field\" data-rule-smart-phone-field=\"true\" name=\"wpforms[fields][9]\" required><\/div><div id=\"wpforms-939-field_5-container\" class=\"wpforms-field wpforms-field-select wpforms-field-select-style-classic\" data-field-id=\"5\"><label class=\"wpforms-field-label\" for=\"wpforms-939-field_5\">I&#039;m Interested In <span class=\"wpforms-required-label\">*<\/span><\/label><select id=\"wpforms-939-field_5\" class=\"wpforms-field-large wpforms-field-required\" name=\"wpforms[fields][5]\" required=\"required\"><option value=\"\" class=\"placeholder\" disabled  selected='selected'>&#8211; Please select &#8211;<\/option><option value=\"Tummy Tuck\" >Tummy Tuck<\/option><option value=\"Breast Augmenttion\" >Breast Augmenttion<\/option><option value=\"Liposuction\" >Liposuction<\/option><option value=\"Face Aesthetic\" >Face Aesthetic<\/option><option value=\"Brazilian But Lift\" >Brazilian But Lift<\/option><option value=\"Rhinolasty\" >Rhinolasty<\/option><option value=\"Gastric Sleeve\" >Gastric Sleeve<\/option><option value=\"Gastric Balloon\" >Gastric Balloon<\/option><option value=\"Dental Treatment\" >Dental Treatment<\/option><option value=\"Eye Treatment\" >Eye Treatment<\/option><option value=\"Genital Aesthetic\" >Genital Aesthetic<\/option><option value=\"Other Proccedures\" >Other Proccedures<\/option><\/select><\/div><div id=\"wpforms-939-field_6-container\" class=\"wpforms-field wpforms-field-select wpforms-field-select-style-classic\" data-field-id=\"6\"><label class=\"wpforms-field-label\" for=\"wpforms-939-field_6\">Preferred Time to Contact <span class=\"wpforms-required-label\">*<\/span><\/label><select id=\"wpforms-939-field_6\" class=\"wpforms-field-large wpforms-field-required\" name=\"wpforms[fields][6]\" required=\"required\"><option value=\"\" class=\"placeholder\" disabled  selected='selected'>&#8211; Please select &#8211;<\/option><option value=\"Any Time\" >Any Time<\/option><option value=\"9 - 12 AM\" >9 &#8211; 12 AM<\/option><option value=\"12 - 3 PM\" >12 &#8211; 3 PM<\/option><option value=\"3 - 6 PM\" >3 &#8211; 6 PM<\/option><option value=\"6 - 9 PM\" >6 &#8211; 9 PM<\/option><\/select><\/div><div id=\"wpforms-939-field_10-container\" class=\"wpforms-field wpforms-field-select wpforms-field-select-style-classic\" data-field-id=\"10\"><label class=\"wpforms-field-label\" for=\"wpforms-939-field_10\">Preferred Method to Contact <span class=\"wpforms-required-label\">*<\/span><\/label><select id=\"wpforms-939-field_10\" class=\"wpforms-field-large wpforms-field-required\" name=\"wpforms[fields][10]\" required=\"required\"><option value=\"\" class=\"placeholder\" disabled  selected='selected'>&#8211; Please select &#8211;<\/option><option value=\"WhatsApp Message\" >WhatsApp Message<\/option><option value=\"WhatsApp Call\" >WhatsApp Call<\/option><option value=\"Phone Call\" >Phone Call<\/option><option value=\"Email\" >Email<\/option><\/select><\/div><div id=\"wpforms-939-field_8-container\" class=\"wpforms-field wpforms-field-checkbox newsletter-checkbox\" data-field-id=\"8\"><label class=\"wpforms-field-label wpforms-label-hide\" for=\"wpforms-939-field_8\">Checkboxes<\/label><ul id=\"wpforms-939-field_8\"><li class=\"choice-1 depth-1\"><input type=\"checkbox\" id=\"wpforms-939-field_8_1\" name=\"wpforms[fields][8][]\" value=\"Newsletter Signup\"  ><label class=\"wpforms-field-label-inline\" for=\"wpforms-939-field_8_1\">Newsletter Signup<\/label><\/li><\/ul><\/div><div id=\"wpforms-939-field_11-container\" class=\"wpforms-field wpforms-field-hidden\" data-field-id=\"11\"><input type=\"hidden\" id=\"wpforms-939-field_11\" name=\"wpforms[fields][11]\"><\/div><\/div><div class=\"wpforms-submit-container\"><input type=\"hidden\" name=\"wpforms[id]\" value=\"939\"><input type=\"hidden\" name=\"wpforms[author]\" value=\"1\"><button type=\"submit\" name=\"wpforms[submit]\" id=\"wpforms-submit-939\" class=\"wpforms-submit contact-wpforms-button\" aria-live=\"assertive\" value=\"wpforms-submit\">Send Form<\/button><img loading=\"lazy\" decoding=\"async\" src=\"https:\/\/catchlifeaesthetic.com\/wp-content\/plugins\/wpforms\/assets\/images\/submit-spin.svg\" class=\"wpforms-submit-spinner\" style=\"display: none;\" width=\"26\" height=\"26\" alt=\"Cargando\"><\/div><\/form><\/div>  <!-- .wpforms-container -->\t\t<\/div>\n\t<\/div>\n<\/div>\n","protected":false},"excerpt":{"rendered":"<p>\u00bfQu\u00e9 es un cambio de imagen de la sonrisa? Un cambio de imagen de la sonrisa es un procedimiento odontol\u00f3gico cosm\u00e9tico integral dise\u00f1ado para mejorar el aspecto de tu sonrisa. Combina varios tratamientos, como blanqueamiento dental, carillas, coronas, puentes y ortodoncia, para tratar problemas como la decoloraci\u00f3n, la desalineaci\u00f3n, los huecos y la falta de [&hellip;]<\/p>\n","protected":false},"author":1,"featured_media":0,"parent":9734,"menu_order":0,"comment_status":"closed","ping_status":"closed","template":"","meta":{"_eb_attr":"","_uag_custom_page_level_css":"","_monsterinsights_skip_tracking":false,"_monsterinsights_sitenote_active":false,"_monsterinsights_sitenote_note":"","_monsterinsights_sitenote_category":0,"site-sidebar-layout":"default","site-content-layout":"","ast-site-content-layout":"default","site-content-style":"default","site-sidebar-style":"default","ast-global-header-display":"","ast-banner-title-visibility":"","ast-main-header-display":"","ast-hfb-above-header-display":"","ast-hfb-below-header-display":"","ast-hfb-mobile-header-display":"","site-post-title":"","ast-breadcrumbs-content":"","ast-featured-img":"","footer-sml-layout":"","theme-transparent-header-meta":"","adv-header-id-meta":"","stick-header-meta":"","header-above-stick-meta":"","header-main-stick-meta":"","header-below-stick-meta":"","astra-migrate-meta-layouts":"default","ast-page-background-enabled":"default","ast-page-background-meta":{"desktop":{"background-color":"var(--ast-global-color-4)","background-image":"","background-repeat":"repeat","background-position":"center center","background-size":"auto","background-attachment":"scroll","background-type":"","background-media":"","overlay-type":"","overlay-color":"","overlay-opacity":"","overlay-gradient":""},"tablet":{"background-color":"","background-image":"","background-repeat":"repeat","background-position":"center center","background-size":"auto","background-attachment":"scroll","background-type":"","background-media":"","overlay-type":"","overlay-color":"","overlay-opacity":"","overlay-gradient":""},"mobile":{"background-color":"","background-image":"","background-repeat":"repeat","background-position":"center center","background-size":"auto","background-attachment":"scroll","background-type":"","background-media":"","overlay-type":"","overlay-color":"","overlay-opacity":"","overlay-gradient":""}},"ast-content-background-meta":{"desktop":{"background-color":"var(--ast-global-color-5)","background-image":"","background-repeat":"repeat","background-position":"center center","background-size":"auto","background-attachment":"scroll","background-type":"","background-media":"","overlay-type":"","overlay-color":"","overlay-opacity":"","overlay-gradient":""},"tablet":{"background-color":"var(--ast-global-color-5)","background-image":"","background-repeat":"repeat","background-position":"center center","background-size":"auto","background-attachment":"scroll","background-type":"","background-media":"","overlay-type":"","overlay-color":"","overlay-opacity":"","overlay-gradient":""},"mobile":{"background-color":"var(--ast-global-color-5)","background-image":"","background-repeat":"repeat","background-position":"center center","background-size":"auto","background-attachment":"scroll","background-type":"","background-media":"","overlay-type":"","overlay-color":"","overlay-opacity":"","overlay-gradient":""}},"footnotes":""},"class_list":["post-10136","page","type-page","status-publish","hentry"],"uagb_featured_image_src":{"full":false,"thumbnail":false,"medium":false,"medium_large":false,"large":false,"1536x1536":false,"2048x2048":false,"woocommerce_thumbnail":false,"woocommerce_single":false,"woocommerce_gallery_thumbnail":false},"uagb_author_info":{"display_name":"Catchlife Aesthetic","author_link":"https:\/\/catchlifeaesthetic.com\/es\/author\/admincatchlife-com-tr\/"},"uagb_comment_info":0,"uagb_excerpt":"\u00bfQu\u00e9 es un cambio de imagen de la sonrisa? Un cambio de imagen de la sonrisa es un procedimiento odontol\u00f3gico cosm\u00e9tico integral dise\u00f1ado para mejorar el aspecto de tu sonrisa. Combina varios tratamientos, como blanqueamiento dental, carillas, coronas, puentes y ortodoncia, para tratar problemas como la decoloraci\u00f3n, la desalineaci\u00f3n, los huecos y la falta de&hellip;","_links":{"self":[{"href":"https:\/\/catchlifeaesthetic.com\/es\/wp-json\/wp\/v2\/pages\/10136","targetHints":{"allow":["GET"]}}],"collection":[{"href":"https:\/\/catchlifeaesthetic.com\/es\/wp-json\/wp\/v2\/pages"}],"about":[{"href":"https:\/\/catchlifeaesthetic.com\/es\/wp-json\/wp\/v2\/types\/page"}],"author":[{"embeddable":true,"href":"https:\/\/catchlifeaesthetic.com\/es\/wp-json\/wp\/v2\/users\/1"}],"replies":[{"embeddable":true,"href":"https:\/\/catchlifeaesthetic.com\/es\/wp-json\/wp\/v2\/comments?post=10136"}],"version-history":[{"count":1,"href":"https:\/\/catchlifeaesthetic.com\/es\/wp-json\/wp\/v2\/pages\/10136\/revisions"}],"predecessor-version":[{"id":10156,"href":"https:\/\/catchlifeaesthetic.com\/es\/wp-json\/wp\/v2\/pages\/10136\/revisions\/10156"}],"up":[{"embeddable":true,"href":"https:\/\/catchlifeaesthetic.com\/es\/wp-json\/wp\/v2\/pages\/9734"}],"wp:attachment":[{"href":"https:\/\/catchlifeaesthetic.com\/es\/wp-json\/wp\/v2\/media?parent=10136"}],"curies":[{"name":"wp","href":"https:\/\/api.w.org\/{rel}","templated":true}]}}