{"id":9729,"date":"2023-02-17T12:24:52","date_gmt":"2023-02-17T12:24:52","guid":{"rendered":"https:\/\/catchlifeaesthetic.com\/politica-de-privacidad\/"},"modified":"2024-07-16T11:38:19","modified_gmt":"2024-07-16T11:38:19","slug":"politica-de-privacidad","status":"publish","type":"page","link":"https:\/\/catchlifeaesthetic.com\/es\/politica-de-privacidad\/","title":{"rendered":"Pol\u00edtica de privacidad"},"content":{"rendered":"\t\t<div data-elementor-type=\"wp-page\" data-elementor-id=\"9729\" class=\"elementor elementor-9729 elementor-3\" data-elementor-post-type=\"page\">\n\t\t\t\t\t\t<section class=\"elementor-section elementor-top-section elementor-element elementor-element-7d8f1253 elementor-section-boxed elementor-section-height-default elementor-section-height-default\" data-id=\"7d8f1253\" data-element_type=\"section\">\n\t\t\t\t\t\t<div class=\"elementor-container elementor-column-gap-default\">\n\t\t\t\t\t<div class=\"elementor-column elementor-col-100 elementor-top-column elementor-element elementor-element-55c62092\" data-id=\"55c62092\" data-element_type=\"column\">\n\t\t\t<div class=\"elementor-widget-wrap elementor-element-populated\">\n\t\t\t\t\t\t<div class=\"elementor-element elementor-element-44e1d22b elementor-widget elementor-widget-text-editor\" data-id=\"44e1d22b\" data-element_type=\"widget\" data-widget_type=\"text-editor.default\">\n\t\t\t\t<div class=\"elementor-widget-container\">\n\t\t\t\t\t\t\t\t\t\n<p>POL\u00cdTICA DE PRIVACIDAD<\/p>\n<p><blockquote class=\"wp-embedded-content\" data-secret=\"92lEf0c9jV\"><a href=\"https:\/\/catchlifeaesthetic.com\/es\/\">Centro de Est\u00e9tica Catchlife Turqu\u00eda<\/a><\/blockquote><iframe loading=\"lazy\" class=\"wp-embedded-content\" sandbox=\"allow-scripts\" security=\"restricted\" style=\"position: absolute; visibility: hidden;\" title=\"\u00abCentro de Est\u00e9tica Catchlife Turqu\u00eda\u00bb \u2014 CatchLife Aesthetic Centre in Turkey\" src=\"https:\/\/catchlifeaesthetic.com\/es\/embed\/#?secret=LuJ1EadNtK#?secret=92lEf0c9jV\" data-secret=\"92lEf0c9jV\" width=\"500\" height=\"282\" frameborder=\"0\" marginwidth=\"0\" marginheight=\"0\" scrolling=\"no\"><\/iframe><\/p>\n\n<figure class=\"wp-block-image is-resized\"><\/figure>\n\n<p> <\/p>\n\n<h5>1. INTRODUCCI\u00d3N<\/h5>\n\n<p>CatchLife Aesthetic (direcci\u00f3n url del sitio web: <a href=\"https:\/\/catchlifeaesthetic.com\/es\/\">https:\/\/catchlifeaesthetic.com)<\/a> agradece tu negocio y tu confianza. Somos una empresa con sede en Chipre que crea productos para mejorar tu experiencia en la creaci\u00f3n de sitios web.\nPor favor, lee esta Pol\u00edtica de Privacidad, dando tu consentimiento a ambos documentos para tener permiso para utilizar nuestros servicios. <\/p>\n\n<h5>2. DATOS RECOGIDOS<\/h5>\n\n<h6>LUGAR DE ALMACENAMIENTO DE LOS DATOS<\/h6>\n\n<p>Somos una empresa con sede en Chipre y operamos con servidores web alojados en Alemania.\nNuestro proveedor de alojamiento, Hetzner Online GmbH, est\u00e1 adherido al \u00abEscudo de la privacidad\u00bb UE\/EE.UU., lo que garantiza que tus datos se almacenan de forma segura y cumplen la GDPR.   <\/p>\n\n<h6>DATOS DE REGISTRO<\/h6>\n\n<p>Si te registras en nuestro sitio web, almacenamos tu nombre de usuario elegido y tu direcci\u00f3n de correo electr\u00f3nico, as\u00ed como cualquier informaci\u00f3n personal adicional a\u00f1adida a tu perfil de usuario.\nPuedes ver, editar o eliminar tu informaci\u00f3n personal en cualquier momento (excepto cambiar tu nombre de usuario).\nLos administradores del sitio web tambi\u00e9n pueden ver y editar esta informaci\u00f3n.  <\/p>\n\n<h6>DATOS DE COMPRA<\/h6>\n\n<p>Para recibir soporte de productos, tienes que tener uno o m\u00e1s c\u00f3digos de compra de Envato\/AncoraThemes en nuestro sitio web.\nEstos c\u00f3digos de compra se almacenar\u00e1n junto con las fechas de caducidad del soporte y tus datos de usuario.\nEsto es necesario para que podamos proporcionarte descargas, soporte de productos y otros servicios de atenci\u00f3n al cliente.  <\/p>\n\n<h6>DATOS DE APOYO<\/h6>\n\n<p>Si te has registrado en nuestro sitio web y tienes una cuenta de soporte v\u00e1lida, puedes enviar solicitudes de asistencia.\nLos env\u00edos de formularios de soporte se env\u00edan a nuestro sistema de tickets de terceros Ticksy.\nS\u00f3lo se env\u00edan los datos que proporcionaste expl\u00edcitamente, y se te pide tu consentimiento, cada vez que quieres crear un nuevo ticket de soporte.    <\/p>\n\n<h6>COMENTARIOS<\/h6>\n\n<p>Cuando dejas comentarios en el sitio web, recogemos los datos que aparecen en el formulario de comentarios, y tambi\u00e9n la direcci\u00f3n IP y la cadena de agente de usuario del navegador para ayudar a la detecci\u00f3n de spam.<\/p>\n\n<h6>FORMULARIO DE CONTACTO<\/h6>\n\n<p>La informaci\u00f3n enviada a trav\u00e9s del formulario de contacto de nuestro sitio se env\u00eda al correo electr\u00f3nico de nuestra empresa, alojado en Zoho.<\/p>\n\n<p>Estos datos s\u00f3lo se conservan con fines de servicio al cliente, nunca se utilizan con fines de marketing ni se comparten con terceros.<\/p>\n\n<h6>GOOGLE ANALYTICS<\/h6>\n\n<p>En nuestro sitio utilizamos Google Analytics para elaborar informes an\u00f3nimos sobre el uso del sitio.\nPor tanto, no se almacenan datos personalizados.   <\/p>\n\n<h6>CASOS DE UTILIZACI\u00d3N DE LOS DATOS PERSONALES<\/h6>\n\n<p><strong>Utilizamos tus datos personales en los siguientes casos:<\/strong><\/p>\n\n<ul>\n<li>Verificaci\u00f3n\/identificaci\u00f3n del usuario durante el uso del sitio web;<\/li>\n\n<li>Proporcionar asistencia t\u00e9cnica;<\/li>\n\n<li>Env\u00edo de actualizaciones a nuestros usuarios con informaci\u00f3n importante para informar sobre novedades\/cambios;<\/li>\n\n<li>Comprobar la actividad de las cuentas para evitar transacciones fraudulentas y garantizar la seguridad.<\/li>\n\n<li>sobre la informaci\u00f3n personal de nuestros clientes;<\/li>\n\n<li>Personaliza el sitio web para que tu experiencia sea m\u00e1s personal y atractiva;<\/li>\n\n<li>Garantizar el rendimiento general y el buen funcionamiento de las funciones administrativas.<\/li>\n<\/ul>\n\n<h5>3. CONTENIDO INCRUSTADO<\/h5>\n\n<p>Las p\u00e1ginas de este sitio pueden incluir contenido incrustado, como v\u00eddeos de YouTube, por ejemplo.\nEl contenido incrustado de otros sitios web se comporta exactamente igual que si visitaras el otro sitio web. <\/p>\n\n<p>Estos sitios web pueden recopilar datos sobre ti, utilizar cookies, incrustar seguimiento adicional de terceros y controlar tu interacci\u00f3n con ese contenido incrustado, incluido el seguimiento de tu interacci\u00f3n con el contenido incrustado si tienes una cuenta y has iniciado sesi\u00f3n en ese sitio web.\nA continuaci\u00f3n puedes encontrar una lista de los servicios que utilizamos: <\/p>\n\n<h6>FACEBOOK<\/h6>\n\n<p>El plugin de la p\u00e1gina de Facebook se utiliza para mostrar nuestro timeline de Facebook en nuestro sitio.\nFacebook tiene sus propias pol\u00edticas de cookies y privacidad sobre las que no tenemos control.\nNo se instalan cookies de Facebook y tu IP no se env\u00eda a un servidor de Facebook hasta que lo consientas.    <\/p>\n\n<h6>TWITTER<\/h6>\n\n<p>Utilizamos la API de Twitter para mostrar nuestra cronolog\u00eda de tweets en nuestro sitio.\nTwitter tiene sus propias pol\u00edticas de cookies y privacidad sobre las que no tenemos control.\nTu IP no se env\u00eda a un servidor de Twitter hasta que lo consientas.    <\/p>\n\n<h6>YOUTUBE<\/h6>\n\n<p>Utilizamos v\u00eddeos de YouTube incrustados en nuestro sitio.\nYouTube tiene sus propias pol\u00edticas de cookies y privacidad sobre las que no tenemos control.\nNo se instalan cookies de YouTube y tu IP no se env\u00eda a un servidor de YouTube hasta que lo consientas.    <\/p>\n\n<h5>4. COOKIES<\/h5>\n\n<p>Este sitio utiliza cookies &#8211; peque\u00f1os archivos de texto que se colocan en tu m\u00e1quina para ayudar al sitio a proporcionar una mejor experiencia al usuario.\nEn general, las cookies se utilizan para conservar las preferencias del usuario, almacenar informaci\u00f3n para cosas como los carritos de la compra y proporcionar datos de seguimiento an\u00f3nimos a aplicaciones de terceros como Google Analytics.\nEn general, las cookies existen para mejorar tu experiencia de navegaci\u00f3n.\nSin embargo, es posible que prefieras desactivar las cookies en este sitio y en otros.\nLa forma m\u00e1s eficaz de hacerlo es desactivar las cookies en tu navegador.\nTe sugerimos que consultes la secci\u00f3n de ayuda de tu navegador.     <\/p>\n\n<h6>COOKIES NECESARIAS (TODOS LOS VISITANTES DEL SITIO)<\/h6>\n\n<ul>\n<li><strong>cfduid:<\/strong> Se utiliza para que nuestra CDN CloudFlare identifique clientes individuales detr\u00e1s de una direcci\u00f3n IP compartida y aplique ajustes de seguridad por cliente.  <\/li>\n\n<li><strong>PHPSESSID:<\/strong> Para identificar tu sesi\u00f3n \u00fanica en el sitio web.<\/li>\n<\/ul>\n\n<h6>COOKIES NECESARIAS (ADICIONALES PARA CLIENTES REGISTRADOS)<\/h6>\n\n<ul>\n<li><strong>wp-auth:<\/strong> Utilizado por WordPress para autenticar a los visitantes registrados, autenticar contrase\u00f1as y verificar usuarios.<\/li>\n\n<li><strong>wordpress_logged_in_{hash}:<\/strong> Utilizado por WordPress para autenticar a los visitantes registrados, autenticar contrase\u00f1as y verificar usuarios.<\/li>\n\n<li><strong>wordpress_test_cookie<\/strong> Utilizada por WordPress para garantizar que las cookies funcionan correctamente.<\/li>\n\n<li><strong>wp-settings-[UID]:<\/strong> WordPress establece algunas cookies wp-settings-[UID]. El n\u00famero del final es tu ID de usuario individual de la tabla de la base de datos de usuarios.\nSe utiliza para personalizar tu vista de la interfaz de administraci\u00f3n, y posiblemente tambi\u00e9n la interfaz principal del sitio. <\/li>\n\n<li><strong>wp-settings-[UID]<\/strong>:WordPress tambi\u00e9n establece algunas cookies wp-settings-{time}-[UID]. El n\u00famero del final es tu ID de usuario individual de la tabla de la base de datos de usuarios.\nSe utiliza para personalizar tu vista de la interfaz de administraci\u00f3n, y posiblemente tambi\u00e9n la interfaz principal del sitio. <\/li>\n<\/ul>\n\n<h5>5. QUI\u00c9N TIENE ACCESO A TUS DATOS<\/h5>\n\n<p>Si no eres un cliente registrado en nuestro sitio, no hay informaci\u00f3n personal que podamos conservar o ver sobre ti.\nSi eres un cliente con una cuenta registrada, se puede acceder a tu informaci\u00f3n personal mediante: <\/p>\n\n<ul>\n<li>Nuestros administradores de sistemas.<\/li>\n\n<li>Nuestros colaboradores, cuando (para prestar apoyo) necesitan obtener la informaci\u00f3n sobre las cuentas y el acceso de los clientes.<\/li>\n<\/ul>\n\n<h5>6. ACCESO DE TERCEROS A TUS DATOS<\/h5>\n\n<p>No compartimos tus datos con terceros de forma que revelen informaci\u00f3n personal como tu correo electr\u00f3nico, nombre, etc.\nLas \u00fanicas excepciones a esta regla son los socios con los que tenemos que compartir datos limitados para prestar los servicios que esperas de nosotros.   <\/p>\n\n<h5>7. DURANTE CU\u00c1NTO TIEMPO CONSERVAMOS TUS DATOS<\/h5>\n\n<p>Cuando env\u00edas un ticket de soporte o un comentario, sus metadatos se conservan hasta que (si) nos dices que los eliminemos.\nUtilizamos estos datos para poder reconocerte y aprobar tus comentarios autom\u00e1ticamente en lugar de retenerlos para su moderaci\u00f3n.\nSi te registras en nuestro sitio web, tambi\u00e9n almacenamos la informaci\u00f3n personal que proporcionas en tu perfil de usuario.\nPuedes ver, editar o borrar tu informaci\u00f3n personal en cualquier momento (excepto cambiar tu nombre de usuario).\nLos administradores del sitio web tambi\u00e9n pueden ver y editar esa informaci\u00f3n.    <\/p>\n\n<h5>8. MEDIDAS DE SEGURIDAD<\/h5>\n\n<p>Utilizamos el protocolo SSL\/HTTPS en todo nuestro sitio.\nEsto encripta las comunicaciones de nuestros usuarios con los servidores para que la informaci\u00f3n personal identificable no sea capturada\/secuestrada por terceros sin autorizaci\u00f3n.\nEn caso de violaci\u00f3n de datos, los administradores del sistema tomar\u00e1n inmediatamente todas las medidas necesarias para garantizar la integridad del sistema, se pondr\u00e1n en contacto con los usuarios afectados e intentar\u00e1n restablecer las contrase\u00f1as si es necesario.  <\/p>\n\n<h5>9. TUS DERECHOS SOBRE LOS DATOS<\/h5>\n\n<h5>DERECHOS GENERALES<\/h5>\n\n<p>Si tienes una cuenta registrada en este sitio web o has dejado comentarios, puedes solicitar un archivo exportado de los datos personales que conservamos, incluidos los datos adicionales que nos hayas proporcionado.<\/p>\n\n<p>Tambi\u00e9n puedes solicitar que borremos cualquiera de los datos personales que hayamos almacenado.\nEsto no incluye ning\u00fan dato que estemos obligados a conservar por motivos administrativos, legales o de seguridad.\nEn resumen, no podemos borrar datos que sean vitales para que seas un cliente activo (es decir, informaci\u00f3n b\u00e1sica de la cuenta, como una direcci\u00f3n de correo electr\u00f3nico).  <br>Si deseas que se borren todos tus datos, ya no podremos ofrecerte ning\u00fan tipo de asistencia ni otros servicios relacionados con el producto.<\/p>\n\n<h5>DERECHOS GDPR<\/h5>\n\n<p>Tu privacidad es muy importante para nosotros.\nDe cara al futuro, nuestro objetivo es cumplir la normativa GDPR.\nAncoraThemes permite a los residentes de la Uni\u00f3n Europea utilizar su Servicio.\nPor lo tanto, es intenci\u00f3n de AncoraThemes cumplir con el Reglamento General Europeo de Protecci\u00f3n de Datos.     <\/p>\n\n<h5>10. SITIOS WEB DE TERCEROS<\/h5>\n\n<p>ThemeREX puede publicar enlaces a sitios web de terceros en este sitio web.\nAncoraThemes no comprueba que estos sitios web de terceros cumplan las normas de privacidad o seguridad, y t\u00fa nos eximes de cualquier responsabilidad por la conducta de estos sitios web de terceros.\nTodos los enlaces para compartir en redes sociales, ya aparezcan como enlaces de texto o como iconos de redes sociales, no te conectan con ninguno de los terceros asociados, a menos que hagas clic expl\u00edcitamente en ellos.\nTen en cuenta que esta Pol\u00edtica de Privacidad, y cualquier otra pol\u00edtica en vigor, adem\u00e1s de cualquier enmienda, no crea derechos exigibles por terceros ni requiere la divulgaci\u00f3n de ninguna informaci\u00f3n personal relativa a los miembros del Servicio o del Sitio.    AncoraThemes no se hace responsable de la informaci\u00f3n recopilada o utilizada por cualquier anunciante o sitio web de terceros. Revisa la pol\u00edtica de privacidad y las condiciones de servicio de cada sitio que visites a trav\u00e9s de enlaces de terceros.<\/p>\n\n<h5>11. DIVULGACI\u00d3N DE TUS DATOS CON FINES LEGALES<\/h5>\n\n<p>En ocasiones puede resultar necesario o conveniente para AncoraThemes, por motivos legales, divulgar tu informaci\u00f3n en respuesta a una solicitud de una agencia gubernamental o de un litigante privado. Aceptas que podamos revelar tu informaci\u00f3n a un tercero cuando creamos, de buena fe, que es conveniente hacerlo a efectos de una acci\u00f3n civil, investigaci\u00f3n penal u otro asunto legal. En caso de que recibamos una citaci\u00f3n judicial que afecte a tu privacidad, podemos optar por notific\u00e1rtelo para darte la oportunidad de presentar una moci\u00f3n para anular la citaci\u00f3n, o podemos intentar anularla nosotros mismos, pero no estamos obligados a hacer ninguna de las dos cosas. Tambi\u00e9n podemos denunciarte proactivamente y divulgar tu informaci\u00f3n a terceros cuando creamos que es prudente hacerlo por motivos legales, como nuestra creencia de que has participado en actividades fraudulentas. Nos eximes de cualquier da\u00f1o que pueda derivarse o estar relacionado con la divulgaci\u00f3n de tu informaci\u00f3n a petici\u00f3n de los organismos encargados de hacer cumplir la ley o de litigantes privados. Cualquier transmisi\u00f3n de datos personales con fines legales s\u00f3lo se realizar\u00e1 en cumplimiento de las leyes del pa\u00eds en el que residas.<\/p>\n\t\t\t\t\t\t\t\t<\/div>\n\t\t\t\t<\/div>\n\t\t\t\t\t<\/div>\n\t\t<\/div>\n\t\t\t\t\t<\/div>\n\t\t<\/section>\n\t\t\t\t<\/div>\n\t\t","protected":false},"excerpt":{"rendered":"<p>POL\u00cdTICA DE PRIVACIDAD Centro de Est\u00e9tica Catchlife Turqu\u00eda 1. INTRODUCCI\u00d3N CatchLife Aesthetic (direcci\u00f3n url del sitio web: https:\/\/catchlifeaesthetic.com) agradece tu negocio y tu confianza. Somos una empresa con sede en Chipre que crea productos para mejorar tu experiencia en la creaci\u00f3n de sitios web. Por favor, lee esta Pol\u00edtica de Privacidad, dando tu consentimiento a [&hellip;]<\/p>\n","protected":false},"author":1,"featured_media":0,"parent":0,"menu_order":0,"comment_status":"closed","ping_status":"open","template":"","meta":{"_eb_attr":"","_uag_custom_page_level_css":"","_monsterinsights_skip_tracking":false,"_monsterinsights_sitenote_active":false,"_monsterinsights_sitenote_note":"","_monsterinsights_sitenote_category":0,"site-sidebar-layout":"default","site-content-layout":"","ast-site-content-layout":"default","site-content-style":"default","site-sidebar-style":"default","ast-global-header-display":"","ast-banner-title-visibility":"","ast-main-header-display":"","ast-hfb-above-header-display":"","ast-hfb-below-header-display":"","ast-hfb-mobile-header-display":"","site-post-title":"","ast-breadcrumbs-content":"","ast-featured-img":"","footer-sml-layout":"","theme-transparent-header-meta":"","adv-header-id-meta":"","stick-header-meta":"","header-above-stick-meta":"","header-main-stick-meta":"","header-below-stick-meta":"","astra-migrate-meta-layouts":"default","ast-page-background-enabled":"default","ast-page-background-meta":{"desktop":{"background-color":"var(--ast-global-color-4)","background-image":"","background-repeat":"repeat","background-position":"center center","background-size":"auto","background-attachment":"scroll","background-type":"","background-media":"","overlay-type":"","overlay-color":"","overlay-opacity":"","overlay-gradient":""},"tablet":{"background-color":"","background-image":"","background-repeat":"repeat","background-position":"center center","background-size":"auto","background-attachment":"scroll","background-type":"","background-media":"","overlay-type":"","overlay-color":"","overlay-opacity":"","overlay-gradient":""},"mobile":{"background-color":"","background-image":"","background-repeat":"repeat","background-position":"center center","background-size":"auto","background-attachment":"scroll","background-type":"","background-media":"","overlay-type":"","overlay-color":"","overlay-opacity":"","overlay-gradient":""}},"ast-content-background-meta":{"desktop":{"background-color":"var(--ast-global-color-5)","background-image":"","background-repeat":"repeat","background-position":"center center","background-size":"auto","background-attachment":"scroll","background-type":"","background-media":"","overlay-type":"","overlay-color":"","overlay-opacity":"","overlay-gradient":""},"tablet":{"background-color":"var(--ast-global-color-5)","background-image":"","background-repeat":"repeat","background-position":"center center","background-size":"auto","background-attachment":"scroll","background-type":"","background-media":"","overlay-type":"","overlay-color":"","overlay-opacity":"","overlay-gradient":""},"mobile":{"background-color":"var(--ast-global-color-5)","background-image":"","background-repeat":"repeat","background-position":"center center","background-size":"auto","background-attachment":"scroll","background-type":"","background-media":"","overlay-type":"","overlay-color":"","overlay-opacity":"","overlay-gradient":""}},"footnotes":""},"class_list":["post-9729","page","type-page","status-publish","hentry"],"uagb_featured_image_src":{"full":false,"thumbnail":false,"medium":false,"medium_large":false,"large":false,"1536x1536":false,"2048x2048":false,"woocommerce_thumbnail":false,"woocommerce_single":false,"woocommerce_gallery_thumbnail":false},"uagb_author_info":{"display_name":"Catchlife Aesthetic","author_link":"https:\/\/catchlifeaesthetic.com\/es\/author\/admincatchlife-com-tr\/"},"uagb_comment_info":0,"uagb_excerpt":"POL\u00cdTICA DE PRIVACIDAD Centro de Est\u00e9tica Catchlife Turqu\u00eda 1. INTRODUCCI\u00d3N CatchLife Aesthetic (direcci\u00f3n url del sitio web: https:\/\/catchlifeaesthetic.com) agradece tu negocio y tu confianza. Somos una empresa con sede en Chipre que crea productos para mejorar tu experiencia en la creaci\u00f3n de sitios web. Por favor, lee esta Pol\u00edtica de Privacidad, dando tu consentimiento a&hellip;","_links":{"self":[{"href":"https:\/\/catchlifeaesthetic.com\/es\/wp-json\/wp\/v2\/pages\/9729","targetHints":{"allow":["GET"]}}],"collection":[{"href":"https:\/\/catchlifeaesthetic.com\/es\/wp-json\/wp\/v2\/pages"}],"about":[{"href":"https:\/\/catchlifeaesthetic.com\/es\/wp-json\/wp\/v2\/types\/page"}],"author":[{"embeddable":true,"href":"https:\/\/catchlifeaesthetic.com\/es\/wp-json\/wp\/v2\/users\/1"}],"replies":[{"embeddable":true,"href":"https:\/\/catchlifeaesthetic.com\/es\/wp-json\/wp\/v2\/comments?post=9729"}],"version-history":[{"count":11,"href":"https:\/\/catchlifeaesthetic.com\/es\/wp-json\/wp\/v2\/pages\/9729\/revisions"}],"predecessor-version":[{"id":9933,"href":"https:\/\/catchlifeaesthetic.com\/es\/wp-json\/wp\/v2\/pages\/9729\/revisions\/9933"}],"wp:attachment":[{"href":"https:\/\/catchlifeaesthetic.com\/es\/wp-json\/wp\/v2\/media?parent=9729"}],"curies":[{"name":"wp","href":"https:\/\/api.w.org\/{rel}","templated":true}]}}