{"id":9808,"date":"2024-07-10T07:54:40","date_gmt":"2024-07-10T07:54:40","guid":{"rendered":"https:\/\/catchlifeaesthetic.com\/cirugia-de-perdida-de-peso-turquia\/balon-gastrico\/"},"modified":"2024-07-16T11:38:16","modified_gmt":"2024-07-16T11:38:16","slug":"balon-gastrico","status":"publish","type":"page","link":"https:\/\/catchlifeaesthetic.com\/es\/cirugia-de-perdida-de-peso-turquia\/balon-gastrico\/","title":{"rendered":"Bal\u00f3n G\u00e1strico"},"content":{"rendered":"\n<p>La colocaci\u00f3n de un bal\u00f3n intrag\u00e1strico es un procedimiento de adelgazamiento que consiste en colocar un bal\u00f3n de silicona relleno de soluci\u00f3n salina en el est\u00f3mago del paciente. Esto ayuda a perder peso limitando la cantidad que puede comer y haciendo que la persona se sienta saciada m\u00e1s r\u00e1pidamente.<\/p>\n\n<h2 class=\"wp-block-heading\">\u00bfA qui\u00e9n va dirigido?<\/h2>\n\n<ul class=\"wp-block-list\">\n<li>El \u00edndice de masa corporal (IMC) est\u00e1 entre 25 y 40<\/li>\n\n\n\n<li>Dispuesto a comprometerse a cambiar su estilo de vida saludable, a someterse a un seguimiento m\u00e9dico regular y a participar en una terapia conductual<\/li>\n\n\n\n<li>No se ha sometido a ninguna cirug\u00eda estomacal o esof\u00e1gica previa<\/li>\n<\/ul>\n\n<p>El procedimiento del bal\u00f3n intrag\u00e1strico se realiza en la unidad de endoscopia como procedimiento ambulatorio. Te sedar\u00e1n para el procedimiento.<\/p>\n\n<p>Durante el procedimiento, el m\u00e9dico hace avanzar un tubo fino (cat\u00e9ter) cargado con el bal\u00f3n intrag\u00e1strico por la garganta del paciente hasta su est\u00f3mago. A continuaci\u00f3n, el m\u00e9dico hace avanzar un endoscopio, tubo flexible con una c\u00e1mara acoplada, por su garganta hasta el est\u00f3mago. La c\u00e1mara permite al m\u00e9dico ver el globo mientras lo llena de suero salino.<\/p>\n\n<p>El procedimiento dura aproximadamente media hora. Normalmente, el paciente puede irse a casa una o dos horas despu\u00e9s de terminar el procedimiento.<\/p>\n\n<figure class=\"wp-block-image alignleft\"><img decoding=\"async\" src=\"http:\/\/catchlifeobesity.com\/wp-content\/uploads\/2023\/05\/Georgie-67kb.jpeg\" alt=\"Georgie 67kb\" class=\"wp-image-1068\" title=\"Paquetes de Bal&#xF3;n G&#xE1;strico en Turqu&#xED;a 1\"\/><\/figure>\n\n<figure class=\"wp-block-image alignleft\"><img decoding=\"async\" src=\"http:\/\/catchlifeobesity.com\/wp-content\/uploads\/2023\/05\/Jacques.jpeg\" alt=\"Jacques\" class=\"wp-image-1070\" title=\"Paquetes de Bal&#xF3;n G&#xE1;strico en Turqu&#xED;a 2\"\/><\/figure>\n\n<figure class=\"wp-block-image alignleft\"><img decoding=\"async\" src=\"http:\/\/catchlifeobesity.com\/wp-content\/uploads\/2023\/05\/Emma-1.jpeg\" alt=\"Emma 1\" class=\"wp-image-1072\" title=\"Paquetes de Bal&#xF3;n G&#xE1;strico en Turqu&#xED;a 3\"\/><\/figure>\n\n<h2 class=\"wp-block-heading\">Bal\u00f3n G\u00e1strico Tragable: Una soluci\u00f3n no quir\u00fargica para perder peso<\/h2>\n\n<p>En todo el mundo, la obesidad es un grave problema de salud. Aumenta la probabilidad de desarrollar diversas enfermedades cr\u00f3nicas, como diabetes, hipertensi\u00f3n y cardiopat\u00edas. Desgraciadamente, a muchas personas les resulta dif\u00edcil perder kilos utilizando t\u00e9cnicas probadas como la dieta y el ejercicio. El Bal\u00f3n G\u00e1strico Tragable, una ayuda no quir\u00fargica para la reducci\u00f3n de peso que permite a los pacientes adelgazar y no volver a engordar, satisface esta necesidad.<\/p>\n\n<h2 class=\"wp-block-heading\">\u00bfQu\u00e9 es un Bal\u00f3n G\u00e1strico Tragable?<\/h2>\n\n<p>Una alternativa no quir\u00fargica de reducci\u00f3n de peso llamada \u00abbal\u00f3n g\u00e1strico deglutible\u00bb consiste en tragar un bal\u00f3n desinflado que se ha llenado con soluci\u00f3n salina para hacer sitio en el est\u00f3mago. Te sentir\u00e1s m\u00e1s lleno gracias al globo, lo que puede provocar una dr\u00e1stica p\u00e9rdida de peso. La intervenci\u00f3n puede realizarse en r\u00e9gimen ambulatorio y no deja cicatrices incisionales.<\/p>\n\n<h2 class=\"wp-block-heading\">\u00bfQui\u00e9n es un buen candidato para un Bal\u00f3n G\u00e1strico Tragable?<\/h2>\n\n<p>Si tienes un \u00edndice de masa corporal (IMC) de 25 a 40 y has probado sin \u00e9xito la dieta y el ejercicio, puedes plantearte un bal\u00f3n g\u00e1strico deglutible. Adem\u00e1s, es una opci\u00f3n para las personas que no pueden optar a otros tratamientos de reducci\u00f3n de peso debido a enfermedades u otras circunstancias.<\/p>\n\n<h2 class=\"wp-block-heading\">\u00bfCu\u00e1nto tiempo permanece colocado el Bal\u00f3n G\u00e1strico Tragable?<\/h2>\n\n<p>Est\u00e1 previsto que el Bal\u00f3n G\u00e1strico Tragable permanezca en el est\u00f3mago durante cuatro meses. Despu\u00e9s, se desinfla y se saca de la misma manera que se puso. Para obtener resultados \u00f3ptimos a lo largo de los seis meses, se recomienda a los pacientes que sigan un programa de reducci\u00f3n de peso bajo supervisi\u00f3n m\u00e9dica.<\/p>\n\n<h2 class=\"wp-block-heading\">\u00bfQu\u00e9 ventajas tiene el Bal\u00f3n G\u00e1strico Tragable?<\/h2>\n\n<p>Sin pasar por el quir\u00f3fano, el Bal\u00f3n G\u00e1strico Tragable puede conseguir una reducci\u00f3n de peso considerable. Durante los seis meses de colocaci\u00f3n del bal\u00f3n, los pacientes pueden prever una p\u00e9rdida media del 25-30% de su peso corporal extra. Adem\u00e1s, el globo anima a los pacientes a adoptar pr\u00e1cticas alimentarias saludables, lo que puede dar lugar a un \u00e9xito sostenido en la reducci\u00f3n de peso. No se necesitan incisiones ni cicatrices, ya que el proceso es m\u00ednimamente invasivo.<\/p>\n\n<h2 class=\"wp-block-heading\">\u00bfCu\u00e1les son los riesgos del Bal\u00f3n G\u00e1strico Tragable?<\/h2>\n\n<p>El Bal\u00f3n G\u00e1strico Tragable tiene peligros, como cualquier operaci\u00f3n m\u00e9dica. Las molestias abdominales, los v\u00f3mitos y las n\u00e1useas son los efectos adversos m\u00e1s frecuentes. En raras ocasiones, el globo puede reventar o desinflarse, lo que podr\u00eda causar obstrucciones del tubo digestivo. Si esto ocurre, el globo debe retirarse inmediatamente.<\/p>\n\n<h2 class=\"wp-block-heading\">\u00bfQu\u00e9 debo esperar despu\u00e9s de la intervenci\u00f3n?<\/h2>\n\n<p>Los pacientes deben seguir un r\u00e9gimen de reducci\u00f3n de peso supervisado m\u00e9dicamente que implica una dieta baja en calor\u00edas y ejercicio frecuente despu\u00e9s del tratamiento. El objetivo de este programa es proporcionar a los pacientes la mayor probabilidad de \u00e9xito en la reducci\u00f3n de peso. Durante los primeros d\u00edas tras la intervenci\u00f3n, los pacientes pueden sentirse inc\u00f3modos o tener n\u00e1useas o v\u00f3mitos; sin embargo, estos s\u00edntomas deben pasar r\u00e1pidamente. Es fundamental que sigas las instrucciones que te d\u00e9 tu m\u00e9dico despu\u00e9s del procedimiento.<\/p>\n\n<h2 class=\"wp-block-heading\">\u00bfPuedo comer normalmente con un Bal\u00f3n G\u00e1strico Tragable?<\/h2>\n\n<p>Aunque el Bal\u00f3n G\u00e1strico Tragable ayuda a acelerar la sensaci\u00f3n de saciedad de los pacientes, los mayores beneficios en la reducci\u00f3n de peso proceden de la observancia de un r\u00e9gimen alimentario equilibrado. Se indicar\u00e1 a los pacientes que consuman menos calor\u00edas al d\u00eda y que se mantengan alejados de las comidas ricas en grasas y az\u00facares. Adem\u00e1s, es fundamental beber mucha agua y evitar las bebidas gaseosas, que pueden resultar inc\u00f3modas mientras el globo est\u00e1 colocado. Para evitar el dolor y garantizar que el globo permanezca en su posici\u00f3n, los pacientes tambi\u00e9n deben masticar completamente los alimentos y consumirlos lentamente.<\/p>\n\n<h2 class=\"wp-block-heading\">\u00bfSe puede retirar antes el Bal\u00f3n G\u00e1strico Tragable?<\/h2>\n\n<p>A veces, los pacientes pueden tener dolor intenso u otros problemas, que hacen necesaria la retirada del globo antes del periodo de seis meses. Sin embargo, una extracci\u00f3n demasiado r\u00e1pida del globo puede reducir el peso. Antes de decidir la extracci\u00f3n precoz del globo, los pacientes deben tratar cualquier preocupaci\u00f3n o dolor con su m\u00e9dico.<\/p>\n\n<h2 class=\"wp-block-heading\">\u00bfEl seguro cubre el Bal\u00f3n G\u00e1strico Tragable?<\/h2>\n\n<p>El Bal\u00f3n G\u00e1strico Tragable puede estar cubierto o no por el seguro, dependiendo del plan de seguro del paciente y de sus antecedentes m\u00e9dicos. Unos pocos seguros pueden pagar la totalidad o parte del gasto, pero la mayor\u00eda no cubre la intervenci\u00f3n. Para conocer sus opciones de cobertura, los pacientes pueden ponerse en contacto con su compa\u00f1\u00eda de seguros.<\/p>\n\n<h2 class=\"wp-block-heading\">\u00bfC\u00f3mo se aplica?<\/h2>\n\n<figure class=\"wp-block-embed is-type-rich is-provider-embed-handler wp-block-embed-embed-handler wp-embed-aspect-16-9 wp-has-aspect-ratio\"><div class=\"wp-block-embed__wrapper\">\n<iframe loading=\"lazy\" title=\"The Swallowable Gastric Balloon Procedure\" width=\"500\" height=\"281\" src=\"https:\/\/www.youtube.com\/embed\/JlpjwwcLwRc?feature=oembed\" frameborder=\"0\" allow=\"accelerometer; autoplay; clipboard-write; encrypted-media; gyroscope; picture-in-picture; web-share\" referrerpolicy=\"strict-origin-when-cross-origin\" allowfullscreen><\/iframe>\n<\/div><\/figure>\n\n<h2 class=\"wp-block-heading\">\u00bfC\u00f3mo funciona?<\/h2>\n\n<p>Un bal\u00f3n intrag\u00e1strico puede hacer que el paciente se sienta lleno m\u00e1s deprisa de lo que lo estar\u00eda normalmente, lo que a menudo significa que come menos. Una de las razones es que el bal\u00f3n intrag\u00e1strico ralentiza el tiempo que tarda en vaciarse el est\u00f3mago. Otra raz\u00f3n es que el globo parece cambiar los niveles de hormonas que controlan el apetito.<\/p>\n\n<p>La cantidad de peso que pierda la persona depende de cu\u00e1nto puedas cambiar tus h\u00e1bitos de vida, incluidos la dieta y el ejercicio. Seg\u00fan un resumen de los tratamientos disponibles actualmente, es t\u00edpica una p\u00e9rdida de entre el 7% y el 15% del peso corporal durante los seis meses posteriores a la colocaci\u00f3n. La p\u00e9rdida total de exceso de peso oscila entre el 30% y el 47%.<\/p>\n\n<p>Son necesarios cambios saludables permanentes en tu dieta, junto con actividad f\u00edsica y ejercicio regulares, para evitar recuperar peso.<\/p>\n\n<h2 class=\"wp-block-heading\">Reflexi\u00f3n final<\/h2>\n\n<p>Para las personas que luchan contra la obesidad, el Bal\u00f3n G\u00e1strico Tragable es una soluci\u00f3n de control de peso no quir\u00fargica que puede proporcionar notables resultados de p\u00e9rdida de peso. Los pacientes pueden prever una p\u00e9rdida de entre el 25 y el 30 por ciento de su peso corporal extra durante los seis meses de colocaci\u00f3n del bal\u00f3n, debido a la naturaleza m\u00ednimamente invasiva del tratamiento. Sin embargo, hay peligros asociados a todo tratamiento m\u00e9dico, por lo que las personas deben hablar con su profesional sanitario sobre sus riesgos y ventajas espec\u00edficos.<\/p>\n\n<h2 class=\"wp-block-heading\">Preguntas frecuentes sobre el Bal\u00f3n G\u00e1strico<\/h2>\n\n<h3 class=\"wp-block-heading\">\u00bfCu\u00e1nto tiempo permanece colocado el Bal\u00f3n G\u00e1strico Tragable?<\/h3>\n\n<p>Est\u00e1 previsto que el Bal\u00f3n G\u00e1strico Tragable permanezca en el est\u00f3mago durante seis meses.<\/p>\n\n<h3 class=\"wp-block-heading\">\u00bfPuedo comer normalmente con un Bal\u00f3n G\u00e1strico Tragable?<\/h3>\n\n<p>Aunque el Bal\u00f3n G\u00e1strico Tragable ayuda a acelerar la sensaci\u00f3n de saciedad de los pacientes, los mayores beneficios en la reducci\u00f3n de peso proceden de la observancia de un r\u00e9gimen alimentario equilibrado.<\/p>\n\n<h3 class=\"wp-block-heading\">\u00bfCu\u00e1les son los riesgos del Bal\u00f3n G\u00e1strico Tragable?<\/h3>\n\n<p>Las molestias abdominales, los v\u00f3mitos y las n\u00e1useas son los efectos adversos m\u00e1s frecuentes. En raras ocasiones, el globo puede reventar o desinflarse, lo que podr\u00eda causar obstrucciones del tubo digestivo.<\/p>\n\n<h3 class=\"wp-block-heading\">\u00bfEl seguro cubre el Bal\u00f3n G\u00e1strico Tragable?<\/h3>\n\n<p>El Bal\u00f3n G\u00e1strico Tragable puede estar cubierto o no por el seguro, dependiendo del plan de seguro del paciente y de sus antecedentes m\u00e9dicos. Para conocer sus opciones de cobertura, los pacientes pueden ponerse en contacto con su compa\u00f1\u00eda de seguros.<\/p>\n\n<h3 class=\"wp-block-heading\">\u00bfSe puede retirar antes el Bal\u00f3n G\u00e1strico Tragable?<\/h3>\n\n<p>A veces, los pacientes pueden tener dolor intenso u otros problemas, que hacen necesaria la retirada del globo antes del periodo de seis meses. Sin embargo, una extracci\u00f3n demasiado r\u00e1pida del globo puede reducir el peso. Antes de decidir la extracci\u00f3n precoz del globo, los pacientes deben tratar cualquier preocupaci\u00f3n o dolor con su m\u00e9dico.<\/p>\n\n<h2 class=\"wp-block-heading\">Obtener un presupuesto gratuito<\/h2>\n\n<div\n\tclass=\"root-eb-wpforms-2kepm wp-block-essential-blocks-wpforms\">\n\t<div class=\"eb-parent-eb-wpforms-2kepm  eb-parent-wrapper\">\n\t\t<div class=\"eb-wpforms-2kepm eb-wpforms-wrapper\">\n\t\t\t<div class=\"wpforms-container wpforms-container-full contact-wpforms\" id=\"wpforms-939\"><form id=\"wpforms-form-939\" class=\"wpforms-validate wpforms-form wpforms-ajax-form\" data-formid=\"939\" method=\"post\" enctype=\"multipart\/form-data\" action=\"\/es\/wp-json\/wp\/v2\/pages\/9808\" data-token=\"35dd3b75201ebc86f9b935ee8b9d84e9\"><noscript class=\"wpforms-error-noscript\">Por favor, activa JavaScript en tu navegador para completar este formulario.<\/noscript><div class=\"wpforms-field-container\"><div id=\"wpforms-939-field_0-container\" class=\"wpforms-field wpforms-field-name\" data-field-id=\"0\"><label class=\"wpforms-field-label\" for=\"wpforms-939-field_0\">Full Name <span class=\"wpforms-required-label\">*<\/span><\/label><input type=\"text\" id=\"wpforms-939-field_0\" class=\"wpforms-field-large wpforms-field-required\" name=\"wpforms[fields][0]\" required><\/div><div id=\"wpforms-939-field_1-container\" class=\"wpforms-field wpforms-field-email\" data-field-id=\"1\"><label class=\"wpforms-field-label\" for=\"wpforms-939-field_1\">Email <span class=\"wpforms-required-label\">*<\/span><\/label><input type=\"email\" id=\"wpforms-939-field_1\" class=\"wpforms-field-large wpforms-field-required\" name=\"wpforms[fields][1]\" required><\/div><div id=\"wpforms-939-field_9-container\" class=\"wpforms-field wpforms-field-phone\" data-field-id=\"9\"><label class=\"wpforms-field-label\" for=\"wpforms-939-field_9\">Phone <span class=\"wpforms-required-label\">*<\/span><\/label><input type=\"tel\" id=\"wpforms-939-field_9\" class=\"wpforms-field-medium wpforms-field-required wpforms-smart-phone-field\" data-rule-smart-phone-field=\"true\" name=\"wpforms[fields][9]\" required><\/div><div id=\"wpforms-939-field_5-container\" class=\"wpforms-field wpforms-field-select wpforms-field-select-style-classic\" data-field-id=\"5\"><label class=\"wpforms-field-label\" for=\"wpforms-939-field_5\">I&#039;m Interested In <span class=\"wpforms-required-label\">*<\/span><\/label><select id=\"wpforms-939-field_5\" class=\"wpforms-field-large wpforms-field-required\" name=\"wpforms[fields][5]\" required=\"required\"><option value=\"\" class=\"placeholder\" disabled  selected='selected'>&#8211; Please select &#8211;<\/option><option value=\"Tummy Tuck\" >Tummy Tuck<\/option><option value=\"Breast Augmenttion\" >Breast Augmenttion<\/option><option value=\"Liposuction\" >Liposuction<\/option><option value=\"Face Aesthetic\" >Face Aesthetic<\/option><option value=\"Brazilian But Lift\" >Brazilian But Lift<\/option><option value=\"Rhinolasty\" >Rhinolasty<\/option><option value=\"Gastric Sleeve\" >Gastric Sleeve<\/option><option value=\"Gastric Balloon\" >Gastric Balloon<\/option><option value=\"Dental Treatment\" >Dental Treatment<\/option><option value=\"Eye Treatment\" >Eye Treatment<\/option><option value=\"Genital Aesthetic\" >Genital Aesthetic<\/option><option value=\"Other Proccedures\" >Other Proccedures<\/option><\/select><\/div><div id=\"wpforms-939-field_6-container\" class=\"wpforms-field wpforms-field-select wpforms-field-select-style-classic\" data-field-id=\"6\"><label class=\"wpforms-field-label\" for=\"wpforms-939-field_6\">Preferred Time to Contact <span class=\"wpforms-required-label\">*<\/span><\/label><select id=\"wpforms-939-field_6\" class=\"wpforms-field-large wpforms-field-required\" name=\"wpforms[fields][6]\" required=\"required\"><option value=\"\" class=\"placeholder\" disabled  selected='selected'>&#8211; Please select &#8211;<\/option><option value=\"Any Time\" >Any Time<\/option><option value=\"9 - 12 AM\" >9 &#8211; 12 AM<\/option><option value=\"12 - 3 PM\" >12 &#8211; 3 PM<\/option><option value=\"3 - 6 PM\" >3 &#8211; 6 PM<\/option><option value=\"6 - 9 PM\" >6 &#8211; 9 PM<\/option><\/select><\/div><div id=\"wpforms-939-field_10-container\" class=\"wpforms-field wpforms-field-select wpforms-field-select-style-classic\" data-field-id=\"10\"><label class=\"wpforms-field-label\" for=\"wpforms-939-field_10\">Preferred Method to Contact <span class=\"wpforms-required-label\">*<\/span><\/label><select id=\"wpforms-939-field_10\" class=\"wpforms-field-large wpforms-field-required\" name=\"wpforms[fields][10]\" required=\"required\"><option value=\"\" class=\"placeholder\" disabled  selected='selected'>&#8211; Please select &#8211;<\/option><option value=\"WhatsApp Message\" >WhatsApp Message<\/option><option value=\"WhatsApp Call\" >WhatsApp Call<\/option><option value=\"Phone Call\" >Phone Call<\/option><option value=\"Email\" >Email<\/option><\/select><\/div><div id=\"wpforms-939-field_8-container\" class=\"wpforms-field wpforms-field-checkbox newsletter-checkbox\" data-field-id=\"8\"><label class=\"wpforms-field-label wpforms-label-hide\" for=\"wpforms-939-field_8\">Checkboxes<\/label><ul id=\"wpforms-939-field_8\"><li class=\"choice-1 depth-1\"><input type=\"checkbox\" id=\"wpforms-939-field_8_1\" name=\"wpforms[fields][8][]\" value=\"Newsletter Signup\"  ><label class=\"wpforms-field-label-inline\" for=\"wpforms-939-field_8_1\">Newsletter Signup<\/label><\/li><\/ul><\/div><div id=\"wpforms-939-field_11-container\" class=\"wpforms-field wpforms-field-hidden\" data-field-id=\"11\"><input type=\"hidden\" id=\"wpforms-939-field_11\" name=\"wpforms[fields][11]\"><\/div><\/div><div class=\"wpforms-submit-container\"><input type=\"hidden\" name=\"wpforms[id]\" value=\"939\"><input type=\"hidden\" name=\"wpforms[author]\" value=\"1\"><button type=\"submit\" name=\"wpforms[submit]\" id=\"wpforms-submit-939\" class=\"wpforms-submit contact-wpforms-button\" aria-live=\"assertive\" value=\"wpforms-submit\">Send Form<\/button><img loading=\"lazy\" decoding=\"async\" src=\"https:\/\/catchlifeaesthetic.com\/wp-content\/plugins\/wpforms\/assets\/images\/submit-spin.svg\" class=\"wpforms-submit-spinner\" style=\"display: none;\" width=\"26\" height=\"26\" alt=\"Cargando\"><\/div><\/form><\/div>  <!-- .wpforms-container -->\t\t<\/div>\n\t<\/div>\n<\/div>\n\n<div class=\"wp-block-columns is-layout-flex wp-container-core-columns-is-layout-28f84493 wp-block-columns-is-layout-flex\">\n<div class=\"wp-block-column is-vertically-aligned-center is-layout-flow wp-block-column-is-layout-flow\" style=\"flex-basis:100%\"><\/div>\n<\/div>\n","protected":false},"excerpt":{"rendered":"<p>La colocaci\u00f3n de un bal\u00f3n intrag\u00e1strico es un procedimiento de adelgazamiento que consiste en colocar un bal\u00f3n de silicona relleno de soluci\u00f3n salina en el est\u00f3mago del paciente. Esto ayuda a perder peso limitando la cantidad que puede comer y haciendo que la persona se sienta saciada m\u00e1s r\u00e1pidamente. \u00bfA qui\u00e9n va dirigido? El procedimiento [&hellip;]<\/p>\n","protected":false},"author":1,"featured_media":9737,"parent":9685,"menu_order":0,"comment_status":"closed","ping_status":"closed","template":"","meta":{"_eb_attr":"","_uag_custom_page_level_css":"","_monsterinsights_skip_tracking":false,"_monsterinsights_sitenote_active":false,"_monsterinsights_sitenote_note":"","_monsterinsights_sitenote_category":0,"site-sidebar-layout":"default","site-content-layout":"","ast-site-content-layout":"default","site-content-style":"default","site-sidebar-style":"default","ast-global-header-display":"","ast-banner-title-visibility":"","ast-main-header-display":"","ast-hfb-above-header-display":"","ast-hfb-below-header-display":"","ast-hfb-mobile-header-display":"","site-post-title":"","ast-breadcrumbs-content":"","ast-featured-img":"","footer-sml-layout":"","theme-transparent-header-meta":"","adv-header-id-meta":"","stick-header-meta":"","header-above-stick-meta":"","header-main-stick-meta":"","header-below-stick-meta":"","astra-migrate-meta-layouts":"default","ast-page-background-enabled":"default","ast-page-background-meta":{"desktop":{"background-color":"var(--ast-global-color-4)","background-image":"","background-repeat":"repeat","background-position":"center center","background-size":"auto","background-attachment":"scroll","background-type":"","background-media":"","overlay-type":"","overlay-color":"","overlay-opacity":"","overlay-gradient":""},"tablet":{"background-color":"","background-image":"","background-repeat":"repeat","background-position":"center center","background-size":"auto","background-attachment":"scroll","background-type":"","background-media":"","overlay-type":"","overlay-color":"","overlay-opacity":"","overlay-gradient":""},"mobile":{"background-color":"","background-image":"","background-repeat":"repeat","background-position":"center center","background-size":"auto","background-attachment":"scroll","background-type":"","background-media":"","overlay-type":"","overlay-color":"","overlay-opacity":"","overlay-gradient":""}},"ast-content-background-meta":{"desktop":{"background-color":"var(--ast-global-color-5)","background-image":"","background-repeat":"repeat","background-position":"center center","background-size":"auto","background-attachment":"scroll","background-type":"","background-media":"","overlay-type":"","overlay-color":"","overlay-opacity":"","overlay-gradient":""},"tablet":{"background-color":"var(--ast-global-color-5)","background-image":"","background-repeat":"repeat","background-position":"center center","background-size":"auto","background-attachment":"scroll","background-type":"","background-media":"","overlay-type":"","overlay-color":"","overlay-opacity":"","overlay-gradient":""},"mobile":{"background-color":"var(--ast-global-color-5)","background-image":"","background-repeat":"repeat","background-position":"center center","background-size":"auto","background-attachment":"scroll","background-type":"","background-media":"","overlay-type":"","overlay-color":"","overlay-opacity":"","overlay-gradient":""}},"footnotes":""},"class_list":["post-9808","page","type-page","status-publish","has-post-thumbnail","hentry"],"uagb_featured_image_src":{"full":["https:\/\/catchlifeaesthetic.com\/wp-content\/uploads\/2024\/05\/sleeve-gastrectomy-0.jpg",1200,675,false],"thumbnail":["https:\/\/catchlifeaesthetic.com\/wp-content\/uploads\/2024\/05\/sleeve-gastrectomy-0-150x150.jpg",150,150,true],"medium":["https:\/\/catchlifeaesthetic.com\/wp-content\/uploads\/2024\/05\/sleeve-gastrectomy-0-300x169.jpg",300,169,true],"medium_large":["https:\/\/catchlifeaesthetic.com\/wp-content\/uploads\/2024\/05\/sleeve-gastrectomy-0-768x432.jpg",768,432,true],"large":["https:\/\/catchlifeaesthetic.com\/wp-content\/uploads\/2024\/05\/sleeve-gastrectomy-0-1024x576.jpg",1024,576,true],"1536x1536":["https:\/\/catchlifeaesthetic.com\/wp-content\/uploads\/2024\/05\/sleeve-gastrectomy-0.jpg",1200,675,false],"2048x2048":["https:\/\/catchlifeaesthetic.com\/wp-content\/uploads\/2024\/05\/sleeve-gastrectomy-0.jpg",1200,675,false],"woocommerce_thumbnail":["https:\/\/catchlifeaesthetic.com\/wp-content\/uploads\/2024\/05\/sleeve-gastrectomy-0-300x300.jpg",300,300,true],"woocommerce_single":["https:\/\/catchlifeaesthetic.com\/wp-content\/uploads\/2024\/05\/sleeve-gastrectomy-0-600x338.jpg",600,338,true],"woocommerce_gallery_thumbnail":["https:\/\/catchlifeaesthetic.com\/wp-content\/uploads\/2024\/05\/sleeve-gastrectomy-0-100x100.jpg",100,100,true]},"uagb_author_info":{"display_name":"Catchlife Aesthetic","author_link":"https:\/\/catchlifeaesthetic.com\/es\/author\/admincatchlife-com-tr\/"},"uagb_comment_info":0,"uagb_excerpt":"La colocaci\u00f3n de un bal\u00f3n intrag\u00e1strico es un procedimiento de adelgazamiento que consiste en colocar un bal\u00f3n de silicona relleno de soluci\u00f3n salina en el est\u00f3mago del paciente. Esto ayuda a perder peso limitando la cantidad que puede comer y haciendo que la persona se sienta saciada m\u00e1s r\u00e1pidamente. \u00bfA qui\u00e9n va dirigido? El procedimiento&hellip;","_links":{"self":[{"href":"https:\/\/catchlifeaesthetic.com\/es\/wp-json\/wp\/v2\/pages\/9808","targetHints":{"allow":["GET"]}}],"collection":[{"href":"https:\/\/catchlifeaesthetic.com\/es\/wp-json\/wp\/v2\/pages"}],"about":[{"href":"https:\/\/catchlifeaesthetic.com\/es\/wp-json\/wp\/v2\/types\/page"}],"author":[{"embeddable":true,"href":"https:\/\/catchlifeaesthetic.com\/es\/wp-json\/wp\/v2\/users\/1"}],"replies":[{"embeddable":true,"href":"https:\/\/catchlifeaesthetic.com\/es\/wp-json\/wp\/v2\/comments?post=9808"}],"version-history":[{"count":1,"href":"https:\/\/catchlifeaesthetic.com\/es\/wp-json\/wp\/v2\/pages\/9808\/revisions"}],"predecessor-version":[{"id":9825,"href":"https:\/\/catchlifeaesthetic.com\/es\/wp-json\/wp\/v2\/pages\/9808\/revisions\/9825"}],"up":[{"embeddable":true,"href":"https:\/\/catchlifeaesthetic.com\/es\/wp-json\/wp\/v2\/pages\/9685"}],"wp:featuredmedia":[{"embeddable":true,"href":"https:\/\/catchlifeaesthetic.com\/es\/wp-json\/wp\/v2\/media\/9737"}],"wp:attachment":[{"href":"https:\/\/catchlifeaesthetic.com\/es\/wp-json\/wp\/v2\/media?parent=9808"}],"curies":[{"name":"wp","href":"https:\/\/api.w.org\/{rel}","templated":true}]}}