{"id":9845,"date":"2024-07-10T07:51:47","date_gmt":"2024-07-10T07:51:47","guid":{"rendered":"https:\/\/catchlifeaesthetic.com\/cirugia-de-perdida-de-peso-turquia\/bypass-gastrico\/"},"modified":"2024-07-16T11:38:16","modified_gmt":"2024-07-16T11:38:16","slug":"bypass-gastrico","status":"publish","type":"page","link":"https:\/\/catchlifeaesthetic.com\/es\/cirugia-de-perdida-de-peso-turquia\/bypass-gastrico\/","title":{"rendered":"Bypass g\u00e1strico"},"content":{"rendered":"\n<p>El bypass g\u00e1strico es un procedimiento quir\u00fargico que puede ayudar a las personas con obesidad a perder peso y mejorar su salud. Disminuye el tama\u00f1o del est\u00f3mago y cambia la forma en que el est\u00f3mago y el intestino delgado absorben los alimentos, facilitando la p\u00e9rdida de peso. Este procedimiento tambi\u00e9n se denomina bypass g\u00e1strico en Y de Roux.<\/p>\n\n<h2 class=\"wp-block-heading\">\u00bfCu\u00e1ndo debo plantearme la cirug\u00eda de bypass g\u00e1strico?<\/h2>\n\n<p>Si eres muy obeso y tienes otros problemas de salud, y te has esforzado por perder peso haciendo dieta y m\u00e1s ejercicio, tu m\u00e9dico podr\u00eda sugerirte una cirug\u00eda de bypass g\u00e1strico para ayudarte a perder peso.<\/p>\n\n<p>La cirug\u00eda de bypass g\u00e1strico es un tipo de cirug\u00eda muy eficaz para perder peso, pero no es para todo el mundo. Discute con tu m\u00e9dico qu\u00e9 enfoque es el mejor para ti y hablad sobre lo que puedes esperar. Podr\u00edas preguntar:<\/p>\n\n<ul class=\"wp-block-list\">\n<li>\u00bfCu\u00e1l es la p\u00e9rdida media de peso al cabo de un a\u00f1o?<\/li>\n\n\n\n<li>\u00bfCu\u00e1l es la p\u00e9rdida media de peso despu\u00e9s de 5 a\u00f1os?<\/li>\n\n\n\n<li>\u00bfCu\u00e1l es mi papel despu\u00e9s de la operaci\u00f3n?<\/li>\n<\/ul>\n\n<p>Perder peso tras una operaci\u00f3n de bypass g\u00e1strico puede ayudar a reducir los problemas de diabetes de tipo 2, los episodios de asma y la tensi\u00f3n arterial, y puede ayudar a mejorar la salud cardiaca.<\/p>\n\n<figure class=\"wp-block-embed is-type-rich is-provider-embed-handler wp-block-embed-embed-handler wp-embed-aspect-16-9 wp-has-aspect-ratio\"><div class=\"wp-block-embed__wrapper\">\n<iframe loading=\"lazy\" title=\"Gastric Bypass Procedure Demonstration\" width=\"500\" height=\"281\" src=\"https:\/\/www.youtube.com\/embed\/NGfgShJkHM8?feature=oembed\" frameborder=\"0\" allow=\"accelerometer; autoplay; clipboard-write; encrypted-media; gyroscope; picture-in-picture; web-share\" referrerpolicy=\"strict-origin-when-cross-origin\" allowfullscreen><\/iframe>\n<\/div><\/figure>\n\n<p>La obesidad es uno de los problemas de salud social de los \u00faltimos a\u00f1os. Los seres humanos engordan d\u00eda a d\u00eda debido a la sistem\u00e1tica estancada de la vida en la ciudad y, como consecuencia de ello, es posible que surjan otros problemas graves de salud.<\/p>\n\n<p>Obesidad; Es la raz\u00f3n principal de muchos problemas de salud, especialmente enfermedades del sistema endocrino. Evaluaciones universales; Las complicaciones que pueden provocar todas las aplicaciones para el tratamiento de la obesidad demuestran que la obesidad no es m\u00e1s peligrosa que ella misma.<\/p>\n\n<p>Por lo tanto; El sobrepeso de las personas, es decir, la obesidad, es una enfermedad y su tratamiento es obligatorio. Este problema, que sigue siendo un problema de salud en todos los pa\u00edses del mundo, se ha convertido en un problema grave.<\/p>\n\n<h2 class=\"wp-block-heading\">\u00bfQu\u00e9 es el bypass g\u00e1strico en Y de Roux (RYGB)?<\/h2>\n\n<figure class=\"wp-block-image\"><img decoding=\"async\" src=\"http:\/\/catchlifeobesity.com\/wp-content\/uploads\/2022\/10\/roux-en-y-gastric-bypass-graphic.webp\" alt=\"roux en y bypass g&#xE1;strico gr&#xE1;fico\" class=\"wp-image-361\" title=\"Paquetes de Bypass G&#xE1;strico en Turqu&#xED;a 1\"\/><\/figure>\n\n<p>Bypass G\u00e1strico RY; Se define como un tipo de operaci\u00f3n quir\u00fargica en forma de una nueva conexi\u00f3n entre el est\u00f3mago y el intestino delgado, as\u00ed como la reducci\u00f3n del est\u00f3mago. Estas operaciones suelen ser aplicaciones de cirug\u00eda bari\u00e1trica y son eficaces en el tratamiento permanente de la obesidad. Estas aplicaciones, que en su mayor\u00eda se realizan por v\u00eda laparosc\u00f3pica, las llevan a cabo cirujanos especialistas de campo en un entorno de quir\u00f3fano totalmente equipado.<\/p>\n\n<p>Se divide en dos secciones principales, una de ellas bastante peque\u00f1a, en la que se utilizan materiales quir\u00fargicos especiales (laparosc\u00f3pica). El sistema se organiza reuniendo la secci\u00f3n del est\u00f3mago peque\u00f1o que se formar\u00e1 a una zona de unos 50-70 cm de longitud de la parte inicial del intestino delgado, y reuniendo los dos intestinos que permitir\u00e1n que tus secreciones biliares y pancre\u00e1ticas lleguen a la zona de 100-150 cm que contin\u00faa despu\u00e9s de este nivel.<\/p>\n\n<p>Con esta cirug\u00eda se pretende reducir el volumen de alimentos ingeridos debido a la peque\u00f1a bolsa estomacal (30-50 cc) reci\u00e9n creada por la cirug\u00eda. En consecuencia, el encuentro tard\u00edo de la peque\u00f1a cantidad de comida ingerida con los l\u00edquidos pancre\u00e1ticos y biliares, proporciona control de peso al impedir la ingesta de todas las calor\u00edas que contiene.<\/p>\n\n<p>A diferencia de la gastrectom\u00eda en manga, el Bypass G\u00e1strico RY reduce la ingesta de alimentos e impide la ingesta de todas las calor\u00edas de los alimentos ingeridos. Por supuesto, cu\u00e1l de estas aplicaciones se realizar\u00e1 no se decidir\u00e1 en funci\u00f3n de las posibles complicaciones comunes, sino seg\u00fan el an\u00e1lisis que haga el m\u00e9dico.<\/p>\n\n<p>Con el programa diet\u00e9tico postoperatorio, la regulaci\u00f3n de la actividad f\u00edsica y el deporte, la persona alcanza su peso ideal y el control del peso a largo plazo est\u00e1 garantizado siempre que siga las normas.<\/p>\n\n<h2 class=\"wp-block-heading\">\u00bfQu\u00e9 es el minibypass g\u00e1strico?<\/h2>\n\n<figure class=\"wp-block-image\"><img decoding=\"async\" src=\"http:\/\/catchlifeobesity.com\/wp-content\/uploads\/2022\/10\/mini-gastric-bypass-graphic.webp\" alt=\"mini bypass g&#xE1;strico gr&#xE1;fico\" class=\"wp-image-359\" title=\"Paquetes de Bypass G&#xE1;strico en Turqu&#xED;a 2\"\/><\/figure>\n\n<p>El Mini Bypass G\u00e1strico es una cirug\u00eda que se realiza con una t\u00e9cnica laparosc\u00f3pica y que permite tanto la reducci\u00f3n del volumen del est\u00f3mago como la separaci\u00f3n de una parte del intestino delgado de la funci\u00f3n de absorci\u00f3n. Esto demuestra que la cirug\u00eda de minibypass g\u00e1strico es un m\u00e9todo que puede realizarse m\u00e1s f\u00e1cilmente. El minibypass g\u00e1strico es uno de los m\u00e9todos m\u00e1s r\u00e1pidos y sencillos entre las intervenciones realizadas en cirug\u00eda bari\u00e1trica, y el proceso de recuperaci\u00f3n postoperatoria es muy c\u00f3modo y breve.<\/p>\n\n<p>Con el m\u00e9todo laparosc\u00f3pico (cerrado), la cirug\u00eda de minibypass g\u00e1strico se realiza a trav\u00e9s de 4 orificios de 0,5 cm y 1 cm abiertos en la pared abdominal. Durante esta intervenci\u00f3n, se crea en el est\u00f3mago una peque\u00f1a bolsa\/bolsa estomacal de 15 cm de longitud y 2 cm de anchura con la ayuda de grapas, y esta peque\u00f1a bolsa estomacal se conecta entre 180-200 cm del intestino delgado.<\/p>\n\n<p>Gracias a esta cirug\u00eda, el volumen del est\u00f3mago se reduce a 50 cc gracias al minibolsillo\/bolsa creado de 1000cc. As\u00ed, los pacientes sienten \u00absaciedad precoz\u00bb incluso con 50 cc de ingesta de alimentos, y entonces se impide que los alimentos entren en los primeros 150-180 cm del intestino delgado, donde la absorci\u00f3n de alimentos es mayor, y se asegura el paso de los alimentos entre los 180-200 cm del intestino. En otras palabras, tras la cirug\u00eda de minibypass g\u00e1strico, se impide la absorci\u00f3n del az\u00facar y de los alimentos azucarados ingeridos por v\u00eda oral desde el intestino o, reduciendo la Diabetes, se pueden eliminar.<\/p>\n\n<h2 class=\"wp-block-heading\">\u00bfPor qu\u00e9 los m\u00e9dicos recomiendan el minibypass g\u00e1strico?<\/h2>\n\n<ul class=\"wp-block-list\">\n<li>La Absorci\u00f3n En El Intestino Delgado Es Menor En Esta Operaci\u00f3n.<\/li>\n\n\n\n<li>Puesto que no hay ninguna intervenci\u00f3n perjudicial para el est\u00f3mago del individuo, es posible volver al est\u00f3mago original.<\/li>\n\n\n\n<li>Es Una Soluci\u00f3n M\u00e1s Permanente Para Las Personas Con Diabetes Tipo 2 Y Problemas De Salud Similares.<\/li>\n\n\n\n<li>Es m\u00e1s f\u00e1cil de aplicar que la operaci\u00f3n RYGB.<\/li>\n\n\n\n<li>Despu\u00e9s De Terminar El Proceso De P\u00e9rdida De Peso, La Probabilidad De Recuperar Peso Es Menor.<\/li>\n\n\n\n<li>No es necesaria la alimentaci\u00f3n l\u00edquida despu\u00e9s de la operaci\u00f3n.<\/li>\n<\/ul>\n\n<h2 class=\"wp-block-heading\">Cirug\u00eda de bypass g\u00e1strico en Turqu\u00eda<\/h2>\n\n<p>Puedes operarte de bypass g\u00e1strico en nuestra cl\u00ednica de Turqu\u00eda. S\u00f3lo tienes que pedir cita. El alojamiento, el transporte, la comida y la bebida y todo el proceso de tratamiento se organizan para ti desde los mejores lugares del pa\u00eds. Puedes llamar inmediatamente a nuestra oficina para discutir los detalles y concertar una cita. Nuestra informaci\u00f3n de contacto est\u00e1 disponible en nuestro sitio web.<\/p>\n\n<h2 class=\"wp-block-heading\">Obtener un presupuesto gratuito<\/h2>\n\n<div\n\tclass=\"root-eb-wpforms-q0uap wp-block-essential-blocks-wpforms\">\n\t<div class=\"eb-parent-eb-wpforms-q0uap  eb-parent-wrapper\">\n\t\t<div class=\"eb-wpforms-q0uap eb-wpforms-wrapper\">\n\t\t\t<div class=\"wpforms-container wpforms-container-full contact-wpforms\" id=\"wpforms-939\"><form id=\"wpforms-form-939\" class=\"wpforms-validate wpforms-form wpforms-ajax-form\" data-formid=\"939\" method=\"post\" enctype=\"multipart\/form-data\" action=\"\/es\/wp-json\/wp\/v2\/pages\/9845\" data-token=\"b924d164a91eb36325407eb24ec4017e\"><noscript class=\"wpforms-error-noscript\">Por favor, activa JavaScript en tu navegador para completar este formulario.<\/noscript><div class=\"wpforms-field-container\"><div id=\"wpforms-939-field_0-container\" class=\"wpforms-field wpforms-field-name\" data-field-id=\"0\"><label class=\"wpforms-field-label\" for=\"wpforms-939-field_0\">Full Name <span class=\"wpforms-required-label\">*<\/span><\/label><input type=\"text\" id=\"wpforms-939-field_0\" class=\"wpforms-field-large wpforms-field-required\" name=\"wpforms[fields][0]\" required><\/div><div id=\"wpforms-939-field_1-container\" class=\"wpforms-field wpforms-field-email\" data-field-id=\"1\"><label class=\"wpforms-field-label\" for=\"wpforms-939-field_1\">Email <span class=\"wpforms-required-label\">*<\/span><\/label><input type=\"email\" id=\"wpforms-939-field_1\" class=\"wpforms-field-large wpforms-field-required\" name=\"wpforms[fields][1]\" required><\/div><div id=\"wpforms-939-field_9-container\" class=\"wpforms-field wpforms-field-phone\" data-field-id=\"9\"><label class=\"wpforms-field-label\" for=\"wpforms-939-field_9\">Phone <span class=\"wpforms-required-label\">*<\/span><\/label><input type=\"tel\" id=\"wpforms-939-field_9\" class=\"wpforms-field-medium wpforms-field-required wpforms-smart-phone-field\" data-rule-smart-phone-field=\"true\" name=\"wpforms[fields][9]\" required><\/div><div id=\"wpforms-939-field_5-container\" class=\"wpforms-field wpforms-field-select wpforms-field-select-style-classic\" data-field-id=\"5\"><label class=\"wpforms-field-label\" for=\"wpforms-939-field_5\">I&#039;m Interested In <span class=\"wpforms-required-label\">*<\/span><\/label><select id=\"wpforms-939-field_5\" class=\"wpforms-field-large wpforms-field-required\" name=\"wpforms[fields][5]\" required=\"required\"><option value=\"\" class=\"placeholder\" disabled  selected='selected'>&#8211; Please select &#8211;<\/option><option value=\"Tummy Tuck\" >Tummy Tuck<\/option><option value=\"Breast Augmenttion\" >Breast Augmenttion<\/option><option value=\"Liposuction\" >Liposuction<\/option><option value=\"Face Aesthetic\" >Face Aesthetic<\/option><option value=\"Brazilian But Lift\" >Brazilian But Lift<\/option><option value=\"Rhinolasty\" >Rhinolasty<\/option><option value=\"Gastric Sleeve\" >Gastric Sleeve<\/option><option value=\"Gastric Balloon\" >Gastric Balloon<\/option><option value=\"Dental Treatment\" >Dental Treatment<\/option><option value=\"Eye Treatment\" >Eye Treatment<\/option><option value=\"Genital Aesthetic\" >Genital Aesthetic<\/option><option value=\"Other Proccedures\" >Other Proccedures<\/option><\/select><\/div><div id=\"wpforms-939-field_6-container\" class=\"wpforms-field wpforms-field-select wpforms-field-select-style-classic\" data-field-id=\"6\"><label class=\"wpforms-field-label\" for=\"wpforms-939-field_6\">Preferred Time to Contact <span class=\"wpforms-required-label\">*<\/span><\/label><select id=\"wpforms-939-field_6\" class=\"wpforms-field-large wpforms-field-required\" name=\"wpforms[fields][6]\" required=\"required\"><option value=\"\" class=\"placeholder\" disabled  selected='selected'>&#8211; Please select &#8211;<\/option><option value=\"Any Time\" >Any Time<\/option><option value=\"9 - 12 AM\" >9 &#8211; 12 AM<\/option><option value=\"12 - 3 PM\" >12 &#8211; 3 PM<\/option><option value=\"3 - 6 PM\" >3 &#8211; 6 PM<\/option><option value=\"6 - 9 PM\" >6 &#8211; 9 PM<\/option><\/select><\/div><div id=\"wpforms-939-field_10-container\" class=\"wpforms-field wpforms-field-select wpforms-field-select-style-classic\" data-field-id=\"10\"><label class=\"wpforms-field-label\" for=\"wpforms-939-field_10\">Preferred Method to Contact <span class=\"wpforms-required-label\">*<\/span><\/label><select id=\"wpforms-939-field_10\" class=\"wpforms-field-large wpforms-field-required\" name=\"wpforms[fields][10]\" required=\"required\"><option value=\"\" class=\"placeholder\" disabled  selected='selected'>&#8211; Please select &#8211;<\/option><option value=\"WhatsApp Message\" >WhatsApp Message<\/option><option value=\"WhatsApp Call\" >WhatsApp Call<\/option><option value=\"Phone Call\" >Phone Call<\/option><option value=\"Email\" >Email<\/option><\/select><\/div><div id=\"wpforms-939-field_8-container\" class=\"wpforms-field wpforms-field-checkbox newsletter-checkbox\" data-field-id=\"8\"><label class=\"wpforms-field-label wpforms-label-hide\" for=\"wpforms-939-field_8\">Checkboxes<\/label><ul id=\"wpforms-939-field_8\"><li class=\"choice-1 depth-1\"><input type=\"checkbox\" id=\"wpforms-939-field_8_1\" name=\"wpforms[fields][8][]\" value=\"Newsletter Signup\"  ><label class=\"wpforms-field-label-inline\" for=\"wpforms-939-field_8_1\">Newsletter Signup<\/label><\/li><\/ul><\/div><div id=\"wpforms-939-field_11-container\" class=\"wpforms-field wpforms-field-hidden\" data-field-id=\"11\"><input type=\"hidden\" id=\"wpforms-939-field_11\" name=\"wpforms[fields][11]\"><\/div><\/div><div class=\"wpforms-submit-container\"><input type=\"hidden\" name=\"wpforms[id]\" value=\"939\"><input type=\"hidden\" name=\"wpforms[author]\" value=\"1\"><button type=\"submit\" name=\"wpforms[submit]\" id=\"wpforms-submit-939\" class=\"wpforms-submit contact-wpforms-button\" aria-live=\"assertive\" value=\"wpforms-submit\">Send Form<\/button><img loading=\"lazy\" decoding=\"async\" src=\"https:\/\/catchlifeaesthetic.com\/wp-content\/plugins\/wpforms\/assets\/images\/submit-spin.svg\" class=\"wpforms-submit-spinner\" style=\"display: none;\" width=\"26\" height=\"26\" alt=\"Cargando\"><\/div><\/form><\/div>  <!-- .wpforms-container -->\t\t<\/div>\n\t<\/div>\n<\/div>\n","protected":false},"excerpt":{"rendered":"<p>El bypass g\u00e1strico es un procedimiento quir\u00fargico que puede ayudar a las personas con obesidad a perder peso y mejorar su salud. Disminuye el tama\u00f1o del est\u00f3mago y cambia la forma en que el est\u00f3mago y el intestino delgado absorben los alimentos, facilitando la p\u00e9rdida de peso. Este procedimiento tambi\u00e9n se denomina bypass g\u00e1strico en [&hellip;]<\/p>\n","protected":false},"author":1,"featured_media":9737,"parent":9685,"menu_order":0,"comment_status":"closed","ping_status":"closed","template":"","meta":{"_eb_attr":"","_uag_custom_page_level_css":"","_monsterinsights_skip_tracking":false,"_monsterinsights_sitenote_active":false,"_monsterinsights_sitenote_note":"","_monsterinsights_sitenote_category":0,"site-sidebar-layout":"default","site-content-layout":"","ast-site-content-layout":"default","site-content-style":"default","site-sidebar-style":"default","ast-global-header-display":"","ast-banner-title-visibility":"","ast-main-header-display":"","ast-hfb-above-header-display":"","ast-hfb-below-header-display":"","ast-hfb-mobile-header-display":"","site-post-title":"","ast-breadcrumbs-content":"","ast-featured-img":"","footer-sml-layout":"","theme-transparent-header-meta":"","adv-header-id-meta":"","stick-header-meta":"","header-above-stick-meta":"","header-main-stick-meta":"","header-below-stick-meta":"","astra-migrate-meta-layouts":"default","ast-page-background-enabled":"default","ast-page-background-meta":{"desktop":{"background-color":"var(--ast-global-color-4)","background-image":"","background-repeat":"repeat","background-position":"center center","background-size":"auto","background-attachment":"scroll","background-type":"","background-media":"","overlay-type":"","overlay-color":"","overlay-opacity":"","overlay-gradient":""},"tablet":{"background-color":"","background-image":"","background-repeat":"repeat","background-position":"center center","background-size":"auto","background-attachment":"scroll","background-type":"","background-media":"","overlay-type":"","overlay-color":"","overlay-opacity":"","overlay-gradient":""},"mobile":{"background-color":"","background-image":"","background-repeat":"repeat","background-position":"center center","background-size":"auto","background-attachment":"scroll","background-type":"","background-media":"","overlay-type":"","overlay-color":"","overlay-opacity":"","overlay-gradient":""}},"ast-content-background-meta":{"desktop":{"background-color":"var(--ast-global-color-5)","background-image":"","background-repeat":"repeat","background-position":"center center","background-size":"auto","background-attachment":"scroll","background-type":"","background-media":"","overlay-type":"","overlay-color":"","overlay-opacity":"","overlay-gradient":""},"tablet":{"background-color":"var(--ast-global-color-5)","background-image":"","background-repeat":"repeat","background-position":"center center","background-size":"auto","background-attachment":"scroll","background-type":"","background-media":"","overlay-type":"","overlay-color":"","overlay-opacity":"","overlay-gradient":""},"mobile":{"background-color":"var(--ast-global-color-5)","background-image":"","background-repeat":"repeat","background-position":"center center","background-size":"auto","background-attachment":"scroll","background-type":"","background-media":"","overlay-type":"","overlay-color":"","overlay-opacity":"","overlay-gradient":""}},"footnotes":""},"class_list":["post-9845","page","type-page","status-publish","has-post-thumbnail","hentry"],"uagb_featured_image_src":{"full":["https:\/\/catchlifeaesthetic.com\/wp-content\/uploads\/2024\/05\/sleeve-gastrectomy-0.jpg",1200,675,false],"thumbnail":["https:\/\/catchlifeaesthetic.com\/wp-content\/uploads\/2024\/05\/sleeve-gastrectomy-0-150x150.jpg",150,150,true],"medium":["https:\/\/catchlifeaesthetic.com\/wp-content\/uploads\/2024\/05\/sleeve-gastrectomy-0-300x169.jpg",300,169,true],"medium_large":["https:\/\/catchlifeaesthetic.com\/wp-content\/uploads\/2024\/05\/sleeve-gastrectomy-0-768x432.jpg",768,432,true],"large":["https:\/\/catchlifeaesthetic.com\/wp-content\/uploads\/2024\/05\/sleeve-gastrectomy-0-1024x576.jpg",1024,576,true],"1536x1536":["https:\/\/catchlifeaesthetic.com\/wp-content\/uploads\/2024\/05\/sleeve-gastrectomy-0.jpg",1200,675,false],"2048x2048":["https:\/\/catchlifeaesthetic.com\/wp-content\/uploads\/2024\/05\/sleeve-gastrectomy-0.jpg",1200,675,false],"woocommerce_thumbnail":["https:\/\/catchlifeaesthetic.com\/wp-content\/uploads\/2024\/05\/sleeve-gastrectomy-0-300x300.jpg",300,300,true],"woocommerce_single":["https:\/\/catchlifeaesthetic.com\/wp-content\/uploads\/2024\/05\/sleeve-gastrectomy-0-600x338.jpg",600,338,true],"woocommerce_gallery_thumbnail":["https:\/\/catchlifeaesthetic.com\/wp-content\/uploads\/2024\/05\/sleeve-gastrectomy-0-100x100.jpg",100,100,true]},"uagb_author_info":{"display_name":"Catchlife Aesthetic","author_link":"https:\/\/catchlifeaesthetic.com\/es\/author\/admincatchlife-com-tr\/"},"uagb_comment_info":0,"uagb_excerpt":"El bypass g\u00e1strico es un procedimiento quir\u00fargico que puede ayudar a las personas con obesidad a perder peso y mejorar su salud. Disminuye el tama\u00f1o del est\u00f3mago y cambia la forma en que el est\u00f3mago y el intestino delgado absorben los alimentos, facilitando la p\u00e9rdida de peso. Este procedimiento tambi\u00e9n se denomina bypass g\u00e1strico en&hellip;","_links":{"self":[{"href":"https:\/\/catchlifeaesthetic.com\/es\/wp-json\/wp\/v2\/pages\/9845","targetHints":{"allow":["GET"]}}],"collection":[{"href":"https:\/\/catchlifeaesthetic.com\/es\/wp-json\/wp\/v2\/pages"}],"about":[{"href":"https:\/\/catchlifeaesthetic.com\/es\/wp-json\/wp\/v2\/types\/page"}],"author":[{"embeddable":true,"href":"https:\/\/catchlifeaesthetic.com\/es\/wp-json\/wp\/v2\/users\/1"}],"replies":[{"embeddable":true,"href":"https:\/\/catchlifeaesthetic.com\/es\/wp-json\/wp\/v2\/comments?post=9845"}],"version-history":[{"count":1,"href":"https:\/\/catchlifeaesthetic.com\/es\/wp-json\/wp\/v2\/pages\/9845\/revisions"}],"predecessor-version":[{"id":9867,"href":"https:\/\/catchlifeaesthetic.com\/es\/wp-json\/wp\/v2\/pages\/9845\/revisions\/9867"}],"up":[{"embeddable":true,"href":"https:\/\/catchlifeaesthetic.com\/es\/wp-json\/wp\/v2\/pages\/9685"}],"wp:featuredmedia":[{"embeddable":true,"href":"https:\/\/catchlifeaesthetic.com\/es\/wp-json\/wp\/v2\/media\/9737"}],"wp:attachment":[{"href":"https:\/\/catchlifeaesthetic.com\/es\/wp-json\/wp\/v2\/media?parent=9845"}],"curies":[{"name":"wp","href":"https:\/\/api.w.org\/{rel}","templated":true}]}}