{"id":9957,"date":"2024-07-11T10:06:36","date_gmt":"2024-07-11T10:06:36","guid":{"rendered":"https:\/\/catchlifeaesthetic.com\/tratamiento-ocular-turquia\/cirugia-de-cataratas-una-vision-mas-clara-de-la-vida\/"},"modified":"2024-07-16T11:39:38","modified_gmt":"2024-07-16T11:39:38","slug":"cirugia-de-cataratas-una-vision-mas-clara-de-la-vida","status":"publish","type":"page","link":"https:\/\/catchlifeaesthetic.com\/es\/tratamiento-ocular-turquia\/cirugia-de-cataratas-una-vision-mas-clara-de-la-vida\/","title":{"rendered":"Cirug\u00eda de cataratas: Una visi\u00f3n m\u00e1s clara de la vida"},"content":{"rendered":"\n<figure class=\"wp-block-image size-large\"><img loading=\"lazy\" decoding=\"async\" width=\"1024\" height=\"771\" src=\"https:\/\/catchlifeaesthetic.com\/wp-content\/uploads\/2024\/07\/cataract-1-1024x771.jpg\" alt=\"\" class=\"wp-image-9100\" srcset=\"https:\/\/catchlifeaesthetic.com\/wp-content\/uploads\/2024\/07\/cataract-1-1024x771.jpg 1024w, https:\/\/catchlifeaesthetic.com\/wp-content\/uploads\/2024\/07\/cataract-1-scaled-600x452.jpg 600w, https:\/\/catchlifeaesthetic.com\/wp-content\/uploads\/2024\/07\/cataract-1-300x226.jpg 300w, https:\/\/catchlifeaesthetic.com\/wp-content\/uploads\/2024\/07\/cataract-1-768x579.jpg 768w, https:\/\/catchlifeaesthetic.com\/wp-content\/uploads\/2024\/07\/cataract-1-1536x1157.jpg 1536w, https:\/\/catchlifeaesthetic.com\/wp-content\/uploads\/2024\/07\/cataract-1-2048x1543.jpg 2048w\" sizes=\"auto, (max-width: 1024px) 100vw, 1024px\" \/><\/figure>\n\n<p>La catarata es una afecci\u00f3n ocular frecuente en la que el cristalino del ojo se nubla, lo que provoca una disminuci\u00f3n gradual de la visi\u00f3n. Puede producirse como consecuencia del envejecimiento, la gen\u00e9tica, una lesi\u00f3n u otras afecciones m\u00e9dicas. Las cataratas pueden tratarse con cirug\u00eda para extirpar el cristalino opaco y sustituirlo por una lente artificial llamada lente intraocular (LIO).<\/p>\n\n<h3 class=\"wp-block-heading\">Beneficios de la cirug\u00eda de cataratas<\/h3>\n\n<p>La cirug\u00eda de cataratas puede tener un profundo impacto en tu visi\u00f3n y calidad de vida, entre otras cosas:<\/p>\n\n<p>&#8211; Mejora de la claridad visual y la agudeza<\/p>\n\n<p>&#8211; Aumento de la percepci\u00f3n de los colores y de la sensibilidad al contraste<\/p>\n\n<p>&#8211; Reducci\u00f3n de deslumbramientos y halos<\/p>\n\n<p>&#8211; Mayor independencia y seguridad<\/p>\n\n<p>&#8211; Mejora del bienestar general y de la calidad de vida<\/p>\n\n<h3 class=\"wp-block-heading\">Desventajas de la cirug\u00eda de cataratas<\/h3>\n\n<p>Aunque la cirug\u00eda de cataratas es un procedimiento seguro y eficaz, existen algunos riesgos y complicaciones potenciales, como:<\/p>\n\n<p>&#8211; Infecci\u00f3n o hemorragia<\/p>\n\n<p>&#8211; Hinchaz\u00f3n o inflamaci\u00f3n<\/p>\n\n<p>&#8211; Desprendimiento de retina u otros problemas de visi\u00f3n<\/p>\n\n<p>&#8211; Dislocaci\u00f3n o mal funcionamiento de la lente artificial<\/p>\n\n<p>&#8211; Glaucoma u otras enfermedades oculares<\/p>\n\n<h3 class=\"wp-block-heading\">\u00bfCu\u00e1l es la diferencia entre la cirug\u00eda de cataratas y la RLE?<\/h3>\n\n<p>La cirug\u00eda de cataratas y el intercambio de lentes refractivas (ILE) son procedimientos similares que consisten en extraer el cristalino natural del ojo y sustituirlo por una LIO. La principal diferencia entre ambas es que la cirug\u00eda de cataratas se realiza para eliminar un cristalino opaco debido a cataratas, mientras que la RLE se realiza para corregir defectos refractivos como la miop\u00eda, la hipermetrop\u00eda o la presbicia. Adem\u00e1s, la cirug\u00eda de cataratas est\u00e1 cubierta por el seguro, mientras que la RLE suele considerarse un procedimiento electivo y no est\u00e1 cubierta por el seguro.<\/p>\n\n<h3 class=\"wp-block-heading\">\u00bfCu\u00e1les son las opciones de lentes para la cirug\u00eda de cataratas?<\/h3>\n\n<p>En CatchLife Eye, ofrecemos una gama de opciones de lentes para la cirug\u00eda de cataratas, incluidas lentes monofocales, EDOF y trifocales. Las lentes monofocales proporcionan una visi\u00f3n clara a una distancia, normalmente para ver de lejos. Las lentes EDOF proporcionan un rango de visi\u00f3n clara, normalmente para visi\u00f3n lejana e intermedia. Las lentes trifocales proporcionan una visi\u00f3n clara en los rangos de lejos, intermedio y cerca, pero pueden tener m\u00e1s efectos secundarios, como halos y deslumbramientos.<\/p>\n\n<h3 class=\"wp-block-heading\">\u00bfQui\u00e9n es un buen candidato para la cirug\u00eda de cataratas?<\/h3>\n\n<p>Si tienes s\u00edntomas como visi\u00f3n nublada, borrosa o doble, dificultad para ver de noche o mayor sensibilidad a la luz, puedes ser un buen candidato para la cirug\u00eda de cataratas. Es importante que comentes tus opciones con el Dr. Selim G\u00fcldiken y consideres los posibles riesgos y beneficios antes de tomar una decisi\u00f3n.<\/p>\n\n<h3 class=\"wp-block-heading\">\u00bfQu\u00e9 esperar durante el procedimiento?<\/h3>\n\n<p>Durante la operaci\u00f3n de cataratas, se hace una peque\u00f1a incisi\u00f3n en el ojo y se extrae el cristalino opaco mediante un aparato especial de ultrasonidos. A continuaci\u00f3n, la LIO artificial se introduce en el ojo a trav\u00e9s de la misma incisi\u00f3n. La intervenci\u00f3n suele realizarse con anestesia local y dura menos de una hora.<\/p>\n\n<h3 class=\"wp-block-heading\">\u00bfQu\u00e9 esperar durante la recuperaci\u00f3n?<\/h3>\n\n<p>Despu\u00e9s de la operaci\u00f3n de cataratas, te dar\u00e1n instrucciones espec\u00edficas para tu recuperaci\u00f3n. La mayor\u00eda de los pacientes experimentan molestias m\u00ednimas y pueden reanudar sus actividades normales a los pocos d\u00edas. Es importante evitar frotar o presionar el ojo, y utilizar colirios seg\u00fan lo prescrito para prevenir la infecci\u00f3n y favorecer la curaci\u00f3n.<\/p>\n\n<h3 class=\"wp-block-heading\">\u00bfEs la cirug\u00eda de cataratas adecuada para ti?<\/h3>\n\n<p>S\u00f3lo un examen oftalmol\u00f3gico completo y una consulta con un cirujano ocular experimentado pueden determinar si la cirug\u00eda de cataratas es la mejor opci\u00f3n para ti. Si tienes s\u00edntomas de cataratas, ponte en contacto con nosotros hoy mismo para concertar una consulta con el Dr. Selim G\u00fcldiken.<\/p>\n\n<h3 class=\"wp-block-heading\">PREGUNTAS FRECUENTES<\/h3>\n\n<p><strong>\u00bfQu\u00e9 causa las cataratas?<\/strong><\/p>\n\n<p>Las cataratas suelen estar causadas por cambios en el cristalino del ojo relacionados con la edad<\/p>\n\n<p><strong>\u00bfC\u00f3mo se realiza la cirug\u00eda de cataratas?<\/strong><\/p>\n\n<p>La cirug\u00eda de cataratas suele realizarse en r\u00e9gimen ambulatorio, con anestesia local. El cirujano har\u00e1 una peque\u00f1a incisi\u00f3n en el ojo y extraer\u00e1 el cristalino opaco, para luego sustituirlo por un implante de cristalino artificial.<\/p>\n\n<p><strong>\u00bfCu\u00e1nto dura la operaci\u00f3n de cataratas?<\/strong><\/p>\n\n<p>La operaci\u00f3n de cataratas suele durar menos de 30 minutos.<\/p>\n\n<p><strong>\u00bfEs dolorosa la cirug\u00eda de cataratas?<\/strong><\/p>\n\n<p>La cirug\u00eda de cataratas suele ser indolora, ya que se realiza con anestesia local.<\/p>\n\n<p><strong>\u00bfCu\u00e1nto dura la recuperaci\u00f3n tras una operaci\u00f3n de cataratas?<\/strong><\/p>\n\n<p>La mayor\u00eda de los pacientes pueden reanudar sus actividades normales a los pocos d\u00edas de la operaci\u00f3n de cataratas, aunque el ojo puede tardar varias semanas en curarse del todo.<\/p>\n\n<p><strong>\u00bfCu\u00e1les son los riesgos de la cirug\u00eda de cataratas?  <\/strong>Como en cualquier intervenci\u00f3n quir\u00fargica, existen algunos riesgos asociados a la cirug\u00eda de cataratas, como infecci\u00f3n, hemorragia y problemas con el implante de la lente artificial.<\/p>\n\n<p><strong>\u00bfPueden reaparecer las cataratas despu\u00e9s de la cirug\u00eda?<\/strong><\/p>\n\n<p>No, una vez eliminado el cristalino opaco, no puede volver a desarrollar una catarata.<\/p>\n\n<p><strong>\u00bfSeguir\u00e9 necesitando gafas despu\u00e9s de la operaci\u00f3n de cataratas?<\/strong><\/p>\n\n<p>La mayor\u00eda de los pacientes seguir\u00e1n necesitando gafas despu\u00e9s de la operaci\u00f3n de cataratas, aunque la graduaci\u00f3n puede reducirse. Sin embargo, con la cirug\u00eda de intercambio de lentes refractivas (RLE), los pacientes pueden conseguir una visi\u00f3n m\u00e1s clara sin necesidad de gafas ni lentes de contacto. La RLE sustituye el cristalino por un implante de lentes de primera calidad que puede corregir una amplia gama de defectos refractivos, proporcionando a los pacientes una visi\u00f3n m\u00e1s clara y n\u00edtida. Tu oftalm\u00f3logo puede ayudarte a determinar qu\u00e9 procedimiento es el adecuado para ti en funci\u00f3n de tus necesidades y objetivos individuales.<\/p>\n\n<p><strong>\u00bfQu\u00e9 tipos de lentes existen para la cirug\u00eda de cataratas?<\/strong><\/p>\n\n<p>Hay varios tipos de lentes disponibles para la cirug\u00eda de cataratas, como las lentes monofocales, las multifocales y las t\u00f3ricas.<\/p>\n\n<p><strong>\u00bfPuedo elegir el tipo de lente que quiero para la cirug\u00eda de cataratas?<\/strong><\/p>\n\n<p>S\u00ed, t\u00fa y tu cirujano pod\u00e9is discutir qu\u00e9 tipo de lente es mejor para tus necesidades y preferencias individuales.<\/p>\n\n<p><strong>\u00bfCu\u00e1nto duran los efectos de la cirug\u00eda de cataratas?<\/strong><\/p>\n\n<p>Los efectos de la cirug\u00eda de cataratas pueden durar el resto de tu vida.<\/p>\n\n<p><strong>\u00bfC\u00f3mo s\u00e9 si necesito cirug\u00eda de cataratas?<\/strong><\/p>\n\n<p>Si experimentas p\u00e9rdida de visi\u00f3n u otros s\u00edntomas de cataratas, debes acudir a un oftalm\u00f3logo para que te haga una evaluaci\u00f3n.<\/p>\n\n<p><strong>\u00bfPuede realizarse la cirug\u00eda de cataratas en ambos ojos a la vez?<\/strong><\/p>\n\n<p>S\u00ed, la cirug\u00eda de cataratas puede realizarse en ambos ojos al mismo tiempo, pero en CatchLife Eye preferimos esperar un d\u00eda entre cada ojo para garantizar una seguridad y unos resultados \u00f3ptimos. Esto permite a nuestro experimentado cirujano, el Dr. Selim G\u00fcldiken, supervisar cuidadosamente tu evoluci\u00f3n y asegurarse de que cada ojo cicatriza correctamente antes de pasar al siguiente. Este enfoque ayuda a minimizar el riesgo de complicaciones y maximiza las posibilidades de \u00e9xito.<\/p>\n\n<h3 class=\"wp-block-heading\">Obt\u00e9n un presupuesto gratuito<\/h3>\n\n<p><\/p>\n\n<div\n\tclass=\"root-eb-wpforms-k43f8 wp-block-essential-blocks-wpforms\">\n\t<div class=\"eb-parent-eb-wpforms-k43f8  eb-parent-wrapper\">\n\t\t<div class=\"eb-wpforms-k43f8 eb-wpforms-wrapper\">\n\t\t\t<div class=\"wpforms-container wpforms-container-full contact-wpforms\" id=\"wpforms-939\"><form id=\"wpforms-form-939\" class=\"wpforms-validate wpforms-form wpforms-ajax-form\" data-formid=\"939\" method=\"post\" enctype=\"multipart\/form-data\" action=\"\/es\/wp-json\/wp\/v2\/pages\/9957\" data-token=\"12ed4e690626c1732d6aae65b11f8026\"><noscript class=\"wpforms-error-noscript\">Por favor, activa JavaScript en tu navegador para completar este formulario.<\/noscript><div class=\"wpforms-field-container\"><div id=\"wpforms-939-field_0-container\" class=\"wpforms-field wpforms-field-name\" data-field-id=\"0\"><label class=\"wpforms-field-label\" for=\"wpforms-939-field_0\">Full Name <span class=\"wpforms-required-label\">*<\/span><\/label><input type=\"text\" id=\"wpforms-939-field_0\" class=\"wpforms-field-large wpforms-field-required\" name=\"wpforms[fields][0]\" required><\/div><div id=\"wpforms-939-field_1-container\" class=\"wpforms-field wpforms-field-email\" data-field-id=\"1\"><label class=\"wpforms-field-label\" for=\"wpforms-939-field_1\">Email <span class=\"wpforms-required-label\">*<\/span><\/label><input type=\"email\" id=\"wpforms-939-field_1\" class=\"wpforms-field-large wpforms-field-required\" name=\"wpforms[fields][1]\" required><\/div><div id=\"wpforms-939-field_9-container\" class=\"wpforms-field wpforms-field-phone\" data-field-id=\"9\"><label class=\"wpforms-field-label\" for=\"wpforms-939-field_9\">Phone <span class=\"wpforms-required-label\">*<\/span><\/label><input type=\"tel\" id=\"wpforms-939-field_9\" class=\"wpforms-field-medium wpforms-field-required wpforms-smart-phone-field\" data-rule-smart-phone-field=\"true\" name=\"wpforms[fields][9]\" required><\/div><div id=\"wpforms-939-field_5-container\" class=\"wpforms-field wpforms-field-select wpforms-field-select-style-classic\" data-field-id=\"5\"><label class=\"wpforms-field-label\" for=\"wpforms-939-field_5\">I&#039;m Interested In <span class=\"wpforms-required-label\">*<\/span><\/label><select id=\"wpforms-939-field_5\" class=\"wpforms-field-large wpforms-field-required\" name=\"wpforms[fields][5]\" required=\"required\"><option value=\"\" class=\"placeholder\" disabled  selected='selected'>&#8211; Please select &#8211;<\/option><option value=\"Tummy Tuck\" >Tummy Tuck<\/option><option value=\"Breast Augmenttion\" >Breast Augmenttion<\/option><option value=\"Liposuction\" >Liposuction<\/option><option value=\"Face Aesthetic\" >Face Aesthetic<\/option><option value=\"Brazilian But Lift\" >Brazilian But Lift<\/option><option value=\"Rhinolasty\" >Rhinolasty<\/option><option value=\"Gastric Sleeve\" >Gastric Sleeve<\/option><option value=\"Gastric Balloon\" >Gastric Balloon<\/option><option value=\"Dental Treatment\" >Dental Treatment<\/option><option value=\"Eye Treatment\" >Eye Treatment<\/option><option value=\"Genital Aesthetic\" >Genital Aesthetic<\/option><option value=\"Other Proccedures\" >Other Proccedures<\/option><\/select><\/div><div id=\"wpforms-939-field_6-container\" class=\"wpforms-field wpforms-field-select wpforms-field-select-style-classic\" data-field-id=\"6\"><label class=\"wpforms-field-label\" for=\"wpforms-939-field_6\">Preferred Time to Contact <span class=\"wpforms-required-label\">*<\/span><\/label><select id=\"wpforms-939-field_6\" class=\"wpforms-field-large wpforms-field-required\" name=\"wpforms[fields][6]\" required=\"required\"><option value=\"\" class=\"placeholder\" disabled  selected='selected'>&#8211; Please select &#8211;<\/option><option value=\"Any Time\" >Any Time<\/option><option value=\"9 - 12 AM\" >9 &#8211; 12 AM<\/option><option value=\"12 - 3 PM\" >12 &#8211; 3 PM<\/option><option value=\"3 - 6 PM\" >3 &#8211; 6 PM<\/option><option value=\"6 - 9 PM\" >6 &#8211; 9 PM<\/option><\/select><\/div><div id=\"wpforms-939-field_10-container\" class=\"wpforms-field wpforms-field-select wpforms-field-select-style-classic\" data-field-id=\"10\"><label class=\"wpforms-field-label\" for=\"wpforms-939-field_10\">Preferred Method to Contact <span class=\"wpforms-required-label\">*<\/span><\/label><select id=\"wpforms-939-field_10\" class=\"wpforms-field-large wpforms-field-required\" name=\"wpforms[fields][10]\" required=\"required\"><option value=\"\" class=\"placeholder\" disabled  selected='selected'>&#8211; Please select &#8211;<\/option><option value=\"WhatsApp Message\" >WhatsApp Message<\/option><option value=\"WhatsApp Call\" >WhatsApp Call<\/option><option value=\"Phone Call\" >Phone Call<\/option><option value=\"Email\" >Email<\/option><\/select><\/div><div id=\"wpforms-939-field_8-container\" class=\"wpforms-field wpforms-field-checkbox newsletter-checkbox\" data-field-id=\"8\"><label class=\"wpforms-field-label wpforms-label-hide\" for=\"wpforms-939-field_8\">Checkboxes<\/label><ul id=\"wpforms-939-field_8\"><li class=\"choice-1 depth-1\"><input type=\"checkbox\" id=\"wpforms-939-field_8_1\" name=\"wpforms[fields][8][]\" value=\"Newsletter Signup\"  ><label class=\"wpforms-field-label-inline\" for=\"wpforms-939-field_8_1\">Newsletter Signup<\/label><\/li><\/ul><\/div><div id=\"wpforms-939-field_11-container\" class=\"wpforms-field wpforms-field-hidden\" data-field-id=\"11\"><input type=\"hidden\" id=\"wpforms-939-field_11\" name=\"wpforms[fields][11]\"><\/div><\/div><div class=\"wpforms-submit-container\"><input type=\"hidden\" name=\"wpforms[id]\" value=\"939\"><input type=\"hidden\" name=\"wpforms[author]\" value=\"1\"><button type=\"submit\" name=\"wpforms[submit]\" id=\"wpforms-submit-939\" class=\"wpforms-submit contact-wpforms-button\" aria-live=\"assertive\" value=\"wpforms-submit\">Send Form<\/button><img loading=\"lazy\" decoding=\"async\" src=\"https:\/\/catchlifeaesthetic.com\/wp-content\/plugins\/wpforms\/assets\/images\/submit-spin.svg\" class=\"wpforms-submit-spinner\" style=\"display: none;\" width=\"26\" height=\"26\" alt=\"Cargando\"><\/div><\/form><\/div>  <!-- .wpforms-container -->\t\t<\/div>\n\t<\/div>\n<\/div>\n","protected":false},"excerpt":{"rendered":"<p>La catarata es una afecci\u00f3n ocular frecuente en la que el cristalino del ojo se nubla, lo que provoca una disminuci\u00f3n gradual de la visi\u00f3n. Puede producirse como consecuencia del envejecimiento, la gen\u00e9tica, una lesi\u00f3n u otras afecciones m\u00e9dicas. Las cataratas pueden tratarse con cirug\u00eda para extirpar el cristalino opaco y sustituirlo por una lente [&hellip;]<\/p>\n","protected":false},"author":1,"featured_media":0,"parent":9861,"menu_order":0,"comment_status":"closed","ping_status":"closed","template":"","meta":{"_eb_attr":"","_uag_custom_page_level_css":"","_monsterinsights_skip_tracking":false,"_monsterinsights_sitenote_active":false,"_monsterinsights_sitenote_note":"","_monsterinsights_sitenote_category":0,"site-sidebar-layout":"default","site-content-layout":"","ast-site-content-layout":"default","site-content-style":"default","site-sidebar-style":"default","ast-global-header-display":"","ast-banner-title-visibility":"","ast-main-header-display":"","ast-hfb-above-header-display":"","ast-hfb-below-header-display":"","ast-hfb-mobile-header-display":"","site-post-title":"","ast-breadcrumbs-content":"","ast-featured-img":"","footer-sml-layout":"","theme-transparent-header-meta":"","adv-header-id-meta":"","stick-header-meta":"","header-above-stick-meta":"","header-main-stick-meta":"","header-below-stick-meta":"","astra-migrate-meta-layouts":"default","ast-page-background-enabled":"default","ast-page-background-meta":{"desktop":{"background-color":"var(--ast-global-color-4)","background-image":"","background-repeat":"repeat","background-position":"center center","background-size":"auto","background-attachment":"scroll","background-type":"","background-media":"","overlay-type":"","overlay-color":"","overlay-opacity":"","overlay-gradient":""},"tablet":{"background-color":"","background-image":"","background-repeat":"repeat","background-position":"center center","background-size":"auto","background-attachment":"scroll","background-type":"","background-media":"","overlay-type":"","overlay-color":"","overlay-opacity":"","overlay-gradient":""},"mobile":{"background-color":"","background-image":"","background-repeat":"repeat","background-position":"center center","background-size":"auto","background-attachment":"scroll","background-type":"","background-media":"","overlay-type":"","overlay-color":"","overlay-opacity":"","overlay-gradient":""}},"ast-content-background-meta":{"desktop":{"background-color":"var(--ast-global-color-5)","background-image":"","background-repeat":"repeat","background-position":"center center","background-size":"auto","background-attachment":"scroll","background-type":"","background-media":"","overlay-type":"","overlay-color":"","overlay-opacity":"","overlay-gradient":""},"tablet":{"background-color":"var(--ast-global-color-5)","background-image":"","background-repeat":"repeat","background-position":"center center","background-size":"auto","background-attachment":"scroll","background-type":"","background-media":"","overlay-type":"","overlay-color":"","overlay-opacity":"","overlay-gradient":""},"mobile":{"background-color":"var(--ast-global-color-5)","background-image":"","background-repeat":"repeat","background-position":"center center","background-size":"auto","background-attachment":"scroll","background-type":"","background-media":"","overlay-type":"","overlay-color":"","overlay-opacity":"","overlay-gradient":""}},"footnotes":""},"class_list":["post-9957","page","type-page","status-publish","hentry"],"uagb_featured_image_src":{"full":false,"thumbnail":false,"medium":false,"medium_large":false,"large":false,"1536x1536":false,"2048x2048":false,"woocommerce_thumbnail":false,"woocommerce_single":false,"woocommerce_gallery_thumbnail":false},"uagb_author_info":{"display_name":"Catchlife Aesthetic","author_link":"https:\/\/catchlifeaesthetic.com\/es\/author\/admincatchlife-com-tr\/"},"uagb_comment_info":0,"uagb_excerpt":"La catarata es una afecci\u00f3n ocular frecuente en la que el cristalino del ojo se nubla, lo que provoca una disminuci\u00f3n gradual de la visi\u00f3n. Puede producirse como consecuencia del envejecimiento, la gen\u00e9tica, una lesi\u00f3n u otras afecciones m\u00e9dicas. Las cataratas pueden tratarse con cirug\u00eda para extirpar el cristalino opaco y sustituirlo por una lente&hellip;","_links":{"self":[{"href":"https:\/\/catchlifeaesthetic.com\/es\/wp-json\/wp\/v2\/pages\/9957","targetHints":{"allow":["GET"]}}],"collection":[{"href":"https:\/\/catchlifeaesthetic.com\/es\/wp-json\/wp\/v2\/pages"}],"about":[{"href":"https:\/\/catchlifeaesthetic.com\/es\/wp-json\/wp\/v2\/types\/page"}],"author":[{"embeddable":true,"href":"https:\/\/catchlifeaesthetic.com\/es\/wp-json\/wp\/v2\/users\/1"}],"replies":[{"embeddable":true,"href":"https:\/\/catchlifeaesthetic.com\/es\/wp-json\/wp\/v2\/comments?post=9957"}],"version-history":[{"count":1,"href":"https:\/\/catchlifeaesthetic.com\/es\/wp-json\/wp\/v2\/pages\/9957\/revisions"}],"predecessor-version":[{"id":9973,"href":"https:\/\/catchlifeaesthetic.com\/es\/wp-json\/wp\/v2\/pages\/9957\/revisions\/9973"}],"up":[{"embeddable":true,"href":"https:\/\/catchlifeaesthetic.com\/es\/wp-json\/wp\/v2\/pages\/9861"}],"wp:attachment":[{"href":"https:\/\/catchlifeaesthetic.com\/es\/wp-json\/wp\/v2\/media?parent=9957"}],"curies":[{"name":"wp","href":"https:\/\/api.w.org\/{rel}","templated":true}]}}