{"id":9959,"date":"2024-07-11T10:29:41","date_gmt":"2024-07-11T10:29:41","guid":{"rendered":"https:\/\/catchlifeaesthetic.com\/tratamiento-ocular-turquia\/cirugia-de-los-parpados-superiores-como-recuperar-la-vision-y-la-confianza\/"},"modified":"2024-07-16T11:39:37","modified_gmt":"2024-07-16T11:39:37","slug":"cirugia-de-los-parpados-superiores-como-recuperar-la-vision-y-la-confianza","status":"publish","type":"page","link":"https:\/\/catchlifeaesthetic.com\/es\/tratamiento-ocular-turquia\/cirugia-de-los-parpados-superiores-como-recuperar-la-vision-y-la-confianza\/","title":{"rendered":"Cirug\u00eda de los p\u00e1rpados superiores: C\u00f3mo recuperar la visi\u00f3n y la confianza"},"content":{"rendered":"\n<figure class=\"wp-block-image size-large\"><img loading=\"lazy\" decoding=\"async\" width=\"1024\" height=\"683\" src=\"https:\/\/catchlifeaesthetic.com\/wp-content\/uploads\/2024\/07\/uppereyelid-1024x683.jpg\" alt=\"\" class=\"wp-image-9114\" srcset=\"https:\/\/catchlifeaesthetic.com\/wp-content\/uploads\/2024\/07\/uppereyelid-1024x683.jpg 1024w, https:\/\/catchlifeaesthetic.com\/wp-content\/uploads\/2024\/07\/uppereyelid-scaled-600x400.jpg 600w, https:\/\/catchlifeaesthetic.com\/wp-content\/uploads\/2024\/07\/uppereyelid-300x200.jpg 300w, https:\/\/catchlifeaesthetic.com\/wp-content\/uploads\/2024\/07\/uppereyelid-768x512.jpg 768w, https:\/\/catchlifeaesthetic.com\/wp-content\/uploads\/2024\/07\/uppereyelid-1536x1024.jpg 1536w, https:\/\/catchlifeaesthetic.com\/wp-content\/uploads\/2024\/07\/uppereyelid-2048x1365.jpg 2048w\" sizes=\"auto, (max-width: 1024px) 100vw, 1024px\" \/><\/figure>\n\n<p>Si la flacidez o ca\u00edda de los p\u00e1rpados superiores afecta a tu visi\u00f3n o te hace parecer cansada y mayor de lo que te sientes, la cirug\u00eda de p\u00e1rpados superiores puede ser la soluci\u00f3n que estabas buscando. En CatchLife Eye, ofrecemos un procedimiento de cirug\u00eda de p\u00e1rpados seguro y eficaz que puede devolverte la visi\u00f3n y la confianza.<\/p>\n\n<h3 class=\"wp-block-heading\">\u00bfQu\u00e9 es la cirug\u00eda de p\u00e1rpados superiores?<\/h3>\n\n<p>La cirug\u00eda del p\u00e1rpado superior, tambi\u00e9n conocida como blefaroplastia, es un procedimiento de cirug\u00eda est\u00e9tica que elimina el exceso de piel y grasa del p\u00e1rpado superior para mejorar su aspecto y funci\u00f3n. Este procedimiento puede corregir los problemas de visi\u00f3n causados por los p\u00e1rpados ca\u00eddos o descolgados, as\u00ed como mejorar el aspecto est\u00e9tico de los ojos.<\/p>\n\n<h3 class=\"wp-block-heading\">Beneficios de la cirug\u00eda de p\u00e1rpados superiores<\/h3>\n\n<p>&#8211; Mejora de la visi\u00f3n al eliminar el exceso de piel que puede perjudicar la visi\u00f3n<\/p>\n\n<p>&#8211; Mejora el aspecto de los ojos y la cara<\/p>\n\n<p>&#8211; Mayor confianza en ti mismo<\/p>\n\n<p>&#8211; Corto tiempo de recuperaci\u00f3n<\/p>\n\n<h3 class=\"wp-block-heading\">Desventajas de la cirug\u00eda de p\u00e1rpados superiores:<\/h3>\n\n<p>&#8211; Posibles complicaciones como infecci\u00f3n, hemorragia o cicatrices<\/p>\n\n<p>&#8211; Hinchaz\u00f3n y hematomas temporales<\/p>\n\n<p>&#8211; Sequedad e irritaci\u00f3n temporal de los ojos<\/p>\n\n<h3 class=\"wp-block-heading\">\u00bfQui\u00e9n es un buen candidato para la cirug\u00eda de p\u00e1rpados superiores?<\/h3>\n\n<p>Un buen candidato para la cirug\u00eda de p\u00e1rpados superiores es alguien que goza de buena salud general y tiene problemas de visi\u00f3n o est\u00e1 insatisfecho con el aspecto de sus p\u00e1rpados superiores. Durante la consulta con nuestro experimentado oftalm\u00f3logo, el Dr. Selim G\u00fcldiken, evaluar\u00e1 tus ojos y tu historial m\u00e9dico para determinar si eres un buen candidato para la cirug\u00eda de p\u00e1rpados superiores.<\/p>\n\n<h3 class=\"wp-block-heading\">Qu\u00e9 esperar durante el procedimiento<\/h3>\n\n<p>La cirug\u00eda del p\u00e1rpado superior se realiza de forma ambulatoria y con anestesia local. El Dr. Selim G\u00fcldiken har\u00e1 una peque\u00f1a incisi\u00f3n a lo largo del pliegue natural del p\u00e1rpado superior y eliminar\u00e1 el exceso de piel y grasa. Despu\u00e9s se cierra la incisi\u00f3n con peque\u00f1os puntos. El procedimiento suele durar aproximadamente una hora.<\/p>\n\n<h3 class=\"wp-block-heading\">\u00bfQu\u00e9 esperar durante la recuperaci\u00f3n?<\/h3>\n\n<p>Despu\u00e9s de la intervenci\u00f3n, puedes experimentar algunas molestias leves, hinchaz\u00f3n y hematomas alrededor de los ojos. Te dar\u00e1n instrucciones sobre c\u00f3mo cuidar tus ojos y controlar cualquier molestia. La mayor\u00eda de los pacientes pueden volver al trabajo y a otras actividades normales en una semana.<\/p>\n\n<h3 class=\"wp-block-heading\">\u00bfLa cirug\u00eda del p\u00e1rpado superior es adecuada para ti?<\/h3>\n\n<p>Si los p\u00e1rpados superiores ca\u00eddos o descolgados afectan a tu visi\u00f3n o te hacen sentir cohibida, la cirug\u00eda de p\u00e1rpados superiores puede ser la opci\u00f3n adecuada para ti. Sin embargo, es importante que comentes tus opciones con el Dr. Selim G\u00fcldiken y consideres los posibles riesgos y beneficios antes de tomar una decisi\u00f3n. Durante la consulta, evaluar\u00e1 tus ojos y tu historial m\u00e9dico para determinar si la cirug\u00eda de p\u00e1rpados superiores es la mejor opci\u00f3n para tus necesidades y objetivos \u00fanicos.<\/p>\n\n<h3 class=\"wp-block-heading\">PREGUNTAS FRECUENTES<\/h3>\n\n<p><strong>\u00bfCu\u00e1l es el tiempo de recuperaci\u00f3n de la cirug\u00eda de p\u00e1rpados superiores?<\/strong><\/p>\n\n<p>El tiempo de recuperaci\u00f3n de la cirug\u00eda de p\u00e1rpados superiores var\u00eda seg\u00fan cada paciente, pero normalmente se tarda entre 1 y 2 semanas en curar completamente. Durante este tiempo, los pacientes pueden experimentar hinchaz\u00f3n y hematomas alrededor de los ojos.<\/p>\n\n<p><strong>\u00bfMejorar\u00e1 mi visi\u00f3n tras la cirug\u00eda de p\u00e1rpados superiores?<\/strong><\/p>\n\n<p>La cirug\u00eda del p\u00e1rpado superior a veces puede mejorar la visi\u00f3n si la piel fl\u00e1cida obstru\u00eda tu campo visual.<\/p>\n\n<p><strong>\u00bfExisten riesgos o complicaciones asociados a la cirug\u00eda de p\u00e1rpados superiores?<\/strong><\/p>\n\n<p>Como cualquier intervenci\u00f3n quir\u00fargica, la cirug\u00eda de p\u00e1rpados superiores conlleva algunos riesgos, como infecci\u00f3n, hemorragia y reacci\u00f3n adversa a la anestesia. Es importante que hables de estos riesgos con tu cirujano antes de la intervenci\u00f3n.<\/p>\n\n<p><strong>\u00bfCu\u00e1nto duran los resultados de la cirug\u00eda de p\u00e1rpados superiores?<\/strong><\/p>\n\n<p>Los resultados de la cirug\u00eda de p\u00e1rpados superiores suelen ser duraderos, pero pueden verse influidos por diversos factores, como la edad, la gen\u00e9tica y el estilo de vida.<\/p>\n\n<p><strong>\u00bfTendr\u00e9 cicatrices visibles despu\u00e9s de la cirug\u00eda de p\u00e1rpados superiores?<\/strong><\/p>\n\n<p>Las incisiones realizadas durante la cirug\u00eda de p\u00e1rpados superiores suelen quedar bien ocultas dentro de los pliegues naturales del p\u00e1rpado y no deber\u00edan notarse una vez completamente curadas.<\/p>\n\n<p><strong>\u00bfCu\u00e1ndo puedo reanudar las actividades normales tras la cirug\u00eda de p\u00e1rpados superiores?<\/strong><\/p>\n\n<p>Normalmente, los pacientes pueden reanudar sus actividades normales, como conducir y hacer ejercicio ligero, entre unos d\u00edas y una semana despu\u00e9s de la intervenci\u00f3n. Sin embargo, es importante evitar las actividades extenuantes y levantar objetos pesados durante varias semanas.<\/p>\n\n<p><strong>\u00bfEs dolorosa la cirug\u00eda de p\u00e1rpados superiores?<\/strong><\/p>\n\n<p>La cirug\u00eda del p\u00e1rpado superior suele realizarse con anestesia local, por lo que los pacientes no deben sentir dolor durante la intervenci\u00f3n. Sin embargo, pueden experimentarse algunas molestias y dolor leve durante el periodo de recuperaci\u00f3n.<\/p>\n\n<p><strong>\u00bfLa cirug\u00eda del p\u00e1rpado superior puede corregir las cejas ca\u00eddas o descolgadas?<\/strong><\/p>\n\n<p>La cirug\u00eda de p\u00e1rpados superiores est\u00e1 dise\u00f1ada para eliminar el exceso de piel de los p\u00e1rpados superiores, y no puede tratar las cejas ca\u00eddas o descolgadas. En este caso puede ser m\u00e1s adecuado un lifting de cejas.<\/p>\n\n<p><strong>\u00bfC\u00f3mo me preparo para la cirug\u00eda de p\u00e1rpados superiores?<\/strong><\/p>\n\n<p>El cirujano te dar\u00e1 instrucciones espec\u00edficas sobre c\u00f3mo prepararte para la intervenci\u00f3n, que pueden incluir evitar ciertos medicamentos, dejar de fumar y disponer que alguien te lleve a casa despu\u00e9s de la intervenci\u00f3n.<\/p>\n\n<p><strong>\u00bfPuedo llevar lentillas despu\u00e9s de la cirug\u00eda de p\u00e1rpados superiores?<\/strong><\/p>\n\n<p>Normalmente se recomienda evitar el uso de lentes de contacto durante la primera semana despu\u00e9s de la intervenci\u00f3n, para permitir la correcta cicatrizaci\u00f3n de los ojos.<\/p>\n\n<p><strong>\u00bfCu\u00e1nto dura la cirug\u00eda de p\u00e1rpados superiores?<\/strong><\/p>\n\n<p>La duraci\u00f3n de la intervenci\u00f3n puede variar en funci\u00f3n del alcance de la cirug\u00eda, pero suele durar entre 1 y 2 horas.<\/p>\n\n<p><strong>\u00bfCu\u00e1nto dura la hinchaz\u00f3n tras la cirug\u00eda de p\u00e1rpados superiores?<\/strong><\/p>\n\n<p>La hinchaz\u00f3n alrededor de los ojos puede durar varias semanas tras la cirug\u00eda de p\u00e1rpados superiores, pero deber\u00eda mejorar gradualmente con el tiempo.<\/p>\n\n<h3 class=\"wp-block-heading\">Obt\u00e9n un presupuesto gratuito<\/h3>\n\n<p><\/p>\n\n<div\n\tclass=\"root-eb-wpforms-k43f8 wp-block-essential-blocks-wpforms\">\n\t<div class=\"eb-parent-eb-wpforms-k43f8  eb-parent-wrapper\">\n\t\t<div class=\"eb-wpforms-k43f8 eb-wpforms-wrapper\">\n\t\t\t<div class=\"wpforms-container wpforms-container-full contact-wpforms\" id=\"wpforms-939\"><form id=\"wpforms-form-939\" class=\"wpforms-validate wpforms-form wpforms-ajax-form\" data-formid=\"939\" method=\"post\" enctype=\"multipart\/form-data\" action=\"\/es\/wp-json\/wp\/v2\/pages\/9959\" data-token=\"35dd3b75201ebc86f9b935ee8b9d84e9\"><noscript class=\"wpforms-error-noscript\">Por favor, activa JavaScript en tu navegador para completar este formulario.<\/noscript><div class=\"wpforms-field-container\"><div id=\"wpforms-939-field_0-container\" class=\"wpforms-field wpforms-field-name\" data-field-id=\"0\"><label class=\"wpforms-field-label\" for=\"wpforms-939-field_0\">Full Name <span class=\"wpforms-required-label\">*<\/span><\/label><input type=\"text\" id=\"wpforms-939-field_0\" class=\"wpforms-field-large wpforms-field-required\" name=\"wpforms[fields][0]\" required><\/div><div id=\"wpforms-939-field_1-container\" class=\"wpforms-field wpforms-field-email\" data-field-id=\"1\"><label class=\"wpforms-field-label\" for=\"wpforms-939-field_1\">Email <span class=\"wpforms-required-label\">*<\/span><\/label><input type=\"email\" id=\"wpforms-939-field_1\" class=\"wpforms-field-large wpforms-field-required\" name=\"wpforms[fields][1]\" required><\/div><div id=\"wpforms-939-field_9-container\" class=\"wpforms-field wpforms-field-phone\" data-field-id=\"9\"><label class=\"wpforms-field-label\" for=\"wpforms-939-field_9\">Phone <span class=\"wpforms-required-label\">*<\/span><\/label><input type=\"tel\" id=\"wpforms-939-field_9\" class=\"wpforms-field-medium wpforms-field-required wpforms-smart-phone-field\" data-rule-smart-phone-field=\"true\" name=\"wpforms[fields][9]\" required><\/div><div id=\"wpforms-939-field_5-container\" class=\"wpforms-field wpforms-field-select wpforms-field-select-style-classic\" data-field-id=\"5\"><label class=\"wpforms-field-label\" for=\"wpforms-939-field_5\">I&#039;m Interested In <span class=\"wpforms-required-label\">*<\/span><\/label><select id=\"wpforms-939-field_5\" class=\"wpforms-field-large wpforms-field-required\" name=\"wpforms[fields][5]\" required=\"required\"><option value=\"\" class=\"placeholder\" disabled  selected='selected'>&#8211; Please select &#8211;<\/option><option value=\"Tummy Tuck\" >Tummy Tuck<\/option><option value=\"Breast Augmenttion\" >Breast Augmenttion<\/option><option value=\"Liposuction\" >Liposuction<\/option><option value=\"Face Aesthetic\" >Face Aesthetic<\/option><option value=\"Brazilian But Lift\" >Brazilian But Lift<\/option><option value=\"Rhinolasty\" >Rhinolasty<\/option><option value=\"Gastric Sleeve\" >Gastric Sleeve<\/option><option value=\"Gastric Balloon\" >Gastric Balloon<\/option><option value=\"Dental Treatment\" >Dental Treatment<\/option><option value=\"Eye Treatment\" >Eye Treatment<\/option><option value=\"Genital Aesthetic\" >Genital Aesthetic<\/option><option value=\"Other Proccedures\" >Other Proccedures<\/option><\/select><\/div><div id=\"wpforms-939-field_6-container\" class=\"wpforms-field wpforms-field-select wpforms-field-select-style-classic\" data-field-id=\"6\"><label class=\"wpforms-field-label\" for=\"wpforms-939-field_6\">Preferred Time to Contact <span class=\"wpforms-required-label\">*<\/span><\/label><select id=\"wpforms-939-field_6\" class=\"wpforms-field-large wpforms-field-required\" name=\"wpforms[fields][6]\" required=\"required\"><option value=\"\" class=\"placeholder\" disabled  selected='selected'>&#8211; Please select &#8211;<\/option><option value=\"Any Time\" >Any Time<\/option><option value=\"9 - 12 AM\" >9 &#8211; 12 AM<\/option><option value=\"12 - 3 PM\" >12 &#8211; 3 PM<\/option><option value=\"3 - 6 PM\" >3 &#8211; 6 PM<\/option><option value=\"6 - 9 PM\" >6 &#8211; 9 PM<\/option><\/select><\/div><div id=\"wpforms-939-field_10-container\" class=\"wpforms-field wpforms-field-select wpforms-field-select-style-classic\" data-field-id=\"10\"><label class=\"wpforms-field-label\" for=\"wpforms-939-field_10\">Preferred Method to Contact <span class=\"wpforms-required-label\">*<\/span><\/label><select id=\"wpforms-939-field_10\" class=\"wpforms-field-large wpforms-field-required\" name=\"wpforms[fields][10]\" required=\"required\"><option value=\"\" class=\"placeholder\" disabled  selected='selected'>&#8211; Please select &#8211;<\/option><option value=\"WhatsApp Message\" >WhatsApp Message<\/option><option value=\"WhatsApp Call\" >WhatsApp Call<\/option><option value=\"Phone Call\" >Phone Call<\/option><option value=\"Email\" >Email<\/option><\/select><\/div><div id=\"wpforms-939-field_8-container\" class=\"wpforms-field wpforms-field-checkbox newsletter-checkbox\" data-field-id=\"8\"><label class=\"wpforms-field-label wpforms-label-hide\" for=\"wpforms-939-field_8\">Checkboxes<\/label><ul id=\"wpforms-939-field_8\"><li class=\"choice-1 depth-1\"><input type=\"checkbox\" id=\"wpforms-939-field_8_1\" name=\"wpforms[fields][8][]\" value=\"Newsletter Signup\"  ><label class=\"wpforms-field-label-inline\" for=\"wpforms-939-field_8_1\">Newsletter Signup<\/label><\/li><\/ul><\/div><div id=\"wpforms-939-field_11-container\" class=\"wpforms-field wpforms-field-hidden\" data-field-id=\"11\"><input type=\"hidden\" id=\"wpforms-939-field_11\" name=\"wpforms[fields][11]\"><\/div><\/div><div class=\"wpforms-submit-container\"><input type=\"hidden\" name=\"wpforms[id]\" value=\"939\"><input type=\"hidden\" name=\"wpforms[author]\" value=\"1\"><button type=\"submit\" name=\"wpforms[submit]\" id=\"wpforms-submit-939\" class=\"wpforms-submit contact-wpforms-button\" aria-live=\"assertive\" value=\"wpforms-submit\">Send Form<\/button><img loading=\"lazy\" decoding=\"async\" src=\"https:\/\/catchlifeaesthetic.com\/wp-content\/plugins\/wpforms\/assets\/images\/submit-spin.svg\" class=\"wpforms-submit-spinner\" style=\"display: none;\" width=\"26\" height=\"26\" alt=\"Cargando\"><\/div><\/form><\/div>  <!-- .wpforms-container -->\t\t<\/div>\n\t<\/div>\n<\/div>\n","protected":false},"excerpt":{"rendered":"<p>Si la flacidez o ca\u00edda de los p\u00e1rpados superiores afecta a tu visi\u00f3n o te hace parecer cansada y mayor de lo que te sientes, la cirug\u00eda de p\u00e1rpados superiores puede ser la soluci\u00f3n que estabas buscando. En CatchLife Eye, ofrecemos un procedimiento de cirug\u00eda de p\u00e1rpados seguro y eficaz que puede devolverte la visi\u00f3n [&hellip;]<\/p>\n","protected":false},"author":1,"featured_media":0,"parent":9861,"menu_order":0,"comment_status":"closed","ping_status":"closed","template":"","meta":{"_eb_attr":"","_uag_custom_page_level_css":"","_monsterinsights_skip_tracking":false,"_monsterinsights_sitenote_active":false,"_monsterinsights_sitenote_note":"","_monsterinsights_sitenote_category":0,"site-sidebar-layout":"default","site-content-layout":"","ast-site-content-layout":"default","site-content-style":"default","site-sidebar-style":"default","ast-global-header-display":"","ast-banner-title-visibility":"","ast-main-header-display":"","ast-hfb-above-header-display":"","ast-hfb-below-header-display":"","ast-hfb-mobile-header-display":"","site-post-title":"","ast-breadcrumbs-content":"","ast-featured-img":"","footer-sml-layout":"","theme-transparent-header-meta":"","adv-header-id-meta":"","stick-header-meta":"","header-above-stick-meta":"","header-main-stick-meta":"","header-below-stick-meta":"","astra-migrate-meta-layouts":"default","ast-page-background-enabled":"default","ast-page-background-meta":{"desktop":{"background-color":"var(--ast-global-color-4)","background-image":"","background-repeat":"repeat","background-position":"center center","background-size":"auto","background-attachment":"scroll","background-type":"","background-media":"","overlay-type":"","overlay-color":"","overlay-opacity":"","overlay-gradient":""},"tablet":{"background-color":"","background-image":"","background-repeat":"repeat","background-position":"center center","background-size":"auto","background-attachment":"scroll","background-type":"","background-media":"","overlay-type":"","overlay-color":"","overlay-opacity":"","overlay-gradient":""},"mobile":{"background-color":"","background-image":"","background-repeat":"repeat","background-position":"center center","background-size":"auto","background-attachment":"scroll","background-type":"","background-media":"","overlay-type":"","overlay-color":"","overlay-opacity":"","overlay-gradient":""}},"ast-content-background-meta":{"desktop":{"background-color":"var(--ast-global-color-5)","background-image":"","background-repeat":"repeat","background-position":"center center","background-size":"auto","background-attachment":"scroll","background-type":"","background-media":"","overlay-type":"","overlay-color":"","overlay-opacity":"","overlay-gradient":""},"tablet":{"background-color":"var(--ast-global-color-5)","background-image":"","background-repeat":"repeat","background-position":"center center","background-size":"auto","background-attachment":"scroll","background-type":"","background-media":"","overlay-type":"","overlay-color":"","overlay-opacity":"","overlay-gradient":""},"mobile":{"background-color":"var(--ast-global-color-5)","background-image":"","background-repeat":"repeat","background-position":"center center","background-size":"auto","background-attachment":"scroll","background-type":"","background-media":"","overlay-type":"","overlay-color":"","overlay-opacity":"","overlay-gradient":""}},"footnotes":""},"class_list":["post-9959","page","type-page","status-publish","hentry"],"uagb_featured_image_src":{"full":false,"thumbnail":false,"medium":false,"medium_large":false,"large":false,"1536x1536":false,"2048x2048":false,"woocommerce_thumbnail":false,"woocommerce_single":false,"woocommerce_gallery_thumbnail":false},"uagb_author_info":{"display_name":"Catchlife Aesthetic","author_link":"https:\/\/catchlifeaesthetic.com\/es\/author\/admincatchlife-com-tr\/"},"uagb_comment_info":0,"uagb_excerpt":"Si la flacidez o ca\u00edda de los p\u00e1rpados superiores afecta a tu visi\u00f3n o te hace parecer cansada y mayor de lo que te sientes, la cirug\u00eda de p\u00e1rpados superiores puede ser la soluci\u00f3n que estabas buscando. En CatchLife Eye, ofrecemos un procedimiento de cirug\u00eda de p\u00e1rpados seguro y eficaz que puede devolverte la visi\u00f3n&hellip;","_links":{"self":[{"href":"https:\/\/catchlifeaesthetic.com\/es\/wp-json\/wp\/v2\/pages\/9959","targetHints":{"allow":["GET"]}}],"collection":[{"href":"https:\/\/catchlifeaesthetic.com\/es\/wp-json\/wp\/v2\/pages"}],"about":[{"href":"https:\/\/catchlifeaesthetic.com\/es\/wp-json\/wp\/v2\/types\/page"}],"author":[{"embeddable":true,"href":"https:\/\/catchlifeaesthetic.com\/es\/wp-json\/wp\/v2\/users\/1"}],"replies":[{"embeddable":true,"href":"https:\/\/catchlifeaesthetic.com\/es\/wp-json\/wp\/v2\/comments?post=9959"}],"version-history":[{"count":1,"href":"https:\/\/catchlifeaesthetic.com\/es\/wp-json\/wp\/v2\/pages\/9959\/revisions"}],"predecessor-version":[{"id":9972,"href":"https:\/\/catchlifeaesthetic.com\/es\/wp-json\/wp\/v2\/pages\/9959\/revisions\/9972"}],"up":[{"embeddable":true,"href":"https:\/\/catchlifeaesthetic.com\/es\/wp-json\/wp\/v2\/pages\/9861"}],"wp:attachment":[{"href":"https:\/\/catchlifeaesthetic.com\/es\/wp-json\/wp\/v2\/media?parent=9959"}],"curies":[{"name":"wp","href":"https:\/\/api.w.org\/{rel}","templated":true}]}}