{"id":9964,"date":"2024-07-11T10:26:37","date_gmt":"2024-07-11T10:26:37","guid":{"rendered":"https:\/\/catchlifeaesthetic.com\/tratamiento-ocular-turquia\/cirugia-del-estrabismo-restablecer-la-alineacion-de-tus-ojos\/"},"modified":"2024-07-16T11:39:39","modified_gmt":"2024-07-16T11:39:39","slug":"cirugia-del-estrabismo-restablecer-la-alineacion-de-tus-ojos","status":"publish","type":"page","link":"https:\/\/catchlifeaesthetic.com\/es\/tratamiento-ocular-turquia\/cirugia-del-estrabismo-restablecer-la-alineacion-de-tus-ojos\/","title":{"rendered":"Cirug\u00eda del estrabismo: Restablecer la alineaci\u00f3n de tus ojos"},"content":{"rendered":"\n<figure class=\"wp-block-image size-large\"><img loading=\"lazy\" decoding=\"async\" width=\"1024\" height=\"415\" src=\"https:\/\/catchlifeaesthetic.com\/wp-content\/uploads\/2024\/07\/strabismus-1024x415.png\" alt=\"\" class=\"wp-image-9108\" srcset=\"https:\/\/catchlifeaesthetic.com\/wp-content\/uploads\/2024\/07\/strabismus-1024x415.png 1024w, https:\/\/catchlifeaesthetic.com\/wp-content\/uploads\/2024\/07\/strabismus-600x243.png 600w, https:\/\/catchlifeaesthetic.com\/wp-content\/uploads\/2024\/07\/strabismus-300x122.png 300w, https:\/\/catchlifeaesthetic.com\/wp-content\/uploads\/2024\/07\/strabismus-768x311.png 768w, https:\/\/catchlifeaesthetic.com\/wp-content\/uploads\/2024\/07\/strabismus.png 1032w\" sizes=\"auto, (max-width: 1024px) 100vw, 1024px\" \/><\/figure>\n\n<p>El estrabismo, com\u00fanmente conocido como ojos bizcos u ojos desviados, es una afecci\u00f3n que afecta a la alineaci\u00f3n de los ojos y puede provocar visi\u00f3n doble, mala percepci\u00f3n de la profundidad y fatiga ocular. En CatchLife, con nuestro experimentado oftalm\u00f3logo, el Dr. Selim G\u00fcldiken, la cirug\u00eda del estrabismo es una opci\u00f3n de tratamiento segura y eficaz que puede restablecer la alineaci\u00f3n adecuada de tus ojos, mejorando tu calidad de vida.<\/p>\n\n<h3 class=\"wp-block-heading\">\u00bfQu\u00e9 es la cirug\u00eda del estrabismo?<\/h3>\n\n<p>La cirug\u00eda del estrabismo es un procedimiento que consiste en ajustar la posici\u00f3n de los m\u00fasculos oculares para corregir la desalineaci\u00f3n de los ojos. El objetivo de la cirug\u00eda es mejorar la alineaci\u00f3n ocular, reducir la visi\u00f3n doble y mejorar la percepci\u00f3n de la profundidad. La intervenci\u00f3n suele durar 1-2 horas y se realiza de forma ambulatoria, bajo anestesia general.<\/p>\n\n<h3 class=\"wp-block-heading\">Beneficios de la cirug\u00eda del estrabismo<\/h3>\n\n<p>La cirug\u00eda del estrabismo puede ofrecer varias ventajas, entre ellas<\/p>\n\n<p>&#8211; Mejora la alineaci\u00f3n y el aspecto de los ojos<\/p>\n\n<p>&#8211; Mayor percepci\u00f3n de la profundidad<\/p>\n\n<p>&#8211; Mejora del trabajo en equipo y la coordinaci\u00f3n ocular<\/p>\n\n<p>&#8211; Reducci\u00f3n o eliminaci\u00f3n de la visi\u00f3n doble<\/p>\n\n<p>&#8211; Mejora de la calidad de vida<\/p>\n\n<h3 class=\"wp-block-heading\">Desventajas de la cirug\u00eda del estrabismo<\/h3>\n\n<p>Como todas las intervenciones quir\u00fargicas, la cirug\u00eda del estrabismo conlleva algunos riesgos, entre ellos:<\/p>\n\n<p>&#8211; Infecci\u00f3n<\/p>\n\n<p>&#8211; Hemorragia<\/p>\n\n<p>&#8211; Reacci\u00f3n a la anestesia<\/p>\n\n<p>&#8211; Sobrecorrecci\u00f3n o subcorrecci\u00f3n de la alineaci\u00f3n ocular<\/p>\n\n<p>&#8211; Visi\u00f3n doble<\/p>\n\n<p>&#8211; Disminuci\u00f3n de la visi\u00f3n<\/p>\n\n<p>&#8211; Cicatrizaci\u00f3n<\/p>\n\n<h3 class=\"wp-block-heading\">\u00bfQui\u00e9n es un buen candidato para el intercambio de lentes refractivas (RLE)?<\/h3>\n\n<p>La RLE puede ser una buena opci\u00f3n para las personas mayores de 40 a\u00f1os con presbicia u otros defectos refractivos. Adem\u00e1s, debes gozar de buena salud general, sin enfermedades subyacentes que puedan afectar al proceso de curaci\u00f3n. Durante la consulta con nuestro cirujano, el Dr. Selim G\u00fcldiken, evaluar\u00e1 tus ojos y tu historial m\u00e9dico para determinar si la RLE es la mejor opci\u00f3n para ti.<\/p>\n\n<h3 class=\"wp-block-heading\">\u00bfQui\u00e9n es un buen candidato para la cirug\u00eda de estrabismo?<\/h3>\n\n<p>La cirug\u00eda del estrabismo puede ser una buena opci\u00f3n para los pacientes que:<\/p>\n\n<p>&#8211; Tienen una desalineaci\u00f3n ocular persistente a pesar de los tratamientos no quir\u00fargicos como gafas, ejercicios oculares o lentes prism\u00e1ticas<\/p>\n\n<p>&#8211; Experimentas visi\u00f3n doble u otros s\u00edntomas visuales relacionados con la desalineaci\u00f3n ocular<\/p>\n\n<p>&#8211; Tener una graduaci\u00f3n ocular estable<\/p>\n\n<p>&#8211; Sobrecorrecci\u00f3n o subcorrecci\u00f3n de la alineaci\u00f3n ocular<\/p>\n\n<p>&#8211; Gozan de buena salud general<\/p>\n\n<p>&#8211; Durante la consulta, nuestros oftalm\u00f3logos evaluar\u00e1n la alineaci\u00f3n de tus ojos y determinar\u00e1n si la cirug\u00eda del estrabismo es una opci\u00f3n adecuada para tus necesidades y objetivos \u00fanicos.<\/p>\n\n<h3 class=\"wp-block-heading\">Qu\u00e9 esperar durante el procedimiento<\/h3>\n\n<p>La cirug\u00eda del estrabismo suele realizarse en r\u00e9gimen ambulatorio, bajo anestesia general. Durante la intervenci\u00f3n, el oftalm\u00f3logo har\u00e1 una peque\u00f1a incisi\u00f3n en el tejido que rodea el ojo para acceder a los m\u00fasculos oculares. A continuaci\u00f3n se ajustar\u00e1n los m\u00fasculos para corregir la desalineaci\u00f3n ocular. Despu\u00e9s de la intervenci\u00f3n, te controlar\u00e1n durante un breve periodo de tiempo antes de darte el alta para irte a casa.<\/p>\n\n<h3 class=\"wp-block-heading\">Qu\u00e9 esperar durante la recuperaci\u00f3n<\/h3>\n\n<p>El tiempo de recuperaci\u00f3n var\u00eda de un paciente a otro, pero en general los pacientes pueden reanudar sus actividades normales entre unos d\u00edas y una semana despu\u00e9s de la intervenci\u00f3n. Los ojos pueden estar enrojecidos e hinchados, y es normal que sientas alguna molestia o dolor. Pueden recetarse colirios y medicaci\u00f3n para ayudar a controlar el dolor y prevenir la infecci\u00f3n. Nuestro equipo te dar\u00e1 instrucciones detalladas sobre c\u00f3mo cuidar tus ojos durante el periodo de recuperaci\u00f3n.<\/p>\n\n<p>La cirug\u00eda del estrabismo suele realizarse en r\u00e9gimen ambulatorio, bajo anestesia general. Durante la intervenci\u00f3n, el oftalm\u00f3logo har\u00e1 una peque\u00f1a incisi\u00f3n en el tejido que rodea el ojo para acceder a los m\u00fasculos oculares. A continuaci\u00f3n se ajustar\u00e1n los m\u00fasculos para corregir la desalineaci\u00f3n ocular. Despu\u00e9s de la intervenci\u00f3n, te controlar\u00e1n durante un breve periodo de tiempo antes de darte el alta para irte a casa.<\/p>\n\n<h3 class=\"wp-block-heading\">\u00bfLa cirug\u00eda del estrabismo es adecuada para ti?<\/h3>\n\n<p>Si experimentas desalineaci\u00f3n ocular o s\u00edntomas visuales relacionados, la cirug\u00eda del estrabismo puede ser la opci\u00f3n adecuada para ti. Sin embargo, es importante que comentes tus opciones con nuestros oftalm\u00f3logos experimentados y consideres los posibles riesgos y beneficios antes de tomar una decisi\u00f3n. Nos dedicamos a proporcionar una atenci\u00f3n personalizada y trabajaremos contigo para determinar el mejor plan de tratamiento para tus necesidades y objetivos \u00fanicos.<\/p>\n\n<h3 class=\"wp-block-heading\">PREGUNTAS FRECUENTES<\/h3>\n\n<p><strong>\u00bfCu\u00e1l es el porcentaje de \u00e9xito de la cirug\u00eda de estrabismo?<\/strong><\/p>\n\n<p>La cirug\u00eda del estrabismo tiene un alto \u00edndice de \u00e9xito, y la mayor\u00eda de los pacientes experimentan una mejora de la alineaci\u00f3n y la funci\u00f3n visual. Sin embargo, es importante tener en cuenta que la experiencia de cada paciente es \u00fanica, y que puede haber riesgos y posibles complicaciones.<\/p>\n\n<p><strong>\u00bfCu\u00e1nto dura la operaci\u00f3n de estrabismo?<\/strong><\/p>\n\n<p>La cirug\u00eda del estrabismo suele durar entre 1 y 2 horas.<\/p>\n\n<p><strong>\u00bfEs dolorosa la cirug\u00eda del estrabismo?<\/strong><\/p>\n\n<p>La cirug\u00eda del estrabismo suele realizarse con anestesia general, por lo que no debes sentir ning\u00fan dolor durante la intervenci\u00f3n. Sin embargo, puedes experimentar algunas molestias, enrojecimiento e hinchaz\u00f3n en los d\u00edas y semanas siguientes a la intervenci\u00f3n.<\/p>\n\n<p><strong>\u00bfTendr\u00e9 que llevar un parche ocular despu\u00e9s de la operaci\u00f3n de estrabismo?<\/strong><\/p>\n\n<p>En la mayor\u00eda de los casos, no necesitar\u00e1s llevar un parche en el ojo despu\u00e9s de la operaci\u00f3n de estrabismo. Sin embargo, tu cirujano puede recomendarte que lleves unas gafas de prisma temporales para ayudarte a alinear los ojos.<\/p>\n\n<p><strong>\u00bfSe puede operar de estrabismo a los adultos?<\/strong><\/p>\n\n<p>S\u00ed, la cirug\u00eda del estrabismo puede realizarse en adultos. Sin embargo, la tasa de \u00e9xito puede ser menor que en los ni\u00f1os, y el tiempo de recuperaci\u00f3n puede ser mayor debido a la menor elasticidad de los m\u00fasculos oculares.<\/p>\n\n<p><strong>\u00bfCu\u00e1nto dura el efecto de la cirug\u00eda de estrabismo?<\/strong><\/p>\n\n<p>El efecto de la operaci\u00f3n de estrabismo puede durar muchos a\u00f1os, pero es posible que los ojos vuelvan a desalinearse con el tiempo. Los ex\u00e1menes oculares regulares pueden ayudar a controlar tu alineaci\u00f3n ocular y detectar cualquier cambio.<\/p>\n\n<p><strong>\u00bfCu\u00e1nto tiempo tendr\u00e9 que ausentarme del trabajo despu\u00e9s de una operaci\u00f3n de estrabismo?<\/strong><\/p>\n\n<p>El periodo t\u00edpico de recuperaci\u00f3n tras una operaci\u00f3n de estrabismo es de aproximadamente una semana, y puede que tengas que ausentarte del trabajo durante ese tiempo. Sin embargo, esto puede variar en funci\u00f3n de tus funciones laborales espec\u00edficas y de lo r\u00e1pido que te cures. Lo mejor es que hables de tus necesidades individuales con tu cirujano para determinar la cantidad adecuada de tiempo libre.<\/p>\n\n<h3 class=\"wp-block-heading\">Obt\u00e9n un presupuesto gratuito<\/h3>\n\n<p><\/p>\n\n<div\n\tclass=\"root-eb-wpforms-k43f8 wp-block-essential-blocks-wpforms\">\n\t<div class=\"eb-parent-eb-wpforms-k43f8  eb-parent-wrapper\">\n\t\t<div class=\"eb-wpforms-k43f8 eb-wpforms-wrapper\">\n\t\t\t<div class=\"wpforms-container wpforms-container-full contact-wpforms\" id=\"wpforms-939\"><form id=\"wpforms-form-939\" class=\"wpforms-validate wpforms-form wpforms-ajax-form\" data-formid=\"939\" method=\"post\" enctype=\"multipart\/form-data\" action=\"\/es\/wp-json\/wp\/v2\/pages\/9964\" data-token=\"35dd3b75201ebc86f9b935ee8b9d84e9\"><noscript class=\"wpforms-error-noscript\">Por favor, activa JavaScript en tu navegador para completar este formulario.<\/noscript><div class=\"wpforms-field-container\"><div id=\"wpforms-939-field_0-container\" class=\"wpforms-field wpforms-field-name\" data-field-id=\"0\"><label class=\"wpforms-field-label\" for=\"wpforms-939-field_0\">Full Name <span class=\"wpforms-required-label\">*<\/span><\/label><input type=\"text\" id=\"wpforms-939-field_0\" class=\"wpforms-field-large wpforms-field-required\" name=\"wpforms[fields][0]\" required><\/div><div id=\"wpforms-939-field_1-container\" class=\"wpforms-field wpforms-field-email\" data-field-id=\"1\"><label class=\"wpforms-field-label\" for=\"wpforms-939-field_1\">Email <span class=\"wpforms-required-label\">*<\/span><\/label><input type=\"email\" id=\"wpforms-939-field_1\" class=\"wpforms-field-large wpforms-field-required\" name=\"wpforms[fields][1]\" required><\/div><div id=\"wpforms-939-field_9-container\" class=\"wpforms-field wpforms-field-phone\" data-field-id=\"9\"><label class=\"wpforms-field-label\" for=\"wpforms-939-field_9\">Phone <span class=\"wpforms-required-label\">*<\/span><\/label><input type=\"tel\" id=\"wpforms-939-field_9\" class=\"wpforms-field-medium wpforms-field-required wpforms-smart-phone-field\" data-rule-smart-phone-field=\"true\" name=\"wpforms[fields][9]\" required><\/div><div id=\"wpforms-939-field_5-container\" class=\"wpforms-field wpforms-field-select wpforms-field-select-style-classic\" data-field-id=\"5\"><label class=\"wpforms-field-label\" for=\"wpforms-939-field_5\">I&#039;m Interested In <span class=\"wpforms-required-label\">*<\/span><\/label><select id=\"wpforms-939-field_5\" class=\"wpforms-field-large wpforms-field-required\" name=\"wpforms[fields][5]\" required=\"required\"><option value=\"\" class=\"placeholder\" disabled  selected='selected'>&#8211; Please select &#8211;<\/option><option value=\"Tummy Tuck\" >Tummy Tuck<\/option><option value=\"Breast Augmenttion\" >Breast Augmenttion<\/option><option value=\"Liposuction\" >Liposuction<\/option><option value=\"Face Aesthetic\" >Face Aesthetic<\/option><option value=\"Brazilian But Lift\" >Brazilian But Lift<\/option><option value=\"Rhinolasty\" >Rhinolasty<\/option><option value=\"Gastric Sleeve\" >Gastric Sleeve<\/option><option value=\"Gastric Balloon\" >Gastric Balloon<\/option><option value=\"Dental Treatment\" >Dental Treatment<\/option><option value=\"Eye Treatment\" >Eye Treatment<\/option><option value=\"Genital Aesthetic\" >Genital Aesthetic<\/option><option value=\"Other Proccedures\" >Other Proccedures<\/option><\/select><\/div><div id=\"wpforms-939-field_6-container\" class=\"wpforms-field wpforms-field-select wpforms-field-select-style-classic\" data-field-id=\"6\"><label class=\"wpforms-field-label\" for=\"wpforms-939-field_6\">Preferred Time to Contact <span class=\"wpforms-required-label\">*<\/span><\/label><select id=\"wpforms-939-field_6\" class=\"wpforms-field-large wpforms-field-required\" name=\"wpforms[fields][6]\" required=\"required\"><option value=\"\" class=\"placeholder\" disabled  selected='selected'>&#8211; Please select &#8211;<\/option><option value=\"Any Time\" >Any Time<\/option><option value=\"9 - 12 AM\" >9 &#8211; 12 AM<\/option><option value=\"12 - 3 PM\" >12 &#8211; 3 PM<\/option><option value=\"3 - 6 PM\" >3 &#8211; 6 PM<\/option><option value=\"6 - 9 PM\" >6 &#8211; 9 PM<\/option><\/select><\/div><div id=\"wpforms-939-field_10-container\" class=\"wpforms-field wpforms-field-select wpforms-field-select-style-classic\" data-field-id=\"10\"><label class=\"wpforms-field-label\" for=\"wpforms-939-field_10\">Preferred Method to Contact <span class=\"wpforms-required-label\">*<\/span><\/label><select id=\"wpforms-939-field_10\" class=\"wpforms-field-large wpforms-field-required\" name=\"wpforms[fields][10]\" required=\"required\"><option value=\"\" class=\"placeholder\" disabled  selected='selected'>&#8211; Please select &#8211;<\/option><option value=\"WhatsApp Message\" >WhatsApp Message<\/option><option value=\"WhatsApp Call\" >WhatsApp Call<\/option><option value=\"Phone Call\" >Phone Call<\/option><option value=\"Email\" >Email<\/option><\/select><\/div><div id=\"wpforms-939-field_8-container\" class=\"wpforms-field wpforms-field-checkbox newsletter-checkbox\" data-field-id=\"8\"><label class=\"wpforms-field-label wpforms-label-hide\" for=\"wpforms-939-field_8\">Checkboxes<\/label><ul id=\"wpforms-939-field_8\"><li class=\"choice-1 depth-1\"><input type=\"checkbox\" id=\"wpforms-939-field_8_1\" name=\"wpforms[fields][8][]\" value=\"Newsletter Signup\"  ><label class=\"wpforms-field-label-inline\" for=\"wpforms-939-field_8_1\">Newsletter Signup<\/label><\/li><\/ul><\/div><div id=\"wpforms-939-field_11-container\" class=\"wpforms-field wpforms-field-hidden\" data-field-id=\"11\"><input type=\"hidden\" id=\"wpforms-939-field_11\" name=\"wpforms[fields][11]\"><\/div><\/div><div class=\"wpforms-submit-container\"><input type=\"hidden\" name=\"wpforms[id]\" value=\"939\"><input type=\"hidden\" name=\"wpforms[author]\" value=\"1\"><button type=\"submit\" name=\"wpforms[submit]\" id=\"wpforms-submit-939\" class=\"wpforms-submit contact-wpforms-button\" aria-live=\"assertive\" value=\"wpforms-submit\">Send Form<\/button><img loading=\"lazy\" decoding=\"async\" src=\"https:\/\/catchlifeaesthetic.com\/wp-content\/plugins\/wpforms\/assets\/images\/submit-spin.svg\" class=\"wpforms-submit-spinner\" style=\"display: none;\" width=\"26\" height=\"26\" alt=\"Cargando\"><\/div><\/form><\/div>  <!-- .wpforms-container -->\t\t<\/div>\n\t<\/div>\n<\/div>\n","protected":false},"excerpt":{"rendered":"<p>El estrabismo, com\u00fanmente conocido como ojos bizcos u ojos desviados, es una afecci\u00f3n que afecta a la alineaci\u00f3n de los ojos y puede provocar visi\u00f3n doble, mala percepci\u00f3n de la profundidad y fatiga ocular. En CatchLife, con nuestro experimentado oftalm\u00f3logo, el Dr. Selim G\u00fcldiken, la cirug\u00eda del estrabismo es una opci\u00f3n de tratamiento segura y [&hellip;]<\/p>\n","protected":false},"author":1,"featured_media":0,"parent":9861,"menu_order":0,"comment_status":"closed","ping_status":"closed","template":"","meta":{"_eb_attr":"","_uag_custom_page_level_css":"","_monsterinsights_skip_tracking":false,"_monsterinsights_sitenote_active":false,"_monsterinsights_sitenote_note":"","_monsterinsights_sitenote_category":0,"site-sidebar-layout":"default","site-content-layout":"","ast-site-content-layout":"default","site-content-style":"default","site-sidebar-style":"default","ast-global-header-display":"","ast-banner-title-visibility":"","ast-main-header-display":"","ast-hfb-above-header-display":"","ast-hfb-below-header-display":"","ast-hfb-mobile-header-display":"","site-post-title":"","ast-breadcrumbs-content":"","ast-featured-img":"","footer-sml-layout":"","theme-transparent-header-meta":"","adv-header-id-meta":"","stick-header-meta":"","header-above-stick-meta":"","header-main-stick-meta":"","header-below-stick-meta":"","astra-migrate-meta-layouts":"default","ast-page-background-enabled":"default","ast-page-background-meta":{"desktop":{"background-color":"var(--ast-global-color-4)","background-image":"","background-repeat":"repeat","background-position":"center center","background-size":"auto","background-attachment":"scroll","background-type":"","background-media":"","overlay-type":"","overlay-color":"","overlay-opacity":"","overlay-gradient":""},"tablet":{"background-color":"","background-image":"","background-repeat":"repeat","background-position":"center center","background-size":"auto","background-attachment":"scroll","background-type":"","background-media":"","overlay-type":"","overlay-color":"","overlay-opacity":"","overlay-gradient":""},"mobile":{"background-color":"","background-image":"","background-repeat":"repeat","background-position":"center center","background-size":"auto","background-attachment":"scroll","background-type":"","background-media":"","overlay-type":"","overlay-color":"","overlay-opacity":"","overlay-gradient":""}},"ast-content-background-meta":{"desktop":{"background-color":"var(--ast-global-color-5)","background-image":"","background-repeat":"repeat","background-position":"center center","background-size":"auto","background-attachment":"scroll","background-type":"","background-media":"","overlay-type":"","overlay-color":"","overlay-opacity":"","overlay-gradient":""},"tablet":{"background-color":"var(--ast-global-color-5)","background-image":"","background-repeat":"repeat","background-position":"center center","background-size":"auto","background-attachment":"scroll","background-type":"","background-media":"","overlay-type":"","overlay-color":"","overlay-opacity":"","overlay-gradient":""},"mobile":{"background-color":"var(--ast-global-color-5)","background-image":"","background-repeat":"repeat","background-position":"center center","background-size":"auto","background-attachment":"scroll","background-type":"","background-media":"","overlay-type":"","overlay-color":"","overlay-opacity":"","overlay-gradient":""}},"footnotes":""},"class_list":["post-9964","page","type-page","status-publish","hentry"],"uagb_featured_image_src":{"full":false,"thumbnail":false,"medium":false,"medium_large":false,"large":false,"1536x1536":false,"2048x2048":false,"woocommerce_thumbnail":false,"woocommerce_single":false,"woocommerce_gallery_thumbnail":false},"uagb_author_info":{"display_name":"Catchlife Aesthetic","author_link":"https:\/\/catchlifeaesthetic.com\/es\/author\/admincatchlife-com-tr\/"},"uagb_comment_info":0,"uagb_excerpt":"El estrabismo, com\u00fanmente conocido como ojos bizcos u ojos desviados, es una afecci\u00f3n que afecta a la alineaci\u00f3n de los ojos y puede provocar visi\u00f3n doble, mala percepci\u00f3n de la profundidad y fatiga ocular. En CatchLife, con nuestro experimentado oftalm\u00f3logo, el Dr. Selim G\u00fcldiken, la cirug\u00eda del estrabismo es una opci\u00f3n de tratamiento segura y&hellip;","_links":{"self":[{"href":"https:\/\/catchlifeaesthetic.com\/es\/wp-json\/wp\/v2\/pages\/9964","targetHints":{"allow":["GET"]}}],"collection":[{"href":"https:\/\/catchlifeaesthetic.com\/es\/wp-json\/wp\/v2\/pages"}],"about":[{"href":"https:\/\/catchlifeaesthetic.com\/es\/wp-json\/wp\/v2\/types\/page"}],"author":[{"embeddable":true,"href":"https:\/\/catchlifeaesthetic.com\/es\/wp-json\/wp\/v2\/users\/1"}],"replies":[{"embeddable":true,"href":"https:\/\/catchlifeaesthetic.com\/es\/wp-json\/wp\/v2\/comments?post=9964"}],"version-history":[{"count":1,"href":"https:\/\/catchlifeaesthetic.com\/es\/wp-json\/wp\/v2\/pages\/9964\/revisions"}],"predecessor-version":[{"id":9978,"href":"https:\/\/catchlifeaesthetic.com\/es\/wp-json\/wp\/v2\/pages\/9964\/revisions\/9978"}],"up":[{"embeddable":true,"href":"https:\/\/catchlifeaesthetic.com\/es\/wp-json\/wp\/v2\/pages\/9861"}],"wp:attachment":[{"href":"https:\/\/catchlifeaesthetic.com\/es\/wp-json\/wp\/v2\/media?parent=9964"}],"curies":[{"name":"wp","href":"https:\/\/api.w.org\/{rel}","templated":true}]}}