{"id":10044,"date":"2024-07-11T10:59:32","date_gmt":"2024-07-11T10:59:32","guid":{"rendered":"https:\/\/catchlifeaesthetic.com\/traitement-dentaire-turquie\/liaisons-composites\/"},"modified":"2024-07-16T11:50:04","modified_gmt":"2024-07-16T11:50:04","slug":"liaisons-composites","status":"publish","type":"page","link":"https:\/\/catchlifeaesthetic.com\/fr\/traitement-dentaire-turquie\/liaisons-composites\/","title":{"rendered":"Liaisons composites"},"content":{"rendered":"\n<figure class=\"wp-block-image\"><img decoding=\"async\" src=\"https:\/\/www.catchlifedental.com\/assets\/images\/dental-tourism\/services\/zc.jpg\" alt=\"image\"\/><\/figure>\n\n<h5 class=\"wp-block-heading\">Qu&rsquo;est-ce que le traitement par collage de composites ?<\/h5>\n\n<p>Le collage est une forme de restauration qui remplace les facettes en porcelaine pour les dents dont la couleur est fonc\u00e9e, les fissures ou les petites fractures, les dents l\u00e9g\u00e8rement tordues ou fendues. Le dentiste donne l&rsquo;aspect esth\u00e9tique souhait\u00e9 \u00e0 la ou aux dents probl\u00e9matiques \u00e0 l&rsquo;aide d&rsquo;un mat\u00e9riau d&rsquo;obturation composite (esth\u00e9tique).<\/p>\n\n<h5 class=\"wp-block-heading\">Comment se d\u00e9roule la proc\u00e9dure de collage des composites ?<\/h5>\n\n<p>Lors de l&rsquo;obturation par collage, la couleur est d&rsquo;abord choisie et la surface de la dent est tr\u00e8s peu abras\u00e9e. Pour que l&rsquo;obturation adh\u00e8re \u00e0 la dent, la surface de la dent est recouverte d&rsquo;un mat\u00e9riau compatible avec la dent. Le composite pr\u00e9par\u00e9 est appliqu\u00e9 sur la dent et la mise en forme est effectu\u00e9e. Le mat\u00e9riau est ensuite durci \u00e0 l&rsquo;aide d&rsquo;un laser. Enfin, le polissage est effectu\u00e9 et le patient peut reprendre sa vie quotidienne.<\/p>\n\n<h5 class=\"wp-block-heading\">Dans quels cas l&rsquo;application par collage est-elle pr\u00e9f\u00e9rable ?<\/h5>\n\n<ul class=\"wp-block-list\">\n<li>En comblant les espaces (diast\u00e8mes) entre les dents<\/li>\n\n\n\n<li>Modification de la forme des dents (par exemple, allongement des dents)<\/li>\n\n\n\n<li>Pour changer la couleur des dents<\/li>\n<\/ul>\n\n<h5 class=\"wp-block-heading\">Qui peut b\u00e9n\u00e9ficier d&rsquo;un traitement par collage composite ?<\/h5>\n\n<p>Il peut \u00eatre utilis\u00e9 chez les patients dont les gencives sont saines et qui pr\u00e9sentent une fracture dentaire, une d\u00e9coloration ou un l\u00e9ger encombrement.<\/p>\n\n<h5 class=\"wp-block-heading\">Quels sont les avantages du traitement par facettes stratifi\u00e9es ?<\/h5>\n\n<ul class=\"wp-block-list\">\n<li>Il s&rsquo;agit d&rsquo;une application esth\u00e9tique.<\/li>\n\n\n\n<li>Le temps d&rsquo;application est court. Il est g\u00e9n\u00e9ralement termin\u00e9 en un seul rendez-vous.<\/li>\n\n\n\n<li>Il est moins cher que les facettes en porcelaine.<\/li>\n\n\n\n<li>Il est plus facile \u00e0 r\u00e9parer ou \u00e0 renouveler.<\/li>\n\n\n\n<li>Aucune anesth\u00e9sie n&rsquo;est n\u00e9cessaire.<\/li>\n<\/ul>\n\n<h5 class=\"wp-block-heading\">Quels sont les inconv\u00e9nients du traitement par facettes stratifi\u00e9es ?<\/h5>\n\n<ul class=\"wp-block-list\">\n<li>Le mat\u00e9riau d&rsquo;obturation composite n&rsquo;\u00e9tant pas aussi r\u00e9sistant que l&rsquo;\u00e9mail dentaire ou la porcelaine, il peut facilement se briser ou se d\u00e9loger, surtout s&rsquo;il est fortement sollicit\u00e9.<\/li>\n\n\n\n<li>En fonction des habitudes alimentaires et d&rsquo;hygi\u00e8ne bucco-dentaire de la personne, une d\u00e9t\u00e9rioration ou une d\u00e9coloration de la structure du mat\u00e9riau d&rsquo;obturation peut se produire avec le temps.<\/li>\n\n\n\n<li>Peut n\u00e9cessiter une r\u00e9paration ou un remplacement tous les 3 \u00e0 5 ans.<\/li>\n\n\n\n<li>C&rsquo;est dans cette application que la perte de dents est la moins importante.<\/li>\n\n\n\n<li>Il a la forme d&rsquo;une dent naturelle et passe inaper\u00e7u.<\/li>\n<\/ul>\n\n<h3 class=\"wp-block-heading\">Questions fr\u00e9quemment pos\u00e9es :<\/h3>\n\n<h5 class=\"wp-block-heading\">Combien de temps dure l&rsquo;application d&rsquo;un composite ?<\/h5>\n\n<p>Pour chaque dent, cela prend environ 15 minutes. Toutefois, cette p\u00e9riode peut \u00eatre prolong\u00e9e en fonction de l&rsquo;\u00e9tat de la dent.<\/p>\n\n<h5 class=\"wp-block-heading\">Quelle est la dur\u00e9e de vie du traitement de collage composite ?<\/h5>\n\n<p>Si vous ne mordez pas agressivement avec vos dents de devant, elle durera plus longtemps. Toutefois, il convient de noter qu&rsquo;il n&rsquo;est pas aussi durable que les dents en porcelaine.<\/p>\n\n<h5 class=\"wp-block-heading\">L&rsquo;application du collage semble-t-elle naturelle ?<\/h5>\n\n<p>L&rsquo;aspect naturel est d\u00fb \u00e0 l&rsquo;utilisation de mat\u00e9riaux adapt\u00e9s \u00e0 la couleur et \u00e0 la structure des dents naturelles.<\/p>\n\n<h5 class=\"wp-block-heading\">Les dents en composite changeront-elles de couleur ?<\/h5>\n\n<p>Le mat\u00e9riau appliqu\u00e9 \u00e9tant un composite, une d\u00e9coloration peut se produire \u00e0 long terme. Parce que le composite est un mat\u00e9riau colorable. Mais cela varie d&rsquo;une personne \u00e0 l&rsquo;autre. La coloration sera plus importante chez les personnes qui abusent des colorants tels que le th\u00e9 et le caf\u00e9. Elle d\u00e9pend \u00e9galement du polissage de la surface de l&rsquo;obturation composite. Plus la surface est lisse et polie, plus la d\u00e9coloration est difficile.<\/p>\n\n<h3 class=\"wp-block-heading\">Obtenir un devis gratuit<\/h3>\n\n<div\n\tclass=\"root-eb-wpforms-b2t64 wp-block-essential-blocks-wpforms\">\n\t<div class=\"eb-parent-eb-wpforms-b2t64  eb-parent-wrapper\">\n\t\t<div class=\"eb-wpforms-b2t64 eb-wpforms-wrapper\">\n\t\t\t<div class=\"wpforms-container wpforms-container-full contact-wpforms\" id=\"wpforms-939\"><form id=\"wpforms-form-939\" class=\"wpforms-validate wpforms-form wpforms-ajax-form\" data-formid=\"939\" method=\"post\" enctype=\"multipart\/form-data\" action=\"\/fr\/wp-json\/wp\/v2\/pages\/10044\" data-token=\"98e2b2e9fe193ceb3ed0e932db0aaa18\"><noscript class=\"wpforms-error-noscript\">Veuillez activer JavaScript dans votre navigateur pour remplir ce formulaire.<\/noscript><div class=\"wpforms-field-container\"><div id=\"wpforms-939-field_0-container\" class=\"wpforms-field wpforms-field-name\" data-field-id=\"0\"><label class=\"wpforms-field-label\" for=\"wpforms-939-field_0\">Full Name <span class=\"wpforms-required-label\">*<\/span><\/label><input type=\"text\" id=\"wpforms-939-field_0\" class=\"wpforms-field-large wpforms-field-required\" name=\"wpforms[fields][0]\" required><\/div><div id=\"wpforms-939-field_1-container\" class=\"wpforms-field wpforms-field-email\" data-field-id=\"1\"><label class=\"wpforms-field-label\" for=\"wpforms-939-field_1\">Email <span class=\"wpforms-required-label\">*<\/span><\/label><input type=\"email\" id=\"wpforms-939-field_1\" class=\"wpforms-field-large wpforms-field-required\" name=\"wpforms[fields][1]\" required><\/div><div id=\"wpforms-939-field_9-container\" class=\"wpforms-field wpforms-field-phone\" data-field-id=\"9\"><label class=\"wpforms-field-label\" for=\"wpforms-939-field_9\">Phone <span class=\"wpforms-required-label\">*<\/span><\/label><input type=\"tel\" id=\"wpforms-939-field_9\" class=\"wpforms-field-medium wpforms-field-required wpforms-smart-phone-field\" data-rule-smart-phone-field=\"true\" name=\"wpforms[fields][9]\" required><\/div><div id=\"wpforms-939-field_5-container\" class=\"wpforms-field wpforms-field-select wpforms-field-select-style-classic\" data-field-id=\"5\"><label class=\"wpforms-field-label\" for=\"wpforms-939-field_5\">I&#039;m Interested In <span class=\"wpforms-required-label\">*<\/span><\/label><select id=\"wpforms-939-field_5\" class=\"wpforms-field-large wpforms-field-required\" name=\"wpforms[fields][5]\" required=\"required\"><option value=\"\" class=\"placeholder\" disabled  selected='selected'>&#8211; Please select &#8211;<\/option><option value=\"Tummy Tuck\" >Tummy Tuck<\/option><option value=\"Breast Augmenttion\" >Breast Augmenttion<\/option><option value=\"Liposuction\" >Liposuction<\/option><option value=\"Face Aesthetic\" >Face Aesthetic<\/option><option value=\"Brazilian But Lift\" >Brazilian But Lift<\/option><option value=\"Rhinolasty\" >Rhinolasty<\/option><option value=\"Gastric Sleeve\" >Gastric Sleeve<\/option><option value=\"Gastric Balloon\" >Gastric Balloon<\/option><option value=\"Dental Treatment\" >Dental Treatment<\/option><option value=\"Eye Treatment\" >Eye Treatment<\/option><option value=\"Genital Aesthetic\" >Genital Aesthetic<\/option><option value=\"Other Proccedures\" >Other Proccedures<\/option><\/select><\/div><div id=\"wpforms-939-field_6-container\" class=\"wpforms-field wpforms-field-select wpforms-field-select-style-classic\" data-field-id=\"6\"><label class=\"wpforms-field-label\" for=\"wpforms-939-field_6\">Preferred Time to Contact <span class=\"wpforms-required-label\">*<\/span><\/label><select id=\"wpforms-939-field_6\" class=\"wpforms-field-large wpforms-field-required\" name=\"wpforms[fields][6]\" required=\"required\"><option value=\"\" class=\"placeholder\" disabled  selected='selected'>&#8211; Please select &#8211;<\/option><option value=\"Any Time\" >Any Time<\/option><option value=\"9 - 12 AM\" >9 &#8211; 12 AM<\/option><option value=\"12 - 3 PM\" >12 &#8211; 3 PM<\/option><option value=\"3 - 6 PM\" >3 &#8211; 6 PM<\/option><option value=\"6 - 9 PM\" >6 &#8211; 9 PM<\/option><\/select><\/div><div id=\"wpforms-939-field_10-container\" class=\"wpforms-field wpforms-field-select wpforms-field-select-style-classic\" data-field-id=\"10\"><label class=\"wpforms-field-label\" for=\"wpforms-939-field_10\">Preferred Method to Contact <span class=\"wpforms-required-label\">*<\/span><\/label><select id=\"wpforms-939-field_10\" class=\"wpforms-field-large wpforms-field-required\" name=\"wpforms[fields][10]\" required=\"required\"><option value=\"\" class=\"placeholder\" disabled  selected='selected'>&#8211; Please select &#8211;<\/option><option value=\"WhatsApp Message\" >WhatsApp Message<\/option><option value=\"WhatsApp Call\" >WhatsApp Call<\/option><option value=\"Phone Call\" >Phone Call<\/option><option value=\"Email\" >Email<\/option><\/select><\/div><div id=\"wpforms-939-field_8-container\" class=\"wpforms-field wpforms-field-checkbox newsletter-checkbox\" data-field-id=\"8\"><label class=\"wpforms-field-label wpforms-label-hide\" for=\"wpforms-939-field_8\">Checkboxes<\/label><ul id=\"wpforms-939-field_8\"><li class=\"choice-1 depth-1\"><input type=\"checkbox\" id=\"wpforms-939-field_8_1\" name=\"wpforms[fields][8][]\" value=\"Newsletter Signup\"  ><label class=\"wpforms-field-label-inline\" for=\"wpforms-939-field_8_1\">Newsletter Signup<\/label><\/li><\/ul><\/div><div id=\"wpforms-939-field_11-container\" class=\"wpforms-field wpforms-field-hidden\" data-field-id=\"11\"><input type=\"hidden\" id=\"wpforms-939-field_11\" name=\"wpforms[fields][11]\"><\/div><\/div><div class=\"wpforms-submit-container\"><input type=\"hidden\" name=\"wpforms[id]\" value=\"939\"><input type=\"hidden\" name=\"wpforms[author]\" value=\"1\"><button type=\"submit\" name=\"wpforms[submit]\" id=\"wpforms-submit-939\" class=\"wpforms-submit contact-wpforms-button\" aria-live=\"assertive\" value=\"wpforms-submit\">Send Form<\/button><img loading=\"lazy\" decoding=\"async\" src=\"https:\/\/catchlifeaesthetic.com\/wp-content\/plugins\/wpforms\/assets\/images\/submit-spin.svg\" class=\"wpforms-submit-spinner\" style=\"display: none;\" width=\"26\" height=\"26\" alt=\"Chargement en cours\"><\/div><\/form><\/div>  <!-- .wpforms-container -->\t\t<\/div>\n\t<\/div>\n<\/div>\n","protected":false},"excerpt":{"rendered":"<p>Qu&rsquo;est-ce que le traitement par collage de composites ? Le collage est une forme de restauration qui remplace les facettes en porcelaine pour les dents dont la couleur est fonc\u00e9e, les fissures ou les petites fractures, les dents l\u00e9g\u00e8rement tordues ou fendues. Le dentiste donne l&rsquo;aspect esth\u00e9tique souhait\u00e9 \u00e0 la ou aux dents probl\u00e9matiques \u00e0 [&hellip;]<\/p>\n","protected":false},"author":1,"featured_media":0,"parent":9811,"menu_order":0,"comment_status":"closed","ping_status":"closed","template":"","meta":{"_eb_attr":"","_uag_custom_page_level_css":"","_monsterinsights_skip_tracking":false,"_monsterinsights_sitenote_active":false,"_monsterinsights_sitenote_note":"","_monsterinsights_sitenote_category":0,"site-sidebar-layout":"default","site-content-layout":"","ast-site-content-layout":"default","site-content-style":"default","site-sidebar-style":"default","ast-global-header-display":"","ast-banner-title-visibility":"","ast-main-header-display":"","ast-hfb-above-header-display":"","ast-hfb-below-header-display":"","ast-hfb-mobile-header-display":"","site-post-title":"","ast-breadcrumbs-content":"","ast-featured-img":"","footer-sml-layout":"","theme-transparent-header-meta":"","adv-header-id-meta":"","stick-header-meta":"","header-above-stick-meta":"","header-main-stick-meta":"","header-below-stick-meta":"","astra-migrate-meta-layouts":"default","ast-page-background-enabled":"default","ast-page-background-meta":{"desktop":{"background-color":"var(--ast-global-color-4)","background-image":"","background-repeat":"repeat","background-position":"center center","background-size":"auto","background-attachment":"scroll","background-type":"","background-media":"","overlay-type":"","overlay-color":"","overlay-opacity":"","overlay-gradient":""},"tablet":{"background-color":"","background-image":"","background-repeat":"repeat","background-position":"center center","background-size":"auto","background-attachment":"scroll","background-type":"","background-media":"","overlay-type":"","overlay-color":"","overlay-opacity":"","overlay-gradient":""},"mobile":{"background-color":"","background-image":"","background-repeat":"repeat","background-position":"center center","background-size":"auto","background-attachment":"scroll","background-type":"","background-media":"","overlay-type":"","overlay-color":"","overlay-opacity":"","overlay-gradient":""}},"ast-content-background-meta":{"desktop":{"background-color":"var(--ast-global-color-5)","background-image":"","background-repeat":"repeat","background-position":"center center","background-size":"auto","background-attachment":"scroll","background-type":"","background-media":"","overlay-type":"","overlay-color":"","overlay-opacity":"","overlay-gradient":""},"tablet":{"background-color":"var(--ast-global-color-5)","background-image":"","background-repeat":"repeat","background-position":"center center","background-size":"auto","background-attachment":"scroll","background-type":"","background-media":"","overlay-type":"","overlay-color":"","overlay-opacity":"","overlay-gradient":""},"mobile":{"background-color":"var(--ast-global-color-5)","background-image":"","background-repeat":"repeat","background-position":"center center","background-size":"auto","background-attachment":"scroll","background-type":"","background-media":"","overlay-type":"","overlay-color":"","overlay-opacity":"","overlay-gradient":""}},"footnotes":""},"class_list":["post-10044","page","type-page","status-publish","hentry"],"uagb_featured_image_src":{"full":false,"thumbnail":false,"medium":false,"medium_large":false,"large":false,"1536x1536":false,"2048x2048":false,"woocommerce_thumbnail":false,"woocommerce_single":false,"woocommerce_gallery_thumbnail":false},"uagb_author_info":{"display_name":"Catchlife Aesthetic","author_link":"https:\/\/catchlifeaesthetic.com\/fr\/author\/admincatchlife-com-tr\/"},"uagb_comment_info":0,"uagb_excerpt":"Qu&rsquo;est-ce que le traitement par collage de composites ? Le collage est une forme de restauration qui remplace les facettes en porcelaine pour les dents dont la couleur est fonc\u00e9e, les fissures ou les petites fractures, les dents l\u00e9g\u00e8rement tordues ou fendues. Le dentiste donne l&rsquo;aspect esth\u00e9tique souhait\u00e9 \u00e0 la ou aux dents probl\u00e9matiques \u00e0\u2026","_links":{"self":[{"href":"https:\/\/catchlifeaesthetic.com\/fr\/wp-json\/wp\/v2\/pages\/10044","targetHints":{"allow":["GET"]}}],"collection":[{"href":"https:\/\/catchlifeaesthetic.com\/fr\/wp-json\/wp\/v2\/pages"}],"about":[{"href":"https:\/\/catchlifeaesthetic.com\/fr\/wp-json\/wp\/v2\/types\/page"}],"author":[{"embeddable":true,"href":"https:\/\/catchlifeaesthetic.com\/fr\/wp-json\/wp\/v2\/users\/1"}],"replies":[{"embeddable":true,"href":"https:\/\/catchlifeaesthetic.com\/fr\/wp-json\/wp\/v2\/comments?post=10044"}],"version-history":[{"count":1,"href":"https:\/\/catchlifeaesthetic.com\/fr\/wp-json\/wp\/v2\/pages\/10044\/revisions"}],"predecessor-version":[{"id":10049,"href":"https:\/\/catchlifeaesthetic.com\/fr\/wp-json\/wp\/v2\/pages\/10044\/revisions\/10049"}],"up":[{"embeddable":true,"href":"https:\/\/catchlifeaesthetic.com\/fr\/wp-json\/wp\/v2\/pages\/9811"}],"wp:attachment":[{"href":"https:\/\/catchlifeaesthetic.com\/fr\/wp-json\/wp\/v2\/media?parent=10044"}],"curies":[{"name":"wp","href":"https:\/\/api.w.org\/{rel}","templated":true}]}}