{"id":10050,"date":"2024-07-11T10:35:59","date_gmt":"2024-07-11T10:35:59","guid":{"rendered":"https:\/\/catchlifeaesthetic.com\/traitement-dentaire-turquie\/tous-sur-6\/"},"modified":"2024-07-16T11:50:05","modified_gmt":"2024-07-16T11:50:05","slug":"tous-sur-6","status":"publish","type":"page","link":"https:\/\/catchlifeaesthetic.com\/fr\/traitement-dentaire-turquie\/tous-sur-6\/","title":{"rendered":"TOUS SUR 6"},"content":{"rendered":"\n<figure class=\"wp-block-image\"><img decoding=\"async\" src=\"https:\/\/www.catchlifedental.com\/assets\/images\/dental-tourism\/services\/dentalcrownblog.jpg\" alt=\"image\"\/><\/figure>\n\n<h5 class=\"wp-block-heading\">Qu&rsquo;est-ce que la technique de l&rsquo;implant All on 6 ?<\/h5>\n\n<p>Dans le traitement \u00ab\u00a0all on six\u00a0\u00bb, une proth\u00e8se permanente est cr\u00e9\u00e9e \u00e0 l&rsquo;aide de 6 implants qui servent de piliers aux dents. Six implants sont plac\u00e9s dans l&rsquo;os de la m\u00e2choire inf\u00e9rieure ou sup\u00e9rieure et les dents sont fabriqu\u00e9es sur ces implants.<\/p>\n\n<h5 class=\"wp-block-heading\">Quelle est la proc\u00e9dure de la proc\u00e9dure All On 6 ?<\/h5>\n\n<p>Les implants situ\u00e9s \u00e0 l&rsquo;avant sont plac\u00e9s \u00e0 un angle de 90 degr\u00e9s et ceux situ\u00e9s \u00e0 l&rsquo;arri\u00e8re \u00e0 un angle de 45 degr\u00e9s. Les dents temporaires sont plac\u00e9es sur les implants le m\u00eame jour. Il faut compter en moyenne 3 mois pour que l&rsquo;os et l&rsquo;implant s&rsquo;int\u00e8grent. Ensuite, le traitement est compl\u00e9t\u00e9 par la fabrication de dents permanentes.<\/p>\n\n<h5 class=\"wp-block-heading\">\u00c0 qui s&rsquo;adresse All on 6 ?<\/h5>\n\n<p>Les patients qui n&rsquo;ont pas de handicap peuvent b\u00e9n\u00e9ficier d&rsquo;une chirurgie d&rsquo;implantation dentaire. C&rsquo;est pourquoi cette technique peut \u00eatre appliqu\u00e9e chez les patients qui ne souffrent pas d&rsquo;une maladie syst\u00e9mique et qui ont un niveau osseux suffisant.<\/p>\n\n<h5 class=\"wp-block-heading\">Quels sont les avantages de la proc\u00e9dure All on 6 ?<\/h5>\n\n<ul class=\"wp-block-list\">\n<li>Il permet aux personnes souffrant d&rsquo;une carence dentaire totale d&rsquo;obtenir rapidement des dents saines.<\/li>\n\n\n\n<li>Il fournit des proth\u00e8ses fixes aux patients qui ont besoin de proth\u00e8ses amovibles.<\/li>\n\n\n\n<li>L&rsquo;aspect esth\u00e9tique est satisfaisant.<\/li>\n\n\n\n<li>Les fonctions de parler, de manger et de boire sont acquises rapidement.<\/li>\n<\/ul>\n\n<h5 class=\"wp-block-heading\">Quels sont les inconv\u00e9nients de la proc\u00e9dure All on 6 ?<\/h5>\n\n<p>Les soins bucco-dentaires devraient \u00eatre plus importants.<\/p>\n\n<h3 class=\"wp-block-heading\">Questions fr\u00e9quemment pos\u00e9es :<\/h3>\n\n<h5 class=\"wp-block-heading\">Combien de temps dure la pose d&rsquo;un implant ?<\/h5>\n\n<p>Il est essentiel de respecter les r\u00e8gles d&rsquo;hygi\u00e8ne dans la technique du \u00ab\u00a0tout sur 4\u00a0\u00bb, qui est utilis\u00e9e \u00e0 vie.<\/p>\n\n<h5 class=\"wp-block-heading\">Quand faut-il proc\u00e9der \u00e0 un lifting des sinus ou \u00e0 une greffe osseuse ?<\/h5>\n\n<p>La m\u00e2choire sup\u00e9rieure pr\u00e9sente des cavit\u00e9s anatomiques. Ces espaces sont appel\u00e9s sinus. Chez certains patients, ces espaces peuvent s&rsquo;\u00e9tendre aux espaces d&rsquo;extraction. Comme les implants tomberont dans la cavit\u00e9 \u00e0 la suite de cette expansion, une quantit\u00e9 d&rsquo;os suffisante est n\u00e9cessaire pour la mise en place des implants. Il faut donc soulever la membrane du sinus et ajouter de l&rsquo;os.<\/p>\n\n<h5 class=\"wp-block-heading\">Y a-t-il des douleurs apr\u00e8s l&rsquo;intervention ?<\/h5>\n\n<p>Il est possible de ressentir une l\u00e9g\u00e8re douleur et un gonflement apr\u00e8s l&rsquo;intervention. Dans ce cas, des analg\u00e9siques peuvent \u00eatre utilis\u00e9s.<\/p>\n\n<h5 class=\"wp-block-heading\">Comment l&rsquo;alimentation doit-elle \u00eatre assur\u00e9e apr\u00e8s l&rsquo;intervention ?<\/h5>\n\n<p>Vous devez consommer des aliments mous et liquides pendant les quelques jours qui suivent l&rsquo;intervention.<\/p>\n\n<h5 class=\"wp-block-heading\">Quelle est la dur\u00e9e totale du traitement ?<\/h5>\n\n<p>Elle peut varier de 3 \u00e0 9 mois en fonction du plan de traitement.<\/p>\n\n<h5 class=\"wp-block-heading\">Que se passe-t-il si la dent ne s&rsquo;int\u00e8gre pas \u00e0 l&rsquo;os ?<\/h5>\n\n<p>L&rsquo;implant est retir\u00e9 et la zone est laiss\u00e9e \u00e0 la cicatrisation. Apr\u00e8s un certain temps, si l&rsquo;os existant est ad\u00e9quat, un autre implant est plac\u00e9 dans cette zone.<\/p>\n\n<h3 class=\"wp-block-heading\">Obtenir un devis gratuit<\/h3>\n\n<div\n\tclass=\"root-eb-wpforms-b2t64 wp-block-essential-blocks-wpforms\">\n\t<div class=\"eb-parent-eb-wpforms-b2t64  eb-parent-wrapper\">\n\t\t<div class=\"eb-wpforms-b2t64 eb-wpforms-wrapper\">\n\t\t\t<div class=\"wpforms-container wpforms-container-full contact-wpforms\" id=\"wpforms-939\"><form id=\"wpforms-form-939\" class=\"wpforms-validate wpforms-form wpforms-ajax-form\" data-formid=\"939\" method=\"post\" enctype=\"multipart\/form-data\" action=\"\/fr\/wp-json\/wp\/v2\/pages\/10050\" data-token=\"c6e6456e68444829aa9544b2ffd12415\"><noscript class=\"wpforms-error-noscript\">Veuillez activer JavaScript dans votre navigateur pour remplir ce formulaire.<\/noscript><div class=\"wpforms-field-container\"><div id=\"wpforms-939-field_0-container\" class=\"wpforms-field wpforms-field-name\" data-field-id=\"0\"><label class=\"wpforms-field-label\" for=\"wpforms-939-field_0\">Full Name <span class=\"wpforms-required-label\">*<\/span><\/label><input type=\"text\" id=\"wpforms-939-field_0\" class=\"wpforms-field-large wpforms-field-required\" name=\"wpforms[fields][0]\" required><\/div><div id=\"wpforms-939-field_1-container\" class=\"wpforms-field wpforms-field-email\" data-field-id=\"1\"><label class=\"wpforms-field-label\" for=\"wpforms-939-field_1\">Email <span class=\"wpforms-required-label\">*<\/span><\/label><input type=\"email\" id=\"wpforms-939-field_1\" class=\"wpforms-field-large wpforms-field-required\" name=\"wpforms[fields][1]\" required><\/div><div id=\"wpforms-939-field_9-container\" class=\"wpforms-field wpforms-field-phone\" data-field-id=\"9\"><label class=\"wpforms-field-label\" for=\"wpforms-939-field_9\">Phone <span class=\"wpforms-required-label\">*<\/span><\/label><input type=\"tel\" id=\"wpforms-939-field_9\" class=\"wpforms-field-medium wpforms-field-required wpforms-smart-phone-field\" data-rule-smart-phone-field=\"true\" name=\"wpforms[fields][9]\" required><\/div><div id=\"wpforms-939-field_5-container\" class=\"wpforms-field wpforms-field-select wpforms-field-select-style-classic\" data-field-id=\"5\"><label class=\"wpforms-field-label\" for=\"wpforms-939-field_5\">I&#039;m Interested In <span class=\"wpforms-required-label\">*<\/span><\/label><select id=\"wpforms-939-field_5\" class=\"wpforms-field-large wpforms-field-required\" name=\"wpforms[fields][5]\" required=\"required\"><option value=\"\" class=\"placeholder\" disabled  selected='selected'>&#8211; Please select &#8211;<\/option><option value=\"Tummy Tuck\" >Tummy Tuck<\/option><option value=\"Breast Augmenttion\" >Breast Augmenttion<\/option><option value=\"Liposuction\" >Liposuction<\/option><option value=\"Face Aesthetic\" >Face Aesthetic<\/option><option value=\"Brazilian But Lift\" >Brazilian But Lift<\/option><option value=\"Rhinolasty\" >Rhinolasty<\/option><option value=\"Gastric Sleeve\" >Gastric Sleeve<\/option><option value=\"Gastric Balloon\" >Gastric Balloon<\/option><option value=\"Dental Treatment\" >Dental Treatment<\/option><option value=\"Eye Treatment\" >Eye Treatment<\/option><option value=\"Genital Aesthetic\" >Genital Aesthetic<\/option><option value=\"Other Proccedures\" >Other Proccedures<\/option><\/select><\/div><div id=\"wpforms-939-field_6-container\" class=\"wpforms-field wpforms-field-select wpforms-field-select-style-classic\" data-field-id=\"6\"><label class=\"wpforms-field-label\" for=\"wpforms-939-field_6\">Preferred Time to Contact <span class=\"wpforms-required-label\">*<\/span><\/label><select id=\"wpforms-939-field_6\" class=\"wpforms-field-large wpforms-field-required\" name=\"wpforms[fields][6]\" required=\"required\"><option value=\"\" class=\"placeholder\" disabled  selected='selected'>&#8211; Please select &#8211;<\/option><option value=\"Any Time\" >Any Time<\/option><option value=\"9 - 12 AM\" >9 &#8211; 12 AM<\/option><option value=\"12 - 3 PM\" >12 &#8211; 3 PM<\/option><option value=\"3 - 6 PM\" >3 &#8211; 6 PM<\/option><option value=\"6 - 9 PM\" >6 &#8211; 9 PM<\/option><\/select><\/div><div id=\"wpforms-939-field_10-container\" class=\"wpforms-field wpforms-field-select wpforms-field-select-style-classic\" data-field-id=\"10\"><label class=\"wpforms-field-label\" for=\"wpforms-939-field_10\">Preferred Method to Contact <span class=\"wpforms-required-label\">*<\/span><\/label><select id=\"wpforms-939-field_10\" class=\"wpforms-field-large wpforms-field-required\" name=\"wpforms[fields][10]\" required=\"required\"><option value=\"\" class=\"placeholder\" disabled  selected='selected'>&#8211; Please select &#8211;<\/option><option value=\"WhatsApp Message\" >WhatsApp Message<\/option><option value=\"WhatsApp Call\" >WhatsApp Call<\/option><option value=\"Phone Call\" >Phone Call<\/option><option value=\"Email\" >Email<\/option><\/select><\/div><div id=\"wpforms-939-field_8-container\" class=\"wpforms-field wpforms-field-checkbox newsletter-checkbox\" data-field-id=\"8\"><label class=\"wpforms-field-label wpforms-label-hide\" for=\"wpforms-939-field_8\">Checkboxes<\/label><ul id=\"wpforms-939-field_8\"><li class=\"choice-1 depth-1\"><input type=\"checkbox\" id=\"wpforms-939-field_8_1\" name=\"wpforms[fields][8][]\" value=\"Newsletter Signup\"  ><label class=\"wpforms-field-label-inline\" for=\"wpforms-939-field_8_1\">Newsletter Signup<\/label><\/li><\/ul><\/div><div id=\"wpforms-939-field_11-container\" class=\"wpforms-field wpforms-field-hidden\" data-field-id=\"11\"><input type=\"hidden\" id=\"wpforms-939-field_11\" name=\"wpforms[fields][11]\"><\/div><\/div><div class=\"wpforms-submit-container\"><input type=\"hidden\" name=\"wpforms[id]\" value=\"939\"><input type=\"hidden\" name=\"wpforms[author]\" value=\"1\"><button type=\"submit\" name=\"wpforms[submit]\" id=\"wpforms-submit-939\" class=\"wpforms-submit contact-wpforms-button\" aria-live=\"assertive\" value=\"wpforms-submit\">Send Form<\/button><img loading=\"lazy\" decoding=\"async\" src=\"https:\/\/catchlifeaesthetic.com\/wp-content\/plugins\/wpforms\/assets\/images\/submit-spin.svg\" class=\"wpforms-submit-spinner\" style=\"display: none;\" width=\"26\" height=\"26\" alt=\"Chargement en cours\"><\/div><\/form><\/div>  <!-- .wpforms-container -->\t\t<\/div>\n\t<\/div>\n<\/div>\n","protected":false},"excerpt":{"rendered":"<p>Qu&rsquo;est-ce que la technique de l&rsquo;implant All on 6 ? Dans le traitement \u00ab\u00a0all on six\u00a0\u00bb, une proth\u00e8se permanente est cr\u00e9\u00e9e \u00e0 l&rsquo;aide de 6 implants qui servent de piliers aux dents. Six implants sont plac\u00e9s dans l&rsquo;os de la m\u00e2choire inf\u00e9rieure ou sup\u00e9rieure et les dents sont fabriqu\u00e9es sur ces implants. Quelle est la [&hellip;]<\/p>\n","protected":false},"author":1,"featured_media":0,"parent":9811,"menu_order":0,"comment_status":"closed","ping_status":"closed","template":"","meta":{"_eb_attr":"","_uag_custom_page_level_css":"","_monsterinsights_skip_tracking":false,"_monsterinsights_sitenote_active":false,"_monsterinsights_sitenote_note":"","_monsterinsights_sitenote_category":0,"site-sidebar-layout":"default","site-content-layout":"","ast-site-content-layout":"default","site-content-style":"default","site-sidebar-style":"default","ast-global-header-display":"","ast-banner-title-visibility":"","ast-main-header-display":"","ast-hfb-above-header-display":"","ast-hfb-below-header-display":"","ast-hfb-mobile-header-display":"","site-post-title":"","ast-breadcrumbs-content":"","ast-featured-img":"","footer-sml-layout":"","theme-transparent-header-meta":"","adv-header-id-meta":"","stick-header-meta":"","header-above-stick-meta":"","header-main-stick-meta":"","header-below-stick-meta":"","astra-migrate-meta-layouts":"default","ast-page-background-enabled":"default","ast-page-background-meta":{"desktop":{"background-color":"var(--ast-global-color-4)","background-image":"","background-repeat":"repeat","background-position":"center center","background-size":"auto","background-attachment":"scroll","background-type":"","background-media":"","overlay-type":"","overlay-color":"","overlay-opacity":"","overlay-gradient":""},"tablet":{"background-color":"","background-image":"","background-repeat":"repeat","background-position":"center center","background-size":"auto","background-attachment":"scroll","background-type":"","background-media":"","overlay-type":"","overlay-color":"","overlay-opacity":"","overlay-gradient":""},"mobile":{"background-color":"","background-image":"","background-repeat":"repeat","background-position":"center center","background-size":"auto","background-attachment":"scroll","background-type":"","background-media":"","overlay-type":"","overlay-color":"","overlay-opacity":"","overlay-gradient":""}},"ast-content-background-meta":{"desktop":{"background-color":"var(--ast-global-color-5)","background-image":"","background-repeat":"repeat","background-position":"center center","background-size":"auto","background-attachment":"scroll","background-type":"","background-media":"","overlay-type":"","overlay-color":"","overlay-opacity":"","overlay-gradient":""},"tablet":{"background-color":"var(--ast-global-color-5)","background-image":"","background-repeat":"repeat","background-position":"center center","background-size":"auto","background-attachment":"scroll","background-type":"","background-media":"","overlay-type":"","overlay-color":"","overlay-opacity":"","overlay-gradient":""},"mobile":{"background-color":"var(--ast-global-color-5)","background-image":"","background-repeat":"repeat","background-position":"center center","background-size":"auto","background-attachment":"scroll","background-type":"","background-media":"","overlay-type":"","overlay-color":"","overlay-opacity":"","overlay-gradient":""}},"footnotes":""},"class_list":["post-10050","page","type-page","status-publish","hentry"],"uagb_featured_image_src":{"full":false,"thumbnail":false,"medium":false,"medium_large":false,"large":false,"1536x1536":false,"2048x2048":false,"woocommerce_thumbnail":false,"woocommerce_single":false,"woocommerce_gallery_thumbnail":false},"uagb_author_info":{"display_name":"Catchlife Aesthetic","author_link":"https:\/\/catchlifeaesthetic.com\/fr\/author\/admincatchlife-com-tr\/"},"uagb_comment_info":0,"uagb_excerpt":"Qu&rsquo;est-ce que la technique de l&rsquo;implant All on 6 ? Dans le traitement \u00ab\u00a0all on six\u00a0\u00bb, une proth\u00e8se permanente est cr\u00e9\u00e9e \u00e0 l&rsquo;aide de 6 implants qui servent de piliers aux dents. Six implants sont plac\u00e9s dans l&rsquo;os de la m\u00e2choire inf\u00e9rieure ou sup\u00e9rieure et les dents sont fabriqu\u00e9es sur ces implants. Quelle est la\u2026","_links":{"self":[{"href":"https:\/\/catchlifeaesthetic.com\/fr\/wp-json\/wp\/v2\/pages\/10050","targetHints":{"allow":["GET"]}}],"collection":[{"href":"https:\/\/catchlifeaesthetic.com\/fr\/wp-json\/wp\/v2\/pages"}],"about":[{"href":"https:\/\/catchlifeaesthetic.com\/fr\/wp-json\/wp\/v2\/types\/page"}],"author":[{"embeddable":true,"href":"https:\/\/catchlifeaesthetic.com\/fr\/wp-json\/wp\/v2\/users\/1"}],"replies":[{"embeddable":true,"href":"https:\/\/catchlifeaesthetic.com\/fr\/wp-json\/wp\/v2\/comments?post=10050"}],"version-history":[{"count":1,"href":"https:\/\/catchlifeaesthetic.com\/fr\/wp-json\/wp\/v2\/pages\/10050\/revisions"}],"predecessor-version":[{"id":10055,"href":"https:\/\/catchlifeaesthetic.com\/fr\/wp-json\/wp\/v2\/pages\/10050\/revisions\/10055"}],"up":[{"embeddable":true,"href":"https:\/\/catchlifeaesthetic.com\/fr\/wp-json\/wp\/v2\/pages\/9811"}],"wp:attachment":[{"href":"https:\/\/catchlifeaesthetic.com\/fr\/wp-json\/wp\/v2\/media?parent=10050"}],"curies":[{"name":"wp","href":"https:\/\/api.w.org\/{rel}","templated":true}]}}