{"id":10054,"date":"2024-07-11T10:33:43","date_gmt":"2024-07-11T10:33:43","guid":{"rendered":"https:\/\/catchlifeaesthetic.com\/traitement-dentaire-turquie\/tous-sur-4\/"},"modified":"2024-07-16T11:50:06","modified_gmt":"2024-07-16T11:50:06","slug":"tous-sur-4","status":"publish","type":"page","link":"https:\/\/catchlifeaesthetic.com\/fr\/traitement-dentaire-turquie\/tous-sur-4\/","title":{"rendered":"TOUS SUR 4"},"content":{"rendered":"\n<figure class=\"wp-block-image\"><img decoding=\"async\" src=\"https:\/\/www.catchlifedental.com\/assets\/images\/dental-tourism\/services\/allon6blog.jpg\" alt=\"image\"\/><\/figure>\n\n<h5 class=\"wp-block-heading\">Qu&rsquo;est-ce que la technique de l&rsquo;implant All On Four ?<\/h5>\n\n<p>La technique de l&rsquo;implant All On Four est une proc\u00e9dure qui permet de fixer la proth\u00e8se dentaire sur quatre implants dentaires plac\u00e9s \u00e0 certains angles chez des patients compl\u00e8tement \u00e9dent\u00e9s. Chez les patients \u00e9dent\u00e9s, les implants ne peuvent pas \u00eatre plac\u00e9s dans ces zones en raison de la perte de l&rsquo;os de la m\u00e2choire, de la diminution de la distance entre le canal nerveux de la m\u00e2choire inf\u00e9rieure et de l&rsquo;affaissement des cavit\u00e9s sinusiennes de la m\u00e2choire sup\u00e9rieure. Dans ce cas, une proth\u00e8se fixe peut \u00eatre r\u00e9alis\u00e9e gr\u00e2ce aux implants plac\u00e9s uniquement dans la r\u00e9gion ant\u00e9rieure avec la technique \u00ab\u00a0all on four\u00a0\u00bb. Les proth\u00e8ses fixes, qui peuvent \u00eatre r\u00e9alis\u00e9es gr\u00e2ce \u00e0 la proc\u00e9dure All-on-four, permettent au patient de mastiquer sans probl\u00e8me. Comme la stabilit\u00e9 de la proth\u00e8se est assur\u00e9e par les implants, les patients n&rsquo;ont pas besoin d&rsquo;utiliser des proth\u00e8ses plus grandes.<\/p>\n\n<h5 class=\"wp-block-heading\">Quels sont les avantages des proth\u00e8ses \u00ab\u00a0tout sur quatre\u00a0\u00bb ?<\/h5>\n\n<ul class=\"wp-block-list\">\n<li>C&rsquo;est la technique qui n\u00e9cessite une seule intervention chirurgicale chez les patients \u00e9dent\u00e9s.<\/li>\n\n\n\n<li>Il ne comprend pas de proc\u00e9dures chirurgicales avanc\u00e9es telles que le soul\u00e8vement des sinus ou la greffe osseuse.<\/li>\n\n\n\n<li>Les implants angulaires plac\u00e9s \u00e0 l&rsquo;arri\u00e8re de l&rsquo;os de la m\u00e2choire n&rsquo;endommagent pas les formations anatomiques.<\/li>\n\n\n\n<li>Il est planifi\u00e9 en fonction de la personne.<\/li>\n\n\n\n<li>Il est plus facile \u00e0 nettoyer et \u00e0 entretenir.<\/li>\n\n\n\n<li>Il convient aux patients qui ne peuvent pas utiliser de proth\u00e8ses amovibles et qui ont un r\u00e9flexe naus\u00e9eux.<\/li>\n\n\n\n<li>Sa conception est diff\u00e9rente de celle des proth\u00e8ses dentaires compl\u00e8tes (palais).<\/li>\n\n\n\n<li>Peu de rendez-vous sont n\u00e9cessaires.<\/li>\n<\/ul>\n\n<h5 class=\"wp-block-heading\">Qui peut b\u00e9n\u00e9ficier de la technique d&rsquo;implantation All On 4 ?<\/h5>\n\n<p>Le traitement All On Four peut \u00eatre appliqu\u00e9 \u00e0 tous les patients \u00e9dent\u00e9s (sans dents) qui ne souffrent d&rsquo;aucune maladie pouvant emp\u00eacher la pose d&rsquo;un implant dentaire et qui ont un volume osseux suffisant.<\/p>\n\n<h5 class=\"wp-block-heading\">Quelle est la proc\u00e9dure du traitement All On 4 ?<\/h5>\n\n<p>Le patient qui souhaite b\u00e9n\u00e9ficier du traitement All On 4 subit, dans un premier temps, un examen clinique et radiologique d\u00e9taill\u00e9. Le traitement est planifi\u00e9 en fonction des mesures effectu\u00e9es sur la radiographie. All On 4 se compose de deux phases, l&rsquo;une chirurgicale et l&rsquo;autre proth\u00e9tique. 4 implants sont pos\u00e9s sur le patient conform\u00e9ment \u00e0 la planification. Le m\u00eame jour, la proth\u00e8se dentaire temporaire est fix\u00e9e sur l&rsquo;implant. Apr\u00e8s 3 mois, le patient re\u00e7oit une proth\u00e8se dentaire permanente. Apr\u00e8s le traitement All On 4, le processus de traitement et de r\u00e9tablissement est court et indolore. Les fonctions de mastication et d&rsquo;\u00e9locution sont \u00e9galement r\u00e9alis\u00e9es le m\u00eame jour.<\/p>\n\n<h3 class=\"wp-block-heading\">Questions fr\u00e9quemment pos\u00e9es :<\/h3>\n\n<h5 class=\"wp-block-heading\">Combien de temps dure la pose d&rsquo;un implant ?<\/h5>\n\n<p>En fonction de la r\u00e9gion \u00e0 placer et du nombre de dents implant\u00e9es, il s&rsquo;agit d&rsquo;un processus qui dure en moyenne entre 30 et 60 minutes.<\/p>\n\n<h5 class=\"wp-block-heading\">Quelle est la dur\u00e9e totale du traitement ?<\/h5>\n\n<p>Elle peut varier de 3 \u00e0 9 mois en fonction du plan de traitement.<\/p>\n\n<h5 class=\"wp-block-heading\">Que puis-je manger apr\u00e8s une op\u00e9ration d&rsquo;implantation ?<\/h5>\n\n<p>Vous devez consommer des aliments mous et liquides pendant les quelques jours qui suivent l&rsquo;intervention.<\/p>\n\n<h5 class=\"wp-block-heading\">Quel est le r\u00f4le du patient dans le traitement des implants dentaires ?<\/h5>\n\n<p>Le brossage des dents et l&rsquo;utilisation du fil dentaire font partie des traitements \u00e0 domicile, mais vous devez vous rendre r\u00e9guli\u00e8rement chez le dentiste.<\/p>\n\n<h5 class=\"wp-block-heading\">Quelle est la dur\u00e9e de vie des dents implant\u00e9es ?<\/h5>\n\n<p>Des dents correctement utilis\u00e9es et entretenues peuvent servir toute une vie, mais des examens r\u00e9guliers sont n\u00e9cessaires.<\/p>\n\n<h5 class=\"wp-block-heading\">Que se passe-t-il si la dent ne s&rsquo;int\u00e8gre pas \u00e0 l&rsquo;os ?<\/h5>\n\n<p>L&rsquo;implant est retir\u00e9 et la zone est laiss\u00e9e \u00e0 la cicatrisation. Apr\u00e8s un certain temps, si l&rsquo;os existant est ad\u00e9quat, un autre implant est plac\u00e9 dans cette zone.<\/p>\n\n<h3 class=\"wp-block-heading\">Obtenir un devis gratuit<\/h3>\n\n<div\n\tclass=\"root-eb-wpforms-b2t64 wp-block-essential-blocks-wpforms\">\n\t<div class=\"eb-parent-eb-wpforms-b2t64  eb-parent-wrapper\">\n\t\t<div class=\"eb-wpforms-b2t64 eb-wpforms-wrapper\">\n\t\t\t<div class=\"wpforms-container wpforms-container-full contact-wpforms\" id=\"wpforms-939\"><form id=\"wpforms-form-939\" class=\"wpforms-validate wpforms-form wpforms-ajax-form\" data-formid=\"939\" method=\"post\" enctype=\"multipart\/form-data\" action=\"\/fr\/wp-json\/wp\/v2\/pages\/10054\" data-token=\"1ded982a3f772315fce0a7fabf9805cd\"><noscript class=\"wpforms-error-noscript\">Veuillez activer JavaScript dans votre navigateur pour remplir ce formulaire.<\/noscript><div class=\"wpforms-field-container\"><div id=\"wpforms-939-field_0-container\" class=\"wpforms-field wpforms-field-name\" data-field-id=\"0\"><label class=\"wpforms-field-label\" for=\"wpforms-939-field_0\">Full Name <span class=\"wpforms-required-label\">*<\/span><\/label><input type=\"text\" id=\"wpforms-939-field_0\" class=\"wpforms-field-large wpforms-field-required\" name=\"wpforms[fields][0]\" required><\/div><div id=\"wpforms-939-field_1-container\" class=\"wpforms-field wpforms-field-email\" data-field-id=\"1\"><label class=\"wpforms-field-label\" for=\"wpforms-939-field_1\">Email <span class=\"wpforms-required-label\">*<\/span><\/label><input type=\"email\" id=\"wpforms-939-field_1\" class=\"wpforms-field-large wpforms-field-required\" name=\"wpforms[fields][1]\" required><\/div><div id=\"wpforms-939-field_9-container\" class=\"wpforms-field wpforms-field-phone\" data-field-id=\"9\"><label class=\"wpforms-field-label\" for=\"wpforms-939-field_9\">Phone <span class=\"wpforms-required-label\">*<\/span><\/label><input type=\"tel\" id=\"wpforms-939-field_9\" class=\"wpforms-field-medium wpforms-field-required wpforms-smart-phone-field\" data-rule-smart-phone-field=\"true\" name=\"wpforms[fields][9]\" required><\/div><div id=\"wpforms-939-field_5-container\" class=\"wpforms-field wpforms-field-select wpforms-field-select-style-classic\" data-field-id=\"5\"><label class=\"wpforms-field-label\" for=\"wpforms-939-field_5\">I&#039;m Interested In <span class=\"wpforms-required-label\">*<\/span><\/label><select id=\"wpforms-939-field_5\" class=\"wpforms-field-large wpforms-field-required\" name=\"wpforms[fields][5]\" required=\"required\"><option value=\"\" class=\"placeholder\" disabled  selected='selected'>&#8211; Please select &#8211;<\/option><option value=\"Tummy Tuck\" >Tummy Tuck<\/option><option value=\"Breast Augmenttion\" >Breast Augmenttion<\/option><option value=\"Liposuction\" >Liposuction<\/option><option value=\"Face Aesthetic\" >Face Aesthetic<\/option><option value=\"Brazilian But Lift\" >Brazilian But Lift<\/option><option value=\"Rhinolasty\" >Rhinolasty<\/option><option value=\"Gastric Sleeve\" >Gastric Sleeve<\/option><option value=\"Gastric Balloon\" >Gastric Balloon<\/option><option value=\"Dental Treatment\" >Dental Treatment<\/option><option value=\"Eye Treatment\" >Eye Treatment<\/option><option value=\"Genital Aesthetic\" >Genital Aesthetic<\/option><option value=\"Other Proccedures\" >Other Proccedures<\/option><\/select><\/div><div id=\"wpforms-939-field_6-container\" class=\"wpforms-field wpforms-field-select wpforms-field-select-style-classic\" data-field-id=\"6\"><label class=\"wpforms-field-label\" for=\"wpforms-939-field_6\">Preferred Time to Contact <span class=\"wpforms-required-label\">*<\/span><\/label><select id=\"wpforms-939-field_6\" class=\"wpforms-field-large wpforms-field-required\" name=\"wpforms[fields][6]\" required=\"required\"><option value=\"\" class=\"placeholder\" disabled  selected='selected'>&#8211; Please select &#8211;<\/option><option value=\"Any Time\" >Any Time<\/option><option value=\"9 - 12 AM\" >9 &#8211; 12 AM<\/option><option value=\"12 - 3 PM\" >12 &#8211; 3 PM<\/option><option value=\"3 - 6 PM\" >3 &#8211; 6 PM<\/option><option value=\"6 - 9 PM\" >6 &#8211; 9 PM<\/option><\/select><\/div><div id=\"wpforms-939-field_10-container\" class=\"wpforms-field wpforms-field-select wpforms-field-select-style-classic\" data-field-id=\"10\"><label class=\"wpforms-field-label\" for=\"wpforms-939-field_10\">Preferred Method to Contact <span class=\"wpforms-required-label\">*<\/span><\/label><select id=\"wpforms-939-field_10\" class=\"wpforms-field-large wpforms-field-required\" name=\"wpforms[fields][10]\" required=\"required\"><option value=\"\" class=\"placeholder\" disabled  selected='selected'>&#8211; Please select &#8211;<\/option><option value=\"WhatsApp Message\" >WhatsApp Message<\/option><option value=\"WhatsApp Call\" >WhatsApp Call<\/option><option value=\"Phone Call\" >Phone Call<\/option><option value=\"Email\" >Email<\/option><\/select><\/div><div id=\"wpforms-939-field_8-container\" class=\"wpforms-field wpforms-field-checkbox newsletter-checkbox\" data-field-id=\"8\"><label class=\"wpforms-field-label wpforms-label-hide\" for=\"wpforms-939-field_8\">Checkboxes<\/label><ul id=\"wpforms-939-field_8\"><li class=\"choice-1 depth-1\"><input type=\"checkbox\" id=\"wpforms-939-field_8_1\" name=\"wpforms[fields][8][]\" value=\"Newsletter Signup\"  ><label class=\"wpforms-field-label-inline\" for=\"wpforms-939-field_8_1\">Newsletter Signup<\/label><\/li><\/ul><\/div><div id=\"wpforms-939-field_11-container\" class=\"wpforms-field wpforms-field-hidden\" data-field-id=\"11\"><input type=\"hidden\" id=\"wpforms-939-field_11\" name=\"wpforms[fields][11]\"><\/div><\/div><div class=\"wpforms-submit-container\"><input type=\"hidden\" name=\"wpforms[id]\" value=\"939\"><input type=\"hidden\" name=\"wpforms[author]\" value=\"1\"><button type=\"submit\" name=\"wpforms[submit]\" id=\"wpforms-submit-939\" class=\"wpforms-submit contact-wpforms-button\" aria-live=\"assertive\" value=\"wpforms-submit\">Send Form<\/button><img loading=\"lazy\" decoding=\"async\" src=\"https:\/\/catchlifeaesthetic.com\/wp-content\/plugins\/wpforms\/assets\/images\/submit-spin.svg\" class=\"wpforms-submit-spinner\" style=\"display: none;\" width=\"26\" height=\"26\" alt=\"Chargement en cours\"><\/div><\/form><\/div>  <!-- .wpforms-container -->\t\t<\/div>\n\t<\/div>\n<\/div>\n","protected":false},"excerpt":{"rendered":"<p>Qu&rsquo;est-ce que la technique de l&rsquo;implant All On Four ? La technique de l&rsquo;implant All On Four est une proc\u00e9dure qui permet de fixer la proth\u00e8se dentaire sur quatre implants dentaires plac\u00e9s \u00e0 certains angles chez des patients compl\u00e8tement \u00e9dent\u00e9s. Chez les patients \u00e9dent\u00e9s, les implants ne peuvent pas \u00eatre plac\u00e9s dans ces zones en [&hellip;]<\/p>\n","protected":false},"author":1,"featured_media":0,"parent":9811,"menu_order":0,"comment_status":"closed","ping_status":"closed","template":"","meta":{"_eb_attr":"","_uag_custom_page_level_css":"","_monsterinsights_skip_tracking":false,"_monsterinsights_sitenote_active":false,"_monsterinsights_sitenote_note":"","_monsterinsights_sitenote_category":0,"site-sidebar-layout":"default","site-content-layout":"","ast-site-content-layout":"default","site-content-style":"default","site-sidebar-style":"default","ast-global-header-display":"","ast-banner-title-visibility":"","ast-main-header-display":"","ast-hfb-above-header-display":"","ast-hfb-below-header-display":"","ast-hfb-mobile-header-display":"","site-post-title":"","ast-breadcrumbs-content":"","ast-featured-img":"","footer-sml-layout":"","theme-transparent-header-meta":"","adv-header-id-meta":"","stick-header-meta":"","header-above-stick-meta":"","header-main-stick-meta":"","header-below-stick-meta":"","astra-migrate-meta-layouts":"default","ast-page-background-enabled":"default","ast-page-background-meta":{"desktop":{"background-color":"var(--ast-global-color-4)","background-image":"","background-repeat":"repeat","background-position":"center center","background-size":"auto","background-attachment":"scroll","background-type":"","background-media":"","overlay-type":"","overlay-color":"","overlay-opacity":"","overlay-gradient":""},"tablet":{"background-color":"","background-image":"","background-repeat":"repeat","background-position":"center center","background-size":"auto","background-attachment":"scroll","background-type":"","background-media":"","overlay-type":"","overlay-color":"","overlay-opacity":"","overlay-gradient":""},"mobile":{"background-color":"","background-image":"","background-repeat":"repeat","background-position":"center center","background-size":"auto","background-attachment":"scroll","background-type":"","background-media":"","overlay-type":"","overlay-color":"","overlay-opacity":"","overlay-gradient":""}},"ast-content-background-meta":{"desktop":{"background-color":"var(--ast-global-color-5)","background-image":"","background-repeat":"repeat","background-position":"center center","background-size":"auto","background-attachment":"scroll","background-type":"","background-media":"","overlay-type":"","overlay-color":"","overlay-opacity":"","overlay-gradient":""},"tablet":{"background-color":"var(--ast-global-color-5)","background-image":"","background-repeat":"repeat","background-position":"center center","background-size":"auto","background-attachment":"scroll","background-type":"","background-media":"","overlay-type":"","overlay-color":"","overlay-opacity":"","overlay-gradient":""},"mobile":{"background-color":"var(--ast-global-color-5)","background-image":"","background-repeat":"repeat","background-position":"center center","background-size":"auto","background-attachment":"scroll","background-type":"","background-media":"","overlay-type":"","overlay-color":"","overlay-opacity":"","overlay-gradient":""}},"footnotes":""},"class_list":["post-10054","page","type-page","status-publish","hentry"],"uagb_featured_image_src":{"full":false,"thumbnail":false,"medium":false,"medium_large":false,"large":false,"1536x1536":false,"2048x2048":false,"woocommerce_thumbnail":false,"woocommerce_single":false,"woocommerce_gallery_thumbnail":false},"uagb_author_info":{"display_name":"Catchlife Aesthetic","author_link":"https:\/\/catchlifeaesthetic.com\/fr\/author\/admincatchlife-com-tr\/"},"uagb_comment_info":0,"uagb_excerpt":"Qu&rsquo;est-ce que la technique de l&rsquo;implant All On Four ? La technique de l&rsquo;implant All On Four est une proc\u00e9dure qui permet de fixer la proth\u00e8se dentaire sur quatre implants dentaires plac\u00e9s \u00e0 certains angles chez des patients compl\u00e8tement \u00e9dent\u00e9s. Chez les patients \u00e9dent\u00e9s, les implants ne peuvent pas \u00eatre plac\u00e9s dans ces zones en\u2026","_links":{"self":[{"href":"https:\/\/catchlifeaesthetic.com\/fr\/wp-json\/wp\/v2\/pages\/10054","targetHints":{"allow":["GET"]}}],"collection":[{"href":"https:\/\/catchlifeaesthetic.com\/fr\/wp-json\/wp\/v2\/pages"}],"about":[{"href":"https:\/\/catchlifeaesthetic.com\/fr\/wp-json\/wp\/v2\/types\/page"}],"author":[{"embeddable":true,"href":"https:\/\/catchlifeaesthetic.com\/fr\/wp-json\/wp\/v2\/users\/1"}],"replies":[{"embeddable":true,"href":"https:\/\/catchlifeaesthetic.com\/fr\/wp-json\/wp\/v2\/comments?post=10054"}],"version-history":[{"count":1,"href":"https:\/\/catchlifeaesthetic.com\/fr\/wp-json\/wp\/v2\/pages\/10054\/revisions"}],"predecessor-version":[{"id":10060,"href":"https:\/\/catchlifeaesthetic.com\/fr\/wp-json\/wp\/v2\/pages\/10054\/revisions\/10060"}],"up":[{"embeddable":true,"href":"https:\/\/catchlifeaesthetic.com\/fr\/wp-json\/wp\/v2\/pages\/9811"}],"wp:attachment":[{"href":"https:\/\/catchlifeaesthetic.com\/fr\/wp-json\/wp\/v2\/media?parent=10054"}],"curies":[{"name":"wp","href":"https:\/\/api.w.org\/{rel}","templated":true}]}}