{"id":10056,"date":"2024-07-11T10:46:05","date_gmt":"2024-07-11T10:46:05","guid":{"rendered":"https:\/\/catchlifeaesthetic.com\/traitement-dentaire-turquie\/placages-en-stratifie-e-max\/"},"modified":"2024-07-16T11:50:07","modified_gmt":"2024-07-16T11:50:07","slug":"placages-en-stratifie-e-max","status":"publish","type":"page","link":"https:\/\/catchlifeaesthetic.com\/fr\/traitement-dentaire-turquie\/placages-en-stratifie-e-max\/","title":{"rendered":"Placages en stratifi\u00e9 E-Max"},"content":{"rendered":"\n<figure class=\"wp-block-image\"><img decoding=\"async\" src=\"https:\/\/www.catchlifedental.com\/assets\/images\/dental-tourism\/services\/lamineveenersblog.jpg\" alt=\"image\"\/><\/figure>\n\n<h5 class=\"wp-block-heading\">Qu&rsquo;est-ce qu&rsquo;un traitement de placage stratifi\u00e9 ?<\/h5>\n\n<p>Avec cette m\u00e9thode de traitement, qui s&rsquo;applique g\u00e9n\u00e9ralement aux dents de devant, des feuilles de porcelaine tr\u00e8s fines sont coll\u00e9es sur vos dents de devant afin d&rsquo;en am\u00e9liorer l&rsquo;aspect.<\/p>\n\n<h5 class=\"wp-block-heading\">Comment se d\u00e9roule la proc\u00e9dure de traitement des facettes stratifi\u00e9es ?<\/h5>\n\n<p>Avant la pose de la facette stratifi\u00e9e, le patient subit un examen dentaire d\u00e9taill\u00e9. Le dentiste d\u00e9termine les besoins du patient et planifie le traitement. Tout d&rsquo;abord, l&rsquo;avant des dents est fa\u00e7onn\u00e9. Ensuite, l&rsquo;avant des dents est pr\u00e9par\u00e9 pour la pose de la facette. L&rsquo;engourdissement des gencives permet de r\u00e9duire la douleur ressentie par le patient lors de l&rsquo;application. Une petite partie est pr\u00e9par\u00e9e dans la partie ant\u00e9rieure de la dent \u00e0 l&rsquo;aide d&rsquo;une fraise. Il est tr\u00e8s important que cette partie soit compatible avec le rev\u00eatement stratifi\u00e9. Des mesures sont prises dans la bouche pour fabriquer les dents. Les facettes en stratifi\u00e9 sont pr\u00e9par\u00e9es en 5 \u00e0 6 jours en moyenne. Si n\u00e9cessaire, un stratifi\u00e9 ou une obturation temporaire peut \u00eatre appliqu\u00e9 sur le patient. La proc\u00e9dure s&rsquo;ach\u00e8ve une fois que les dents stratifi\u00e9es sont fermement coll\u00e9es aux dents du patient. La proc\u00e9dure est g\u00e9n\u00e9ralement achev\u00e9e en 2 ou 3 s\u00e9ances si aucun traitement ou intervention esth\u00e9tique n&rsquo;est n\u00e9cessaire sur les gencives des patients ayant b\u00e9n\u00e9fici\u00e9 d&rsquo;une application de dents stratifi\u00e9es. \u00c0 la fin de cette p\u00e9riode, les patients peuvent commencer \u00e0 utiliser leurs dents stratifi\u00e9es sans probl\u00e8me.<\/p>\n\n<h5 class=\"wp-block-heading\">Qui peut b\u00e9n\u00e9ficier de ce traitement ?<\/h5>\n\n<ul class=\"wp-block-list\">\n<li>Plus de 18 ans, sans bruxisme ni troubles mentaux<\/li>\n\n\n\n<li>Les personnes qui ne peuvent pas obtenir la blancheur souhait\u00e9e en raison d&rsquo;une perte de couleur.<\/li>\n\n\n\n<li>Personnes pr\u00e9sentant un l\u00e9ger crochetage des dents<\/li>\n\n\n\n<li>Les personnes ayant des dents manquantes<\/li>\n\n\n\n<li>Ceux qui veulent avoir un sourire esth\u00e9tique et id\u00e9al<\/li>\n\n\n\n<li>Dans l&rsquo;allongement des dents qui sont courtes en raison de facteurs g\u00e9n\u00e9tiques ou d&rsquo;autres raisons.<\/li>\n\n\n\n<li>Dans le traitement des dents us\u00e9es<\/li>\n\n\n\n<li>Dans le traitement des dents cass\u00e9es ou fissur\u00e9es<\/li>\n<\/ul>\n\n<h5 class=\"wp-block-heading\">Quelles sont les personnes qui ne peuvent pas b\u00e9n\u00e9ficier de ce traitement ?<\/h5>\n\n<ul class=\"wp-block-list\">\n<li>Personnes dont la m\u00e2choire inf\u00e9rieure est plus avanc\u00e9e que la m\u00e2choire sup\u00e9rieure<\/li>\n\n\n\n<li>Chez les personnes qui serrent les dents de mani\u00e8re agressive pendant le sommeil ou dans la vie quotidienne<\/li>\n\n\n\n<li>Les personnes ayant des dents excessivement d\u00e9form\u00e9es<\/li>\n\n\n\n<li>Les personnes qui ont des caries ou des fractures caus\u00e9es par des chocs et qui ne disposent pas d&rsquo;un espace suffisant pour la pose de facettes stratifi\u00e9es.<\/li>\n\n\n\n<li>Pour les patients atteints de fluorose qui provoque des lignes blanches, des taches grises, des piq\u00fbres ou des taches noires sur les dents.<\/li>\n\n\n\n<li>Dans les maladies qui provoquent une faible connexion dans la structure de l&rsquo;\u00e9mail<\/li>\n<\/ul>\n\n<h5 class=\"wp-block-heading\">Quels sont les avantages du traitement par facettes stratifi\u00e9es ?<\/h5>\n\n<ul class=\"wp-block-list\">\n<li>Les dents sont l\u00e9g\u00e8rement abras\u00e9es et des r\u00e9sultats visibles sont obtenus en peu de temps.<\/li>\n\n\n\n<li>C&rsquo;est un processus tr\u00e8s confortable pour les patients.<\/li>\n\n\n\n<li>La couleur de la dent est tr\u00e8s proche de la couleur naturelle de la dent gr\u00e2ce \u00e0 sa caract\u00e9ristique de transmission de la lumi\u00e8re.<\/li>\n\n\n\n<li>Un bon ajustement peut \u00eatre obtenu entre les dents et les gencives.<\/li>\n\n\n\n<li>Il n&rsquo;est pas affect\u00e9 par des facteurs tels que la cigarette, le th\u00e9, le caf\u00e9 et ne change pas de couleur.<\/li>\n<\/ul>\n\n<h5 class=\"wp-block-heading\">Quels sont les inconv\u00e9nients du traitement par facettes stratifi\u00e9es ?<\/h5>\n\n<ul class=\"wp-block-list\">\n<li>De la prise des mesures \u00e0 la pr\u00e9paration des dents, en passant par le collage des lamelles de porcelaine pr\u00e9par\u00e9es, toutes ces \u00e9tapes sont des processus qui requi\u00e8rent beaucoup de sensibilit\u00e9 et d&rsquo;exp\u00e9rience.<\/li>\n\n\n\n<li>Elle est plus co\u00fbteuse que les autres m\u00e9thodes de traitement.<\/li>\n\n\n\n<li>Bien que cela soit tr\u00e8s rare, les stratifi\u00e9s en porcelaine peuvent se s\u00e9parer de la dent et tomber. Ces probl\u00e8mes sont g\u00e9n\u00e9ralement dus \u00e0 une erreur du m\u00e9decin et au fait que le collage n&rsquo;a pas \u00e9t\u00e9 effectu\u00e9 correctement. Dans ce cas, les stratifi\u00e9s en porcelaine sont recoll\u00e9s.<\/li>\n<\/ul>\n\n<h3 class=\"wp-block-heading\">Questions fr\u00e9quemment pos\u00e9es :<\/h3>\n\n<h5 class=\"wp-block-heading\">Est-ce un processus douloureux ?<\/h5>\n\n<p>Il peut y avoir une l\u00e9g\u00e8re sensibilit\u00e9, ce \u00e0 quoi nous nous attendons, mais pas de douleur s\u00e9v\u00e8re. la sensibilit\u00e9 est \u00e9galement temporaire.<\/p>\n\n<h5 class=\"wp-block-heading\">Les placages stratifi\u00e9s sont-ils cassables ?<\/h5>\n\n<p>Tant qu&rsquo;ils sont solidement attach\u00e9s, ils ne se casseront pas. Toutefois, les aliments durs doivent \u00eatre \u00e9vit\u00e9s et les habitudes telles que l&rsquo;ouverture des couvercles avec les dents ne doivent pas \u00eatre prises. Si ces habitudes existent, le lien entre les dents et les gencives peut se d\u00e9t\u00e9riorer avec le temps.<\/p>\n\n<h5 class=\"wp-block-heading\">Les placages stratifi\u00e9s changent-ils de couleur ?<\/h5>\n\n<p>Ils ne sont pas affect\u00e9s par la coloration du th\u00e9, du caf\u00e9 et des aliments et conservent leur couleur pendant longtemps.<\/p>\n\n<h5 class=\"wp-block-heading\">Quelle est la dur\u00e9e de vie des placages stratifi\u00e9s ?<\/h5>\n\n<p>Vous pouvez les utiliser \u00e0 vie tant que vous ne les mordez pas de mani\u00e8re agressive.<\/p>\n\n<h5 class=\"wp-block-heading\">Les facettes stratifi\u00e9es peuvent-elles \u00eatre appliqu\u00e9es sur les dents du fond ?<\/h5>\n\n<p>Il ne peut \u00eatre appliqu\u00e9 qu&rsquo;aux dents ant\u00e9rieures. Les dents post\u00e9rieures \u00e9tant impliqu\u00e9es dans la mastication et expos\u00e9es \u00e0 une plus grande force, elles ne conviennent pas aux facettes stratifi\u00e9es.<\/p>\n\n<h3 class=\"wp-block-heading\">Obtenir un devis gratuit<\/h3>\n\n<div\n\tclass=\"root-eb-wpforms-b2t64 wp-block-essential-blocks-wpforms\">\n\t<div class=\"eb-parent-eb-wpforms-b2t64  eb-parent-wrapper\">\n\t\t<div class=\"eb-wpforms-b2t64 eb-wpforms-wrapper\">\n\t\t\t<div class=\"wpforms-container wpforms-container-full contact-wpforms\" id=\"wpforms-939\"><form id=\"wpforms-form-939\" class=\"wpforms-validate wpforms-form wpforms-ajax-form\" data-formid=\"939\" method=\"post\" enctype=\"multipart\/form-data\" action=\"\/fr\/wp-json\/wp\/v2\/pages\/10056\" data-token=\"35dd3b75201ebc86f9b935ee8b9d84e9\"><noscript class=\"wpforms-error-noscript\">Veuillez activer JavaScript dans votre navigateur pour remplir ce formulaire.<\/noscript><div class=\"wpforms-field-container\"><div id=\"wpforms-939-field_0-container\" class=\"wpforms-field wpforms-field-name\" data-field-id=\"0\"><label class=\"wpforms-field-label\" for=\"wpforms-939-field_0\">Full Name <span class=\"wpforms-required-label\">*<\/span><\/label><input type=\"text\" id=\"wpforms-939-field_0\" class=\"wpforms-field-large wpforms-field-required\" name=\"wpforms[fields][0]\" required><\/div><div id=\"wpforms-939-field_1-container\" class=\"wpforms-field wpforms-field-email\" data-field-id=\"1\"><label class=\"wpforms-field-label\" for=\"wpforms-939-field_1\">Email <span class=\"wpforms-required-label\">*<\/span><\/label><input type=\"email\" id=\"wpforms-939-field_1\" class=\"wpforms-field-large wpforms-field-required\" name=\"wpforms[fields][1]\" required><\/div><div id=\"wpforms-939-field_9-container\" class=\"wpforms-field wpforms-field-phone\" data-field-id=\"9\"><label class=\"wpforms-field-label\" for=\"wpforms-939-field_9\">Phone <span class=\"wpforms-required-label\">*<\/span><\/label><input type=\"tel\" id=\"wpforms-939-field_9\" class=\"wpforms-field-medium wpforms-field-required wpforms-smart-phone-field\" data-rule-smart-phone-field=\"true\" name=\"wpforms[fields][9]\" required><\/div><div id=\"wpforms-939-field_5-container\" class=\"wpforms-field wpforms-field-select wpforms-field-select-style-classic\" data-field-id=\"5\"><label class=\"wpforms-field-label\" for=\"wpforms-939-field_5\">I&#039;m Interested In <span class=\"wpforms-required-label\">*<\/span><\/label><select id=\"wpforms-939-field_5\" class=\"wpforms-field-large wpforms-field-required\" name=\"wpforms[fields][5]\" required=\"required\"><option value=\"\" class=\"placeholder\" disabled  selected='selected'>&#8211; Please select &#8211;<\/option><option value=\"Tummy Tuck\" >Tummy Tuck<\/option><option value=\"Breast Augmenttion\" >Breast Augmenttion<\/option><option value=\"Liposuction\" >Liposuction<\/option><option value=\"Face Aesthetic\" >Face Aesthetic<\/option><option value=\"Brazilian But Lift\" >Brazilian But Lift<\/option><option value=\"Rhinolasty\" >Rhinolasty<\/option><option value=\"Gastric Sleeve\" >Gastric Sleeve<\/option><option value=\"Gastric Balloon\" >Gastric Balloon<\/option><option value=\"Dental Treatment\" >Dental Treatment<\/option><option value=\"Eye Treatment\" >Eye Treatment<\/option><option value=\"Genital Aesthetic\" >Genital Aesthetic<\/option><option value=\"Other Proccedures\" >Other Proccedures<\/option><\/select><\/div><div id=\"wpforms-939-field_6-container\" class=\"wpforms-field wpforms-field-select wpforms-field-select-style-classic\" data-field-id=\"6\"><label class=\"wpforms-field-label\" for=\"wpforms-939-field_6\">Preferred Time to Contact <span class=\"wpforms-required-label\">*<\/span><\/label><select id=\"wpforms-939-field_6\" class=\"wpforms-field-large wpforms-field-required\" name=\"wpforms[fields][6]\" required=\"required\"><option value=\"\" class=\"placeholder\" disabled  selected='selected'>&#8211; Please select &#8211;<\/option><option value=\"Any Time\" >Any Time<\/option><option value=\"9 - 12 AM\" >9 &#8211; 12 AM<\/option><option value=\"12 - 3 PM\" >12 &#8211; 3 PM<\/option><option value=\"3 - 6 PM\" >3 &#8211; 6 PM<\/option><option value=\"6 - 9 PM\" >6 &#8211; 9 PM<\/option><\/select><\/div><div id=\"wpforms-939-field_10-container\" class=\"wpforms-field wpforms-field-select wpforms-field-select-style-classic\" data-field-id=\"10\"><label class=\"wpforms-field-label\" for=\"wpforms-939-field_10\">Preferred Method to Contact <span class=\"wpforms-required-label\">*<\/span><\/label><select id=\"wpforms-939-field_10\" class=\"wpforms-field-large wpforms-field-required\" name=\"wpforms[fields][10]\" required=\"required\"><option value=\"\" class=\"placeholder\" disabled  selected='selected'>&#8211; Please select &#8211;<\/option><option value=\"WhatsApp Message\" >WhatsApp Message<\/option><option value=\"WhatsApp Call\" >WhatsApp Call<\/option><option value=\"Phone Call\" >Phone Call<\/option><option value=\"Email\" >Email<\/option><\/select><\/div><div id=\"wpforms-939-field_8-container\" class=\"wpforms-field wpforms-field-checkbox newsletter-checkbox\" data-field-id=\"8\"><label class=\"wpforms-field-label wpforms-label-hide\" for=\"wpforms-939-field_8\">Checkboxes<\/label><ul id=\"wpforms-939-field_8\"><li class=\"choice-1 depth-1\"><input type=\"checkbox\" id=\"wpforms-939-field_8_1\" name=\"wpforms[fields][8][]\" value=\"Newsletter Signup\"  ><label class=\"wpforms-field-label-inline\" for=\"wpforms-939-field_8_1\">Newsletter Signup<\/label><\/li><\/ul><\/div><div id=\"wpforms-939-field_11-container\" class=\"wpforms-field wpforms-field-hidden\" data-field-id=\"11\"><input type=\"hidden\" id=\"wpforms-939-field_11\" name=\"wpforms[fields][11]\"><\/div><\/div><div class=\"wpforms-submit-container\"><input type=\"hidden\" name=\"wpforms[id]\" value=\"939\"><input type=\"hidden\" name=\"wpforms[author]\" value=\"1\"><button type=\"submit\" name=\"wpforms[submit]\" id=\"wpforms-submit-939\" class=\"wpforms-submit contact-wpforms-button\" aria-live=\"assertive\" value=\"wpforms-submit\">Send Form<\/button><img loading=\"lazy\" decoding=\"async\" src=\"https:\/\/catchlifeaesthetic.com\/wp-content\/plugins\/wpforms\/assets\/images\/submit-spin.svg\" class=\"wpforms-submit-spinner\" style=\"display: none;\" width=\"26\" height=\"26\" alt=\"Chargement en cours\"><\/div><\/form><\/div>  <!-- .wpforms-container -->\t\t<\/div>\n\t<\/div>\n<\/div>\n","protected":false},"excerpt":{"rendered":"<p>Qu&rsquo;est-ce qu&rsquo;un traitement de placage stratifi\u00e9 ? Avec cette m\u00e9thode de traitement, qui s&rsquo;applique g\u00e9n\u00e9ralement aux dents de devant, des feuilles de porcelaine tr\u00e8s fines sont coll\u00e9es sur vos dents de devant afin d&rsquo;en am\u00e9liorer l&rsquo;aspect. Comment se d\u00e9roule la proc\u00e9dure de traitement des facettes stratifi\u00e9es ? Avant la pose de la facette stratifi\u00e9e, le [&hellip;]<\/p>\n","protected":false},"author":1,"featured_media":0,"parent":9811,"menu_order":0,"comment_status":"closed","ping_status":"closed","template":"","meta":{"_eb_attr":"","_uag_custom_page_level_css":"","_monsterinsights_skip_tracking":false,"_monsterinsights_sitenote_active":false,"_monsterinsights_sitenote_note":"","_monsterinsights_sitenote_category":0,"site-sidebar-layout":"default","site-content-layout":"","ast-site-content-layout":"default","site-content-style":"default","site-sidebar-style":"default","ast-global-header-display":"","ast-banner-title-visibility":"","ast-main-header-display":"","ast-hfb-above-header-display":"","ast-hfb-below-header-display":"","ast-hfb-mobile-header-display":"","site-post-title":"","ast-breadcrumbs-content":"","ast-featured-img":"","footer-sml-layout":"","theme-transparent-header-meta":"","adv-header-id-meta":"","stick-header-meta":"","header-above-stick-meta":"","header-main-stick-meta":"","header-below-stick-meta":"","astra-migrate-meta-layouts":"default","ast-page-background-enabled":"default","ast-page-background-meta":{"desktop":{"background-color":"var(--ast-global-color-4)","background-image":"","background-repeat":"repeat","background-position":"center center","background-size":"auto","background-attachment":"scroll","background-type":"","background-media":"","overlay-type":"","overlay-color":"","overlay-opacity":"","overlay-gradient":""},"tablet":{"background-color":"","background-image":"","background-repeat":"repeat","background-position":"center center","background-size":"auto","background-attachment":"scroll","background-type":"","background-media":"","overlay-type":"","overlay-color":"","overlay-opacity":"","overlay-gradient":""},"mobile":{"background-color":"","background-image":"","background-repeat":"repeat","background-position":"center center","background-size":"auto","background-attachment":"scroll","background-type":"","background-media":"","overlay-type":"","overlay-color":"","overlay-opacity":"","overlay-gradient":""}},"ast-content-background-meta":{"desktop":{"background-color":"var(--ast-global-color-5)","background-image":"","background-repeat":"repeat","background-position":"center center","background-size":"auto","background-attachment":"scroll","background-type":"","background-media":"","overlay-type":"","overlay-color":"","overlay-opacity":"","overlay-gradient":""},"tablet":{"background-color":"var(--ast-global-color-5)","background-image":"","background-repeat":"repeat","background-position":"center center","background-size":"auto","background-attachment":"scroll","background-type":"","background-media":"","overlay-type":"","overlay-color":"","overlay-opacity":"","overlay-gradient":""},"mobile":{"background-color":"var(--ast-global-color-5)","background-image":"","background-repeat":"repeat","background-position":"center center","background-size":"auto","background-attachment":"scroll","background-type":"","background-media":"","overlay-type":"","overlay-color":"","overlay-opacity":"","overlay-gradient":""}},"footnotes":""},"class_list":["post-10056","page","type-page","status-publish","hentry"],"uagb_featured_image_src":{"full":false,"thumbnail":false,"medium":false,"medium_large":false,"large":false,"1536x1536":false,"2048x2048":false,"woocommerce_thumbnail":false,"woocommerce_single":false,"woocommerce_gallery_thumbnail":false},"uagb_author_info":{"display_name":"Catchlife Aesthetic","author_link":"https:\/\/catchlifeaesthetic.com\/fr\/author\/admincatchlife-com-tr\/"},"uagb_comment_info":0,"uagb_excerpt":"Qu&rsquo;est-ce qu&rsquo;un traitement de placage stratifi\u00e9 ? Avec cette m\u00e9thode de traitement, qui s&rsquo;applique g\u00e9n\u00e9ralement aux dents de devant, des feuilles de porcelaine tr\u00e8s fines sont coll\u00e9es sur vos dents de devant afin d&rsquo;en am\u00e9liorer l&rsquo;aspect. Comment se d\u00e9roule la proc\u00e9dure de traitement des facettes stratifi\u00e9es ? Avant la pose de la facette stratifi\u00e9e, le\u2026","_links":{"self":[{"href":"https:\/\/catchlifeaesthetic.com\/fr\/wp-json\/wp\/v2\/pages\/10056","targetHints":{"allow":["GET"]}}],"collection":[{"href":"https:\/\/catchlifeaesthetic.com\/fr\/wp-json\/wp\/v2\/pages"}],"about":[{"href":"https:\/\/catchlifeaesthetic.com\/fr\/wp-json\/wp\/v2\/types\/page"}],"author":[{"embeddable":true,"href":"https:\/\/catchlifeaesthetic.com\/fr\/wp-json\/wp\/v2\/users\/1"}],"replies":[{"embeddable":true,"href":"https:\/\/catchlifeaesthetic.com\/fr\/wp-json\/wp\/v2\/comments?post=10056"}],"version-history":[{"count":1,"href":"https:\/\/catchlifeaesthetic.com\/fr\/wp-json\/wp\/v2\/pages\/10056\/revisions"}],"predecessor-version":[{"id":10061,"href":"https:\/\/catchlifeaesthetic.com\/fr\/wp-json\/wp\/v2\/pages\/10056\/revisions\/10061"}],"up":[{"embeddable":true,"href":"https:\/\/catchlifeaesthetic.com\/fr\/wp-json\/wp\/v2\/pages\/9811"}],"wp:attachment":[{"href":"https:\/\/catchlifeaesthetic.com\/fr\/wp-json\/wp\/v2\/media?parent=10056"}],"curies":[{"name":"wp","href":"https:\/\/api.w.org\/{rel}","templated":true}]}}