{"id":10067,"date":"2024-07-11T10:31:50","date_gmt":"2024-07-11T10:31:50","guid":{"rendered":"https:\/\/catchlifeaesthetic.com\/traitement-dentaire-turquie\/couronne-en-zirconium\/"},"modified":"2024-07-16T11:50:07","modified_gmt":"2024-07-16T11:50:07","slug":"couronne-en-zirconium","status":"publish","type":"page","link":"https:\/\/catchlifeaesthetic.com\/fr\/traitement-dentaire-turquie\/couronne-en-zirconium\/","title":{"rendered":"Couronne en zirconium"},"content":{"rendered":"\n<figure class=\"wp-block-image\"><img decoding=\"async\" src=\"https:\/\/www.catchlifedental.com\/assets\/images\/dental-tourism\/services\/lamineveenersblog.jpg\" alt=\"image\"\/><\/figure>\n\n<h3 class=\"wp-block-heading\">COURONNES DENTAIRES EN ZIRCONIUM<\/h3>\n\n<h5 class=\"wp-block-heading\">Qu&rsquo;est-ce qu&rsquo;une couronne en zirconium ?<\/h5>\n\n<p>La couronne en zirconium est une m\u00e9thode de traitement efficace en termes de durabilit\u00e9 et de compatibilit\u00e9 tissulaire, qui donne les meilleurs r\u00e9sultats en mati\u00e8re d&rsquo;esth\u00e9tique dentaire. Les couronnes en zirconium permettent d&rsquo;\u00e9viter la perte de dents, de retrouver un sourire sain et d&rsquo;obtenir un r\u00e9sultat aussi naturel que ses propres dents. Dans le cas d&rsquo;une couronne en zirconium, un mat\u00e9riau d&rsquo;infrastructure de couleur blanche est utilis\u00e9 \u00e0 la place du m\u00e9tal comme sous-structure.<\/p>\n\n<h5 class=\"wp-block-heading\">Champ d&rsquo;application :<br\/>Des couronnes en zirconium sont utilis\u00e9es :<\/h5>\n\n<ul class=\"wp-block-list\">\n<li>Coloration avanc\u00e9e des dents,<\/li>\n\n\n\n<li>Dans le traitement de la d\u00e9coloration h\u00e9r\u00e9ditaire de la structure,<\/li>\n\n\n\n<li>Dans les cas o\u00f9 un traitement orthodontique n&rsquo;est pas pr\u00e9f\u00e9rable, pour les dents discr\u00e8tes telles que les \u00ab\u00a0diast\u00e8mes\u00a0\u00bb ou pour le traitement des dents l\u00e9g\u00e8rement tordues,<\/li>\n\n\n\n<li>Dans les dents avec des obturations importantes,<\/li>\n\n\n\n<li>Pour cr\u00e9er une esth\u00e9tique du sourire.<\/li>\n<\/ul>\n\n<h5 class=\"wp-block-heading\">Quels sont les avantages des couronnes en zirconium ?<\/h5>\n\n<ul class=\"wp-block-list\">\n<li>Avec la couronne en zirconium, vous aurez l&rsquo;apparence la plus proche de vos dents naturelles.<\/li>\n\n\n\n<li>C&rsquo;est l&rsquo;option de traitement la plus id\u00e9ale pour les personnes allergiques au m\u00e9tal.<\/li>\n\n\n\n<li>Comme la couronne en zirconium n&rsquo;entame pas excessivement la dent, la sensibilit\u00e9 dentaire ne se manifeste pas contre les aliments froids ou chauds.<\/li>\n\n\n\n<li>La facette en zirconium est plus compatible avec la gencive que les facettes \u00e0 base de m\u00e9tal.<\/li>\n\n\n\n<li>La d\u00e9coloration grise caus\u00e9e par le m\u00e9tal \u00e0 la limite gingivale est absente dans la couronne en zirconium, ce qui est plus esth\u00e9tique.<\/li>\n\n\n\n<li>Comme il est compatible avec la gencive, la probabilit\u00e9 de futurs probl\u00e8mes de r\u00e9cession gingivale est faible.<\/li>\n\n\n\n<li>La formation de d\u00e9coloration lors de la consommation de boissons telles que le th\u00e9 et le caf\u00e9 est tr\u00e8s faible dans la couronne en zirconium, et n&rsquo;est g\u00e9n\u00e9ralement pas ressentie du tout.<\/li>\n<\/ul>\n\n<h5 class=\"wp-block-heading\">Quels sont les avantages des dents en zircone par rapport aux dents en porcelaine \u00e0 base de m\u00e9tal ?<\/h5>\n\n<ul class=\"wp-block-list\">\n<li>Comme il s&rsquo;agit d&rsquo;un isolant, la sensibilit\u00e9 au chaud et au froid ne se d\u00e9veloppe pas.<\/li>\n\n\n\n<li>Il s&rsquo;agit d&rsquo;un mat\u00e9riau tr\u00e8s esth\u00e9tique car sa transmission de la lumi\u00e8re est tr\u00e8s proche de la structure naturelle de la dent. C&rsquo;est pourquoi la zircone est pr\u00e9f\u00e9r\u00e9e, en particulier pour les dents ant\u00e9rieures.<\/li>\n\n\n\n<li>Les couronnes-ponts en porcelaine \u00e0 support m\u00e9tallique (couronnes) sont coll\u00e9es m\u00e9caniquement \u00e0 la dent. La zircone est fix\u00e9e \u00e0 la dent m\u00e9caniquement et chimiquement. Par cons\u00e9quent, leur r\u00e9tention est beaucoup plus \u00e9lev\u00e9e que celle des bridges \u00e0 support m\u00e9tallique.<\/li>\n\n\n\n<li>Comme il n&rsquo;y a pas de m\u00e9tal dans sa sous-structure, il n&rsquo;y a pas de ligne sombre au niveau de la couronne et de la gencive. Il offre un aspect plus esth\u00e9tique.<\/li>\n\n\n\n<li>Les surfaces en porcelaine \u00e9tant extr\u00eamement lisses, elles minimisent les taches et les formations de tartre caus\u00e9es par le tabagisme et d&rsquo;autres raisons similaires.<\/li>\n\n\n\n<li>Il ne change pas de couleur sous l&rsquo;effet de facteurs externes tels que le caf\u00e9, le th\u00e9, la cigarette.<\/li>\n\n\n\n<li>Il n&rsquo;y a pas de risque d&rsquo;allergie \u00e0 certains m\u00e9taux (nickel, etc.) utilis\u00e9s dans l&rsquo;infrastructure, dans les porcelaines avec infrastructure en zirconium.<\/li>\n\n\n\n<li>Comme il est parfaitement compatible avec notre corps, il peut \u00eatre utilis\u00e9 facilement chez les patients souffrant de maladies des gencives ou pr\u00e9sentant un risque \u00e9lev\u00e9 de d\u00e9velopper une maladie des gencives. Sa compatibilit\u00e9 avec la gencive est tr\u00e8s bonne, si l&rsquo;on accorde de l&rsquo;importance \u00e0 l&rsquo;hygi\u00e8ne bucco-dentaire, il ne provoque pas de probl\u00e8mes gingivaux.<\/li>\n<\/ul>\n\n<h5 class=\"wp-block-heading\">Les couronnes en zirconium pr\u00e9sentent-elles des inconv\u00e9nients ?<\/h5>\n\n<p>Elle n&rsquo;est pas recommand\u00e9e car la probabilit\u00e9 de fracture augmente lorsque les espaces \u00e9dent\u00e9s sont longs dans les r\u00e9gions post\u00e9rieures.<\/p>\n\n<h5 class=\"wp-block-heading\">Comment les couronnes en zircone sont-elles pos\u00e9es ?<\/h5>\n\n<p>L&rsquo;anesth\u00e9sie locale \u00e9tant appliqu\u00e9e avant l&rsquo;intervention, le patient ne ressent pas de douleur. Les dents sont r\u00e9duites et leurs mesures sont prises. Les couronnes sont fabriqu\u00e9es sp\u00e9cialement en laboratoire. Avant la fixation des dents, des s\u00e9ances de r\u00e9p\u00e9tition sont organis\u00e9es. Si le patient est satisfait du r\u00e9sultat, les dents sont fix\u00e9es \u00e0 l&rsquo;aide d&rsquo;adh\u00e9sifs sp\u00e9ciaux.<\/p>\n\n<h3 class=\"wp-block-heading\">Questions fr\u00e9quemment pos\u00e9es :<\/h3>\n\n<h5 class=\"wp-block-heading\">L&rsquo;intervention est-elle douloureuse ?<\/h5>\n\n<p>L&rsquo;intervention \u00e9tant r\u00e9alis\u00e9e sous anesth\u00e9sie locale, le patient ne ressent aucune douleur. Certains patients peuvent ressentir de l\u00e9gers picotements.<\/p>\n\n<h5 class=\"wp-block-heading\">La zircone peut-elle \u00eatre utilis\u00e9e chez les patients allergiques aux m\u00e9taux ?<\/h5>\n\n<p>Comme il n&rsquo;y a pas de m\u00e9tal dans la couronne en zirconium, les patients allergiques aux m\u00e9taux peuvent \u00e9galement \u00eatre trait\u00e9s facilement<\/p>\n\n<h5 class=\"wp-block-heading\">Combien de temps les couronnes en zirconium peuvent-elles \u00eatre utilis\u00e9es ?<\/h5>\n\n<p>Lorsque les contr\u00f4les et les soins dentaires sont r\u00e9guliers, le patient peut l&rsquo;utiliser pendant de nombreuses ann\u00e9es.<\/p>\n\n<h5 class=\"wp-block-heading\">Combien de temps dure le traitement ?<\/h5>\n\n<p>Cette application est r\u00e9alis\u00e9e en 1 semaine chez les patients dont les gencives sont saines. Elle peut \u00eatre poursuivie avec quelques r\u00e9p\u00e9titions jusqu&rsquo;\u00e0 ce que le m\u00e9decin et le patient soient satisfaits.<\/p>\n\n<h3 class=\"wp-block-heading\">Obtenir un devis gratuit<\/h3>\n\n<div\n\tclass=\"root-eb-wpforms-b2t64 wp-block-essential-blocks-wpforms\">\n\t<div class=\"eb-parent-eb-wpforms-b2t64  eb-parent-wrapper\">\n\t\t<div class=\"eb-wpforms-b2t64 eb-wpforms-wrapper\">\n\t\t\t<div class=\"wpforms-container wpforms-container-full contact-wpforms\" id=\"wpforms-939\"><form id=\"wpforms-form-939\" class=\"wpforms-validate wpforms-form wpforms-ajax-form\" data-formid=\"939\" method=\"post\" enctype=\"multipart\/form-data\" action=\"\/fr\/wp-json\/wp\/v2\/pages\/10067\" data-token=\"1ded982a3f772315fce0a7fabf9805cd\"><noscript class=\"wpforms-error-noscript\">Veuillez activer JavaScript dans votre navigateur pour remplir ce formulaire.<\/noscript><div class=\"wpforms-field-container\"><div id=\"wpforms-939-field_0-container\" class=\"wpforms-field wpforms-field-name\" data-field-id=\"0\"><label class=\"wpforms-field-label\" for=\"wpforms-939-field_0\">Full Name <span class=\"wpforms-required-label\">*<\/span><\/label><input type=\"text\" id=\"wpforms-939-field_0\" class=\"wpforms-field-large wpforms-field-required\" name=\"wpforms[fields][0]\" required><\/div><div id=\"wpforms-939-field_1-container\" class=\"wpforms-field wpforms-field-email\" data-field-id=\"1\"><label class=\"wpforms-field-label\" for=\"wpforms-939-field_1\">Email <span class=\"wpforms-required-label\">*<\/span><\/label><input type=\"email\" id=\"wpforms-939-field_1\" class=\"wpforms-field-large wpforms-field-required\" name=\"wpforms[fields][1]\" required><\/div><div id=\"wpforms-939-field_9-container\" class=\"wpforms-field wpforms-field-phone\" data-field-id=\"9\"><label class=\"wpforms-field-label\" for=\"wpforms-939-field_9\">Phone <span class=\"wpforms-required-label\">*<\/span><\/label><input type=\"tel\" id=\"wpforms-939-field_9\" class=\"wpforms-field-medium wpforms-field-required wpforms-smart-phone-field\" data-rule-smart-phone-field=\"true\" name=\"wpforms[fields][9]\" required><\/div><div id=\"wpforms-939-field_5-container\" class=\"wpforms-field wpforms-field-select wpforms-field-select-style-classic\" data-field-id=\"5\"><label class=\"wpforms-field-label\" for=\"wpforms-939-field_5\">I&#039;m Interested In <span class=\"wpforms-required-label\">*<\/span><\/label><select id=\"wpforms-939-field_5\" class=\"wpforms-field-large wpforms-field-required\" name=\"wpforms[fields][5]\" required=\"required\"><option value=\"\" class=\"placeholder\" disabled  selected='selected'>&#8211; Please select &#8211;<\/option><option value=\"Tummy Tuck\" >Tummy Tuck<\/option><option value=\"Breast Augmenttion\" >Breast Augmenttion<\/option><option value=\"Liposuction\" >Liposuction<\/option><option value=\"Face Aesthetic\" >Face Aesthetic<\/option><option value=\"Brazilian But Lift\" >Brazilian But Lift<\/option><option value=\"Rhinolasty\" >Rhinolasty<\/option><option value=\"Gastric Sleeve\" >Gastric Sleeve<\/option><option value=\"Gastric Balloon\" >Gastric Balloon<\/option><option value=\"Dental Treatment\" >Dental Treatment<\/option><option value=\"Eye Treatment\" >Eye Treatment<\/option><option value=\"Genital Aesthetic\" >Genital Aesthetic<\/option><option value=\"Other Proccedures\" >Other Proccedures<\/option><\/select><\/div><div id=\"wpforms-939-field_6-container\" class=\"wpforms-field wpforms-field-select wpforms-field-select-style-classic\" data-field-id=\"6\"><label class=\"wpforms-field-label\" for=\"wpforms-939-field_6\">Preferred Time to Contact <span class=\"wpforms-required-label\">*<\/span><\/label><select id=\"wpforms-939-field_6\" class=\"wpforms-field-large wpforms-field-required\" name=\"wpforms[fields][6]\" required=\"required\"><option value=\"\" class=\"placeholder\" disabled  selected='selected'>&#8211; Please select &#8211;<\/option><option value=\"Any Time\" >Any Time<\/option><option value=\"9 - 12 AM\" >9 &#8211; 12 AM<\/option><option value=\"12 - 3 PM\" >12 &#8211; 3 PM<\/option><option value=\"3 - 6 PM\" >3 &#8211; 6 PM<\/option><option value=\"6 - 9 PM\" >6 &#8211; 9 PM<\/option><\/select><\/div><div id=\"wpforms-939-field_10-container\" class=\"wpforms-field wpforms-field-select wpforms-field-select-style-classic\" data-field-id=\"10\"><label class=\"wpforms-field-label\" for=\"wpforms-939-field_10\">Preferred Method to Contact <span class=\"wpforms-required-label\">*<\/span><\/label><select id=\"wpforms-939-field_10\" class=\"wpforms-field-large wpforms-field-required\" name=\"wpforms[fields][10]\" required=\"required\"><option value=\"\" class=\"placeholder\" disabled  selected='selected'>&#8211; Please select &#8211;<\/option><option value=\"WhatsApp Message\" >WhatsApp Message<\/option><option value=\"WhatsApp Call\" >WhatsApp Call<\/option><option value=\"Phone Call\" >Phone Call<\/option><option value=\"Email\" >Email<\/option><\/select><\/div><div id=\"wpforms-939-field_8-container\" class=\"wpforms-field wpforms-field-checkbox newsletter-checkbox\" data-field-id=\"8\"><label class=\"wpforms-field-label wpforms-label-hide\" for=\"wpforms-939-field_8\">Checkboxes<\/label><ul id=\"wpforms-939-field_8\"><li class=\"choice-1 depth-1\"><input type=\"checkbox\" id=\"wpforms-939-field_8_1\" name=\"wpforms[fields][8][]\" value=\"Newsletter Signup\"  ><label class=\"wpforms-field-label-inline\" for=\"wpforms-939-field_8_1\">Newsletter Signup<\/label><\/li><\/ul><\/div><div id=\"wpforms-939-field_11-container\" class=\"wpforms-field wpforms-field-hidden\" data-field-id=\"11\"><input type=\"hidden\" id=\"wpforms-939-field_11\" name=\"wpforms[fields][11]\"><\/div><\/div><div class=\"wpforms-submit-container\"><input type=\"hidden\" name=\"wpforms[id]\" value=\"939\"><input type=\"hidden\" name=\"wpforms[author]\" value=\"1\"><button type=\"submit\" name=\"wpforms[submit]\" id=\"wpforms-submit-939\" class=\"wpforms-submit contact-wpforms-button\" aria-live=\"assertive\" value=\"wpforms-submit\">Send Form<\/button><img loading=\"lazy\" decoding=\"async\" src=\"https:\/\/catchlifeaesthetic.com\/wp-content\/plugins\/wpforms\/assets\/images\/submit-spin.svg\" class=\"wpforms-submit-spinner\" style=\"display: none;\" width=\"26\" height=\"26\" alt=\"Chargement en cours\"><\/div><\/form><\/div>  <!-- .wpforms-container -->\t\t<\/div>\n\t<\/div>\n<\/div>\n","protected":false},"excerpt":{"rendered":"<p>COURONNES DENTAIRES EN ZIRCONIUM Qu&rsquo;est-ce qu&rsquo;une couronne en zirconium ? La couronne en zirconium est une m\u00e9thode de traitement efficace en termes de durabilit\u00e9 et de compatibilit\u00e9 tissulaire, qui donne les meilleurs r\u00e9sultats en mati\u00e8re d&rsquo;esth\u00e9tique dentaire. Les couronnes en zirconium permettent d&rsquo;\u00e9viter la perte de dents, de retrouver un sourire sain et d&rsquo;obtenir un [&hellip;]<\/p>\n","protected":false},"author":1,"featured_media":0,"parent":9811,"menu_order":0,"comment_status":"closed","ping_status":"closed","template":"","meta":{"_eb_attr":"","_uag_custom_page_level_css":"","_monsterinsights_skip_tracking":false,"_monsterinsights_sitenote_active":false,"_monsterinsights_sitenote_note":"","_monsterinsights_sitenote_category":0,"site-sidebar-layout":"default","site-content-layout":"","ast-site-content-layout":"default","site-content-style":"default","site-sidebar-style":"default","ast-global-header-display":"","ast-banner-title-visibility":"","ast-main-header-display":"","ast-hfb-above-header-display":"","ast-hfb-below-header-display":"","ast-hfb-mobile-header-display":"","site-post-title":"","ast-breadcrumbs-content":"","ast-featured-img":"","footer-sml-layout":"","theme-transparent-header-meta":"","adv-header-id-meta":"","stick-header-meta":"","header-above-stick-meta":"","header-main-stick-meta":"","header-below-stick-meta":"","astra-migrate-meta-layouts":"default","ast-page-background-enabled":"default","ast-page-background-meta":{"desktop":{"background-color":"var(--ast-global-color-4)","background-image":"","background-repeat":"repeat","background-position":"center center","background-size":"auto","background-attachment":"scroll","background-type":"","background-media":"","overlay-type":"","overlay-color":"","overlay-opacity":"","overlay-gradient":""},"tablet":{"background-color":"","background-image":"","background-repeat":"repeat","background-position":"center center","background-size":"auto","background-attachment":"scroll","background-type":"","background-media":"","overlay-type":"","overlay-color":"","overlay-opacity":"","overlay-gradient":""},"mobile":{"background-color":"","background-image":"","background-repeat":"repeat","background-position":"center center","background-size":"auto","background-attachment":"scroll","background-type":"","background-media":"","overlay-type":"","overlay-color":"","overlay-opacity":"","overlay-gradient":""}},"ast-content-background-meta":{"desktop":{"background-color":"var(--ast-global-color-5)","background-image":"","background-repeat":"repeat","background-position":"center center","background-size":"auto","background-attachment":"scroll","background-type":"","background-media":"","overlay-type":"","overlay-color":"","overlay-opacity":"","overlay-gradient":""},"tablet":{"background-color":"var(--ast-global-color-5)","background-image":"","background-repeat":"repeat","background-position":"center center","background-size":"auto","background-attachment":"scroll","background-type":"","background-media":"","overlay-type":"","overlay-color":"","overlay-opacity":"","overlay-gradient":""},"mobile":{"background-color":"var(--ast-global-color-5)","background-image":"","background-repeat":"repeat","background-position":"center center","background-size":"auto","background-attachment":"scroll","background-type":"","background-media":"","overlay-type":"","overlay-color":"","overlay-opacity":"","overlay-gradient":""}},"footnotes":""},"class_list":["post-10067","page","type-page","status-publish","hentry"],"uagb_featured_image_src":{"full":false,"thumbnail":false,"medium":false,"medium_large":false,"large":false,"1536x1536":false,"2048x2048":false,"woocommerce_thumbnail":false,"woocommerce_single":false,"woocommerce_gallery_thumbnail":false},"uagb_author_info":{"display_name":"Catchlife Aesthetic","author_link":"https:\/\/catchlifeaesthetic.com\/fr\/author\/admincatchlife-com-tr\/"},"uagb_comment_info":0,"uagb_excerpt":"COURONNES DENTAIRES EN ZIRCONIUM Qu&rsquo;est-ce qu&rsquo;une couronne en zirconium ? La couronne en zirconium est une m\u00e9thode de traitement efficace en termes de durabilit\u00e9 et de compatibilit\u00e9 tissulaire, qui donne les meilleurs r\u00e9sultats en mati\u00e8re d&rsquo;esth\u00e9tique dentaire. Les couronnes en zirconium permettent d&rsquo;\u00e9viter la perte de dents, de retrouver un sourire sain et d&rsquo;obtenir un\u2026","_links":{"self":[{"href":"https:\/\/catchlifeaesthetic.com\/fr\/wp-json\/wp\/v2\/pages\/10067","targetHints":{"allow":["GET"]}}],"collection":[{"href":"https:\/\/catchlifeaesthetic.com\/fr\/wp-json\/wp\/v2\/pages"}],"about":[{"href":"https:\/\/catchlifeaesthetic.com\/fr\/wp-json\/wp\/v2\/types\/page"}],"author":[{"embeddable":true,"href":"https:\/\/catchlifeaesthetic.com\/fr\/wp-json\/wp\/v2\/users\/1"}],"replies":[{"embeddable":true,"href":"https:\/\/catchlifeaesthetic.com\/fr\/wp-json\/wp\/v2\/comments?post=10067"}],"version-history":[{"count":1,"href":"https:\/\/catchlifeaesthetic.com\/fr\/wp-json\/wp\/v2\/pages\/10067\/revisions"}],"predecessor-version":[{"id":10073,"href":"https:\/\/catchlifeaesthetic.com\/fr\/wp-json\/wp\/v2\/pages\/10067\/revisions\/10073"}],"up":[{"embeddable":true,"href":"https:\/\/catchlifeaesthetic.com\/fr\/wp-json\/wp\/v2\/pages\/9811"}],"wp:attachment":[{"href":"https:\/\/catchlifeaesthetic.com\/fr\/wp-json\/wp\/v2\/media?parent=10067"}],"curies":[{"name":"wp","href":"https:\/\/api.w.org\/{rel}","templated":true}]}}