{"id":10163,"date":"2024-07-11T11:03:05","date_gmt":"2024-07-11T11:03:05","guid":{"rendered":"https:\/\/catchlifeaesthetic.com\/traitement-dentaire-turquie\/renovation-du-sourire\/"},"modified":"2024-07-16T11:50:28","modified_gmt":"2024-07-16T11:50:28","slug":"renovation-du-sourire","status":"publish","type":"page","link":"https:\/\/catchlifeaesthetic.com\/fr\/traitement-dentaire-turquie\/renovation-du-sourire\/","title":{"rendered":"R\u00e9novation du sourire"},"content":{"rendered":"\n<figure class=\"wp-block-image\"><img decoding=\"async\" src=\"https:\/\/www.catchlifedental.com\/assets\/images\/dental-tourism\/services\/lamineveenersblog.jpg\" alt=\"image\"\/><\/figure>\n\n<p><strong>Qu&rsquo;est-ce qu&rsquo;un changement de sourire ?<\/strong><\/p>\n\n<p>La transformation du sourire est une proc\u00e9dure de dentisterie esth\u00e9tique compl\u00e8te destin\u00e9e \u00e0 am\u00e9liorer l&rsquo;apparence de votre sourire. Il combine diff\u00e9rents traitements tels que le blanchiment des dents, les facettes, les couronnes, les bridges et l&rsquo;orthodontie pour traiter des probl\u00e8mes tels que la d\u00e9coloration, le mauvais alignement, les espaces et les dents manquantes. L&rsquo;objectif est de cr\u00e9er un beau sourire harmonieux qui am\u00e9liore l&rsquo;esth\u00e9tique g\u00e9n\u00e9rale de votre visage et renforce votre confiance en vous.<\/p>\n\n<p><strong>Comment se d\u00e9roule la proc\u00e9dure de transformation du sourire ?<\/strong><\/p>\n\n<p>Avant d&rsquo;entreprendre une transformation du sourire, le patient subit un examen dentaire d\u00e9taill\u00e9. Le dentiste d\u00e9termine les besoins du patient et planifie le traitement. L&rsquo;intervention peut consister \u00e0 fa\u00e7onner les surfaces frontales des dents et \u00e0 les pr\u00e9parer pour des traitements tels que des facettes ou des couronnes. Les gencives sont anesth\u00e9si\u00e9es pour r\u00e9duire la douleur pendant l&rsquo;intervention. Les mesures sont prises et les traitements personnalis\u00e9s sont pr\u00e9par\u00e9s. L&rsquo;ensemble du processus prend g\u00e9n\u00e9ralement quelques s\u00e9ances et, \u00e0 la fin, les patients obtiennent un nouveau sourire esth\u00e9tiquement agr\u00e9able.<\/p>\n\n<p><strong>Qui peut b\u00e9n\u00e9ficier de ce traitement ?<\/strong><\/p>\n\n<p>&#8211; Personnes \u00e2g\u00e9es de plus de 18 ans<\/p>\n\n<p>&#8211; Les personnes qui ne parviennent pas \u00e0 obtenir la blancheur souhait\u00e9e en raison d&rsquo;une d\u00e9coloration.<\/p>\n\n<p>&#8211; Personnes pr\u00e9sentant un l\u00e9ger d\u00e9faut d&rsquo;alignement des dents<\/p>\n\n<p>&#8211; Personnes ayant des dents manquantes<\/p>\n\n<p>&#8211; Ceux qui recherchent un sourire esth\u00e9tique et id\u00e9al<\/p>\n\n<p>&#8211; Les personnes ayant des dents courtes en raison de facteurs g\u00e9n\u00e9tiques ou d&rsquo;autres raisons<\/p>\n\n<p>&#8211; Pour le traitement des dents us\u00e9es, cass\u00e9es ou fissur\u00e9es<\/p>\n\n<p><strong>Quelles sont les personnes qui ne peuvent pas b\u00e9n\u00e9ficier de ce traitement ?<\/strong><\/p>\n\n<p>&#8211; Personnes pr\u00e9sentant une sous-occlusion<\/p>\n\n<p>&#8211; Les personnes ayant des habitudes de grincement de dents agressives<\/p>\n\n<p>&#8211; Les personnes dont les dents sont excessivement mal align\u00e9es<\/p>\n\n<p>&#8211; Les personnes dont l&rsquo;espace pour les facettes est insuffisant en raison d&rsquo;une carie ou d&rsquo;une fracture.<\/p>\n\n<p>&#8211; Patients atteints de fluorose provoquant des lignes blanches, des taches grises, des piq\u00fbres ou des taches noires sur les dents.<\/p>\n\n<p>&#8211; Les personnes souffrant de maladies qui affaiblissent l&rsquo;\u00e9mail<\/p>\n\n<p><strong>Les avantages du changement de sourire :<\/strong><\/p>\n\n<p>&#8211; L&rsquo;abrasion des dents est minimale et les r\u00e9sultats sont visibles en peu de temps.<\/p>\n\n<p>&#8211; C&rsquo;est un processus tr\u00e8s confortable pour les patients.<\/p>\n\n<p>&#8211; La couleur des dents est tr\u00e8s proche de la couleur naturelle avec une excellente transmission de la lumi\u00e8re.<\/p>\n\n<p>&#8211; Un bon ajustement entre les dents et les gencives est obtenu.<\/p>\n\n<p>&#8211; Il n&rsquo;est pas affect\u00e9 par des facteurs tels que le tabagisme, le th\u00e9, le caf\u00e9 et ne change pas de couleur.<\/p>\n\n<p><strong>Inconv\u00e9nients du changement de sourire :<\/strong><\/p>\n\n<p>&#8211; Le processus exige beaucoup de pr\u00e9cision et d&rsquo;exp\u00e9rience, de la prise des mesures au collage des facettes.<\/p>\n\n<p>&#8211; Il est plus co\u00fbteux que les autres m\u00e9thodes de traitement.<\/p>\n\n<p>&#8211; Bien que cela soit rare, les facettes en porcelaine peuvent se d\u00e9tacher de la dent. Ce probl\u00e8me peut g\u00e9n\u00e9ralement \u00eatre corrig\u00e9 par un nouveau collage.<\/p>\n\n<p><strong>Questions fr\u00e9quemment pos\u00e9es :<\/strong><\/p>\n\n<p><strong>Est-ce un processus douloureux ?<\/strong><\/p>\n\n<p>Il peut y avoir une sensibilit\u00e9 mineure, mais aucune douleur s\u00e9v\u00e8re n&rsquo;est attendue. Toute sensibilit\u00e9 est temporaire.<\/p>\n\n<p><strong>Les placages stratifi\u00e9s sont-ils cassables ?<\/strong><\/p>\n\n<p>Tant qu&rsquo;ils sont solidement attach\u00e9s, ils ne se casseront pas. Cependant, les aliments durs doivent \u00eatre \u00e9vit\u00e9s et les habitudes telles que l&rsquo;ouverture des couvercles avec les dents doivent \u00eatre \u00e9vit\u00e9es. De telles habitudes peuvent d\u00e9t\u00e9riorer la liaison dent-v\u00e9nus au fil du temps.<\/p>\n\n<p><strong>Les placages stratifi\u00e9s changent-ils de couleur ?<\/strong><\/p>\n\n<p>Ils ne sont pas affect\u00e9s par la coloration du th\u00e9, du caf\u00e9 et des aliments et conservent leur couleur pendant longtemps.<\/p>\n\n<p><strong>Quelle est la dur\u00e9e de vie des placages stratifi\u00e9s ?<\/strong><\/p>\n\n<p>Ils peuvent durer toute une vie tant qu&rsquo;ils ne sont pas soumis \u00e0 une force excessive.<\/p>\n\n<p><strong>Les facettes stratifi\u00e9es peuvent-elles \u00eatre appliqu\u00e9es sur les dents du fond ?<\/strong><\/p>\n\n<p>Ils ne peuvent \u00eatre appliqu\u00e9s que sur les dents de devant. Les dents post\u00e9rieures, impliqu\u00e9es dans la mastication, sont expos\u00e9es \u00e0 une plus grande force et ne conviennent pas aux facettes stratifi\u00e9es.<\/p>\n\n<h3 class=\"wp-block-heading\">Obtenir un devis gratuit<\/h3>\n\n<div\n\tclass=\"root-eb-wpforms-b2t64 wp-block-essential-blocks-wpforms\">\n\t<div class=\"eb-parent-eb-wpforms-b2t64  eb-parent-wrapper\">\n\t\t<div class=\"eb-wpforms-b2t64 eb-wpforms-wrapper\">\n\t\t\t<div class=\"wpforms-container wpforms-container-full contact-wpforms\" id=\"wpforms-939\"><form id=\"wpforms-form-939\" class=\"wpforms-validate wpforms-form wpforms-ajax-form\" data-formid=\"939\" method=\"post\" enctype=\"multipart\/form-data\" action=\"\/fr\/wp-json\/wp\/v2\/pages\/10163\" data-token=\"76d337474664d0bc9887201f4466fd3e\"><noscript class=\"wpforms-error-noscript\">Veuillez activer JavaScript dans votre navigateur pour remplir ce formulaire.<\/noscript><div class=\"wpforms-field-container\"><div id=\"wpforms-939-field_0-container\" class=\"wpforms-field wpforms-field-name\" data-field-id=\"0\"><label class=\"wpforms-field-label\" for=\"wpforms-939-field_0\">Full Name <span class=\"wpforms-required-label\">*<\/span><\/label><input type=\"text\" id=\"wpforms-939-field_0\" class=\"wpforms-field-large wpforms-field-required\" name=\"wpforms[fields][0]\" required><\/div><div id=\"wpforms-939-field_1-container\" class=\"wpforms-field wpforms-field-email\" data-field-id=\"1\"><label class=\"wpforms-field-label\" for=\"wpforms-939-field_1\">Email <span class=\"wpforms-required-label\">*<\/span><\/label><input type=\"email\" id=\"wpforms-939-field_1\" class=\"wpforms-field-large wpforms-field-required\" name=\"wpforms[fields][1]\" required><\/div><div id=\"wpforms-939-field_9-container\" class=\"wpforms-field wpforms-field-phone\" data-field-id=\"9\"><label class=\"wpforms-field-label\" for=\"wpforms-939-field_9\">Phone <span class=\"wpforms-required-label\">*<\/span><\/label><input type=\"tel\" id=\"wpforms-939-field_9\" class=\"wpforms-field-medium wpforms-field-required wpforms-smart-phone-field\" data-rule-smart-phone-field=\"true\" name=\"wpforms[fields][9]\" required><\/div><div id=\"wpforms-939-field_5-container\" class=\"wpforms-field wpforms-field-select wpforms-field-select-style-classic\" data-field-id=\"5\"><label class=\"wpforms-field-label\" for=\"wpforms-939-field_5\">I&#039;m Interested In <span class=\"wpforms-required-label\">*<\/span><\/label><select id=\"wpforms-939-field_5\" class=\"wpforms-field-large wpforms-field-required\" name=\"wpforms[fields][5]\" required=\"required\"><option value=\"\" class=\"placeholder\" disabled  selected='selected'>&#8211; Please select &#8211;<\/option><option value=\"Tummy Tuck\" >Tummy Tuck<\/option><option value=\"Breast Augmenttion\" >Breast Augmenttion<\/option><option value=\"Liposuction\" >Liposuction<\/option><option value=\"Face Aesthetic\" >Face Aesthetic<\/option><option value=\"Brazilian But Lift\" >Brazilian But Lift<\/option><option value=\"Rhinolasty\" >Rhinolasty<\/option><option value=\"Gastric Sleeve\" >Gastric Sleeve<\/option><option value=\"Gastric Balloon\" >Gastric Balloon<\/option><option value=\"Dental Treatment\" >Dental Treatment<\/option><option value=\"Eye Treatment\" >Eye Treatment<\/option><option value=\"Genital Aesthetic\" >Genital Aesthetic<\/option><option value=\"Other Proccedures\" >Other Proccedures<\/option><\/select><\/div><div id=\"wpforms-939-field_6-container\" class=\"wpforms-field wpforms-field-select wpforms-field-select-style-classic\" data-field-id=\"6\"><label class=\"wpforms-field-label\" for=\"wpforms-939-field_6\">Preferred Time to Contact <span class=\"wpforms-required-label\">*<\/span><\/label><select id=\"wpforms-939-field_6\" class=\"wpforms-field-large wpforms-field-required\" name=\"wpforms[fields][6]\" required=\"required\"><option value=\"\" class=\"placeholder\" disabled  selected='selected'>&#8211; Please select &#8211;<\/option><option value=\"Any Time\" >Any Time<\/option><option value=\"9 - 12 AM\" >9 &#8211; 12 AM<\/option><option value=\"12 - 3 PM\" >12 &#8211; 3 PM<\/option><option value=\"3 - 6 PM\" >3 &#8211; 6 PM<\/option><option value=\"6 - 9 PM\" >6 &#8211; 9 PM<\/option><\/select><\/div><div id=\"wpforms-939-field_10-container\" class=\"wpforms-field wpforms-field-select wpforms-field-select-style-classic\" data-field-id=\"10\"><label class=\"wpforms-field-label\" for=\"wpforms-939-field_10\">Preferred Method to Contact <span class=\"wpforms-required-label\">*<\/span><\/label><select id=\"wpforms-939-field_10\" class=\"wpforms-field-large wpforms-field-required\" name=\"wpforms[fields][10]\" required=\"required\"><option value=\"\" class=\"placeholder\" disabled  selected='selected'>&#8211; Please select &#8211;<\/option><option value=\"WhatsApp Message\" >WhatsApp Message<\/option><option value=\"WhatsApp Call\" >WhatsApp Call<\/option><option value=\"Phone Call\" >Phone Call<\/option><option value=\"Email\" >Email<\/option><\/select><\/div><div id=\"wpforms-939-field_8-container\" class=\"wpforms-field wpforms-field-checkbox newsletter-checkbox\" data-field-id=\"8\"><label class=\"wpforms-field-label wpforms-label-hide\" for=\"wpforms-939-field_8\">Checkboxes<\/label><ul id=\"wpforms-939-field_8\"><li class=\"choice-1 depth-1\"><input type=\"checkbox\" id=\"wpforms-939-field_8_1\" name=\"wpforms[fields][8][]\" value=\"Newsletter Signup\"  ><label class=\"wpforms-field-label-inline\" for=\"wpforms-939-field_8_1\">Newsletter Signup<\/label><\/li><\/ul><\/div><div id=\"wpforms-939-field_11-container\" class=\"wpforms-field wpforms-field-hidden\" data-field-id=\"11\"><input type=\"hidden\" id=\"wpforms-939-field_11\" name=\"wpforms[fields][11]\"><\/div><\/div><div class=\"wpforms-submit-container\"><input type=\"hidden\" name=\"wpforms[id]\" value=\"939\"><input type=\"hidden\" name=\"wpforms[author]\" value=\"1\"><button type=\"submit\" name=\"wpforms[submit]\" id=\"wpforms-submit-939\" class=\"wpforms-submit contact-wpforms-button\" aria-live=\"assertive\" value=\"wpforms-submit\">Send Form<\/button><img loading=\"lazy\" decoding=\"async\" src=\"https:\/\/catchlifeaesthetic.com\/wp-content\/plugins\/wpforms\/assets\/images\/submit-spin.svg\" class=\"wpforms-submit-spinner\" style=\"display: none;\" width=\"26\" height=\"26\" alt=\"Chargement en cours\"><\/div><\/form><\/div>  <!-- .wpforms-container -->\t\t<\/div>\n\t<\/div>\n<\/div>\n","protected":false},"excerpt":{"rendered":"<p>Qu&rsquo;est-ce qu&rsquo;un changement de sourire ? La transformation du sourire est une proc\u00e9dure de dentisterie esth\u00e9tique compl\u00e8te destin\u00e9e \u00e0 am\u00e9liorer l&rsquo;apparence de votre sourire. Il combine diff\u00e9rents traitements tels que le blanchiment des dents, les facettes, les couronnes, les bridges et l&rsquo;orthodontie pour traiter des probl\u00e8mes tels que la d\u00e9coloration, le mauvais alignement, les espaces [&hellip;]<\/p>\n","protected":false},"author":1,"featured_media":0,"parent":9811,"menu_order":0,"comment_status":"closed","ping_status":"closed","template":"","meta":{"_eb_attr":"","_uag_custom_page_level_css":"","_monsterinsights_skip_tracking":false,"_monsterinsights_sitenote_active":false,"_monsterinsights_sitenote_note":"","_monsterinsights_sitenote_category":0,"site-sidebar-layout":"default","site-content-layout":"","ast-site-content-layout":"default","site-content-style":"default","site-sidebar-style":"default","ast-global-header-display":"","ast-banner-title-visibility":"","ast-main-header-display":"","ast-hfb-above-header-display":"","ast-hfb-below-header-display":"","ast-hfb-mobile-header-display":"","site-post-title":"","ast-breadcrumbs-content":"","ast-featured-img":"","footer-sml-layout":"","theme-transparent-header-meta":"","adv-header-id-meta":"","stick-header-meta":"","header-above-stick-meta":"","header-main-stick-meta":"","header-below-stick-meta":"","astra-migrate-meta-layouts":"default","ast-page-background-enabled":"default","ast-page-background-meta":{"desktop":{"background-color":"var(--ast-global-color-4)","background-image":"","background-repeat":"repeat","background-position":"center center","background-size":"auto","background-attachment":"scroll","background-type":"","background-media":"","overlay-type":"","overlay-color":"","overlay-opacity":"","overlay-gradient":""},"tablet":{"background-color":"","background-image":"","background-repeat":"repeat","background-position":"center center","background-size":"auto","background-attachment":"scroll","background-type":"","background-media":"","overlay-type":"","overlay-color":"","overlay-opacity":"","overlay-gradient":""},"mobile":{"background-color":"","background-image":"","background-repeat":"repeat","background-position":"center center","background-size":"auto","background-attachment":"scroll","background-type":"","background-media":"","overlay-type":"","overlay-color":"","overlay-opacity":"","overlay-gradient":""}},"ast-content-background-meta":{"desktop":{"background-color":"var(--ast-global-color-5)","background-image":"","background-repeat":"repeat","background-position":"center center","background-size":"auto","background-attachment":"scroll","background-type":"","background-media":"","overlay-type":"","overlay-color":"","overlay-opacity":"","overlay-gradient":""},"tablet":{"background-color":"var(--ast-global-color-5)","background-image":"","background-repeat":"repeat","background-position":"center center","background-size":"auto","background-attachment":"scroll","background-type":"","background-media":"","overlay-type":"","overlay-color":"","overlay-opacity":"","overlay-gradient":""},"mobile":{"background-color":"var(--ast-global-color-5)","background-image":"","background-repeat":"repeat","background-position":"center center","background-size":"auto","background-attachment":"scroll","background-type":"","background-media":"","overlay-type":"","overlay-color":"","overlay-opacity":"","overlay-gradient":""}},"footnotes":""},"class_list":["post-10163","page","type-page","status-publish","hentry"],"uagb_featured_image_src":{"full":false,"thumbnail":false,"medium":false,"medium_large":false,"large":false,"1536x1536":false,"2048x2048":false,"woocommerce_thumbnail":false,"woocommerce_single":false,"woocommerce_gallery_thumbnail":false},"uagb_author_info":{"display_name":"Catchlife Aesthetic","author_link":"https:\/\/catchlifeaesthetic.com\/fr\/author\/admincatchlife-com-tr\/"},"uagb_comment_info":0,"uagb_excerpt":"Qu&rsquo;est-ce qu&rsquo;un changement de sourire ? La transformation du sourire est une proc\u00e9dure de dentisterie esth\u00e9tique compl\u00e8te destin\u00e9e \u00e0 am\u00e9liorer l&rsquo;apparence de votre sourire. Il combine diff\u00e9rents traitements tels que le blanchiment des dents, les facettes, les couronnes, les bridges et l&rsquo;orthodontie pour traiter des probl\u00e8mes tels que la d\u00e9coloration, le mauvais alignement, les espaces\u2026","_links":{"self":[{"href":"https:\/\/catchlifeaesthetic.com\/fr\/wp-json\/wp\/v2\/pages\/10163","targetHints":{"allow":["GET"]}}],"collection":[{"href":"https:\/\/catchlifeaesthetic.com\/fr\/wp-json\/wp\/v2\/pages"}],"about":[{"href":"https:\/\/catchlifeaesthetic.com\/fr\/wp-json\/wp\/v2\/types\/page"}],"author":[{"embeddable":true,"href":"https:\/\/catchlifeaesthetic.com\/fr\/wp-json\/wp\/v2\/users\/1"}],"replies":[{"embeddable":true,"href":"https:\/\/catchlifeaesthetic.com\/fr\/wp-json\/wp\/v2\/comments?post=10163"}],"version-history":[{"count":1,"href":"https:\/\/catchlifeaesthetic.com\/fr\/wp-json\/wp\/v2\/pages\/10163\/revisions"}],"predecessor-version":[{"id":10185,"href":"https:\/\/catchlifeaesthetic.com\/fr\/wp-json\/wp\/v2\/pages\/10163\/revisions\/10185"}],"up":[{"embeddable":true,"href":"https:\/\/catchlifeaesthetic.com\/fr\/wp-json\/wp\/v2\/pages\/9811"}],"wp:attachment":[{"href":"https:\/\/catchlifeaesthetic.com\/fr\/wp-json\/wp\/v2\/media?parent=10163"}],"curies":[{"name":"wp","href":"https:\/\/api.w.org\/{rel}","templated":true}]}}