{"id":4456,"date":"2023-02-17T12:24:52","date_gmt":"2023-02-17T12:24:52","guid":{"rendered":"https:\/\/catchlifeaesthetic.com\/politique-de-confidentialite\/"},"modified":"2023-05-22T08:24:02","modified_gmt":"2023-05-22T08:24:02","slug":"politique-de-confidentialite","status":"publish","type":"page","link":"https:\/\/catchlifeaesthetic.com\/fr\/politique-de-confidentialite\/","title":{"rendered":"Politique de confidentialit\u00e9"},"content":{"rendered":"\t\t<div data-elementor-type=\"wp-page\" data-elementor-id=\"4456\" class=\"elementor elementor-4456 elementor-3\" data-elementor-post-type=\"page\">\n\t\t\t\t\t\t<section class=\"elementor-section elementor-top-section elementor-element elementor-element-7d8f1253 elementor-section-boxed elementor-section-height-default elementor-section-height-default\" data-id=\"7d8f1253\" data-element_type=\"section\">\n\t\t\t\t\t\t<div class=\"elementor-container elementor-column-gap-default\">\n\t\t\t\t\t<div class=\"elementor-column elementor-col-100 elementor-top-column elementor-element elementor-element-55c62092\" data-id=\"55c62092\" data-element_type=\"column\">\n\t\t\t<div class=\"elementor-widget-wrap elementor-element-populated\">\n\t\t\t\t\t\t<div class=\"elementor-element elementor-element-44e1d22b elementor-widget elementor-widget-text-editor\" data-id=\"44e1d22b\" data-element_type=\"widget\" data-widget_type=\"text-editor.default\">\n\t\t\t\t<div class=\"elementor-widget-container\">\n\t\t\t\t\t\t\t\t\t\n<p>POLITIQUE DE CONFIDENTIALIT\u00c9<\/p>\n<p><blockquote class=\"wp-embedded-content\" data-secret=\"LG9flP82Ny\"><a href=\"https:\/\/catchlifeaesthetic.com\/fr\/\">Centre d&rsquo;esth\u00e9tique Catchlife Turquie<\/a><\/blockquote><iframe loading=\"lazy\" class=\"wp-embedded-content\" sandbox=\"allow-scripts\" security=\"restricted\" style=\"position: absolute; visibility: hidden;\" title=\"\u00ab\u00a0Centre d&rsquo;esth\u00e9tique Catchlife Turquie\u00a0\u00bb &#8212; CatchLife Aesthetic Centre in Turkey\" src=\"https:\/\/catchlifeaesthetic.com\/fr\/embed\/#?secret=EyqAXtcwAL#?secret=LG9flP82Ny\" data-secret=\"LG9flP82Ny\" width=\"500\" height=\"282\" frameborder=\"0\" marginwidth=\"0\" marginheight=\"0\" scrolling=\"no\"><\/iframe><\/p>\n\n<figure class=\"wp-block-image is-resized\"><\/figure>\n\n<p> <\/p>\n\n<h5>1. L&rsquo;INTRODUCTION<\/h5>\n\n<p>CatchLife Aesthetic (adresse url du site web <a href=\"https:\/\/catchlifeaesthetic.com\/fr\/\">: https:\/\/catchlifeaesthetic.com)<\/a> vous remercie de votre confiance. Nous sommes une soci\u00e9t\u00e9 bas\u00e9e \u00e0 Chypre, qui cr\u00e9e des produits pour am\u00e9liorer votre exp\u00e9rience de la construction de sites web. Veuillez lire la pr\u00e9sente politique de protection de la vie priv\u00e9e et donner votre accord sur les deux documents afin d&rsquo;\u00eatre autoris\u00e9 \u00e0 utiliser nos services.<\/p>\n\n<h5>2. DONN\u00c9ES COLLECT\u00c9ES<\/h5>\n\n<h6>LIEU DE STOCKAGE DES DONN\u00c9ES<\/h6>\n\n<p>Nous sommes une soci\u00e9t\u00e9 bas\u00e9e \u00e0 Chypre et nous exploitons des serveurs web h\u00e9berg\u00e9s en Allemagne. Notre h\u00e9bergeur Hetzner Online GmbH adh\u00e8re au \u00ab\u00a0Privacy Shield\u00a0\u00bb UE\/\u00c9tats-Unis, ce qui garantit que vos donn\u00e9es sont stock\u00e9es en toute s\u00e9curit\u00e9 et qu&rsquo;elles sont conformes au GDPR.  <\/p>\n\n<h6>DONN\u00c9ES D&rsquo;ENREGISTREMENT<\/h6>\n\n<p>Si vous vous inscrivez sur notre site web, nous stockons le nom d&rsquo;utilisateur que vous avez choisi, votre adresse \u00e9lectronique et toute autre information personnelle ajout\u00e9e \u00e0 votre profil d&rsquo;utilisateur. Vous pouvez consulter, modifier ou supprimer vos informations personnelles \u00e0 tout moment (\u00e0 l&rsquo;exception du changement de votre nom d&rsquo;utilisateur). Les administrateurs de sites web peuvent \u00e9galement voir et modifier ces informations.<\/p>\n\n<h6>DONN\u00c9ES D&rsquo;ACHAT<\/h6>\n\n<p>Pour b\u00e9n\u00e9ficier de l&rsquo;assistance produit, vous devez avoir un ou plusieurs codes d&rsquo;achat Envato\/AncoraThemes sur notre site web. Ces codes d&rsquo;achat seront stock\u00e9s avec les dates d&rsquo;expiration du support et vos donn\u00e9es d&rsquo;utilisateur. Cela nous est n\u00e9cessaire pour vous fournir des t\u00e9l\u00e9chargements, une assistance produit et d&rsquo;autres services \u00e0 la client\u00e8le.<\/p>\n\n<h6>DONN\u00c9ES DE SOUTIEN<\/h6>\n\n<p>Si vous vous \u00eates inscrit sur notre site web et que vous disposez d&rsquo;un compte d&rsquo;assistance valide, vous pouvez soumettre des tickets d&rsquo;assistance pour obtenir de l&rsquo;aide. Les soumissions de formulaires d&rsquo;assistance sont envoy\u00e9es \u00e0 notre syst\u00e8me de billetterie Ticksy. Seules les donn\u00e9es que vous avez explicitement fournies sont envoy\u00e9es, et votre consentement est demand\u00e9 chaque fois que vous souhaitez cr\u00e9er un nouveau ticket d&rsquo;assistance.  <\/p>\n\n<h6>COMMENTAIRES<\/h6>\n\n<p>Lorsque vous laissez des commentaires sur le site web, nous collectons les donn\u00e9es figurant dans le formulaire de commentaires, ainsi que l&rsquo;adresse IP et la cha\u00eene de l&rsquo;agent utilisateur du navigateur pour faciliter la d\u00e9tection des spams.<\/p>\n\n<h6>FORMULAIRE DE CONTACT<\/h6>\n\n<p>Les informations soumises par le biais du formulaire de contact de notre site sont envoy\u00e9es \u00e0 l&rsquo;adresse \u00e9lectronique de notre entreprise, h\u00e9berg\u00e9e par Zoho.<\/p>\n\n<p>Ces donn\u00e9es ne sont conserv\u00e9es qu&rsquo;\u00e0 des fins de service \u00e0 la client\u00e8le et ne sont jamais utilis\u00e9es \u00e0 des fins de marketing ou communiqu\u00e9es \u00e0 des tiers.<\/p>\n\n<h6>GOOGLE ANALYTICS<\/h6>\n\n<p>Nous utilisons Google Analytics sur notre site pour \u00e9tablir des rapports anonymes sur l&rsquo;utilisation du site. Aucune donn\u00e9e personnalis\u00e9e n&rsquo;est donc stock\u00e9e.  <\/p>\n\n<h6>LES CAS D&rsquo;UTILISATION DES DONN\u00c9ES \u00c0 CARACT\u00c8RE PERSONNEL<\/h6>\n\n<p><strong>Nous utilisons vos informations personnelles dans les cas suivants :<\/strong><\/p>\n\n<ul>\n<li>V\u00e9rification\/identification de l&rsquo;utilisateur lors de l&rsquo;utilisation du site web ;<\/li>\n\n<li>Fournir une assistance technique ;<\/li>\n\n<li>Envoi de mises \u00e0 jour \u00e0 nos utilisateurs avec des informations importantes pour les informer des nouveaut\u00e9s\/changements ;<\/li>\n\n<li>Contr\u00f4ler l&rsquo;activit\u00e9 des comptes afin de pr\u00e9venir les transactions frauduleuses et d&rsquo;assurer la s\u00e9curit\u00e9.<\/li>\n\n<li>sur les informations personnelles de nos clients ;<\/li>\n\n<li>Personnalisez le site web pour rendre votre exp\u00e9rience plus personnelle et attrayante ;<\/li>\n\n<li>Garantir la performance globale et le bon fonctionnement des fonctions administratives.<\/li>\n<\/ul>\n\n<h5>3. CONTENU INT\u00c9GR\u00c9<\/h5>\n\n<p>Les pages de ce site peuvent contenir du contenu int\u00e9gr\u00e9, comme des vid\u00e9os YouTube, par exemple. Le contenu incorpor\u00e9 provenant d&rsquo;autres sites web se comporte exactement de la m\u00eame mani\u00e8re que si vous visitiez l&rsquo;autre site web.<\/p>\n\n<p>Ces sites web peuvent recueillir des donn\u00e9es vous concernant, utiliser des cookies, int\u00e9grer un suivi suppl\u00e9mentaire par des tiers et surveiller votre interaction avec ce contenu int\u00e9gr\u00e9, y compris le suivi de votre interaction avec le contenu int\u00e9gr\u00e9 si vous avez un compte et \u00eates connect\u00e9 \u00e0 ce site web. Vous trouverez ci-dessous une liste des services que nous utilisons :<\/p>\n\n<h6>FACEBOOK<\/h6>\n\n<p>Le plugin de page Facebook est utilis\u00e9 pour afficher la chronologie de Facebook sur notre site. Facebook a ses propres politiques en mati\u00e8re de cookies et de protection de la vie priv\u00e9e, sur lesquelles nous n&rsquo;avons aucun contr\u00f4le. Facebook n&rsquo;installe pas de cookies et votre adresse IP n&rsquo;est pas envoy\u00e9e \u00e0 un serveur Facebook tant que vous n&rsquo;y avez pas consenti.  <\/p>\n\n<h6>TWITTER<\/h6>\n\n<p>Nous utilisons l&rsquo;API Twitter pour afficher la chronologie de nos tweets sur notre site. Twitter a ses propres politiques en mati\u00e8re de cookies et de confidentialit\u00e9, sur lesquelles nous n&rsquo;avons aucun contr\u00f4le. Votre IP n&rsquo;est pas envoy\u00e9e \u00e0 un serveur de Twitter tant que vous n&rsquo;y consentez pas.  <\/p>\n\n<h6>YOUTUBE<\/h6>\n\n<p>Nous utilisons des vid\u00e9os YouTube int\u00e9gr\u00e9es \u00e0 notre site. YouTube a ses propres politiques en mati\u00e8re de cookies et de confidentialit\u00e9, sur lesquelles nous n&rsquo;avons aucun contr\u00f4le. YouTube n&rsquo;installe pas de cookies et votre adresse IP n&rsquo;est pas envoy\u00e9e \u00e0 un serveur de YouTube tant que vous n&rsquo;y avez pas consenti.  <\/p>\n\n<h5>4. COOKIES<\/h5>\n\n<p>Ce site utilise des cookies &#8211; de petits fichiers texte qui sont plac\u00e9s sur votre machine pour aider le site \u00e0 offrir une meilleure exp\u00e9rience \u00e0 l&rsquo;utilisateur. En g\u00e9n\u00e9ral, les cookies sont utilis\u00e9s pour conserver les pr\u00e9f\u00e9rences des utilisateurs, stocker des informations pour des \u00e9l\u00e9ments tels que les paniers d&rsquo;achat et fournir des donn\u00e9es de suivi anonymes \u00e0 des applications tierces telles que Google Analytics. Les cookies ont g\u00e9n\u00e9ralement pour but d&rsquo;am\u00e9liorer votre exp\u00e9rience de navigation. Toutefois, vous pouvez pr\u00e9f\u00e9rer d\u00e9sactiver les cookies sur ce site et sur d&rsquo;autres. Le moyen le plus efficace est de d\u00e9sactiver les cookies dans votre navigateur. Nous vous conseillons de consulter la section d&rsquo;aide de votre navigateur.<\/p>\n\n<h6>COOKIES N\u00c9CESSAIRES (TOUS LES VISITEURS DU SITE)<\/h6>\n\n<ul>\n<li><strong>cfduid :<\/strong> Utilis\u00e9 par notre CDN CloudFlare pour identifier les clients individuels derri\u00e8re une adresse IP partag\u00e9e et appliquer des param\u00e8tres de s\u00e9curit\u00e9 par client.  <\/li>\n\n<li><strong>PHPSESSID :<\/strong> pour identifier votre session unique sur le site web.<\/li>\n<\/ul>\n\n<h6>COOKIES N\u00c9CESSAIRES (SUPPL\u00c9MENTAIRES POUR LES CLIENTS CONNECT\u00c9S)<\/h6>\n\n<ul>\n<li><strong>wp-auth :<\/strong> utilis\u00e9 par WordPress pour authentifier les visiteurs connect\u00e9s, l&rsquo;authentification du mot de passe et la v\u00e9rification de l&rsquo;utilisateur.<\/li>\n\n<li><strong>wordpress_logged_in_{hash}:<\/strong> Utilis\u00e9 par WordPress pour authentifier les visiteurs connect\u00e9s, l&rsquo;authentification du mot de passe et la v\u00e9rification de l&rsquo;utilisateur.<\/li>\n\n<li><strong>wordpress_test_cookie<\/strong> Utilis\u00e9 par WordPress pour s&rsquo;assurer que les cookies fonctionnent correctement.<\/li>\n\n<li><strong>wp-settings-[UID]:<\/strong> WordPress met en place quelques cookies wp-settings-[UID]. Le num\u00e9ro \u00e0 la fin est l&rsquo;identifiant individuel de l&rsquo;utilisateur qui figure dans le tableau de la base de donn\u00e9es des utilisateurs. Elle permet de personnaliser l&rsquo;affichage de l&rsquo;interface d&rsquo;administration et, \u00e9ventuellement, de l&rsquo;interface principale du site.<\/li>\n\n<li><strong>wp-settings-[UID]<\/strong>:WordPress d\u00e9finit \u00e9galement quelques cookies wp-settings-{time}-[UID]. Le num\u00e9ro \u00e0 la fin est l&rsquo;identifiant individuel de l&rsquo;utilisateur qui figure dans le tableau de la base de donn\u00e9es des utilisateurs. Elle permet de personnaliser l&rsquo;affichage de l&rsquo;interface d&rsquo;administration et, \u00e9ventuellement, de l&rsquo;interface principale du site.<\/li>\n<\/ul>\n\n<h5>5. QUI A ACC\u00c8S \u00c0 VOS DONN\u00c9ES<\/h5>\n\n<p>Si vous n&rsquo;\u00eates pas un client enregistr\u00e9 sur notre site, nous ne pouvons conserver ou consulter aucune information personnelle vous concernant. Si vous \u00eates un client disposant d&rsquo;un compte enregistr\u00e9, vos informations personnelles peuvent \u00eatre consult\u00e9es par :<\/p>\n\n<ul>\n<li>Nos administrateurs de syst\u00e8me.<\/li>\n\n<li>Nos sympathisants lorsqu&rsquo;ils ont besoin (pour apporter leur soutien) d&rsquo;obtenir des informations sur les comptes et les acc\u00e8s des clients.<\/li>\n<\/ul>\n\n<h5>6. ACC\u00c8S DES TIERS \u00c0 VOS DONN\u00c9ES<\/h5>\n\n<p>Nous ne partageons pas vos donn\u00e9es avec des tiers de mani\u00e8re \u00e0 r\u00e9v\u00e9ler des informations personnelles telles que votre adresse \u00e9lectronique, votre nom, etc. Les seules exceptions \u00e0 cette r\u00e8gle concernent les partenaires avec lesquels nous devons partager des donn\u00e9es limit\u00e9es afin de fournir les services que vous attendez de nous.  <\/p>\n\n<h5>7. DUR\u00c9E DE CONSERVATION DES DONN\u00c9ES<\/h5>\n\n<p>Lorsque vous soumettez un ticket d&rsquo;assistance ou un commentaire, ses m\u00e9tadonn\u00e9es sont conserv\u00e9es jusqu&rsquo;\u00e0 ce que (si) vous nous demandiez de les supprimer. Nous utilisons ces donn\u00e9es pour vous reconna\u00eetre et approuver automatiquement vos commentaires au lieu de les garder en attente de mod\u00e9ration. Si vous vous inscrivez sur notre site web, nous stockons \u00e9galement les informations personnelles que vous fournissez dans votre profil d&rsquo;utilisateur. Vous pouvez consulter, modifier ou supprimer vos informations personnelles \u00e0 tout moment (\u00e0 l&rsquo;exception du changement de votre nom d&rsquo;utilisateur). Les administrateurs du site web peuvent \u00e9galement voir et modifier ces informations.<\/p>\n\n<h5>8. MESURES DE S\u00c9CURIT\u00c9<\/h5>\n\n<p>Nous utilisons le protocole SSL\/HTTPS sur l&rsquo;ensemble de notre site. Cela permet de crypter les communications de nos utilisateurs avec les serveurs afin que les informations personnellement identifiables ne soient pas captur\u00e9es ou d\u00e9tourn\u00e9es par des tiers sans autorisation. En cas de violation de donn\u00e9es, les administrateurs du syst\u00e8me prendront imm\u00e9diatement toutes les mesures n\u00e9cessaires pour garantir l&rsquo;int\u00e9grit\u00e9 du syst\u00e8me, contacteront les utilisateurs concern\u00e9s et tenteront de r\u00e9initialiser les mots de passe si n\u00e9cessaire.<\/p>\n\n<h5>9. VOS DROITS EN MATI\u00c8RE DE DONN\u00c9ES<\/h5>\n\n<h5>DROITS G\u00c9N\u00c9RAUX<\/h5>\n\n<p>Si vous avez un compte enregistr\u00e9 sur ce site web ou si vous avez laiss\u00e9 des commentaires, vous pouvez demander un fichier export\u00e9 des donn\u00e9es personnelles que nous conservons, y compris toute donn\u00e9e suppl\u00e9mentaire que vous nous avez fournie.<\/p>\n\n<p>Vous pouvez \u00e9galement nous demander d&rsquo;effacer les donn\u00e9es personnelles que nous avons stock\u00e9es. Cela ne comprend pas les donn\u00e9es que nous sommes oblig\u00e9s de conserver \u00e0 des fins administratives, juridiques ou de s\u00e9curit\u00e9. En bref, nous ne pouvons pas effacer les donn\u00e9es qui sont essentielles pour que vous soyez un client actif (c&rsquo;est-\u00e0-dire les informations de base du compte, comme l&rsquo;adresse \u00e9lectronique).<br>Si vous souhaitez que toutes vos donn\u00e9es soient effac\u00e9es, nous ne serons plus en mesure de vous offrir une assistance ou d&rsquo;autres services li\u00e9s aux produits.<\/p>\n\n<h5>DROITS DU GDPR<\/h5>\n\n<p>Nous attachons une grande importance \u00e0 la protection de votre vie priv\u00e9e. En ce qui concerne le GDPR, notre objectif est de soutenir la norme GDPR. AncoraThemes permet aux r\u00e9sidents de l&rsquo;Union europ\u00e9enne d&rsquo;utiliser son service. Par cons\u00e9quent, AncoraThemes a l&rsquo;intention de se conformer au r\u00e8glement g\u00e9n\u00e9ral europ\u00e9en sur la protection des donn\u00e9es.  <\/p>\n\n<h5>10. SITES WEB DE TIERS<\/h5>\n\n<p>ThemeREX peut afficher des liens vers des sites web de tiers sur ce site web. Ces sites tiers ne sont pas contr\u00f4l\u00e9s par AncoraThemes en ce qui concerne le respect de la vie priv\u00e9e ou de la s\u00e9curit\u00e9, et vous nous d\u00e9gagez de toute responsabilit\u00e9 quant \u00e0 la conduite de ces sites tiers. Tous les liens de partage de m\u00e9dias sociaux, qu&rsquo;ils soient affich\u00e9s sous forme de liens textuels ou d&rsquo;ic\u00f4nes de m\u00e9dias sociaux, ne vous relient \u00e0 aucun des tiers associ\u00e9s, \u00e0 moins que vous ne cliquiez explicitement dessus. Veuillez noter que la pr\u00e9sente politique de protection de la vie priv\u00e9e, ainsi que toute autre politique en place, en plus de tout amendement, ne cr\u00e9e pas de droits opposables aux tiers et n&rsquo;exige pas la divulgation d&rsquo;informations personnelles concernant les membres du service ou du site. AncoraThemes n&rsquo;est pas responsable des informations collect\u00e9es ou utilis\u00e9es par un annonceur ou un site web tiers. Veuillez consulter la politique de confidentialit\u00e9 et les conditions de service de chaque site que vous visitez par l&rsquo;interm\u00e9diaire de liens tiers.<\/p>\n\n<h5>11. DIVULGATION DE VOS DONN\u00c9ES \u00c0 DES FINS JURIDIQUES<\/h5>\n\n<p>Parfois, il peut s&rsquo;av\u00e9rer n\u00e9cessaire ou souhaitable pour AncoraThemes, \u00e0 des fins juridiques, de divulguer vos informations en r\u00e9ponse \u00e0 une demande d&rsquo;une agence gouvernementale ou d&rsquo;une partie priv\u00e9e. Vous acceptez que nous puissions divulguer vos informations \u00e0 un tiers lorsque nous estimons, en toute bonne foi, qu&rsquo;il est souhaitable de le faire dans le cadre d&rsquo;une action civile, d&rsquo;une enqu\u00eate criminelle ou d&rsquo;une autre affaire juridique. Si nous recevons une assignation \u00e0 compara\u00eetre affectant votre vie priv\u00e9e, nous pouvons choisir de vous en informer pour vous donner la possibilit\u00e9 de d\u00e9poser une requ\u00eate en annulation de l&rsquo;assignation, ou nous pouvons tenter de l&rsquo;annuler nous-m\u00eames, mais nous ne sommes pas oblig\u00e9s de faire l&rsquo;un ou l&rsquo;autre. Nous pouvons \u00e9galement vous signaler de mani\u00e8re proactive et communiquer vos informations \u00e0 des tiers lorsque nous estimons qu&rsquo;il est prudent de le faire pour des raisons juridiques, par exemple si nous pensons que vous vous \u00eates livr\u00e9 \u00e0 des activit\u00e9s frauduleuses. Vous nous lib\u00e9rez de tout dommage qui pourrait r\u00e9sulter ou \u00eatre li\u00e9 \u00e0 la divulgation de vos informations \u00e0 la suite d&rsquo;une demande des autorit\u00e9s charg\u00e9es de l&rsquo;application de la loi ou d&rsquo;un litige priv\u00e9. Toute transmission de donn\u00e9es personnelles \u00e0 des fins juridiques ne se fera que dans le respect des lois du pays dans lequel vous r\u00e9sidez.<\/p>\n\t\t\t\t\t\t\t\t<\/div>\n\t\t\t\t<\/div>\n\t\t\t\t\t<\/div>\n\t\t<\/div>\n\t\t\t\t\t<\/div>\n\t\t<\/section>\n\t\t\t\t<\/div>\n\t\t","protected":false},"excerpt":{"rendered":"<p>POLITIQUE DE CONFIDENTIALIT\u00c9 Centre d&rsquo;esth\u00e9tique Catchlife Turquie 1. L&rsquo;INTRODUCTION CatchLife Aesthetic (adresse url du site web : https:\/\/catchlifeaesthetic.com) vous remercie de votre confiance. Nous sommes une soci\u00e9t\u00e9 bas\u00e9e \u00e0 Chypre, qui cr\u00e9e des produits pour am\u00e9liorer votre exp\u00e9rience de la construction de sites web. Veuillez lire la pr\u00e9sente politique de protection de la vie priv\u00e9e [&hellip;]<\/p>\n","protected":false},"author":1,"featured_media":0,"parent":0,"menu_order":0,"comment_status":"closed","ping_status":"open","template":"","meta":{"_eb_attr":"","_uag_custom_page_level_css":"","_monsterinsights_skip_tracking":false,"_monsterinsights_sitenote_active":false,"_monsterinsights_sitenote_note":"","_monsterinsights_sitenote_category":0,"site-sidebar-layout":"default","site-content-layout":"","ast-site-content-layout":"default","site-content-style":"default","site-sidebar-style":"default","ast-global-header-display":"","ast-banner-title-visibility":"","ast-main-header-display":"","ast-hfb-above-header-display":"","ast-hfb-below-header-display":"","ast-hfb-mobile-header-display":"","site-post-title":"","ast-breadcrumbs-content":"","ast-featured-img":"","footer-sml-layout":"","theme-transparent-header-meta":"","adv-header-id-meta":"","stick-header-meta":"","header-above-stick-meta":"","header-main-stick-meta":"","header-below-stick-meta":"","astra-migrate-meta-layouts":"default","ast-page-background-enabled":"default","ast-page-background-meta":{"desktop":{"background-color":"var(--ast-global-color-4)","background-image":"","background-repeat":"repeat","background-position":"center center","background-size":"auto","background-attachment":"scroll","background-type":"","background-media":"","overlay-type":"","overlay-color":"","overlay-opacity":"","overlay-gradient":""},"tablet":{"background-color":"","background-image":"","background-repeat":"repeat","background-position":"center center","background-size":"auto","background-attachment":"scroll","background-type":"","background-media":"","overlay-type":"","overlay-color":"","overlay-opacity":"","overlay-gradient":""},"mobile":{"background-color":"","background-image":"","background-repeat":"repeat","background-position":"center center","background-size":"auto","background-attachment":"scroll","background-type":"","background-media":"","overlay-type":"","overlay-color":"","overlay-opacity":"","overlay-gradient":""}},"ast-content-background-meta":{"desktop":{"background-color":"var(--ast-global-color-5)","background-image":"","background-repeat":"repeat","background-position":"center center","background-size":"auto","background-attachment":"scroll","background-type":"","background-media":"","overlay-type":"","overlay-color":"","overlay-opacity":"","overlay-gradient":""},"tablet":{"background-color":"var(--ast-global-color-5)","background-image":"","background-repeat":"repeat","background-position":"center center","background-size":"auto","background-attachment":"scroll","background-type":"","background-media":"","overlay-type":"","overlay-color":"","overlay-opacity":"","overlay-gradient":""},"mobile":{"background-color":"var(--ast-global-color-5)","background-image":"","background-repeat":"repeat","background-position":"center center","background-size":"auto","background-attachment":"scroll","background-type":"","background-media":"","overlay-type":"","overlay-color":"","overlay-opacity":"","overlay-gradient":""}},"footnotes":""},"class_list":["post-4456","page","type-page","status-publish","hentry"],"uagb_featured_image_src":{"full":false,"thumbnail":false,"medium":false,"medium_large":false,"large":false,"1536x1536":false,"2048x2048":false,"woocommerce_thumbnail":false,"woocommerce_single":false,"woocommerce_gallery_thumbnail":false},"uagb_author_info":{"display_name":"Catchlife Aesthetic","author_link":"https:\/\/catchlifeaesthetic.com\/fr\/author\/admincatchlife-com-tr\/"},"uagb_comment_info":0,"uagb_excerpt":"POLITIQUE DE CONFIDENTIALIT\u00c9 Centre d&rsquo;esth\u00e9tique Catchlife Turquie 1. L&rsquo;INTRODUCTION CatchLife Aesthetic (adresse url du site web : https:\/\/catchlifeaesthetic.com) vous remercie de votre confiance. Nous sommes une soci\u00e9t\u00e9 bas\u00e9e \u00e0 Chypre, qui cr\u00e9e des produits pour am\u00e9liorer votre exp\u00e9rience de la construction de sites web. Veuillez lire la pr\u00e9sente politique de protection de la vie priv\u00e9e\u2026","_links":{"self":[{"href":"https:\/\/catchlifeaesthetic.com\/fr\/wp-json\/wp\/v2\/pages\/4456","targetHints":{"allow":["GET"]}}],"collection":[{"href":"https:\/\/catchlifeaesthetic.com\/fr\/wp-json\/wp\/v2\/pages"}],"about":[{"href":"https:\/\/catchlifeaesthetic.com\/fr\/wp-json\/wp\/v2\/types\/page"}],"author":[{"embeddable":true,"href":"https:\/\/catchlifeaesthetic.com\/fr\/wp-json\/wp\/v2\/users\/1"}],"replies":[{"embeddable":true,"href":"https:\/\/catchlifeaesthetic.com\/fr\/wp-json\/wp\/v2\/comments?post=4456"}],"version-history":[{"count":0,"href":"https:\/\/catchlifeaesthetic.com\/fr\/wp-json\/wp\/v2\/pages\/4456\/revisions"}],"wp:attachment":[{"href":"https:\/\/catchlifeaesthetic.com\/fr\/wp-json\/wp\/v2\/media?parent=4456"}],"curies":[{"name":"wp","href":"https:\/\/api.w.org\/{rel}","templated":true}]}}