{"id":9837,"date":"2024-07-10T07:54:40","date_gmt":"2024-07-10T07:54:40","guid":{"rendered":"https:\/\/catchlifeaesthetic.com\/chirurgie-damaigrissement-en-turquie\/ballon-gastrique\/"},"modified":"2024-07-16T11:38:16","modified_gmt":"2024-07-16T11:38:16","slug":"ballon-gastrique","status":"publish","type":"page","link":"https:\/\/catchlifeaesthetic.com\/fr\/chirurgie-damaigrissement-en-turquie\/ballon-gastrique\/","title":{"rendered":"Ballon gastrique"},"content":{"rendered":"\n<p>La pose d&rsquo;un ballon intra-gastrique est une proc\u00e9dure de perte de poids qui consiste \u00e0 placer un ballon en silicone rempli de s\u00e9rum physiologique dans l&rsquo;estomac du patient. Cela aide \u00e0 perdre du poids en limitant la quantit\u00e9 de nourriture que l&rsquo;on peut manger et en permettant de se sentir rassasi\u00e9 plus rapidement.<\/p>\n\n<h2 class=\"wp-block-heading\">\u00c0 qui s&rsquo;adresse-t-il ?<\/h2>\n\n<ul class=\"wp-block-list\">\n<li>L&rsquo;indice de masse corporelle (IMC) est compris entre 25 et 40<\/li>\n\n\n\n<li>D\u00e9sireux de s&rsquo;engager \u00e0 modifier son mode de vie, de b\u00e9n\u00e9ficier d&rsquo;un suivi m\u00e9dical r\u00e9gulier et de participer \u00e0 une th\u00e9rapie comportementale.<\/li>\n\n\n\n<li>Vous n&rsquo;avez pas subi de chirurgie de l&rsquo;estomac ou de l&rsquo;\u0153sophage auparavant.<\/li>\n<\/ul>\n\n<p>La proc\u00e9dure de ballon intragastrique est r\u00e9alis\u00e9e dans l&rsquo;unit\u00e9 d&rsquo;endoscopie en tant que proc\u00e9dure ambulatoire. Vous serez mis sous s\u00e9datif pour l&rsquo;intervention.<\/p>\n\n<p>Au cours de l&rsquo;intervention, le m\u00e9decin fait passer un tube fin (cath\u00e9ter) charg\u00e9 du ballon intragastrique dans la gorge du patient jusqu&rsquo;\u00e0 son estomac. Ensuite, le m\u00e9decin fait passer un endoscope, tube flexible muni d&rsquo;une cam\u00e9ra, dans la gorge et l&rsquo;estomac du patient. La cam\u00e9ra permet au m\u00e9decin de voir le ballon pendant qu&rsquo;il le remplit de s\u00e9rum physiologique.<\/p>\n\n<p>La proc\u00e9dure dure environ une demi-heure. Le patient peut normalement rentrer chez lui une \u00e0 deux heures apr\u00e8s la fin de l&rsquo;intervention.<\/p>\n\n<figure class=\"wp-block-image alignleft\"><img decoding=\"async\" src=\"http:\/\/catchlifeobesity.com\/wp-content\/uploads\/2023\/05\/Georgie-67kb.jpeg\" alt=\"Georgie 67kb\" class=\"wp-image-1068\" title=\"Forfaits ballon gastrique en Turquie 1\"\/><\/figure>\n\n<figure class=\"wp-block-image alignleft\"><img decoding=\"async\" src=\"http:\/\/catchlifeobesity.com\/wp-content\/uploads\/2023\/05\/Jacques.jpeg\" alt=\"Jacques\" class=\"wp-image-1070\" title=\"Forfaits ballon gastrique en Turquie 2\"\/><\/figure>\n\n<figure class=\"wp-block-image alignleft\"><img decoding=\"async\" src=\"http:\/\/catchlifeobesity.com\/wp-content\/uploads\/2023\/05\/Emma-1.jpeg\" alt=\"Emma 1\" class=\"wp-image-1072\" title=\"Forfaits ballon gastrique en Turquie 3\"\/><\/figure>\n\n<h2 class=\"wp-block-heading\">Ballon gastrique \u00e0 avaler : Une solution non chirurgicale pour perdre du poids<\/h2>\n\n<p>Dans le monde entier, l&rsquo;ob\u00e9sit\u00e9 est un grave probl\u00e8me de sant\u00e9. Elle augmente le risque de d\u00e9velopper diverses maladies chroniques, notamment le diab\u00e8te, l&rsquo;hypertension et les maladies cardiaques. Malheureusement, de nombreuses personnes \u00e9prouvent des difficult\u00e9s \u00e0 perdre du poids en utilisant des techniques \u00e9prouv\u00e9es telles que le r\u00e9gime et l&rsquo;exercice. Le ballon gastrique \u00e0 avaler, une aide non chirurgicale \u00e0 la r\u00e9duction du poids qui permet aux patients de perdre du poids et de ne pas le reprendre, r\u00e9pond \u00e0 ce besoin.<\/p>\n\n<h2 class=\"wp-block-heading\">Qu&rsquo;est-ce qu&rsquo;un ballon gastrique \u00e0 avaler ?<\/h2>\n\n<p>Une alternative non chirurgicale de r\u00e9duction de poids appel\u00e9e \u00ab\u00a0ballon gastrique \u00e0 avaler\u00a0\u00bb consiste \u00e0 avaler un ballon d\u00e9gonfl\u00e9 qui a \u00e9t\u00e9 rempli d&rsquo;une solution saline pour faire de la place dans l&rsquo;estomac. Vous vous sentirez plus rassasi\u00e9 gr\u00e2ce au ballon, ce qui peut entra\u00eener une perte de poids consid\u00e9rable. L&rsquo;op\u00e9ration peut \u00eatre r\u00e9alis\u00e9e en ambulatoire et ne laisse aucune cicatrice.<\/p>\n\n<h2 class=\"wp-block-heading\">Qui est un bon candidat pour un ballon gastrique \u00e0 avaler ?<\/h2>\n\n<p>Si vous avez un indice de masse corporelle (IMC) compris entre 25 et 40 et que vous avez essay\u00e9 en vain de suivre un r\u00e9gime et de faire de l&rsquo;exercice, vous pouvez envisager un ballon gastrique \u00e0 avaler. En outre, c&rsquo;est un choix pour les personnes qui ne peuvent pas b\u00e9n\u00e9ficier d&rsquo;autres traitements de r\u00e9duction du poids en raison de maladies ou d&rsquo;autres circonstances.<\/p>\n\n<h2 class=\"wp-block-heading\">Combien de temps le ballon gastrique avalable reste-t-il en place ?<\/h2>\n\n<p>Le ballon gastrique \u00e0 avaler doit rester dans l&rsquo;estomac pendant quatre mois. Ensuite, il est d\u00e9gonfl\u00e9 et retir\u00e9 de la m\u00eame mani\u00e8re qu&rsquo;il a \u00e9t\u00e9 mis en place. Pour obtenir des r\u00e9sultats optimaux tout au long des six mois, il est recommand\u00e9 aux patients de suivre un programme de r\u00e9duction du poids sous la supervision d&rsquo;un m\u00e9decin.<\/p>\n\n<h2 class=\"wp-block-heading\">Quels sont les avantages d&rsquo;un ballon gastrique \u00e0 avaler ?<\/h2>\n\n<p>Sans avoir recours \u00e0 la chirurgie, le ballon gastrique \u00e0 avaler peut entra\u00eener une r\u00e9duction consid\u00e9rable du poids. Au cours des six mois de mise en place du ballon, les patients peuvent s&rsquo;attendre \u00e0 perdre en moyenne 25 \u00e0 30 % de leur poids corporel suppl\u00e9mentaire. En outre, le ballon encourage les patients \u00e0 adopter des habitudes alimentaires saines, ce qui peut se traduire par une r\u00e9duction durable du poids. Aucune incision ou cicatrice n&rsquo;est n\u00e9cessaire puisque le processus est peu invasif.<\/p>\n\n<h2 class=\"wp-block-heading\">Quels sont les risques du ballon gastrique \u00e0 avaler ?<\/h2>\n\n<p>Le ballon gastrique \u00e0 avaler pr\u00e9sente des dangers, comme toute op\u00e9ration m\u00e9dicale. L&rsquo;inconfort abdominal, les vomissements et les naus\u00e9es sont les effets ind\u00e9sirables les plus fr\u00e9quents. Dans de rares cas, le ballon peut \u00e9clater ou se d\u00e9gonfler, ce qui peut provoquer des obstructions du tube digestif. Dans ce cas, le ballon doit \u00eatre retir\u00e9 imm\u00e9diatement.<\/p>\n\n<h2 class=\"wp-block-heading\">\u00c0 quoi dois-je m&rsquo;attendre apr\u00e8s l&rsquo;intervention ?<\/h2>\n\n<p>Les patients doivent adh\u00e9rer \u00e0 un r\u00e9gime de r\u00e9duction de poids m\u00e9dicalement supervis\u00e9 qui implique un r\u00e9gime hypocalorique et des exercices physiques fr\u00e9quents apr\u00e8s le traitement. L&rsquo;objectif de ce programme est d&rsquo;offrir aux patients les meilleures chances de r\u00e9duire leur poids avec succ\u00e8s. Au cours des premiers jours suivant l&rsquo;op\u00e9ration, les patients peuvent se sentir mal \u00e0 l&rsquo;aise ou avoir des naus\u00e9es ou des vomissements ; cependant, ces sympt\u00f4mes devraient dispara\u00eetre rapidement. Il est essentiel de respecter toutes les instructions post-proc\u00e9dure que vous donne votre praticien de sant\u00e9.<\/p>\n\n<h2 class=\"wp-block-heading\">Puis-je manger normalement avec un ballon gastrique avalable ?<\/h2>\n\n<p>Bien que le ballon gastrique \u00e0 avaler contribue \u00e0 acc\u00e9l\u00e9rer la sensation de sati\u00e9t\u00e9 des patients, c&rsquo;est en suivant un r\u00e9gime alimentaire \u00e9quilibr\u00e9 que l&rsquo;on obtient les meilleurs r\u00e9sultats en termes de r\u00e9duction de poids. Les patients seront invit\u00e9s \u00e0 consommer moins de calories par jour et \u00e0 \u00e9viter les repas riches en graisses et en sucres. En outre, il est essentiel de boire beaucoup d&rsquo;eau et d&rsquo;\u00e9viter les boissons gazeuses, qui peuvent \u00eatre inconfortables lorsque le ballon est en place. Afin d&rsquo;\u00e9viter les douleurs et de garantir que le ballon reste en place, les patients doivent \u00e9galement m\u00e2cher compl\u00e8tement leurs aliments et les consommer lentement.<\/p>\n\n<h2 class=\"wp-block-heading\">Le ballon gastrique avalable peut-il \u00eatre retir\u00e9 pr\u00e9matur\u00e9ment ?<\/h2>\n\n<p>Les patients peuvent parfois souffrir de douleurs intenses ou d&rsquo;autres probl\u00e8mes, ce qui n\u00e9cessite le retrait du ballon avant la p\u00e9riode de six mois. Cependant, un retrait trop rapide du ballon peut entra\u00eener une diminution du poids. Avant de d\u00e9cider de proc\u00e9der \u00e0 l&rsquo;ablation pr\u00e9coce du ballonnet, les patients doivent faire part de leurs inqui\u00e9tudes ou de leurs douleurs \u00e0 leur m\u00e9decin.<\/p>\n\n<h2 class=\"wp-block-heading\">Le ballon gastrique avalable est-il couvert par une assurance ?<\/h2>\n\n<p>Le ballon gastrique \u00e0 avaler peut ou non \u00eatre couvert par une assurance, en fonction du r\u00e9gime d&rsquo;assurance du patient et de ses ant\u00e9c\u00e9dents m\u00e9dicaux. Quelques polices d&rsquo;assurance peuvent prendre en charge tout ou partie des frais, mais la majorit\u00e9 d&rsquo;entre elles ne couvrent pas l&rsquo;op\u00e9ration. Pour conna\u00eetre leurs possibilit\u00e9s de couverture, les patients peuvent contacter leur compagnie d&rsquo;assurance.<\/p>\n\n<h2 class=\"wp-block-heading\">Comment s&rsquo;applique-t-il ?<\/h2>\n\n<figure class=\"wp-block-embed is-type-rich is-provider-embed-handler wp-block-embed-embed-handler wp-embed-aspect-16-9 wp-has-aspect-ratio\"><div class=\"wp-block-embed__wrapper\">\n<iframe loading=\"lazy\" title=\"The Swallowable Gastric Balloon Procedure\" width=\"500\" height=\"281\" src=\"https:\/\/www.youtube.com\/embed\/JlpjwwcLwRc?feature=oembed\" frameborder=\"0\" allow=\"accelerometer; autoplay; clipboard-write; encrypted-media; gyroscope; picture-in-picture; web-share\" referrerpolicy=\"strict-origin-when-cross-origin\" allowfullscreen><\/iframe>\n<\/div><\/figure>\n\n<h2 class=\"wp-block-heading\">Comment cela fonctionne-t-il ?<\/h2>\n\n<p>Un ballon intragastrique peut donner au patient une sensation de sati\u00e9t\u00e9 plus rapide qu&rsquo;il ne le ferait normalement, ce qui lui permet souvent de manger moins. L&rsquo;une des raisons est que le ballon intragastrique ralentit le temps n\u00e9cessaire pour vider l&rsquo;estomac. Une autre raison est que le ballon semble modifier les niveaux d&rsquo;hormones qui contr\u00f4lent l&rsquo;app\u00e9tit.<\/p>\n\n<p>La quantit\u00e9 de poids que vous perdez d\u00e9pend de la mesure dans laquelle vous pouvez modifier vos habitudes de vie, y compris votre r\u00e9gime alimentaire et votre activit\u00e9 physique. Sur la base d&rsquo;un r\u00e9sum\u00e9 des traitements actuellement disponibles, une perte d&rsquo;environ 7 % \u00e0 15 % du poids corporel est typique au cours des six mois qui suivent la pose. La perte totale de l&rsquo;exc\u00e8s de poids varie de 30 \u00e0 47 %.<\/p>\n\n<p>Des changements permanents et sains dans votre alimentation, ainsi qu&rsquo;une activit\u00e9 physique r\u00e9guli\u00e8re et de l&rsquo;exercice, sont n\u00e9cessaires pour \u00e9viter de reprendre du poids.<\/p>\n\n<h2 class=\"wp-block-heading\">Derni\u00e8re r\u00e9flexion<\/h2>\n\n<p>Pour les personnes souffrant d&rsquo;ob\u00e9sit\u00e9, le ballon gastrique \u00e0 avaler est une solution non chirurgicale de gestion du poids qui peut permettre d&rsquo;obtenir des r\u00e9sultats notables en mati\u00e8re de perte de poids. Les patients peuvent s&rsquo;attendre \u00e0 perdre entre 25 et 30 % de leur poids corporel suppl\u00e9mentaire au cours des six mois de mise en place du ballon, en raison de la nature peu invasive du traitement. Cependant, tout traitement m\u00e9dical comporte des risques. Il convient donc de consulter un professionnel de la sant\u00e9 pour conna\u00eetre les risques et les avantages sp\u00e9cifiques \u00e0 chaque traitement.<\/p>\n\n<h2 class=\"wp-block-heading\">Questions fr\u00e9quemment pos\u00e9es sur le ballon gastrique<\/h2>\n\n<h3 class=\"wp-block-heading\">Combien de temps le ballon gastrique avalable reste-t-il en place ?<\/h3>\n\n<p>Le ballon gastrique \u00e0 avaler doit rester dans l&rsquo;estomac pendant six mois.<\/p>\n\n<h3 class=\"wp-block-heading\">Puis-je manger normalement avec un ballon gastrique avalable ?<\/h3>\n\n<p>Bien que le ballon gastrique \u00e0 avaler contribue \u00e0 acc\u00e9l\u00e9rer la sensation de sati\u00e9t\u00e9 des patients, c&rsquo;est en suivant un r\u00e9gime alimentaire \u00e9quilibr\u00e9 que l&rsquo;on obtient les meilleurs r\u00e9sultats en termes de r\u00e9duction de poids.<\/p>\n\n<h3 class=\"wp-block-heading\">Quels sont les risques d&rsquo;un ballon gastrique \u00e0 avaler ?<\/h3>\n\n<p>L&rsquo;inconfort abdominal, les vomissements et les naus\u00e9es sont les effets ind\u00e9sirables les plus fr\u00e9quents. Dans de rares cas, le ballon peut \u00e9clater ou se d\u00e9gonfler, ce qui peut provoquer des obstructions du tube digestif.<\/p>\n\n<h3 class=\"wp-block-heading\">Le ballon gastrique avalable est-il couvert par une assurance ?<\/h3>\n\n<p>Le ballon gastrique \u00e0 avaler peut ou non \u00eatre couvert par une assurance, en fonction du r\u00e9gime d&rsquo;assurance du patient et de ses ant\u00e9c\u00e9dents m\u00e9dicaux. Pour conna\u00eetre leurs possibilit\u00e9s de couverture, les patients peuvent contacter leur compagnie d&rsquo;assurance.<\/p>\n\n<h3 class=\"wp-block-heading\">Le ballon gastrique avalable peut-il \u00eatre retir\u00e9 pr\u00e9matur\u00e9ment ?<\/h3>\n\n<p>Les patients peuvent parfois souffrir de douleurs intenses ou d&rsquo;autres probl\u00e8mes, ce qui n\u00e9cessite le retrait du ballon avant la p\u00e9riode de six mois. Cependant, un retrait trop rapide du ballon peut entra\u00eener une diminution du poids. Avant de d\u00e9cider de proc\u00e9der \u00e0 l&rsquo;ablation pr\u00e9coce du ballonnet, les patients doivent faire part de leurs inqui\u00e9tudes ou de leurs douleurs \u00e0 leur m\u00e9decin.<\/p>\n\n<h2 class=\"wp-block-heading\">Obtenir un devis gratuit<\/h2>\n\n<div\n\tclass=\"root-eb-wpforms-2kepm wp-block-essential-blocks-wpforms\">\n\t<div class=\"eb-parent-eb-wpforms-2kepm  eb-parent-wrapper\">\n\t\t<div class=\"eb-wpforms-2kepm eb-wpforms-wrapper\">\n\t\t\t<div class=\"wpforms-container wpforms-container-full contact-wpforms\" id=\"wpforms-939\"><form id=\"wpforms-form-939\" class=\"wpforms-validate wpforms-form wpforms-ajax-form\" data-formid=\"939\" method=\"post\" enctype=\"multipart\/form-data\" action=\"\/fr\/wp-json\/wp\/v2\/pages\/9837\" data-token=\"ed7cd859f36bf24e9c86cc7848e18522\"><noscript class=\"wpforms-error-noscript\">Veuillez activer JavaScript dans votre navigateur pour remplir ce formulaire.<\/noscript><div class=\"wpforms-field-container\"><div id=\"wpforms-939-field_0-container\" class=\"wpforms-field wpforms-field-name\" data-field-id=\"0\"><label class=\"wpforms-field-label\" for=\"wpforms-939-field_0\">Full Name <span class=\"wpforms-required-label\">*<\/span><\/label><input type=\"text\" id=\"wpforms-939-field_0\" class=\"wpforms-field-large wpforms-field-required\" name=\"wpforms[fields][0]\" required><\/div><div id=\"wpforms-939-field_1-container\" class=\"wpforms-field wpforms-field-email\" data-field-id=\"1\"><label class=\"wpforms-field-label\" for=\"wpforms-939-field_1\">Email <span class=\"wpforms-required-label\">*<\/span><\/label><input type=\"email\" id=\"wpforms-939-field_1\" class=\"wpforms-field-large wpforms-field-required\" name=\"wpforms[fields][1]\" required><\/div><div id=\"wpforms-939-field_9-container\" class=\"wpforms-field wpforms-field-phone\" data-field-id=\"9\"><label class=\"wpforms-field-label\" for=\"wpforms-939-field_9\">Phone <span class=\"wpforms-required-label\">*<\/span><\/label><input type=\"tel\" id=\"wpforms-939-field_9\" class=\"wpforms-field-medium wpforms-field-required wpforms-smart-phone-field\" data-rule-smart-phone-field=\"true\" name=\"wpforms[fields][9]\" required><\/div><div id=\"wpforms-939-field_5-container\" class=\"wpforms-field wpforms-field-select wpforms-field-select-style-classic\" data-field-id=\"5\"><label class=\"wpforms-field-label\" for=\"wpforms-939-field_5\">I&#039;m Interested In <span class=\"wpforms-required-label\">*<\/span><\/label><select id=\"wpforms-939-field_5\" class=\"wpforms-field-large wpforms-field-required\" name=\"wpforms[fields][5]\" required=\"required\"><option value=\"\" class=\"placeholder\" disabled  selected='selected'>&#8211; Please select &#8211;<\/option><option value=\"Tummy Tuck\" >Tummy Tuck<\/option><option value=\"Breast Augmenttion\" >Breast Augmenttion<\/option><option value=\"Liposuction\" >Liposuction<\/option><option value=\"Face Aesthetic\" >Face Aesthetic<\/option><option value=\"Brazilian But Lift\" >Brazilian But Lift<\/option><option value=\"Rhinolasty\" >Rhinolasty<\/option><option value=\"Gastric Sleeve\" >Gastric Sleeve<\/option><option value=\"Gastric Balloon\" >Gastric Balloon<\/option><option value=\"Dental Treatment\" >Dental Treatment<\/option><option value=\"Eye Treatment\" >Eye Treatment<\/option><option value=\"Genital Aesthetic\" >Genital Aesthetic<\/option><option value=\"Other Proccedures\" >Other Proccedures<\/option><\/select><\/div><div id=\"wpforms-939-field_6-container\" class=\"wpforms-field wpforms-field-select wpforms-field-select-style-classic\" data-field-id=\"6\"><label class=\"wpforms-field-label\" for=\"wpforms-939-field_6\">Preferred Time to Contact <span class=\"wpforms-required-label\">*<\/span><\/label><select id=\"wpforms-939-field_6\" class=\"wpforms-field-large wpforms-field-required\" name=\"wpforms[fields][6]\" required=\"required\"><option value=\"\" class=\"placeholder\" disabled  selected='selected'>&#8211; Please select &#8211;<\/option><option value=\"Any Time\" >Any Time<\/option><option value=\"9 - 12 AM\" >9 &#8211; 12 AM<\/option><option value=\"12 - 3 PM\" >12 &#8211; 3 PM<\/option><option value=\"3 - 6 PM\" >3 &#8211; 6 PM<\/option><option value=\"6 - 9 PM\" >6 &#8211; 9 PM<\/option><\/select><\/div><div id=\"wpforms-939-field_10-container\" class=\"wpforms-field wpforms-field-select wpforms-field-select-style-classic\" data-field-id=\"10\"><label class=\"wpforms-field-label\" for=\"wpforms-939-field_10\">Preferred Method to Contact <span class=\"wpforms-required-label\">*<\/span><\/label><select id=\"wpforms-939-field_10\" class=\"wpforms-field-large wpforms-field-required\" name=\"wpforms[fields][10]\" required=\"required\"><option value=\"\" class=\"placeholder\" disabled  selected='selected'>&#8211; Please select &#8211;<\/option><option value=\"WhatsApp Message\" >WhatsApp Message<\/option><option value=\"WhatsApp Call\" >WhatsApp Call<\/option><option value=\"Phone Call\" >Phone Call<\/option><option value=\"Email\" >Email<\/option><\/select><\/div><div id=\"wpforms-939-field_8-container\" class=\"wpforms-field wpforms-field-checkbox newsletter-checkbox\" data-field-id=\"8\"><label class=\"wpforms-field-label wpforms-label-hide\" for=\"wpforms-939-field_8\">Checkboxes<\/label><ul id=\"wpforms-939-field_8\"><li class=\"choice-1 depth-1\"><input type=\"checkbox\" id=\"wpforms-939-field_8_1\" name=\"wpforms[fields][8][]\" value=\"Newsletter Signup\"  ><label class=\"wpforms-field-label-inline\" for=\"wpforms-939-field_8_1\">Newsletter Signup<\/label><\/li><\/ul><\/div><div id=\"wpforms-939-field_11-container\" class=\"wpforms-field wpforms-field-hidden\" data-field-id=\"11\"><input type=\"hidden\" id=\"wpforms-939-field_11\" name=\"wpforms[fields][11]\"><\/div><\/div><div class=\"wpforms-submit-container\"><input type=\"hidden\" name=\"wpforms[id]\" value=\"939\"><input type=\"hidden\" name=\"wpforms[author]\" value=\"1\"><button type=\"submit\" name=\"wpforms[submit]\" id=\"wpforms-submit-939\" class=\"wpforms-submit contact-wpforms-button\" aria-live=\"assertive\" value=\"wpforms-submit\">Send Form<\/button><img loading=\"lazy\" decoding=\"async\" src=\"https:\/\/catchlifeaesthetic.com\/wp-content\/plugins\/wpforms\/assets\/images\/submit-spin.svg\" class=\"wpforms-submit-spinner\" style=\"display: none;\" width=\"26\" height=\"26\" alt=\"Chargement en cours\"><\/div><\/form><\/div>  <!-- .wpforms-container -->\t\t<\/div>\n\t<\/div>\n<\/div>\n\n<div class=\"wp-block-columns is-layout-flex wp-container-core-columns-is-layout-28f84493 wp-block-columns-is-layout-flex\">\n<div class=\"wp-block-column is-vertically-aligned-center is-layout-flow wp-block-column-is-layout-flow\" style=\"flex-basis:100%\"><\/div>\n<\/div>\n","protected":false},"excerpt":{"rendered":"<p>La pose d&rsquo;un ballon intra-gastrique est une proc\u00e9dure de perte de poids qui consiste \u00e0 placer un ballon en silicone rempli de s\u00e9rum physiologique dans l&rsquo;estomac du patient. Cela aide \u00e0 perdre du poids en limitant la quantit\u00e9 de nourriture que l&rsquo;on peut manger et en permettant de se sentir rassasi\u00e9 plus rapidement. \u00c0 qui [&hellip;]<\/p>\n","protected":false},"author":1,"featured_media":7346,"parent":9724,"menu_order":0,"comment_status":"closed","ping_status":"closed","template":"","meta":{"_eb_attr":"","_uag_custom_page_level_css":"","_monsterinsights_skip_tracking":false,"_monsterinsights_sitenote_active":false,"_monsterinsights_sitenote_note":"","_monsterinsights_sitenote_category":0,"site-sidebar-layout":"default","site-content-layout":"","ast-site-content-layout":"default","site-content-style":"default","site-sidebar-style":"default","ast-global-header-display":"","ast-banner-title-visibility":"","ast-main-header-display":"","ast-hfb-above-header-display":"","ast-hfb-below-header-display":"","ast-hfb-mobile-header-display":"","site-post-title":"","ast-breadcrumbs-content":"","ast-featured-img":"","footer-sml-layout":"","theme-transparent-header-meta":"","adv-header-id-meta":"","stick-header-meta":"","header-above-stick-meta":"","header-main-stick-meta":"","header-below-stick-meta":"","astra-migrate-meta-layouts":"default","ast-page-background-enabled":"default","ast-page-background-meta":{"desktop":{"background-color":"var(--ast-global-color-4)","background-image":"","background-repeat":"repeat","background-position":"center center","background-size":"auto","background-attachment":"scroll","background-type":"","background-media":"","overlay-type":"","overlay-color":"","overlay-opacity":"","overlay-gradient":""},"tablet":{"background-color":"","background-image":"","background-repeat":"repeat","background-position":"center center","background-size":"auto","background-attachment":"scroll","background-type":"","background-media":"","overlay-type":"","overlay-color":"","overlay-opacity":"","overlay-gradient":""},"mobile":{"background-color":"","background-image":"","background-repeat":"repeat","background-position":"center center","background-size":"auto","background-attachment":"scroll","background-type":"","background-media":"","overlay-type":"","overlay-color":"","overlay-opacity":"","overlay-gradient":""}},"ast-content-background-meta":{"desktop":{"background-color":"var(--ast-global-color-5)","background-image":"","background-repeat":"repeat","background-position":"center center","background-size":"auto","background-attachment":"scroll","background-type":"","background-media":"","overlay-type":"","overlay-color":"","overlay-opacity":"","overlay-gradient":""},"tablet":{"background-color":"var(--ast-global-color-5)","background-image":"","background-repeat":"repeat","background-position":"center center","background-size":"auto","background-attachment":"scroll","background-type":"","background-media":"","overlay-type":"","overlay-color":"","overlay-opacity":"","overlay-gradient":""},"mobile":{"background-color":"var(--ast-global-color-5)","background-image":"","background-repeat":"repeat","background-position":"center center","background-size":"auto","background-attachment":"scroll","background-type":"","background-media":"","overlay-type":"","overlay-color":"","overlay-opacity":"","overlay-gradient":""}},"footnotes":""},"class_list":["post-9837","page","type-page","status-publish","has-post-thumbnail","hentry"],"uagb_featured_image_src":{"full":["https:\/\/catchlifeaesthetic.com\/wp-content\/uploads\/2024\/05\/sleeve-gastrectomy-0.jpg",1200,675,false],"thumbnail":["https:\/\/catchlifeaesthetic.com\/wp-content\/uploads\/2024\/05\/sleeve-gastrectomy-0-150x150.jpg",150,150,true],"medium":["https:\/\/catchlifeaesthetic.com\/wp-content\/uploads\/2024\/05\/sleeve-gastrectomy-0-300x169.jpg",300,169,true],"medium_large":["https:\/\/catchlifeaesthetic.com\/wp-content\/uploads\/2024\/05\/sleeve-gastrectomy-0-768x432.jpg",768,432,true],"large":["https:\/\/catchlifeaesthetic.com\/wp-content\/uploads\/2024\/05\/sleeve-gastrectomy-0-1024x576.jpg",1024,576,true],"1536x1536":["https:\/\/catchlifeaesthetic.com\/wp-content\/uploads\/2024\/05\/sleeve-gastrectomy-0.jpg",1200,675,false],"2048x2048":["https:\/\/catchlifeaesthetic.com\/wp-content\/uploads\/2024\/05\/sleeve-gastrectomy-0.jpg",1200,675,false],"woocommerce_thumbnail":["https:\/\/catchlifeaesthetic.com\/wp-content\/uploads\/2024\/05\/sleeve-gastrectomy-0-300x300.jpg",300,300,true],"woocommerce_single":["https:\/\/catchlifeaesthetic.com\/wp-content\/uploads\/2024\/05\/sleeve-gastrectomy-0-600x338.jpg",600,338,true],"woocommerce_gallery_thumbnail":["https:\/\/catchlifeaesthetic.com\/wp-content\/uploads\/2024\/05\/sleeve-gastrectomy-0-100x100.jpg",100,100,true]},"uagb_author_info":{"display_name":"Catchlife Aesthetic","author_link":"https:\/\/catchlifeaesthetic.com\/fr\/author\/admincatchlife-com-tr\/"},"uagb_comment_info":0,"uagb_excerpt":"La pose d&rsquo;un ballon intra-gastrique est une proc\u00e9dure de perte de poids qui consiste \u00e0 placer un ballon en silicone rempli de s\u00e9rum physiologique dans l&rsquo;estomac du patient. Cela aide \u00e0 perdre du poids en limitant la quantit\u00e9 de nourriture que l&rsquo;on peut manger et en permettant de se sentir rassasi\u00e9 plus rapidement. \u00c0 qui\u2026","_links":{"self":[{"href":"https:\/\/catchlifeaesthetic.com\/fr\/wp-json\/wp\/v2\/pages\/9837","targetHints":{"allow":["GET"]}}],"collection":[{"href":"https:\/\/catchlifeaesthetic.com\/fr\/wp-json\/wp\/v2\/pages"}],"about":[{"href":"https:\/\/catchlifeaesthetic.com\/fr\/wp-json\/wp\/v2\/types\/page"}],"author":[{"embeddable":true,"href":"https:\/\/catchlifeaesthetic.com\/fr\/wp-json\/wp\/v2\/users\/1"}],"replies":[{"embeddable":true,"href":"https:\/\/catchlifeaesthetic.com\/fr\/wp-json\/wp\/v2\/comments?post=9837"}],"version-history":[{"count":1,"href":"https:\/\/catchlifeaesthetic.com\/fr\/wp-json\/wp\/v2\/pages\/9837\/revisions"}],"predecessor-version":[{"id":9855,"href":"https:\/\/catchlifeaesthetic.com\/fr\/wp-json\/wp\/v2\/pages\/9837\/revisions\/9855"}],"up":[{"embeddable":true,"href":"https:\/\/catchlifeaesthetic.com\/fr\/wp-json\/wp\/v2\/pages\/9724"}],"wp:featuredmedia":[{"embeddable":true,"href":"https:\/\/catchlifeaesthetic.com\/fr\/wp-json\/wp\/v2\/media\/7346"}],"wp:attachment":[{"href":"https:\/\/catchlifeaesthetic.com\/fr\/wp-json\/wp\/v2\/media?parent=9837"}],"curies":[{"name":"wp","href":"https:\/\/api.w.org\/{rel}","templated":true}]}}