{"id":9880,"date":"2024-07-10T07:51:47","date_gmt":"2024-07-10T07:51:47","guid":{"rendered":"https:\/\/catchlifeaesthetic.com\/chirurgie-damaigrissement-en-turquie\/pontage-gastrique\/"},"modified":"2024-07-16T11:38:16","modified_gmt":"2024-07-16T11:38:16","slug":"pontage-gastrique","status":"publish","type":"page","link":"https:\/\/catchlifeaesthetic.com\/fr\/chirurgie-damaigrissement-en-turquie\/pontage-gastrique\/","title":{"rendered":"Pontage gastrique"},"content":{"rendered":"\n<p>Le bypass gastrique est une intervention chirurgicale qui peut aider les personnes souffrant d&rsquo;ob\u00e9sit\u00e9 \u00e0 perdre du poids et \u00e0 am\u00e9liorer leur sant\u00e9. Il diminue la taille de l&rsquo;estomac et modifie la fa\u00e7on dont l&rsquo;estomac et l&rsquo;intestin gr\u00eale absorbent les aliments, ce qui facilite la perte de poids. Cette proc\u00e9dure est \u00e9galement appel\u00e9e pontage gastrique Roux-en-Y.<\/p>\n\n<h2 class=\"wp-block-heading\">Quand dois-je envisager un pontage gastrique ?<\/h2>\n\n<p>Si vous \u00eates tr\u00e8s ob\u00e8se, que vous avez d&rsquo;autres probl\u00e8mes de sant\u00e9 et que vous avez essay\u00e9 de perdre du poids en suivant un r\u00e9gime et en faisant plus d&rsquo;exercice, votre m\u00e9decin peut vous proposer un pontage gastrique pour vous aider \u00e0 perdre du poids.<\/p>\n\n<p>Le pontage gastrique est un type de chirurgie tr\u00e8s efficace pour perdre du poids, mais il ne convient pas \u00e0 tout le monde. Discutez avec votre m\u00e9decin de l&rsquo;approche qui vous convient le mieux et de ce qui vous attend. Vous pouvez demander :<\/p>\n\n<ul class=\"wp-block-list\">\n<li>Quelle est la perte de poids moyenne au bout d&rsquo;un an ?<\/li>\n\n\n\n<li>Quelle est la perte de poids moyenne apr\u00e8s 5 ans ?<\/li>\n\n\n\n<li>Quel est mon r\u00f4le apr\u00e8s l&rsquo;op\u00e9ration ?<\/li>\n<\/ul>\n\n<p>La perte de poids apr\u00e8s un pontage gastrique peut contribuer \u00e0 r\u00e9duire les probl\u00e8mes de diab\u00e8te de type 2, les \u00e9pisodes d&rsquo;asthme et la tension art\u00e9rielle, ainsi qu&rsquo;\u00e0 am\u00e9liorer la sant\u00e9 cardiaque.<\/p>\n\n<figure class=\"wp-block-embed is-type-rich is-provider-embed-handler wp-block-embed-embed-handler wp-embed-aspect-16-9 wp-has-aspect-ratio\"><div class=\"wp-block-embed__wrapper\">\n<iframe loading=\"lazy\" title=\"Gastric Bypass Procedure Demonstration\" width=\"500\" height=\"281\" src=\"https:\/\/www.youtube.com\/embed\/NGfgShJkHM8?feature=oembed\" frameborder=\"0\" allow=\"accelerometer; autoplay; clipboard-write; encrypted-media; gyroscope; picture-in-picture; web-share\" referrerpolicy=\"strict-origin-when-cross-origin\" allowfullscreen><\/iframe>\n<\/div><\/figure>\n\n<p>L&rsquo;ob\u00e9sit\u00e9 est l&rsquo;un des probl\u00e8mes sociaux de sant\u00e9 de ces derni\u00e8res ann\u00e9es. Les \u00eatres humains deviennent de plus en plus gros \u00e0 cause de la stagnation syst\u00e9matique de la vie urbaine, ce qui peut entra\u00eener l&rsquo;apparition d&rsquo;autres probl\u00e8mes de sant\u00e9 graves.<\/p>\n\n<p>L&rsquo;ob\u00e9sit\u00e9 : c&rsquo;est la principale cause de nombreux probl\u00e8mes de sant\u00e9, en particulier les maladies du syst\u00e8me endocrinien. \u00c9valuations universelles ; Les complications qui peuvent \u00eatre caus\u00e9es par toutes les applications pour le traitement de l&rsquo;ob\u00e9sit\u00e9 montrent que l&rsquo;ob\u00e9sit\u00e9 n&rsquo;est pas plus dangereuse qu&rsquo;elle-m\u00eame.<\/p>\n\n<p>Par cons\u00e9quent, le surpoids, c&rsquo;est-\u00e0-dire l&rsquo;ob\u00e9sit\u00e9, est une maladie et son traitement est obligatoire. Ce probl\u00e8me, qui continue d&rsquo;\u00eatre un probl\u00e8me de sant\u00e9 dans tous les pays du monde, est devenu un probl\u00e8me grave.<\/p>\n\n<h2 class=\"wp-block-heading\">Qu&rsquo;est-ce que la d\u00e9rivation gastrique de Roux-En-Y (RYGB) ?<\/h2>\n\n<figure class=\"wp-block-image\"><img decoding=\"async\" src=\"http:\/\/catchlifeobesity.com\/wp-content\/uploads\/2022\/10\/roux-en-y-gastric-bypass-graphic.webp\" alt=\"roux en y gastric bypass graphic\" class=\"wp-image-361\" title=\"Forfaits de bypass gastrique en Turquie 1\"\/><\/figure>\n\n<p>RY Bypass gastrique ; Il est d\u00e9fini comme un type d&rsquo;op\u00e9ration chirurgicale sous la forme d&rsquo;une nouvelle connexion entre l&rsquo;estomac et l&rsquo;intestin gr\u00eale, ainsi que la r\u00e9duction de l&rsquo;estomac. Ces op\u00e9rations sont g\u00e9n\u00e9ralement des applications de la chirurgie bariatrique et sont efficaces dans le traitement permanent de l&rsquo;ob\u00e9sit\u00e9. Ces applications, qui sont principalement r\u00e9alis\u00e9es par laparoscopie, sont effectu\u00e9es par des chirurgiens sp\u00e9cialis\u00e9s sur le terrain dans une salle d&rsquo;op\u00e9ration enti\u00e8rement \u00e9quip\u00e9e.<\/p>\n\n<p>Elle est divis\u00e9e en deux parties principales, dont l&rsquo;une est assez petite, \u00e0 l&rsquo;aide de mat\u00e9riel chirurgical sp\u00e9cial (laparoscopie). Le syst\u00e8me est organis\u00e9 en r\u00e9unissant la section du petit estomac \u00e0 former jusqu&rsquo;\u00e0 une zone d&rsquo;environ 50-70 cm de long \u00e0 partir de la partie initiale de l&rsquo;intestin gr\u00eale, et en r\u00e9unissant les deux intestins qui permettront \u00e0 vos s\u00e9cr\u00e9tions biliaires et pancr\u00e9atiques d&rsquo;atteindre la zone de 100-150 cm qui continue apr\u00e8s ce niveau.<\/p>\n\n<p>Cette intervention vise \u00e0 r\u00e9duire le volume des aliments ing\u00e9r\u00e9s en raison de la petite poche stomacale (30-50 cc) nouvellement cr\u00e9\u00e9e par l&rsquo;op\u00e9ration. Par cons\u00e9quent, la rencontre tardive de la petite quantit\u00e9 d&rsquo;aliments consomm\u00e9s avec les liquides pancr\u00e9atiques et biliaires, permet de contr\u00f4ler le poids en emp\u00eachant l&rsquo;ingestion de toutes les calories qu&rsquo;elle contient.<\/p>\n\n<p>Contrairement \u00e0 la sleeve gastrectomie, le bypass gastrique RY permet \u00e0 la fois de r\u00e9duire l&rsquo;apport alimentaire et d&#8217;emp\u00eacher l&rsquo;absorption de toutes les calories contenues dans les aliments consomm\u00e9s. Bien entendu, le choix de ces applications ne se fera pas en fonction d&rsquo;\u00e9ventuelles complications courantes, mais en fonction de l&rsquo;analyse effectu\u00e9e par le m\u00e9decin.<\/p>\n\n<p>Gr\u00e2ce au programme alimentaire post-op\u00e9ratoire, \u00e0 la r\u00e9gulation de l&rsquo;activit\u00e9 physique et au sport, la personne atteint son poids id\u00e9al et le contr\u00f4le du poids \u00e0 long terme est assur\u00e9 tant qu&rsquo;elle respecte les r\u00e8gles.<\/p>\n\n<h2 class=\"wp-block-heading\">Qu&rsquo;est-ce que le mini bypass gastrique ?<\/h2>\n\n<figure class=\"wp-block-image\"><img decoding=\"async\" src=\"http:\/\/catchlifeobesity.com\/wp-content\/uploads\/2022\/10\/mini-gastric-bypass-graphic.webp\" alt=\"mini bypass gastrique graphique\" class=\"wp-image-359\" title=\"Forfaits de bypass gastrique en Turquie 2\"\/><\/figure>\n\n<p>Le mini bypass gastrique est une intervention chirurgicale r\u00e9alis\u00e9e par laparoscopie qui permet \u00e0 la fois de r\u00e9duire le volume de l&rsquo;estomac et de s\u00e9parer une partie de l&rsquo;intestin gr\u00eale de la fonction d&rsquo;absorption. Cela montre que le mini bypass gastrique est une m\u00e9thode qui peut \u00eatre pratiqu\u00e9e plus facilement. Le mini bypass gastrique est l&rsquo;une des m\u00e9thodes les plus rapides et les plus faciles parmi les op\u00e9rations pratiqu\u00e9es en chirurgie bariatrique, et le processus de r\u00e9cup\u00e9ration postop\u00e9ratoire est tr\u00e8s confortable et court.<\/p>\n\n<p>Avec la m\u00e9thode laparoscopique (ferm\u00e9e), le Mini Bypass gastrique est r\u00e9alis\u00e9 \u00e0 travers 4 trous de 0,5 cm et 1 cm ouverts sur la paroi abdominale. Au cours de cette op\u00e9ration, une petite poche stomacale de 15 cm de long et de 2 cm de large est cr\u00e9\u00e9e dans l&rsquo;estomac \u00e0 l&rsquo;aide d&rsquo;agrafes, et cette minuscule poche stomacale est reli\u00e9e entre 180 et 200 cm de l&rsquo;intestin gr\u00eale.<\/p>\n\n<p>Gr\u00e2ce \u00e0 cette intervention, le volume de l&rsquo;estomac est r\u00e9duit \u00e0 50 cm3 gr\u00e2ce \u00e0 la mini-poche cr\u00e9\u00e9e \u00e0 partir de 1000 cm3. Ainsi, les patients ressentent une \u00ab\u00a0sati\u00e9t\u00e9 pr\u00e9coce\u00a0\u00bb m\u00eame apr\u00e8s avoir ing\u00e9r\u00e9 50 cm3 de nourriture, ce qui emp\u00eache les aliments de p\u00e9n\u00e9trer dans les 150 \u00e0 180 premiers centim\u00e8tres de l&rsquo;intestin gr\u00eale, o\u00f9 l&rsquo;absorption des aliments est la plus \u00e9lev\u00e9e, et garantit le passage des aliments entre 180 et 200 centim\u00e8tres de l&rsquo;intestin. En d&rsquo;autres termes, apr\u00e8s le mini bypass gastrique, l&rsquo;absorption du sucre et des aliments sucr\u00e9s pris par voie orale dans l&rsquo;intestin est emp\u00each\u00e9e ou, en r\u00e9duisant le diab\u00e8te, peut \u00eatre \u00e9limin\u00e9e.<\/p>\n\n<h2 class=\"wp-block-heading\">Pourquoi les m\u00e9decins recommandent-ils le mini bypass gastrique ?<\/h2>\n\n<ul class=\"wp-block-list\">\n<li>L&rsquo;absorption dans l&rsquo;intestin gr\u00eale est moindre dans cette op\u00e9ration.<\/li>\n\n\n\n<li>Comme il n&rsquo;y a pas d&rsquo;intervention nocive pour l&rsquo;estomac de l&rsquo;individu, il est possible de revenir \u00e0 l&rsquo;estomac d&rsquo;origine.<\/li>\n\n\n\n<li>Il s&rsquo;agit d&rsquo;une solution plus permanente pour les personnes atteintes de diab\u00e8te de type 2 et de probl\u00e8mes de sant\u00e9 similaires.<\/li>\n\n\n\n<li>Elle est plus facile \u00e0 mettre en \u0153uvre que l&rsquo;op\u00e9ration RYGB.<\/li>\n\n\n\n<li>Une fois le processus de perte de poids termin\u00e9, la probabilit\u00e9 de reprendre du poids est moindre.<\/li>\n\n\n\n<li>Il n&rsquo;est pas n\u00e9cessaire d&rsquo;administrer une alimentation liquide apr\u00e8s l&rsquo;op\u00e9ration.<\/li>\n<\/ul>\n\n<h2 class=\"wp-block-heading\">Le bypass gastrique en Turquie<\/h2>\n\n<p>Vous pouvez subir un pontage gastrique dans notre clinique en Turquie. Il vous suffit de prendre rendez-vous. L&rsquo;h\u00e9bergement, le transport, la restauration et l&rsquo;ensemble du processus de traitement sont organis\u00e9s pour vous depuis les meilleurs endroits du pays. Vous pouvez appeler notre bureau imm\u00e9diatement pour discuter des d\u00e9tails et prendre rendez-vous. Nos coordonn\u00e9es sont disponibles sur notre site web.<\/p>\n\n<h2 class=\"wp-block-heading\">Obtenir un devis gratuit<\/h2>\n\n<div\n\tclass=\"root-eb-wpforms-q0uap wp-block-essential-blocks-wpforms\">\n\t<div class=\"eb-parent-eb-wpforms-q0uap  eb-parent-wrapper\">\n\t\t<div class=\"eb-wpforms-q0uap eb-wpforms-wrapper\">\n\t\t\t<div class=\"wpforms-container wpforms-container-full contact-wpforms\" id=\"wpforms-939\"><form id=\"wpforms-form-939\" class=\"wpforms-validate wpforms-form wpforms-ajax-form\" data-formid=\"939\" method=\"post\" enctype=\"multipart\/form-data\" action=\"\/fr\/wp-json\/wp\/v2\/pages\/9880\" data-token=\"1ded982a3f772315fce0a7fabf9805cd\"><noscript class=\"wpforms-error-noscript\">Veuillez activer JavaScript dans votre navigateur pour remplir ce formulaire.<\/noscript><div class=\"wpforms-field-container\"><div id=\"wpforms-939-field_0-container\" class=\"wpforms-field wpforms-field-name\" data-field-id=\"0\"><label class=\"wpforms-field-label\" for=\"wpforms-939-field_0\">Full Name <span class=\"wpforms-required-label\">*<\/span><\/label><input type=\"text\" id=\"wpforms-939-field_0\" class=\"wpforms-field-large wpforms-field-required\" name=\"wpforms[fields][0]\" required><\/div><div id=\"wpforms-939-field_1-container\" class=\"wpforms-field wpforms-field-email\" data-field-id=\"1\"><label class=\"wpforms-field-label\" for=\"wpforms-939-field_1\">Email <span class=\"wpforms-required-label\">*<\/span><\/label><input type=\"email\" id=\"wpforms-939-field_1\" class=\"wpforms-field-large wpforms-field-required\" name=\"wpforms[fields][1]\" required><\/div><div id=\"wpforms-939-field_9-container\" class=\"wpforms-field wpforms-field-phone\" data-field-id=\"9\"><label class=\"wpforms-field-label\" for=\"wpforms-939-field_9\">Phone <span class=\"wpforms-required-label\">*<\/span><\/label><input type=\"tel\" id=\"wpforms-939-field_9\" class=\"wpforms-field-medium wpforms-field-required wpforms-smart-phone-field\" data-rule-smart-phone-field=\"true\" name=\"wpforms[fields][9]\" required><\/div><div id=\"wpforms-939-field_5-container\" class=\"wpforms-field wpforms-field-select wpforms-field-select-style-classic\" data-field-id=\"5\"><label class=\"wpforms-field-label\" for=\"wpforms-939-field_5\">I&#039;m Interested In <span class=\"wpforms-required-label\">*<\/span><\/label><select id=\"wpforms-939-field_5\" class=\"wpforms-field-large wpforms-field-required\" name=\"wpforms[fields][5]\" required=\"required\"><option value=\"\" class=\"placeholder\" disabled  selected='selected'>&#8211; Please select &#8211;<\/option><option value=\"Tummy Tuck\" >Tummy Tuck<\/option><option value=\"Breast Augmenttion\" >Breast Augmenttion<\/option><option value=\"Liposuction\" >Liposuction<\/option><option value=\"Face Aesthetic\" >Face Aesthetic<\/option><option value=\"Brazilian But Lift\" >Brazilian But Lift<\/option><option value=\"Rhinolasty\" >Rhinolasty<\/option><option value=\"Gastric Sleeve\" >Gastric Sleeve<\/option><option value=\"Gastric Balloon\" >Gastric Balloon<\/option><option value=\"Dental Treatment\" >Dental Treatment<\/option><option value=\"Eye Treatment\" >Eye Treatment<\/option><option value=\"Genital Aesthetic\" >Genital Aesthetic<\/option><option value=\"Other Proccedures\" >Other Proccedures<\/option><\/select><\/div><div id=\"wpforms-939-field_6-container\" class=\"wpforms-field wpforms-field-select wpforms-field-select-style-classic\" data-field-id=\"6\"><label class=\"wpforms-field-label\" for=\"wpforms-939-field_6\">Preferred Time to Contact <span class=\"wpforms-required-label\">*<\/span><\/label><select id=\"wpforms-939-field_6\" class=\"wpforms-field-large wpforms-field-required\" name=\"wpforms[fields][6]\" required=\"required\"><option value=\"\" class=\"placeholder\" disabled  selected='selected'>&#8211; Please select &#8211;<\/option><option value=\"Any Time\" >Any Time<\/option><option value=\"9 - 12 AM\" >9 &#8211; 12 AM<\/option><option value=\"12 - 3 PM\" >12 &#8211; 3 PM<\/option><option value=\"3 - 6 PM\" >3 &#8211; 6 PM<\/option><option value=\"6 - 9 PM\" >6 &#8211; 9 PM<\/option><\/select><\/div><div id=\"wpforms-939-field_10-container\" class=\"wpforms-field wpforms-field-select wpforms-field-select-style-classic\" data-field-id=\"10\"><label class=\"wpforms-field-label\" for=\"wpforms-939-field_10\">Preferred Method to Contact <span class=\"wpforms-required-label\">*<\/span><\/label><select id=\"wpforms-939-field_10\" class=\"wpforms-field-large wpforms-field-required\" name=\"wpforms[fields][10]\" required=\"required\"><option value=\"\" class=\"placeholder\" disabled  selected='selected'>&#8211; Please select &#8211;<\/option><option value=\"WhatsApp Message\" >WhatsApp Message<\/option><option value=\"WhatsApp Call\" >WhatsApp Call<\/option><option value=\"Phone Call\" >Phone Call<\/option><option value=\"Email\" >Email<\/option><\/select><\/div><div id=\"wpforms-939-field_8-container\" class=\"wpforms-field wpforms-field-checkbox newsletter-checkbox\" data-field-id=\"8\"><label class=\"wpforms-field-label wpforms-label-hide\" for=\"wpforms-939-field_8\">Checkboxes<\/label><ul id=\"wpforms-939-field_8\"><li class=\"choice-1 depth-1\"><input type=\"checkbox\" id=\"wpforms-939-field_8_1\" name=\"wpforms[fields][8][]\" value=\"Newsletter Signup\"  ><label class=\"wpforms-field-label-inline\" for=\"wpforms-939-field_8_1\">Newsletter Signup<\/label><\/li><\/ul><\/div><div id=\"wpforms-939-field_11-container\" class=\"wpforms-field wpforms-field-hidden\" data-field-id=\"11\"><input type=\"hidden\" id=\"wpforms-939-field_11\" name=\"wpforms[fields][11]\"><\/div><\/div><div class=\"wpforms-submit-container\"><input type=\"hidden\" name=\"wpforms[id]\" value=\"939\"><input type=\"hidden\" name=\"wpforms[author]\" value=\"1\"><button type=\"submit\" name=\"wpforms[submit]\" id=\"wpforms-submit-939\" class=\"wpforms-submit contact-wpforms-button\" aria-live=\"assertive\" value=\"wpforms-submit\">Send Form<\/button><img loading=\"lazy\" decoding=\"async\" src=\"https:\/\/catchlifeaesthetic.com\/wp-content\/plugins\/wpforms\/assets\/images\/submit-spin.svg\" class=\"wpforms-submit-spinner\" style=\"display: none;\" width=\"26\" height=\"26\" alt=\"Chargement en cours\"><\/div><\/form><\/div>  <!-- .wpforms-container -->\t\t<\/div>\n\t<\/div>\n<\/div>\n","protected":false},"excerpt":{"rendered":"<p>Le bypass gastrique est une intervention chirurgicale qui peut aider les personnes souffrant d&rsquo;ob\u00e9sit\u00e9 \u00e0 perdre du poids et \u00e0 am\u00e9liorer leur sant\u00e9. Il diminue la taille de l&rsquo;estomac et modifie la fa\u00e7on dont l&rsquo;estomac et l&rsquo;intestin gr\u00eale absorbent les aliments, ce qui facilite la perte de poids. Cette proc\u00e9dure est \u00e9galement appel\u00e9e pontage gastrique [&hellip;]<\/p>\n","protected":false},"author":1,"featured_media":7346,"parent":9724,"menu_order":0,"comment_status":"closed","ping_status":"closed","template":"","meta":{"_eb_attr":"","_uag_custom_page_level_css":"","_monsterinsights_skip_tracking":false,"_monsterinsights_sitenote_active":false,"_monsterinsights_sitenote_note":"","_monsterinsights_sitenote_category":0,"site-sidebar-layout":"default","site-content-layout":"","ast-site-content-layout":"default","site-content-style":"default","site-sidebar-style":"default","ast-global-header-display":"","ast-banner-title-visibility":"","ast-main-header-display":"","ast-hfb-above-header-display":"","ast-hfb-below-header-display":"","ast-hfb-mobile-header-display":"","site-post-title":"","ast-breadcrumbs-content":"","ast-featured-img":"","footer-sml-layout":"","theme-transparent-header-meta":"","adv-header-id-meta":"","stick-header-meta":"","header-above-stick-meta":"","header-main-stick-meta":"","header-below-stick-meta":"","astra-migrate-meta-layouts":"default","ast-page-background-enabled":"default","ast-page-background-meta":{"desktop":{"background-color":"var(--ast-global-color-4)","background-image":"","background-repeat":"repeat","background-position":"center center","background-size":"auto","background-attachment":"scroll","background-type":"","background-media":"","overlay-type":"","overlay-color":"","overlay-opacity":"","overlay-gradient":""},"tablet":{"background-color":"","background-image":"","background-repeat":"repeat","background-position":"center center","background-size":"auto","background-attachment":"scroll","background-type":"","background-media":"","overlay-type":"","overlay-color":"","overlay-opacity":"","overlay-gradient":""},"mobile":{"background-color":"","background-image":"","background-repeat":"repeat","background-position":"center center","background-size":"auto","background-attachment":"scroll","background-type":"","background-media":"","overlay-type":"","overlay-color":"","overlay-opacity":"","overlay-gradient":""}},"ast-content-background-meta":{"desktop":{"background-color":"var(--ast-global-color-5)","background-image":"","background-repeat":"repeat","background-position":"center center","background-size":"auto","background-attachment":"scroll","background-type":"","background-media":"","overlay-type":"","overlay-color":"","overlay-opacity":"","overlay-gradient":""},"tablet":{"background-color":"var(--ast-global-color-5)","background-image":"","background-repeat":"repeat","background-position":"center center","background-size":"auto","background-attachment":"scroll","background-type":"","background-media":"","overlay-type":"","overlay-color":"","overlay-opacity":"","overlay-gradient":""},"mobile":{"background-color":"var(--ast-global-color-5)","background-image":"","background-repeat":"repeat","background-position":"center center","background-size":"auto","background-attachment":"scroll","background-type":"","background-media":"","overlay-type":"","overlay-color":"","overlay-opacity":"","overlay-gradient":""}},"footnotes":""},"class_list":["post-9880","page","type-page","status-publish","has-post-thumbnail","hentry"],"uagb_featured_image_src":{"full":["https:\/\/catchlifeaesthetic.com\/wp-content\/uploads\/2024\/05\/sleeve-gastrectomy-0.jpg",1200,675,false],"thumbnail":["https:\/\/catchlifeaesthetic.com\/wp-content\/uploads\/2024\/05\/sleeve-gastrectomy-0-150x150.jpg",150,150,true],"medium":["https:\/\/catchlifeaesthetic.com\/wp-content\/uploads\/2024\/05\/sleeve-gastrectomy-0-300x169.jpg",300,169,true],"medium_large":["https:\/\/catchlifeaesthetic.com\/wp-content\/uploads\/2024\/05\/sleeve-gastrectomy-0-768x432.jpg",768,432,true],"large":["https:\/\/catchlifeaesthetic.com\/wp-content\/uploads\/2024\/05\/sleeve-gastrectomy-0-1024x576.jpg",1024,576,true],"1536x1536":["https:\/\/catchlifeaesthetic.com\/wp-content\/uploads\/2024\/05\/sleeve-gastrectomy-0.jpg",1200,675,false],"2048x2048":["https:\/\/catchlifeaesthetic.com\/wp-content\/uploads\/2024\/05\/sleeve-gastrectomy-0.jpg",1200,675,false],"woocommerce_thumbnail":["https:\/\/catchlifeaesthetic.com\/wp-content\/uploads\/2024\/05\/sleeve-gastrectomy-0-300x300.jpg",300,300,true],"woocommerce_single":["https:\/\/catchlifeaesthetic.com\/wp-content\/uploads\/2024\/05\/sleeve-gastrectomy-0-600x338.jpg",600,338,true],"woocommerce_gallery_thumbnail":["https:\/\/catchlifeaesthetic.com\/wp-content\/uploads\/2024\/05\/sleeve-gastrectomy-0-100x100.jpg",100,100,true]},"uagb_author_info":{"display_name":"Catchlife Aesthetic","author_link":"https:\/\/catchlifeaesthetic.com\/fr\/author\/admincatchlife-com-tr\/"},"uagb_comment_info":0,"uagb_excerpt":"Le bypass gastrique est une intervention chirurgicale qui peut aider les personnes souffrant d&rsquo;ob\u00e9sit\u00e9 \u00e0 perdre du poids et \u00e0 am\u00e9liorer leur sant\u00e9. Il diminue la taille de l&rsquo;estomac et modifie la fa\u00e7on dont l&rsquo;estomac et l&rsquo;intestin gr\u00eale absorbent les aliments, ce qui facilite la perte de poids. Cette proc\u00e9dure est \u00e9galement appel\u00e9e pontage gastrique\u2026","_links":{"self":[{"href":"https:\/\/catchlifeaesthetic.com\/fr\/wp-json\/wp\/v2\/pages\/9880","targetHints":{"allow":["GET"]}}],"collection":[{"href":"https:\/\/catchlifeaesthetic.com\/fr\/wp-json\/wp\/v2\/pages"}],"about":[{"href":"https:\/\/catchlifeaesthetic.com\/fr\/wp-json\/wp\/v2\/types\/page"}],"author":[{"embeddable":true,"href":"https:\/\/catchlifeaesthetic.com\/fr\/wp-json\/wp\/v2\/users\/1"}],"replies":[{"embeddable":true,"href":"https:\/\/catchlifeaesthetic.com\/fr\/wp-json\/wp\/v2\/comments?post=9880"}],"version-history":[{"count":1,"href":"https:\/\/catchlifeaesthetic.com\/fr\/wp-json\/wp\/v2\/pages\/9880\/revisions"}],"predecessor-version":[{"id":9912,"href":"https:\/\/catchlifeaesthetic.com\/fr\/wp-json\/wp\/v2\/pages\/9880\/revisions\/9912"}],"up":[{"embeddable":true,"href":"https:\/\/catchlifeaesthetic.com\/fr\/wp-json\/wp\/v2\/pages\/9724"}],"wp:featuredmedia":[{"embeddable":true,"href":"https:\/\/catchlifeaesthetic.com\/fr\/wp-json\/wp\/v2\/media\/7346"}],"wp:attachment":[{"href":"https:\/\/catchlifeaesthetic.com\/fr\/wp-json\/wp\/v2\/media?parent=9880"}],"curies":[{"name":"wp","href":"https:\/\/api.w.org\/{rel}","templated":true}]}}