{"id":9975,"date":"2024-07-11T10:06:36","date_gmt":"2024-07-11T10:06:36","guid":{"rendered":"https:\/\/catchlifeaesthetic.com\/traitement-des-yeux-en-turquie\/chirurgie-de-la-cataracte-une-vision-plus-claire-de-la-vie\/"},"modified":"2024-07-16T11:39:38","modified_gmt":"2024-07-16T11:39:38","slug":"chirurgie-de-la-cataracte-une-vision-plus-claire-de-la-vie","status":"publish","type":"page","link":"https:\/\/catchlifeaesthetic.com\/fr\/traitement-des-yeux-en-turquie\/chirurgie-de-la-cataracte-une-vision-plus-claire-de-la-vie\/","title":{"rendered":"Chirurgie de la cataracte : Une vision plus claire de la vie"},"content":{"rendered":"\n<figure class=\"wp-block-image size-large\"><img loading=\"lazy\" decoding=\"async\" width=\"1024\" height=\"771\" src=\"https:\/\/catchlifeaesthetic.com\/wp-content\/uploads\/2024\/07\/cataract-1-1024x771.jpg\" alt=\"\" class=\"wp-image-9100\" srcset=\"https:\/\/catchlifeaesthetic.com\/wp-content\/uploads\/2024\/07\/cataract-1-1024x771.jpg 1024w, https:\/\/catchlifeaesthetic.com\/wp-content\/uploads\/2024\/07\/cataract-1-scaled-600x452.jpg 600w, https:\/\/catchlifeaesthetic.com\/wp-content\/uploads\/2024\/07\/cataract-1-300x226.jpg 300w, https:\/\/catchlifeaesthetic.com\/wp-content\/uploads\/2024\/07\/cataract-1-768x579.jpg 768w, https:\/\/catchlifeaesthetic.com\/wp-content\/uploads\/2024\/07\/cataract-1-1536x1157.jpg 1536w, https:\/\/catchlifeaesthetic.com\/wp-content\/uploads\/2024\/07\/cataract-1-2048x1543.jpg 2048w\" sizes=\"auto, (max-width: 1024px) 100vw, 1024px\" \/><\/figure>\n\n<p>La cataracte est une affection oculaire courante dans laquelle le cristallin naturel de l&rsquo;\u0153il s&rsquo;opacifie, entra\u00eenant une baisse progressive de la vision. Elle peut r\u00e9sulter du vieillissement, de la g\u00e9n\u00e9tique, d&rsquo;une blessure ou d&rsquo;autres conditions m\u00e9dicales. La cataracte peut \u00eatre trait\u00e9e par une intervention chirurgicale qui consiste \u00e0 retirer le cristallin opacifi\u00e9 et \u00e0 le remplacer par une lentille artificielle appel\u00e9e lentille intraoculaire (LIO).<\/p>\n\n<h3 class=\"wp-block-heading\">Avantages de la chirurgie de la cataracte<\/h3>\n\n<p>La chirurgie de la cataracte peut avoir un impact profond sur votre vision et votre qualit\u00e9 de vie :<\/p>\n\n<p>&#8211; Am\u00e9lioration de la clart\u00e9 et de l&rsquo;acuit\u00e9 visuelles<\/p>\n\n<p>&#8211; Am\u00e9lioration de la perception des couleurs et de la sensibilit\u00e9 aux contrastes<\/p>\n\n<p>&#8211; R\u00e9duction des \u00e9blouissements et des halos<\/p>\n\n<p>&#8211; Une ind\u00e9pendance et une s\u00e9curit\u00e9 accrues<\/p>\n\n<p>&#8211; Am\u00e9lioration du bien-\u00eatre g\u00e9n\u00e9ral et de la qualit\u00e9 de vie<\/p>\n\n<h3 class=\"wp-block-heading\">Inconv\u00e9nients de la chirurgie de la cataracte<\/h3>\n\n<p>Bien que la chirurgie de la cataracte soit une proc\u00e9dure s\u00fbre et efficace, il existe certains risques et complications potentiels, notamment<\/p>\n\n<p>&#8211; Infection ou saignement<\/p>\n\n<p>&#8211; Gonflement ou inflammation<\/p>\n\n<p>&#8211; D\u00e9collement de la r\u00e9tine ou autres probl\u00e8mes de vision<\/p>\n\n<p>&#8211; D\u00e9placement ou dysfonctionnement de la lentille artificielle<\/p>\n\n<p>&#8211; Glaucome ou autres affections oculaires<\/p>\n\n<h3 class=\"wp-block-heading\">Quelle est la diff\u00e9rence entre la chirurgie de la cataracte et la RLE ?<\/h3>\n\n<p>La chirurgie de la cataracte et l&rsquo;\u00e9change de lentilles r\u00e9fractives sont des proc\u00e9dures similaires qui consistent \u00e0 retirer la lentille naturelle de l&rsquo;\u0153il et \u00e0 la remplacer par une lentille intraoculaire. La principale diff\u00e9rence entre les deux est que la chirurgie de la cataracte est pratiqu\u00e9e pour \u00e9liminer un cristallin opaque d\u00fb \u00e0 la cataracte, tandis que l&rsquo;ELR est pratiqu\u00e9e pour corriger des erreurs de r\u00e9fraction telles que la myopie, l&rsquo;hyperm\u00e9tropie ou la presbytie. En outre, la chirurgie de la cataracte est couverte par l&rsquo;assurance, alors que l&rsquo;ELR est g\u00e9n\u00e9ralement consid\u00e9r\u00e9e comme une proc\u00e9dure non urgente et non couverte par l&rsquo;assurance.<\/p>\n\n<h3 class=\"wp-block-heading\">Quels sont les choix de lentilles pour la chirurgie de la cataracte ?<\/h3>\n\n<p>Chez CatchLife Eye, nous offrons une gamme de choix de lentilles pour la chirurgie de la cataracte, y compris des lentilles monofocales, EDOF et trifocales. Les lentilles monofocales offrent une vision claire \u00e0 une seule distance, g\u00e9n\u00e9ralement pour la vision de loin. Les verres EDOF offrent une gamme de vision claire, g\u00e9n\u00e9ralement pour la vision de loin et la vision interm\u00e9diaire. Les lentilles trifocales permettent une vision claire \u00e0 distance, \u00e0 distance interm\u00e9diaire et de pr\u00e8s, mais peuvent avoir plus d&rsquo;effets secondaires tels que des halos et des \u00e9blouissements.<\/p>\n\n<h3 class=\"wp-block-heading\">Qui est un bon candidat \u00e0 la chirurgie de la cataracte ?<\/h3>\n\n<p>Si vous pr\u00e9sentez des sympt\u00f4mes tels qu&rsquo;une vision trouble, floue ou double, des difficult\u00e9s \u00e0 voir la nuit ou une sensibilit\u00e9 accrue \u00e0 la lumi\u00e8re, vous \u00eates peut-\u00eatre un bon candidat pour une chirurgie de la cataracte. Il est important de discuter de vos options avec le Dr Selim G\u00fcldiken et de prendre en compte les risques et les avantages potentiels avant de prendre une d\u00e9cision.<\/p>\n\n<h3 class=\"wp-block-heading\">\u00c0 quoi s&rsquo;attendre pendant l&rsquo;intervention ?<\/h3>\n\n<p>Lors de l&rsquo;op\u00e9ration de la cataracte, une petite incision est pratiqu\u00e9e dans l&rsquo;\u0153il et le cristallin naturel trouble est retir\u00e9 \u00e0 l&rsquo;aide d&rsquo;un appareil \u00e0 ultrasons sp\u00e9cial. La LIO artificielle est ensuite ins\u00e9r\u00e9e dans l&rsquo;\u0153il par la m\u00eame incision. L&rsquo;intervention est g\u00e9n\u00e9ralement r\u00e9alis\u00e9e sous anesth\u00e9sie locale et dure moins d&rsquo;une heure.<\/p>\n\n<h3 class=\"wp-block-heading\">\u00c0 quoi s&rsquo;attendre pendant la convalescence ?<\/h3>\n\n<p>Apr\u00e8s l&rsquo;op\u00e9ration de la cataracte, vous recevrez des instructions sp\u00e9cifiques pour votre r\u00e9tablissement. La plupart des patients ne ressentent qu&rsquo;une g\u00eane minime et peuvent reprendre leurs activit\u00e9s normales au bout de quelques jours. Il est important d&rsquo;\u00e9viter de frotter ou d&rsquo;exercer une pression sur l&rsquo;\u0153il et d&rsquo;utiliser les gouttes ophtalmiques prescrites pour pr\u00e9venir l&rsquo;infection et favoriser la cicatrisation.<\/p>\n\n<h3 class=\"wp-block-heading\">La chirurgie de la cataracte vous convient-elle ?<\/h3>\n\n<p>Seul un examen complet des yeux et une consultation avec un chirurgien ophtalmologiste exp\u00e9riment\u00e9 peuvent d\u00e9terminer si la chirurgie de la cataracte est la meilleure option pour vous. Si vous pr\u00e9sentez des sympt\u00f4mes de cataracte, contactez-nous d\u00e8s aujourd&rsquo;hui pour prendre rendez-vous avec le Dr Selim G\u00fcldiken.<\/p>\n\n<h3 class=\"wp-block-heading\">F.A.Q.<\/h3>\n\n<p><strong>Quelles sont les causes de la cataracte ?<\/strong><\/p>\n\n<p>La cataracte est g\u00e9n\u00e9ralement caus\u00e9e par des modifications du cristallin li\u00e9es \u00e0 l&rsquo;\u00e2ge.<\/p>\n\n<p><strong>Comment se d\u00e9roule l&rsquo;op\u00e9ration de la cataracte ?<\/strong><\/p>\n\n<p>La chirurgie de la cataracte est g\u00e9n\u00e9ralement r\u00e9alis\u00e9e en ambulatoire, sous anesth\u00e9sie locale. Le chirurgien pratiquera une petite incision dans l&rsquo;\u0153il et retirera le cristallin trouble, puis le remplacera par un implant de cristallin artificiel.<\/p>\n\n<p><strong>Combien de temps dure une op\u00e9ration de la cataracte ?<\/strong><\/p>\n\n<p>L&rsquo;op\u00e9ration de la cataracte dure g\u00e9n\u00e9ralement moins de 30 minutes.<\/p>\n\n<p><strong>La chirurgie de la cataracte est-elle douloureuse ?<\/strong><\/p>\n\n<p>L&rsquo;op\u00e9ration de la cataracte est g\u00e9n\u00e9ralement indolore, car elle est r\u00e9alis\u00e9e sous anesth\u00e9sie locale.<\/p>\n\n<p><strong>Quelle est la dur\u00e9e de la convalescence apr\u00e8s une op\u00e9ration de la cataracte ?<\/strong><\/p>\n\n<p>La plupart des patients peuvent reprendre leurs activit\u00e9s normales quelques jours apr\u00e8s l&rsquo;op\u00e9ration de la cataracte, bien que la gu\u00e9rison compl\u00e8te de l&rsquo;\u0153il puisse prendre plusieurs semaines.<\/p>\n\n<p><strong>Quels sont les risques de la chirurgie de la cataracte ?  <\/strong>Comme pour toute intervention chirurgicale, la chirurgie de la cataracte comporte certains risques, notamment une infection, des saignements et des probl\u00e8mes li\u00e9s \u00e0 l&rsquo;implant du cristallin artificiel.<\/p>\n\n<p><strong>La cataracte peut-elle r\u00e9appara\u00eetre apr\u00e8s une intervention chirurgicale ?<\/strong><\/p>\n\n<p>Non, une fois que la lentille trouble a \u00e9t\u00e9 enlev\u00e9e, elle ne peut pas d\u00e9velopper \u00e0 nouveau une cataracte.<\/p>\n\n<p><strong>Aurai-je encore besoin de lunettes apr\u00e8s une op\u00e9ration de la cataracte ?<\/strong><\/p>\n\n<p>La plupart des patients auront encore besoin de lunettes apr\u00e8s une op\u00e9ration de la cataracte, bien que la prescription puisse \u00eatre r\u00e9duite. Cependant, gr\u00e2ce \u00e0 la chirurgie d&rsquo;\u00e9change de lentilles r\u00e9fractives (ELR), les patients peuvent obtenir une vision plus claire sans avoir besoin de lunettes ou de lentilles de contact. Le RLE remplace le cristallin naturel par un implant de qualit\u00e9 sup\u00e9rieure qui peut corriger un large \u00e9ventail d&rsquo;erreurs de r\u00e9fraction, offrant ainsi aux patients une vision plus claire et plus nette. Votre ophtalmologiste peut vous aider \u00e0 d\u00e9terminer la proc\u00e9dure qui vous convient le mieux en fonction de vos besoins et de vos objectifs individuels.<\/p>\n\n<p><strong>Quels sont les types de lentilles disponibles pour la chirurgie de la cataracte ?<\/strong><\/p>\n\n<p>Il existe plusieurs types de lentilles disponibles pour la chirurgie de la cataracte, notamment les lentilles monofocales, les lentilles multifocales et les lentilles toriques.<\/p>\n\n<p><strong>Puis-je choisir le type de lentille que je veux pour l&rsquo;op\u00e9ration de la cataracte ?<\/strong><\/p>\n\n<p>Oui, vous pouvez discuter avec votre chirurgien du type de lentille qui convient le mieux \u00e0 vos besoins et \u00e0 vos pr\u00e9f\u00e9rences.<\/p>\n\n<p><strong>Combien de temps durent les effets de la chirurgie de la cataracte ?<\/strong><\/p>\n\n<p>Les effets de la chirurgie de la cataracte peuvent durer toute votre vie.<\/p>\n\n<p><strong>Comment savoir si j&rsquo;ai besoin d&rsquo;une chirurgie de la cataracte ?<\/strong><\/p>\n\n<p>Si vous souffrez d&rsquo;une perte de vision ou d&rsquo;autres sympt\u00f4mes de la cataracte, vous devriez consulter un ophtalmologiste pour une \u00e9valuation.<\/p>\n\n<p><strong>La chirurgie de la cataracte peut-elle \u00eatre pratiqu\u00e9e sur les deux yeux \u00e0 la fois ?<\/strong><\/p>\n\n<p>Oui, la chirurgie de la cataracte peut \u00eatre pratiqu\u00e9e sur les deux yeux en m\u00eame temps, mais chez CatchLife Eye, nous pr\u00e9f\u00e9rons attendre un jour entre chaque \u0153il pour garantir une s\u00e9curit\u00e9 et des r\u00e9sultats optimaux. Cela permet \u00e0 notre chirurgien exp\u00e9riment\u00e9, le Dr Selim G\u00fcldiken, de suivre attentivement vos progr\u00e8s et de s&rsquo;assurer que chaque \u0153il gu\u00e9rit correctement avant de passer au suivant. Cette approche permet de minimiser le risque de complications et de maximiser les chances de r\u00e9ussite.<\/p>\n\n<h3 class=\"wp-block-heading\">Obtenir un devis gratuit<\/h3>\n\n<p><\/p>\n\n<div\n\tclass=\"root-eb-wpforms-k43f8 wp-block-essential-blocks-wpforms\">\n\t<div class=\"eb-parent-eb-wpforms-k43f8  eb-parent-wrapper\">\n\t\t<div class=\"eb-wpforms-k43f8 eb-wpforms-wrapper\">\n\t\t\t<div class=\"wpforms-container wpforms-container-full contact-wpforms\" id=\"wpforms-939\"><form id=\"wpforms-form-939\" class=\"wpforms-validate wpforms-form wpforms-ajax-form\" data-formid=\"939\" method=\"post\" enctype=\"multipart\/form-data\" action=\"\/fr\/wp-json\/wp\/v2\/pages\/9975\" data-token=\"1ded982a3f772315fce0a7fabf9805cd\"><noscript class=\"wpforms-error-noscript\">Veuillez activer JavaScript dans votre navigateur pour remplir ce formulaire.<\/noscript><div class=\"wpforms-field-container\"><div id=\"wpforms-939-field_0-container\" class=\"wpforms-field wpforms-field-name\" data-field-id=\"0\"><label class=\"wpforms-field-label\" for=\"wpforms-939-field_0\">Full Name <span class=\"wpforms-required-label\">*<\/span><\/label><input type=\"text\" id=\"wpforms-939-field_0\" class=\"wpforms-field-large wpforms-field-required\" name=\"wpforms[fields][0]\" required><\/div><div id=\"wpforms-939-field_1-container\" class=\"wpforms-field wpforms-field-email\" data-field-id=\"1\"><label class=\"wpforms-field-label\" for=\"wpforms-939-field_1\">Email <span class=\"wpforms-required-label\">*<\/span><\/label><input type=\"email\" id=\"wpforms-939-field_1\" class=\"wpforms-field-large wpforms-field-required\" name=\"wpforms[fields][1]\" required><\/div><div id=\"wpforms-939-field_9-container\" class=\"wpforms-field wpforms-field-phone\" data-field-id=\"9\"><label class=\"wpforms-field-label\" for=\"wpforms-939-field_9\">Phone <span class=\"wpforms-required-label\">*<\/span><\/label><input type=\"tel\" id=\"wpforms-939-field_9\" class=\"wpforms-field-medium wpforms-field-required wpforms-smart-phone-field\" data-rule-smart-phone-field=\"true\" name=\"wpforms[fields][9]\" required><\/div><div id=\"wpforms-939-field_5-container\" class=\"wpforms-field wpforms-field-select wpforms-field-select-style-classic\" data-field-id=\"5\"><label class=\"wpforms-field-label\" for=\"wpforms-939-field_5\">I&#039;m Interested In <span class=\"wpforms-required-label\">*<\/span><\/label><select id=\"wpforms-939-field_5\" class=\"wpforms-field-large wpforms-field-required\" name=\"wpforms[fields][5]\" required=\"required\"><option value=\"\" class=\"placeholder\" disabled  selected='selected'>&#8211; Please select &#8211;<\/option><option value=\"Tummy Tuck\" >Tummy Tuck<\/option><option value=\"Breast Augmenttion\" >Breast Augmenttion<\/option><option value=\"Liposuction\" >Liposuction<\/option><option value=\"Face Aesthetic\" >Face Aesthetic<\/option><option value=\"Brazilian But Lift\" >Brazilian But Lift<\/option><option value=\"Rhinolasty\" >Rhinolasty<\/option><option value=\"Gastric Sleeve\" >Gastric Sleeve<\/option><option value=\"Gastric Balloon\" >Gastric Balloon<\/option><option value=\"Dental Treatment\" >Dental Treatment<\/option><option value=\"Eye Treatment\" >Eye Treatment<\/option><option value=\"Genital Aesthetic\" >Genital Aesthetic<\/option><option value=\"Other Proccedures\" >Other Proccedures<\/option><\/select><\/div><div id=\"wpforms-939-field_6-container\" class=\"wpforms-field wpforms-field-select wpforms-field-select-style-classic\" data-field-id=\"6\"><label class=\"wpforms-field-label\" for=\"wpforms-939-field_6\">Preferred Time to Contact <span class=\"wpforms-required-label\">*<\/span><\/label><select id=\"wpforms-939-field_6\" class=\"wpforms-field-large wpforms-field-required\" name=\"wpforms[fields][6]\" required=\"required\"><option value=\"\" class=\"placeholder\" disabled  selected='selected'>&#8211; Please select &#8211;<\/option><option value=\"Any Time\" >Any Time<\/option><option value=\"9 - 12 AM\" >9 &#8211; 12 AM<\/option><option value=\"12 - 3 PM\" >12 &#8211; 3 PM<\/option><option value=\"3 - 6 PM\" >3 &#8211; 6 PM<\/option><option value=\"6 - 9 PM\" >6 &#8211; 9 PM<\/option><\/select><\/div><div id=\"wpforms-939-field_10-container\" class=\"wpforms-field wpforms-field-select wpforms-field-select-style-classic\" data-field-id=\"10\"><label class=\"wpforms-field-label\" for=\"wpforms-939-field_10\">Preferred Method to Contact <span class=\"wpforms-required-label\">*<\/span><\/label><select id=\"wpforms-939-field_10\" class=\"wpforms-field-large wpforms-field-required\" name=\"wpforms[fields][10]\" required=\"required\"><option value=\"\" class=\"placeholder\" disabled  selected='selected'>&#8211; Please select &#8211;<\/option><option value=\"WhatsApp Message\" >WhatsApp Message<\/option><option value=\"WhatsApp Call\" >WhatsApp Call<\/option><option value=\"Phone Call\" >Phone Call<\/option><option value=\"Email\" >Email<\/option><\/select><\/div><div id=\"wpforms-939-field_8-container\" class=\"wpforms-field wpforms-field-checkbox newsletter-checkbox\" data-field-id=\"8\"><label class=\"wpforms-field-label wpforms-label-hide\" for=\"wpforms-939-field_8\">Checkboxes<\/label><ul id=\"wpforms-939-field_8\"><li class=\"choice-1 depth-1\"><input type=\"checkbox\" id=\"wpforms-939-field_8_1\" name=\"wpforms[fields][8][]\" value=\"Newsletter Signup\"  ><label class=\"wpforms-field-label-inline\" for=\"wpforms-939-field_8_1\">Newsletter Signup<\/label><\/li><\/ul><\/div><div id=\"wpforms-939-field_11-container\" class=\"wpforms-field wpforms-field-hidden\" data-field-id=\"11\"><input type=\"hidden\" id=\"wpforms-939-field_11\" name=\"wpforms[fields][11]\"><\/div><\/div><div class=\"wpforms-submit-container\"><input type=\"hidden\" name=\"wpforms[id]\" value=\"939\"><input type=\"hidden\" name=\"wpforms[author]\" value=\"1\"><button type=\"submit\" name=\"wpforms[submit]\" id=\"wpforms-submit-939\" class=\"wpforms-submit contact-wpforms-button\" aria-live=\"assertive\" value=\"wpforms-submit\">Send Form<\/button><img loading=\"lazy\" decoding=\"async\" src=\"https:\/\/catchlifeaesthetic.com\/wp-content\/plugins\/wpforms\/assets\/images\/submit-spin.svg\" class=\"wpforms-submit-spinner\" style=\"display: none;\" width=\"26\" height=\"26\" alt=\"Chargement en cours\"><\/div><\/form><\/div>  <!-- .wpforms-container -->\t\t<\/div>\n\t<\/div>\n<\/div>\n","protected":false},"excerpt":{"rendered":"<p>La cataracte est une affection oculaire courante dans laquelle le cristallin naturel de l&rsquo;\u0153il s&rsquo;opacifie, entra\u00eenant une baisse progressive de la vision. Elle peut r\u00e9sulter du vieillissement, de la g\u00e9n\u00e9tique, d&rsquo;une blessure ou d&rsquo;autres conditions m\u00e9dicales. La cataracte peut \u00eatre trait\u00e9e par une intervention chirurgicale qui consiste \u00e0 retirer le cristallin opacifi\u00e9 et \u00e0 le [&hellip;]<\/p>\n","protected":false},"author":1,"featured_media":0,"parent":9940,"menu_order":0,"comment_status":"closed","ping_status":"closed","template":"","meta":{"_eb_attr":"","_uag_custom_page_level_css":"","_monsterinsights_skip_tracking":false,"_monsterinsights_sitenote_active":false,"_monsterinsights_sitenote_note":"","_monsterinsights_sitenote_category":0,"site-sidebar-layout":"default","site-content-layout":"","ast-site-content-layout":"default","site-content-style":"default","site-sidebar-style":"default","ast-global-header-display":"","ast-banner-title-visibility":"","ast-main-header-display":"","ast-hfb-above-header-display":"","ast-hfb-below-header-display":"","ast-hfb-mobile-header-display":"","site-post-title":"","ast-breadcrumbs-content":"","ast-featured-img":"","footer-sml-layout":"","theme-transparent-header-meta":"","adv-header-id-meta":"","stick-header-meta":"","header-above-stick-meta":"","header-main-stick-meta":"","header-below-stick-meta":"","astra-migrate-meta-layouts":"default","ast-page-background-enabled":"default","ast-page-background-meta":{"desktop":{"background-color":"var(--ast-global-color-4)","background-image":"","background-repeat":"repeat","background-position":"center center","background-size":"auto","background-attachment":"scroll","background-type":"","background-media":"","overlay-type":"","overlay-color":"","overlay-opacity":"","overlay-gradient":""},"tablet":{"background-color":"","background-image":"","background-repeat":"repeat","background-position":"center center","background-size":"auto","background-attachment":"scroll","background-type":"","background-media":"","overlay-type":"","overlay-color":"","overlay-opacity":"","overlay-gradient":""},"mobile":{"background-color":"","background-image":"","background-repeat":"repeat","background-position":"center center","background-size":"auto","background-attachment":"scroll","background-type":"","background-media":"","overlay-type":"","overlay-color":"","overlay-opacity":"","overlay-gradient":""}},"ast-content-background-meta":{"desktop":{"background-color":"var(--ast-global-color-5)","background-image":"","background-repeat":"repeat","background-position":"center center","background-size":"auto","background-attachment":"scroll","background-type":"","background-media":"","overlay-type":"","overlay-color":"","overlay-opacity":"","overlay-gradient":""},"tablet":{"background-color":"var(--ast-global-color-5)","background-image":"","background-repeat":"repeat","background-position":"center center","background-size":"auto","background-attachment":"scroll","background-type":"","background-media":"","overlay-type":"","overlay-color":"","overlay-opacity":"","overlay-gradient":""},"mobile":{"background-color":"var(--ast-global-color-5)","background-image":"","background-repeat":"repeat","background-position":"center center","background-size":"auto","background-attachment":"scroll","background-type":"","background-media":"","overlay-type":"","overlay-color":"","overlay-opacity":"","overlay-gradient":""}},"footnotes":""},"class_list":["post-9975","page","type-page","status-publish","hentry"],"uagb_featured_image_src":{"full":false,"thumbnail":false,"medium":false,"medium_large":false,"large":false,"1536x1536":false,"2048x2048":false,"woocommerce_thumbnail":false,"woocommerce_single":false,"woocommerce_gallery_thumbnail":false},"uagb_author_info":{"display_name":"Catchlife Aesthetic","author_link":"https:\/\/catchlifeaesthetic.com\/fr\/author\/admincatchlife-com-tr\/"},"uagb_comment_info":0,"uagb_excerpt":"La cataracte est une affection oculaire courante dans laquelle le cristallin naturel de l&rsquo;\u0153il s&rsquo;opacifie, entra\u00eenant une baisse progressive de la vision. Elle peut r\u00e9sulter du vieillissement, de la g\u00e9n\u00e9tique, d&rsquo;une blessure ou d&rsquo;autres conditions m\u00e9dicales. La cataracte peut \u00eatre trait\u00e9e par une intervention chirurgicale qui consiste \u00e0 retirer le cristallin opacifi\u00e9 et \u00e0 le\u2026","_links":{"self":[{"href":"https:\/\/catchlifeaesthetic.com\/fr\/wp-json\/wp\/v2\/pages\/9975","targetHints":{"allow":["GET"]}}],"collection":[{"href":"https:\/\/catchlifeaesthetic.com\/fr\/wp-json\/wp\/v2\/pages"}],"about":[{"href":"https:\/\/catchlifeaesthetic.com\/fr\/wp-json\/wp\/v2\/types\/page"}],"author":[{"embeddable":true,"href":"https:\/\/catchlifeaesthetic.com\/fr\/wp-json\/wp\/v2\/users\/1"}],"replies":[{"embeddable":true,"href":"https:\/\/catchlifeaesthetic.com\/fr\/wp-json\/wp\/v2\/comments?post=9975"}],"version-history":[{"count":1,"href":"https:\/\/catchlifeaesthetic.com\/fr\/wp-json\/wp\/v2\/pages\/9975\/revisions"}],"predecessor-version":[{"id":9988,"href":"https:\/\/catchlifeaesthetic.com\/fr\/wp-json\/wp\/v2\/pages\/9975\/revisions\/9988"}],"up":[{"embeddable":true,"href":"https:\/\/catchlifeaesthetic.com\/fr\/wp-json\/wp\/v2\/pages\/9940"}],"wp:attachment":[{"href":"https:\/\/catchlifeaesthetic.com\/fr\/wp-json\/wp\/v2\/media?parent=9975"}],"curies":[{"name":"wp","href":"https:\/\/api.w.org\/{rel}","templated":true}]}}