{"id":9976,"date":"2024-07-11T10:29:41","date_gmt":"2024-07-11T10:29:41","guid":{"rendered":"https:\/\/catchlifeaesthetic.com\/traitement-des-yeux-en-turquie\/chirurgie-des-paupieres-superieures-restaurer-votre-vision-et-votre-confiance\/"},"modified":"2024-07-16T11:39:38","modified_gmt":"2024-07-16T11:39:38","slug":"chirurgie-des-paupieres-superieures-restaurer-votre-vision-et-votre-confiance","status":"publish","type":"page","link":"https:\/\/catchlifeaesthetic.com\/fr\/traitement-des-yeux-en-turquie\/chirurgie-des-paupieres-superieures-restaurer-votre-vision-et-votre-confiance\/","title":{"rendered":"Chirurgie des paupi\u00e8res sup\u00e9rieures : Restaurer votre vision et votre confiance"},"content":{"rendered":"\n<figure class=\"wp-block-image size-large\"><img loading=\"lazy\" decoding=\"async\" width=\"1024\" height=\"683\" src=\"https:\/\/catchlifeaesthetic.com\/wp-content\/uploads\/2024\/07\/uppereyelid-1024x683.jpg\" alt=\"\" class=\"wp-image-9114\" srcset=\"https:\/\/catchlifeaesthetic.com\/wp-content\/uploads\/2024\/07\/uppereyelid-1024x683.jpg 1024w, https:\/\/catchlifeaesthetic.com\/wp-content\/uploads\/2024\/07\/uppereyelid-scaled-600x400.jpg 600w, https:\/\/catchlifeaesthetic.com\/wp-content\/uploads\/2024\/07\/uppereyelid-300x200.jpg 300w, https:\/\/catchlifeaesthetic.com\/wp-content\/uploads\/2024\/07\/uppereyelid-768x512.jpg 768w, https:\/\/catchlifeaesthetic.com\/wp-content\/uploads\/2024\/07\/uppereyelid-1536x1024.jpg 1536w, https:\/\/catchlifeaesthetic.com\/wp-content\/uploads\/2024\/07\/uppereyelid-2048x1365.jpg 2048w\" sizes=\"auto, (max-width: 1024px) 100vw, 1024px\" \/><\/figure>\n\n<p>Si les paupi\u00e8res sup\u00e9rieures affaiss\u00e9es ou tombantes affectent votre vision ou vous donnent l&rsquo;air fatigu\u00e9 et plus \u00e2g\u00e9 que vous ne le pensez, la chirurgie des paupi\u00e8res sup\u00e9rieures peut \u00eatre la solution que vous recherchez. Chez CatchLife Eye, nous proposons une proc\u00e9dure s\u00fbre et efficace de chirurgie des paupi\u00e8res qui peut restaurer votre vision et votre confiance.<\/p>\n\n<h3 class=\"wp-block-heading\">Qu&rsquo;est-ce que la chirurgie des paupi\u00e8res sup\u00e9rieures ?<\/h3>\n\n<p>La chirurgie des paupi\u00e8res sup\u00e9rieures, \u00e9galement appel\u00e9e bl\u00e9pharoplastie, est une intervention de chirurgie esth\u00e9tique qui consiste \u00e0 retirer l&rsquo;exc\u00e8s de peau et de graisse de la paupi\u00e8re sup\u00e9rieure afin d&rsquo;en am\u00e9liorer l&rsquo;aspect et la fonction. Cette proc\u00e9dure peut corriger les probl\u00e8mes de vision caus\u00e9s par des paupi\u00e8res affaiss\u00e9es ou tombantes, et am\u00e9liorer l&rsquo;aspect esth\u00e9tique des yeux.<\/p>\n\n<h3 class=\"wp-block-heading\">Avantages de la chirurgie des paupi\u00e8res sup\u00e9rieures<\/h3>\n\n<p>&#8211; Am\u00e9lioration de la vision gr\u00e2ce \u00e0 l&rsquo;\u00e9limination de l&rsquo;exc\u00e8s de peau qui peut nuire \u00e0 la vision<\/p>\n\n<p>&#8211; Am\u00e9lioration de l&rsquo;aspect des yeux et du visage<\/p>\n\n<p>&#8211; Augmentation de la confiance en soi<\/p>\n\n<p>&#8211; Temps de r\u00e9cup\u00e9ration court<\/p>\n\n<h3 class=\"wp-block-heading\">Inconv\u00e9nients de la chirurgie des paupi\u00e8res sup\u00e9rieures :<\/h3>\n\n<p>&#8211; Complications possibles telles que l&rsquo;infection, le saignement ou la cicatrisation<\/p>\n\n<p>&#8211; Gonflement et ecchymoses temporaires<\/p>\n\n<p>&#8211; S\u00e9cheresse et irritation temporaires des yeux<\/p>\n\n<h3 class=\"wp-block-heading\">Qui est un bon candidat pour la chirurgie des paupi\u00e8res sup\u00e9rieures ?<\/h3>\n\n<p>Un bon candidat \u00e0 la chirurgie des paupi\u00e8res sup\u00e9rieures est une personne en bonne sant\u00e9 g\u00e9n\u00e9rale qui a des probl\u00e8mes de vision ou qui n&rsquo;est pas satisfaite de l&rsquo;apparence de ses paupi\u00e8res sup\u00e9rieures. Lors de votre consultation avec notre ophtalmologue exp\u00e9riment\u00e9, le Dr Selim G\u00fcldiken, il \u00e9valuera vos yeux et vos ant\u00e9c\u00e9dents m\u00e9dicaux afin de d\u00e9terminer si vous \u00eates un bon candidat pour une chirurgie des paupi\u00e8res sup\u00e9rieures.<\/p>\n\n<h3 class=\"wp-block-heading\">\u00c0 quoi s&rsquo;attendre pendant l&rsquo;intervention ?<\/h3>\n\n<p>La chirurgie des paupi\u00e8res sup\u00e9rieures est r\u00e9alis\u00e9e en ambulatoire sous anesth\u00e9sie locale. Le Dr Selim G\u00fcldiken pratiquera une petite incision le long du pli naturel de votre paupi\u00e8re sup\u00e9rieure et enl\u00e8vera l&rsquo;exc\u00e8s de peau et de graisse. L&rsquo;incision est ensuite referm\u00e9e par de minuscules points de suture. La proc\u00e9dure dure g\u00e9n\u00e9ralement une heure.<\/p>\n\n<h3 class=\"wp-block-heading\">\u00c0 quoi s&rsquo;attendre pendant la convalescence ?<\/h3>\n\n<p>Apr\u00e8s l&rsquo;intervention, vous pouvez ressentir une l\u00e9g\u00e8re g\u00eane, un gonflement et des ecchymoses autour des yeux. Vous recevrez des instructions sur la mani\u00e8re de prendre soin de vos yeux et de g\u00e9rer toute g\u00eane. La plupart des patients peuvent reprendre leur travail et d&rsquo;autres activit\u00e9s normales en une semaine.<\/p>\n\n<h3 class=\"wp-block-heading\">La chirurgie des paupi\u00e8res sup\u00e9rieures vous convient-elle ?<\/h3>\n\n<p>Si les paupi\u00e8res sup\u00e9rieures affaiss\u00e9es ou tombantes affectent votre vision ou vous g\u00eanent, la chirurgie des paupi\u00e8res sup\u00e9rieures peut \u00eatre la bonne option pour vous. Cependant, il est important de discuter de vos options avec le Dr Selim G\u00fcldiken et de prendre en compte les risques et les avantages potentiels avant de prendre une d\u00e9cision. Lors de votre consultation, il \u00e9valuera vos yeux et vos ant\u00e9c\u00e9dents m\u00e9dicaux afin de d\u00e9terminer si la chirurgie des paupi\u00e8res sup\u00e9rieures est la meilleure option pour vos besoins et objectifs uniques.<\/p>\n\n<h3 class=\"wp-block-heading\">F.A.Q.<\/h3>\n\n<p><strong>Quel est le temps de r\u00e9cup\u00e9ration pour la chirurgie des paupi\u00e8res sup\u00e9rieures ?<\/strong><\/p>\n\n<p>Le temps de gu\u00e9rison de la chirurgie des paupi\u00e8res sup\u00e9rieures varie d&rsquo;un patient \u00e0 l&rsquo;autre, mais il faut g\u00e9n\u00e9ralement compter une \u00e0 deux semaines pour une cicatrisation compl\u00e8te. Pendant cette p\u00e9riode, les patients peuvent pr\u00e9senter un gonflement et des ecchymoses autour des yeux.<\/p>\n\n<p><strong>Ma vision s&rsquo;am\u00e9liorera-t-elle apr\u00e8s une chirurgie des paupi\u00e8res sup\u00e9rieures ?<\/strong><\/p>\n\n<p>La chirurgie des paupi\u00e8res sup\u00e9rieures peut parfois am\u00e9liorer la vision si le rel\u00e2chement de la peau obstruait votre champ de vision.<\/p>\n\n<p><strong>Y a-t-il des risques ou des complications associ\u00e9s \u00e0 la chirurgie des paupi\u00e8res sup\u00e9rieures ?<\/strong><\/p>\n\n<p>Comme toute intervention chirurgicale, la chirurgie des paupi\u00e8res sup\u00e9rieures comporte certains risques, tels que l&rsquo;infection, les saignements et les r\u00e9actions ind\u00e9sirables \u00e0 l&rsquo;anesth\u00e9sie. Il est important de discuter de ces risques avec votre chirurgien avant l&rsquo;intervention.<\/p>\n\n<p><strong>Combien de temps durent les r\u00e9sultats de la chirurgie des paupi\u00e8res sup\u00e9rieures ?<\/strong><\/p>\n\n<p>Les r\u00e9sultats de la chirurgie des paupi\u00e8res sup\u00e9rieures sont g\u00e9n\u00e9ralement durables, mais peuvent \u00eatre influenc\u00e9s par divers facteurs, notamment l&rsquo;\u00e2ge, la g\u00e9n\u00e9tique et le mode de vie.<\/p>\n\n<p><strong>Aurai-je des cicatrices visibles apr\u00e8s la chirurgie des paupi\u00e8res sup\u00e9rieures ?<\/strong><\/p>\n\n<p>Les incisions pratiqu\u00e9es lors de la chirurgie des paupi\u00e8res sup\u00e9rieures sont g\u00e9n\u00e9ralement bien cach\u00e9es dans les plis naturels de la paupi\u00e8re et ne devraient pas \u00eatre visibles une fois qu&rsquo;elles sont compl\u00e8tement cicatris\u00e9es.<\/p>\n\n<p><strong>Quand puis-je reprendre mes activit\u00e9s normales apr\u00e8s une chirurgie des paupi\u00e8res sup\u00e9rieures ?<\/strong><\/p>\n\n<p>Les patients peuvent g\u00e9n\u00e9ralement reprendre leurs activit\u00e9s normales, telles que la conduite automobile et l&rsquo;exercice physique l\u00e9ger, quelques jours \u00e0 une semaine apr\u00e8s l&rsquo;intervention. Toutefois, il est important d&rsquo;\u00e9viter les activit\u00e9s intenses et le port de charges lourdes pendant plusieurs semaines.<\/p>\n\n<p><strong>La chirurgie des paupi\u00e8res sup\u00e9rieures est-elle douloureuse ?<\/strong><\/p>\n\n<p>La chirurgie des paupi\u00e8res sup\u00e9rieures est g\u00e9n\u00e9ralement r\u00e9alis\u00e9e sous anesth\u00e9sie locale, de sorte que les patients ne devraient pas ressentir de douleur pendant l&rsquo;intervention. Cependant, une certaine g\u00eane et une l\u00e9g\u00e8re douleur peuvent \u00eatre ressenties pendant la p\u00e9riode de convalescence.<\/p>\n\n<p><strong>La chirurgie des paupi\u00e8res sup\u00e9rieures peut-elle corriger des sourcils tombants ou affaiss\u00e9s ?<\/strong><\/p>\n\n<p>La chirurgie des paupi\u00e8res sup\u00e9rieures vise \u00e0 retirer l&rsquo;exc\u00e8s de peau des paupi\u00e8res sup\u00e9rieures et ne permet pas de rem\u00e9dier \u00e0 la chute ou \u00e0 l&rsquo;affaissement des sourcils. Un lifting des sourcils peut \u00eatre plus appropri\u00e9 dans ce cas.<\/p>\n\n<p><strong>Comment se pr\u00e9parer \u00e0 la chirurgie des paupi\u00e8res sup\u00e9rieures ?<\/strong><\/p>\n\n<p>Le chirurgien vous donnera des instructions sp\u00e9cifiques sur la fa\u00e7on de vous pr\u00e9parer \u00e0 l&rsquo;intervention, ce qui peut impliquer d&rsquo;\u00e9viter certains m\u00e9dicaments, d&rsquo;arr\u00eater de fumer et de prendre des dispositions pour que quelqu&rsquo;un vous ram\u00e8ne chez vous apr\u00e8s l&rsquo;intervention.<\/p>\n\n<p><strong>Puis-je porter des lentilles de contact apr\u00e8s une chirurgie des paupi\u00e8res sup\u00e9rieures ?<\/strong><\/p>\n\n<p>Il est g\u00e9n\u00e9ralement recommand\u00e9 d&rsquo;\u00e9viter de porter des lentilles de contact pendant la premi\u00e8re semaine suivant l&rsquo;op\u00e9ration afin de permettre une bonne cicatrisation des yeux.<\/p>\n\n<p><strong>Combien de temps dure la chirurgie des paupi\u00e8res sup\u00e9rieures ?<\/strong><\/p>\n\n<p>La dur\u00e9e de l&rsquo;intervention peut varier en fonction de l&rsquo;ampleur de la chirurgie, mais elle dure g\u00e9n\u00e9ralement 1 \u00e0 2 heures.<\/p>\n\n<p><strong>Combien de temps dure le gonflement apr\u00e8s une chirurgie des paupi\u00e8res sup\u00e9rieures ?<\/strong><\/p>\n\n<p>Le gonflement autour des yeux peut durer plusieurs semaines apr\u00e8s l&rsquo;op\u00e9ration des paupi\u00e8res sup\u00e9rieures, mais il devrait s&rsquo;att\u00e9nuer progressivement avec le temps.<\/p>\n\n<h3 class=\"wp-block-heading\">Obtenir un devis gratuit<\/h3>\n\n<p><\/p>\n\n<div\n\tclass=\"root-eb-wpforms-k43f8 wp-block-essential-blocks-wpforms\">\n\t<div class=\"eb-parent-eb-wpforms-k43f8  eb-parent-wrapper\">\n\t\t<div class=\"eb-wpforms-k43f8 eb-wpforms-wrapper\">\n\t\t\t<div class=\"wpforms-container wpforms-container-full contact-wpforms\" id=\"wpforms-939\"><form id=\"wpforms-form-939\" class=\"wpforms-validate wpforms-form wpforms-ajax-form\" data-formid=\"939\" method=\"post\" enctype=\"multipart\/form-data\" action=\"\/fr\/wp-json\/wp\/v2\/pages\/9976\" data-token=\"c6e6456e68444829aa9544b2ffd12415\"><noscript class=\"wpforms-error-noscript\">Veuillez activer JavaScript dans votre navigateur pour remplir ce formulaire.<\/noscript><div class=\"wpforms-field-container\"><div id=\"wpforms-939-field_0-container\" class=\"wpforms-field wpforms-field-name\" data-field-id=\"0\"><label class=\"wpforms-field-label\" for=\"wpforms-939-field_0\">Full Name <span class=\"wpforms-required-label\">*<\/span><\/label><input type=\"text\" id=\"wpforms-939-field_0\" class=\"wpforms-field-large wpforms-field-required\" name=\"wpforms[fields][0]\" required><\/div><div id=\"wpforms-939-field_1-container\" class=\"wpforms-field wpforms-field-email\" data-field-id=\"1\"><label class=\"wpforms-field-label\" for=\"wpforms-939-field_1\">Email <span class=\"wpforms-required-label\">*<\/span><\/label><input type=\"email\" id=\"wpforms-939-field_1\" class=\"wpforms-field-large wpforms-field-required\" name=\"wpforms[fields][1]\" required><\/div><div id=\"wpforms-939-field_9-container\" class=\"wpforms-field wpforms-field-phone\" data-field-id=\"9\"><label class=\"wpforms-field-label\" for=\"wpforms-939-field_9\">Phone <span class=\"wpforms-required-label\">*<\/span><\/label><input type=\"tel\" id=\"wpforms-939-field_9\" class=\"wpforms-field-medium wpforms-field-required wpforms-smart-phone-field\" data-rule-smart-phone-field=\"true\" name=\"wpforms[fields][9]\" required><\/div><div id=\"wpforms-939-field_5-container\" class=\"wpforms-field wpforms-field-select wpforms-field-select-style-classic\" data-field-id=\"5\"><label class=\"wpforms-field-label\" for=\"wpforms-939-field_5\">I&#039;m Interested In <span class=\"wpforms-required-label\">*<\/span><\/label><select id=\"wpforms-939-field_5\" class=\"wpforms-field-large wpforms-field-required\" name=\"wpforms[fields][5]\" required=\"required\"><option value=\"\" class=\"placeholder\" disabled  selected='selected'>&#8211; Please select &#8211;<\/option><option value=\"Tummy Tuck\" >Tummy Tuck<\/option><option value=\"Breast Augmenttion\" >Breast Augmenttion<\/option><option value=\"Liposuction\" >Liposuction<\/option><option value=\"Face Aesthetic\" >Face Aesthetic<\/option><option value=\"Brazilian But Lift\" >Brazilian But Lift<\/option><option value=\"Rhinolasty\" >Rhinolasty<\/option><option value=\"Gastric Sleeve\" >Gastric Sleeve<\/option><option value=\"Gastric Balloon\" >Gastric Balloon<\/option><option value=\"Dental Treatment\" >Dental Treatment<\/option><option value=\"Eye Treatment\" >Eye Treatment<\/option><option value=\"Genital Aesthetic\" >Genital Aesthetic<\/option><option value=\"Other Proccedures\" >Other Proccedures<\/option><\/select><\/div><div id=\"wpforms-939-field_6-container\" class=\"wpforms-field wpforms-field-select wpforms-field-select-style-classic\" data-field-id=\"6\"><label class=\"wpforms-field-label\" for=\"wpforms-939-field_6\">Preferred Time to Contact <span class=\"wpforms-required-label\">*<\/span><\/label><select id=\"wpforms-939-field_6\" class=\"wpforms-field-large wpforms-field-required\" name=\"wpforms[fields][6]\" required=\"required\"><option value=\"\" class=\"placeholder\" disabled  selected='selected'>&#8211; Please select &#8211;<\/option><option value=\"Any Time\" >Any Time<\/option><option value=\"9 - 12 AM\" >9 &#8211; 12 AM<\/option><option value=\"12 - 3 PM\" >12 &#8211; 3 PM<\/option><option value=\"3 - 6 PM\" >3 &#8211; 6 PM<\/option><option value=\"6 - 9 PM\" >6 &#8211; 9 PM<\/option><\/select><\/div><div id=\"wpforms-939-field_10-container\" class=\"wpforms-field wpforms-field-select wpforms-field-select-style-classic\" data-field-id=\"10\"><label class=\"wpforms-field-label\" for=\"wpforms-939-field_10\">Preferred Method to Contact <span class=\"wpforms-required-label\">*<\/span><\/label><select id=\"wpforms-939-field_10\" class=\"wpforms-field-large wpforms-field-required\" name=\"wpforms[fields][10]\" required=\"required\"><option value=\"\" class=\"placeholder\" disabled  selected='selected'>&#8211; Please select &#8211;<\/option><option value=\"WhatsApp Message\" >WhatsApp Message<\/option><option value=\"WhatsApp Call\" >WhatsApp Call<\/option><option value=\"Phone Call\" >Phone Call<\/option><option value=\"Email\" >Email<\/option><\/select><\/div><div id=\"wpforms-939-field_8-container\" class=\"wpforms-field wpforms-field-checkbox newsletter-checkbox\" data-field-id=\"8\"><label class=\"wpforms-field-label wpforms-label-hide\" for=\"wpforms-939-field_8\">Checkboxes<\/label><ul id=\"wpforms-939-field_8\"><li class=\"choice-1 depth-1\"><input type=\"checkbox\" id=\"wpforms-939-field_8_1\" name=\"wpforms[fields][8][]\" value=\"Newsletter Signup\"  ><label class=\"wpforms-field-label-inline\" for=\"wpforms-939-field_8_1\">Newsletter Signup<\/label><\/li><\/ul><\/div><div id=\"wpforms-939-field_11-container\" class=\"wpforms-field wpforms-field-hidden\" data-field-id=\"11\"><input type=\"hidden\" id=\"wpforms-939-field_11\" name=\"wpforms[fields][11]\"><\/div><\/div><div class=\"wpforms-submit-container\"><input type=\"hidden\" name=\"wpforms[id]\" value=\"939\"><input type=\"hidden\" name=\"wpforms[author]\" value=\"1\"><button type=\"submit\" name=\"wpforms[submit]\" id=\"wpforms-submit-939\" class=\"wpforms-submit contact-wpforms-button\" aria-live=\"assertive\" value=\"wpforms-submit\">Send Form<\/button><img loading=\"lazy\" decoding=\"async\" src=\"https:\/\/catchlifeaesthetic.com\/wp-content\/plugins\/wpforms\/assets\/images\/submit-spin.svg\" class=\"wpforms-submit-spinner\" style=\"display: none;\" width=\"26\" height=\"26\" alt=\"Chargement en cours\"><\/div><\/form><\/div>  <!-- .wpforms-container -->\t\t<\/div>\n\t<\/div>\n<\/div>\n","protected":false},"excerpt":{"rendered":"<p>Si les paupi\u00e8res sup\u00e9rieures affaiss\u00e9es ou tombantes affectent votre vision ou vous donnent l&rsquo;air fatigu\u00e9 et plus \u00e2g\u00e9 que vous ne le pensez, la chirurgie des paupi\u00e8res sup\u00e9rieures peut \u00eatre la solution que vous recherchez. Chez CatchLife Eye, nous proposons une proc\u00e9dure s\u00fbre et efficace de chirurgie des paupi\u00e8res qui peut restaurer votre vision et [&hellip;]<\/p>\n","protected":false},"author":1,"featured_media":0,"parent":9940,"menu_order":0,"comment_status":"closed","ping_status":"closed","template":"","meta":{"_eb_attr":"","_uag_custom_page_level_css":"","_monsterinsights_skip_tracking":false,"_monsterinsights_sitenote_active":false,"_monsterinsights_sitenote_note":"","_monsterinsights_sitenote_category":0,"site-sidebar-layout":"default","site-content-layout":"","ast-site-content-layout":"default","site-content-style":"default","site-sidebar-style":"default","ast-global-header-display":"","ast-banner-title-visibility":"","ast-main-header-display":"","ast-hfb-above-header-display":"","ast-hfb-below-header-display":"","ast-hfb-mobile-header-display":"","site-post-title":"","ast-breadcrumbs-content":"","ast-featured-img":"","footer-sml-layout":"","theme-transparent-header-meta":"","adv-header-id-meta":"","stick-header-meta":"","header-above-stick-meta":"","header-main-stick-meta":"","header-below-stick-meta":"","astra-migrate-meta-layouts":"default","ast-page-background-enabled":"default","ast-page-background-meta":{"desktop":{"background-color":"var(--ast-global-color-4)","background-image":"","background-repeat":"repeat","background-position":"center center","background-size":"auto","background-attachment":"scroll","background-type":"","background-media":"","overlay-type":"","overlay-color":"","overlay-opacity":"","overlay-gradient":""},"tablet":{"background-color":"","background-image":"","background-repeat":"repeat","background-position":"center center","background-size":"auto","background-attachment":"scroll","background-type":"","background-media":"","overlay-type":"","overlay-color":"","overlay-opacity":"","overlay-gradient":""},"mobile":{"background-color":"","background-image":"","background-repeat":"repeat","background-position":"center center","background-size":"auto","background-attachment":"scroll","background-type":"","background-media":"","overlay-type":"","overlay-color":"","overlay-opacity":"","overlay-gradient":""}},"ast-content-background-meta":{"desktop":{"background-color":"var(--ast-global-color-5)","background-image":"","background-repeat":"repeat","background-position":"center center","background-size":"auto","background-attachment":"scroll","background-type":"","background-media":"","overlay-type":"","overlay-color":"","overlay-opacity":"","overlay-gradient":""},"tablet":{"background-color":"var(--ast-global-color-5)","background-image":"","background-repeat":"repeat","background-position":"center center","background-size":"auto","background-attachment":"scroll","background-type":"","background-media":"","overlay-type":"","overlay-color":"","overlay-opacity":"","overlay-gradient":""},"mobile":{"background-color":"var(--ast-global-color-5)","background-image":"","background-repeat":"repeat","background-position":"center center","background-size":"auto","background-attachment":"scroll","background-type":"","background-media":"","overlay-type":"","overlay-color":"","overlay-opacity":"","overlay-gradient":""}},"footnotes":""},"class_list":["post-9976","page","type-page","status-publish","hentry"],"uagb_featured_image_src":{"full":false,"thumbnail":false,"medium":false,"medium_large":false,"large":false,"1536x1536":false,"2048x2048":false,"woocommerce_thumbnail":false,"woocommerce_single":false,"woocommerce_gallery_thumbnail":false},"uagb_author_info":{"display_name":"Catchlife Aesthetic","author_link":"https:\/\/catchlifeaesthetic.com\/fr\/author\/admincatchlife-com-tr\/"},"uagb_comment_info":0,"uagb_excerpt":"Si les paupi\u00e8res sup\u00e9rieures affaiss\u00e9es ou tombantes affectent votre vision ou vous donnent l&rsquo;air fatigu\u00e9 et plus \u00e2g\u00e9 que vous ne le pensez, la chirurgie des paupi\u00e8res sup\u00e9rieures peut \u00eatre la solution que vous recherchez. Chez CatchLife Eye, nous proposons une proc\u00e9dure s\u00fbre et efficace de chirurgie des paupi\u00e8res qui peut restaurer votre vision et\u2026","_links":{"self":[{"href":"https:\/\/catchlifeaesthetic.com\/fr\/wp-json\/wp\/v2\/pages\/9976","targetHints":{"allow":["GET"]}}],"collection":[{"href":"https:\/\/catchlifeaesthetic.com\/fr\/wp-json\/wp\/v2\/pages"}],"about":[{"href":"https:\/\/catchlifeaesthetic.com\/fr\/wp-json\/wp\/v2\/types\/page"}],"author":[{"embeddable":true,"href":"https:\/\/catchlifeaesthetic.com\/fr\/wp-json\/wp\/v2\/users\/1"}],"replies":[{"embeddable":true,"href":"https:\/\/catchlifeaesthetic.com\/fr\/wp-json\/wp\/v2\/comments?post=9976"}],"version-history":[{"count":1,"href":"https:\/\/catchlifeaesthetic.com\/fr\/wp-json\/wp\/v2\/pages\/9976\/revisions"}],"predecessor-version":[{"id":9987,"href":"https:\/\/catchlifeaesthetic.com\/fr\/wp-json\/wp\/v2\/pages\/9976\/revisions\/9987"}],"up":[{"embeddable":true,"href":"https:\/\/catchlifeaesthetic.com\/fr\/wp-json\/wp\/v2\/pages\/9940"}],"wp:attachment":[{"href":"https:\/\/catchlifeaesthetic.com\/fr\/wp-json\/wp\/v2\/media?parent=9976"}],"curies":[{"name":"wp","href":"https:\/\/api.w.org\/{rel}","templated":true}]}}